{"id":7411,"date":"2017-07-19T16:38:22","date_gmt":"2017-07-19T14:38:22","guid":{"rendered":"https:\/\/rubrails-tessilmare.com\/boat-rub-rails\/bumper-boat-rub-rails\/"},"modified":"2025-05-29T16:00:07","modified_gmt":"2025-05-29T14:00:07","slug":"bumper-liston-pare-battage","status":"publish","type":"page","link":"https:\/\/rubrails-tessilmare.com\/fr\/listons-para-battage\/bumper-liston-pare-battage\/","title":{"rendered":"Bumper"},"content":{"rendered":"\n<style type=\"text\/css\" data-created_by=\"avia_inline_auto\" id=\"style-css-av-16hx99-d768db4b1018f1fa5a4bd7a89c26e71a\">\n.flex_column.av-16hx99-d768db4b1018f1fa5a4bd7a89c26e71a{\nborder-radius:0px 0px 0px 0px;\npadding:0px 0px 0px 0px;\n}\n<\/style>\n<div  class='flex_column av-16hx99-d768db4b1018f1fa5a4bd7a89c26e71a av_one_full  avia-builder-el-0  el_before_av_masonry_gallery  avia-builder-el-no-sibling  first flex_column_div av-zero-column-padding  '     ><p>\n<style type=\"text\/css\" data-created_by=\"avia_inline_auto\" id=\"style-css-av-hc2x1-539f0559f00daffc38a1b22e4b424607\">\n#top .av-special-heading.av-hc2x1-539f0559f00daffc38a1b22e4b424607{\npadding-bottom:0;\n}\nbody .av-special-heading.av-hc2x1-539f0559f00daffc38a1b22e4b424607 .av-special-heading-tag .heading-char{\nfont-size:25px;\n}\n.av-special-heading.av-hc2x1-539f0559f00daffc38a1b22e4b424607 .av-subheading{\nfont-size:15px;\n}\n<\/style>\n<div  class='av-special-heading av-hc2x1-539f0559f00daffc38a1b22e4b424607 av-special-heading-h1 blockquote modern-quote modern-centered  avia-builder-el-1  el_before_av_heading  avia-builder-el-first '><h1 class='av-special-heading-tag '  itemprop=\"headline\"  >LISTONS PARE-BATTAGE POUR BATEAUX &#8211; BUMPER<\/h1><div class=\"special-heading-border\"><div class=\"special-heading-inner-border\"><\/div><\/div><\/div><br \/>\n\n<style type=\"text\/css\" data-created_by=\"avia_inline_auto\" id=\"style-css-av-6u0kt-ea08bbad89da6aceaff3519fa5365672\">\n#top .av-special-heading.av-6u0kt-ea08bbad89da6aceaff3519fa5365672{\npadding-bottom:0;\nfont-size:20px;\n}\nbody .av-special-heading.av-6u0kt-ea08bbad89da6aceaff3519fa5365672 .av-special-heading-tag .heading-char{\nfont-size:25px;\n}\n#top #wrap_all .av-special-heading.av-6u0kt-ea08bbad89da6aceaff3519fa5365672 .av-special-heading-tag{\nfont-size:20px;\n}\n.av-special-heading.av-6u0kt-ea08bbad89da6aceaff3519fa5365672 .av-subheading{\nfont-size:15px;\n}\n\n@media only screen and (min-width: 480px) and (max-width: 767px){ \n#top #wrap_all .av-special-heading.av-6u0kt-ea08bbad89da6aceaff3519fa5365672 .av-special-heading-tag{\nfont-size:0.8em;\n}\n}\n\n@media only screen and (max-width: 479px){ \n#top #wrap_all .av-special-heading.av-6u0kt-ea08bbad89da6aceaff3519fa5365672 .av-special-heading-tag{\nfont-size:0.8em;\n}\n}\n<\/style>\n<div  class='av-special-heading av-6u0kt-ea08bbad89da6aceaff3519fa5365672 av-special-heading-h2 blockquote modern-quote modern-centered  avia-builder-el-2  el_after_av_heading  el_before_av_hr  av-inherit-size'><h2 class='av-special-heading-tag '  itemprop=\"headline\"  >BUMPER est le premier au monde \u00e0 associer un cadre l\u00e9ger \u00e0 une grande puissance.<\/h2><div class=\"special-heading-border\"><div class=\"special-heading-inner-border\"><\/div><\/div><\/div><br \/>\n\n<style type=\"text\/css\" data-created_by=\"avia_inline_auto\" id=\"style-css-av-qegx1-ed786d7496c45e7a4d167a99734a8586\">\n#top .hr.av-qegx1-ed786d7496c45e7a4d167a99734a8586{\nmargin-top:5px;\nmargin-bottom:10px;\n}\n.hr.av-qegx1-ed786d7496c45e7a4d167a99734a8586 .hr-inner{\nwidth:7%;\nborder-color:#15354e;\n}\n<\/style>\n<div  class='hr av-qegx1-ed786d7496c45e7a4d167a99734a8586 hr-custom  avia-builder-el-3  el_after_av_heading  avia-builder-el-last  hr-center hr-icon-no'><span class='hr-inner inner-border-av-border-fat'><span class=\"hr-inner-style\"><\/span><\/span><\/div><\/p><\/div>\n<style type=\"text\/css\" data-created_by=\"avia_inline_auto\" id=\"style-css-av-fdpql-791d2253571763be43324e0d95622497\">\n#top .av-masonry.av-fdpql-791d2253571763be43324e0d95622497{\nbackground-color:#ffffff;\n}\n<\/style>\n<div id='av-masonry-1' class='av-masonry av-fdpql-791d2253571763be43324e0d95622497 noHover av-fixed-size av-1px-gap av-hover-overlay-active av-masonry-animation-active av-masonry-col-4 av-caption-on-hover av-caption-style-overlay av-masonry-gallery av-medium-columns-overwrite av-medium-columns-2 av-orientation-square ' data-post_id=\"7411\"><div class=\"av-masonry-container isotope av-js-disabled\"><div class='av-masonry-entry isotope-item av-masonry-item-no-image '><\/div><a href=\"https:\/\/rubrails-tessilmare.com\/fr\/pare-chocs-100\/\"  aria-label=\"image BUMPER_100_B\"  id='av-masonry-1-item-6898' data-av-masonry-item='6898' class='av-masonry-entry isotope-item post-6898 attachment type-attachment status-inherit hentry  av-masonry-item-with-image' title=\"BUMPER_100_B\" alt=\"\"  data-av-masonry-custom-link=\"https:\/\/rubrails-tessilmare.com\/fr\/pare-chocs-100\/\"  itemprop=\"thumbnailUrl\" ><div class='av-inner-masonry-sizer'><\/div><figure class='av-inner-masonry main_color'><div class=\"av-masonry-outerimage-container\"><div class='av-masonry-image-container lazyload' style=\"background-image:inherit;\"  title=\"BUMPER_100_B\"  data-bg-image=\"url(https:\/\/rubrails-tessilmare.com\/wp-content\/uploads\/2017\/07\/BUMPER_100_B-705x705.jpg)\"><\/div><\/div><figcaption class='av-inner-masonry-content site-background'><div class='av-inner-masonry-content-pos'><div class='av-inner-masonry-content-pos-content'><div class='avia-arrow'><\/div><div class='av-masonry-entry-content entry-content'  itemprop=\"text\" >BUMPER 100<\/div><\/div><\/div><\/figcaption><\/figure><\/a><!--end av-masonry entry--><a href=\"https:\/\/rubrails-tessilmare.com\/fr\/pare-chocs-125\/\"  aria-label=\"image Boat Bumper Rail BUMPER 125 B (boat dock parts)\"  id='av-masonry-1-item-6889' data-av-masonry-item='6889' class='av-masonry-entry isotope-item post-6889 attachment type-attachment status-inherit hentry  av-masonry-item-with-image' title=\"Boat Bumper Rail BUMPER 125 B (boat dock parts)\" alt=\"\"  data-av-masonry-custom-link=\"https:\/\/rubrails-tessilmare.com\/fr\/pare-chocs-125\/\"  itemprop=\"thumbnailUrl\" ><div class='av-inner-masonry-sizer'><\/div><figure class='av-inner-masonry main_color'><div class=\"av-masonry-outerimage-container\"><div class='av-masonry-image-container lazyload' style=\"background-image:inherit;\"  title=\"Boat Bumper Rail BUMPER 125 B (boat dock parts)\"  data-bg-image=\"url(https:\/\/rubrails-tessilmare.com\/wp-content\/uploads\/2017\/07\/BUMPER_125_B-705x705.jpg)\"><\/div><\/div><figcaption class='av-inner-masonry-content site-background'><div class='av-inner-masonry-content-pos'><div class='av-inner-masonry-content-pos-content'><div class='avia-arrow'><\/div><div class='av-masonry-entry-content entry-content'  itemprop=\"text\" >BUMPER 125<\/div><\/div><\/div><\/figcaption><\/figure><\/a><!--end av-masonry entry--><a href=\"https:\/\/rubrails-tessilmare.com\/fr\/pare-chocs-150\/\"  aria-label=\"image BUMPER_150_B\"  id='av-masonry-1-item-6882' data-av-masonry-item='6882' class='av-masonry-entry isotope-item post-6882 attachment type-attachment status-inherit hentry  av-masonry-item-with-image' title=\"BUMPER_150_B\" alt=\"\"  data-av-masonry-custom-link=\"https:\/\/rubrails-tessilmare.com\/fr\/pare-chocs-150\/\"  itemprop=\"thumbnailUrl\" ><div class='av-inner-masonry-sizer'><\/div><figure class='av-inner-masonry main_color'><div class=\"av-masonry-outerimage-container\"><div class='av-masonry-image-container lazyload' style=\"background-image:inherit;\"  title=\"BUMPER_150_B\"  data-bg-image=\"url(https:\/\/rubrails-tessilmare.com\/wp-content\/uploads\/2017\/07\/BUMPER_150_B-705x705.jpg)\"><\/div><\/div><figcaption class='av-inner-masonry-content site-background'><div class='av-inner-masonry-content-pos'><div class='av-inner-masonry-content-pos-content'><div class='avia-arrow'><\/div><div class='av-masonry-entry-content entry-content'  itemprop=\"text\" >BUMPER 150<\/div><\/div><\/div><\/figcaption><\/figure><\/a><!--end av-masonry entry--><a href=\"https:\/\/rubrails-tessilmare.com\/fr\/pare-chocs-160\/\"  aria-label=\"image BUMPER_160_B\"  id='av-masonry-1-item-6873' data-av-masonry-item='6873' class='av-masonry-entry isotope-item post-6873 attachment type-attachment status-inherit hentry  av-masonry-item-with-image' title=\"BUMPER_160_B\" alt=\"\"  data-av-masonry-custom-link=\"https:\/\/rubrails-tessilmare.com\/fr\/pare-chocs-160\/\"  itemprop=\"thumbnailUrl\" ><div class='av-inner-masonry-sizer'><\/div><figure class='av-inner-masonry main_color'><div class=\"av-masonry-outerimage-container\"><div class='av-masonry-image-container lazyload' style=\"background-image:inherit;\"  title=\"BUMPER_160_B\"  data-bg-image=\"url(https:\/\/rubrails-tessilmare.com\/wp-content\/uploads\/2017\/07\/BUMPER_160_B-705x705.jpg)\"><\/div><\/div><figcaption class='av-inner-masonry-content site-background'><div class='av-inner-masonry-content-pos'><div class='av-inner-masonry-content-pos-content'><div class='avia-arrow'><\/div><div class='av-masonry-entry-content entry-content'  itemprop=\"text\" >BUMPER 160<\/div><\/div><\/div><\/figcaption><\/figure><\/a><!--end av-masonry entry--><\/div><\/div><\/p>\n<section  class='av_textblock_section av-nbunx-cf6846018f6e3310882fc513c315de5f '   itemscope=\"itemscope\" itemtype=\"https:\/\/schema.org\/CreativeWork\" ><div class='avia_textblock'  itemprop=\"text\" ><p style=\"text-align: left;\">La <strong>modularit\u00e9<\/strong> du liston pare-battage<b> <\/b>brevet\u00e9e facilite son installation. Les 2 bases de profil sont fix\u00e9es \u00e0 la coque avec une barre en acier inoxydable et le profil sup\u00e9rieur se pose facilement par pression.<\/p>\n<p style=\"text-align: left;\">BUMPER vous offre un cadre extr\u00eamement l\u00e9ger combin\u00e9 \u00e0 une r\u00e9sistance presque in\u00e9gal\u00e9e. Cela signifie que vous ne compromettrez pas le poids pour obtenir d\u2019excellents rails de frottement. Si vous cherchez un <strong><a title=\"Rail de frottement\" href=\"https:\/\/rubrails-tessilmare.com\/fr\/rail-de-protection\/\">liston pare-battage <\/a><\/strong>\u00e0 haute r\u00e9sistance et extr\u00eamement l\u00e9ger, alors vous devez d\u00e9couvrir BUMPER ! Id\u00e9al pour tous les environnements marins, en eau sal\u00e9e ou douce, BUMPER prot\u00e9gera votre bien m\u00eame dans certains des environnements les plus hostiles. BUMPER pr\u00e9sente un tr\u00e8s faible rapport poids\/solidit\u00e9. Il vous offre durabilit\u00e9 et r\u00e9sistance, sans ajouter beaucoup de poids superflu \u00e0 votre navire, bateau ou structure.<\/p>\n<p style=\"text-align: left;\">Il est \u00e9galement parfait pour les applications marines militaires, commerciales, les annexes, et partout o\u00f9 vous souhaitez prot\u00e9ger deux surfaces de l\u2019usure due au frottement. BUMPER est id\u00e9al pour tous les bateaux avec jonction plate ou en caisson (yachts, bateaux militaires, bateaux de travail), quais et jet\u00e9es.<\/p>\n<div id=\"gtx-trans\" style=\"position: absolute; left: 46px; top: 336.6px;\">\n<div class=\"gtx-trans-icon\"><\/div>\n<\/div>\n<\/div><\/section>\n\n<style type=\"text\/css\" data-created_by=\"avia_inline_auto\" id=\"style-css-av-95h7h-7c6d9f27f675bf3fd8b0fa653fc05a35\">\n#top .hr.hr-invisible.av-95h7h-7c6d9f27f675bf3fd8b0fa653fc05a35{\nheight:5px;\n}\n<\/style>\n<div  class='hr av-95h7h-7c6d9f27f675bf3fd8b0fa653fc05a35 hr-invisible  avia-builder-el-6  el_after_av_textblock  avia-builder-el-last '><span class='hr-inner '><span class=\"hr-inner-style\"><\/span><\/span><\/div>\n","protected":false},"excerpt":{"rendered":"","protected":false},"author":1,"featured_media":0,"parent":7408,"menu_order":0,"comment_status":"closed","ping_status":"closed","template":"","meta":{"rank_math_lock_modified_date":false,"footnotes":""},"class_list":["post-7411","page","type-page","status-publish","hentry","tag_pagina-boat-bow-guard"],"_links":{"self":[{"href":"https:\/\/rubrails-tessilmare.com\/fr\/wp-json\/wp\/v2\/pages\/7411"}],"collection":[{"href":"https:\/\/rubrails-tessilmare.com\/fr\/wp-json\/wp\/v2\/pages"}],"about":[{"href":"https:\/\/rubrails-tessilmare.com\/fr\/wp-json\/wp\/v2\/types\/page"}],"author":[{"embeddable":true,"href":"https:\/\/rubrails-tessilmare.com\/fr\/wp-json\/wp\/v2\/users\/1"}],"replies":[{"embeddable":true,"href":"https:\/\/rubrails-tessilmare.com\/fr\/wp-json\/wp\/v2\/comments?post=7411"}],"version-history":[{"count":9,"href":"https:\/\/rubrails-tessilmare.com\/fr\/wp-json\/wp\/v2\/pages\/7411\/revisions"}],"predecessor-version":[{"id":9230,"href":"https:\/\/rubrails-tessilmare.com\/fr\/wp-json\/wp\/v2\/pages\/7411\/revisions\/9230"}],"up":[{"embeddable":true,"href":"https:\/\/rubrails-tessilmare.com\/fr\/wp-json\/wp\/v2\/pages\/7408"}],"wp:attachment":[{"href":"https:\/\/rubrails-tessilmare.com\/fr\/wp-json\/wp\/v2\/media?parent=7411"}],"curies":[{"name":"wp","href":"https:\/\/api.w.org\/{rel}","templated":true}]}}