{"id":7412,"date":"2017-07-19T16:38:14","date_gmt":"2017-07-19T14:38:14","guid":{"rendered":"https:\/\/rubrails-tessilmare.com\/boat-rub-rails\/radial-boat-rub-rails\/"},"modified":"2025-05-29T15:59:37","modified_gmt":"2025-05-29T13:59:37","slug":"radial-liston-pare-battage","status":"publish","type":"page","link":"https:\/\/rubrails-tessilmare.com\/fr\/listons-para-battage\/radial-liston-pare-battage\/","title":{"rendered":"Radial"},"content":{"rendered":"\n<style type=\"text\/css\" data-created_by=\"avia_inline_auto\" id=\"style-css-av-1audyz-28eb3ccd470145d4ffab2a04dc1f2e9f\">\n.flex_column.av-1audyz-28eb3ccd470145d4ffab2a04dc1f2e9f{\nborder-radius:0px 0px 0px 0px;\npadding:0px 0px 0px 0px;\n}\n<\/style>\n<div  class='flex_column av-1audyz-28eb3ccd470145d4ffab2a04dc1f2e9f av_one_full  avia-builder-el-0  el_before_av_textblock  avia-builder-el-first  first flex_column_div av-zero-column-padding  '     ><p>\n<style type=\"text\/css\" data-created_by=\"avia_inline_auto\" id=\"style-css-av-eltvn-75fac734bf5f5b269f89a4f319d2adc0\">\n#top .av-special-heading.av-eltvn-75fac734bf5f5b269f89a4f319d2adc0{\npadding-bottom:0;\n}\nbody .av-special-heading.av-eltvn-75fac734bf5f5b269f89a4f319d2adc0 .av-special-heading-tag .heading-char{\nfont-size:25px;\n}\n.av-special-heading.av-eltvn-75fac734bf5f5b269f89a4f319d2adc0 .av-subheading{\nfont-size:15px;\n}\n<\/style>\n<div  class='av-special-heading av-eltvn-75fac734bf5f5b269f89a4f319d2adc0 av-special-heading-h1 blockquote modern-quote modern-centered  avia-builder-el-1  el_before_av_heading  avia-builder-el-first '><h1 class='av-special-heading-tag '  itemprop=\"headline\"  >LISTONS PARE-BATTAGE POUR BATEAU &#8211; RADIAL<\/h1><div class=\"special-heading-border\"><div class=\"special-heading-inner-border\"><\/div><\/div><\/div><br \/>\n\n<style type=\"text\/css\" data-created_by=\"avia_inline_auto\" id=\"style-css-av-6x1df-173ad9422c829422c9b4fa30e2f54baa\">\n#top .av-special-heading.av-6x1df-173ad9422c829422c9b4fa30e2f54baa{\npadding-bottom:0;\nfont-size:20px;\n}\nbody .av-special-heading.av-6x1df-173ad9422c829422c9b4fa30e2f54baa .av-special-heading-tag .heading-char{\nfont-size:25px;\n}\n#top #wrap_all .av-special-heading.av-6x1df-173ad9422c829422c9b4fa30e2f54baa .av-special-heading-tag{\nfont-size:20px;\n}\n.av-special-heading.av-6x1df-173ad9422c829422c9b4fa30e2f54baa .av-subheading{\nfont-size:15px;\n}\n\n@media only screen and (min-width: 480px) and (max-width: 767px){ \n#top #wrap_all .av-special-heading.av-6x1df-173ad9422c829422c9b4fa30e2f54baa .av-special-heading-tag{\nfont-size:0.8em;\n}\n}\n\n@media only screen and (max-width: 479px){ \n#top #wrap_all .av-special-heading.av-6x1df-173ad9422c829422c9b4fa30e2f54baa .av-special-heading-tag{\nfont-size:0.8em;\n}\n}\n<\/style>\n<div  class='av-special-heading av-6x1df-173ad9422c829422c9b4fa30e2f54baa av-special-heading-h2 blockquote modern-quote modern-centered  avia-builder-el-2  el_after_av_heading  el_before_av_hr  av-inherit-size'><h2 class='av-special-heading-tag '  itemprop=\"headline\"  >RADIAL est notre liston pare-battage pour quai le plus rapide et le plus facile \u00e0 installer. Il est diff\u00e9rent de tous les autres profils sur le march\u00e9 et peut \u00eatre install\u00e9 \u00e0 froid en seulement quelques \u00e9tapes.<\/h2><div class=\"special-heading-border\"><div class=\"special-heading-inner-border\"><\/div><\/div><\/div><br \/>\n\n<style type=\"text\/css\" data-created_by=\"avia_inline_auto\" id=\"style-css-av-psvwr-c0864b825ff01a8bd3b6f42acf9fc36d\">\n#top .hr.av-psvwr-c0864b825ff01a8bd3b6f42acf9fc36d{\nmargin-top:5px;\nmargin-bottom:10px;\n}\n.hr.av-psvwr-c0864b825ff01a8bd3b6f42acf9fc36d .hr-inner{\nwidth:7%;\nborder-color:#15354e;\n}\n<\/style>\n<div  class='hr av-psvwr-c0864b825ff01a8bd3b6f42acf9fc36d hr-custom  avia-builder-el-3  el_after_av_heading  avia-builder-el-last  hr-center hr-icon-no'><span class='hr-inner inner-border-av-border-fat'><span class=\"hr-inner-style\"><\/span><\/span><\/div><\/p><\/div>\n<section  class='av_textblock_section av-llp0b-bcfe398d9529dff3ff28865a458890d9 '   itemscope=\"itemscope\" itemtype=\"https:\/\/schema.org\/CreativeWork\" ><div class='avia_textblock'  itemprop=\"text\" ><p style=\"text-align: left;\">Ce liston pare-battage BREVET\u00c9 se compose de deux pi\u00e8ces : une glissi\u00e8re rigide \u00e0 visser ou riveter sur le <strong>bateau<\/strong> sans outil sp\u00e9cial et une partie souple \u00e0 fixer sur la base. L\u2019insert souple sans couture est fourni en rouleaux coup\u00e9s sur mesure pour \u00e9viter le gaspillage.<\/p>\n<p style=\"text-align: left;\">RADIAL, <a href=\"https:\/\/rubrails-tessilmare.com\/boat-rub-rails\/vinyl\/\">listons pare-battage en PVC<\/a>, peut \u00eatre facilement pli\u00e9 \u00e0 la main dans toutes les directions du bateau, sans chauffage. Il est 70 % plus rapide \u00e0 assembler, \u00e9conomique, facile \u00e0 r\u00e9parer et rapide \u00e0 r\u00e9installer.<\/p>\n<p style=\"text-align: left;\">Les joints et embouts sont disponibles en deux versions : PVC et inox. RADIAL est parfait pour toutes les situations marines ainsi que pour les bateaux et yachts avec jonction en bo\u00eete.<\/p>\n<p>&nbsp;<\/p>\n<\/div><\/section>\n\n<style type=\"text\/css\" data-created_by=\"avia_inline_auto\" id=\"style-css-av-62gj-f8e1aa00d9b4bf59914047fdc9121d79\">\n#top .av-masonry.av-62gj-f8e1aa00d9b4bf59914047fdc9121d79{\nbackground-color:#ffffff;\n}\n<\/style>\n<div id='av-masonry-1' class='av-masonry av-62gj-f8e1aa00d9b4bf59914047fdc9121d79 noHover av-fixed-size av-1px-gap av-hover-overlay-active av-masonry-animation-active av-masonry-col-3 av-caption-on-hover av-caption-style-overlay av-masonry-gallery av-medium-columns-overwrite av-medium-columns-3 av-orientation-square ' data-post_id=\"7412\"><div class=\"av-masonry-container isotope av-js-disabled\"><div class='av-masonry-entry isotope-item av-masonry-item-no-image '><\/div><a href=\"https:\/\/rubrails-tessilmare.com\/fr\/radial-30\/\"  aria-label=\"image RADIAL_30\"  id='av-masonry-1-item-6864' data-av-masonry-item='6864' class='av-masonry-entry isotope-item post-6864 attachment type-attachment status-inherit hentry  av-masonry-item-with-image' title=\"RADIAL_30\" alt=\"\"  data-av-masonry-custom-link=\"https:\/\/rubrails-tessilmare.com\/fr\/radial-30\/\"  itemprop=\"thumbnailUrl\" ><div class='av-inner-masonry-sizer'><\/div><figure class='av-inner-masonry main_color'><div class=\"av-masonry-outerimage-container\"><div class='av-masonry-image-container lazyload' style=\"background-image:inherit;\"  title=\"RADIAL_30\"  data-bg-image=\"url(https:\/\/rubrails-tessilmare.com\/wp-content\/uploads\/2017\/07\/RADIAL_30-705x705.jpg)\"><\/div><\/div><figcaption class='av-inner-masonry-content site-background'><div class='av-inner-masonry-content-pos'><div class='av-inner-masonry-content-pos-content'><div class='avia-arrow'><\/div><div class='av-masonry-entry-content entry-content'  itemprop=\"text\" >RADIAL 30 BLACK<\/div><\/div><\/div><\/figcaption><\/figure><\/a><!--end av-masonry entry--><a href=\"https:\/\/rubrails-tessilmare.com\/fr\/radial-40\/\"  aria-label=\"image RADIAL 40: dock rubber edging\"  id='av-masonry-1-item-6852' data-av-masonry-item='6852' class='av-masonry-entry isotope-item post-6852 attachment type-attachment status-inherit hentry  av-masonry-item-with-image' title=\"RADIAL 40: dock rubber edging\" alt=\"\"  data-av-masonry-custom-link=\"https:\/\/rubrails-tessilmare.com\/fr\/radial-40\/\"  itemprop=\"thumbnailUrl\" ><div class='av-inner-masonry-sizer'><\/div><figure class='av-inner-masonry main_color'><div class=\"av-masonry-outerimage-container\"><div class='av-masonry-image-container lazyload' style=\"background-image:inherit;\"  title=\"RADIAL 40: dock rubber edging\"  data-bg-image=\"url(https:\/\/rubrails-tessilmare.com\/wp-content\/uploads\/2017\/07\/RADIAL_40-705x705.jpg)\"><\/div><\/div><figcaption class='av-inner-masonry-content site-background'><div class='av-inner-masonry-content-pos'><div class='av-inner-masonry-content-pos-content'><div class='avia-arrow'><\/div><div class='av-masonry-entry-content entry-content'  itemprop=\"text\" >RADIAL 40 BLACK<\/div><\/div><\/div><\/figcaption><\/figure><\/a><!--end av-masonry entry--><a href=\"https:\/\/rubrails-tessilmare.com\/fr\/radial-52\/\"  aria-label=\"image Boat Bow Rails RADIAL\"  id='av-masonry-1-item-6844' data-av-masonry-item='6844' class='av-masonry-entry isotope-item post-6844 attachment type-attachment status-inherit hentry  av-masonry-item-with-image' title=\"Boat Bow Rails RADIAL\" alt=\"\"  data-av-masonry-custom-link=\"https:\/\/rubrails-tessilmare.com\/fr\/radial-52\/\"  itemprop=\"thumbnailUrl\" ><div class='av-inner-masonry-sizer'><\/div><figure class='av-inner-masonry main_color'><div class=\"av-masonry-outerimage-container\"><div class='av-masonry-image-container lazyload' style=\"background-image:inherit;\"  title=\"Boat Bow Rails RADIAL\"  data-bg-image=\"url(https:\/\/rubrails-tessilmare.com\/wp-content\/uploads\/2017\/07\/RADIAL_50-705x705.jpg)\"><\/div><\/div><figcaption class='av-inner-masonry-content site-background'><div class='av-inner-masonry-content-pos'><div class='av-inner-masonry-content-pos-content'><div class='avia-arrow'><\/div><div class='av-masonry-entry-content entry-content'  itemprop=\"text\" >RADIAL 52 BLACK<\/div><\/div><\/div><\/figcaption><\/figure><\/a><!--end av-masonry entry--><a href=\"https:\/\/rubrails-tessilmare.com\/fr\/radial-65\/\"  aria-label=\"image RADIAL_65\"  id='av-masonry-1-item-6837' data-av-masonry-item='6837' class='av-masonry-entry isotope-item post-6837 attachment type-attachment status-inherit hentry  av-masonry-item-with-image' title=\"RADIAL_65\" alt=\"\"  data-av-masonry-custom-link=\"https:\/\/rubrails-tessilmare.com\/fr\/radial-65\/\"  itemprop=\"thumbnailUrl\" ><div class='av-inner-masonry-sizer'><\/div><figure class='av-inner-masonry main_color'><div class=\"av-masonry-outerimage-container\"><div class='av-masonry-image-container lazyload' style=\"background-image:inherit;\"  title=\"RADIAL_65\"  data-bg-image=\"url(https:\/\/rubrails-tessilmare.com\/wp-content\/uploads\/2017\/07\/RADIAL_65-705x705.jpg)\"><\/div><\/div><figcaption class='av-inner-masonry-content site-background'><div class='av-inner-masonry-content-pos'><div class='av-inner-masonry-content-pos-content'><div class='avia-arrow'><\/div><div class='av-masonry-entry-content entry-content'  itemprop=\"text\" >RADIAL 65 BLACK<\/div><\/div><\/div><\/figcaption><\/figure><\/a><!--end av-masonry entry--><a href=\"https:\/\/rubrails-tessilmare.com\/fr\/radial-80\/\"  aria-label=\"image RADIAL_80\"  id='av-masonry-1-item-6828' data-av-masonry-item='6828' class='av-masonry-entry isotope-item post-6828 attachment type-attachment status-inherit hentry  av-masonry-item-with-image' title=\"RADIAL_80\" alt=\"\"  data-av-masonry-custom-link=\"https:\/\/rubrails-tessilmare.com\/fr\/radial-80\/\"  itemprop=\"thumbnailUrl\" ><div class='av-inner-masonry-sizer'><\/div><figure class='av-inner-masonry main_color'><div class=\"av-masonry-outerimage-container\"><div class='av-masonry-image-container lazyload' style=\"background-image:inherit;\"  title=\"RADIAL_80\"  data-bg-image=\"url(https:\/\/rubrails-tessilmare.com\/wp-content\/uploads\/2017\/07\/RADIAL_80-705x705.jpg)\"><\/div><\/div><figcaption class='av-inner-masonry-content site-background'><div class='av-inner-masonry-content-pos'><div class='av-inner-masonry-content-pos-content'><div class='avia-arrow'><\/div><div class='av-masonry-entry-content entry-content'  itemprop=\"text\" >RADIAL 80 BLACK<\/div><\/div><\/div><\/figcaption><\/figure><\/a><!--end av-masonry entry--><\/div><\/div>\n\n<style type=\"text\/css\" data-created_by=\"avia_inline_auto\" id=\"style-css-av-8knz7-3b8366261a4986600db854f7d942076a\">\n#top .hr.hr-invisible.av-8knz7-3b8366261a4986600db854f7d942076a{\nheight:5px;\n}\n<\/style>\n<div  class='hr av-8knz7-3b8366261a4986600db854f7d942076a hr-invisible  avia-builder-el-6  el_after_av_masonry_gallery  avia-builder-el-no-sibling '><span class='hr-inner '><span class=\"hr-inner-style\"><\/span><\/span><\/div>\n","protected":false},"excerpt":{"rendered":"","protected":false},"author":1,"featured_media":0,"parent":7408,"menu_order":0,"comment_status":"closed","ping_status":"closed","template":"","meta":{"rank_math_lock_modified_date":false,"footnotes":""},"class_list":["post-7412","page","type-page","status-publish","hentry"],"_links":{"self":[{"href":"https:\/\/rubrails-tessilmare.com\/fr\/wp-json\/wp\/v2\/pages\/7412"}],"collection":[{"href":"https:\/\/rubrails-tessilmare.com\/fr\/wp-json\/wp\/v2\/pages"}],"about":[{"href":"https:\/\/rubrails-tessilmare.com\/fr\/wp-json\/wp\/v2\/types\/page"}],"author":[{"embeddable":true,"href":"https:\/\/rubrails-tessilmare.com\/fr\/wp-json\/wp\/v2\/users\/1"}],"replies":[{"embeddable":true,"href":"https:\/\/rubrails-tessilmare.com\/fr\/wp-json\/wp\/v2\/comments?post=7412"}],"version-history":[{"count":9,"href":"https:\/\/rubrails-tessilmare.com\/fr\/wp-json\/wp\/v2\/pages\/7412\/revisions"}],"predecessor-version":[{"id":9227,"href":"https:\/\/rubrails-tessilmare.com\/fr\/wp-json\/wp\/v2\/pages\/7412\/revisions\/9227"}],"up":[{"embeddable":true,"href":"https:\/\/rubrails-tessilmare.com\/fr\/wp-json\/wp\/v2\/pages\/7408"}],"wp:attachment":[{"href":"https:\/\/rubrails-tessilmare.com\/fr\/wp-json\/wp\/v2\/media?parent=7412"}],"curies":[{"name":"wp","href":"https:\/\/api.w.org\/{rel}","templated":true}]}}