{"id":7413,"date":"2017-07-19T16:38:06","date_gmt":"2017-07-19T14:38:06","guid":{"rendered":"https:\/\/rubrails-tessilmare.com\/boat-rub-rails\/bino-boat-rub-rails\/"},"modified":"2025-05-29T15:59:19","modified_gmt":"2025-05-29T13:59:19","slug":"bino-liston-pare-battage","status":"publish","type":"page","link":"https:\/\/rubrails-tessilmare.com\/fr\/listons-para-battage\/bino-liston-pare-battage\/","title":{"rendered":"Bino"},"content":{"rendered":"\n<style type=\"text\/css\" data-created_by=\"avia_inline_auto\" id=\"style-css-av-19j0q1-58ca23415ca70846d68e2876f9578e9e\">\n.flex_column.av-19j0q1-58ca23415ca70846d68e2876f9578e9e{\nborder-radius:0px 0px 0px 0px;\npadding:0px 0px 0px 0px;\n}\n<\/style>\n<div  class='flex_column av-19j0q1-58ca23415ca70846d68e2876f9578e9e av_one_full  avia-builder-el-0  el_before_av_textblock  avia-builder-el-first  first flex_column_div av-zero-column-padding  '     ><p>\n<style type=\"text\/css\" data-created_by=\"avia_inline_auto\" id=\"style-css-av-dj6o9-d98e5c9a03145f9ae4a4604950b286ca\">\n#top .av-special-heading.av-dj6o9-d98e5c9a03145f9ae4a4604950b286ca{\npadding-bottom:0;\n}\nbody .av-special-heading.av-dj6o9-d98e5c9a03145f9ae4a4604950b286ca .av-special-heading-tag .heading-char{\nfont-size:25px;\n}\n.av-special-heading.av-dj6o9-d98e5c9a03145f9ae4a4604950b286ca .av-subheading{\nfont-size:15px;\n}\n<\/style>\n<div  class='av-special-heading av-dj6o9-d98e5c9a03145f9ae4a4604950b286ca av-special-heading-h1 blockquote modern-quote modern-centered  avia-builder-el-1  el_before_av_heading  avia-builder-el-first '><h1 class='av-special-heading-tag '  itemprop=\"headline\"  >LISTON PARE-BATTAGE POUR BATEAUX &#8211; BINO<\/h1><div class=\"special-heading-border\"><div class=\"special-heading-inner-border\"><\/div><\/div><\/div><br \/>\n\n<style type=\"text\/css\" data-created_by=\"avia_inline_auto\" id=\"style-css-av-7x2ft-d382a7f82fbc624ec074e750513cf6c3\">\n#top .av-special-heading.av-7x2ft-d382a7f82fbc624ec074e750513cf6c3{\npadding-bottom:0;\nfont-size:20px;\n}\nbody .av-special-heading.av-7x2ft-d382a7f82fbc624ec074e750513cf6c3 .av-special-heading-tag .heading-char{\nfont-size:25px;\n}\n#top #wrap_all .av-special-heading.av-7x2ft-d382a7f82fbc624ec074e750513cf6c3 .av-special-heading-tag{\nfont-size:20px;\n}\n.av-special-heading.av-7x2ft-d382a7f82fbc624ec074e750513cf6c3 .av-subheading{\nfont-size:15px;\n}\n\n@media only screen and (min-width: 480px) and (max-width: 767px){ \n#top #wrap_all .av-special-heading.av-7x2ft-d382a7f82fbc624ec074e750513cf6c3 .av-special-heading-tag{\nfont-size:0.8em;\n}\n}\n\n@media only screen and (max-width: 479px){ \n#top #wrap_all .av-special-heading.av-7x2ft-d382a7f82fbc624ec074e750513cf6c3 .av-special-heading-tag{\nfont-size:0.8em;\n}\n}\n<\/style>\n<div  class='av-special-heading av-7x2ft-d382a7f82fbc624ec074e750513cf6c3 av-special-heading-h2 blockquote modern-quote modern-centered  avia-builder-el-2  el_after_av_heading  el_before_av_hr  av-inherit-size'><h2 class='av-special-heading-tag '  itemprop=\"headline\"  >Les listons pare-battage BINO sont reconnus dans le monde entier comme l\u2019un des meilleurs, des plus qualitatifs et des plus durables rails de protection pour toutes les installations marines. BINO est l\u2019un de nos listons para-battage les plus rapides et faciles \u00e0 installer.<\/h2><div class=\"special-heading-border\"><div class=\"special-heading-inner-border\"><\/div><\/div><\/div><br \/>\n\n<style type=\"text\/css\" data-created_by=\"avia_inline_auto\" id=\"style-css-av-9muz5-fbf619d77e518df5b43f3d984be7f63a\">\n#top .hr.av-9muz5-fbf619d77e518df5b43f3d984be7f63a{\nmargin-top:5px;\nmargin-bottom:10px;\n}\n.hr.av-9muz5-fbf619d77e518df5b43f3d984be7f63a .hr-inner{\nwidth:7%;\nborder-color:#15354e;\n}\n<\/style>\n<div  class='hr av-9muz5-fbf619d77e518df5b43f3d984be7f63a hr-custom  avia-builder-el-3  el_after_av_heading  avia-builder-el-last  hr-center hr-icon-no'><span class='hr-inner inner-border-av-border-fat'><span class=\"hr-inner-style\"><\/span><\/span><\/div><\/p><\/div>\n<section  class='av_textblock_section av-mk1w1-1a32c2a38d6fe1a319a292417f5402f8 '   itemscope=\"itemscope\" itemtype=\"https:\/\/schema.org\/CreativeWork\" ><div class='avia_textblock'  itemprop=\"text\" ><p style=\"text-align: left;\">Si vous n&rsquo;avez pas le temps de vous emb\u00eater avec des proc\u00e9dures d&rsquo;installation compliqu\u00e9es et longues, alors BINO est fait pour vous ! Ce design brevet\u00e9 en deux pi\u00e8ces permet une installation facile et aide \u00e0 couvrir toutes ces vis et fixations inesth\u00e9tiques. BINO est livr\u00e9 en longueurs d\u00e9coup\u00e9es sur mesure, faciles \u00e0 installer. Cela <strong>rend le processus d&rsquo;installation simple et rapide<\/strong>.<\/p>\n<p style=\"text-align: left;\">Cela rend \u00e9galement BINO plus abordable, les longueurs d\u00e9coup\u00e9es sur mesure r\u00e9duisant le gaspillage. Il est fourni avec une barre en acier inoxydable pr\u00e9-perc\u00e9e qui permet une installation facile du profil\u00e9 de base ; la partie sup\u00e9rieure est simplement fix\u00e9e par pression. Il est tr\u00e8s flexible, parfait pour une vari\u00e9t\u00e9 d&rsquo;applications marines telles que yachts, bateaux militaires, bateaux commerciaux, quais et jet\u00e9es, annexes, protection de tuyaux et navires de luxe.<\/p>\n<p style=\"text-align: left;\">Les possibilit\u00e9s sont presque infinies avec les listons pare-battage BINO Tessilmare. BINO est parfait pour tous les bateaux avec jonctions plates ou en bo\u00eete (yachts, bateaux militaires, bateaux de travail), quais et jet\u00e9es.<\/p>\n<div id=\"gtx-trans\" style=\"position: absolute; left: 69px; top: 279.6px;\">\n<div class=\"gtx-trans-icon\"><\/div>\n<\/div>\n<\/div><\/section>\n\n<style type=\"text\/css\" data-created_by=\"avia_inline_auto\" id=\"style-css-av-gdyip-c9b161173c8c4682ea035ca04a1cedd9\">\n#top .av-masonry.av-gdyip-c9b161173c8c4682ea035ca04a1cedd9{\nbackground-color:#ffffff;\n}\n<\/style>\n<div id='av-masonry-1' class='av-masonry av-gdyip-c9b161173c8c4682ea035ca04a1cedd9 noHover av-fixed-size av-1px-gap av-hover-overlay-active av-masonry-animation-active av-masonry-col-3 av-caption-on-hover av-caption-style-overlay av-masonry-gallery av-orientation-square ' data-post_id=\"7413\"><div class=\"av-masonry-container isotope av-js-disabled\"><div class='av-masonry-entry isotope-item av-masonry-item-no-image '><\/div><a href=\"https:\/\/rubrails-tessilmare.com\/fr\/bino-40\/\"  aria-label=\"image BINO40_B\"  id='av-masonry-1-item-6921' data-av-masonry-item='6921' class='av-masonry-entry isotope-item post-6921 attachment type-attachment status-inherit hentry  av-masonry-item-with-image' title=\"BINO40_B\" alt=\"\"  data-av-masonry-custom-link=\"https:\/\/rubrails-tessilmare.com\/fr\/bino-40\/\"  itemprop=\"thumbnailUrl\" ><div class='av-inner-masonry-sizer'><\/div><figure class='av-inner-masonry main_color'><div class=\"av-masonry-outerimage-container\"><div class='av-masonry-image-container lazyload' style=\"background-image:inherit;\"  title=\"BINO40_B\"  data-bg-image=\"url(https:\/\/rubrails-tessilmare.com\/wp-content\/uploads\/2017\/07\/BINO40_B-705x705.jpg)\"><\/div><\/div><figcaption class='av-inner-masonry-content site-background'><div class='av-inner-masonry-content-pos'><div class='av-inner-masonry-content-pos-content'><div class='avia-arrow'><\/div><div class='av-masonry-entry-content entry-content'  itemprop=\"text\" >BINO 40<\/div><\/div><\/div><\/figcaption><\/figure><\/a><!--end av-masonry entry--><a href=\"https:\/\/rubrails-tessilmare.com\/fr\/bino-65\/\"  aria-label=\"image BINO65_B\"  id='av-masonry-1-item-6909' data-av-masonry-item='6909' class='av-masonry-entry isotope-item post-6909 attachment type-attachment status-inherit hentry  av-masonry-item-with-image' title=\"BINO65_B\" alt=\"\"  data-av-masonry-custom-link=\"https:\/\/rubrails-tessilmare.com\/fr\/bino-65\/\"  itemprop=\"thumbnailUrl\" ><div class='av-inner-masonry-sizer'><\/div><figure class='av-inner-masonry main_color'><div class=\"av-masonry-outerimage-container\"><div class='av-masonry-image-container lazyload' style=\"background-image:inherit;\"  title=\"BINO65_B\"  data-bg-image=\"url(https:\/\/rubrails-tessilmare.com\/wp-content\/uploads\/2017\/07\/BINO65_B-705x705.jpg)\"><\/div><\/div><figcaption class='av-inner-masonry-content site-background'><div class='av-inner-masonry-content-pos'><div class='av-inner-masonry-content-pos-content'><div class='avia-arrow'><\/div><div class='av-masonry-entry-content entry-content'  itemprop=\"text\" >BINO 65<\/div><\/div><\/div><\/figcaption><\/figure><\/a><!--end av-masonry entry--><a href=\"https:\/\/rubrails-tessilmare.com\/fr\/bino-90\/\"  aria-label=\"image BINO90_B\"  id='av-masonry-1-item-6903' data-av-masonry-item='6903' class='av-masonry-entry isotope-item post-6903 attachment type-attachment status-inherit hentry  av-masonry-item-with-image' title=\"BINO90_B\" alt=\"\"  data-av-masonry-custom-link=\"https:\/\/rubrails-tessilmare.com\/fr\/bino-90\/\"  itemprop=\"thumbnailUrl\" ><div class='av-inner-masonry-sizer'><\/div><figure class='av-inner-masonry main_color'><div class=\"av-masonry-outerimage-container\"><div class='av-masonry-image-container lazyload' style=\"background-image:inherit;\"  title=\"BINO90_B\"  data-bg-image=\"url(https:\/\/rubrails-tessilmare.com\/wp-content\/uploads\/2017\/07\/BINO90_B-705x705.jpg)\"><\/div><\/div><figcaption class='av-inner-masonry-content site-background'><div class='av-inner-masonry-content-pos'><div class='av-inner-masonry-content-pos-content'><div class='avia-arrow'><\/div><div class='av-masonry-entry-content entry-content'  itemprop=\"text\" >BINO 90 BLACK<\/div><\/div><\/div><\/figcaption><\/figure><\/a><!--end av-masonry entry--><\/div><\/div>\n\n<style type=\"text\/css\" data-created_by=\"avia_inline_auto\" id=\"style-css-av-6tcnl-72142a2bfd208a0266224b96c7b7ac44\">\n#top .hr.hr-invisible.av-6tcnl-72142a2bfd208a0266224b96c7b7ac44{\nheight:5px;\n}\n<\/style>\n<div  class='hr av-6tcnl-72142a2bfd208a0266224b96c7b7ac44 hr-invisible  avia-builder-el-6  el_after_av_masonry_gallery  el_before_av_textblock  avia-builder-el-first '><span class='hr-inner '><span class=\"hr-inner-style\"><\/span><\/span><\/div>\n<section  class='av_textblock_section av-l92yykk4-e82d940be648ecf64bc583cfa2a36d77 '   itemscope=\"itemscope\" itemtype=\"https:\/\/schema.org\/CreativeWork\" ><div class='avia_textblock'  itemprop=\"text\" ><p style=\"text-align: left;\">Si vous n&rsquo;avez pas le temps de vous emb\u00eater avec des proc\u00e9dures d&rsquo;installation compliqu\u00e9es et longues, alors BINO est fait pour vous ! Ce design brevet\u00e9 en deux pi\u00e8ces permet une installation facile et aide \u00e0 couvrir toutes ces vis et fixations inesth\u00e9tiques. BINO est livr\u00e9 en longueurs d\u00e9coup\u00e9es sur mesure, faciles \u00e0 installer. Cela <strong>rend le processus d&rsquo;installation simple et rapide<\/strong>.<\/p>\n<p style=\"text-align: left;\">Cela rend \u00e9galement BINO plus abordable, les longueurs d\u00e9coup\u00e9es sur mesure r\u00e9duisant le gaspillage. Il est fourni avec une barre en acier inoxydable pr\u00e9-perc\u00e9e qui permet une installation facile du profil\u00e9 de base ; la partie sup\u00e9rieure est simplement fix\u00e9e par pression. Il est tr\u00e8s flexible, parfait pour une vari\u00e9t\u00e9 d&rsquo;applications marines telles que yachts, bateaux militaires, bateaux commerciaux, quais et jet\u00e9es, annexes, protection de tuyaux et navires de luxe.<\/p>\n<p style=\"text-align: left;\">Les possibilit\u00e9s sont presque infinies avec les listons pare-battage BINO Tessilmare. BINO est parfait pour tous les bateaux avec jonctions plates ou en bo\u00eete (yachts, bateaux militaires, bateaux de travail), quais et jet\u00e9es.<\/p>\n<div id=\"gtx-trans\" style=\"position: absolute; left: 69px; top: 279.6px;\">\n<div class=\"gtx-trans-icon\"><\/div>\n<\/div>\n<\/div><\/section>\n\n<style type=\"text\/css\" data-created_by=\"avia_inline_auto\" id=\"style-css-av-om30h-49839aa2792773ec5184085ce71a3a74\">\n#top .hr.hr-invisible.av-om30h-49839aa2792773ec5184085ce71a3a74{\nheight:50px;\n}\n<\/style>\n<div  class='hr av-om30h-49839aa2792773ec5184085ce71a3a74 hr-invisible  avia-builder-el-8  el_after_av_textblock  avia-builder-el-last '><span class='hr-inner '><span class=\"hr-inner-style\"><\/span><\/span><\/div>\n","protected":false},"excerpt":{"rendered":"","protected":false},"author":1,"featured_media":0,"parent":7408,"menu_order":0,"comment_status":"closed","ping_status":"closed","template":"","meta":{"rank_math_lock_modified_date":false,"footnotes":""},"class_list":["post-7413","page","type-page","status-publish","hentry"],"_links":{"self":[{"href":"https:\/\/rubrails-tessilmare.com\/fr\/wp-json\/wp\/v2\/pages\/7413"}],"collection":[{"href":"https:\/\/rubrails-tessilmare.com\/fr\/wp-json\/wp\/v2\/pages"}],"about":[{"href":"https:\/\/rubrails-tessilmare.com\/fr\/wp-json\/wp\/v2\/types\/page"}],"author":[{"embeddable":true,"href":"https:\/\/rubrails-tessilmare.com\/fr\/wp-json\/wp\/v2\/users\/1"}],"replies":[{"embeddable":true,"href":"https:\/\/rubrails-tessilmare.com\/fr\/wp-json\/wp\/v2\/comments?post=7413"}],"version-history":[{"count":12,"href":"https:\/\/rubrails-tessilmare.com\/fr\/wp-json\/wp\/v2\/pages\/7413\/revisions"}],"predecessor-version":[{"id":9224,"href":"https:\/\/rubrails-tessilmare.com\/fr\/wp-json\/wp\/v2\/pages\/7413\/revisions\/9224"}],"up":[{"embeddable":true,"href":"https:\/\/rubrails-tessilmare.com\/fr\/wp-json\/wp\/v2\/pages\/7408"}],"wp:attachment":[{"href":"https:\/\/rubrails-tessilmare.com\/fr\/wp-json\/wp\/v2\/media?parent=7413"}],"curies":[{"name":"wp","href":"https:\/\/api.w.org\/{rel}","templated":true}]}}