{"id":7414,"date":"2017-07-19T16:37:59","date_gmt":"2017-07-19T14:37:59","guid":{"rendered":"https:\/\/rubrails-tessilmare.com\/boat-rub-rails\/binox-boat-rub-rails\/"},"modified":"2025-05-29T15:58:32","modified_gmt":"2025-05-29T13:58:32","slug":"binox-liston-pare-battage","status":"publish","type":"page","link":"https:\/\/rubrails-tessilmare.com\/fr\/listons-para-battage\/binox-liston-pare-battage\/","title":{"rendered":"Binox"},"content":{"rendered":"\n<style type=\"text\/css\" data-created_by=\"avia_inline_auto\" id=\"style-css-av-154hxj-8d5107a7809b6a5793741fcd73a206a7\">\n.flex_column.av-154hxj-8d5107a7809b6a5793741fcd73a206a7{\nborder-radius:0px 0px 0px 0px;\npadding:0px 0px 0px 0px;\n}\n<\/style>\n<div  class='flex_column av-154hxj-8d5107a7809b6a5793741fcd73a206a7 av_one_full  avia-builder-el-0  el_before_av_textblock  avia-builder-el-first  first flex_column_div av-zero-column-padding  '     ><p>\n<style type=\"text\/css\" data-created_by=\"avia_inline_auto\" id=\"style-css-av-vh7m7-ef0c68fb9e7c40e6b4c5619c811cc257\">\n#top .av-special-heading.av-vh7m7-ef0c68fb9e7c40e6b4c5619c811cc257{\npadding-bottom:0;\n}\nbody .av-special-heading.av-vh7m7-ef0c68fb9e7c40e6b4c5619c811cc257 .av-special-heading-tag .heading-char{\nfont-size:25px;\n}\n.av-special-heading.av-vh7m7-ef0c68fb9e7c40e6b4c5619c811cc257 .av-subheading{\nfont-size:15px;\n}\n<\/style>\n<div  class='av-special-heading av-vh7m7-ef0c68fb9e7c40e6b4c5619c811cc257 av-special-heading-h1 blockquote modern-quote modern-centered  avia-builder-el-1  el_before_av_heading  avia-builder-el-first '><h1 class='av-special-heading-tag '  itemprop=\"headline\"  >LISTON PARE-BATTAGE BATEAU &#8211; BINOX    <\/h1><div class=\"special-heading-border\"><div class=\"special-heading-inner-border\"><\/div><\/div><\/div><br \/>\n\n<style type=\"text\/css\" data-created_by=\"avia_inline_auto\" id=\"style-css-av-lesn888q-3d2de2904327908923ef9f32dfbd7102\">\n#top .av-special-heading.av-lesn888q-3d2de2904327908923ef9f32dfbd7102{\npadding-bottom:0;\nfont-size:20px;\n}\nbody .av-special-heading.av-lesn888q-3d2de2904327908923ef9f32dfbd7102 .av-special-heading-tag .heading-char{\nfont-size:25px;\n}\n#top #wrap_all .av-special-heading.av-lesn888q-3d2de2904327908923ef9f32dfbd7102 .av-special-heading-tag{\nfont-size:20px;\n}\n.av-special-heading.av-lesn888q-3d2de2904327908923ef9f32dfbd7102 .av-subheading{\nfont-size:15px;\n}\n\n@media only screen and (min-width: 480px) and (max-width: 767px){ \n#top #wrap_all .av-special-heading.av-lesn888q-3d2de2904327908923ef9f32dfbd7102 .av-special-heading-tag{\nfont-size:0.8em;\n}\n}\n\n@media only screen and (max-width: 479px){ \n#top #wrap_all .av-special-heading.av-lesn888q-3d2de2904327908923ef9f32dfbd7102 .av-special-heading-tag{\nfont-size:0.8em;\n}\n}\n<\/style>\n<div  class='av-special-heading av-lesn888q-3d2de2904327908923ef9f32dfbd7102 av-special-heading-h2 blockquote modern-quote modern-centered  avia-builder-el-2  el_after_av_heading  el_before_av_hr  av-inherit-size'><h2 class='av-special-heading-tag '  itemprop=\"headline\"  >     BINOX est le premier liston pare-battage en acier inoxydable sans vis.    <\/h2><div class=\"special-heading-border\"><div class=\"special-heading-inner-border\"><\/div><\/div><\/div><br \/>\n\n<style type=\"text\/css\" data-created_by=\"avia_inline_auto\" id=\"style-css-av-pys3j-b471221e2452e984c25a839cf14a7cae\">\n#top .hr.av-pys3j-b471221e2452e984c25a839cf14a7cae{\nmargin-top:5px;\nmargin-bottom:10px;\n}\n.hr.av-pys3j-b471221e2452e984c25a839cf14a7cae .hr-inner{\nwidth:7%;\nborder-color:#15354e;\n}\n<\/style>\n<div  class='hr av-pys3j-b471221e2452e984c25a839cf14a7cae hr-custom  avia-builder-el-3  el_after_av_heading  avia-builder-el-last  hr-center hr-icon-no'><span class='hr-inner inner-border-av-border-fat'><span class=\"hr-inner-style\"><\/span><\/span><\/div><\/p><\/div>\n<section  class='av_textblock_section av-k45jb-c04eac8756f5c29f4c197ae0e40145c2 '   itemscope=\"itemscope\" itemtype=\"https:\/\/schema.org\/CreativeWork\" ><div class='avia_textblock'  itemprop=\"text\" ><p style=\"text-align: center;\"><div class=\"epyt-video-wrapper\"><div  id=\"_ytid_53048\"  width=\"1500\" height=\"843\"  data-origwidth=\"1500\" data-origheight=\"843\"  data-relstop=\"1\" data-facadesrc=\"https:\/\/www.youtube.com\/embed\/huh6kxpSx04?enablejsapi=1&autoplay=0&cc_load_policy=0&cc_lang_pref=&iv_load_policy=1&loop=0&modestbranding=1&rel=0&fs=1&playsinline=0&autohide=2&theme=dark&color=red&controls=1&\" class=\"__youtube_prefs__ epyt-facade no-lazyload\" data-epautoplay=\"1\" ><img decoding=\"async\" data-spai-excluded=\"true\" class=\"epyt-facade-poster skip-lazy\" loading=\"lazy\"  alt=\"YouTube player\"  src=\"https:\/\/i.ytimg.com\/vi\/huh6kxpSx04\/maxresdefault.jpg\"  \/><button class=\"epyt-facade-play\" aria-label=\"Play\"><svg data-no-lazy=\"1\" height=\"100%\" version=\"1.1\" viewBox=\"0 0 68 48\" width=\"100%\"><path class=\"ytp-large-play-button-bg\" d=\"M66.52,7.74c-0.78-2.93-2.49-5.41-5.42-6.19C55.79,.13,34,0,34,0S12.21,.13,6.9,1.55 C3.97,2.33,2.27,4.81,1.48,7.74C0.06,13.05,0,24,0,24s0.06,10.95,1.48,16.26c0.78,2.93,2.49,5.41,5.42,6.19 C12.21,47.87,34,48,34,48s21.79-0.13,27.1-1.55c2.93-0.78,4.64-3.26,5.42-6.19C67.94,34.95,68,24,68,24S67.94,13.05,66.52,7.74z\" fill=\"#f00\"><\/path><path d=\"M 45,24 27,14 27,34\" fill=\"#fff\"><\/path><\/svg><\/button><\/div><\/div><\/p>\n<\/div><\/section>\n<section  class='av_textblock_section av-lesnd7rd-8abbce02e4f78f44ce672ce711dd52ac '   itemscope=\"itemscope\" itemtype=\"https:\/\/schema.org\/CreativeWork\" ><div class='avia_textblock'  itemprop=\"text\" ><p>Binox est l&rsquo;une des derni\u00e8res cr\u00e9ations de Tessilmare et a \u00e9t\u00e9 sp\u00e9cialement d\u00e9velopp\u00e9e pour les Super Yachts et les M\u00e9ga Yachts.<\/p>\n<p>Le processus innovant dans la construction du Binox RubRail permet une installation par embo\u00eetement sous pression de la barre en acier inoxydable directement sur la base en PVC.<\/p>\n<p>Cela signifie qu&rsquo;il n&rsquo;y a pas de vis disgracieuses sur la surface en acier inoxydable, offrant un r\u00e9sultat jamais vu auparavant. Moins de per\u00e7ages et de vissages permettront \u00e9galement de gagner un temps pr\u00e9cieux lors de l&rsquo;installation, rendant le processus beaucoup plus abordable.<\/p>\n<p>Binox est produit en diff\u00e9rentes tailles (25, 35, 50 et 65 mm) et est disponible en 3 couleurs diff\u00e9rentes : blanc, noir et gris.<\/p>\n<div id=\"gtx-trans\" style=\"position: absolute; left: 78px; top: 339.8px;\">\n<div class=\"gtx-trans-icon\"><\/div>\n<\/div>\n<\/div><\/section>\n\n<style type=\"text\/css\" data-created_by=\"avia_inline_auto\" id=\"style-css-av-g6r9b-889886573b41388003ff7dd1e2abcc79\">\n#top .av-masonry.av-g6r9b-889886573b41388003ff7dd1e2abcc79{\nbackground-color:#ffffff;\n}\n<\/style>\n<div id='av-masonry-1' class='av-masonry av-g6r9b-889886573b41388003ff7dd1e2abcc79 noHover av-fixed-size av-1px-gap av-hover-overlay-active av-masonry-animation-active av-masonry-col-4 av-caption-on-hover av-caption-style-overlay av-masonry-gallery av-medium-columns-overwrite av-medium-columns-3 av-orientation-square ' data-post_id=\"7414\"><div class=\"av-masonry-container isotope av-js-disabled\"><div class='av-masonry-entry isotope-item av-masonry-item-no-image '><\/div><a href=\"https:\/\/rubrails-tessilmare.com\/fr\/binox-35\/\"  aria-label=\"image bino-x-25_b-705&#215;705\"  id='av-masonry-1-item-7135' data-av-masonry-item='7135' class='av-masonry-entry isotope-item post-7135 attachment type-attachment status-inherit hentry  av-masonry-item-with-image' title=\"bino-x-25_b-705&#215;705\" alt=\"\"  data-av-masonry-custom-link=\"https:\/\/rubrails-tessilmare.com\/fr\/binox-35\/\"  itemprop=\"thumbnailUrl\" ><div class='av-inner-masonry-sizer'><\/div><figure class='av-inner-masonry main_color'><div class=\"av-masonry-outerimage-container\"><div class='av-masonry-image-container lazyload' style=\"background-image:inherit;\"  title=\"bino-x-25_b-705&#215;705\"  data-bg-image=\"url(https:\/\/rubrails-tessilmare.com\/wp-content\/uploads\/2017\/07\/bino-x-25_b-705x705.jpg)\"><\/div><\/div><figcaption class='av-inner-masonry-content site-background'><div class='av-inner-masonry-content-pos'><div class='av-inner-masonry-content-pos-content'><div class='avia-arrow'><\/div><div class='av-masonry-entry-content entry-content'  itemprop=\"text\" >BINOX 25<\/div><\/div><\/div><\/figcaption><\/figure><\/a><!--end av-masonry entry--><a href=\"https:\/\/rubrails-tessilmare.com\/fr\/binox-35\/\"  aria-label=\"image bino-x-35_b-705&#215;705\"  id='av-masonry-1-item-7141' data-av-masonry-item='7141' class='av-masonry-entry isotope-item post-7141 attachment type-attachment status-inherit hentry  av-masonry-item-with-image' title=\"bino-x-35_b-705&#215;705\" alt=\"\"  data-av-masonry-custom-link=\"https:\/\/rubrails-tessilmare.com\/fr\/binox-35\/\"  itemprop=\"thumbnailUrl\" ><div class='av-inner-masonry-sizer'><\/div><figure class='av-inner-masonry main_color'><div class=\"av-masonry-outerimage-container\"><div class='av-masonry-image-container lazyload' style=\"background-image:inherit;\"  title=\"bino-x-35_b-705&#215;705\"  data-bg-image=\"url(https:\/\/rubrails-tessilmare.com\/wp-content\/uploads\/2017\/07\/bino-x-35_b-705x705-1.jpg)\"><\/div><\/div><figcaption class='av-inner-masonry-content site-background'><div class='av-inner-masonry-content-pos'><div class='av-inner-masonry-content-pos-content'><div class='avia-arrow'><\/div><div class='av-masonry-entry-content entry-content'  itemprop=\"text\" >BINOX 35<\/div><\/div><\/div><\/figcaption><\/figure><\/a><!--end av-masonry entry--><a href=\"https:\/\/rubrails-tessilmare.com\/fr\/binox-50\/\"  aria-label=\"image Boat Rub Rails BINO X 50\"  id='av-masonry-1-item-7097' data-av-masonry-item='7097' class='av-masonry-entry isotope-item post-7097 attachment type-attachment status-inherit hentry  av-masonry-item-with-image' title=\"Boat Rub Rails BINO X 50\" alt=\"\"  data-av-masonry-custom-link=\"https:\/\/rubrails-tessilmare.com\/fr\/binox-50\/\"  itemprop=\"thumbnailUrl\" ><div class='av-inner-masonry-sizer'><\/div><figure class='av-inner-masonry main_color'><div class=\"av-masonry-outerimage-container\"><div class='av-masonry-image-container lazyload' style=\"background-image:inherit;\"  title=\"Boat Rub Rails BINO X 50\"  data-bg-image=\"url(https:\/\/rubrails-tessilmare.com\/wp-content\/uploads\/2017\/10\/bino-x-50_b.jpg)\"><\/div><\/div><figcaption class='av-inner-masonry-content site-background'><div class='av-inner-masonry-content-pos'><div class='av-inner-masonry-content-pos-content'><div class='avia-arrow'><\/div><div class='av-masonry-entry-content entry-content'  itemprop=\"text\" >BINOX 50<\/div><\/div><\/div><\/figcaption><\/figure><\/a><!--end av-masonry entry--><a href=\"https:\/\/rubrails-tessilmare.com\/fr\/binox-65\/\"  aria-label=\"image Binox 65\"  id='av-masonry-1-item-7191' data-av-masonry-item='7191' class='av-masonry-entry isotope-item post-7191 attachment type-attachment status-inherit hentry  av-masonry-item-with-image' title=\"Binox 65\" alt=\"\"  data-av-masonry-custom-link=\"https:\/\/rubrails-tessilmare.com\/fr\/binox-65\/\"  itemprop=\"thumbnailUrl\" ><div class='av-inner-masonry-sizer'><\/div><figure class='av-inner-masonry main_color'><div class=\"av-masonry-outerimage-container\"><div class='av-masonry-image-container lazyload' style=\"background-image:inherit;\"  title=\"Binox 65\"  data-bg-image=\"url(https:\/\/rubrails-tessilmare.com\/wp-content\/uploads\/2022\/01\/Binox-65-1-705x705.jpg)\"><\/div><\/div><figcaption class='av-inner-masonry-content site-background'><div class='av-inner-masonry-content-pos'><div class='av-inner-masonry-content-pos-content'><div class='avia-arrow'><\/div><div class='av-masonry-entry-content entry-content'  itemprop=\"text\" >BINOX 65<\/div><\/div><\/div><\/figcaption><\/figure><\/a><!--end av-masonry entry--><\/div><\/div>\n\n<style type=\"text\/css\" data-created_by=\"avia_inline_auto\" id=\"style-css-av-7248n-4897986dcc2101b02e884fa3863d44e9\">\n#top .hr.hr-invisible.av-7248n-4897986dcc2101b02e884fa3863d44e9{\nheight:5px;\n}\n<\/style>\n<div  class='hr av-7248n-4897986dcc2101b02e884fa3863d44e9 hr-invisible  avia-builder-el-7  el_after_av_masonry_gallery  avia-builder-el-no-sibling '><span class='hr-inner '><span class=\"hr-inner-style\"><\/span><\/span><\/div>\n","protected":false},"excerpt":{"rendered":"","protected":false},"author":1,"featured_media":0,"parent":7408,"menu_order":0,"comment_status":"closed","ping_status":"closed","template":"","meta":{"rank_math_lock_modified_date":false,"footnotes":""},"class_list":["post-7414","page","type-page","status-publish","hentry"],"_links":{"self":[{"href":"https:\/\/rubrails-tessilmare.com\/fr\/wp-json\/wp\/v2\/pages\/7414"}],"collection":[{"href":"https:\/\/rubrails-tessilmare.com\/fr\/wp-json\/wp\/v2\/pages"}],"about":[{"href":"https:\/\/rubrails-tessilmare.com\/fr\/wp-json\/wp\/v2\/types\/page"}],"author":[{"embeddable":true,"href":"https:\/\/rubrails-tessilmare.com\/fr\/wp-json\/wp\/v2\/users\/1"}],"replies":[{"embeddable":true,"href":"https:\/\/rubrails-tessilmare.com\/fr\/wp-json\/wp\/v2\/comments?post=7414"}],"version-history":[{"count":19,"href":"https:\/\/rubrails-tessilmare.com\/fr\/wp-json\/wp\/v2\/pages\/7414\/revisions"}],"predecessor-version":[{"id":9218,"href":"https:\/\/rubrails-tessilmare.com\/fr\/wp-json\/wp\/v2\/pages\/7414\/revisions\/9218"}],"up":[{"embeddable":true,"href":"https:\/\/rubrails-tessilmare.com\/fr\/wp-json\/wp\/v2\/pages\/7408"}],"wp:attachment":[{"href":"https:\/\/rubrails-tessilmare.com\/fr\/wp-json\/wp\/v2\/media?parent=7414"}],"curies":[{"name":"wp","href":"https:\/\/api.w.org\/{rel}","templated":true}]}}