{"id":7415,"date":"2017-07-19T16:37:42","date_gmt":"2017-07-19T14:37:42","guid":{"rendered":"https:\/\/rubrails-tessilmare.com\/boat-rub-rails\/sphaera-boat-rub-rails\/"},"modified":"2025-05-29T15:58:55","modified_gmt":"2025-05-29T13:58:55","slug":"sphaera-liston-pare-battage","status":"publish","type":"page","link":"https:\/\/rubrails-tessilmare.com\/fr\/listons-para-battage\/sphaera-liston-pare-battage\/","title":{"rendered":"Sphaera"},"content":{"rendered":"\n<style type=\"text\/css\" data-created_by=\"avia_inline_auto\" id=\"style-css-av-1a70x1-9af4231ef3af2f7f7994c8aa62c12829\">\n.flex_column.av-1a70x1-9af4231ef3af2f7f7994c8aa62c12829{\nborder-radius:0px 0px 0px 0px;\npadding:0px 0px 0px 0px;\n}\n<\/style>\n<div  class='flex_column av-1a70x1-9af4231ef3af2f7f7994c8aa62c12829 av_one_full  avia-builder-el-0  el_before_av_textblock  avia-builder-el-first  first flex_column_div av-zero-column-padding  '     ><p>\n<style type=\"text\/css\" data-created_by=\"avia_inline_auto\" id=\"style-css-av-g1jr9-a007311e16149b9bebb180247c867a43\">\n#top .av-special-heading.av-g1jr9-a007311e16149b9bebb180247c867a43{\npadding-bottom:0;\n}\nbody .av-special-heading.av-g1jr9-a007311e16149b9bebb180247c867a43 .av-special-heading-tag .heading-char{\nfont-size:25px;\n}\n.av-special-heading.av-g1jr9-a007311e16149b9bebb180247c867a43 .av-subheading{\nfont-size:15px;\n}\n<\/style>\n<div  class='av-special-heading av-g1jr9-a007311e16149b9bebb180247c867a43 av-special-heading-h1 blockquote modern-quote modern-centered  avia-builder-el-1  el_before_av_heading  avia-builder-el-first '><h1 class='av-special-heading-tag '  itemprop=\"headline\"  >LISTON PARE-BATTAGE BATEAU &#8211; SPHAERA<\/h1><div class=\"special-heading-border\"><div class=\"special-heading-inner-border\"><\/div><\/div><\/div><br \/>\n\n<style type=\"text\/css\" data-created_by=\"avia_inline_auto\" id=\"style-css-av-nlml-66967bc6999b8e9ac153a88f9a38d70b\">\n#top .av-special-heading.av-nlml-66967bc6999b8e9ac153a88f9a38d70b{\npadding-bottom:0;\nfont-size:20px;\n}\nbody .av-special-heading.av-nlml-66967bc6999b8e9ac153a88f9a38d70b .av-special-heading-tag .heading-char{\nfont-size:25px;\n}\n#top #wrap_all .av-special-heading.av-nlml-66967bc6999b8e9ac153a88f9a38d70b .av-special-heading-tag{\nfont-size:20px;\n}\n.av-special-heading.av-nlml-66967bc6999b8e9ac153a88f9a38d70b .av-subheading{\nfont-size:15px;\n}\n\n@media only screen and (min-width: 480px) and (max-width: 767px){ \n#top #wrap_all .av-special-heading.av-nlml-66967bc6999b8e9ac153a88f9a38d70b .av-special-heading-tag{\nfont-size:0.8em;\n}\n}\n\n@media only screen and (max-width: 479px){ \n#top #wrap_all .av-special-heading.av-nlml-66967bc6999b8e9ac153a88f9a38d70b .av-special-heading-tag{\nfont-size:0.8em;\n}\n}\n<\/style>\n<div  class='av-special-heading av-nlml-66967bc6999b8e9ac153a88f9a38d70b av-special-heading-h2 blockquote modern-quote modern-centered  avia-builder-el-2  el_after_av_heading  el_before_av_hr  av-inherit-size'><h2 class='av-special-heading-tag '  itemprop=\"headline\"  >SPHAERA est l\u2019une des premieres listons pare-battage \u00e0 allier performances techniques \u00e9lev\u00e9es, design soign\u00e9, haute qualit\u00e9 et durabilit\u00e9.<\/h2><div class=\"special-heading-border\"><div class=\"special-heading-inner-border\"><\/div><\/div><\/div><br \/>\n\n<style type=\"text\/css\" data-created_by=\"avia_inline_auto\" id=\"style-css-av-s9mcl-c6bfbab11279ce1d61a9a3860a2e298e\">\n#top .hr.av-s9mcl-c6bfbab11279ce1d61a9a3860a2e298e{\nmargin-top:5px;\nmargin-bottom:10px;\n}\n.hr.av-s9mcl-c6bfbab11279ce1d61a9a3860a2e298e .hr-inner{\nwidth:7%;\nborder-color:#15354e;\n}\n<\/style>\n<div  class='hr av-s9mcl-c6bfbab11279ce1d61a9a3860a2e298e hr-custom  avia-builder-el-3  el_after_av_heading  avia-builder-el-last  hr-center hr-icon-no'><span class='hr-inner inner-border-av-border-fat'><span class=\"hr-inner-style\"><\/span><\/span><\/div><\/p><\/div>\n<section  class='av_textblock_section av-iihx1-972b9a6f78769d5decc591c7b61ab20f '   itemscope=\"itemscope\" itemtype=\"https:\/\/schema.org\/CreativeWork\" ><div class='avia_textblock'  itemprop=\"text\" ><p style=\"text-align: left;\">Cet liston pare-battage BREVET\u00c9E offre plusieurs options d\u2019installation faciles et rapides, adapt\u00e9es \u00e0 une grande vari\u00e9t\u00e9 d\u2019applications diff\u00e9rentes : il est possible de la fixer directement sur le bateau ou avec une base en PVC extr\u00eamement solide et durable, disponible en version standard et slim.<\/p>\n<p style=\"text-align: left;\">Le profil en acier inoxydable est dot\u00e9 d\u2019un noyau en Duralene garantissant son adaptabilit\u00e9 \u00e0 la coque du bateau. Il peut \u00eatre facilement cintr\u00e9 autour des angles de coque sans cr\u00e9er de plis dans le m\u00e9tal.<\/p>\n<p style=\"text-align: left;\">L\u2019installation de SPHAERA est rapide et simple puisque le bateau sert de gabarit de cintrage. Une fois la base en PVC positionn\u00e9e \u00e0 l\u2019aide de ruban adh\u00e9sif, les barres en acier inoxydable pr\u00e9-perc\u00e9es sont align\u00e9es dessus.<\/p>\n<p style=\"text-align: left;\">L\u2019assemblage est ensuite s\u00e9curis\u00e9 avec des vis en acier inoxydable. Les capuchons de joint en acier inoxydable couvrent les espaces aux jonctions tout en maintenant les barres parfaitement align\u00e9es. Les embouts en acier inoxydable apportent une finition esth\u00e9tique aux tableaux arri\u00e8re et aux c\u00f4t\u00e9s du bateau. SPHAERA est parfaite pour toutes les situations marines, yachts et bateaux avec jonctions plates ou en bo\u00eete.<\/p>\n<p>&nbsp;<\/p>\n<\/div><\/section>\n\n<style type=\"text\/css\" data-created_by=\"avia_inline_auto\" id=\"style-css-av-dq34l-e312d4b81a8dce66f5a31d0c48589345\">\n#top .av-masonry.av-dq34l-e312d4b81a8dce66f5a31d0c48589345{\nbackground-color:#ffffff;\n}\n<\/style>\n<div id='av-masonry-1' class='av-masonry av-dq34l-e312d4b81a8dce66f5a31d0c48589345 noHover av-fixed-size av-1px-gap av-hover-overlay-active av-masonry-animation-active av-masonry-col-4 av-caption-on-hover av-caption-style-overlay av-masonry-gallery av-medium-columns-overwrite av-medium-columns-3 av-orientation-square ' data-post_id=\"7415\"><div class=\"av-masonry-container isotope av-js-disabled\"><div class='av-masonry-entry isotope-item av-masonry-item-no-image '><\/div><a href=\"https:\/\/rubrails-tessilmare.com\/fr\/barre-en-acier-inoxydable-sphaera-316l-25\/\"  aria-label=\"image SPHAERA_25\"  id='av-masonry-1-item-6814' data-av-masonry-item='6814' class='av-masonry-entry isotope-item post-6814 attachment type-attachment status-inherit hentry  av-masonry-item-with-image' title=\"SPHAERA_25\" alt=\"\"  data-av-masonry-custom-link=\"https:\/\/rubrails-tessilmare.com\/fr\/barre-en-acier-inoxydable-sphaera-316l-25\/\"  itemprop=\"thumbnailUrl\" ><div class='av-inner-masonry-sizer'><\/div><figure class='av-inner-masonry main_color'><div class=\"av-masonry-outerimage-container\"><div class='av-masonry-image-container lazyload' style=\"background-image:inherit;\"  title=\"SPHAERA_25\"  data-bg-image=\"url(https:\/\/rubrails-tessilmare.com\/wp-content\/uploads\/2017\/07\/SPHAERA_25-705x705.jpg)\"><\/div><\/div><figcaption class='av-inner-masonry-content site-background'><div class='av-inner-masonry-content-pos'><div class='av-inner-masonry-content-pos-content'><div class='avia-arrow'><\/div><div class='av-masonry-entry-content entry-content'  itemprop=\"text\" >SPHAERA STAINLESS STEEL 316L BAR 25<\/div><\/div><\/div><\/figcaption><\/figure><\/a><!--end av-masonry entry--><a href=\"https:\/\/rubrails-tessilmare.com\/fr\/barre-en-acier-inoxydable-sphaera-316l-35\/\"  aria-label=\"image SPHAERA_35\"  id='av-masonry-1-item-6809' data-av-masonry-item='6809' class='av-masonry-entry isotope-item post-6809 attachment type-attachment status-inherit hentry  av-masonry-item-with-image' title=\"SPHAERA_35\" alt=\"\"  data-av-masonry-custom-link=\"https:\/\/rubrails-tessilmare.com\/fr\/barre-en-acier-inoxydable-sphaera-316l-35\/\"  itemprop=\"thumbnailUrl\" ><div class='av-inner-masonry-sizer'><\/div><figure class='av-inner-masonry main_color'><div class=\"av-masonry-outerimage-container\"><div class='av-masonry-image-container lazyload' style=\"background-image:inherit;\"  title=\"SPHAERA_35\"  data-bg-image=\"url(https:\/\/rubrails-tessilmare.com\/wp-content\/uploads\/2017\/07\/SPHAERA_35-705x705.jpg)\"><\/div><\/div><figcaption class='av-inner-masonry-content site-background'><div class='av-inner-masonry-content-pos'><div class='av-inner-masonry-content-pos-content'><div class='avia-arrow'><\/div><div class='av-masonry-entry-content entry-content'  itemprop=\"text\" >SPHAERA STAINLESS STEEL 316L BAR 35<\/div><\/div><\/div><\/figcaption><\/figure><\/a><!--end av-masonry entry--><a href=\"https:\/\/rubrails-tessilmare.com\/fr\/barre-en-acier-inoxydable-316l-sphaera-50\/\"  aria-label=\"image SPHAERA_50\"  id='av-masonry-1-item-6801' data-av-masonry-item='6801' class='av-masonry-entry isotope-item post-6801 attachment type-attachment status-inherit hentry  av-masonry-item-with-image' title=\"SPHAERA_50\" alt=\"\"  data-av-masonry-custom-link=\"https:\/\/rubrails-tessilmare.com\/fr\/barre-en-acier-inoxydable-316l-sphaera-50\/\"  itemprop=\"thumbnailUrl\" ><div class='av-inner-masonry-sizer'><\/div><figure class='av-inner-masonry main_color'><div class=\"av-masonry-outerimage-container\"><div class='av-masonry-image-container lazyload' style=\"background-image:inherit;\"  title=\"SPHAERA_50\"  data-bg-image=\"url(https:\/\/rubrails-tessilmare.com\/wp-content\/uploads\/2017\/07\/SPHAERA_50-705x705.jpg)\"><\/div><\/div><figcaption class='av-inner-masonry-content site-background'><div class='av-inner-masonry-content-pos'><div class='av-inner-masonry-content-pos-content'><div class='avia-arrow'><\/div><div class='av-masonry-entry-content entry-content'  itemprop=\"text\" >SPHAERA STAINLESS STEEL 316L BAR 50<\/div><\/div><\/div><\/figcaption><\/figure><\/a><!--end av-masonry entry--><a href=\"https:\/\/rubrails-tessilmare.com\/fr\/barre-en-acier-inoxydable-316l-sphaera-65\/\"  aria-label=\"image Boat Bumpers SPHAERA 65\"  id='av-masonry-1-item-6794' data-av-masonry-item='6794' class='av-masonry-entry isotope-item post-6794 attachment type-attachment status-inherit hentry  av-masonry-item-with-image' title=\"Boat Bumpers SPHAERA 65\" alt=\"\"  data-av-masonry-custom-link=\"https:\/\/rubrails-tessilmare.com\/fr\/barre-en-acier-inoxydable-316l-sphaera-65\/\"  itemprop=\"thumbnailUrl\" ><div class='av-inner-masonry-sizer'><\/div><figure class='av-inner-masonry main_color'><div class=\"av-masonry-outerimage-container\"><div class='av-masonry-image-container lazyload' style=\"background-image:inherit;\"  title=\"Boat Bumpers SPHAERA 65\"  data-bg-image=\"url(https:\/\/rubrails-tessilmare.com\/wp-content\/uploads\/2017\/07\/SPHAERA_65-705x705.jpg)\"><\/div><\/div><figcaption class='av-inner-masonry-content site-background'><div class='av-inner-masonry-content-pos'><div class='av-inner-masonry-content-pos-content'><div class='avia-arrow'><\/div><div class='av-masonry-entry-content entry-content'  itemprop=\"text\" >SPHAERA STAINLESS STEEL 316L BAR 65<\/div><\/div><\/div><\/figcaption><\/figure><\/a><!--end av-masonry entry--><a href=\"https:\/\/rubrails-tessilmare.com\/fr\/base-sphaera-slim-25\/\"  aria-label=\"image SPHAERA_SLIM25\"  id='av-masonry-1-item-6788' data-av-masonry-item='6788' class='av-masonry-entry isotope-item post-6788 attachment type-attachment status-inherit hentry  av-masonry-item-with-image' title=\"SPHAERA_SLIM25\" alt=\"\"  data-av-masonry-custom-link=\"https:\/\/rubrails-tessilmare.com\/fr\/base-sphaera-slim-25\/\"  itemprop=\"thumbnailUrl\" ><div class='av-inner-masonry-sizer'><\/div><figure class='av-inner-masonry main_color'><div class=\"av-masonry-outerimage-container\"><div class='av-masonry-image-container lazyload' style=\"background-image:inherit;\"  title=\"SPHAERA_SLIM25\"  data-bg-image=\"url(https:\/\/rubrails-tessilmare.com\/wp-content\/uploads\/2017\/07\/SPHAERA_SLIM25-705x705.jpg)\"><\/div><\/div><figcaption class='av-inner-masonry-content site-background'><div class='av-inner-masonry-content-pos'><div class='av-inner-masonry-content-pos-content'><div class='avia-arrow'><\/div><div class='av-masonry-entry-content entry-content'  itemprop=\"text\" >SPHAERA SLIM BASE 25<\/div><\/div><\/div><\/figcaption><\/figure><\/a><!--end av-masonry entry--><a href=\"https:\/\/rubrails-tessilmare.com\/fr\/base-sphaera-slim-35\/\"  aria-label=\"image SPHAERA_SLIM35\"  id='av-masonry-1-item-6782' data-av-masonry-item='6782' class='av-masonry-entry isotope-item post-6782 attachment type-attachment status-inherit hentry  av-masonry-item-with-image' title=\"SPHAERA_SLIM35\" alt=\"\"  data-av-masonry-custom-link=\"https:\/\/rubrails-tessilmare.com\/fr\/base-sphaera-slim-35\/\"  itemprop=\"thumbnailUrl\" ><div class='av-inner-masonry-sizer'><\/div><figure class='av-inner-masonry main_color'><div class=\"av-masonry-outerimage-container\"><div class='av-masonry-image-container lazyload' style=\"background-image:inherit;\"  title=\"SPHAERA_SLIM35\"  data-bg-image=\"url(https:\/\/rubrails-tessilmare.com\/wp-content\/uploads\/2017\/07\/SPHAERA_SLIM35-705x705.jpg)\"><\/div><\/div><figcaption class='av-inner-masonry-content site-background'><div class='av-inner-masonry-content-pos'><div class='av-inner-masonry-content-pos-content'><div class='avia-arrow'><\/div><div class='av-masonry-entry-content entry-content'  itemprop=\"text\" >SPHAERA SLIM BASE 35<\/div><\/div><\/div><\/figcaption><\/figure><\/a><!--end av-masonry entry--><a href=\"https:\/\/rubrails-tessilmare.com\/fr\/base-sphaera-slim-50\/\"  aria-label=\"image SPHAERA_SLIM50\"  id='av-masonry-1-item-6774' data-av-masonry-item='6774' class='av-masonry-entry isotope-item post-6774 attachment type-attachment status-inherit hentry  av-masonry-item-with-image' title=\"SPHAERA_SLIM50\" alt=\"\"  data-av-masonry-custom-link=\"https:\/\/rubrails-tessilmare.com\/fr\/base-sphaera-slim-50\/\"  itemprop=\"thumbnailUrl\" ><div class='av-inner-masonry-sizer'><\/div><figure class='av-inner-masonry main_color'><div class=\"av-masonry-outerimage-container\"><div class='av-masonry-image-container lazyload' style=\"background-image:inherit;\"  title=\"SPHAERA_SLIM50\"  data-bg-image=\"url(https:\/\/rubrails-tessilmare.com\/wp-content\/uploads\/2017\/07\/SPHAERA_SLIM50-705x705.jpg)\"><\/div><\/div><figcaption class='av-inner-masonry-content site-background'><div class='av-inner-masonry-content-pos'><div class='av-inner-masonry-content-pos-content'><div class='avia-arrow'><\/div><div class='av-masonry-entry-content entry-content'  itemprop=\"text\" >SPHAERA SLIM BASE 50<\/div><\/div><\/div><\/figcaption><\/figure><\/a><!--end av-masonry entry--><a href=\"https:\/\/rubrails-tessilmare.com\/fr\/sphaera-slim-base-65\/\"  aria-label=\"image SPHAERA_SLIM65B\"  id='av-masonry-1-item-6766' data-av-masonry-item='6766' class='av-masonry-entry isotope-item post-6766 attachment type-attachment status-inherit hentry  av-masonry-item-with-image' title=\"SPHAERA_SLIM65B\" alt=\"\"  data-av-masonry-custom-link=\"https:\/\/rubrails-tessilmare.com\/fr\/sphaera-slim-base-65\/\"  itemprop=\"thumbnailUrl\" ><div class='av-inner-masonry-sizer'><\/div><figure class='av-inner-masonry main_color'><div class=\"av-masonry-outerimage-container\"><div class='av-masonry-image-container lazyload' style=\"background-image:inherit;\"  title=\"SPHAERA_SLIM65B\"  data-bg-image=\"url(https:\/\/rubrails-tessilmare.com\/wp-content\/uploads\/2017\/07\/SPHAERA_SLIM65B-705x705.jpg)\"><\/div><\/div><figcaption class='av-inner-masonry-content site-background'><div class='av-inner-masonry-content-pos'><div class='av-inner-masonry-content-pos-content'><div class='avia-arrow'><\/div><div class='av-masonry-entry-content entry-content'  itemprop=\"text\" >SPHAERA SLIM BASE 65<\/div><\/div><\/div><\/figcaption><\/figure><\/a><!--end av-masonry entry--><a href=\"https:\/\/rubrails-tessilmare.com\/fr\/sphaera-base-pvc-25\/\"  aria-label=\"image SPHAERA_base25\"  id='av-masonry-1-item-6760' data-av-masonry-item='6760' class='av-masonry-entry isotope-item post-6760 attachment type-attachment status-inherit hentry  av-masonry-item-with-image' title=\"SPHAERA_base25\" alt=\"\"  data-av-masonry-custom-link=\"https:\/\/rubrails-tessilmare.com\/fr\/sphaera-base-pvc-25\/\"  itemprop=\"thumbnailUrl\" ><div class='av-inner-masonry-sizer'><\/div><figure class='av-inner-masonry main_color'><div class=\"av-masonry-outerimage-container\"><div class='av-masonry-image-container lazyload' style=\"background-image:inherit;\"  title=\"SPHAERA_base25\"  data-bg-image=\"url(https:\/\/rubrails-tessilmare.com\/wp-content\/uploads\/2017\/07\/SPHAERA_base25-705x705.jpg)\"><\/div><\/div><figcaption class='av-inner-masonry-content site-background'><div class='av-inner-masonry-content-pos'><div class='av-inner-masonry-content-pos-content'><div class='avia-arrow'><\/div><div class='av-masonry-entry-content entry-content'  itemprop=\"text\" >SPHAERA 25 PVC BASE 40<\/div><\/div><\/div><\/figcaption><\/figure><\/a><!--end av-masonry entry--><a href=\"https:\/\/rubrails-tessilmare.com\/fr\/base-pvc-sphaera-35\/\"  aria-label=\"image SPHAERA_base35\"  id='av-masonry-1-item-6754' data-av-masonry-item='6754' class='av-masonry-entry isotope-item post-6754 attachment type-attachment status-inherit hentry  av-masonry-item-with-image' title=\"SPHAERA_base35\" alt=\"\"  data-av-masonry-custom-link=\"https:\/\/rubrails-tessilmare.com\/fr\/base-pvc-sphaera-35\/\"  itemprop=\"thumbnailUrl\" ><div class='av-inner-masonry-sizer'><\/div><figure class='av-inner-masonry main_color'><div class=\"av-masonry-outerimage-container\"><div class='av-masonry-image-container lazyload' style=\"background-image:inherit;\"  title=\"SPHAERA_base35\"  data-bg-image=\"url(https:\/\/rubrails-tessilmare.com\/wp-content\/uploads\/2017\/07\/SPHAERA_base35-705x705.jpg)\"><\/div><\/div><figcaption class='av-inner-masonry-content site-background'><div class='av-inner-masonry-content-pos'><div class='av-inner-masonry-content-pos-content'><div class='avia-arrow'><\/div><div class='av-masonry-entry-content entry-content'  itemprop=\"text\" >SPHAERA 35 PVC BASE 50<\/div><\/div><\/div><\/figcaption><\/figure><\/a><!--end av-masonry entry--><a href=\"https:\/\/rubrails-tessilmare.com\/fr\/base-pvc-sphaera-50\/\"  aria-label=\"image SPHAERA_base50\"  id='av-masonry-1-item-6741' data-av-masonry-item='6741' class='av-masonry-entry isotope-item post-6741 attachment type-attachment status-inherit hentry  av-masonry-item-with-image' title=\"SPHAERA_base50\" alt=\"\"  data-av-masonry-custom-link=\"https:\/\/rubrails-tessilmare.com\/fr\/base-pvc-sphaera-50\/\"  itemprop=\"thumbnailUrl\" ><div class='av-inner-masonry-sizer'><\/div><figure class='av-inner-masonry main_color'><div class=\"av-masonry-outerimage-container\"><div class='av-masonry-image-container lazyload' style=\"background-image:inherit;\"  title=\"SPHAERA_base50\"  data-bg-image=\"url(https:\/\/rubrails-tessilmare.com\/wp-content\/uploads\/2017\/07\/SPHAERA_base50-705x705.jpg)\"><\/div><\/div><figcaption class='av-inner-masonry-content site-background'><div class='av-inner-masonry-content-pos'><div class='av-inner-masonry-content-pos-content'><div class='avia-arrow'><\/div><div class='av-masonry-entry-content entry-content'  itemprop=\"text\" >SPHAERA 50 PVC BASE 70<\/div><\/div><\/div><\/figcaption><\/figure><\/a><!--end av-masonry entry--><a href=\"https:\/\/rubrails-tessilmare.com\/fr\/sphaera-base-pvc-65\/\"  aria-label=\"image SPHAERA_base65\"  id='av-masonry-1-item-6724' data-av-masonry-item='6724' class='av-masonry-entry isotope-item post-6724 attachment type-attachment status-inherit hentry  av-masonry-item-with-image' title=\"SPHAERA_base65\" alt=\"\"  data-av-masonry-custom-link=\"https:\/\/rubrails-tessilmare.com\/fr\/sphaera-base-pvc-65\/\"  itemprop=\"thumbnailUrl\" ><div class='av-inner-masonry-sizer'><\/div><figure class='av-inner-masonry main_color'><div class=\"av-masonry-outerimage-container\"><div class='av-masonry-image-container lazyload' style=\"background-image:inherit;\"  title=\"SPHAERA_base65\"  data-bg-image=\"url(https:\/\/rubrails-tessilmare.com\/wp-content\/uploads\/2017\/07\/SPHAERA_base65-705x705.jpg)\"><\/div><\/div><figcaption class='av-inner-masonry-content site-background'><div class='av-inner-masonry-content-pos'><div class='av-inner-masonry-content-pos-content'><div class='avia-arrow'><\/div><div class='av-masonry-entry-content entry-content'  itemprop=\"text\" >SPHAERA 65 PVC BASE 80<\/div><\/div><\/div><\/figcaption><\/figure><\/a><!--end av-masonry entry--><\/div><\/div>\n\n<style type=\"text\/css\" data-created_by=\"avia_inline_auto\" id=\"style-css-av-ao2h9-ebd986e8f4a4d7179c2926596a28e9fd\">\n#top .hr.hr-invisible.av-ao2h9-ebd986e8f4a4d7179c2926596a28e9fd{\nheight:5px;\n}\n<\/style>\n<div  class='hr av-ao2h9-ebd986e8f4a4d7179c2926596a28e9fd hr-invisible  avia-builder-el-6  el_after_av_masonry_gallery  avia-builder-el-no-sibling '><span class='hr-inner '><span class=\"hr-inner-style\"><\/span><\/span><\/div>\n","protected":false},"excerpt":{"rendered":"","protected":false},"author":1,"featured_media":0,"parent":7408,"menu_order":0,"comment_status":"closed","ping_status":"closed","template":"","meta":{"rank_math_lock_modified_date":false,"footnotes":""},"class_list":["post-7415","page","type-page","status-publish","hentry"],"_links":{"self":[{"href":"https:\/\/rubrails-tessilmare.com\/fr\/wp-json\/wp\/v2\/pages\/7415"}],"collection":[{"href":"https:\/\/rubrails-tessilmare.com\/fr\/wp-json\/wp\/v2\/pages"}],"about":[{"href":"https:\/\/rubrails-tessilmare.com\/fr\/wp-json\/wp\/v2\/types\/page"}],"author":[{"embeddable":true,"href":"https:\/\/rubrails-tessilmare.com\/fr\/wp-json\/wp\/v2\/users\/1"}],"replies":[{"embeddable":true,"href":"https:\/\/rubrails-tessilmare.com\/fr\/wp-json\/wp\/v2\/comments?post=7415"}],"version-history":[{"count":13,"href":"https:\/\/rubrails-tessilmare.com\/fr\/wp-json\/wp\/v2\/pages\/7415\/revisions"}],"predecessor-version":[{"id":9221,"href":"https:\/\/rubrails-tessilmare.com\/fr\/wp-json\/wp\/v2\/pages\/7415\/revisions\/9221"}],"up":[{"embeddable":true,"href":"https:\/\/rubrails-tessilmare.com\/fr\/wp-json\/wp\/v2\/pages\/7408"}],"wp:attachment":[{"href":"https:\/\/rubrails-tessilmare.com\/fr\/wp-json\/wp\/v2\/media?parent=7415"}],"curies":[{"name":"wp","href":"https:\/\/api.w.org\/{rel}","templated":true}]}}