{"id":7424,"date":"2017-07-19T16:33:38","date_gmt":"2017-07-19T14:33:38","guid":{"rendered":"https:\/\/rubrails-tessilmare.com\/who-we-are\/"},"modified":"2025-06-11T16:36:42","modified_gmt":"2025-06-11T14:36:42","slug":"who-we-are","status":"publish","type":"page","link":"https:\/\/rubrails-tessilmare.com\/fr\/who-we-are\/","title":{"rendered":"Qui sommes-nous"},"content":{"rendered":"\n<style type=\"text\/css\" data-created_by=\"avia_inline_auto\" id=\"style-css-av-77e40-2448fbe5a8fbd5adf15b251415b46258\">\n.flex_column.av-77e40-2448fbe5a8fbd5adf15b251415b46258{\nborder-radius:0px 0px 0px 0px;\npadding:0px 0px 0px 0px;\n}\n<\/style>\n<div  class='flex_column av-77e40-2448fbe5a8fbd5adf15b251415b46258 av_one_full  avia-builder-el-0  el_before_av_hr  avia-builder-el-first  first flex_column_div av-zero-column-padding  '     ><p>\n<style type=\"text\/css\" data-created_by=\"avia_inline_auto\" id=\"style-css-av-73264-7f11b179385e5b783e4f6fee8ef83db1\">\n#top .av-special-heading.av-73264-7f11b179385e5b783e4f6fee8ef83db1{\npadding-bottom:0;\n}\nbody .av-special-heading.av-73264-7f11b179385e5b783e4f6fee8ef83db1 .av-special-heading-tag .heading-char{\nfont-size:25px;\n}\n.av-special-heading.av-73264-7f11b179385e5b783e4f6fee8ef83db1 .av-subheading{\nfont-size:15px;\n}\n<\/style>\n<div  class='av-special-heading av-73264-7f11b179385e5b783e4f6fee8ef83db1 av-special-heading-h1 blockquote modern-quote modern-centered  avia-builder-el-1  el_before_av_hr  avia-builder-el-first '><h1 class='av-special-heading-tag '  itemprop=\"headline\"  >QUI SOMMES-NOUS<\/h1><div class=\"special-heading-border\"><div class=\"special-heading-inner-border\"><\/div><\/div><\/div><br \/>\n\n<style type=\"text\/css\" data-created_by=\"avia_inline_auto\" id=\"style-css-av-6asvw-fd9d26c834422d3fb47b48f2ab5e03f5\">\n#top .hr.av-6asvw-fd9d26c834422d3fb47b48f2ab5e03f5{\nmargin-top:5px;\nmargin-bottom:10px;\n}\n.hr.av-6asvw-fd9d26c834422d3fb47b48f2ab5e03f5 .hr-inner{\nwidth:7%;\nborder-color:#15354e;\n}\n<\/style>\n<div  class='hr av-6asvw-fd9d26c834422d3fb47b48f2ab5e03f5 hr-custom  avia-builder-el-2  el_after_av_heading  avia-builder-el-last  hr-center hr-icon-no'><span class='hr-inner inner-border-av-border-fat'><span class=\"hr-inner-style\"><\/span><\/span><\/div><\/p><\/div>\n\n<style type=\"text\/css\" data-created_by=\"avia_inline_auto\" id=\"style-css-av-5pvew-24c2a53f5053a0193f4833059d494e85\">\n#top .hr.hr-invisible.av-5pvew-24c2a53f5053a0193f4833059d494e85{\nmargin-top:-30px;\nheight:1px;\n}\n<\/style>\n<div  class='hr av-5pvew-24c2a53f5053a0193f4833059d494e85 hr-invisible  avia-builder-el-3  el_after_av_one_full  el_before_av_one_third '><span class='hr-inner '><span class=\"hr-inner-style\"><\/span><\/span><\/div>\n\n<style type=\"text\/css\" data-created_by=\"avia_inline_auto\" id=\"style-css-av-54y0o-79cb8505a9e223c69008209d1924faf4\">\n.flex_column.av-54y0o-79cb8505a9e223c69008209d1924faf4{\nborder-width:1px;\nborder-color:#15354e;\nborder-style:solid;\nborder-radius:0px 0px 0px 0px;\npadding:5px 5px 5px 5px;\n}\n<\/style>\n<div  class='flex_column av-54y0o-79cb8505a9e223c69008209d1924faf4 av_one_third  avia-builder-el-4  el_after_av_hr  el_before_av_two_third  first av-break-at-tablet flex_column_div  '     ><style type=\"text\/css\" data-created_by=\"avia_inline_auto\" id=\"style-css-av-4bgd8-ae78a9e3e9da9373e88ec383f89a516c\">\n.avia-image-container.av-4bgd8-ae78a9e3e9da9373e88ec383f89a516c img.avia_image{\nbox-shadow:none;\n}\n.avia-image-container.av-4bgd8-ae78a9e3e9da9373e88ec383f89a516c .av-image-caption-overlay-center{\ncolor:#ffffff;\n}\n<\/style>\n<div  class='avia-image-container av-4bgd8-ae78a9e3e9da9373e88ec383f89a516c av-styling- avia-align-center  avia-builder-el-5  avia-builder-el-no-sibling '   itemprop=\"image\" itemscope=\"itemscope\" itemtype=\"https:\/\/schema.org\/ImageObject\" ><div class=\"avia-image-container-inner\"><div class=\"avia-image-overlay-wrap\"><img decoding=\"async\" fetchpriority=\"high\" class='wp-image-7080 avia-img-lazy-loading-not-7080 avia_image ' src=\"https:\/\/rubrails-tessilmare.com\/wp-content\/uploads\/2017\/07\/Tessilmare-Staff.jpg\" alt='' title='Tessilmare-Staff'  height=\"1013\" width=\"737\"  itemprop=\"thumbnailUrl\" srcset=\"https:\/\/b1654183.smushcdn.com\/1654183\/wp-content\/uploads\/2017\/07\/Tessilmare-Staff.jpg?lossy=0&amp;strip=1&amp;webp=1 737w, https:\/\/b1654183.smushcdn.com\/1654183\/wp-content\/uploads\/2017\/07\/Tessilmare-Staff-218x300.jpg?lossy=0&amp;strip=1&amp;webp=1 218w, https:\/\/b1654183.smushcdn.com\/1654183\/wp-content\/uploads\/2017\/07\/Tessilmare-Staff-513x705.jpg?lossy=0&amp;strip=1&amp;webp=1 513w, https:\/\/b1654183.smushcdn.com\/1654183\/wp-content\/uploads\/2017\/07\/Tessilmare-Staff-450x619.jpg?lossy=0&amp;strip=1&amp;webp=1 450w\" sizes=\"(max-width: 737px) 100vw, 737px\" \/><\/div><\/div><\/div><\/div>\n\n<style type=\"text\/css\" data-created_by=\"avia_inline_auto\" id=\"style-css-av-3qprg-2231e158b7064b9d1ebb2ffc296594fa\">\n.flex_column.av-3qprg-2231e158b7064b9d1ebb2ffc296594fa{\nborder-radius:0px 0px 0px 0px;\npadding:0px 0px 0px 0px;\n}\n<\/style>\n<div  class='flex_column av-3qprg-2231e158b7064b9d1ebb2ffc296594fa av_two_third  avia-builder-el-6  el_after_av_one_third  el_before_av_hr  av-break-at-tablet flex_column_div av-zero-column-padding  '     ><p>\n<style type=\"text\/css\" data-created_by=\"avia_inline_auto\" id=\"style-css-av-3jurs-611bfff55ce2af1e91af9650d782ede7\">\n#top .hr.hr-invisible.av-3jurs-611bfff55ce2af1e91af9650d782ede7{\nmargin-top:-13px;\nheight:1px;\n}\n<\/style>\n<div  class='hr av-3jurs-611bfff55ce2af1e91af9650d782ede7 hr-invisible  avia-builder-el-7  el_before_av_textblock  avia-builder-el-first '><span class='hr-inner '><span class=\"hr-inner-style\"><\/span><\/span><\/div><br \/>\n<section  class='av_textblock_section av-2umwg-b0d497012a3778138debaaa0aaeb6013 '   itemscope=\"itemscope\" itemtype=\"https:\/\/schema.org\/CreativeWork\" ><div class='avia_textblock'  itemprop=\"text\" ><p>Bienvenue chez Rub Rails Tessilmare ! Merci de prendre le temps de visiter notre site web et <a href=\"https:\/\/rubrails-tessilmare.com\/fr\/listons-para-battage\/\">la gamme exceptionnelle de Rub Rails que nous fournissons dans le monde entier<\/a>. Tessilmare est une entreprise familiale situ\u00e9e en Italie. Tessilmare se sp\u00e9cialise dans les Rub Rails depuis 1947. Nous comprenons ce que nos clients veulent, ont besoin et attendent en mati\u00e8re de Rub Rails de la plus haute qualit\u00e9.<\/p>\n<p>Chez Tessilmare, nous nous sp\u00e9cialisons dans la production uniquement des meilleurs Rub Rails de haute qualit\u00e9. Beaucoup d&rsquo;entreprises pr\u00e9f\u00e8rent se concentrer sur une grande vari\u00e9t\u00e9 de produits diff\u00e9rents, mais chez Tessilmare, nous pr\u00e9f\u00e9rons produire un nombre plus restreint de produits avec un niveau d&rsquo;exigence exceptionnel. Nous utilisons des <a href=\"https:\/\/rubrails-tessilmare.com\/fr\/who-we-are\/rail-de-protection-de-bateau-nouvelle-technologie\/\">profils brevet\u00e9s sp\u00e9ciaux<\/a> pour offrir \u00e0 nos clients un produit excellent, parfait dans chaque d\u00e9tail et dimension. Nous avons r\u00e9volutionn\u00e9 le monde des Rub Rails, offrant aux consommateurs nautiques du monde entier une gamme compl\u00e8te de profils polyvalents et \u00e9conomiques \u00e0 port\u00e9e de main.<\/p>\n<p data-start=\"1054\" data-end=\"1314\">Tous les Rub Rails de Tessilmare offrent \u00e0 nos clients une\u00a0<strong data-start=\"1113\" data-end=\"1139\">caract\u00e9ristique unique<\/strong>\u00a0qui les s\u00e9duira \u00e0 coup s\u00fbr ! Un exemple : le profil\u00a0<strong data-start=\"1192\" data-end=\"1200\">Bino<\/strong>. Tr\u00e8s facile \u00e0 manipuler et \u00e0 courber, il est id\u00e9al pour dissimuler les vis et obtenir des finitions impeccables.<\/p>\n<p data-start=\"1316\" data-end=\"1618\">Un autre de nos profils de Rub Rails remarquables est le\u00a0<strong data-start=\"1373\" data-end=\"1383\">Radial<\/strong>. Ce profil est tr\u00e8s simple \u00e0 installer :\u00a0<strong data-start=\"1425\" data-end=\"1451\">trois \u00e9tapes seulement<\/strong>\u00a0suffisent ! Cela repr\u00e9sente un gain de temps de pr\u00e8s de\u00a0<strong data-start=\"1508\" data-end=\"1516\">70 %<\/strong>\u00a0par rapport \u00e0 la concurrence. Il n\u2019y a rien de plus simple ou rapide que le Rub Rail \u00e0 profil Radial.<\/p>\n<p data-start=\"1620\" data-end=\"1931\">Si vous recherchez un Rub Rail\u00a0<strong data-start=\"1651\" data-end=\"1670\">ultra r\u00e9sistant<\/strong>\u00a0et\u00a0<strong data-start=\"1674\" data-end=\"1695\">extr\u00eamement l\u00e9ger<\/strong>, alors le profil\u00a0<strong data-start=\"1713\" data-end=\"1723\">Bumper<\/strong>\u00a0est fait pour vous ! Ce profil offre un cadre tr\u00e8s l\u00e9ger tout en conservant une solidit\u00e9 remarquable. Sa grande robustesse alli\u00e9e \u00e0 sa l\u00e9g\u00e8ret\u00e9 vous permet d\u2019\u00e9quiper votre bateau sans compromis sur le poids.<\/p>\n<p data-start=\"1933\" data-end=\"2218\" data-is-last-node=\"\" data-is-only-node=\"\">Notre Rub Rail le plus vendu est sans aucun doute le\u00a0<strong data-start=\"1986\" data-end=\"1997\">Sphaera<\/strong>\u00a0! Ce Rub Rail se distingue par une combinaison parfaite de\u00a0<strong data-start=\"2057\" data-end=\"2072\">flexibilit\u00e9<\/strong>,\u00a0<strong data-start=\"2074\" data-end=\"2087\">praticit\u00e9<\/strong>\u00a0et\u00a0<strong data-start=\"2091\" data-end=\"2105\">r\u00e9sistance<\/strong>. Il repr\u00e9sente un choix id\u00e9al pour ceux qui recherchent un produit performant et fiable en toutes circonstances.<\/p>\n<\/div><\/section><\/p><\/div>\n<style type=\"text\/css\" data-created_by=\"avia_inline_auto\" id=\"style-css-av-2d3ko-20d2b19df7e5e08076d8eb387ea9ffde\">\n#top .hr.hr-invisible.av-2d3ko-20d2b19df7e5e08076d8eb387ea9ffde{\nmargin-top:-20px;\nheight:1px;\n}\n<\/style>\n<div  class='hr av-2d3ko-20d2b19df7e5e08076d8eb387ea9ffde hr-invisible  avia-builder-el-9  el_after_av_two_third  el_before_av_one_full '><span class='hr-inner '><span class=\"hr-inner-style\"><\/span><\/span><\/div><\/p>\n\n<style type=\"text\/css\" data-created_by=\"avia_inline_auto\" id=\"style-css-av-5lds-6e21b4059e8342f07115565cfd567acc\">\n.flex_column.av-5lds-6e21b4059e8342f07115565cfd567acc{\nborder-radius:0px 0px 0px 0px;\npadding:0px 0px 0px 0px;\n}\n<\/style>\n<div  class='flex_column av-5lds-6e21b4059e8342f07115565cfd567acc av_one_full  avia-builder-el-10  el_after_av_hr  avia-builder-el-last  first flex_column_div av-zero-column-padding  '     ><section  class='av_textblock_section av-ykik-6374a57f6d8842785d9c614f8a20de47 '   itemscope=\"itemscope\" itemtype=\"https:\/\/schema.org\/CreativeWork\" ><div class='avia_textblock'  itemprop=\"text\" ><p>Bienvenue chez Rub Rails Tessilmare ! Merci de prendre le temps de visiter notre site web et <a href=\"https:\/\/rubrails-tessilmare.com\/fr\/listons-para-battage\/\">la gamme exceptionnelle de Rub Rails que nous fournissons dans le monde entier<\/a>. Tessilmare est une entreprise familiale situ\u00e9e en Italie. Tessilmare se sp\u00e9cialise dans les Rub Rails depuis 1947. Nous comprenons ce que nos clients veulent, ont besoin et attendent en mati\u00e8re de Rub Rails de la plus haute qualit\u00e9.<\/p>\n<p>Chez Tessilmare, nous nous sp\u00e9cialisons dans la production uniquement des meilleurs Rub Rails de haute qualit\u00e9. Beaucoup d&rsquo;entreprises pr\u00e9f\u00e8rent se concentrer sur une grande vari\u00e9t\u00e9 de produits diff\u00e9rents, mais chez Tessilmare, nous pr\u00e9f\u00e9rons produire un nombre plus restreint de produits avec un niveau d&rsquo;exigence exceptionnel. Nous utilisons des <a href=\"https:\/\/rubrails-tessilmare.com\/fr\/who-we-are\/rail-de-protection-de-bateau-nouvelle-technologie\/\">profils brevet\u00e9s sp\u00e9ciaux<\/a> pour offrir \u00e0 nos clients un produit excellent, parfait dans chaque d\u00e9tail et dimension. Nous avons r\u00e9volutionn\u00e9 le monde des Rub Rails, offrant aux consommateurs nautiques du monde entier une gamme compl\u00e8te de profils polyvalents et \u00e9conomiques \u00e0 port\u00e9e de main.<\/p>\n<\/div><\/section><\/div>\n","protected":false},"excerpt":{"rendered":"","protected":false},"author":1,"featured_media":0,"parent":0,"menu_order":0,"comment_status":"closed","ping_status":"closed","template":"","meta":{"rank_math_lock_modified_date":false,"footnotes":""},"class_list":["post-7424","page","type-page","status-publish","hentry"],"_links":{"self":[{"href":"https:\/\/rubrails-tessilmare.com\/fr\/wp-json\/wp\/v2\/pages\/7424"}],"collection":[{"href":"https:\/\/rubrails-tessilmare.com\/fr\/wp-json\/wp\/v2\/pages"}],"about":[{"href":"https:\/\/rubrails-tessilmare.com\/fr\/wp-json\/wp\/v2\/types\/page"}],"author":[{"embeddable":true,"href":"https:\/\/rubrails-tessilmare.com\/fr\/wp-json\/wp\/v2\/users\/1"}],"replies":[{"embeddable":true,"href":"https:\/\/rubrails-tessilmare.com\/fr\/wp-json\/wp\/v2\/comments?post=7424"}],"version-history":[{"count":4,"href":"https:\/\/rubrails-tessilmare.com\/fr\/wp-json\/wp\/v2\/pages\/7424\/revisions"}],"predecessor-version":[{"id":9657,"href":"https:\/\/rubrails-tessilmare.com\/fr\/wp-json\/wp\/v2\/pages\/7424\/revisions\/9657"}],"wp:attachment":[{"href":"https:\/\/rubrails-tessilmare.com\/fr\/wp-json\/wp\/v2\/media?parent=7424"}],"curies":[{"name":"wp","href":"https:\/\/api.w.org\/{rel}","templated":true}]}}