{"id":7468,"date":"2024-07-30T09:42:56","date_gmt":"2024-07-30T07:42:56","guid":{"rendered":"https:\/\/rubrails-tessilmare.com\/boat-rub-rails\/qbe-steel\/"},"modified":"2025-06-11T08:59:18","modified_gmt":"2025-06-11T06:59:18","slug":"qbe-steel","status":"publish","type":"page","link":"https:\/\/rubrails-tessilmare.com\/fr\/listons-para-battage\/qbe-steel\/","title":{"rendered":"QBE STEEL"},"content":{"rendered":"\n<style type=\"text\/css\" data-created_by=\"avia_inline_auto\" id=\"style-css-av-oavjn6-43e4e2ccccc1a5ddce71222729d5296e\">\n.flex_column.av-oavjn6-43e4e2ccccc1a5ddce71222729d5296e{\nborder-radius:0px 0px 0px 0px;\npadding:0px 0px 0px 0px;\n}\n<\/style>\n<div  class='flex_column av-oavjn6-43e4e2ccccc1a5ddce71222729d5296e av_one_full  avia-builder-el-0  el_before_av_hr  avia-builder-el-first  first flex_column_div av-zero-column-padding  '     ><p>\n<style type=\"text\/css\" data-created_by=\"avia_inline_auto\" id=\"style-css-av-ld4mkix1-6b8f48b648372ce1e0e66b4aaeac61aa\">\n#top .av-special-heading.av-ld4mkix1-6b8f48b648372ce1e0e66b4aaeac61aa{\npadding-bottom:0;\n}\nbody .av-special-heading.av-ld4mkix1-6b8f48b648372ce1e0e66b4aaeac61aa .av-special-heading-tag .heading-char{\nfont-size:25px;\n}\n.av-special-heading.av-ld4mkix1-6b8f48b648372ce1e0e66b4aaeac61aa .av-subheading{\nfont-size:15px;\n}\n<\/style>\n<div  class='av-special-heading av-ld4mkix1-6b8f48b648372ce1e0e66b4aaeac61aa av-special-heading-h1 blockquote modern-quote modern-centered  avia-builder-el-1  el_before_av_heading  avia-builder-el-first '><h1 class='av-special-heading-tag '  itemprop=\"headline\"  >LISTON PARE-BATTAGE DE BATEAU &#8211; QBE STEEL<\/h1><div class=\"special-heading-border\"><div class=\"special-heading-inner-border\"><\/div><\/div><\/div><br \/>\n\n<style type=\"text\/css\" data-created_by=\"avia_inline_auto\" id=\"style-css-av-ld4njbz0-031fef782f9f2ed961643c12a4af5f57\">\n#top .av-special-heading.av-ld4njbz0-031fef782f9f2ed961643c12a4af5f57{\npadding-bottom:0;\nfont-size:20px;\n}\nbody .av-special-heading.av-ld4njbz0-031fef782f9f2ed961643c12a4af5f57 .av-special-heading-tag .heading-char{\nfont-size:25px;\n}\n#top #wrap_all .av-special-heading.av-ld4njbz0-031fef782f9f2ed961643c12a4af5f57 .av-special-heading-tag{\nfont-size:20px;\n}\n.av-special-heading.av-ld4njbz0-031fef782f9f2ed961643c12a4af5f57 .av-subheading{\nfont-size:15px;\n}\n\n@media only screen and (min-width: 480px) and (max-width: 767px){ \n#top #wrap_all .av-special-heading.av-ld4njbz0-031fef782f9f2ed961643c12a4af5f57 .av-special-heading-tag{\nfont-size:0.8em;\n}\n}\n\n@media only screen and (max-width: 479px){ \n#top #wrap_all .av-special-heading.av-ld4njbz0-031fef782f9f2ed961643c12a4af5f57 .av-special-heading-tag{\nfont-size:0.8em;\n}\n}\n<\/style>\n<div  class='av-special-heading av-ld4njbz0-031fef782f9f2ed961643c12a4af5f57 av-special-heading-h2 blockquote modern-quote modern-centered  avia-builder-el-2  el_after_av_heading  el_before_av_hr  av-inherit-size'><h2 class='av-special-heading-tag '  itemprop=\"headline\"  >QBE STEEL est une toute nouvelle protection de bordure carr\u00e9e premium en acier inoxydable, id\u00e9ale pour les bateaux \u00e0 jonctions \u00e0 caisson et sandwich.<\/h2><div class=\"special-heading-border\"><div class=\"special-heading-inner-border\"><\/div><\/div><\/div><br \/>\n\n<style type=\"text\/css\" data-created_by=\"avia_inline_auto\" id=\"style-css-av-mm2476-791814fe3a553dd088e0e6e53d6f7b26\">\n#top .hr.av-mm2476-791814fe3a553dd088e0e6e53d6f7b26{\nmargin-top:5px;\nmargin-bottom:10px;\n}\n.hr.av-mm2476-791814fe3a553dd088e0e6e53d6f7b26 .hr-inner{\nwidth:7%;\nborder-color:#15354e;\n}\n<\/style>\n<div  class='hr av-mm2476-791814fe3a553dd088e0e6e53d6f7b26 hr-custom  avia-builder-el-3  el_after_av_heading  el_before_av_textblock  hr-center hr-icon-no'><span class='hr-inner inner-border-av-border-fat'><span class=\"hr-inner-style\"><\/span><\/span><\/div><br \/>\n<section  class='av_textblock_section av-ldmuic7s-ca8acab26b9a3dd59eb1281581c102f0 '   itemscope=\"itemscope\" itemtype=\"https:\/\/schema.org\/CreativeWork\" ><div class='avia_textblock'  itemprop=\"text\" ><p>Chez Tessilmare, nous sommes toujours \u00e0 la recherche de nouvelles id\u00e9es pour r\u00e9pondre aux besoins de nos clients et les aider dans la r\u00e9alisation de leurs projets fantastiques.<\/p>\n<p>Pour nous chez Tessilmare <strong>le mot innovation signifie \u00e9l\u00e9gance, mais aussi praticit\u00e9 et \u00e9conomies<\/strong>.<\/p>\n<p><strong>QbeSteel<\/strong> est le nouveau profil de para-battage <strong>Patent Pending<\/strong> de Tessilmare.<\/p>\n<p>Un produit extr\u00eamement innovant qui combine deux mat\u00e9riaux diff\u00e9rents (base en PVC et barre en acier inoxydable 316 L) pour offrir la protection maximale possible \u00e0 la coque, garantissant un r\u00e9sultat esth\u00e9tique pr\u00e9cieux.<\/p>\n<p><strong>QbeSteel est le premier profil de pare-battage en acier inoxydable pour bateaux avec un joint sandwich !<\/strong><\/p>\n<p>Pas seulement ! Il est <strong>bivalent<\/strong>, il peut donc s\u2019adapter facilement m\u00eame aux joints de pont.<\/p>\n<p><strong>\u00cates-vous pr\u00eat \u00e0 tester QbeSteel sur votre bateau ?<\/strong><\/p>\n<\/div><\/section><\/p><\/div>\n\n<style type=\"text\/css\" data-created_by=\"avia_inline_auto\" id=\"style-css-av-kbwapu-f4a2279ab67c285a4227ff02880fb2ff\">\n#top .hr.hr-invisible.av-kbwapu-f4a2279ab67c285a4227ff02880fb2ff{\nheight:5px;\n}\n<\/style>\n<div  class='hr av-kbwapu-f4a2279ab67c285a4227ff02880fb2ff hr-invisible  avia-builder-el-5  el_after_av_one_full  el_before_av_one_full '><span class='hr-inner '><span class=\"hr-inner-style\"><\/span><\/span><\/div>\n\n<style type=\"text\/css\" data-created_by=\"avia_inline_auto\" id=\"style-css-av-inddcy-cb066d6c8f5dcbc116709fbf6601d7c1\">\n.flex_column.av-inddcy-cb066d6c8f5dcbc116709fbf6601d7c1{\nborder-radius:0px 0px 0px 0px;\npadding:0px 0px 0px 0px;\n}\n<\/style>\n<div  class='flex_column av-inddcy-cb066d6c8f5dcbc116709fbf6601d7c1 av_one_full  avia-builder-el-6  el_after_av_hr  el_before_av_hr  first flex_column_div av-zero-column-padding  '     ><div id='av-masonry-1' class='av-masonry av-ldmv77v4-db8e181bad7ca518f57e70c89bfeedad noHover av-fixed-size av-1px-gap av-hover-overlay-active av-masonry-animation-active av-masonry-col-3 av-caption-on-hover av-caption-style-overlay av-masonry-gallery av-medium-columns-overwrite av-medium-columns-3 av-orientation-square ' data-post_id=\"7468\"><div class=\"av-masonry-container isotope av-js-disabled\"><div class='av-masonry-entry isotope-item av-masonry-item-no-image '><\/div><a href=\"https:\/\/rubrails-tessilmare.com\/fr\/qbe-steel-25\/\"  aria-label=\"image Qbe Steel 25 black\"  target=\"_blank\" rel=\"noopener noreferrer\" id='av-masonry-1-item-7383' data-av-masonry-item='7383' class='av-masonry-entry isotope-item post-7383 attachment type-attachment status-inherit hentry  av-masonry-item-with-image' title=\"Qbe Steel 25 black\" alt=\"\"  data-av-masonry-custom-link=\"https:\/\/rubrails-tessilmare.com\/fr\/qbe-steel-25\/\"  itemprop=\"thumbnailUrl\" ><div class='av-inner-masonry-sizer'><\/div><figure class='av-inner-masonry main_color'><div class=\"av-masonry-outerimage-container\"><div class='av-masonry-image-container lazyload' style=\"background-image:inherit;\"  title=\"Qbe Steel 25 black\"  data-bg-image=\"url(https:\/\/rubrails-tessilmare.com\/wp-content\/uploads\/2024\/07\/Qbe-Steel-25-black-705x621.jpg)\"><\/div><\/div><figcaption class='av-inner-masonry-content site-background'><div class='av-inner-masonry-content-pos'><div class='av-inner-masonry-content-pos-content'><div class='avia-arrow'><\/div><div class='av-masonry-entry-content entry-content'  itemprop=\"text\" >Qbe Steel 25<\/div><\/div><\/div><\/figcaption><\/figure><\/a><!--end av-masonry entry--><a href=\"https:\/\/rubrails-tessilmare.com\/fr\/qbe-steel-35\/\"  aria-label=\"image Qbe Steel 35 black\"  target=\"_blank\" rel=\"noopener noreferrer\" id='av-masonry-1-item-7384' data-av-masonry-item='7384' class='av-masonry-entry isotope-item post-7384 attachment type-attachment status-inherit hentry  av-masonry-item-with-image' title=\"Qbe Steel 35 black\" alt=\"\"  data-av-masonry-custom-link=\"https:\/\/rubrails-tessilmare.com\/fr\/qbe-steel-35\/\"  itemprop=\"thumbnailUrl\" ><div class='av-inner-masonry-sizer'><\/div><figure class='av-inner-masonry main_color'><div class=\"av-masonry-outerimage-container\"><div class='av-masonry-image-container lazyload' style=\"background-image:inherit;\"  title=\"Qbe Steel 35 black\"  data-bg-image=\"url(https:\/\/rubrails-tessilmare.com\/wp-content\/uploads\/2024\/07\/Qbe-Steel-35-black-705x621.jpg)\"><\/div><\/div><figcaption class='av-inner-masonry-content site-background'><div class='av-inner-masonry-content-pos'><div class='av-inner-masonry-content-pos-content'><div class='avia-arrow'><\/div><div class='av-masonry-entry-content entry-content'  itemprop=\"text\" >Qbe Steel 35<\/div><\/div><\/div><\/figcaption><\/figure><\/a><!--end av-masonry entry--><a href=\"https:\/\/rubrails-tessilmare.com\/fr\/qbe-steel-50\/\"  aria-label=\"image Qbe Steel 50 black\"  target=\"_blank\" rel=\"noopener noreferrer\" id='av-masonry-1-item-7385' data-av-masonry-item='7385' class='av-masonry-entry isotope-item post-7385 attachment type-attachment status-inherit hentry  av-masonry-item-with-image' title=\"Qbe Steel 50 black\" alt=\"\"  data-av-masonry-custom-link=\"https:\/\/rubrails-tessilmare.com\/fr\/qbe-steel-50\/\"  itemprop=\"thumbnailUrl\" ><div class='av-inner-masonry-sizer'><\/div><figure class='av-inner-masonry main_color'><div class=\"av-masonry-outerimage-container\"><div class='av-masonry-image-container lazyload' style=\"background-image:inherit;\"  title=\"Qbe Steel 50 black\"  data-bg-image=\"url(https:\/\/rubrails-tessilmare.com\/wp-content\/uploads\/2024\/07\/Qbe-Steel-50-black-705x621.jpg)\"><\/div><\/div><figcaption class='av-inner-masonry-content site-background'><div class='av-inner-masonry-content-pos'><div class='av-inner-masonry-content-pos-content'><div class='avia-arrow'><\/div><div class='av-masonry-entry-content entry-content'  itemprop=\"text\" >Qbe Steel 50<\/div><\/div><\/div><\/figcaption><\/figure><\/a><!--end av-masonry entry--><\/div><\/div><\/div>\n<style type=\"text\/css\" data-created_by=\"avia_inline_auto\" id=\"style-css-av-cp2tle-4fde322c79bd373f6f138ed99eee2b33\">\n#top .hr.av-cp2tle-4fde322c79bd373f6f138ed99eee2b33{\nmargin-top:5px;\nmargin-bottom:10px;\n}\n.hr.av-cp2tle-4fde322c79bd373f6f138ed99eee2b33 .hr-inner{\nwidth:7%;\nborder-color:#15354e;\n}\n<\/style>\n<div  class='hr av-cp2tle-4fde322c79bd373f6f138ed99eee2b33 hr-custom  avia-builder-el-8  el_after_av_one_full  avia-builder-el-last  hr-center hr-icon-no'><span class='hr-inner inner-border-av-border-fat'><span class=\"hr-inner-style\"><\/span><\/span><\/div><\/p>\n","protected":false},"excerpt":{"rendered":"","protected":false},"author":2,"featured_media":7385,"parent":7408,"menu_order":0,"comment_status":"closed","ping_status":"closed","template":"","meta":{"rank_math_lock_modified_date":false,"footnotes":""},"class_list":["post-7468","page","type-page","status-publish","has-post-thumbnail","hentry","tag_pagina-boat-bow-guard","tag_pagina-boat-bow-rails","tag_pagina-boat-bumper-rail","tag_pagina-boat-bumpers","tag_pagina-boat-fenders","tag_pagina-boat-side-rails","tag_pagina-rub-rail","tag_pagina-rub-rail-kit","tag_pagina-rubber-boat-bumpers"],"_links":{"self":[{"href":"https:\/\/rubrails-tessilmare.com\/fr\/wp-json\/wp\/v2\/pages\/7468"}],"collection":[{"href":"https:\/\/rubrails-tessilmare.com\/fr\/wp-json\/wp\/v2\/pages"}],"about":[{"href":"https:\/\/rubrails-tessilmare.com\/fr\/wp-json\/wp\/v2\/types\/page"}],"author":[{"embeddable":true,"href":"https:\/\/rubrails-tessilmare.com\/fr\/wp-json\/wp\/v2\/users\/2"}],"replies":[{"embeddable":true,"href":"https:\/\/rubrails-tessilmare.com\/fr\/wp-json\/wp\/v2\/comments?post=7468"}],"version-history":[{"count":17,"href":"https:\/\/rubrails-tessilmare.com\/fr\/wp-json\/wp\/v2\/pages\/7468\/revisions"}],"predecessor-version":[{"id":9396,"href":"https:\/\/rubrails-tessilmare.com\/fr\/wp-json\/wp\/v2\/pages\/7468\/revisions\/9396"}],"up":[{"embeddable":true,"href":"https:\/\/rubrails-tessilmare.com\/fr\/wp-json\/wp\/v2\/pages\/7408"}],"wp:featuredmedia":[{"embeddable":true,"href":"https:\/\/rubrails-tessilmare.com\/fr\/wp-json\/wp\/v2\/media\/7385"}],"wp:attachment":[{"href":"https:\/\/rubrails-tessilmare.com\/fr\/wp-json\/wp\/v2\/media?parent=7468"}],"curies":[{"name":"wp","href":"https:\/\/api.w.org\/{rel}","templated":true}]}}