{"id":7591,"date":"2017-07-25T16:48:25","date_gmt":"2017-07-25T14:48:25","guid":{"rendered":"https:\/\/rubrails-tessilmare.com\/pare-chocs\/"},"modified":"2025-05-29T14:54:06","modified_gmt":"2025-05-29T12:54:06","slug":"pare-chocs","status":"publish","type":"page","link":"https:\/\/rubrails-tessilmare.com\/fr\/profils-de-quai-et-de-pare-chocs\/pare-chocs\/","title":{"rendered":"Pare-chocs"},"content":{"rendered":"\n<style type=\"text\/css\" data-created_by=\"avia_inline_auto\" id=\"style-css-av-18vwyg-fef1714f2bb3509928ced388b152cda1\">\n.flex_column.av-18vwyg-fef1714f2bb3509928ced388b152cda1{\nborder-radius:0px 0px 0px 0px;\npadding:0px 0px 0px 0px;\n}\n<\/style>\n<div  class='flex_column av-18vwyg-fef1714f2bb3509928ced388b152cda1 av_one_full  avia-builder-el-0  el_before_av_textblock  avia-builder-el-first  first flex_column_div av-zero-column-padding  '     ><p>\n<style type=\"text\/css\" data-created_by=\"avia_inline_auto\" id=\"style-css-av-e9qps-98c5b67946fa65771b6aa3eb506b3294\">\n#top .av-special-heading.av-e9qps-98c5b67946fa65771b6aa3eb506b3294{\npadding-bottom:0;\n}\nbody .av-special-heading.av-e9qps-98c5b67946fa65771b6aa3eb506b3294 .av-special-heading-tag .heading-char{\nfont-size:25px;\n}\n.av-special-heading.av-e9qps-98c5b67946fa65771b6aa3eb506b3294 .av-subheading{\nfont-size:15px;\n}\n<\/style>\n<div  class='av-special-heading av-e9qps-98c5b67946fa65771b6aa3eb506b3294 av-special-heading-h1 blockquote modern-quote modern-centered  avia-builder-el-1  el_before_av_heading  avia-builder-el-first '><h1 class='av-special-heading-tag '  itemprop=\"headline\"  >PROFILS DE QUAIS ET PARE-CHOCS &#8211; PARE-CHOCS<\/h1><div class=\"special-heading-border\"><div class=\"special-heading-inner-border\"><\/div><\/div><\/div><br \/>\n\n<style type=\"text\/css\" data-created_by=\"avia_inline_auto\" id=\"style-css-av-8gw74-81c288a71ecbf966435837281d0b7a94\">\n#top .av-special-heading.av-8gw74-81c288a71ecbf966435837281d0b7a94{\npadding-bottom:0;\nfont-size:20px;\n}\nbody .av-special-heading.av-8gw74-81c288a71ecbf966435837281d0b7a94 .av-special-heading-tag .heading-char{\nfont-size:25px;\n}\n#top #wrap_all .av-special-heading.av-8gw74-81c288a71ecbf966435837281d0b7a94 .av-special-heading-tag{\nfont-size:20px;\n}\n.av-special-heading.av-8gw74-81c288a71ecbf966435837281d0b7a94 .av-subheading{\nfont-size:15px;\n}\n\n@media only screen and (min-width: 480px) and (max-width: 767px){ \n#top #wrap_all .av-special-heading.av-8gw74-81c288a71ecbf966435837281d0b7a94 .av-special-heading-tag{\nfont-size:0.8em;\n}\n}\n\n@media only screen and (max-width: 479px){ \n#top #wrap_all .av-special-heading.av-8gw74-81c288a71ecbf966435837281d0b7a94 .av-special-heading-tag{\nfont-size:0.8em;\n}\n}\n<\/style>\n<div  class='av-special-heading av-8gw74-81c288a71ecbf966435837281d0b7a94 av-special-heading-h2 blockquote modern-quote modern-centered  avia-builder-el-2  el_after_av_heading  el_before_av_hr  av-inherit-size'><h2 class='av-special-heading-tag '  itemprop=\"headline\"  >BUMPER est le premier liston para-battage qui repr\u00e9sente l\u2019alliance parfaite entre l\u00e9g\u00e8ret\u00e9 et durabilit\u00e9.<\/h2><div class=\"special-heading-border\"><div class=\"special-heading-inner-border\"><\/div><\/div><\/div><br \/>\n\n<style type=\"text\/css\" data-created_by=\"avia_inline_auto\" id=\"style-css-av-topvs-18f8664c6f17e85e3bd4b875cc501c92\">\n#top .hr.av-topvs-18f8664c6f17e85e3bd4b875cc501c92{\nmargin-top:5px;\nmargin-bottom:10px;\n}\n.hr.av-topvs-18f8664c6f17e85e3bd4b875cc501c92 .hr-inner{\nwidth:7%;\nborder-color:#15354e;\n}\n<\/style>\n<div  class='hr av-topvs-18f8664c6f17e85e3bd4b875cc501c92 hr-custom  avia-builder-el-3  el_after_av_heading  avia-builder-el-last  hr-center hr-icon-no'><span class='hr-inner inner-border-av-border-fat'><span class=\"hr-inner-style\"><\/span><\/span><\/div><\/p><\/div><section  class='av_textblock_section av-kkefs-f6ce7ca0747deb1608efb14863f56c82 '   itemscope=\"itemscope\" itemtype=\"https:\/\/schema.org\/CreativeWork\" ><div class='avia_textblock'  itemprop=\"text\" ><p style=\"text-align: left;\">Avec sa composition en PVC triple structure brevet\u00e9e et ses larges espaces d&rsquo;air int\u00e9rieurs, BUMPER cr\u00e9e une absorption des chocs jamais vue auparavant.<\/p>\n<p style=\"text-align: left;\">Gr\u00e2ce \u00e0 sa haute absorption des impacts et sa l\u00e9g\u00e8ret\u00e9, c&rsquo;est <strong>le produit le plus adapt\u00e9 pour les quais et jet\u00e9es<\/strong> (en plus des <strong>yachts<\/strong>, <strong>bateaux militaires<\/strong>, <strong>tenders<\/strong> et <strong>bateaux de travail<\/strong>).<\/p>\n<p style=\"text-align: left;\">Sa modularit\u00e9 facilite son installation. Les 2 bases de profil peuvent \u00eatre fix\u00e9es sur la coque du bateau \u00e0 l&rsquo;aide d&rsquo;une barre en S\/S tandis que le dessus du profil peut \u00eatre fix\u00e9 par pression.<\/p>\n<p style=\"text-align: left;\">Il peut r\u00e9sister pendant des ann\u00e9es m\u00eame en cas de chocs, sans endommager aucun bateau, car il b\u00e9n\u00e9ficie d&rsquo;une installation sans joint (chaque vis et\/ou rivet est couvert par le dessus du profil) et ne perdra pas sa couleur.<\/p>\n<\/div><\/section><\/p>\n\n<style type=\"text\/css\" data-created_by=\"avia_inline_auto\" id=\"style-css-av-dffo0-6af81113b54522f2d0c2b6082fc4a5d8\">\n#top .av-masonry.av-dffo0-6af81113b54522f2d0c2b6082fc4a5d8{\nbackground-color:#ffffff;\n}\n<\/style>\n<div id='av-masonry-1' class='av-masonry av-dffo0-6af81113b54522f2d0c2b6082fc4a5d8 noHover av-fixed-size av-1px-gap av-hover-overlay-active av-masonry-animation-active av-masonry-col-4 av-caption-on-hover av-caption-style-overlay av-masonry-gallery av-medium-columns-overwrite av-medium-columns-2 av-orientation-square ' data-post_id=\"7591\"><div class=\"av-masonry-container isotope av-js-disabled\"><div class='av-masonry-entry isotope-item av-masonry-item-no-image '><\/div><a href=\"https:\/\/rubrails-tessilmare.com\/fr\/pare-chocs-100\/\"  aria-label=\"image BUMPER_100_B\"  id='av-masonry-1-item-6898' data-av-masonry-item='6898' class='av-masonry-entry isotope-item post-6898 attachment type-attachment status-inherit hentry  av-masonry-item-with-image' title=\"BUMPER_100_B\" alt=\"\"  data-av-masonry-custom-link=\"https:\/\/rubrails-tessilmare.com\/fr\/pare-chocs-100\/\"  itemprop=\"thumbnailUrl\" ><div class='av-inner-masonry-sizer'><\/div><figure class='av-inner-masonry main_color'><div class=\"av-masonry-outerimage-container\"><div class='av-masonry-image-container lazyload' style=\"background-image:inherit;\"  title=\"BUMPER_100_B\"  data-bg-image=\"url(https:\/\/rubrails-tessilmare.com\/wp-content\/uploads\/2017\/07\/BUMPER_100_B-705x705.jpg)\"><\/div><\/div><figcaption class='av-inner-masonry-content site-background'><div class='av-inner-masonry-content-pos'><div class='av-inner-masonry-content-pos-content'><div class='avia-arrow'><\/div><div class='av-masonry-entry-content entry-content'  itemprop=\"text\" >BUMPER 100<\/div><\/div><\/div><\/figcaption><\/figure><\/a><!--end av-masonry entry--><a href=\"https:\/\/rubrails-tessilmare.com\/fr\/pare-chocs-125\/\"  aria-label=\"image Boat Bumper Rail BUMPER 125 B (boat dock parts)\"  id='av-masonry-1-item-6889' data-av-masonry-item='6889' class='av-masonry-entry isotope-item post-6889 attachment type-attachment status-inherit hentry  av-masonry-item-with-image' title=\"Boat Bumper Rail BUMPER 125 B (boat dock parts)\" alt=\"\"  data-av-masonry-custom-link=\"https:\/\/rubrails-tessilmare.com\/fr\/pare-chocs-125\/\"  itemprop=\"thumbnailUrl\" ><div class='av-inner-masonry-sizer'><\/div><figure class='av-inner-masonry main_color'><div class=\"av-masonry-outerimage-container\"><div class='av-masonry-image-container lazyload' style=\"background-image:inherit;\"  title=\"Boat Bumper Rail BUMPER 125 B (boat dock parts)\"  data-bg-image=\"url(https:\/\/rubrails-tessilmare.com\/wp-content\/uploads\/2017\/07\/BUMPER_125_B-705x705.jpg)\"><\/div><\/div><figcaption class='av-inner-masonry-content site-background'><div class='av-inner-masonry-content-pos'><div class='av-inner-masonry-content-pos-content'><div class='avia-arrow'><\/div><div class='av-masonry-entry-content entry-content'  itemprop=\"text\" >BUMPER 125<\/div><\/div><\/div><\/figcaption><\/figure><\/a><!--end av-masonry entry--><a href=\"https:\/\/rubrails-tessilmare.com\/fr\/pare-chocs-150\/\"  aria-label=\"image BUMPER_150_B\"  id='av-masonry-1-item-6882' data-av-masonry-item='6882' class='av-masonry-entry isotope-item post-6882 attachment type-attachment status-inherit hentry  av-masonry-item-with-image' title=\"BUMPER_150_B\" alt=\"\"  data-av-masonry-custom-link=\"https:\/\/rubrails-tessilmare.com\/fr\/pare-chocs-150\/\"  itemprop=\"thumbnailUrl\" ><div class='av-inner-masonry-sizer'><\/div><figure class='av-inner-masonry main_color'><div class=\"av-masonry-outerimage-container\"><div class='av-masonry-image-container lazyload' style=\"background-image:inherit;\"  title=\"BUMPER_150_B\"  data-bg-image=\"url(https:\/\/rubrails-tessilmare.com\/wp-content\/uploads\/2017\/07\/BUMPER_150_B-705x705.jpg)\"><\/div><\/div><figcaption class='av-inner-masonry-content site-background'><div class='av-inner-masonry-content-pos'><div class='av-inner-masonry-content-pos-content'><div class='avia-arrow'><\/div><div class='av-masonry-entry-content entry-content'  itemprop=\"text\" >BUMPER 150<\/div><\/div><\/div><\/figcaption><\/figure><\/a><!--end av-masonry entry--><a href=\"https:\/\/rubrails-tessilmare.com\/fr\/pare-chocs-160\/\"  aria-label=\"image BUMPER_160_B\"  id='av-masonry-1-item-6873' data-av-masonry-item='6873' class='av-masonry-entry isotope-item post-6873 attachment type-attachment status-inherit hentry  av-masonry-item-with-image' title=\"BUMPER_160_B\" alt=\"\"  data-av-masonry-custom-link=\"https:\/\/rubrails-tessilmare.com\/fr\/pare-chocs-160\/\"  itemprop=\"thumbnailUrl\" ><div class='av-inner-masonry-sizer'><\/div><figure class='av-inner-masonry main_color'><div class=\"av-masonry-outerimage-container\"><div class='av-masonry-image-container lazyload' style=\"background-image:inherit;\"  title=\"BUMPER_160_B\"  data-bg-image=\"url(https:\/\/rubrails-tessilmare.com\/wp-content\/uploads\/2017\/07\/BUMPER_160_B-705x705.jpg)\"><\/div><\/div><figcaption class='av-inner-masonry-content site-background'><div class='av-inner-masonry-content-pos'><div class='av-inner-masonry-content-pos-content'><div class='avia-arrow'><\/div><div class='av-masonry-entry-content entry-content'  itemprop=\"text\" >BUMPER 160<\/div><\/div><\/div><\/figcaption><\/figure><\/a><!--end av-masonry entry--><\/div><\/div>\n\n<style type=\"text\/css\" data-created_by=\"avia_inline_auto\" id=\"style-css-av-909q8-637b4c4ddeff646517c9d9b53cb14a8b\">\n#top .hr.hr-invisible.av-909q8-637b4c4ddeff646517c9d9b53cb14a8b{\nheight:5px;\n}\n<\/style>\n<div  class='hr av-909q8-637b4c4ddeff646517c9d9b53cb14a8b hr-invisible  avia-builder-el-6  el_after_av_masonry_gallery  avia-builder-el-no-sibling '><span class='hr-inner '><span class=\"hr-inner-style\"><\/span><\/span><\/div>\n","protected":false},"excerpt":{"rendered":"","protected":false},"author":1,"featured_media":0,"parent":8610,"menu_order":0,"comment_status":"closed","ping_status":"closed","template":"","meta":{"rank_math_lock_modified_date":false,"footnotes":""},"class_list":["post-7591","page","type-page","status-publish","hentry"],"_links":{"self":[{"href":"https:\/\/rubrails-tessilmare.com\/fr\/wp-json\/wp\/v2\/pages\/7591"}],"collection":[{"href":"https:\/\/rubrails-tessilmare.com\/fr\/wp-json\/wp\/v2\/pages"}],"about":[{"href":"https:\/\/rubrails-tessilmare.com\/fr\/wp-json\/wp\/v2\/types\/page"}],"author":[{"embeddable":true,"href":"https:\/\/rubrails-tessilmare.com\/fr\/wp-json\/wp\/v2\/users\/1"}],"replies":[{"embeddable":true,"href":"https:\/\/rubrails-tessilmare.com\/fr\/wp-json\/wp\/v2\/comments?post=7591"}],"version-history":[{"count":251,"href":"https:\/\/rubrails-tessilmare.com\/fr\/wp-json\/wp\/v2\/pages\/7591\/revisions"}],"predecessor-version":[{"id":9212,"href":"https:\/\/rubrails-tessilmare.com\/fr\/wp-json\/wp\/v2\/pages\/7591\/revisions\/9212"}],"up":[{"embeddable":true,"href":"https:\/\/rubrails-tessilmare.com\/fr\/wp-json\/wp\/v2\/pages\/8610"}],"wp:attachment":[{"href":"https:\/\/rubrails-tessilmare.com\/fr\/wp-json\/wp\/v2\/media?parent=7591"}],"curies":[{"name":"wp","href":"https:\/\/api.w.org\/{rel}","templated":true}]}}