{"id":7628,"date":"2022-01-27T11:57:34","date_gmt":"2022-01-27T10:57:34","guid":{"rendered":"https:\/\/rubrails-tessilmare.com\/merci\/"},"modified":"2025-05-28T13:04:29","modified_gmt":"2025-05-28T11:04:29","slug":"merci","status":"publish","type":"page","link":"https:\/\/rubrails-tessilmare.com\/fr\/merci\/","title":{"rendered":"Merci"},"content":{"rendered":"<div  class='flex_column av-273clx-ac982ed1312b4510ed3fe62d43e4319e av_one_full  avia-builder-el-0  avia-builder-el-no-sibling  first flex_column_div  '     ><p>\n<style type=\"text\/css\" data-created_by=\"avia_inline_auto\" id=\"style-css-av-kywv76m0-7c2a2cfa14ab3029a2ddaac61470caa9\">\n#top .hr.hr-invisible.av-kywv76m0-7c2a2cfa14ab3029a2ddaac61470caa9{\nheight:50px;\n}\n<\/style>\n<div  class='hr av-kywv76m0-7c2a2cfa14ab3029a2ddaac61470caa9 hr-invisible  avia-builder-el-1  el_before_av_heading  avia-builder-el-first '><span class='hr-inner '><span class=\"hr-inner-style\"><\/span><\/span><\/div><br \/>\n\n<style type=\"text\/css\" data-created_by=\"avia_inline_auto\" id=\"style-css-av-kywv3y6m-1a9b95d3f835d3f4580e32461189ea2d\">\n#top .av-special-heading.av-kywv3y6m-1a9b95d3f835d3f4580e32461189ea2d{\npadding-bottom:10px;\n}\nbody .av-special-heading.av-kywv3y6m-1a9b95d3f835d3f4580e32461189ea2d .av-special-heading-tag .heading-char{\nfont-size:25px;\n}\n.av-special-heading.av-kywv3y6m-1a9b95d3f835d3f4580e32461189ea2d .av-subheading{\nfont-size:15px;\n}\n<\/style>\n<div  class='av-special-heading av-kywv3y6m-1a9b95d3f835d3f4580e32461189ea2d av-special-heading-h1 blockquote classic-quote  avia-builder-el-2  el_after_av_hr  el_before_av_hr '><h1 class='av-special-heading-tag '  itemprop=\"headline\"  >Merci !<\/h1><div class=\"special-heading-border\"><div class=\"special-heading-inner-border\"><\/div><\/div><\/div><br \/>\n\n<style type=\"text\/css\" data-created_by=\"avia_inline_auto\" id=\"style-css-av-2xwhz9-ee708ff51c90f2bb12c9fd60d04a4e9a\">\n#top .hr.hr-invisible.av-2xwhz9-ee708ff51c90f2bb12c9fd60d04a4e9a{\nheight:50px;\n}\n<\/style>\n<div  class='hr av-2xwhz9-ee708ff51c90f2bb12c9fd60d04a4e9a hr-invisible  avia-builder-el-3  el_after_av_heading  el_before_av_textblock '><span class='hr-inner '><span class=\"hr-inner-style\"><\/span><\/span><\/div><br \/>\n\n<style type=\"text\/css\" data-created_by=\"avia_inline_auto\" id=\"style-css-av-kywv3n27-4372deb85dd239ec441eacc246b6779d\">\n#top .av_textblock_section.av-kywv3n27-4372deb85dd239ec441eacc246b6779d .avia_textblock{\nfont-size:17px;\n}\n<\/style>\n<section  class='av_textblock_section av-kywv3n27-4372deb85dd239ec441eacc246b6779d '   itemscope=\"itemscope\" itemtype=\"https:\/\/schema.org\/CreativeWork\" ><div class='avia_textblock'  itemprop=\"text\" ><p style=\"text-align: center;\">\n<p style=\"text-align: center;\"><strong>Votre abonnement \u00e0 notre newsletter est termin\u00e9 !<\/strong><\/p>\n<p style=\"text-align: center;\">Vous recevrez nos communications et mises \u00e0 jour dans votre bo\u00eete de r\u00e9ception !<\/p>\n<p style=\"text-align: center;\"><strong>Ajoutez notre adresse \u00e0 votre carnet d&rsquo;adresses<\/strong> et vous ne manquerez aucune mise \u00e0 jour.<\/p>\n<\/div><\/section><br \/>\n\n<style type=\"text\/css\" data-created_by=\"avia_inline_auto\" id=\"style-css-av-kywv7rg0-1a3e3b82205c2082a67d4c73368705e0\">\n#top .hr.hr-invisible.av-kywv7rg0-1a3e3b82205c2082a67d4c73368705e0{\nheight:50px;\n}\n<\/style>\n<div  class='hr av-kywv7rg0-1a3e3b82205c2082a67d4c73368705e0 hr-invisible  avia-builder-el-5  el_after_av_textblock  avia-builder-el-last '><span class='hr-inner '><span class=\"hr-inner-style\"><\/span><\/span><\/div><\/p><\/div>\n","protected":false},"excerpt":{"rendered":"","protected":false},"author":1,"featured_media":0,"parent":0,"menu_order":0,"comment_status":"closed","ping_status":"closed","template":"","meta":{"rank_math_lock_modified_date":false,"footnotes":""},"class_list":["post-7628","page","type-page","status-publish","hentry"],"_links":{"self":[{"href":"https:\/\/rubrails-tessilmare.com\/fr\/wp-json\/wp\/v2\/pages\/7628"}],"collection":[{"href":"https:\/\/rubrails-tessilmare.com\/fr\/wp-json\/wp\/v2\/pages"}],"about":[{"href":"https:\/\/rubrails-tessilmare.com\/fr\/wp-json\/wp\/v2\/types\/page"}],"author":[{"embeddable":true,"href":"https:\/\/rubrails-tessilmare.com\/fr\/wp-json\/wp\/v2\/users\/1"}],"replies":[{"embeddable":true,"href":"https:\/\/rubrails-tessilmare.com\/fr\/wp-json\/wp\/v2\/comments?post=7628"}],"version-history":[{"count":5,"href":"https:\/\/rubrails-tessilmare.com\/fr\/wp-json\/wp\/v2\/pages\/7628\/revisions"}],"predecessor-version":[{"id":9007,"href":"https:\/\/rubrails-tessilmare.com\/fr\/wp-json\/wp\/v2\/pages\/7628\/revisions\/9007"}],"wp:attachment":[{"href":"https:\/\/rubrails-tessilmare.com\/fr\/wp-json\/wp\/v2\/media?parent=7628"}],"curies":[{"name":"wp","href":"https:\/\/api.w.org\/{rel}","templated":true}]}}