{"id":7696,"date":"2017-08-03T15:53:52","date_gmt":"2017-08-03T13:53:52","guid":{"rendered":"https:\/\/rubrails-tessilmare.com\/profils-de-garde-boue-bumper\/"},"modified":"2025-05-28T13:04:32","modified_gmt":"2025-05-28T11:04:32","slug":"profils-de-garde-boue-bumper","status":"publish","type":"page","link":"https:\/\/rubrails-tessilmare.com\/fr\/gamme-de-produits\/profils-de-garde-boue-bumper\/","title":{"rendered":"PROFILS DE GARDE-BOUE &#8211; Bumper"},"content":{"rendered":"\n<style type=\"text\/css\" data-created_by=\"avia_inline_auto\" id=\"style-css-av-acdl6m-7b9d77c4adad0379be4b9fa4dc1334f4\">\n.flex_column.av-acdl6m-7b9d77c4adad0379be4b9fa4dc1334f4{\nborder-radius:0px 0px 0px 0px;\npadding:0px 0px 0px 0px;\n}\n<\/style>\n<div  class='flex_column av-acdl6m-7b9d77c4adad0379be4b9fa4dc1334f4 av_one_full  avia-builder-el-0  el_before_av_masonry_gallery  avia-builder-el-no-sibling  first flex_column_div av-zero-column-padding  '     ><p>\n<style type=\"text\/css\" data-created_by=\"avia_inline_auto\" id=\"style-css-av-8rpc3y-bad21da73add35ef5211dfdc4ad53a7d\">\n#top .av-special-heading.av-8rpc3y-bad21da73add35ef5211dfdc4ad53a7d{\npadding-bottom:0;\n}\nbody .av-special-heading.av-8rpc3y-bad21da73add35ef5211dfdc4ad53a7d .av-special-heading-tag .heading-char{\nfont-size:25px;\n}\n.av-special-heading.av-8rpc3y-bad21da73add35ef5211dfdc4ad53a7d .av-subheading{\nfont-size:15px;\n}\n<\/style>\n<div  class='av-special-heading av-8rpc3y-bad21da73add35ef5211dfdc4ad53a7d av-special-heading-h1 blockquote modern-quote modern-centered  avia-builder-el-1  el_before_av_hr  avia-builder-el-first '><h1 class='av-special-heading-tag '  itemprop=\"headline\"  >PROFILS D\u2019AILE &#8211; PARE-CHOCS<\/h1><div class=\"special-heading-border\"><div class=\"special-heading-inner-border\"><\/div><\/div><\/div><br \/>\n\n<style type=\"text\/css\" data-created_by=\"avia_inline_auto\" id=\"style-css-av-7ztlum-8d77d47085490040836c99694594bb81\">\n#top .hr.av-7ztlum-8d77d47085490040836c99694594bb81{\nmargin-top:5px;\nmargin-bottom:10px;\n}\n.hr.av-7ztlum-8d77d47085490040836c99694594bb81 .hr-inner{\nwidth:7%;\nborder-color:#15354e;\n}\n<\/style>\n<div  class='hr av-7ztlum-8d77d47085490040836c99694594bb81 hr-custom  avia-builder-el-2  el_after_av_heading  el_before_av_textblock  hr-center hr-icon-no'><span class='hr-inner inner-border-av-border-fat'><span class=\"hr-inner-style\"><\/span><\/span><\/div><br \/>\n<section  class='av_textblock_section av-6eoun2-bdbe7551c99928924571113c9a7edd7a '   itemscope=\"itemscope\" itemtype=\"https:\/\/schema.org\/CreativeWork\" ><div class='avia_textblock'  itemprop=\"text\" ><p style=\"text-align: center;\">La particularit\u00e9 de BUMPER est sa solidit\u00e9 et sa l\u00e9g\u00e8ret\u00e9 en m\u00eame temps.<\/p>\n<p style=\"text-align: center;\">La modularit\u00e9 de BUMPER facilite son installation.<\/p>\n<p style=\"text-align: center;\">Il se compose de 3 parties : 2 bases, qui peuvent \u00eatre fix\u00e9es sur la coque du bateau avec une barre en S\/S, et un dessus, qui peut \u00eatre press\u00e9 entre les deux.<br \/>\nLe design BREVET\u00c9 fait de BUMPER un produit pionnier et unique pouvant \u00eatre utilis\u00e9 pour diverses applications.<\/p>\n<\/div><\/section><\/p><\/div>\n<style type=\"text\/css\" data-created_by=\"avia_inline_auto\" id=\"style-css-av-4f3ov2-fda98b1646e5e641a6cfee0f38504ec8\">\n#top .av-masonry.av-4f3ov2-fda98b1646e5e641a6cfee0f38504ec8{\nbackground-color:#ffffff;\n}\n<\/style>\n<div id='av-masonry-1' class='av-masonry av-4f3ov2-fda98b1646e5e641a6cfee0f38504ec8 noHover av-fixed-size av-1px-gap av-hover-overlay-active av-masonry-animation-active av-masonry-col-4 av-caption-on-hover av-caption-style-overlay av-masonry-gallery av-medium-columns-overwrite av-medium-columns-2 av-orientation-square ' data-post_id=\"7696\"><div class=\"av-masonry-container isotope av-js-disabled\"><div class='av-masonry-entry isotope-item av-masonry-item-no-image '><\/div><a href=\"https:\/\/rubrails-tessilmare.com\/fr\/pare-chocs-100\/\"  aria-label=\"image BUMPER_100_B\"  id='av-masonry-1-item-6898' data-av-masonry-item='6898' class='av-masonry-entry isotope-item post-6898 attachment type-attachment status-inherit hentry  av-masonry-item-with-image' title=\"BUMPER_100_B\" alt=\"\"  data-av-masonry-custom-link=\"https:\/\/rubrails-tessilmare.com\/fr\/pare-chocs-100\/\"  itemprop=\"thumbnailUrl\" ><div class='av-inner-masonry-sizer'><\/div><figure class='av-inner-masonry main_color'><div class=\"av-masonry-outerimage-container\"><div class='av-masonry-image-container lazyload' style=\"background-image:inherit;\"  title=\"BUMPER_100_B\"  data-bg-image=\"url(https:\/\/rubrails-tessilmare.com\/wp-content\/uploads\/2017\/07\/BUMPER_100_B-705x705.jpg)\"><\/div><\/div><figcaption class='av-inner-masonry-content site-background'><div class='av-inner-masonry-content-pos'><div class='av-inner-masonry-content-pos-content'><div class='avia-arrow'><\/div><div class='av-masonry-entry-content entry-content'  itemprop=\"text\" >BUMPER 100<\/div><\/div><\/div><\/figcaption><\/figure><\/a><!--end av-masonry entry--><a href=\"https:\/\/rubrails-tessilmare.com\/fr\/pare-chocs-125\/\"  aria-label=\"image Boat Bumper Rail BUMPER 125 B (boat dock parts)\"  id='av-masonry-1-item-6889' data-av-masonry-item='6889' class='av-masonry-entry isotope-item post-6889 attachment type-attachment status-inherit hentry  av-masonry-item-with-image' title=\"Boat Bumper Rail BUMPER 125 B (boat dock parts)\" alt=\"\"  data-av-masonry-custom-link=\"https:\/\/rubrails-tessilmare.com\/fr\/pare-chocs-125\/\"  itemprop=\"thumbnailUrl\" ><div class='av-inner-masonry-sizer'><\/div><figure class='av-inner-masonry main_color'><div class=\"av-masonry-outerimage-container\"><div class='av-masonry-image-container lazyload' style=\"background-image:inherit;\"  title=\"Boat Bumper Rail BUMPER 125 B (boat dock parts)\"  data-bg-image=\"url(https:\/\/rubrails-tessilmare.com\/wp-content\/uploads\/2017\/07\/BUMPER_125_B-705x705.jpg)\"><\/div><\/div><figcaption class='av-inner-masonry-content site-background'><div class='av-inner-masonry-content-pos'><div class='av-inner-masonry-content-pos-content'><div class='avia-arrow'><\/div><div class='av-masonry-entry-content entry-content'  itemprop=\"text\" >BUMPER 125<\/div><\/div><\/div><\/figcaption><\/figure><\/a><!--end av-masonry entry--><a href=\"https:\/\/rubrails-tessilmare.com\/fr\/pare-chocs-150\/\"  aria-label=\"image BUMPER_150_B\"  id='av-masonry-1-item-6882' data-av-masonry-item='6882' class='av-masonry-entry isotope-item post-6882 attachment type-attachment status-inherit hentry  av-masonry-item-with-image' title=\"BUMPER_150_B\" alt=\"\"  data-av-masonry-custom-link=\"https:\/\/rubrails-tessilmare.com\/fr\/pare-chocs-150\/\"  itemprop=\"thumbnailUrl\" ><div class='av-inner-masonry-sizer'><\/div><figure class='av-inner-masonry main_color'><div class=\"av-masonry-outerimage-container\"><div class='av-masonry-image-container lazyload' style=\"background-image:inherit;\"  title=\"BUMPER_150_B\"  data-bg-image=\"url(https:\/\/rubrails-tessilmare.com\/wp-content\/uploads\/2017\/07\/BUMPER_150_B-705x705.jpg)\"><\/div><\/div><figcaption class='av-inner-masonry-content site-background'><div class='av-inner-masonry-content-pos'><div class='av-inner-masonry-content-pos-content'><div class='avia-arrow'><\/div><div class='av-masonry-entry-content entry-content'  itemprop=\"text\" >BUMPER 150<\/div><\/div><\/div><\/figcaption><\/figure><\/a><!--end av-masonry entry--><a href=\"https:\/\/rubrails-tessilmare.com\/fr\/pare-chocs-160\/\"  aria-label=\"image BUMPER_160_B\"  id='av-masonry-1-item-6873' data-av-masonry-item='6873' class='av-masonry-entry isotope-item post-6873 attachment type-attachment status-inherit hentry  av-masonry-item-with-image' title=\"BUMPER_160_B\" alt=\"\"  data-av-masonry-custom-link=\"https:\/\/rubrails-tessilmare.com\/fr\/pare-chocs-160\/\"  itemprop=\"thumbnailUrl\" ><div class='av-inner-masonry-sizer'><\/div><figure class='av-inner-masonry main_color'><div class=\"av-masonry-outerimage-container\"><div class='av-masonry-image-container lazyload' style=\"background-image:inherit;\"  title=\"BUMPER_160_B\"  data-bg-image=\"url(https:\/\/rubrails-tessilmare.com\/wp-content\/uploads\/2017\/07\/BUMPER_160_B-705x705.jpg)\"><\/div><\/div><figcaption class='av-inner-masonry-content site-background'><div class='av-inner-masonry-content-pos'><div class='av-inner-masonry-content-pos-content'><div class='avia-arrow'><\/div><div class='av-masonry-entry-content entry-content'  itemprop=\"text\" >BUMPER 160<\/div><\/div><\/div><\/figcaption><\/figure><\/a><!--end av-masonry entry--><\/div><\/div><\/p>\n\n<style type=\"text\/css\" data-created_by=\"avia_inline_auto\" id=\"style-css-av-314s26-48aa0c5631a462d10c102c507fca1f4a\">\n#top .hr.hr-invisible.av-314s26-48aa0c5631a462d10c102c507fca1f4a{\nheight:5px;\n}\n<\/style>\n<div  class='hr av-314s26-48aa0c5631a462d10c102c507fca1f4a hr-invisible  avia-builder-el-5  el_after_av_masonry_gallery  avia-builder-el-no-sibling '><span class='hr-inner '><span class=\"hr-inner-style\"><\/span><\/span><\/div>\n","protected":false},"excerpt":{"rendered":"","protected":false},"author":1,"featured_media":0,"parent":8387,"menu_order":0,"comment_status":"closed","ping_status":"closed","template":"","meta":{"rank_math_lock_modified_date":false,"footnotes":""},"class_list":["post-7696","page","type-page","status-publish","hentry"],"_links":{"self":[{"href":"https:\/\/rubrails-tessilmare.com\/fr\/wp-json\/wp\/v2\/pages\/7696"}],"collection":[{"href":"https:\/\/rubrails-tessilmare.com\/fr\/wp-json\/wp\/v2\/pages"}],"about":[{"href":"https:\/\/rubrails-tessilmare.com\/fr\/wp-json\/wp\/v2\/types\/page"}],"author":[{"embeddable":true,"href":"https:\/\/rubrails-tessilmare.com\/fr\/wp-json\/wp\/v2\/users\/1"}],"replies":[{"embeddable":true,"href":"https:\/\/rubrails-tessilmare.com\/fr\/wp-json\/wp\/v2\/comments?post=7696"}],"version-history":[{"count":5,"href":"https:\/\/rubrails-tessilmare.com\/fr\/wp-json\/wp\/v2\/pages\/7696\/revisions"}],"predecessor-version":[{"id":9076,"href":"https:\/\/rubrails-tessilmare.com\/fr\/wp-json\/wp\/v2\/pages\/7696\/revisions\/9076"}],"up":[{"embeddable":true,"href":"https:\/\/rubrails-tessilmare.com\/fr\/wp-json\/wp\/v2\/pages\/8387"}],"wp:attachment":[{"href":"https:\/\/rubrails-tessilmare.com\/fr\/wp-json\/wp\/v2\/media?parent=7696"}],"curies":[{"name":"wp","href":"https:\/\/api.w.org\/{rel}","templated":true}]}}