{"id":8088,"date":"2017-11-28T15:39:20","date_gmt":"2017-11-28T14:39:20","guid":{"rendered":"https:\/\/rubrails-tessilmare.com\/pare-chocs-de-bateau\/"},"modified":"2025-05-28T12:22:05","modified_gmt":"2025-05-28T10:22:05","slug":"pare-chocs-de-bateau","status":"publish","type":"page","link":"https:\/\/rubrails-tessilmare.com\/fr\/pare-chocs-de-bateau\/","title":{"rendered":"Pare-chocs de bateau"},"content":{"rendered":"\n<style type=\"text\/css\" data-created_by=\"avia_inline_auto\" id=\"style-css-av-q6c3dm-80fb2c90d2dfdc4a0a873fa393d8e2bd\">\n.flex_column.av-q6c3dm-80fb2c90d2dfdc4a0a873fa393d8e2bd{\nborder-radius:0px 0px 0px 0px;\npadding:0px 0px 0px 0px;\n}\n<\/style>\n<div  class='flex_column av-q6c3dm-80fb2c90d2dfdc4a0a873fa393d8e2bd av_one_full  avia-builder-el-0  el_before_av_hr  avia-builder-el-first  first flex_column_div av-zero-column-padding  '     ><p>\n<style type=\"text\/css\" data-created_by=\"avia_inline_auto\" id=\"style-css-av-nipg6y-63c57a05ea867dcc96415428ffe167ce\">\n#top .av-special-heading.av-nipg6y-63c57a05ea867dcc96415428ffe167ce{\npadding-bottom:0;\n}\nbody .av-special-heading.av-nipg6y-63c57a05ea867dcc96415428ffe167ce .av-special-heading-tag .heading-char{\nfont-size:25px;\n}\n.av-special-heading.av-nipg6y-63c57a05ea867dcc96415428ffe167ce .av-subheading{\nfont-size:15px;\n}\n<\/style>\n<div  class='av-special-heading av-nipg6y-63c57a05ea867dcc96415428ffe167ce av-special-heading-h1 blockquote modern-quote modern-centered  avia-builder-el-1  el_before_av_heading  avia-builder-el-first '><h1 class='av-special-heading-tag '  itemprop=\"headline\"  >BUMPERS DE BATEAU<\/h1><div class=\"special-heading-border\"><div class=\"special-heading-inner-border\"><\/div><\/div><\/div><br \/>\n\n<style type=\"text\/css\" data-created_by=\"avia_inline_auto\" id=\"style-css-av-m6dp0q-6fbc8700664795d9ae748aa22f6594e3\">\n#top .av-special-heading.av-m6dp0q-6fbc8700664795d9ae748aa22f6594e3{\npadding-bottom:0;\nfont-size:20px;\n}\nbody .av-special-heading.av-m6dp0q-6fbc8700664795d9ae748aa22f6594e3 .av-special-heading-tag .heading-char{\nfont-size:25px;\n}\n#top #wrap_all .av-special-heading.av-m6dp0q-6fbc8700664795d9ae748aa22f6594e3 .av-special-heading-tag{\nfont-size:20px;\n}\n.av-special-heading.av-m6dp0q-6fbc8700664795d9ae748aa22f6594e3 .av-subheading{\nfont-size:15px;\n}\n\n@media only screen and (min-width: 480px) and (max-width: 767px){ \n#top #wrap_all .av-special-heading.av-m6dp0q-6fbc8700664795d9ae748aa22f6594e3 .av-special-heading-tag{\nfont-size:0.8em;\n}\n}\n\n@media only screen and (max-width: 479px){ \n#top #wrap_all .av-special-heading.av-m6dp0q-6fbc8700664795d9ae748aa22f6594e3 .av-special-heading-tag{\nfont-size:0.8em;\n}\n}\n<\/style>\n<div  class='av-special-heading av-m6dp0q-6fbc8700664795d9ae748aa22f6594e3 av-special-heading-h2 blockquote modern-quote modern-centered  avia-builder-el-2  el_after_av_heading  el_before_av_hr  av-inherit-size'><h2 class='av-special-heading-tag '  itemprop=\"headline\"  >LE NIVEAU LE PLUS \u00c9LEV\u00c9 DE PROTECTION CONTRE LES IMPACTS POUR VOTRE BATEAU<\/h2><div class=\"special-heading-border\"><div class=\"special-heading-inner-border\"><\/div><\/div><\/div><br \/>\n\n<style type=\"text\/css\" data-created_by=\"avia_inline_auto\" id=\"style-css-av-ka5uiy-8d172dfc04b0d650cd5d218e3abcfccf\">\n#top .hr.av-ka5uiy-8d172dfc04b0d650cd5d218e3abcfccf{\nmargin-top:5px;\nmargin-bottom:10px;\n}\n.hr.av-ka5uiy-8d172dfc04b0d650cd5d218e3abcfccf .hr-inner{\nwidth:7%;\nborder-color:#15354e;\n}\n<\/style>\n<div  class='hr av-ka5uiy-8d172dfc04b0d650cd5d218e3abcfccf hr-custom  avia-builder-el-3  el_after_av_heading  el_before_av_textblock  hr-center hr-icon-no'><span class='hr-inner inner-border-av-border-fat'><span class=\"hr-inner-style\"><\/span><\/span><\/div><br \/>\n<section  class='av_textblock_section av-ipedpm-3586bf1e754739e898e158adec87ca46 '   itemscope=\"itemscope\" itemtype=\"https:\/\/schema.org\/CreativeWork\" ><div class='avia_textblock'  itemprop=\"text\" ><div id=\"attachment_400\" style=\"width: 310px\" class=\"wp-caption alignright\"><a href=\"https:\/\/rubrails-tessilmare.com\/fr\/barre-en-acier-inoxydable-316l-sphaera-65\/\" target=\"_blank\" rel=\"noopener\"><img decoding=\"async\" aria-describedby=\"caption-attachment-400\" class=\"wp-image-400 size-medium lazyload\" title=\"Boat Bumpers SPHAERA 65\" data-src=\"https:\/\/rubrails-tessilmare.com\/wp-content\/uploads\/2017\/07\/SPHAERA_65-300x300.jpg\" alt=\"Boat Bumpers SPHAERA 65\" width=\"300\" height=\"300\" data-srcset=\"https:\/\/b1654183.smushcdn.com\/1654183\/wp-content\/uploads\/2017\/07\/SPHAERA_65-300x300.jpg?lossy=0&amp;strip=1&amp;webp=1 300w, https:\/\/b1654183.smushcdn.com\/1654183\/wp-content\/uploads\/2017\/07\/SPHAERA_65-80x80.jpg?lossy=0&amp;strip=1&amp;webp=1 80w, https:\/\/b1654183.smushcdn.com\/1654183\/wp-content\/uploads\/2017\/07\/SPHAERA_65-768x768.jpg?lossy=0&amp;strip=1&amp;webp=1 768w, https:\/\/b1654183.smushcdn.com\/1654183\/wp-content\/uploads\/2017\/07\/SPHAERA_65-36x36.jpg?lossy=0&amp;strip=1&amp;webp=1 36w, https:\/\/b1654183.smushcdn.com\/1654183\/wp-content\/uploads\/2017\/07\/SPHAERA_65-180x180.jpg?lossy=0&amp;strip=1&amp;webp=1 180w, https:\/\/b1654183.smushcdn.com\/1654183\/wp-content\/uploads\/2017\/07\/SPHAERA_65-705x705.jpg?lossy=0&amp;strip=1&amp;webp=1 705w, https:\/\/b1654183.smushcdn.com\/1654183\/wp-content\/uploads\/2017\/07\/SPHAERA_65-120x120.jpg?lossy=0&amp;strip=1&amp;webp=1 120w, https:\/\/b1654183.smushcdn.com\/1654183\/wp-content\/uploads\/2017\/07\/SPHAERA_65-450x450.jpg?lossy=0&amp;strip=1&amp;webp=1 450w, https:\/\/b1654183.smushcdn.com\/1654183\/wp-content\/uploads\/2017\/07\/SPHAERA_65.jpg?lossy=0&amp;strip=1&amp;webp=1 1000w\" data-sizes=\"(max-width: 300px) 100vw, 300px\" src=\"data:image\/gif;base64,R0lGODlhAQABAAAAACH5BAEKAAEALAAAAAABAAEAAAICTAEAOw==\" style=\"--smush-placeholder-width: 300px; --smush-placeholder-aspect-ratio: 300\/300;\" \/><noscript><img decoding=\"async\" aria-describedby=\"caption-attachment-400\" class=\"wp-image-400 size-medium\" title=\"Boat Bumpers SPHAERA 65\" src=\"https:\/\/rubrails-tessilmare.com\/wp-content\/uploads\/2017\/07\/SPHAERA_65-300x300.jpg\" alt=\"Boat Bumpers SPHAERA 65\" width=\"300\" height=\"300\" srcset=\"https:\/\/b1654183.smushcdn.com\/1654183\/wp-content\/uploads\/2017\/07\/SPHAERA_65-300x300.jpg?lossy=0&amp;strip=1&amp;webp=1 300w, https:\/\/b1654183.smushcdn.com\/1654183\/wp-content\/uploads\/2017\/07\/SPHAERA_65-80x80.jpg?lossy=0&amp;strip=1&amp;webp=1 80w, https:\/\/b1654183.smushcdn.com\/1654183\/wp-content\/uploads\/2017\/07\/SPHAERA_65-768x768.jpg?lossy=0&amp;strip=1&amp;webp=1 768w, https:\/\/b1654183.smushcdn.com\/1654183\/wp-content\/uploads\/2017\/07\/SPHAERA_65-36x36.jpg?lossy=0&amp;strip=1&amp;webp=1 36w, https:\/\/b1654183.smushcdn.com\/1654183\/wp-content\/uploads\/2017\/07\/SPHAERA_65-180x180.jpg?lossy=0&amp;strip=1&amp;webp=1 180w, https:\/\/b1654183.smushcdn.com\/1654183\/wp-content\/uploads\/2017\/07\/SPHAERA_65-705x705.jpg?lossy=0&amp;strip=1&amp;webp=1 705w, https:\/\/b1654183.smushcdn.com\/1654183\/wp-content\/uploads\/2017\/07\/SPHAERA_65-120x120.jpg?lossy=0&amp;strip=1&amp;webp=1 120w, https:\/\/b1654183.smushcdn.com\/1654183\/wp-content\/uploads\/2017\/07\/SPHAERA_65-450x450.jpg?lossy=0&amp;strip=1&amp;webp=1 450w, https:\/\/b1654183.smushcdn.com\/1654183\/wp-content\/uploads\/2017\/07\/SPHAERA_65.jpg?lossy=0&amp;strip=1&amp;webp=1 1000w\" sizes=\"(max-width: 300px) 100vw, 300px\" \/><\/noscript><\/a><p id=\"caption-attachment-400\" class=\"wp-caption-text\">Pare-chocs de bateau SPHAERA 65<\/p>\n<p style=\"text-align: center;\"><a class=\"CTAModels\" style=\"background-color: #15354e; color: white; padding: 5px; font-weight: bold;\" href=\"#av-masonry-1\">VOIR TOUS LES PARE-CHOCS DE BATEAU<\/a><\/p>\n<p><\/p><\/div>\n<p>Con\u00e7us pour prot\u00e9ger chaque bateau, les <strong>pare-chocs de bateau<\/strong> sont la <strong>meilleure<\/strong> <strong>solution en cas d&rsquo;impact ou de d\u00e9samarrage<\/strong>, mais pas seulement. Le pare-chocs de bateau parfait doit \u00eatre un <strong>excellent joint d&rsquo;\u00e9tanch\u00e9it\u00e9 entre la coque et le pont<\/strong> ainsi qu&rsquo;un moyen de <strong>renforcer la jonction en fibre de verre<\/strong> \u00e9galement.<\/p>\n<p><a title=\"Tessilmare\" href=\"https:\/\/www.tessilmare.com\/en\/\" target=\"_blank\" rel=\"noopener\"><strong>Tessilmare<\/strong><\/a>, leader mondial dans la <strong>production de profils de pare-chocs de bateau<\/strong>, offre <strong>le plus haut niveau de protection pour votre bateau<\/strong>, avec une large gamme de solutions et de produits pour pare-chocs. Gr\u00e2ce \u00e0 ses brevets internationaux innovants et \u00e0 son installation facile, vous pourrez remplacer vos anciens pare-chocs de bateau en quelques \u00e9tapes simples et rapides.<\/p>\n<h4><\/h4>\n<h3>Diff\u00e9rents mod\u00e8les pour diff\u00e9rents besoins<\/h3>\n<p>Con\u00e7us et produits pour des bateaux de toutes tailles et \u00e9poques, les pare-chocs de bateau Tessilmare se d\u00e9clinent en diff\u00e9rentes formes et tailles pour s&rsquo;adapter \u00e0 de nombreuses applications. Couvert par <strong>5 brevets internationaux diff\u00e9rents, <\/strong>un pour chaque mod\u00e8le, ils conviennent aux bateaux avec jonction en bo\u00eete.<\/p>\n<p><strong><a title=\"Boat Bumpers Sphaera\" href=\"https:\/\/rubrails-tessilmare.com\/fr\/boat-rub-rails\/sphaera-boat-rub-rails\/\">Sphaera<\/a><\/strong>, flexible, l\u00e9ger mais exceptionnellement solide, est un profil de pare-chocs tr\u00e8s innovant, le premier combinant haute performance technique avec une excellente qualit\u00e9 et design. <strong><a title=\"Boat Bumpers Radial\" href=\"https:\/\/rubrails-tessilmare.com\/fr\/boat-rub-rails\/radial-boat-rub-rails\/\">Radial<\/a><\/strong>, rapide et facile \u00e0 installer, a r\u00e9volutionn\u00e9 <strong>l&rsquo;installation des profils de pare-chocs<\/strong> car il peut \u00eatre ajust\u00e9 \u00e0 froid en quelques \u00e9tapes seulement. <strong><a title=\"Bino Boat Bumpers\" href=\"https:\/\/rubrails-tessilmare.com\/fr\/boat-rub-rails\/bino-boat-rub-rails\/\">Bino<\/a><\/strong> et <strong><a title=\"Bumper boat rub rails\" href=\"https:\/\/rubrails-tessilmare.com\/fr\/boat-rub-rails\/bumper-boat-rub-rails\/\">Bumper<\/a><\/strong>, tr\u00e8s flexibles et divis\u00e9s en plusieurs pi\u00e8ces, sont particuli\u00e8rement adapt\u00e9s aux bateaux militaires, commerciaux et aux bateaux de transport de passagers. Enfin, mais non des moindres, <strong><a title=\"Binox Boat Bumpers\" href=\"https:\/\/rubrails-tessilmare.com\/fr\/boat-rub-rails\/binox-boat-rub-rails\/\">Binox<\/a><\/strong>, le dernier profil de pare-chocs n\u00e9 chez Tessilmare, le premier profil en acier inoxydable sans vis, fix\u00e9 par pression directement sur la base en PVC de 75 mm.<\/p>\n<h3>Pourquoi profiter des pare-chocs de bateau Tessilmare<\/h3>\n<p>Cr\u00e9ativit\u00e9, technologie avanc\u00e9e et innovation, attention au design et au style : Tessilmare se distingue par son excellence et ses produits de premi\u00e8re qualit\u00e9, <strong>enti\u00e8rement con\u00e7us et fabriqu\u00e9s en Italie<\/strong>.<\/p>\n<p>Les brevets internationaux innovants et l&rsquo;incroyable innovation dans la qualit\u00e9 des mat\u00e9riaux et le processus d&rsquo;assemblage garantissent une installation rapide, facile et une garantie \u00e0 vie, ce qui fait des pare-chocs de bateau Tessilmare <strong>un v\u00e9ritable<\/strong> <strong>produit r\u00e9volutionnaire dans le monde nautique<\/strong>.<\/p>\n<div style=\"width: 560px\" class=\"wp-caption aligncenter\"><a href=\"https:\/\/rubrails-tessilmare.com\/wp-content\/uploads\/2017\/07\/SPH_endcup2-1-1030x773.jpg\"><img decoding=\"async\" class=\"size-medium lazyload\" data-src=\"https:\/\/rubrails-tessilmare.com\/wp-content\/uploads\/2017\/07\/SPH_endcup2-1-1030x773.jpg\" alt=\"Boat with SPHAERA STAINLESS STEEL 316L BAR 65\" width=\"1030\" height=\"773\" src=\"data:image\/gif;base64,R0lGODlhAQABAAAAACH5BAEKAAEALAAAAAABAAEAAAICTAEAOw==\" style=\"--smush-placeholder-width: 1030px; --smush-placeholder-aspect-ratio: 1030\/773;\" \/><noscript><img decoding=\"async\" class=\"size-medium\" src=\"https:\/\/rubrails-tessilmare.com\/wp-content\/uploads\/2017\/07\/SPH_endcup2-1-1030x773.jpg\" alt=\"Boat with SPHAERA STAINLESS STEEL 316L BAR 65\" width=\"1030\" height=\"773\" \/><\/noscript><\/a><p class=\"wp-caption-text\">Bateau avec SPHAERA STAINLESS STEEL 316L BAR 65<\/p><\/div>\n<\/div><\/section><\/p><\/div>\n\n<style type=\"text\/css\" data-created_by=\"avia_inline_auto\" id=\"style-css-av-hptqbe-366e6a71eaecd21e4849fb0c78dedb0d\">\n#top .hr.hr-invisible.av-hptqbe-366e6a71eaecd21e4849fb0c78dedb0d{\nheight:5px;\n}\n<\/style>\n<div  class='hr av-hptqbe-366e6a71eaecd21e4849fb0c78dedb0d hr-invisible  avia-builder-el-5  el_after_av_one_full  el_before_av_one_full '><span class='hr-inner '><span class=\"hr-inner-style\"><\/span><\/span><\/div>\n\n<style type=\"text\/css\" data-created_by=\"avia_inline_auto\" id=\"style-css-av-gi4asq-8bbe3e30d3f95998769d213f8d65d1fd\">\n.flex_column.av-gi4asq-8bbe3e30d3f95998769d213f8d65d1fd{\nborder-radius:0px 0px 0px 0px;\npadding:0px 0px 0px 0px;\n}\n<\/style>\n<div  class='flex_column av-gi4asq-8bbe3e30d3f95998769d213f8d65d1fd av_one_full  avia-builder-el-6  el_after_av_hr  el_before_av_hr  first flex_column_div av-zero-column-padding  '     ><div id='av-masonry-1' class='av-masonry av-duf30q-63e71359f9301835497c402b7d2eb062 noHover av-fixed-size av-1px-gap av-hover-overlay-active av-masonry-animation-active av-masonry-col-3 av-caption-on-hover av-caption-style-overlay av-masonry-gallery av-medium-columns-overwrite av-medium-columns-3 av-orientation-square ' data-post_id=\"8088\"><div class=\"av-masonry-container isotope av-js-disabled\"><div class='av-masonry-entry isotope-item av-masonry-item-no-image '><\/div><a href=\"https:\/\/rubrails-tessilmare.com\/fr\/barre-en-acier-inoxydable-316l-sphaera-50\/\" aria-label=\"image SPHAERA_50\" id=\"av-masonry-1-item-6801\" data-av-masonry-item=\"6801\" class=\"av-masonry-entry isotope-item post-6801 attachment type-attachment status-inherit hentry  av-masonry-item-with-image\" title=\"SPHAERA_50\" alt=\"\" data-av-masonry-custom-link=\"https:\/\/rubrails-tessilmare.com\/fr\/barre-en-acier-inoxydable-316l-sphaera-50\/\" itemprop=\"thumbnailUrl\"><div class='av-inner-masonry-sizer'><\/div><figure class='av-inner-masonry main_color'><div class=\"av-masonry-outerimage-container\"><div class='av-masonry-image-container lazyload' style=\"background-image:inherit;\"  title=\"SPHAERA_50\"  data-bg-image=\"url(https:\/\/rubrails-tessilmare.com\/wp-content\/uploads\/2017\/07\/SPHAERA_50-705x705.jpg)\"><\/div><\/div><figcaption class='av-inner-masonry-content site-background'><div class='av-inner-masonry-content-pos'><div class='av-inner-masonry-content-pos-content'><div class='avia-arrow'><\/div><div class='av-masonry-entry-content entry-content'  itemprop=\"text\" >SPHAERA STAINLESS STEEL 316L BAR 50<\/div><\/div><\/div><\/figcaption><\/figure><\/a><!--end av-masonry entry--><a href=\"https:\/\/rubrails-tessilmare.com\/fr\/barre-en-acier-inoxydable-316l-sphaera-65\/\" aria-label=\"image Boat Bumpers SPHAERA 65\" id=\"av-masonry-1-item-6794\" data-av-masonry-item=\"6794\" class=\"av-masonry-entry isotope-item post-6794 attachment type-attachment status-inherit hentry  av-masonry-item-with-image\" title=\"Boat Bumpers SPHAERA 65\" alt=\"\" data-av-masonry-custom-link=\"https:\/\/rubrails-tessilmare.com\/fr\/barre-en-acier-inoxydable-316l-sphaera-65\/\" itemprop=\"thumbnailUrl\"><div class='av-inner-masonry-sizer'><\/div><figure class='av-inner-masonry main_color'><div class=\"av-masonry-outerimage-container\"><div class='av-masonry-image-container lazyload' style=\"background-image:inherit;\"  title=\"Boat Bumpers SPHAERA 65\"  data-bg-image=\"url(https:\/\/rubrails-tessilmare.com\/wp-content\/uploads\/2017\/07\/SPHAERA_65-705x705.jpg)\"><\/div><\/div><figcaption class='av-inner-masonry-content site-background'><div class='av-inner-masonry-content-pos'><div class='av-inner-masonry-content-pos-content'><div class='avia-arrow'><\/div><div class='av-masonry-entry-content entry-content'  itemprop=\"text\" >SPHAERA STAINLESS STEEL 316L BAR 65<\/div><\/div><\/div><\/figcaption><\/figure><\/a><!--end av-masonry entry--><\/div><\/div><\/div>\n<div  class='hr av-1amq1m-6c9f9d5ab9a2d54144eb90e69007c7de hr-default  avia-builder-el-8  el_after_av_one_full  el_before_av_one_full '><span class='hr-inner '><span class=\"hr-inner-style\"><\/span><\/span><\/div>\n\n<style type=\"text\/css\" data-created_by=\"avia_inline_auto\" id=\"style-css-av-arztga-d0336ee24681d014c5305e1835ef085b\">\n.flex_column.av-arztga-d0336ee24681d014c5305e1835ef085b{\nborder-radius:0px 0px 0px 0px;\npadding:20px 20px 20px 20px;\nbackground-color:#efeff0;\n}\n<\/style>\n<div  class='flex_column av-arztga-d0336ee24681d014c5305e1835ef085b av_one_full  avia-builder-el-9  el_after_av_hr  el_before_av_hr  first flex_column_div  '     ><\/div><div  class='hr av-s1s96-922376f7c7b84ade17506c2d55f1098c hr-default  avia-builder-el-11  el_after_av_one_full  el_before_av_one_full '><span class='hr-inner '><span class=\"hr-inner-style\"><\/span><\/span><\/div><\/p>\n\n<style type=\"text\/css\" data-created_by=\"avia_inline_auto\" id=\"style-css-av-6jc9y2-ffeafc2a1c4e8c4c543245a24cf7b21b\">\n.flex_column.av-6jc9y2-ffeafc2a1c4e8c4c543245a24cf7b21b{\nborder-radius:0px 0px 0px 0px;\n}\n<\/style>\n<div  class='flex_column av-6jc9y2-ffeafc2a1c4e8c4c543245a24cf7b21b av_one_full  avia-builder-el-12  el_after_av_hr  avia-builder-el-last  first flex_column_div  '     ><p>\n<style type=\"text\/css\" data-created_by=\"avia_inline_auto\" id=\"style-css-av-3m1rm2-2b851deb35bb9bfe5b0c70afea4eec2b\">\n#top .av-special-heading.av-3m1rm2-2b851deb35bb9bfe5b0c70afea4eec2b{\npadding-bottom:10px;\n}\nbody .av-special-heading.av-3m1rm2-2b851deb35bb9bfe5b0c70afea4eec2b .av-special-heading-tag .heading-char{\nfont-size:25px;\n}\n.av-special-heading.av-3m1rm2-2b851deb35bb9bfe5b0c70afea4eec2b .av-subheading{\nfont-size:15px;\n}\n<\/style>\n<div  class='av-special-heading av-3m1rm2-2b851deb35bb9bfe5b0c70afea4eec2b av-special-heading-h3 blockquote modern-quote  avia-builder-el-13  el_before_av_sidebar  avia-builder-el-first '><h3 class='av-special-heading-tag '  itemprop=\"headline\"  >Autre contenu sp\u00e9cial<\/h3><div class=\"special-heading-border\"><div class=\"special-heading-inner-border\"><\/div><\/div><\/div><br \/>\n<div  class='avia-builder-widget-area clearfix  avia-builder-el-14  el_after_av_heading  avia-builder-el-last '><section id=\"nav_menu-6\" class=\"widget clearfix widget_nav_menu\"><div class=\"menu-menu-pagine-tag-french-container\"><ul id=\"menu-menu-pagine-tag-french\" class=\"menu\"><li id=\"menu-item-9759\" class=\"menu-item menu-item-type-post_type menu-item-object-page menu-item-9759\"><a href=\"https:\/\/rubrails-tessilmare.com\/fr\/kit-des-listons-para-battage\/\">Kit des Listons para-battage<\/a><\/li>\n<li id=\"menu-item-9760\" class=\"menu-item menu-item-type-post_type menu-item-object-page menu-item-9760\"><a href=\"https:\/\/rubrails-tessilmare.com\/fr\/installation-de-liston-pare-battage\/\">Installation des listons pare-battage<\/a><\/li>\n<li id=\"menu-item-9761\" class=\"menu-item menu-item-type-post_type menu-item-object-page menu-item-9761\"><a href=\"https:\/\/rubrails-tessilmare.com\/fr\/pare-chocs-de-quai-verticaux\/\">Pare-chocs de quai verticaux<\/a><\/li>\n<li id=\"menu-item-9762\" class=\"menu-item menu-item-type-post_type menu-item-object-page menu-item-9762\"><a href=\"https:\/\/rubrails-tessilmare.com\/fr\/protecteur-detrave-de-bateau\/\">Protecteur d&rsquo;\u00e9trave de bateau<\/a><\/li>\n<li id=\"menu-item-9763\" class=\"menu-item menu-item-type-post_type menu-item-object-page menu-item-9763\"><a href=\"https:\/\/rubrails-tessilmare.com\/fr\/pare-battage-de-bateau\/\">Pare-battage de bateau<\/a><\/li>\n<li id=\"menu-item-9764\" class=\"menu-item menu-item-type-post_type menu-item-object-page menu-item-9764\"><a href=\"https:\/\/rubrails-tessilmare.com\/fr\/garde-corps-de-proue-de-bateau\/\">Garde-corps de proue de bateau<\/a><\/li>\n<li id=\"menu-item-9765\" class=\"menu-item menu-item-type-custom menu-item-object-custom menu-item-9765\"><a href=\"https:\/\/rubrails-tessilmare.com\/dock-rubber-edging\/\">Dock Rubber Edging<\/a><\/li>\n<li id=\"menu-item-9766\" class=\"menu-item menu-item-type-post_type menu-item-object-page menu-item-9766\"><a href=\"https:\/\/rubrails-tessilmare.com\/fr\/pare-chocs-de-quai-pour-bateau-en-caoutchouc\/\">Pare-chocs de quai pour bateau en caoutchouc<\/a><\/li>\n<li id=\"menu-item-9767\" class=\"menu-item menu-item-type-post_type menu-item-object-page menu-item-9767\"><a href=\"https:\/\/rubrails-tessilmare.com\/fr\/rail-de-protection\/\">Profile de protection<\/a><\/li>\n<li id=\"menu-item-9768\" class=\"menu-item menu-item-type-post_type menu-item-object-page menu-item-9768\"><a href=\"https:\/\/rubrails-tessilmare.com\/fr\/pare-chocs-de-quai-en-caoutchouc\/\">Pare-chocs de quai en caoutchouc<\/a><\/li>\n<li id=\"menu-item-9769\" class=\"menu-item menu-item-type-post_type menu-item-object-page menu-item-9769\"><a href=\"https:\/\/rubrails-tessilmare.com\/fr\/pare-chocs-de-quai-pour-bateau-en-caoutchouc\/\">Pare-chocs de quai pour bateau en caoutchouc<\/a><\/li>\n<li id=\"menu-item-9770\" class=\"menu-item menu-item-type-post_type menu-item-object-page menu-item-9770\"><a href=\"https:\/\/rubrails-tessilmare.com\/fr\/pare-chocs-de-bateau\/\">Pare-chocs de bateau<\/a><\/li>\n<li id=\"menu-item-9771\" class=\"menu-item menu-item-type-post_type menu-item-object-page menu-item-9771\"><a href=\"https:\/\/rubrails-tessilmare.com\/fr\/butoirs-dock-edge\/\">Butoirs Dock Edge<\/a><\/li>\n<li id=\"menu-item-9772\" class=\"menu-item menu-item-type-post_type menu-item-object-page menu-item-9772\"><a href=\"https:\/\/rubrails-tessilmare.com\/fr\/solutions-de-pare-chocs-pour-quais-de-bateaux\/\">Solutions de pare-chocs pour quais de bateaux<\/a><\/li>\n<li id=\"menu-item-9773\" class=\"menu-item menu-item-type-post_type menu-item-object-page menu-item-9773\"><a href=\"https:\/\/rubrails-tessilmare.com\/fr\/coins-damortisseurs-pour-quai-de-bateau\/\">Coins d&rsquo;amortisseurs pour quai de bateau<\/a><\/li>\n<li id=\"menu-item-9774\" class=\"menu-item menu-item-type-post_type menu-item-object-page menu-item-9774\"><a href=\"https:\/\/rubrails-tessilmare.com\/fr\/pare-battage-marins\/\">Pare-battage marins<\/a><\/li>\n<li id=\"menu-item-9775\" class=\"menu-item menu-item-type-post_type menu-item-object-page menu-item-9775\"><a href=\"https:\/\/rubrails-tessilmare.com\/fr\/rails-lateraux-de-bateau\/\">Rails lat\u00e9raux de bateau<\/a><\/li>\n<li id=\"menu-item-9794\" class=\"menu-item menu-item-type-post_type menu-item-object-page menu-item-9794\"><a href=\"https:\/\/rubrails-tessilmare.com\/fr\/bord-du-quai\/\">Bord du quai<\/a><\/li>\n<li id=\"menu-item-9795\" class=\"menu-item menu-item-type-post_type menu-item-object-page menu-item-9795\"><a href=\"https:\/\/rubrails-tessilmare.com\/fr\/bino-dock-rail-de-protection\/\">Bino-Dock Profile de Protection<\/a><\/li>\n<li id=\"menu-item-9796\" class=\"menu-item menu-item-type-post_type menu-item-object-page menu-item-9796\"><a href=\"https:\/\/rubrails-tessilmare.com\/fr\/pare-chocs-pour-bateaux-en-caoutchouc\/\">Pare-chocs pour bateaux en caoutchouc<\/a><\/li>\n<\/ul><\/div><span class=\"seperator extralight-border\"><\/span><\/section><\/div><\/p><\/div>\n","protected":false},"excerpt":{"rendered":"","protected":false},"author":1,"featured_media":0,"parent":0,"menu_order":0,"comment_status":"closed","ping_status":"closed","template":"","meta":{"rank_math_lock_modified_date":false,"footnotes":""},"class_list":["post-8088","page","type-page","status-publish","hentry"],"_links":{"self":[{"href":"https:\/\/rubrails-tessilmare.com\/fr\/wp-json\/wp\/v2\/pages\/8088"}],"collection":[{"href":"https:\/\/rubrails-tessilmare.com\/fr\/wp-json\/wp\/v2\/pages"}],"about":[{"href":"https:\/\/rubrails-tessilmare.com\/fr\/wp-json\/wp\/v2\/types\/page"}],"author":[{"embeddable":true,"href":"https:\/\/rubrails-tessilmare.com\/fr\/wp-json\/wp\/v2\/users\/1"}],"replies":[{"embeddable":true,"href":"https:\/\/rubrails-tessilmare.com\/fr\/wp-json\/wp\/v2\/comments?post=8088"}],"version-history":[{"count":1,"href":"https:\/\/rubrails-tessilmare.com\/fr\/wp-json\/wp\/v2\/pages\/8088\/revisions"}],"predecessor-version":[{"id":8091,"href":"https:\/\/rubrails-tessilmare.com\/fr\/wp-json\/wp\/v2\/pages\/8088\/revisions\/8091"}],"wp:attachment":[{"href":"https:\/\/rubrails-tessilmare.com\/fr\/wp-json\/wp\/v2\/media?parent=8088"}],"curies":[{"name":"wp","href":"https:\/\/api.w.org\/{rel}","templated":true}]}}