{"id":8092,"date":"2019-03-29T15:04:51","date_gmt":"2019-03-29T14:04:51","guid":{"rendered":"https:\/\/rubrails-tessilmare.com\/bino-dock-rail-de-protection\/"},"modified":"2025-05-29T17:42:41","modified_gmt":"2025-05-29T15:42:41","slug":"bino-dock-rail-de-protection","status":"publish","type":"page","link":"https:\/\/rubrails-tessilmare.com\/fr\/bino-dock-rail-de-protection\/","title":{"rendered":"Bino-Dock Profile de Protection"},"content":{"rendered":"\n<style type=\"text\/css\" data-created_by=\"avia_inline_auto\" id=\"style-css-av-v0u9xx-b67b053e76ed4375db7d911f70a6bd82\">\n.flex_column.av-v0u9xx-b67b053e76ed4375db7d911f70a6bd82{\nborder-radius:0px 0px 0px 0px;\npadding:0px 0px 0px 0px;\n}\n<\/style>\n<div  class='flex_column av-v0u9xx-b67b053e76ed4375db7d911f70a6bd82 av_one_full  avia-builder-el-0  el_before_av_hr  avia-builder-el-first  first flex_column_div av-zero-column-padding  '     ><p>\n<style type=\"text\/css\" data-created_by=\"avia_inline_auto\" id=\"style-css-av-sl8rph-3caa5d85489c0459d2400f3e80a28259\">\n#top .av-special-heading.av-sl8rph-3caa5d85489c0459d2400f3e80a28259{\npadding-bottom:0;\n}\nbody .av-special-heading.av-sl8rph-3caa5d85489c0459d2400f3e80a28259 .av-special-heading-tag .heading-char{\nfont-size:25px;\n}\n.av-special-heading.av-sl8rph-3caa5d85489c0459d2400f3e80a28259 .av-subheading{\nfont-size:15px;\n}\n<\/style>\n<div  class='av-special-heading av-sl8rph-3caa5d85489c0459d2400f3e80a28259 av-special-heading-h1 blockquote modern-quote modern-centered  avia-builder-el-1  el_before_av_heading  avia-builder-el-first '><h1 class='av-special-heading-tag '  itemprop=\"headline\"  >BINO-DOCK RAIL DE FRAPPE<\/h1><div class=\"special-heading-border\"><div class=\"special-heading-inner-border\"><\/div><\/div><\/div><br \/>\n\n<style type=\"text\/css\" data-created_by=\"avia_inline_auto\" id=\"style-css-av-rkfr39-d1ee4f0584b47eed019718a3f1d73b07\">\n#top .av-special-heading.av-rkfr39-d1ee4f0584b47eed019718a3f1d73b07{\npadding-bottom:0;\nfont-size:20px;\n}\nbody .av-special-heading.av-rkfr39-d1ee4f0584b47eed019718a3f1d73b07 .av-special-heading-tag .heading-char{\nfont-size:25px;\n}\n#top #wrap_all .av-special-heading.av-rkfr39-d1ee4f0584b47eed019718a3f1d73b07 .av-special-heading-tag{\nfont-size:20px;\n}\n.av-special-heading.av-rkfr39-d1ee4f0584b47eed019718a3f1d73b07 .av-subheading{\nfont-size:15px;\n}\n\n@media only screen and (min-width: 480px) and (max-width: 767px){ \n#top #wrap_all .av-special-heading.av-rkfr39-d1ee4f0584b47eed019718a3f1d73b07 .av-special-heading-tag{\nfont-size:0.8em;\n}\n}\n\n@media only screen and (max-width: 479px){ \n#top #wrap_all .av-special-heading.av-rkfr39-d1ee4f0584b47eed019718a3f1d73b07 .av-special-heading-tag{\nfont-size:0.8em;\n}\n}\n<\/style>\n<div  class='av-special-heading av-rkfr39-d1ee4f0584b47eed019718a3f1d73b07 av-special-heading-h2 blockquote modern-quote modern-centered  avia-builder-el-2  el_after_av_heading  el_before_av_hr  av-inherit-size'><h2 class='av-special-heading-tag '  itemprop=\"headline\"  >100 % plus r\u00e9sistant que les syst\u00e8mes traditionnels de protection de quai et de pare-chocs<\/h2><div class=\"special-heading-border\"><div class=\"special-heading-inner-border\"><\/div><\/div><\/div><br \/>\n\n<style type=\"text\/css\" data-created_by=\"avia_inline_auto\" id=\"style-css-av-pd58qt-10d7c2079e3d8633b0b1e2cf1be94eff\">\n#top .hr.av-pd58qt-10d7c2079e3d8633b0b1e2cf1be94eff{\nmargin-top:5px;\nmargin-bottom:10px;\n}\n.hr.av-pd58qt-10d7c2079e3d8633b0b1e2cf1be94eff .hr-inner{\nwidth:7%;\nborder-color:#15354e;\n}\n<\/style>\n<div  class='hr av-pd58qt-10d7c2079e3d8633b0b1e2cf1be94eff hr-custom  avia-builder-el-3  el_after_av_heading  el_before_av_textblock  hr-center hr-icon-no'><span class='hr-inner inner-border-av-border-fat'><span class=\"hr-inner-style\"><\/span><\/span><\/div><br \/>\n<section  class='av_textblock_section av-nk3mwl-295f3544deb460271aa2333bbab6e327 '   itemscope=\"itemscope\" itemtype=\"https:\/\/schema.org\/CreativeWork\" ><div class='avia_textblock'  itemprop=\"text\" ><p><strong>Les rails de frottement de quai<\/strong> sont fabriqu\u00e9s en PVC avec un coefficient de friction tr\u00e8s faible. Votre <strong>bateau glissera sans aucun ph\u00e9nom\u00e8ne d&rsquo;abrasion<\/strong> et sans produire aucun bruit. Cette mati\u00e8re premi\u00e8re marine sp\u00e9ciale ne laisse pas de marques contrairement au caoutchouc en raison d&rsquo;une duret\u00e9 et d&rsquo;une forme sp\u00e9cifiques.<\/p>\n<p>L&rsquo;installation sur quai commercial et priv\u00e9 est tr\u00e8s facile avec nos syst\u00e8mes, vous pouvez choisir entre diff\u00e9rentes couleurs et un rouleau continu ou des d\u00e9coupes \u00e0 une longueur sp\u00e9cifique.<\/p>\n<\/div><\/section><\/p><\/div>\n\n<style type=\"text\/css\" data-created_by=\"avia_inline_auto\" id=\"style-css-av-m2jhbp-44c4423cbf4d577f503144ec5649fb87\">\n#top .hr.hr-invisible.av-m2jhbp-44c4423cbf4d577f503144ec5649fb87{\nheight:5px;\n}\n<\/style>\n<div  class='hr av-m2jhbp-44c4423cbf4d577f503144ec5649fb87 hr-invisible  avia-builder-el-5  el_after_av_one_full  el_before_av_one_full '><span class='hr-inner '><span class=\"hr-inner-style\"><\/span><\/span><\/div>\n\n<style type=\"text\/css\" data-created_by=\"avia_inline_auto\" id=\"style-css-av-k8f2vp-f4c5f2b77293f5559953b70b27d8e0ad\">\n.flex_column.av-k8f2vp-f4c5f2b77293f5559953b70b27d8e0ad{\nborder-radius:0px 0px 0px 0px;\npadding:0px 0px 0px 0px;\n}\n<\/style>\n<div  class='flex_column av-k8f2vp-f4c5f2b77293f5559953b70b27d8e0ad av_one_full  avia-builder-el-6  el_after_av_hr  el_before_av_hr  first flex_column_div av-zero-column-padding  '     ><div id='av-masonry-1' class='av-masonry av-ip271x-0bef945579925f9ed06fe14b818dc119 noHover av-fixed-size av-1px-gap av-hover-overlay-active av-masonry-animation-active av-masonry-col-3 av-caption-on-hover av-caption-style-overlay av-masonry-gallery av-medium-columns-overwrite av-medium-columns-3 av-orientation-square ' data-post_id=\"8092\"><div class=\"av-masonry-container isotope av-js-disabled\"><div class='av-masonry-entry isotope-item av-masonry-item-no-image '><\/div><a href=\"https:\/\/rubrails-tessilmare.com\/fr\/bino-40\/\"  aria-label=\"image BINO40_B\"  id='av-masonry-1-item-6921' data-av-masonry-item='6921' class='av-masonry-entry isotope-item post-6921 attachment type-attachment status-inherit hentry  av-masonry-item-with-image' title=\"BINO40_B\" alt=\"\"  data-av-masonry-custom-link=\"https:\/\/rubrails-tessilmare.com\/fr\/bino-40\/\"  itemprop=\"thumbnailUrl\" ><div class='av-inner-masonry-sizer'><\/div><figure class='av-inner-masonry main_color'><div class=\"av-masonry-outerimage-container\"><div class='av-masonry-image-container lazyload' style=\"background-image:inherit;\"  title=\"BINO40_B\"  data-bg-image=\"url(https:\/\/rubrails-tessilmare.com\/wp-content\/uploads\/2017\/07\/BINO40_B-705x705.jpg)\"><\/div><\/div><figcaption class='av-inner-masonry-content site-background'><div class='av-inner-masonry-content-pos'><div class='av-inner-masonry-content-pos-content'><div class='avia-arrow'><\/div><div class='av-masonry-entry-content entry-content'  itemprop=\"text\" >BINO 40<\/div><\/div><\/div><\/figcaption><\/figure><\/a><!--end av-masonry entry--><a href=\"https:\/\/rubrails-tessilmare.com\/fr\/bino-65\/\"  aria-label=\"image BINO65_B\"  id='av-masonry-1-item-6909' data-av-masonry-item='6909' class='av-masonry-entry isotope-item post-6909 attachment type-attachment status-inherit hentry  av-masonry-item-with-image' title=\"BINO65_B\" alt=\"\"  data-av-masonry-custom-link=\"https:\/\/rubrails-tessilmare.com\/fr\/bino-65\/\"  itemprop=\"thumbnailUrl\" ><div class='av-inner-masonry-sizer'><\/div><figure class='av-inner-masonry main_color'><div class=\"av-masonry-outerimage-container\"><div class='av-masonry-image-container lazyload' style=\"background-image:inherit;\"  title=\"BINO65_B\"  data-bg-image=\"url(https:\/\/rubrails-tessilmare.com\/wp-content\/uploads\/2017\/07\/BINO65_B-705x705.jpg)\"><\/div><\/div><figcaption class='av-inner-masonry-content site-background'><div class='av-inner-masonry-content-pos'><div class='av-inner-masonry-content-pos-content'><div class='avia-arrow'><\/div><div class='av-masonry-entry-content entry-content'  itemprop=\"text\" >BINO 65<\/div><\/div><\/div><\/figcaption><\/figure><\/a><!--end av-masonry entry--><a href=\"https:\/\/rubrails-tessilmare.com\/fr\/bino-90\/\"  aria-label=\"image BINO90_B\"  id='av-masonry-1-item-6903' data-av-masonry-item='6903' class='av-masonry-entry isotope-item post-6903 attachment type-attachment status-inherit hentry  av-masonry-item-with-image' title=\"BINO90_B\" alt=\"\"  data-av-masonry-custom-link=\"https:\/\/rubrails-tessilmare.com\/fr\/bino-90\/\"  itemprop=\"thumbnailUrl\" ><div class='av-inner-masonry-sizer'><\/div><figure class='av-inner-masonry main_color'><div class=\"av-masonry-outerimage-container\"><div class='av-masonry-image-container lazyload' style=\"background-image:inherit;\"  title=\"BINO90_B\"  data-bg-image=\"url(https:\/\/rubrails-tessilmare.com\/wp-content\/uploads\/2017\/07\/BINO90_B-705x705.jpg)\"><\/div><\/div><figcaption class='av-inner-masonry-content site-background'><div class='av-inner-masonry-content-pos'><div class='av-inner-masonry-content-pos-content'><div class='avia-arrow'><\/div><div class='av-masonry-entry-content entry-content'  itemprop=\"text\" >BINO 90 BLACK<\/div><\/div><\/div><\/figcaption><\/figure><\/a><!--end av-masonry entry--><\/div><\/div><\/div>\n<style type=\"text\/css\" data-created_by=\"avia_inline_auto\" id=\"style-css-av-gqqosl-45f1dd69e1e9e0f52d90e7177a45f8fe\">\n#top .hr.hr-invisible.av-gqqosl-45f1dd69e1e9e0f52d90e7177a45f8fe{\nheight:5px;\n}\n<\/style>\n<div  class='hr av-gqqosl-45f1dd69e1e9e0f52d90e7177a45f8fe hr-invisible  avia-builder-el-8  el_after_av_one_full  el_before_av_one_full '><span class='hr-inner '><span class=\"hr-inner-style\"><\/span><\/span><\/div><\/p>\n\n<style type=\"text\/css\" data-created_by=\"avia_inline_auto\" id=\"style-css-av-gjchgl-59ea0d09519d91f81aaa85da430afb7e\">\n.flex_column.av-gjchgl-59ea0d09519d91f81aaa85da430afb7e{\nborder-radius:0px 0px 0px 0px;\npadding:0px 0px 0px 0px;\n}\n<\/style>\n<div  class='flex_column av-gjchgl-59ea0d09519d91f81aaa85da430afb7e av_one_full  avia-builder-el-9  el_after_av_hr  el_before_av_hr  first flex_column_div av-zero-column-padding  '     ><section  class='av_textblock_section av-1f62tx-f0134e8271c3d1bfbbf87bf10415284e '   itemscope=\"itemscope\" itemtype=\"https:\/\/schema.org\/CreativeWork\" ><div class='avia_textblock'  itemprop=\"text\" ><p>Nos syst\u00e8mes sont compos\u00e9s de <strong>2 modules de profil\u00e9s en PVC<\/strong> et d&rsquo;une barre en acier inoxydable pr\u00e9-perc\u00e9e. Les deux parties <strong>Dock Rub Rail<\/strong> doivent \u00eatre d\u00e9roul\u00e9es, le module inf\u00e9rieur sera perc\u00e9 sur le quai \u00e0 l&rsquo;aide de la barre en acier inoxydable, le module sup\u00e9rieur de fermeture sera simplement press\u00e9 avec un marteau en caoutchouc dans le module de base, si simple, sans interruptions.<\/p>\n<div class='avia-iframe-wrap'><iframe title=\"BINO Boat Rub Rail - Tessilmare\" width=\"1500\" height=\"844\" data-src=\"https:\/\/www.youtube.com\/embed\/ycjPvmFtKBM?feature=oembed\" frameborder=\"0\" allow=\"accelerometer; autoplay; clipboard-write; encrypted-media; gyroscope; picture-in-picture; web-share\" referrerpolicy=\"strict-origin-when-cross-origin\" allowfullscreen src=\"data:image\/gif;base64,R0lGODlhAQABAAAAACH5BAEKAAEALAAAAAABAAEAAAICTAEAOw==\" class=\"lazyload\" data-load-mode=\"1\"><\/iframe><\/div>\n<p>Notre mat\u00e9riau PVC marin de haute qualit\u00e9 ne se d\u00e9gradera pas au fil du temps. Vous n&rsquo;aurez pas \u00e0 vous soucier des dommages caus\u00e9s par l&rsquo;eau ou de la d\u00e9coloration due au soleil.<\/p>\n<h3>Tous les produits Tessilmare pour quais et pare-chocs sont modulaires<\/h3>\n<p>Cela signifie qu&rsquo;en cas de dommage important, vous n&rsquo;aurez pas besoin de remplacer tout le syst\u00e8me. Vous pouvez changer ou interchanger chaque partie du module, r\u00e9duisant ainsi consid\u00e9rablement le co\u00fbt de tout remplacement ou pi\u00e8ce endommag\u00e9e.<\/p>\n<p>Op\u00e9rant dans <strong>l&rsquo;industrie marine<\/strong> depuis pr\u00e8s d&rsquo;un si\u00e8cle, Tessilmare produit des pare-chocs, des protections de quais et des rails de frottement pour applications marines qui r\u00e9sistent aux rigueurs de m\u00e8re nature. \u00c0 travers les temp\u00eates et une longue exposition au soleil, au vent et aux mers agit\u00e9es, vous pouvez \u00eatre assur\u00e9 que<\/p>\n<ul>\n<li>votre bateau,<\/li>\n<li>yacht, ou<\/li>\n<li>quai<\/li>\n<\/ul>\n<p>ne sera pas seulement prot\u00e9g\u00e9 mais aura l&rsquo;air aussi bien que le jour de son achat.<\/p>\n<\/div><\/section><\/div>\n\n<style type=\"text\/css\" data-created_by=\"avia_inline_auto\" id=\"style-css-av-bvolsl-65aa80efe654d55c561df4283536517a\">\n#top .hr.av-bvolsl-65aa80efe654d55c561df4283536517a{\nmargin-top:5px;\nmargin-bottom:10px;\n}\n.hr.av-bvolsl-65aa80efe654d55c561df4283536517a .hr-inner{\nwidth:7%;\nborder-color:#15354e;\n}\n<\/style>\n<div  class='hr av-bvolsl-65aa80efe654d55c561df4283536517a hr-custom  avia-builder-el-11  el_after_av_one_full  el_before_av_one_full  hr-center hr-icon-no'><span class='hr-inner inner-border-av-border-fat'><span class=\"hr-inner-style\"><\/span><\/span><\/div>\n\n<style type=\"text\/css\" data-created_by=\"avia_inline_auto\" id=\"style-css-av-159ur9-65ef9fb774b0b769bea1bb98998d963a\">\n.flex_column.av-159ur9-65ef9fb774b0b769bea1bb98998d963a{\nborder-radius:0px 0px 0px 0px;\npadding:20px 20px 20px 20px;\nbackground-color:#efeff0;\n}\n<\/style>\n<div  class='flex_column av-159ur9-65ef9fb774b0b769bea1bb98998d963a av_one_full  avia-builder-el-12  el_after_av_hr  el_before_av_hr  first flex_column_div  '     ><\/div>\n\n<style type=\"text\/css\" data-created_by=\"avia_inline_auto\" id=\"style-css-av-7993cl-59d7e1ca59f7bf085ded6027f22877ac\">\n#top .hr.av-7993cl-59d7e1ca59f7bf085ded6027f22877ac{\nmargin-top:5px;\nmargin-bottom:10px;\n}\n.hr.av-7993cl-59d7e1ca59f7bf085ded6027f22877ac .hr-inner{\nwidth:7%;\nborder-color:#15354e;\n}\n<\/style>\n<div  class='hr av-7993cl-59d7e1ca59f7bf085ded6027f22877ac hr-custom  avia-builder-el-14  el_after_av_one_full  el_before_av_one_full  hr-center hr-icon-no'><span class='hr-inner inner-border-av-border-fat'><span class=\"hr-inner-style\"><\/span><\/span><\/div>\n\n<style type=\"text\/css\" data-created_by=\"avia_inline_auto\" id=\"style-css-av-5651o5-fd2ef86617abcf96214da47a97cccac6\">\n.flex_column.av-5651o5-fd2ef86617abcf96214da47a97cccac6{\nborder-radius:0px 0px 0px 0px;\n}\n<\/style>\n<div  class='flex_column av-5651o5-fd2ef86617abcf96214da47a97cccac6 av_one_full  avia-builder-el-15  el_after_av_hr  avia-builder-el-last  first flex_column_div  '     ><p>\n<style type=\"text\/css\" data-created_by=\"avia_inline_auto\" id=\"style-css-av-4lmvlh-21436b8e4f8fe79e0c34c4213d25b057\">\n#top .av-special-heading.av-4lmvlh-21436b8e4f8fe79e0c34c4213d25b057{\npadding-bottom:10px;\n}\nbody .av-special-heading.av-4lmvlh-21436b8e4f8fe79e0c34c4213d25b057 .av-special-heading-tag .heading-char{\nfont-size:25px;\n}\n.av-special-heading.av-4lmvlh-21436b8e4f8fe79e0c34c4213d25b057 .av-subheading{\nfont-size:15px;\n}\n<\/style>\n<div  class='av-special-heading av-4lmvlh-21436b8e4f8fe79e0c34c4213d25b057 av-special-heading-h3 blockquote modern-quote  avia-builder-el-16  el_before_av_sidebar  avia-builder-el-first '><h3 class='av-special-heading-tag '  itemprop=\"headline\"  >Autre contenu sp\u00e9cial<\/h3><div class=\"special-heading-border\"><div class=\"special-heading-inner-border\"><\/div><\/div><\/div><br \/>\n<div  class='avia-builder-widget-area clearfix  avia-builder-el-17  el_after_av_heading  avia-builder-el-last '><section id=\"nav_menu-6\" class=\"widget clearfix widget_nav_menu\"><div class=\"menu-menu-pagine-tag-french-container\"><ul id=\"menu-menu-pagine-tag-french\" class=\"menu\"><li id=\"menu-item-9759\" class=\"menu-item menu-item-type-post_type menu-item-object-page menu-item-9759\"><a href=\"https:\/\/rubrails-tessilmare.com\/fr\/kit-des-listons-para-battage\/\">Kit des Listons para-battage<\/a><\/li>\n<li id=\"menu-item-9760\" class=\"menu-item menu-item-type-post_type menu-item-object-page menu-item-9760\"><a href=\"https:\/\/rubrails-tessilmare.com\/fr\/installation-de-liston-pare-battage\/\">Installation des listons pare-battage<\/a><\/li>\n<li id=\"menu-item-9761\" class=\"menu-item menu-item-type-post_type menu-item-object-page menu-item-9761\"><a href=\"https:\/\/rubrails-tessilmare.com\/fr\/pare-chocs-de-quai-verticaux\/\">Pare-chocs de quai verticaux<\/a><\/li>\n<li id=\"menu-item-9762\" class=\"menu-item menu-item-type-post_type menu-item-object-page menu-item-9762\"><a href=\"https:\/\/rubrails-tessilmare.com\/fr\/protecteur-detrave-de-bateau\/\">Protecteur d&rsquo;\u00e9trave de bateau<\/a><\/li>\n<li id=\"menu-item-9763\" class=\"menu-item menu-item-type-post_type menu-item-object-page menu-item-9763\"><a href=\"https:\/\/rubrails-tessilmare.com\/fr\/pare-battage-de-bateau\/\">Pare-battage de bateau<\/a><\/li>\n<li id=\"menu-item-9764\" class=\"menu-item menu-item-type-post_type menu-item-object-page menu-item-9764\"><a href=\"https:\/\/rubrails-tessilmare.com\/fr\/garde-corps-de-proue-de-bateau\/\">Garde-corps de proue de bateau<\/a><\/li>\n<li id=\"menu-item-9765\" class=\"menu-item menu-item-type-custom menu-item-object-custom menu-item-9765\"><a href=\"https:\/\/rubrails-tessilmare.com\/dock-rubber-edging\/\">Dock Rubber Edging<\/a><\/li>\n<li id=\"menu-item-9766\" class=\"menu-item menu-item-type-post_type menu-item-object-page menu-item-9766\"><a href=\"https:\/\/rubrails-tessilmare.com\/fr\/pare-chocs-de-quai-pour-bateau-en-caoutchouc\/\">Pare-chocs de quai pour bateau en caoutchouc<\/a><\/li>\n<li id=\"menu-item-9767\" class=\"menu-item menu-item-type-post_type menu-item-object-page menu-item-9767\"><a href=\"https:\/\/rubrails-tessilmare.com\/fr\/rail-de-protection\/\">Profile de protection<\/a><\/li>\n<li id=\"menu-item-9768\" class=\"menu-item menu-item-type-post_type menu-item-object-page menu-item-9768\"><a href=\"https:\/\/rubrails-tessilmare.com\/fr\/pare-chocs-de-quai-en-caoutchouc\/\">Pare-chocs de quai en caoutchouc<\/a><\/li>\n<li id=\"menu-item-9769\" class=\"menu-item menu-item-type-post_type menu-item-object-page menu-item-9769\"><a href=\"https:\/\/rubrails-tessilmare.com\/fr\/pare-chocs-de-quai-pour-bateau-en-caoutchouc\/\">Pare-chocs de quai pour bateau en caoutchouc<\/a><\/li>\n<li id=\"menu-item-9770\" class=\"menu-item menu-item-type-post_type menu-item-object-page menu-item-9770\"><a href=\"https:\/\/rubrails-tessilmare.com\/fr\/pare-chocs-de-bateau\/\">Pare-chocs de bateau<\/a><\/li>\n<li id=\"menu-item-9771\" class=\"menu-item menu-item-type-post_type menu-item-object-page menu-item-9771\"><a href=\"https:\/\/rubrails-tessilmare.com\/fr\/butoirs-dock-edge\/\">Butoirs Dock Edge<\/a><\/li>\n<li id=\"menu-item-9772\" class=\"menu-item menu-item-type-post_type menu-item-object-page menu-item-9772\"><a href=\"https:\/\/rubrails-tessilmare.com\/fr\/solutions-de-pare-chocs-pour-quais-de-bateaux\/\">Solutions de pare-chocs pour quais de bateaux<\/a><\/li>\n<li id=\"menu-item-9773\" class=\"menu-item menu-item-type-post_type menu-item-object-page menu-item-9773\"><a href=\"https:\/\/rubrails-tessilmare.com\/fr\/coins-damortisseurs-pour-quai-de-bateau\/\">Coins d&rsquo;amortisseurs pour quai de bateau<\/a><\/li>\n<li id=\"menu-item-9774\" class=\"menu-item menu-item-type-post_type menu-item-object-page menu-item-9774\"><a href=\"https:\/\/rubrails-tessilmare.com\/fr\/pare-battage-marins\/\">Pare-battage marins<\/a><\/li>\n<li id=\"menu-item-9775\" class=\"menu-item menu-item-type-post_type menu-item-object-page menu-item-9775\"><a href=\"https:\/\/rubrails-tessilmare.com\/fr\/rails-lateraux-de-bateau\/\">Rails lat\u00e9raux de bateau<\/a><\/li>\n<li id=\"menu-item-9794\" class=\"menu-item menu-item-type-post_type menu-item-object-page menu-item-9794\"><a href=\"https:\/\/rubrails-tessilmare.com\/fr\/bord-du-quai\/\">Bord du quai<\/a><\/li>\n<li id=\"menu-item-9795\" class=\"menu-item menu-item-type-post_type menu-item-object-page menu-item-9795\"><a href=\"https:\/\/rubrails-tessilmare.com\/fr\/bino-dock-rail-de-protection\/\">Bino-Dock Profile de Protection<\/a><\/li>\n<li id=\"menu-item-9796\" class=\"menu-item menu-item-type-post_type menu-item-object-page menu-item-9796\"><a href=\"https:\/\/rubrails-tessilmare.com\/fr\/pare-chocs-pour-bateaux-en-caoutchouc\/\">Pare-chocs pour bateaux en caoutchouc<\/a><\/li>\n<\/ul><\/div><span class=\"seperator extralight-border\"><\/span><\/section><\/div><\/p><\/div>\n","protected":false},"excerpt":{"rendered":"","protected":false},"author":1,"featured_media":0,"parent":0,"menu_order":0,"comment_status":"closed","ping_status":"closed","template":"","meta":{"rank_math_lock_modified_date":false,"footnotes":""},"class_list":["post-8092","page","type-page","status-publish","hentry"],"_links":{"self":[{"href":"https:\/\/rubrails-tessilmare.com\/fr\/wp-json\/wp\/v2\/pages\/8092"}],"collection":[{"href":"https:\/\/rubrails-tessilmare.com\/fr\/wp-json\/wp\/v2\/pages"}],"about":[{"href":"https:\/\/rubrails-tessilmare.com\/fr\/wp-json\/wp\/v2\/types\/page"}],"author":[{"embeddable":true,"href":"https:\/\/rubrails-tessilmare.com\/fr\/wp-json\/wp\/v2\/users\/1"}],"replies":[{"embeddable":true,"href":"https:\/\/rubrails-tessilmare.com\/fr\/wp-json\/wp\/v2\/comments?post=8092"}],"version-history":[{"count":2,"href":"https:\/\/rubrails-tessilmare.com\/fr\/wp-json\/wp\/v2\/pages\/8092\/revisions"}],"predecessor-version":[{"id":9263,"href":"https:\/\/rubrails-tessilmare.com\/fr\/wp-json\/wp\/v2\/pages\/8092\/revisions\/9263"}],"wp:attachment":[{"href":"https:\/\/rubrails-tessilmare.com\/fr\/wp-json\/wp\/v2\/media?parent=8092"}],"curies":[{"name":"wp","href":"https:\/\/api.w.org\/{rel}","templated":true}]}}