{"id":8153,"date":"2017-07-19T16:34:29","date_gmt":"2017-07-19T14:34:29","guid":{"rendered":"https:\/\/rubrails-tessilmare.com\/supporter\/"},"modified":"2025-06-11T16:52:31","modified_gmt":"2025-06-11T14:52:31","slug":"supporter","status":"publish","type":"page","link":"https:\/\/rubrails-tessilmare.com\/fr\/supporter\/","title":{"rendered":"Supporter"},"content":{"rendered":"\n<style type=\"text\/css\" data-created_by=\"avia_inline_auto\" id=\"style-css-av-3kjm-e6a0d2f6b1e4eb061b62fec3432ae699\">\n#top .hr.hr-invisible.av-3kjm-e6a0d2f6b1e4eb061b62fec3432ae699{\nheight:20px;\n}\n<\/style>\n<div  class='hr av-3kjm-e6a0d2f6b1e4eb061b62fec3432ae699 hr-invisible  avia-builder-el-0  el_before_av_one_half  avia-builder-el-first '><span class='hr-inner '><span class=\"hr-inner-style\"><\/span><\/span><\/div>\n\n<style type=\"text\/css\" data-created_by=\"avia_inline_auto\" id=\"style-css-av-9aahi-1c8855003d1bd0c66371a64d641829bc\">\n.flex_column.av-9aahi-1c8855003d1bd0c66371a64d641829bc{\nborder-radius:0px 0px 0px 0px;\npadding:0px 0px 0px 0px;\n}\n<\/style>\n<div  class='flex_column av-9aahi-1c8855003d1bd0c66371a64d641829bc av_one_half  avia-builder-el-1  el_after_av_hr  el_before_av_one_half  first flex_column_div av-animated-generic fade-in av-zero-column-padding  '     ><p>\n<style type=\"text\/css\" data-created_by=\"avia_inline_auto\" id=\"style-css-av-8o1pq-6c14205d275945d46fc0ba83424f697c\">\n#top .av-special-heading.av-8o1pq-6c14205d275945d46fc0ba83424f697c{\npadding-bottom:0;\n}\nbody .av-special-heading.av-8o1pq-6c14205d275945d46fc0ba83424f697c .av-special-heading-tag .heading-char{\nfont-size:25px;\n}\n.av-special-heading.av-8o1pq-6c14205d275945d46fc0ba83424f697c .av-subheading{\nfont-size:15px;\n}\n<\/style>\n<div  class='av-special-heading av-8o1pq-6c14205d275945d46fc0ba83424f697c av-special-heading-h2 blockquote modern-quote  avia-builder-el-2  el_before_av_iconlist  avia-builder-el-first '><h2 class='av-special-heading-tag '  itemprop=\"headline\"  ><b>SERVICE CLIENT\u00c8LE<\/b> SI\u00c8GE SOCIAL :<\/h2><div class=\"special-heading-border\"><div class=\"special-heading-inner-border\"><\/div><\/div><\/div><br \/>\n\n<style type=\"text\/css\" data-created_by=\"avia_inline_auto\" id=\"style-css-av-7ybv6-7579d7f6b7e535942fc66977b90f708c\">\n#top .avia-icon-list-container.av-7ybv6-7579d7f6b7e535942fc66977b90f708c .iconlist_icon{\ncolor:#15354e;\nfont-size:24px;\n}\n#top #wrap_all .avia-icon-list-container.av-7ybv6-7579d7f6b7e535942fc66977b90f708c .av_iconlist_title{\nfont-size:24px;\ncolor:#15354e;\n}\n.avia-icon-list-container.av-7ybv6-7579d7f6b7e535942fc66977b90f708c .iconlist_content{\nfont-size:16px;\ncolor:#15354e;\n}\n<\/style>\n<div  class='avia-icon-list-container av-7ybv6-7579d7f6b7e535942fc66977b90f708c  avia-builder-el-3  el_after_av_heading  avia-builder-el-last '><ul class='avia-icon-list avia_animate_when_almost_visible avia-icon-list-left av-iconlist-small av-7ybv6-7579d7f6b7e535942fc66977b90f708c avia-iconlist-animate'>\n<li><div class='iconlist_icon av-7f5ti-1c5bec6c06ed1a8cdbc03097880509cb avia-font-entypo-fontello'><span class='iconlist-char' aria-hidden='true' data-av_icon='\ue854' data-av_iconfont='entypo-fontello'><\/span><\/div><article class=\"article-icon-entry \"  itemscope=\"itemscope\" itemtype=\"https:\/\/schema.org\/CreativeWork\" ><div class=\"iconlist_content_wrap\"><header class=\"entry-content-header\" aria-label=\"Icon: \"><\/header><div class='iconlist_content av_inherit_color'  itemprop=\"text\" ><p>T\u00e9l : <a href=\"tel:+39039921571\">+39 039 921571<\/a><\/p>\n<\/div><\/div><footer class=\"entry-footer\"><\/footer><\/article><div class=\"iconlist-timeline\"><\/div><\/li>\n<li><div class='iconlist_icon av-oh3a-a126c01d3f4da8abfa6c8e1c56a4f462 avia-font-entypo-fontello'><span class='iconlist-char' aria-hidden='true' data-av_icon='\ue805' data-av_iconfont='entypo-fontello'><\/span><\/div><article class=\"article-icon-entry \"  itemscope=\"itemscope\" itemtype=\"https:\/\/schema.org\/CreativeWork\" ><div class=\"iconlist_content_wrap\"><header class=\"entry-content-header\" aria-label=\"Icon: \"><\/header><div class='iconlist_content av_inherit_color'  itemprop=\"text\" ><p><a href=\"mailto:info@tessilmare.com\">info@tessilmare.com <\/a><\/p>\n<\/div><\/div><footer class=\"entry-footer\"><\/footer><\/article><div class=\"iconlist-timeline\"><\/div><\/li>\n<\/ul><\/div><\/p><\/div>\n\n<style type=\"text\/css\" data-created_by=\"avia_inline_auto\" id=\"style-css-av-69evy-193f5a842121b5e5115193728d2c52b2\">\n.flex_column.av-69evy-193f5a842121b5e5115193728d2c52b2{\nborder-radius:0px 0px 0px 0px;\npadding:0px 0px 0px 0px;\n}\n<\/style>\n<div  class='flex_column av-69evy-193f5a842121b5e5115193728d2c52b2 av_one_half  avia-builder-el-4  el_after_av_one_half  el_before_av_hr  flex_column_div av-animated-generic fade-in av-zero-column-padding  '     ><p>\n<style type=\"text\/css\" data-created_by=\"avia_inline_auto\" id=\"style-css-av-5p4eq-70d628a10937ab6759ed1c66eb898492\">\n#top .av-special-heading.av-5p4eq-70d628a10937ab6759ed1c66eb898492{\npadding-bottom:0;\n}\nbody .av-special-heading.av-5p4eq-70d628a10937ab6759ed1c66eb898492 .av-special-heading-tag .heading-char{\nfont-size:25px;\n}\n.av-special-heading.av-5p4eq-70d628a10937ab6759ed1c66eb898492 .av-subheading{\nfont-size:15px;\n}\n<\/style>\n<div  class='av-special-heading av-5p4eq-70d628a10937ab6759ed1c66eb898492 av-special-heading-h2 blockquote modern-quote  avia-builder-el-5  el_before_av_iconlist  avia-builder-el-first '><h2 class='av-special-heading-tag '  itemprop=\"headline\"  ><b>SERVICE CLIENT\u00c8LE<\/b> USA:<\/h2><div class=\"special-heading-border\"><div class=\"special-heading-inner-border\"><\/div><\/div><\/div><br \/>\n\n<style type=\"text\/css\" data-created_by=\"avia_inline_auto\" id=\"style-css-av-4xdsq-40200b60e4e4d06760f24d68dcda0dbb\">\n#top .avia-icon-list-container.av-4xdsq-40200b60e4e4d06760f24d68dcda0dbb .iconlist_icon{\ncolor:#15354e;\nfont-size:24px;\n}\n#top #wrap_all .avia-icon-list-container.av-4xdsq-40200b60e4e4d06760f24d68dcda0dbb .av_iconlist_title{\nfont-size:24px;\ncolor:#15354e;\n}\n.avia-icon-list-container.av-4xdsq-40200b60e4e4d06760f24d68dcda0dbb .iconlist_content{\nfont-size:16px;\ncolor:#15354e;\n}\n<\/style>\n<div  class='avia-icon-list-container av-4xdsq-40200b60e4e4d06760f24d68dcda0dbb  avia-builder-el-6  el_after_av_heading  avia-builder-el-last '><ul class='avia-icon-list avia_animate_when_almost_visible avia-icon-list-left av-iconlist-small av-4xdsq-40200b60e4e4d06760f24d68dcda0dbb avia-iconlist-animate'>\n<li><div class='iconlist_icon av-4a98i-1cbe7295ecbf154b900b53c625fc95a1 avia-font-entypo-fontello'><span class='iconlist-char' aria-hidden='true' data-av_icon='\ue854' data-av_iconfont='entypo-fontello'><\/span><\/div><article class=\"article-icon-entry \"  itemscope=\"itemscope\" itemtype=\"https:\/\/schema.org\/CreativeWork\" ><div class=\"iconlist_content_wrap\"><header class=\"entry-content-header\" aria-label=\"Icon: \"><\/header><div class='iconlist_content av_inherit_color'  itemprop=\"text\" ><p>T\u00e9l : <a href=\"tel:+19544635757\">+1 (954) 463-5757<\/a><\/p>\n<\/div><\/div><footer class=\"entry-footer\"><\/footer><\/article><div class=\"iconlist-timeline\"><\/div><\/li>\n<li><div class='iconlist_icon av-44bku-2ec59ef179c7c369f0226a329c591b37 avia-font-entypo-fontello'><span class='iconlist-char' aria-hidden='true' data-av_icon='\ue805' data-av_iconfont='entypo-fontello'><\/span><\/div><article class=\"article-icon-entry \"  itemscope=\"itemscope\" itemtype=\"https:\/\/schema.org\/CreativeWork\" ><div class=\"iconlist_content_wrap\"><header class=\"entry-content-header\" aria-label=\"Icon: \"><\/header><div class='iconlist_content av_inherit_color'  itemprop=\"text\" ><p><a href=\"mailto:info@mate-usa.com\">info@mate-usa.com<\/a><\/p>\n<\/div><\/div><footer class=\"entry-footer\"><\/footer><\/article><div class=\"iconlist-timeline\"><\/div><\/li>\n<\/ul><\/div><\/p><\/div>\n<style type=\"text\/css\" data-created_by=\"avia_inline_auto\" id=\"style-css-av-bxxm-c5f5314a3a89e973c9fc4a36e9ab8266\">\n#top .hr.hr-invisible.av-bxxm-c5f5314a3a89e973c9fc4a36e9ab8266{\nheight:30px;\n}\n<\/style>\n<div  class='hr av-bxxm-c5f5314a3a89e973c9fc4a36e9ab8266 hr-invisible  avia-builder-el-7  el_after_av_one_half  el_before_av_one_full '><span class='hr-inner '><span class=\"hr-inner-style\"><\/span><\/span><\/div><\/p>\n<div class='flex_column_table av-2pjna-31874d19d57bee87f00229d0e676065d sc-av_one_full av-equal-height-column-flextable'>\n<style type=\"text\/css\" data-created_by=\"avia_inline_auto\" id=\"style-css-av-2pjna-31874d19d57bee87f00229d0e676065d\">\n.flex_column.av-2pjna-31874d19d57bee87f00229d0e676065d{\nborder-radius:0px 0px 0px 0px;\npadding:0px 0px 0px 0px;\n}\n<\/style>\n<div  class='flex_column av-2pjna-31874d19d57bee87f00229d0e676065d av_one_full  avia-builder-el-8  el_after_av_hr  el_before_av_hr  first no_margin flex_column_table_cell av-equal-height-column av-align-middle av-zero-column-padding  '     ><style type=\"text\/css\" data-created_by=\"avia_inline_auto\" id=\"style-css-av-2ayvm-92ec73ce4cf84650c3829b4e93760eff\">\n.avia-image-container.av-2ayvm-92ec73ce4cf84650c3829b4e93760eff img.avia_image{\nbox-shadow:none;\n}\n.avia-image-container.av-2ayvm-92ec73ce4cf84650c3829b4e93760eff .av-image-caption-overlay-center{\ncolor:#ffffff;\n}\n<\/style>\n<div  class='avia-image-container av-2ayvm-92ec73ce4cf84650c3829b4e93760eff av-styling- avia-align-center  avia-builder-el-9  avia-builder-el-no-sibling '   itemprop=\"image\" itemscope=\"itemscope\" itemtype=\"https:\/\/schema.org\/ImageObject\" ><div class=\"avia-image-container-inner\"><div class=\"avia-image-overlay-wrap\"><img decoding=\"async\" fetchpriority=\"high\" class='wp-image-7082 avia-img-lazy-loading-not-7082 avia_image ' src=\"https:\/\/rubrails-tessilmare.com\/wp-content\/uploads\/2017\/07\/4_banner_1200x440_.jpg\" alt='' title='4_banner_1200x440_'  height=\"312\" width=\"1200\"  itemprop=\"thumbnailUrl\" srcset=\"https:\/\/b1654183.smushcdn.com\/1654183\/wp-content\/uploads\/2017\/07\/4_banner_1200x440_.jpg?lossy=0&amp;strip=1&amp;webp=1 1200w, https:\/\/b1654183.smushcdn.com\/1654183\/wp-content\/uploads\/2017\/07\/4_banner_1200x440_-300x78.jpg?lossy=0&amp;strip=1&amp;webp=1 300w, https:\/\/b1654183.smushcdn.com\/1654183\/wp-content\/uploads\/2017\/07\/4_banner_1200x440_-768x200.jpg?lossy=0&amp;strip=1&amp;webp=1 768w, https:\/\/b1654183.smushcdn.com\/1654183\/wp-content\/uploads\/2017\/07\/4_banner_1200x440_-1030x268.jpg?lossy=0&amp;strip=1&amp;webp=1 1030w, https:\/\/b1654183.smushcdn.com\/1654183\/wp-content\/uploads\/2017\/07\/4_banner_1200x440_-705x183.jpg?lossy=0&amp;strip=1&amp;webp=1 705w, https:\/\/b1654183.smushcdn.com\/1654183\/wp-content\/uploads\/2017\/07\/4_banner_1200x440_-450x117.jpg?lossy=0&amp;strip=1&amp;webp=1 450w\" sizes=\"(max-width: 1200px) 100vw, 1200px\" \/><\/div><\/div><\/div><\/div><\/div><!--close column table wrapper. Autoclose: 1 -->\n\n<style type=\"text\/css\" data-created_by=\"avia_inline_auto\" id=\"style-css-av-1frvu-2ada24e4e3f433d61cb0c54af3328946\">\n#top .hr.hr-invisible.av-1frvu-2ada24e4e3f433d61cb0c54af3328946{\nheight:20px;\n}\n<\/style>\n<div  class='hr av-1frvu-2ada24e4e3f433d61cb0c54af3328946 hr-invisible  avia-builder-el-10  el_after_av_one_full  el_before_av_textblock '><span class='hr-inner '><span class=\"hr-inner-style\"><\/span><\/span><\/div>\n<section  class='av_textblock_section av-11uvq-ee0b2d879dd9a1f993d7d78414536d21 '   itemscope=\"itemscope\" itemtype=\"https:\/\/schema.org\/CreativeWork\" ><div class='avia_textblock'  itemprop=\"text\" ><p><script type=\"application\/ld+json\">\n{\n  \"@context\": \"https:\/\/schema.org\",\n  \"@type\": \"FAQPage\",\n  \"mainEntity\": [{\n    \"@type\": \"Question\",\n    \"name\": \"Is a minimum order quantity required?\",\n    \"acceptedAnswer\": {\n      \"@type\": \"Answer\",\n      \"text\": \"Afin de faciliter les processus de production et d'emballage, nous fournissons plusieurs lots de 24 m\u00e8tres chacun.\"\n    }\n  },{\n    \"@type\": \"Question\",\n    \"name\": \"What shall I do if i don't find the right profiles type?\",\n    \"acceptedAnswer\": {\n      \"@type\": \"Answer\",\n      \"text\": \"Il suffit d'envoyer un dessin \u00e0 l'\u00e9chelle ou un petit \u00e9chantillon de votre ancien profil \u00e0 notre D\u00e9partement Technique et ils \u00e9valueront un produit similaire adapt\u00e9 \u00e0 votre bateau.\"\n    }\n  },{\n    \"@type\": \"Question\",\n    \"name\": \"How do I mount them?\",\n    \"acceptedAnswer\": {\n      \"@type\": \"Answer\",\n      \"text\": \"Dans nos <a href=\"https:\/\/rubrails-tessilmare.com\/fr\/catalogues\/\">fichiers de catalogue disponibles en t\u00e9l\u00e9chargement, vous trouverez les instructions de montage des produits<\/a> pour diff\u00e9rents types d'installations.\"\n    }\n  },{\n    \"@type\": \"Question\",\n    \"name\": \"How do I choose the best rubrail type for my boat?\",\n    \"acceptedAnswer\": {\n      \"@type\": \"Answer\",\n      \"text\": \"Les rubrails sont fournis en deux types, c\u2019est-\u00e0-dire avec des raccords en forme de bo\u00eete et plats. Apr\u00e8s avoir choisi le type correct, vous pouvez choisir parmi les diff\u00e9rentes tailles disponibles.\"\n    }\n  }]\n}\n<\/script><\/p>\n<h2>FAQ<\/h2>\n<p><strong>Une quantit\u00e9 minimale de commande est-elle requise ?<\/strong><br \/>\nAfin de faciliter les processus de production et d&#8217;emballage, nous fournissons plusieurs lots de 24 m\u00e8tres chacun.<\/p>\n<p><strong>Que dois-je faire si je ne trouve pas le bon type de profil ?<\/strong><br \/>\nIl suffit d&rsquo;envoyer un dessin \u00e0 l&rsquo;\u00e9chelle ou un petit \u00e9chantillon de votre ancien profil \u00e0 notre D\u00e9partement Technique et ils \u00e9valueront un produit similaire adapt\u00e9 \u00e0 votre bateau.<\/p>\n<p><strong>Comment les monter ?<\/strong><br \/>\nDans nos <a href=\"https:\/\/rubrails-tessilmare.com\/fr\/catalogues\/\">fichiers de catalogue disponibles en t\u00e9l\u00e9chargement, vous trouverez les instructions de montage des produits<\/a> pour diff\u00e9rents types d&rsquo;installations.<\/p>\n<p><strong>Comment choisir le meilleur type de <a href=\"https:\/\/rubrails-tessilmare.com\/fr\/listons-para-battage\/\">garde-corps pour mon bateau<\/a>?<\/strong><br \/>\nLes rubrails sont fournis en deux types, c\u2019est-\u00e0-dire avec des raccords en forme de bo\u00eete et plats. Apr\u00e8s avoir choisi le type correct, vous pouvez choisir parmi les diff\u00e9rentes tailles disponibles.<\/p>\n<div id=\"gtx-trans\" style=\"position: absolute; left: 474px; top: 307.609px;\">\n<div class=\"gtx-trans-icon\"><\/div>\n<\/div>\n<\/div><\/section>\n","protected":false},"excerpt":{"rendered":"","protected":false},"author":1,"featured_media":0,"parent":0,"menu_order":0,"comment_status":"closed","ping_status":"closed","template":"","meta":{"rank_math_lock_modified_date":false,"footnotes":""},"class_list":["post-8153","page","type-page","status-publish","hentry"],"_links":{"self":[{"href":"https:\/\/rubrails-tessilmare.com\/fr\/wp-json\/wp\/v2\/pages\/8153"}],"collection":[{"href":"https:\/\/rubrails-tessilmare.com\/fr\/wp-json\/wp\/v2\/pages"}],"about":[{"href":"https:\/\/rubrails-tessilmare.com\/fr\/wp-json\/wp\/v2\/types\/page"}],"author":[{"embeddable":true,"href":"https:\/\/rubrails-tessilmare.com\/fr\/wp-json\/wp\/v2\/users\/1"}],"replies":[{"embeddable":true,"href":"https:\/\/rubrails-tessilmare.com\/fr\/wp-json\/wp\/v2\/comments?post=8153"}],"version-history":[{"count":3,"href":"https:\/\/rubrails-tessilmare.com\/fr\/wp-json\/wp\/v2\/pages\/8153\/revisions"}],"predecessor-version":[{"id":9659,"href":"https:\/\/rubrails-tessilmare.com\/fr\/wp-json\/wp\/v2\/pages\/8153\/revisions\/9659"}],"wp:attachment":[{"href":"https:\/\/rubrails-tessilmare.com\/fr\/wp-json\/wp\/v2\/media?parent=8153"}],"curies":[{"name":"wp","href":"https:\/\/api.w.org\/{rel}","templated":true}]}}