{"id":8170,"date":"2017-12-14T15:12:10","date_gmt":"2017-12-14T14:12:10","guid":{"rendered":"https:\/\/rubrails-tessilmare.com\/pare-chocs-de-quai-pour-bateau-en-caoutchouc\/"},"modified":"2025-05-28T12:22:08","modified_gmt":"2025-05-28T10:22:08","slug":"pare-chocs-de-quai-pour-bateau-en-caoutchouc","status":"publish","type":"page","link":"https:\/\/rubrails-tessilmare.com\/fr\/pare-chocs-de-quai-pour-bateau-en-caoutchouc\/","title":{"rendered":"Pare-chocs de quai pour bateau en caoutchouc"},"content":{"rendered":"\n<style type=\"text\/css\" data-created_by=\"avia_inline_auto\" id=\"style-css-av-oztync-6dcca5957e72f1940b47747f3714ff4e\">\n.flex_column.av-oztync-6dcca5957e72f1940b47747f3714ff4e{\nborder-radius:0px 0px 0px 0px;\npadding:0px 0px 0px 0px;\n}\n<\/style>\n<div  class='flex_column av-oztync-6dcca5957e72f1940b47747f3714ff4e av_one_full  avia-builder-el-0  el_before_av_hr  avia-builder-el-first  first flex_column_div av-zero-column-padding  '     ><p>\n<style type=\"text\/css\" data-created_by=\"avia_inline_auto\" id=\"style-css-av-noaaa0-e037446b90004a7c2fa7d777db407adb\">\n#top .av-special-heading.av-noaaa0-e037446b90004a7c2fa7d777db407adb{\npadding-bottom:0;\n}\nbody .av-special-heading.av-noaaa0-e037446b90004a7c2fa7d777db407adb .av-special-heading-tag .heading-char{\nfont-size:25px;\n}\n.av-special-heading.av-noaaa0-e037446b90004a7c2fa7d777db407adb .av-subheading{\nfont-size:15px;\n}\n<\/style>\n<div  class='av-special-heading av-noaaa0-e037446b90004a7c2fa7d777db407adb av-special-heading-h1 blockquote modern-quote modern-centered  avia-builder-el-1  el_before_av_heading  avia-builder-el-first '><h1 class='av-special-heading-tag '  itemprop=\"headline\"  >BUTOIRS DE QUAIS POUR BATEAUX EN CAOUTCHOUC<\/h1><div class=\"special-heading-border\"><div class=\"special-heading-inner-border\"><\/div><\/div><\/div><br \/>\n\n<style type=\"text\/css\" data-created_by=\"avia_inline_auto\" id=\"style-css-av-mal8ew-4419c3e3190ee5fb815fc6572bfa50fb\">\n#top .av-special-heading.av-mal8ew-4419c3e3190ee5fb815fc6572bfa50fb{\npadding-bottom:0;\nfont-size:20px;\n}\nbody .av-special-heading.av-mal8ew-4419c3e3190ee5fb815fc6572bfa50fb .av-special-heading-tag .heading-char{\nfont-size:25px;\n}\n#top #wrap_all .av-special-heading.av-mal8ew-4419c3e3190ee5fb815fc6572bfa50fb .av-special-heading-tag{\nfont-size:20px;\n}\n.av-special-heading.av-mal8ew-4419c3e3190ee5fb815fc6572bfa50fb .av-subheading{\nfont-size:15px;\n}\n\n@media only screen and (min-width: 480px) and (max-width: 767px){ \n#top #wrap_all .av-special-heading.av-mal8ew-4419c3e3190ee5fb815fc6572bfa50fb .av-special-heading-tag{\nfont-size:0.8em;\n}\n}\n\n@media only screen and (max-width: 479px){ \n#top #wrap_all .av-special-heading.av-mal8ew-4419c3e3190ee5fb815fc6572bfa50fb .av-special-heading-tag{\nfont-size:0.8em;\n}\n}\n<\/style>\n<div  class='av-special-heading av-mal8ew-4419c3e3190ee5fb815fc6572bfa50fb av-special-heading-h2 blockquote modern-quote modern-centered  avia-builder-el-2  el_after_av_heading  el_before_av_hr  av-inherit-size'><h2 class='av-special-heading-tag '  itemprop=\"headline\"  >BUTOIRS DE QUAIS EN PVC MARIN \/\/ POURQUOI CHOISIR QUELQUE CHOSE DE PLUS<\/h2><div class=\"special-heading-border\"><div class=\"special-heading-inner-border\"><\/div><\/div><\/div><br \/>\n\n<style type=\"text\/css\" data-created_by=\"avia_inline_auto\" id=\"style-css-av-le793s-c0e8ff0295a2a759d0170d32a540083c\">\n#top .hr.av-le793s-c0e8ff0295a2a759d0170d32a540083c{\nmargin-top:5px;\nmargin-bottom:10px;\n}\n.hr.av-le793s-c0e8ff0295a2a759d0170d32a540083c .hr-inner{\nwidth:7%;\nborder-color:#15354e;\n}\n<\/style>\n<div  class='hr av-le793s-c0e8ff0295a2a759d0170d32a540083c hr-custom  avia-builder-el-3  el_after_av_heading  el_before_av_textblock  hr-center hr-icon-no'><span class='hr-inner inner-border-av-border-fat'><span class=\"hr-inner-style\"><\/span><\/span><\/div><br \/>\n<section  class='av_textblock_section av-iip9aw-c677793abdfa13e4085ad6ebe1a0b00d '   itemscope=\"itemscope\" itemtype=\"https:\/\/schema.org\/CreativeWork\" ><div class='avia_textblock'  itemprop=\"text\" ><div id=\"attachment_631\" style=\"width: 310px\" class=\"wp-caption alignright\"><a href=\"https:\/\/rubrails-tessilmare.com\/bino-40\/\"><img decoding=\"async\" aria-describedby=\"caption-attachment-631\" class=\"wp-image-631 size-medium lazyload\" title=\"Rubber Boat Dock Bumpers BINO 40\" data-src=\"https:\/\/rubrails-tessilmare.com\/wp-content\/uploads\/2017\/07\/BINO40_B-300x300.jpg\" alt=\"Rubber Boat Dock Bumpers BINO 40\" width=\"300\" height=\"300\" data-srcset=\"https:\/\/b1654183.smushcdn.com\/1654183\/wp-content\/uploads\/2017\/07\/BINO40_B-300x300.jpg?lossy=0&amp;strip=1&amp;webp=1 300w, https:\/\/b1654183.smushcdn.com\/1654183\/wp-content\/uploads\/2017\/07\/BINO40_B-80x80.jpg?lossy=0&amp;strip=1&amp;webp=1 80w, https:\/\/b1654183.smushcdn.com\/1654183\/wp-content\/uploads\/2017\/07\/BINO40_B-768x768.jpg?lossy=0&amp;strip=1&amp;webp=1 768w, https:\/\/b1654183.smushcdn.com\/1654183\/wp-content\/uploads\/2017\/07\/BINO40_B-36x36.jpg?lossy=0&amp;strip=1&amp;webp=1 36w, https:\/\/b1654183.smushcdn.com\/1654183\/wp-content\/uploads\/2017\/07\/BINO40_B-180x180.jpg?lossy=0&amp;strip=1&amp;webp=1 180w, https:\/\/b1654183.smushcdn.com\/1654183\/wp-content\/uploads\/2017\/07\/BINO40_B-705x705.jpg?lossy=0&amp;strip=1&amp;webp=1 705w, https:\/\/b1654183.smushcdn.com\/1654183\/wp-content\/uploads\/2017\/07\/BINO40_B-120x120.jpg?lossy=0&amp;strip=1&amp;webp=1 120w, https:\/\/b1654183.smushcdn.com\/1654183\/wp-content\/uploads\/2017\/07\/BINO40_B-450x450.jpg?lossy=0&amp;strip=1&amp;webp=1 450w, https:\/\/b1654183.smushcdn.com\/1654183\/wp-content\/uploads\/2017\/07\/BINO40_B.jpg?lossy=0&amp;strip=1&amp;webp=1 1000w\" data-sizes=\"(max-width: 300px) 100vw, 300px\" src=\"data:image\/gif;base64,R0lGODlhAQABAAAAACH5BAEKAAEALAAAAAABAAEAAAICTAEAOw==\" style=\"--smush-placeholder-width: 300px; --smush-placeholder-aspect-ratio: 300\/300;\" \/><noscript><img decoding=\"async\" aria-describedby=\"caption-attachment-631\" class=\"wp-image-631 size-medium\" title=\"Rubber Boat Dock Bumpers BINO 40\" src=\"https:\/\/rubrails-tessilmare.com\/wp-content\/uploads\/2017\/07\/BINO40_B-300x300.jpg\" alt=\"Rubber Boat Dock Bumpers BINO 40\" width=\"300\" height=\"300\" srcset=\"https:\/\/b1654183.smushcdn.com\/1654183\/wp-content\/uploads\/2017\/07\/BINO40_B-300x300.jpg?lossy=0&amp;strip=1&amp;webp=1 300w, https:\/\/b1654183.smushcdn.com\/1654183\/wp-content\/uploads\/2017\/07\/BINO40_B-80x80.jpg?lossy=0&amp;strip=1&amp;webp=1 80w, https:\/\/b1654183.smushcdn.com\/1654183\/wp-content\/uploads\/2017\/07\/BINO40_B-768x768.jpg?lossy=0&amp;strip=1&amp;webp=1 768w, https:\/\/b1654183.smushcdn.com\/1654183\/wp-content\/uploads\/2017\/07\/BINO40_B-36x36.jpg?lossy=0&amp;strip=1&amp;webp=1 36w, https:\/\/b1654183.smushcdn.com\/1654183\/wp-content\/uploads\/2017\/07\/BINO40_B-180x180.jpg?lossy=0&amp;strip=1&amp;webp=1 180w, https:\/\/b1654183.smushcdn.com\/1654183\/wp-content\/uploads\/2017\/07\/BINO40_B-705x705.jpg?lossy=0&amp;strip=1&amp;webp=1 705w, https:\/\/b1654183.smushcdn.com\/1654183\/wp-content\/uploads\/2017\/07\/BINO40_B-120x120.jpg?lossy=0&amp;strip=1&amp;webp=1 120w, https:\/\/b1654183.smushcdn.com\/1654183\/wp-content\/uploads\/2017\/07\/BINO40_B-450x450.jpg?lossy=0&amp;strip=1&amp;webp=1 450w, https:\/\/b1654183.smushcdn.com\/1654183\/wp-content\/uploads\/2017\/07\/BINO40_B.jpg?lossy=0&amp;strip=1&amp;webp=1 1000w\" sizes=\"(max-width: 300px) 100vw, 300px\" \/><\/noscript><\/a><p id=\"caption-attachment-631\" class=\"wp-caption-text\">Pare-chocs en caoutchouc pour quais de bateaux BINO 40<\/p>\n<p style=\"text-align:center;\"><a href=\"#av-masonry-1\" style=\"background-color: #15354E;color:white;padding:5px;font-weight:bold\" class=\"CTAModels\">VOIR TOUS LES PARE-CHOCS EN CAOUTCHOUC POUR BATEAUX<\/a><\/p>\n<p><\/p><\/div>\n<p>Vous cherchez des <strong>pare-chocs en caoutchouc pour quais de bateaux<\/strong> ? Avez-vous besoin de solutions d&rsquo;amarrage offrant une haute r\u00e9sistance, une absorption des chocs et une qualit\u00e9 en toutes circonstances ? Voulez-vous le meilleur produit pour prot\u00e9ger votre bateau et votre quai ?<\/p>\n<p>Que vous soyez un club nautique ou un propri\u00e9taire de bateau individuel, les pare-chocs pour quais de bateaux de <a title=\"Tessilmare\" href=\"https:\/\/www.tessilmare.com\/en\/\" target=\"_blank\" rel=\"noopener\"><strong>Tessilmare<\/strong><\/a> offrent <strong>la protection ultime pour votre marina, jet\u00e9e ou ponton<\/strong>. Les pare-chocs de quai Tessilmare sont non marquants, non d\u00e9colorants, r\u00e9sistants aux UV, r\u00e9silients et durables.<\/p>\n<h3><strong>Pourquoi pr\u00e9f\u00e9rer les pare-chocs de quai en PVC marin<\/strong><\/h3>\n<p>Les profils de quai et de pare-chocs fabriqu\u00e9s par Tessilmare ne sont pas en caoutchouc comme les pare-chocs traditionnels : le caoutchouc est remplac\u00e9 par un PVC sp\u00e9cial pour usage nautique qui offre de nombreux avantages.<\/p>\n<p>Contrairement aux <strong>pare-chocs en caoutchouc pour quais de bateaux<\/strong> classiques, les pare-chocs de quai Tessilmare sont fabriqu\u00e9s en <strong>PVC flexible de qualit\u00e9 marine<\/strong>, un mat\u00e9riau qui ne s&rsquo;\u00e9caille pas et ne se fissure pas avec une utilisation normale. Insensibles \u00e0 l&rsquo;huile, \u00e0 l&rsquo;essence ou \u00e0 l&rsquo;eau sal\u00e9e, les pare-chocs en PVC marin garantissent une <strong>excellente r\u00e9sistance et durabilit\u00e9<\/strong>. Gr\u00e2ce \u00e0 l&rsquo;application d&rsquo;inhibiteurs UV, ils pr\u00e9viennent le jaunissement et la d\u00e9t\u00e9rioration caus\u00e9s par la lumi\u00e8re du soleil et toutes les conditions m\u00e9t\u00e9orologiques.<\/p>\n<h3><strong>Tessilmare : excellence, innovation et durabilit\u00e9<\/strong><\/h3>\n<p>Les pare-chocs pour quais de bateaux Tessilmare sont enti\u00e8rement <strong>con\u00e7us et fabriqu\u00e9s en Italie<\/strong> et reconnus internationalement pour leur excellence, innovation et durabilit\u00e9. Ils sont id\u00e9aux pour les applications militaires, commerciales et les annexes. Contrairement aux <strong>pare-chocs en caoutchouc pour quais de bateaux<\/strong> classiques, ils offrent des <strong>syst\u00e8mes d&rsquo;absorption des chocs tr\u00e8s performants avec un coefficient de friction tr\u00e8s faible<\/strong>, \u00e9vitant toute abrasion ou bruit.<\/p>\n<p>Pour les solutions d&rsquo;amarrage, Tessilmare propose <strong>deux lignes sp\u00e9cifiques de profils de pare-chocs<\/strong> : Bumper et Bino.<\/p>\n<ol>\n<li><strong><a title=\"Bino rubber boat dock bumpers\" href=\"https:\/\/rubrails-tessilmare.com\/fr\/boat-rub-rails\/bino-boat-rub-rails\/\">BINO<\/a><\/strong> est un profil de pare-chocs brevet\u00e9 en deux parties, tr\u00e8s solide mais l\u00e9ger ; il peut \u00eatre utilis\u00e9 sur yachts, bateaux militaires, bateaux de travail, quais, pontons et plus encore, peut \u00eatre facilement pli\u00e9 et couvre les vis et coutures inesth\u00e9tiques.<\/li>\n<li><strong><a title=\"Bumper rubber boat dock bumpers\" href=\"https:\/\/rubrails-tessilmare.com\/fr\/boat-rub-rails\/bumper-boat-rub-rails\/\">BUMPER<\/a>\u00a0<\/strong>est con\u00e7u pour une utilisation sur yachts, bateaux militaires, annexes, quais et pontons. Avec une composition en PVC \u00e0 triple structure brevet\u00e9e et de larges cavit\u00e9s d&rsquo;air internes, il offre une absorption des chocs in\u00e9gal\u00e9e. Il est disponible en sections d\u00e9coup\u00e9es sur mesure et en diff\u00e9rentes tailles de 100 \u00e0 160 mm.<\/li>\n<\/ol>\n<p>Achetez d\u00e8s maintenant notre s\u00e9lection de pare-chocs pour quais de bateaux sur notre site officiel !<\/p>\n<\/div><\/section><\/p><\/div>\n\n<style type=\"text\/css\" data-created_by=\"avia_inline_auto\" id=\"style-css-av-gxwi6w-3ff07977f24b8c2a67749e05f830faca\">\n#top .hr.hr-invisible.av-gxwi6w-3ff07977f24b8c2a67749e05f830faca{\nheight:5px;\n}\n<\/style>\n<div  class='hr av-gxwi6w-3ff07977f24b8c2a67749e05f830faca hr-invisible  avia-builder-el-5  el_after_av_one_full  el_before_av_one_full '><span class='hr-inner '><span class=\"hr-inner-style\"><\/span><\/span><\/div>\n\n<style type=\"text\/css\" data-created_by=\"avia_inline_auto\" id=\"style-css-av-fc1lmg-4d15976a8c92e1aadbbe5048e5447c65\">\n.flex_column.av-fc1lmg-4d15976a8c92e1aadbbe5048e5447c65{\nborder-radius:0px 0px 0px 0px;\npadding:0px 0px 0px 0px;\n}\n<\/style>\n<div  class='flex_column av-fc1lmg-4d15976a8c92e1aadbbe5048e5447c65 av_one_full  avia-builder-el-6  el_after_av_hr  el_before_av_hr  first flex_column_div av-zero-column-padding  '     ><div id='av-masonry-1' class='av-masonry av-dz21yw-bb5f5d6c350dffd2ab536f22aa80754c noHover av-fixed-size av-1px-gap av-hover-overlay-active av-masonry-animation-active av-masonry-col-3 av-caption-on-hover av-caption-style-overlay av-masonry-gallery av-medium-columns-overwrite av-medium-columns-3 av-orientation-square ' data-post_id=\"8170\"><div class=\"av-masonry-container isotope av-js-disabled\"><div class='av-masonry-entry isotope-item av-masonry-item-no-image '><\/div><a href=\"https:\/\/rubrails-tessilmare.com\/fr\/bino-40\/\" aria-label=\"image BINO40_B\" id=\"av-masonry-1-item-6921\" data-av-masonry-item=\"6921\" class=\"av-masonry-entry isotope-item post-6921 attachment type-attachment status-inherit hentry  av-masonry-item-with-image\" title=\"BINO40_B\" alt=\"\" data-av-masonry-custom-link=\"https:\/\/rubrails-tessilmare.com\/fr\/bino-40\/\" itemprop=\"thumbnailUrl\"><div class='av-inner-masonry-sizer'><\/div><figure class='av-inner-masonry main_color'><div class=\"av-masonry-outerimage-container\"><div class='av-masonry-image-container lazyload' style=\"background-image:inherit;\"  title=\"BINO40_B\"  data-bg-image=\"url(https:\/\/rubrails-tessilmare.com\/wp-content\/uploads\/2017\/07\/BINO40_B-705x705.jpg)\"><\/div><\/div><figcaption class='av-inner-masonry-content site-background'><div class='av-inner-masonry-content-pos'><div class='av-inner-masonry-content-pos-content'><div class='avia-arrow'><\/div><div class='av-masonry-entry-content entry-content'  itemprop=\"text\" >BINO 40<\/div><\/div><\/div><\/figcaption><\/figure><\/a><!--end av-masonry entry--><a href=\"https:\/\/rubrails-tessilmare.com\/fr\/bino-65\/\" aria-label=\"image BINO65_B\" id=\"av-masonry-1-item-6909\" data-av-masonry-item=\"6909\" class=\"av-masonry-entry isotope-item post-6909 attachment type-attachment status-inherit hentry  av-masonry-item-with-image\" title=\"BINO65_B\" alt=\"\" data-av-masonry-custom-link=\"https:\/\/rubrails-tessilmare.com\/fr\/bino-65\/\" itemprop=\"thumbnailUrl\"><div class='av-inner-masonry-sizer'><\/div><figure class='av-inner-masonry main_color'><div class=\"av-masonry-outerimage-container\"><div class='av-masonry-image-container lazyload' style=\"background-image:inherit;\"  title=\"BINO65_B\"  data-bg-image=\"url(https:\/\/rubrails-tessilmare.com\/wp-content\/uploads\/2017\/07\/BINO65_B-705x705.jpg)\"><\/div><\/div><figcaption class='av-inner-masonry-content site-background'><div class='av-inner-masonry-content-pos'><div class='av-inner-masonry-content-pos-content'><div class='avia-arrow'><\/div><div class='av-masonry-entry-content entry-content'  itemprop=\"text\" >BINO 65<\/div><\/div><\/div><\/figcaption><\/figure><\/a><!--end av-masonry entry--><a href=\"https:\/\/rubrails-tessilmare.com\/fr\/bino-90\/\" aria-label=\"image BINO90_B\" id=\"av-masonry-1-item-6903\" data-av-masonry-item=\"6903\" class=\"av-masonry-entry isotope-item post-6903 attachment type-attachment status-inherit hentry  av-masonry-item-with-image\" title=\"BINO90_B\" alt=\"\" data-av-masonry-custom-link=\"https:\/\/rubrails-tessilmare.com\/fr\/bino-90\/\" itemprop=\"thumbnailUrl\"><div class='av-inner-masonry-sizer'><\/div><figure class='av-inner-masonry main_color'><div class=\"av-masonry-outerimage-container\"><div class='av-masonry-image-container lazyload' style=\"background-image:inherit;\"  title=\"BINO90_B\"  data-bg-image=\"url(https:\/\/rubrails-tessilmare.com\/wp-content\/uploads\/2017\/07\/BINO90_B-705x705.jpg)\"><\/div><\/div><figcaption class='av-inner-masonry-content site-background'><div class='av-inner-masonry-content-pos'><div class='av-inner-masonry-content-pos-content'><div class='avia-arrow'><\/div><div class='av-masonry-entry-content entry-content'  itemprop=\"text\" >BINO 90 BLACK<\/div><\/div><\/div><\/figcaption><\/figure><\/a><!--end av-masonry entry--><\/div><\/div><\/div>\n<div  class='hr av-cwndqg-431a3393eb4504d1e4ef260387f30549 hr-default  avia-builder-el-8  el_after_av_one_full  el_before_av_one_full '><span class='hr-inner '><span class=\"hr-inner-style\"><\/span><\/span><\/div>\n\n<style type=\"text\/css\" data-created_by=\"avia_inline_auto\" id=\"style-css-av-bawjrs-c345aae20c546a598323ac1ae13a826b\">\n.flex_column.av-bawjrs-c345aae20c546a598323ac1ae13a826b{\nborder-radius:0px 0px 0px 0px;\npadding:20px 20px 20px 20px;\nbackground-color:#efeff0;\n}\n<\/style>\n<div  class='flex_column av-bawjrs-c345aae20c546a598323ac1ae13a826b av_one_full  avia-builder-el-9  el_after_av_hr  el_before_av_hr  first flex_column_div  '     ><\/div>\n<div  class='hr av-7ew1fs-2c9d8be4e0a8547f955f1c77d70ad837 hr-default  avia-builder-el-11  el_after_av_one_full  el_before_av_one_full '><span class='hr-inner '><span class=\"hr-inner-style\"><\/span><\/span><\/div>\n\n<style type=\"text\/css\" data-created_by=\"avia_inline_auto\" id=\"style-css-av-621uoo-ca8fdc76286a69ed5f3a6b4637f1f479\">\n.flex_column.av-621uoo-ca8fdc76286a69ed5f3a6b4637f1f479{\nborder-radius:0px 0px 0px 0px;\n}\n<\/style>\n<div  class='flex_column av-621uoo-ca8fdc76286a69ed5f3a6b4637f1f479 av_one_full  avia-builder-el-12  el_after_av_hr  avia-builder-el-last  first flex_column_div  '     ><p>\n<style type=\"text\/css\" data-created_by=\"avia_inline_auto\" id=\"style-css-av-46pig8-41682ff3d27ea01ed5e45e702cb00abc\">\n#top .av-special-heading.av-46pig8-41682ff3d27ea01ed5e45e702cb00abc{\npadding-bottom:10px;\n}\nbody .av-special-heading.av-46pig8-41682ff3d27ea01ed5e45e702cb00abc .av-special-heading-tag .heading-char{\nfont-size:25px;\n}\n.av-special-heading.av-46pig8-41682ff3d27ea01ed5e45e702cb00abc .av-subheading{\nfont-size:15px;\n}\n<\/style>\n<div  class='av-special-heading av-46pig8-41682ff3d27ea01ed5e45e702cb00abc av-special-heading-h3 blockquote modern-quote  avia-builder-el-13  el_before_av_sidebar  avia-builder-el-first '><h3 class='av-special-heading-tag '  itemprop=\"headline\"  >Autre contenu sp\u00e9cial<\/h3><div class=\"special-heading-border\"><div class=\"special-heading-inner-border\"><\/div><\/div><\/div><br \/>\n<div  class='avia-builder-widget-area clearfix  avia-builder-el-14  el_after_av_heading  avia-builder-el-last '><section id=\"nav_menu-6\" class=\"widget clearfix widget_nav_menu\"><div class=\"menu-menu-pagine-tag-french-container\"><ul id=\"menu-menu-pagine-tag-french\" class=\"menu\"><li id=\"menu-item-9759\" class=\"menu-item menu-item-type-post_type menu-item-object-page menu-item-9759\"><a href=\"https:\/\/rubrails-tessilmare.com\/fr\/kit-des-listons-para-battage\/\">Kit des Listons para-battage<\/a><\/li>\n<li id=\"menu-item-9760\" class=\"menu-item menu-item-type-post_type menu-item-object-page menu-item-9760\"><a href=\"https:\/\/rubrails-tessilmare.com\/fr\/installation-de-liston-pare-battage\/\">Installation des listons pare-battage<\/a><\/li>\n<li id=\"menu-item-9761\" class=\"menu-item menu-item-type-post_type menu-item-object-page menu-item-9761\"><a href=\"https:\/\/rubrails-tessilmare.com\/fr\/pare-chocs-de-quai-verticaux\/\">Pare-chocs de quai verticaux<\/a><\/li>\n<li id=\"menu-item-9762\" class=\"menu-item menu-item-type-post_type menu-item-object-page menu-item-9762\"><a href=\"https:\/\/rubrails-tessilmare.com\/fr\/protecteur-detrave-de-bateau\/\">Protecteur d&rsquo;\u00e9trave de bateau<\/a><\/li>\n<li id=\"menu-item-9763\" class=\"menu-item menu-item-type-post_type menu-item-object-page menu-item-9763\"><a href=\"https:\/\/rubrails-tessilmare.com\/fr\/pare-battage-de-bateau\/\">Pare-battage de bateau<\/a><\/li>\n<li id=\"menu-item-9764\" class=\"menu-item menu-item-type-post_type menu-item-object-page menu-item-9764\"><a href=\"https:\/\/rubrails-tessilmare.com\/fr\/garde-corps-de-proue-de-bateau\/\">Garde-corps de proue de bateau<\/a><\/li>\n<li id=\"menu-item-9765\" class=\"menu-item menu-item-type-custom menu-item-object-custom menu-item-9765\"><a href=\"https:\/\/rubrails-tessilmare.com\/dock-rubber-edging\/\">Dock Rubber Edging<\/a><\/li>\n<li id=\"menu-item-9766\" class=\"menu-item menu-item-type-post_type menu-item-object-page menu-item-9766\"><a href=\"https:\/\/rubrails-tessilmare.com\/fr\/pare-chocs-de-quai-pour-bateau-en-caoutchouc\/\">Pare-chocs de quai pour bateau en caoutchouc<\/a><\/li>\n<li id=\"menu-item-9767\" class=\"menu-item menu-item-type-post_type menu-item-object-page menu-item-9767\"><a href=\"https:\/\/rubrails-tessilmare.com\/fr\/rail-de-protection\/\">Profile de protection<\/a><\/li>\n<li id=\"menu-item-9768\" class=\"menu-item menu-item-type-post_type menu-item-object-page menu-item-9768\"><a href=\"https:\/\/rubrails-tessilmare.com\/fr\/pare-chocs-de-quai-en-caoutchouc\/\">Pare-chocs de quai en caoutchouc<\/a><\/li>\n<li id=\"menu-item-9769\" class=\"menu-item menu-item-type-post_type menu-item-object-page menu-item-9769\"><a href=\"https:\/\/rubrails-tessilmare.com\/fr\/pare-chocs-de-quai-pour-bateau-en-caoutchouc\/\">Pare-chocs de quai pour bateau en caoutchouc<\/a><\/li>\n<li id=\"menu-item-9770\" class=\"menu-item menu-item-type-post_type menu-item-object-page menu-item-9770\"><a href=\"https:\/\/rubrails-tessilmare.com\/fr\/pare-chocs-de-bateau\/\">Pare-chocs de bateau<\/a><\/li>\n<li id=\"menu-item-9771\" class=\"menu-item menu-item-type-post_type menu-item-object-page menu-item-9771\"><a href=\"https:\/\/rubrails-tessilmare.com\/fr\/butoirs-dock-edge\/\">Butoirs Dock Edge<\/a><\/li>\n<li id=\"menu-item-9772\" class=\"menu-item menu-item-type-post_type menu-item-object-page menu-item-9772\"><a href=\"https:\/\/rubrails-tessilmare.com\/fr\/solutions-de-pare-chocs-pour-quais-de-bateaux\/\">Solutions de pare-chocs pour quais de bateaux<\/a><\/li>\n<li id=\"menu-item-9773\" class=\"menu-item menu-item-type-post_type menu-item-object-page menu-item-9773\"><a href=\"https:\/\/rubrails-tessilmare.com\/fr\/coins-damortisseurs-pour-quai-de-bateau\/\">Coins d&rsquo;amortisseurs pour quai de bateau<\/a><\/li>\n<li id=\"menu-item-9774\" class=\"menu-item menu-item-type-post_type menu-item-object-page menu-item-9774\"><a href=\"https:\/\/rubrails-tessilmare.com\/fr\/pare-battage-marins\/\">Pare-battage marins<\/a><\/li>\n<li id=\"menu-item-9775\" class=\"menu-item menu-item-type-post_type menu-item-object-page menu-item-9775\"><a href=\"https:\/\/rubrails-tessilmare.com\/fr\/rails-lateraux-de-bateau\/\">Rails lat\u00e9raux de bateau<\/a><\/li>\n<li id=\"menu-item-9794\" class=\"menu-item menu-item-type-post_type menu-item-object-page menu-item-9794\"><a href=\"https:\/\/rubrails-tessilmare.com\/fr\/bord-du-quai\/\">Bord du quai<\/a><\/li>\n<li id=\"menu-item-9795\" class=\"menu-item menu-item-type-post_type menu-item-object-page menu-item-9795\"><a href=\"https:\/\/rubrails-tessilmare.com\/fr\/bino-dock-rail-de-protection\/\">Bino-Dock Profile de Protection<\/a><\/li>\n<li id=\"menu-item-9796\" class=\"menu-item menu-item-type-post_type menu-item-object-page menu-item-9796\"><a href=\"https:\/\/rubrails-tessilmare.com\/fr\/pare-chocs-pour-bateaux-en-caoutchouc\/\">Pare-chocs pour bateaux en caoutchouc<\/a><\/li>\n<\/ul><\/div><span class=\"seperator extralight-border\"><\/span><\/section><\/div><\/p><\/div>\n","protected":false},"excerpt":{"rendered":"","protected":false},"author":1,"featured_media":0,"parent":0,"menu_order":0,"comment_status":"closed","ping_status":"closed","template":"","meta":{"rank_math_lock_modified_date":false,"footnotes":""},"class_list":["post-8170","page","type-page","status-publish","hentry"],"_links":{"self":[{"href":"https:\/\/rubrails-tessilmare.com\/fr\/wp-json\/wp\/v2\/pages\/8170"}],"collection":[{"href":"https:\/\/rubrails-tessilmare.com\/fr\/wp-json\/wp\/v2\/pages"}],"about":[{"href":"https:\/\/rubrails-tessilmare.com\/fr\/wp-json\/wp\/v2\/types\/page"}],"author":[{"embeddable":true,"href":"https:\/\/rubrails-tessilmare.com\/fr\/wp-json\/wp\/v2\/users\/1"}],"replies":[{"embeddable":true,"href":"https:\/\/rubrails-tessilmare.com\/fr\/wp-json\/wp\/v2\/comments?post=8170"}],"version-history":[{"count":1,"href":"https:\/\/rubrails-tessilmare.com\/fr\/wp-json\/wp\/v2\/pages\/8170\/revisions"}],"predecessor-version":[{"id":8174,"href":"https:\/\/rubrails-tessilmare.com\/fr\/wp-json\/wp\/v2\/pages\/8170\/revisions\/8174"}],"wp:attachment":[{"href":"https:\/\/rubrails-tessilmare.com\/fr\/wp-json\/wp\/v2\/media?parent=8170"}],"curies":[{"name":"wp","href":"https:\/\/api.w.org\/{rel}","templated":true}]}}