{"id":8183,"date":"2019-03-29T16:56:16","date_gmt":"2019-03-29T15:56:16","guid":{"rendered":"https:\/\/rubrails-tessilmare.com\/pare-battage-marins\/"},"modified":"2025-05-28T12:22:08","modified_gmt":"2025-05-28T10:22:08","slug":"pare-battage-marins","status":"publish","type":"page","link":"https:\/\/rubrails-tessilmare.com\/fr\/pare-battage-marins\/","title":{"rendered":"Pare-battage marins"},"content":{"rendered":"\n<style type=\"text\/css\" data-created_by=\"avia_inline_auto\" id=\"style-css-av-sarjh4-304730a9660b542ed974b496cb0e1148\">\n.flex_column.av-sarjh4-304730a9660b542ed974b496cb0e1148{\nborder-radius:0px 0px 0px 0px;\npadding:0px 0px 0px 0px;\n}\n<\/style>\n<div  class='flex_column av-sarjh4-304730a9660b542ed974b496cb0e1148 av_one_full  avia-builder-el-0  el_before_av_hr  avia-builder-el-first  first flex_column_div av-zero-column-padding  '     ><p>\n<style type=\"text\/css\" data-created_by=\"avia_inline_auto\" id=\"style-css-av-r2eqwo-f2fabf489ad3401f547c685538fa18a0\">\n#top .av-special-heading.av-r2eqwo-f2fabf489ad3401f547c685538fa18a0{\npadding-bottom:0;\n}\nbody .av-special-heading.av-r2eqwo-f2fabf489ad3401f547c685538fa18a0 .av-special-heading-tag .heading-char{\nfont-size:25px;\n}\n.av-special-heading.av-r2eqwo-f2fabf489ad3401f547c685538fa18a0 .av-subheading{\nfont-size:15px;\n}\n<\/style>\n<div  class='av-special-heading av-r2eqwo-f2fabf489ad3401f547c685538fa18a0 av-special-heading-h1 blockquote modern-quote modern-centered  avia-builder-el-1  el_before_av_heading  avia-builder-el-first '><h1 class='av-special-heading-tag '  itemprop=\"headline\"  >GARDES-BATEAUX MARINS<\/h1><div class=\"special-heading-border\"><div class=\"special-heading-inner-border\"><\/div><\/div><\/div><br \/>\n\n<style type=\"text\/css\" data-created_by=\"avia_inline_auto\" id=\"style-css-av-p1jxm0-482f19617a5dd4128e879f9d300c5de7\">\n#top .av-special-heading.av-p1jxm0-482f19617a5dd4128e879f9d300c5de7{\npadding-bottom:0;\nfont-size:20px;\n}\nbody .av-special-heading.av-p1jxm0-482f19617a5dd4128e879f9d300c5de7 .av-special-heading-tag .heading-char{\nfont-size:25px;\n}\n#top #wrap_all .av-special-heading.av-p1jxm0-482f19617a5dd4128e879f9d300c5de7 .av-special-heading-tag{\nfont-size:20px;\n}\n.av-special-heading.av-p1jxm0-482f19617a5dd4128e879f9d300c5de7 .av-subheading{\nfont-size:15px;\n}\n\n@media only screen and (min-width: 480px) and (max-width: 767px){ \n#top #wrap_all .av-special-heading.av-p1jxm0-482f19617a5dd4128e879f9d300c5de7 .av-special-heading-tag{\nfont-size:0.8em;\n}\n}\n\n@media only screen and (max-width: 479px){ \n#top #wrap_all .av-special-heading.av-p1jxm0-482f19617a5dd4128e879f9d300c5de7 .av-special-heading-tag{\nfont-size:0.8em;\n}\n}\n<\/style>\n<div  class='av-special-heading av-p1jxm0-482f19617a5dd4128e879f9d300c5de7 av-special-heading-h2 blockquote modern-quote modern-centered  avia-builder-el-2  el_after_av_heading  el_before_av_hr  av-inherit-size'><h2 class='av-special-heading-tag '  itemprop=\"headline\"  >Syst\u00e8mes avanc\u00e9s d\u2019amortisseurs marins pour chaque sc\u00e9nario<\/h2><div class=\"special-heading-border\"><div class=\"special-heading-inner-border\"><\/div><\/div><\/div><br \/>\n\n<style type=\"text\/css\" data-created_by=\"avia_inline_auto\" id=\"style-css-av-nqvz7s-2b88cfc8da9c62c828b4b77b4c492989\">\n#top .hr.av-nqvz7s-2b88cfc8da9c62c828b4b77b4c492989{\nmargin-top:5px;\nmargin-bottom:10px;\n}\n.hr.av-nqvz7s-2b88cfc8da9c62c828b4b77b4c492989 .hr-inner{\nwidth:7%;\nborder-color:#15354e;\n}\n<\/style>\n<div  class='hr av-nqvz7s-2b88cfc8da9c62c828b4b77b4c492989 hr-custom  avia-builder-el-3  el_after_av_heading  el_before_av_textblock  hr-center hr-icon-no'><span class='hr-inner inner-border-av-border-fat'><span class=\"hr-inner-style\"><\/span><\/span><\/div><br \/>\n<section  class='av_textblock_section av-mdg554-345a6f880f5b4d1075a8de3571bb88b2 '   itemscope=\"itemscope\" itemtype=\"https:\/\/schema.org\/CreativeWork\" ><div class='avia_textblock'  itemprop=\"text\" ><p><strong>Tessilmare<\/strong> propose cinq <strong>Rub Rails<\/strong> uniques et polyvalents, parfaits pour <strong>toutes les applications marines<\/strong> et sc\u00e9narios. Peu importe la taille de votre bateau ou yacht, Tessilmare a un Rub Rail adapt\u00e9. <a href=\"https:\/\/www.tessilmare.com\/\" target=\"_blank\" rel=\"noopener\">Tessilmare<\/a> est une entreprise familiale situ\u00e9e en Italie.<\/p>\n<p>Nous nous sp\u00e9cialisons dans les Rub Rails depuis 1947. Nous comprenons ce que nos clients veulent et attendent en mati\u00e8re de <strong>d\u00e9fenses et pare-chocs marins de la plus haute qualit\u00e9<\/strong>. Notre gamme de cinq Rub Rails innovants comprend le Sphaera, Radial, Bino, Bumper, et Binox.<\/p>\n<\/div><\/section><\/p><\/div>\n<style type=\"text\/css\" data-created_by=\"avia_inline_auto\" id=\"style-css-av-khtijc-10cd6f55a3159f6de2d6f847be71daa1\">\n#top .hr.hr-invisible.av-khtijc-10cd6f55a3159f6de2d6f847be71daa1{\nheight:5px;\n}\n<\/style>\n<div  class='hr av-khtijc-10cd6f55a3159f6de2d6f847be71daa1 hr-invisible  avia-builder-el-5  el_after_av_one_full  el_before_av_one_full '><span class='hr-inner '><span class=\"hr-inner-style\"><\/span><\/span><\/div><\/p>\n\n<style type=\"text\/css\" data-created_by=\"avia_inline_auto\" id=\"style-css-av-1wfne0-a763655e35addd235cfc0dc4a30b4c11\">\n.flex_column.av-1wfne0-a763655e35addd235cfc0dc4a30b4c11{\nborder-radius:0px 0px 0px 0px;\npadding:0px 0px 0px 0px;\n}\n<\/style>\n<div  class='flex_column av-1wfne0-a763655e35addd235cfc0dc4a30b4c11 av_one_full  avia-builder-el-6  el_after_av_hr  el_before_av_hr  first flex_column_div av-zero-column-padding  '     ><div id='av-masonry-1' class='av-masonry av-hfglug-78ab01df4616e63c4526c4768928f7b0 noHover av-fixed-size av-1px-gap av-hover-overlay-active av-masonry-animation-active av-masonry-col-5 av-caption-on-hover av-caption-style-overlay av-masonry-gallery av-medium-columns-overwrite av-medium-columns-3 av-orientation-square ' data-post_id=\"8183\"><div class=\"av-masonry-container isotope av-js-disabled\"><div class='av-masonry-entry isotope-item av-masonry-item-no-image '><\/div><a href=\"https:\/\/rubrails-tessilmare.com\/fr\/listons-para-battage\/sphaera-liston-pare-battage\/\" aria-label=\"image Tessilmare-sphaera-home\" id=\"av-masonry-1-item-6716\" data-av-masonry-item=\"6716\" class=\"av-masonry-entry isotope-item post-6716 attachment type-attachment status-inherit hentry  av-masonry-item-with-image\" title=\"Tessilmare-sphaera-home\" alt=\"\" data-av-masonry-custom-link=\"https:\/\/rubrails-tessilmare.com\/fr\/listons-para-battage\/sphaera-liston-pare-battage\/\" itemprop=\"thumbnailUrl\"><div class='av-inner-masonry-sizer'><\/div><figure class='av-inner-masonry main_color'><div class=\"av-masonry-outerimage-container\"><div class='av-masonry-image-container lazyload' style=\"background-image:inherit;\"  title=\"Tessilmare-sphaera-home\"  data-bg-image=\"url(https:\/\/rubrails-tessilmare.com\/wp-content\/uploads\/2017\/07\/Tessilmare-sphaera-home.jpg)\"><\/div><\/div><figcaption class='av-inner-masonry-content site-background'><div class='av-inner-masonry-content-pos'><div class='av-inner-masonry-content-pos-content'><div class='avia-arrow'><\/div><\/div><\/div><\/figcaption><\/figure><\/a><!--end av-masonry entry--><a href=\"https:\/\/rubrails-tessilmare.com\/fr\/listons-para-battage\/binox-liston-pare-battage\/\" aria-label=\"image Tessilmare-binox-home\" id=\"av-masonry-1-item-6713\" data-av-masonry-item=\"6713\" class=\"av-masonry-entry isotope-item post-6713 attachment type-attachment status-inherit hentry  av-masonry-item-with-image\" title=\"Tessilmare-binox-home\" alt=\"\" data-av-masonry-custom-link=\"https:\/\/rubrails-tessilmare.com\/fr\/listons-para-battage\/binox-liston-pare-battage\/\" itemprop=\"thumbnailUrl\"><div class='av-inner-masonry-sizer'><\/div><figure class='av-inner-masonry main_color'><div class=\"av-masonry-outerimage-container\"><div class='av-masonry-image-container lazyload' style=\"background-image:inherit;\"  title=\"Tessilmare-binox-home\"  data-bg-image=\"url(https:\/\/rubrails-tessilmare.com\/wp-content\/uploads\/2017\/07\/Tessilmare-binox-home.jpg)\"><\/div><\/div><figcaption class='av-inner-masonry-content site-background'><div class='av-inner-masonry-content-pos'><div class='av-inner-masonry-content-pos-content'><div class='avia-arrow'><\/div><\/div><\/div><\/figcaption><\/figure><\/a><!--end av-masonry entry--><a href=\"https:\/\/rubrails-tessilmare.com\/fr\/listons-para-battage\/bino-liston-pare-battage\/\" aria-label=\"image Tessilmare-bino-home\" id=\"av-masonry-1-item-6712\" data-av-masonry-item=\"6712\" class=\"av-masonry-entry isotope-item post-6712 attachment type-attachment status-inherit hentry  av-masonry-item-with-image\" title=\"Tessilmare-bino-home\" alt=\"\" data-av-masonry-custom-link=\"https:\/\/rubrails-tessilmare.com\/fr\/listons-para-battage\/bino-liston-pare-battage\/\" itemprop=\"thumbnailUrl\"><div class='av-inner-masonry-sizer'><\/div><figure class='av-inner-masonry main_color'><div class=\"av-masonry-outerimage-container\"><div class='av-masonry-image-container lazyload' style=\"background-image:inherit;\"  title=\"Tessilmare-bino-home\"  data-bg-image=\"url(https:\/\/rubrails-tessilmare.com\/wp-content\/uploads\/2017\/07\/Tessilmare-bino-home.jpg)\"><\/div><\/div><figcaption class='av-inner-masonry-content site-background'><div class='av-inner-masonry-content-pos'><div class='av-inner-masonry-content-pos-content'><div class='avia-arrow'><\/div><\/div><\/div><\/figcaption><\/figure><\/a><!--end av-masonry entry--><a href=\"https:\/\/rubrails-tessilmare.com\/fr\/listons-para-battage\/radial-liston-pare-battage\/\" aria-label=\"image Tessilmare-radial-home\" id=\"av-masonry-1-item-6715\" data-av-masonry-item=\"6715\" class=\"av-masonry-entry isotope-item post-6715 attachment type-attachment status-inherit hentry  av-masonry-item-with-image\" title=\"Tessilmare-radial-home\" alt=\"\" data-av-masonry-custom-link=\"https:\/\/rubrails-tessilmare.com\/fr\/listons-para-battage\/radial-liston-pare-battage\/\" itemprop=\"thumbnailUrl\"><div class='av-inner-masonry-sizer'><\/div><figure class='av-inner-masonry main_color'><div class=\"av-masonry-outerimage-container\"><div class='av-masonry-image-container lazyload' style=\"background-image:inherit;\"  title=\"Tessilmare-radial-home\"  data-bg-image=\"url(https:\/\/rubrails-tessilmare.com\/wp-content\/uploads\/2017\/07\/Tessilmare-radial-home.jpg)\"><\/div><\/div><figcaption class='av-inner-masonry-content site-background'><div class='av-inner-masonry-content-pos'><div class='av-inner-masonry-content-pos-content'><div class='avia-arrow'><\/div><\/div><\/div><\/figcaption><\/figure><\/a><!--end av-masonry entry--><a href=\"https:\/\/rubrails-tessilmare.com\/fr\/listons-para-battage\/bumper-liston-pare-battage\/\" aria-label=\"image Tessilmare-bumper-home\" id=\"av-masonry-1-item-6714\" data-av-masonry-item=\"6714\" class=\"av-masonry-entry isotope-item post-6714 attachment type-attachment status-inherit hentry  av-masonry-item-with-image\" title=\"Tessilmare-bumper-home\" alt=\"\" data-av-masonry-custom-link=\"https:\/\/rubrails-tessilmare.com\/fr\/listons-para-battage\/bumper-liston-pare-battage\/\" itemprop=\"thumbnailUrl\"><div class='av-inner-masonry-sizer'><\/div><figure class='av-inner-masonry main_color'><div class=\"av-masonry-outerimage-container\"><div class='av-masonry-image-container lazyload' style=\"background-image:inherit;\"  title=\"Tessilmare-bumper-home\"  data-bg-image=\"url(https:\/\/rubrails-tessilmare.com\/wp-content\/uploads\/2017\/07\/Tessilmare-bumper-home.jpg)\"><\/div><\/div><figcaption class='av-inner-masonry-content site-background'><div class='av-inner-masonry-content-pos'><div class='av-inner-masonry-content-pos-content'><div class='avia-arrow'><\/div><\/div><\/div><\/figcaption><\/figure><\/a><!--end av-masonry entry--><\/div><\/div><\/div>\n\n<style type=\"text\/css\" data-created_by=\"avia_inline_auto\" id=\"style-css-av-fy93ig-4a4b5dba3cbc8e4540e3aaf9b50cb2df\">\n#top .hr.hr-invisible.av-fy93ig-4a4b5dba3cbc8e4540e3aaf9b50cb2df{\nheight:5px;\n}\n<\/style>\n<div  class='hr av-fy93ig-4a4b5dba3cbc8e4540e3aaf9b50cb2df hr-invisible  avia-builder-el-8  el_after_av_one_full  el_before_av_one_full '><span class='hr-inner '><span class=\"hr-inner-style\"><\/span><\/span><\/div>\n\n<style type=\"text\/css\" data-created_by=\"avia_inline_auto\" id=\"style-css-av-ed6p6g-c05fde029dd64f7d286bc27963d5eda3\">\n.flex_column.av-ed6p6g-c05fde029dd64f7d286bc27963d5eda3{\nborder-radius:0px 0px 0px 0px;\npadding:0px 0px 0px 0px;\n}\n<\/style>\n<div  class='flex_column av-ed6p6g-c05fde029dd64f7d286bc27963d5eda3 av_one_full  avia-builder-el-9  el_after_av_hr  el_before_av_one_full  first flex_column_div av-zero-column-padding  '     ><p><section  class='av_textblock_section av-cfau6w-fac9e4302ed77a9ca7c1a9c08a01f33e '   itemscope=\"itemscope\" itemtype=\"https:\/\/schema.org\/CreativeWork\" ><div class='avia_textblock'  itemprop=\"text\" ><p><strong>Tessilmare Rub Rails<\/strong> sont con\u00e7us pour fonctionner sur des bateaux \u00e0 jonction plate et en bo\u00eete. Nous comprenons que plus de 90 % des navires utilisent ces syst\u00e8mes et avons con\u00e7u notre gamme de Rub Rails pour fonctionner parfaitement. Avec une construction durable et longue dur\u00e9e en PVC marin, vos Rub Rails auront un aspect fantastique et seront solides et robustes sur tous les yachts, bateaux, navires ou quais.<\/p>\n<h4>Tous les Rub Rails de Tessilmare offrent aux clients une caract\u00e9ristique unique qui ne manquera pas de plaire !<\/h4>\n<h2>Les d\u00e9fenses marines de Tessilmare<\/h2>\n<h4><\/h4>\n<h3>Bino<\/h3>\n<p>Ce rub rail incroyable est tr\u00e8s facile \u00e0 manipuler et \u00e0 plier et est id\u00e9al pour dissimuler les vis et les coutures parfaites.<\/p>\n<h3>Radial<\/h3>\n<p>Un autre de nos profils de bateaux fantastiques est le <strong>Radial<\/strong>. Le profil Radial est <strong>facile \u00e0 installer<\/strong>. Le Radial s\u2019installe rapidement et facilement en trois \u00e9tapes simples. Cela repr\u00e9sente presque 70 % de temps d\u2019installation en moins que presque toute la concurrence !<\/p>\n<h3>Bumper<\/h3>\n<p>Si vous recherchez un Rub Rail \u00e0 haute r\u00e9sistance et extr\u00eamement l\u00e9ger, alors vous devez d\u00e9couvrir le <strong>profil Bumper<\/strong> ! Le profil Bumper vous offre une structure extr\u00eamement l\u00e9g\u00e8re combin\u00e9e \u00e0 une r\u00e9sistance presque in\u00e9gal\u00e9e.<\/p>\n<h3>Sphaera<\/h3>\n<p>Notre Rub Rail le plus vendu sans aucun doute est le <strong>Sphaera<\/strong> ! Ce Rub Rail pr\u00e9sente une liste compl\u00e8te d\u2019attributs excellents. Le Rub Rail offre aux clients un haut niveau de flexibilit\u00e9, de commodit\u00e9 et de r\u00e9sistance.<\/p>\n<h3>Binox<\/h3>\n<p>En 2018, nous avons lanc\u00e9 le BINOX, incomparable du tout. Binox est absolument unique, le premier profil en acier inoxydable mont\u00e9 par pression <span style=\"text-decoration: underline;\">sans vis<\/span> !<\/p>\n<div class='avia-iframe-wrap'><iframe title=\"BINOX Boat Rub Rail - Tessilmare\" width=\"1500\" height=\"844\" data-src=\"https:\/\/www.youtube.com\/embed\/huh6kxpSx04?feature=oembed\" frameborder=\"0\" allow=\"accelerometer; autoplay; clipboard-write; encrypted-media; gyroscope; picture-in-picture; web-share\" referrerpolicy=\"strict-origin-when-cross-origin\" allowfullscreen src=\"data:image\/gif;base64,R0lGODlhAQABAAAAACH5BAEKAAEALAAAAAABAAEAAAICTAEAOw==\" class=\"lazyload\" data-load-mode=\"1\"><\/iframe><\/div>\n<p>La partie la plus innovante des Tessilmare Rub Rails est leur temps de montage. Gr\u00e2ce \u00e0 <strong>notre processus de montage innovant<\/strong>, vous \u00e9conomiserez beaucoup plus de temps que les Rub Rails conventionnels, ce qui vous fera \u00e9conomiser des co\u00fbts pr\u00e9cieux li\u00e9s au montage et \u00e0 la mise en cale s\u00e8che. Vous pouvez installer n\u2019importe lequel des Tessilmare Rub Rails directement sur votre bateau ou quai, sans tracas ni complications ! Avec un poids inf\u00e9rieur \u00e0 celui des autres Rub Rails et une absorption des chocs et une r\u00e9sistance accrues, vous ne serez pas d\u00e9\u00e7u.<\/p>\n<h2>Les d\u00e9fenses de bateau sont aux bateaux ce que les pare-chocs sont aux automobiles<\/h2>\n<p>Barri\u00e8res protectrices con\u00e7ues pour absorber le choc des <strong>impacts mineurs afin de prot\u00e9ger le ch\u00e2ssis<\/strong> \u2014 ou, dans le cas des embarcations, la coque. Avec de nombreux mod\u00e8les de bateaux, le rubrail sert \u00e9galement de couverture esth\u00e9tique \u00e0 la jonction et aide \u00e0 sceller la couture entre la coque et le capot de pont.<\/p>\n<p>Parce que les bateaux heurtent r\u00e9guli\u00e8rement des quais et des pieux, des rubrails en deux parties sont propos\u00e9s sur la plupart des bateaux, et comprennent une bande d\u2019insertion sacrificielle destin\u00e9e \u00e0 absorber la majeure partie des chocs et de l\u2019abrasion. <strong>La bande peut \u00eatre remplac\u00e9e<\/strong> si elle est us\u00e9e ou endommag\u00e9e au point de ne plus pouvoir faire son travail ou de commencer \u00e0 montrer des signes d\u2019usure. G\u00e9n\u00e9ralement, l\u2019insert est fabriqu\u00e9 en PVC vinyle souple, plus flexible que le rubrail qui le maintient autour du p\u00e9rim\u00e8tre du bateau, et il est con\u00e7u pour s\u2019ins\u00e9rer dans une rainure le long du centre du rubrail.<\/p>\n<\/div><\/section><br \/>\n\n<style type=\"text\/css\" data-created_by=\"avia_inline_auto\" id=\"style-css-av-as1zs8-fd5b042478fe2c75ea46b70be479075a\">\n#top .hr.av-as1zs8-fd5b042478fe2c75ea46b70be479075a{\nmargin-top:5px;\nmargin-bottom:10px;\n}\n.hr.av-as1zs8-fd5b042478fe2c75ea46b70be479075a .hr-inner{\nwidth:7%;\nborder-color:#15354e;\n}\n<\/style>\n<div  class='hr av-as1zs8-fd5b042478fe2c75ea46b70be479075a hr-custom  avia-builder-el-11  el_after_av_textblock  avia-builder-el-last  hr-center hr-icon-no'><span class='hr-inner inner-border-av-border-fat'><span class=\"hr-inner-style\"><\/span><\/span><\/div><\/p><\/div>\n<style type=\"text\/css\" data-created_by=\"avia_inline_auto\" id=\"style-css-av-9g33ko-20aa01ac7738e505a414bbe78e2442e9\">\n.flex_column.av-9g33ko-20aa01ac7738e505a414bbe78e2442e9{\nborder-radius:0px 0px 0px 0px;\npadding:20px 20px 20px 20px;\nbackground-color:#efeff0;\n}\n<\/style>\n<div  class='flex_column av-9g33ko-20aa01ac7738e505a414bbe78e2442e9 av_one_full  avia-builder-el-12  el_after_av_one_full  el_before_av_one_full  first flex_column_div  column-top-margin'     ><\/div><\/p>\n\n<style type=\"text\/css\" data-created_by=\"avia_inline_auto\" id=\"style-css-av-6e1ju0-a93fd7c3a049f9c8b2986f0bd4ce146d\">\n.flex_column.av-6e1ju0-a93fd7c3a049f9c8b2986f0bd4ce146d{\nborder-radius:0px 0px 0px 0px;\n}\n<\/style>\n<div  class='flex_column av-6e1ju0-a93fd7c3a049f9c8b2986f0bd4ce146d av_one_full  avia-builder-el-14  el_after_av_one_full  avia-builder-el-last  first flex_column_div  column-top-margin'     ><p>\n<style type=\"text\/css\" data-created_by=\"avia_inline_auto\" id=\"style-css-av-3n3qiw-4339a5bc7b1e787251d4a7f0c43d1950\">\n#top .av-special-heading.av-3n3qiw-4339a5bc7b1e787251d4a7f0c43d1950{\npadding-bottom:10px;\n}\nbody .av-special-heading.av-3n3qiw-4339a5bc7b1e787251d4a7f0c43d1950 .av-special-heading-tag .heading-char{\nfont-size:25px;\n}\n.av-special-heading.av-3n3qiw-4339a5bc7b1e787251d4a7f0c43d1950 .av-subheading{\nfont-size:15px;\n}\n<\/style>\n<div  class='av-special-heading av-3n3qiw-4339a5bc7b1e787251d4a7f0c43d1950 av-special-heading-h3 blockquote modern-quote  avia-builder-el-15  el_before_av_sidebar  avia-builder-el-first '><h3 class='av-special-heading-tag '  itemprop=\"headline\"  >Autre contenu sp\u00e9cial<\/h3><div class=\"special-heading-border\"><div class=\"special-heading-inner-border\"><\/div><\/div><\/div><br \/>\n<div  class='avia-builder-widget-area clearfix  avia-builder-el-16  el_after_av_heading  avia-builder-el-last '><section id=\"nav_menu-6\" class=\"widget clearfix widget_nav_menu\"><div class=\"menu-menu-pagine-tag-french-container\"><ul id=\"menu-menu-pagine-tag-french\" class=\"menu\"><li id=\"menu-item-9759\" class=\"menu-item menu-item-type-post_type menu-item-object-page menu-item-9759\"><a href=\"https:\/\/rubrails-tessilmare.com\/fr\/kit-des-listons-para-battage\/\">Kit des Listons para-battage<\/a><\/li>\n<li id=\"menu-item-9760\" class=\"menu-item menu-item-type-post_type menu-item-object-page menu-item-9760\"><a href=\"https:\/\/rubrails-tessilmare.com\/fr\/installation-de-liston-pare-battage\/\">Installation des listons pare-battage<\/a><\/li>\n<li id=\"menu-item-9761\" class=\"menu-item menu-item-type-post_type menu-item-object-page menu-item-9761\"><a href=\"https:\/\/rubrails-tessilmare.com\/fr\/pare-chocs-de-quai-verticaux\/\">Pare-chocs de quai verticaux<\/a><\/li>\n<li id=\"menu-item-9762\" class=\"menu-item menu-item-type-post_type menu-item-object-page menu-item-9762\"><a href=\"https:\/\/rubrails-tessilmare.com\/fr\/protecteur-detrave-de-bateau\/\">Protecteur d&rsquo;\u00e9trave de bateau<\/a><\/li>\n<li id=\"menu-item-9763\" class=\"menu-item menu-item-type-post_type menu-item-object-page menu-item-9763\"><a href=\"https:\/\/rubrails-tessilmare.com\/fr\/pare-battage-de-bateau\/\">Pare-battage de bateau<\/a><\/li>\n<li id=\"menu-item-9764\" class=\"menu-item menu-item-type-post_type menu-item-object-page menu-item-9764\"><a href=\"https:\/\/rubrails-tessilmare.com\/fr\/garde-corps-de-proue-de-bateau\/\">Garde-corps de proue de bateau<\/a><\/li>\n<li id=\"menu-item-9765\" class=\"menu-item menu-item-type-custom menu-item-object-custom menu-item-9765\"><a href=\"https:\/\/rubrails-tessilmare.com\/dock-rubber-edging\/\">Dock Rubber Edging<\/a><\/li>\n<li id=\"menu-item-9766\" class=\"menu-item menu-item-type-post_type menu-item-object-page menu-item-9766\"><a href=\"https:\/\/rubrails-tessilmare.com\/fr\/pare-chocs-de-quai-pour-bateau-en-caoutchouc\/\">Pare-chocs de quai pour bateau en caoutchouc<\/a><\/li>\n<li id=\"menu-item-9767\" class=\"menu-item menu-item-type-post_type menu-item-object-page menu-item-9767\"><a href=\"https:\/\/rubrails-tessilmare.com\/fr\/rail-de-protection\/\">Profile de protection<\/a><\/li>\n<li id=\"menu-item-9768\" class=\"menu-item menu-item-type-post_type menu-item-object-page menu-item-9768\"><a href=\"https:\/\/rubrails-tessilmare.com\/fr\/pare-chocs-de-quai-en-caoutchouc\/\">Pare-chocs de quai en caoutchouc<\/a><\/li>\n<li id=\"menu-item-9769\" class=\"menu-item menu-item-type-post_type menu-item-object-page menu-item-9769\"><a href=\"https:\/\/rubrails-tessilmare.com\/fr\/pare-chocs-de-quai-pour-bateau-en-caoutchouc\/\">Pare-chocs de quai pour bateau en caoutchouc<\/a><\/li>\n<li id=\"menu-item-9770\" class=\"menu-item menu-item-type-post_type menu-item-object-page menu-item-9770\"><a href=\"https:\/\/rubrails-tessilmare.com\/fr\/pare-chocs-de-bateau\/\">Pare-chocs de bateau<\/a><\/li>\n<li id=\"menu-item-9771\" class=\"menu-item menu-item-type-post_type menu-item-object-page menu-item-9771\"><a href=\"https:\/\/rubrails-tessilmare.com\/fr\/butoirs-dock-edge\/\">Butoirs Dock Edge<\/a><\/li>\n<li id=\"menu-item-9772\" class=\"menu-item menu-item-type-post_type menu-item-object-page menu-item-9772\"><a href=\"https:\/\/rubrails-tessilmare.com\/fr\/solutions-de-pare-chocs-pour-quais-de-bateaux\/\">Solutions de pare-chocs pour quais de bateaux<\/a><\/li>\n<li id=\"menu-item-9773\" class=\"menu-item menu-item-type-post_type menu-item-object-page menu-item-9773\"><a href=\"https:\/\/rubrails-tessilmare.com\/fr\/coins-damortisseurs-pour-quai-de-bateau\/\">Coins d&rsquo;amortisseurs pour quai de bateau<\/a><\/li>\n<li id=\"menu-item-9774\" class=\"menu-item menu-item-type-post_type menu-item-object-page menu-item-9774\"><a href=\"https:\/\/rubrails-tessilmare.com\/fr\/pare-battage-marins\/\">Pare-battage marins<\/a><\/li>\n<li id=\"menu-item-9775\" class=\"menu-item menu-item-type-post_type menu-item-object-page menu-item-9775\"><a href=\"https:\/\/rubrails-tessilmare.com\/fr\/rails-lateraux-de-bateau\/\">Rails lat\u00e9raux de bateau<\/a><\/li>\n<li id=\"menu-item-9794\" class=\"menu-item menu-item-type-post_type menu-item-object-page menu-item-9794\"><a href=\"https:\/\/rubrails-tessilmare.com\/fr\/bord-du-quai\/\">Bord du quai<\/a><\/li>\n<li id=\"menu-item-9795\" class=\"menu-item menu-item-type-post_type menu-item-object-page menu-item-9795\"><a href=\"https:\/\/rubrails-tessilmare.com\/fr\/bino-dock-rail-de-protection\/\">Bino-Dock Profile de Protection<\/a><\/li>\n<li id=\"menu-item-9796\" class=\"menu-item menu-item-type-post_type menu-item-object-page menu-item-9796\"><a href=\"https:\/\/rubrails-tessilmare.com\/fr\/pare-chocs-pour-bateaux-en-caoutchouc\/\">Pare-chocs pour bateaux en caoutchouc<\/a><\/li>\n<\/ul><\/div><span class=\"seperator extralight-border\"><\/span><\/section><\/div><\/p><\/div>\n","protected":false},"excerpt":{"rendered":"","protected":false},"author":1,"featured_media":0,"parent":0,"menu_order":0,"comment_status":"closed","ping_status":"closed","template":"","meta":{"rank_math_lock_modified_date":false,"footnotes":""},"class_list":["post-8183","page","type-page","status-publish","hentry"],"_links":{"self":[{"href":"https:\/\/rubrails-tessilmare.com\/fr\/wp-json\/wp\/v2\/pages\/8183"}],"collection":[{"href":"https:\/\/rubrails-tessilmare.com\/fr\/wp-json\/wp\/v2\/pages"}],"about":[{"href":"https:\/\/rubrails-tessilmare.com\/fr\/wp-json\/wp\/v2\/types\/page"}],"author":[{"embeddable":true,"href":"https:\/\/rubrails-tessilmare.com\/fr\/wp-json\/wp\/v2\/users\/1"}],"replies":[{"embeddable":true,"href":"https:\/\/rubrails-tessilmare.com\/fr\/wp-json\/wp\/v2\/comments?post=8183"}],"version-history":[{"count":1,"href":"https:\/\/rubrails-tessilmare.com\/fr\/wp-json\/wp\/v2\/pages\/8183\/revisions"}],"predecessor-version":[{"id":8186,"href":"https:\/\/rubrails-tessilmare.com\/fr\/wp-json\/wp\/v2\/pages\/8183\/revisions\/8186"}],"wp:attachment":[{"href":"https:\/\/rubrails-tessilmare.com\/fr\/wp-json\/wp\/v2\/media?parent=8183"}],"curies":[{"name":"wp","href":"https:\/\/api.w.org\/{rel}","templated":true}]}}