{"id":8231,"date":"2017-08-03T15:53:17","date_gmt":"2017-08-03T13:53:17","guid":{"rendered":"https:\/\/rubrails-tessilmare.com\/profils-fender-radial\/"},"modified":"2025-05-28T12:33:58","modified_gmt":"2025-05-28T10:33:58","slug":"profils-fender-radial","status":"publish","type":"page","link":"https:\/\/rubrails-tessilmare.com\/fr\/gamme-de-produits\/profils-fender-radial\/","title":{"rendered":"PROFILS FENDER &#8211; Radial"},"content":{"rendered":"\n<style type=\"text\/css\" data-created_by=\"avia_inline_auto\" id=\"style-css-av-aiyff0-4c8b8e67ff1c596136d870ba72bf24c9\">\n.flex_column.av-aiyff0-4c8b8e67ff1c596136d870ba72bf24c9{\nborder-radius:0px 0px 0px 0px;\npadding:0px 0px 0px 0px;\n}\n<\/style>\n<div  class='flex_column av-aiyff0-4c8b8e67ff1c596136d870ba72bf24c9 av_one_full  avia-builder-el-0  el_before_av_masonry_gallery  avia-builder-el-no-sibling  first flex_column_div av-zero-column-padding  '     ><p>\n<style type=\"text\/css\" data-created_by=\"avia_inline_auto\" id=\"style-css-av-vqff0-02ca546b0a4113a96e63de17c6ffb1e5\">\n#top .av-special-heading.av-vqff0-02ca546b0a4113a96e63de17c6ffb1e5{\npadding-bottom:0;\n}\nbody .av-special-heading.av-vqff0-02ca546b0a4113a96e63de17c6ffb1e5 .av-special-heading-tag .heading-char{\nfont-size:25px;\n}\n.av-special-heading.av-vqff0-02ca546b0a4113a96e63de17c6ffb1e5 .av-subheading{\nfont-size:15px;\n}\n<\/style>\n<div  class='av-special-heading av-vqff0-02ca546b0a4113a96e63de17c6ffb1e5 av-special-heading-h1 blockquote modern-quote modern-centered  avia-builder-el-1  el_before_av_hr  avia-builder-el-first '><h1 class='av-special-heading-tag '  itemprop=\"headline\"  >PROFILS DE GARDE-BOUE &#8211; RADIAL<\/h1><div class=\"special-heading-border\"><div class=\"special-heading-inner-border\"><\/div><\/div><\/div><br \/>\n\n<style type=\"text\/css\" data-created_by=\"avia_inline_auto\" id=\"style-css-av-6yd0gs-2be851e6473945c9d61901f4164834db\">\n#top .hr.av-6yd0gs-2be851e6473945c9d61901f4164834db{\nmargin-top:5px;\nmargin-bottom:10px;\n}\n.hr.av-6yd0gs-2be851e6473945c9d61901f4164834db .hr-inner{\nwidth:7%;\nborder-color:#15354e;\n}\n<\/style>\n<div  class='hr av-6yd0gs-2be851e6473945c9d61901f4164834db hr-custom  avia-builder-el-2  el_after_av_heading  el_before_av_textblock  hr-center hr-icon-no'><span class='hr-inner inner-border-av-border-fat'><span class=\"hr-inner-style\"><\/span><\/span><\/div><br \/>\n<section  class='av_textblock_section av-6h8l3w-b515c4053a31dbc22bfb7a2f19a537a2 '   itemscope=\"itemscope\" itemtype=\"https:\/\/schema.org\/CreativeWork\" ><div class='avia_textblock'  itemprop=\"text\" ><p style=\"text-align: center;\">RADIAL a \u00e9t\u00e9 con\u00e7u pour aider les gens \u00e0 \u00e9conomiser du temps et de l&rsquo;argent avec un produit SIMPLE BREVET\u00c9 qui peut \u00eatre install\u00e9 en quelques \u00e9tapes.<\/p>\n<p style=\"text-align: center;\">Aucun outil sp\u00e9cial n&rsquo;est requis puisque la piste se courbe dans toutes les directions du bateau pour une installation rapide. Une fois la piste rigide fix\u00e9e sur la coque du bateau, le profil souple peut \u00eatre install\u00e9 \u00e0 froid sans besoin de pr\u00e9chauffage.<\/p>\n<p style=\"text-align: center;\">Il peut \u00eatre facilement utilis\u00e9 pour une nouvelle installation, une r\u00e9paration et une remise \u00e0 neuf.<\/p>\n<p style=\"text-align: center;\">Deux types de capuchons de joint et de bouchons d&rsquo;extr\u00e9mit\u00e9 sont disponibles : en PVC et en acier inoxydable.<\/p>\n<\/div><\/section><\/p><\/div>\n\n<style type=\"text\/css\" data-created_by=\"avia_inline_auto\" id=\"style-css-av-3zdf24-cb366ba7264349a4806e3ffe36d3584b\">\n#top .av-masonry.av-3zdf24-cb366ba7264349a4806e3ffe36d3584b{\nbackground-color:#ffffff;\n}\n<\/style>\n<div id='av-masonry-1' class='av-masonry av-3zdf24-cb366ba7264349a4806e3ffe36d3584b noHover av-fixed-size av-1px-gap av-hover-overlay-active av-masonry-animation-active av-masonry-col-3 av-caption-on-hover av-caption-style-overlay av-masonry-gallery av-medium-columns-overwrite av-medium-columns-3 av-orientation-square ' data-post_id=\"8231\"><div class=\"av-masonry-container isotope av-js-disabled\"><div class='av-masonry-entry isotope-item av-masonry-item-no-image '><\/div><a href=\"https:\/\/rubrails-tessilmare.com\/fr\/radial-30\/\"  aria-label=\"image RADIAL_30\"  id='av-masonry-1-item-6864' data-av-masonry-item='6864' class='av-masonry-entry isotope-item post-6864 attachment type-attachment status-inherit hentry  av-masonry-item-with-image' title=\"RADIAL_30\" alt=\"\"  data-av-masonry-custom-link=\"https:\/\/rubrails-tessilmare.com\/fr\/radial-30\/\"  itemprop=\"thumbnailUrl\" ><div class='av-inner-masonry-sizer'><\/div><figure class='av-inner-masonry main_color'><div class=\"av-masonry-outerimage-container\"><div class='av-masonry-image-container lazyload' style=\"background-image:inherit;\"  title=\"RADIAL_30\"  data-bg-image=\"url(https:\/\/rubrails-tessilmare.com\/wp-content\/uploads\/2017\/07\/RADIAL_30-705x705.jpg)\"><\/div><\/div><figcaption class='av-inner-masonry-content site-background'><div class='av-inner-masonry-content-pos'><div class='av-inner-masonry-content-pos-content'><div class='avia-arrow'><\/div><div class='av-masonry-entry-content entry-content'  itemprop=\"text\" >RADIAL 30 BLACK<\/div><\/div><\/div><\/figcaption><\/figure><\/a><!--end av-masonry entry--><a href=\"https:\/\/rubrails-tessilmare.com\/fr\/radial-40\/\"  aria-label=\"image RADIAL 40: dock rubber edging\"  id='av-masonry-1-item-6852' data-av-masonry-item='6852' class='av-masonry-entry isotope-item post-6852 attachment type-attachment status-inherit hentry  av-masonry-item-with-image' title=\"RADIAL 40: dock rubber edging\" alt=\"\"  data-av-masonry-custom-link=\"https:\/\/rubrails-tessilmare.com\/fr\/radial-40\/\"  itemprop=\"thumbnailUrl\" ><div class='av-inner-masonry-sizer'><\/div><figure class='av-inner-masonry main_color'><div class=\"av-masonry-outerimage-container\"><div class='av-masonry-image-container lazyload' style=\"background-image:inherit;\"  title=\"RADIAL 40: dock rubber edging\"  data-bg-image=\"url(https:\/\/rubrails-tessilmare.com\/wp-content\/uploads\/2017\/07\/RADIAL_40-705x705.jpg)\"><\/div><\/div><figcaption class='av-inner-masonry-content site-background'><div class='av-inner-masonry-content-pos'><div class='av-inner-masonry-content-pos-content'><div class='avia-arrow'><\/div><div class='av-masonry-entry-content entry-content'  itemprop=\"text\" >RADIAL 40 BLACK<\/div><\/div><\/div><\/figcaption><\/figure><\/a><!--end av-masonry entry--><a href=\"https:\/\/rubrails-tessilmare.com\/fr\/radial-52\/\"  aria-label=\"image Boat Bow Rails RADIAL\"  id='av-masonry-1-item-6844' data-av-masonry-item='6844' class='av-masonry-entry isotope-item post-6844 attachment type-attachment status-inherit hentry  av-masonry-item-with-image' title=\"Boat Bow Rails RADIAL\" alt=\"\"  data-av-masonry-custom-link=\"https:\/\/rubrails-tessilmare.com\/fr\/radial-52\/\"  itemprop=\"thumbnailUrl\" ><div class='av-inner-masonry-sizer'><\/div><figure class='av-inner-masonry main_color'><div class=\"av-masonry-outerimage-container\"><div class='av-masonry-image-container lazyload' style=\"background-image:inherit;\"  title=\"Boat Bow Rails RADIAL\"  data-bg-image=\"url(https:\/\/rubrails-tessilmare.com\/wp-content\/uploads\/2017\/07\/RADIAL_50-705x705.jpg)\"><\/div><\/div><figcaption class='av-inner-masonry-content site-background'><div class='av-inner-masonry-content-pos'><div class='av-inner-masonry-content-pos-content'><div class='avia-arrow'><\/div><div class='av-masonry-entry-content entry-content'  itemprop=\"text\" >RADIAL 52 BLACK<\/div><\/div><\/div><\/figcaption><\/figure><\/a><!--end av-masonry entry--><a href=\"https:\/\/rubrails-tessilmare.com\/fr\/radial-65\/\"  aria-label=\"image RADIAL_65\"  id='av-masonry-1-item-6837' data-av-masonry-item='6837' class='av-masonry-entry isotope-item post-6837 attachment type-attachment status-inherit hentry  av-masonry-item-with-image' title=\"RADIAL_65\" alt=\"\"  data-av-masonry-custom-link=\"https:\/\/rubrails-tessilmare.com\/fr\/radial-65\/\"  itemprop=\"thumbnailUrl\" ><div class='av-inner-masonry-sizer'><\/div><figure class='av-inner-masonry main_color'><div class=\"av-masonry-outerimage-container\"><div class='av-masonry-image-container lazyload' style=\"background-image:inherit;\"  title=\"RADIAL_65\"  data-bg-image=\"url(https:\/\/rubrails-tessilmare.com\/wp-content\/uploads\/2017\/07\/RADIAL_65-705x705.jpg)\"><\/div><\/div><figcaption class='av-inner-masonry-content site-background'><div class='av-inner-masonry-content-pos'><div class='av-inner-masonry-content-pos-content'><div class='avia-arrow'><\/div><div class='av-masonry-entry-content entry-content'  itemprop=\"text\" >RADIAL 65 BLACK<\/div><\/div><\/div><\/figcaption><\/figure><\/a><!--end av-masonry entry--><a href=\"https:\/\/rubrails-tessilmare.com\/fr\/radial-80\/\"  aria-label=\"image RADIAL_80\"  id='av-masonry-1-item-6828' data-av-masonry-item='6828' class='av-masonry-entry isotope-item post-6828 attachment type-attachment status-inherit hentry  av-masonry-item-with-image' title=\"RADIAL_80\" alt=\"\"  data-av-masonry-custom-link=\"https:\/\/rubrails-tessilmare.com\/fr\/radial-80\/\"  itemprop=\"thumbnailUrl\" ><div class='av-inner-masonry-sizer'><\/div><figure class='av-inner-masonry main_color'><div class=\"av-masonry-outerimage-container\"><div class='av-masonry-image-container lazyload' style=\"background-image:inherit;\"  title=\"RADIAL_80\"  data-bg-image=\"url(https:\/\/rubrails-tessilmare.com\/wp-content\/uploads\/2017\/07\/RADIAL_80-705x705.jpg)\"><\/div><\/div><figcaption class='av-inner-masonry-content site-background'><div class='av-inner-masonry-content-pos'><div class='av-inner-masonry-content-pos-content'><div class='avia-arrow'><\/div><div class='av-masonry-entry-content entry-content'  itemprop=\"text\" >RADIAL 80 BLACK<\/div><\/div><\/div><\/figcaption><\/figure><\/a><!--end av-masonry entry--><\/div><\/div>\n\n<style type=\"text\/css\" data-created_by=\"avia_inline_auto\" id=\"style-css-av-368ofg-63705b7beb39247dffd6f728b7489fe6\">\n#top .hr.hr-invisible.av-368ofg-63705b7beb39247dffd6f728b7489fe6{\nheight:5px;\n}\n<\/style>\n<div  class='hr av-368ofg-63705b7beb39247dffd6f728b7489fe6 hr-invisible  avia-builder-el-5  el_after_av_masonry_gallery  avia-builder-el-no-sibling '><span class='hr-inner '><span class=\"hr-inner-style\"><\/span><\/span><\/div>\n","protected":false},"excerpt":{"rendered":"","protected":false},"author":1,"featured_media":0,"parent":8387,"menu_order":0,"comment_status":"closed","ping_status":"closed","template":"","meta":{"rank_math_lock_modified_date":false,"footnotes":""},"class_list":["post-8231","page","type-page","status-publish","hentry"],"_links":{"self":[{"href":"https:\/\/rubrails-tessilmare.com\/fr\/wp-json\/wp\/v2\/pages\/8231"}],"collection":[{"href":"https:\/\/rubrails-tessilmare.com\/fr\/wp-json\/wp\/v2\/pages"}],"about":[{"href":"https:\/\/rubrails-tessilmare.com\/fr\/wp-json\/wp\/v2\/types\/page"}],"author":[{"embeddable":true,"href":"https:\/\/rubrails-tessilmare.com\/fr\/wp-json\/wp\/v2\/users\/1"}],"replies":[{"embeddable":true,"href":"https:\/\/rubrails-tessilmare.com\/fr\/wp-json\/wp\/v2\/comments?post=8231"}],"version-history":[{"count":1,"href":"https:\/\/rubrails-tessilmare.com\/fr\/wp-json\/wp\/v2\/pages\/8231\/revisions"}],"predecessor-version":[{"id":8234,"href":"https:\/\/rubrails-tessilmare.com\/fr\/wp-json\/wp\/v2\/pages\/8231\/revisions\/8234"}],"up":[{"embeddable":true,"href":"https:\/\/rubrails-tessilmare.com\/fr\/wp-json\/wp\/v2\/pages\/8387"}],"wp:attachment":[{"href":"https:\/\/rubrails-tessilmare.com\/fr\/wp-json\/wp\/v2\/media?parent=8231"}],"curies":[{"name":"wp","href":"https:\/\/api.w.org\/{rel}","templated":true}]}}