{"id":8340,"date":"2019-03-29T17:49:03","date_gmt":"2019-03-29T16:49:03","guid":{"rendered":"https:\/\/rubrails-tessilmare.com\/who-we-are\/rail-de-protection-de-bateau-nouvelle-technologie\/"},"modified":"2025-05-29T17:42:31","modified_gmt":"2025-05-29T15:42:31","slug":"rail-de-protection-de-bateau-nouvelle-technologie","status":"publish","type":"page","link":"https:\/\/rubrails-tessilmare.com\/fr\/who-we-are\/rail-de-protection-de-bateau-nouvelle-technologie\/","title":{"rendered":"Profile de protection de bateau Nouvelle technologie"},"content":{"rendered":"\n<style type=\"text\/css\" data-created_by=\"avia_inline_auto\" id=\"style-css-av-o0q9un-7ac7da0f4654aba1ef64bda8bf2de573\">\n.flex_column.av-o0q9un-7ac7da0f4654aba1ef64bda8bf2de573{\nborder-radius:0px 0px 0px 0px;\npadding:0px 0px 0px 0px;\n}\n<\/style>\n<div  class='flex_column av-o0q9un-7ac7da0f4654aba1ef64bda8bf2de573 av_one_full  avia-builder-el-0  el_before_av_hr  avia-builder-el-first  first flex_column_div av-zero-column-padding  '     ><p>\n<style type=\"text\/css\" data-created_by=\"avia_inline_auto\" id=\"style-css-av-ml04tb-cee45c793f1d50ad8cf56fa64f3b04d6\">\n#top .av-special-heading.av-ml04tb-cee45c793f1d50ad8cf56fa64f3b04d6{\npadding-bottom:0;\n}\nbody .av-special-heading.av-ml04tb-cee45c793f1d50ad8cf56fa64f3b04d6 .av-special-heading-tag .heading-char{\nfont-size:25px;\n}\n.av-special-heading.av-ml04tb-cee45c793f1d50ad8cf56fa64f3b04d6 .av-subheading{\nfont-size:15px;\n}\n<\/style>\n<div  class='av-special-heading av-ml04tb-cee45c793f1d50ad8cf56fa64f3b04d6 av-special-heading-h1 blockquote modern-quote modern-centered  avia-builder-el-1  el_before_av_heading  avia-builder-el-first '><h1 class='av-special-heading-tag '  itemprop=\"headline\"  >TECHNOLOGIE NOUVELLE POUR LE RAIL D\u2019ABRASION DE BATEAU<\/h1><div class=\"special-heading-border\"><div class=\"special-heading-inner-border\"><\/div><\/div><\/div><br \/>\n\n<style type=\"text\/css\" data-created_by=\"avia_inline_auto\" id=\"style-css-av-kbwoi7-cd98804403a8f6845ebcd40fc0f65e3c\">\n#top .av-special-heading.av-kbwoi7-cd98804403a8f6845ebcd40fc0f65e3c{\npadding-bottom:0;\nfont-size:20px;\n}\nbody .av-special-heading.av-kbwoi7-cd98804403a8f6845ebcd40fc0f65e3c .av-special-heading-tag .heading-char{\nfont-size:25px;\n}\n#top #wrap_all .av-special-heading.av-kbwoi7-cd98804403a8f6845ebcd40fc0f65e3c .av-special-heading-tag{\nfont-size:20px;\n}\n.av-special-heading.av-kbwoi7-cd98804403a8f6845ebcd40fc0f65e3c .av-subheading{\nfont-size:15px;\n}\n\n@media only screen and (min-width: 480px) and (max-width: 767px){ \n#top #wrap_all .av-special-heading.av-kbwoi7-cd98804403a8f6845ebcd40fc0f65e3c .av-special-heading-tag{\nfont-size:0.8em;\n}\n}\n\n@media only screen and (max-width: 479px){ \n#top #wrap_all .av-special-heading.av-kbwoi7-cd98804403a8f6845ebcd40fc0f65e3c .av-special-heading-tag{\nfont-size:0.8em;\n}\n}\n<\/style>\n<div  class='av-special-heading av-kbwoi7-cd98804403a8f6845ebcd40fc0f65e3c av-special-heading-h2 blockquote modern-quote modern-centered  avia-builder-el-2  el_after_av_heading  el_before_av_hr  av-inherit-size'><h2 class='av-special-heading-tag '  itemprop=\"headline\"  >Profils de pare-chocs de haute qualit\u00e9 pour bateaux, navires, yachts et quais<\/h2><div class=\"special-heading-border\"><div class=\"special-heading-inner-border\"><\/div><\/div><\/div><br \/>\n\n<style type=\"text\/css\" data-created_by=\"avia_inline_auto\" id=\"style-css-av-ipq79r-972a7fb92de54efbb50563731d0d9113\">\n#top .hr.av-ipq79r-972a7fb92de54efbb50563731d0d9113{\nmargin-top:5px;\nmargin-bottom:10px;\n}\n.hr.av-ipq79r-972a7fb92de54efbb50563731d0d9113 .hr-inner{\nwidth:7%;\nborder-color:#15354e;\n}\n<\/style>\n<div  class='hr av-ipq79r-972a7fb92de54efbb50563731d0d9113 hr-custom  avia-builder-el-3  el_after_av_heading  el_before_av_textblock  hr-center hr-icon-no'><span class='hr-inner inner-border-av-border-fat'><span class=\"hr-inner-style\"><\/span><\/span><\/div><br \/>\n<section  class='av_textblock_section av-hv38hb-d6f55b163ee5acc3f768e6cec13c2c46 '   itemscope=\"itemscope\" itemtype=\"https:\/\/schema.org\/CreativeWork\" ><div class='avia_textblock'  itemprop=\"text\" ><p><img decoding=\"async\" class=\"alignright wp-image-34 size-medium lazyload\" title=\"Profils de pare-battage de haute qualit\u00e9 pour bateaux, navires, yachts et quais\" data-src=\"https:\/\/rubrails-tessilmare.com\/wp-content\/uploads\/2017\/07\/Tessilmare-BOAT-RUB-RAILS-home-300x144.jpg\" alt=\"Boat Rub Rail New Technology\" width=\"300\" height=\"144\" data-srcset=\"https:\/\/b1654183.smushcdn.com\/1654183\/wp-content\/uploads\/2017\/07\/Tessilmare-BOAT-RUB-RAILS-home-300x144.jpg?lossy=0&amp;strip=1&amp;webp=1 300w, https:\/\/b1654183.smushcdn.com\/1654183\/wp-content\/uploads\/2017\/07\/Tessilmare-BOAT-RUB-RAILS-home-768x368.jpg?lossy=0&amp;strip=1&amp;webp=1 768w, https:\/\/b1654183.smushcdn.com\/1654183\/wp-content\/uploads\/2017\/07\/Tessilmare-BOAT-RUB-RAILS-home-705x338.jpg?lossy=0&amp;strip=1&amp;webp=1 705w, https:\/\/b1654183.smushcdn.com\/1654183\/wp-content\/uploads\/2017\/07\/Tessilmare-BOAT-RUB-RAILS-home-450x216.jpg?lossy=0&amp;strip=1&amp;webp=1 450w, https:\/\/b1654183.smushcdn.com\/1654183\/wp-content\/uploads\/2017\/07\/Tessilmare-BOAT-RUB-RAILS-home.jpg?lossy=0&amp;strip=1&amp;webp=1 960w\" data-sizes=\"(max-width: 300px) 100vw, 300px\" src=\"data:image\/gif;base64,R0lGODlhAQABAAAAACH5BAEKAAEALAAAAAABAAEAAAICTAEAOw==\" style=\"--smush-placeholder-width: 300px; --smush-placeholder-aspect-ratio: 300\/144;\" \/><noscript><img decoding=\"async\" class=\"alignright wp-image-34 size-medium\" title=\"Profils de pare-battage de haute qualit\u00e9 pour bateaux, navires, yachts et quais\" src=\"https:\/\/rubrails-tessilmare.com\/wp-content\/uploads\/2017\/07\/Tessilmare-BOAT-RUB-RAILS-home-300x144.jpg\" alt=\"Boat Rub Rail New Technology\" width=\"300\" height=\"144\" srcset=\"https:\/\/b1654183.smushcdn.com\/1654183\/wp-content\/uploads\/2017\/07\/Tessilmare-BOAT-RUB-RAILS-home-300x144.jpg?lossy=0&amp;strip=1&amp;webp=1 300w, https:\/\/b1654183.smushcdn.com\/1654183\/wp-content\/uploads\/2017\/07\/Tessilmare-BOAT-RUB-RAILS-home-768x368.jpg?lossy=0&amp;strip=1&amp;webp=1 768w, https:\/\/b1654183.smushcdn.com\/1654183\/wp-content\/uploads\/2017\/07\/Tessilmare-BOAT-RUB-RAILS-home-705x338.jpg?lossy=0&amp;strip=1&amp;webp=1 705w, https:\/\/b1654183.smushcdn.com\/1654183\/wp-content\/uploads\/2017\/07\/Tessilmare-BOAT-RUB-RAILS-home-450x216.jpg?lossy=0&amp;strip=1&amp;webp=1 450w, https:\/\/b1654183.smushcdn.com\/1654183\/wp-content\/uploads\/2017\/07\/Tessilmare-BOAT-RUB-RAILS-home.jpg?lossy=0&amp;strip=1&amp;webp=1 960w\" sizes=\"(max-width: 300px) 100vw, 300px\" \/><\/noscript>Depuis plus de quinze ans, Tessilmare am\u00e9liore ses <strong>profils de pare-battage<\/strong> de haute qualit\u00e9 pour bateaux, navires, yachts et quais. Notre \u00e9quipe exp\u00e9riment\u00e9e de designers et d&rsquo;ing\u00e9nieurs perfectionne nos profils de pare-battage afin de garantir un produit de haute qualit\u00e9 qui non seulement a une belle apparence, mais fonctionne parfaitement.<br \/>\nPar le pass\u00e9, de nombreuses technologies de pare-battage se concentraient uniquement sur diff\u00e9rentes formes et tailles, perdant de vue l&rsquo;un des aspects cl\u00e9s de la conception des pare-battage, les aspects techniques et d&rsquo;ing\u00e9nierie des pare-battage. L&rsquo;\u00e9quipe d&rsquo;ing\u00e9nierie de Tessilmare a choisi de se concentrer sur 4\/5 lignes adapt\u00e9es aux bateaux allant de deux m\u00e8tres jusqu&rsquo;\u00e0 cinquante m\u00e8tres.<br \/>\nTessilmare a con\u00e7u un <strong>produit r\u00e9volutionnaire<\/strong> qui est actuellement utilis\u00e9 sur <strong>navires<\/strong>, <strong>yachts<\/strong>, <strong>quais<\/strong>, <strong>marinas<\/strong> et <strong>bateaux<\/strong> partout dans le monde.<br \/>\nNos pare-battage sont con\u00e7us pour r\u00e9sister aux pires conditions m\u00e9t\u00e9orologiques que m\u00e8re nature peut leur infliger.<\/p>\n<div class='avia-iframe-wrap'><iframe title=\"Tessilmare 70th Anniversary\" width=\"1500\" height=\"844\" data-src=\"https:\/\/www.youtube.com\/embed\/GNwBYZAfp2M?feature=oembed\" frameborder=\"0\" allow=\"accelerometer; autoplay; clipboard-write; encrypted-media; gyroscope; picture-in-picture; web-share\" referrerpolicy=\"strict-origin-when-cross-origin\" allowfullscreen src=\"data:image\/gif;base64,R0lGODlhAQABAAAAACH5BAEKAAEALAAAAAABAAEAAAICTAEAOw==\" class=\"lazyload\" data-load-mode=\"1\"><\/iframe><\/div>\n<p>Nous nous sommes concentr\u00e9s sur plusieurs domaines cl\u00e9s d&rsquo;ing\u00e9nierie et de conception :<\/p>\n<ul>\n<li><strong>R\u00e9duire le temps de montage<\/strong>, d&rsquo;installation et de remplacement des pare-battage Tessilmare jusqu&rsquo;\u00e0 50 %, \u00e9conomisant temps, argent et \u00e9nergie.<\/li>\n<li>R\u00e9duire la difficult\u00e9 de pliage et de mise en forme des pare-battage Tessilmare sur des formes et angles aigus, les rendant parfaits pour tout navire ou yacht quelle que soit la forme.<\/li>\n<li>Vous pouvez d\u00e9sormais plier l&rsquo;acier inoxydable directement sur le navire, ce qui r\u00e9duit consid\u00e9rablement les co\u00fbts li\u00e9s \u00e0 l&rsquo;exp\u00e9dition des pi\u00e8ces de rechange.<\/li>\n<li>Nous avons r\u00e9duit le poids global de nos pare-battage. Cela signifie moins de poids sur le navire et une meilleure \u00e9conomie de carburant.<br \/>\nEn raison de la r\u00e9duction de poids des pare-battage, <strong>les produits Tessilmare conviennent d\u00e9sormais parfaitement aux bateaux \u00e9lectriques l\u00e9gers<\/strong>.<\/li>\n<\/ul>\n<ul>\n<li>Les nouveaux brevets sp\u00e9ciaux sur les pare-battage RubRail Tessilmare signifient qu&rsquo;ils ont d&rsquo;excellentes propri\u00e9t\u00e9s d&rsquo;absorption des chocs.<\/li>\n<\/ul>\n<p>Si vous souhaitez en savoir plus sur nos RubRail et pare-battage, n&rsquo;h\u00e9sitez pas \u00e0 <strong>nous contacter<\/strong> pour plus d&rsquo;informations. Notre \u00e9quipe sp\u00e9cialis\u00e9e est pr\u00eate \u00e0 vous aider avec plaisir.<\/p>\n<\/div><\/section><\/p><\/div>\n\n<style type=\"text\/css\" data-created_by=\"avia_inline_auto\" id=\"style-css-av-g49kq7-d8a8c1d174a2ad75be7883adbb7ae3a5\">\n#top .hr.hr-invisible.av-g49kq7-d8a8c1d174a2ad75be7883adbb7ae3a5{\nheight:5px;\n}\n<\/style>\n<div  class='hr av-g49kq7-d8a8c1d174a2ad75be7883adbb7ae3a5 hr-invisible  avia-builder-el-5  el_after_av_one_full  el_before_av_one_full '><span class='hr-inner '><span class=\"hr-inner-style\"><\/span><\/span><\/div>\n\n<style type=\"text\/css\" data-created_by=\"avia_inline_auto\" id=\"style-css-av-e42jwv-eda2e5191ced06be6cf0cb9046d9bf16\">\n.flex_column.av-e42jwv-eda2e5191ced06be6cf0cb9046d9bf16{\nborder-radius:0px 0px 0px 0px;\npadding:0px 0px 0px 0px;\n}\n<\/style>\n<div  class='flex_column av-e42jwv-eda2e5191ced06be6cf0cb9046d9bf16 av_one_full  avia-builder-el-6  el_after_av_hr  el_before_av_hr  first flex_column_div av-zero-column-padding  '     ><div id='av-masonry-1' class='av-masonry av-bsy0fj-de532c05b1a57654230ce55952cb4f27 noHover av-fixed-size av-1px-gap av-hover-overlay-active av-masonry-animation-active av-masonry-col-5 av-caption-on-hover av-caption-style-overlay av-masonry-gallery av-medium-columns-overwrite av-medium-columns-3 av-orientation-square ' data-post_id=\"8340\"><div class=\"av-masonry-container isotope av-js-disabled\"><div class='av-masonry-entry isotope-item av-masonry-item-no-image '><\/div><a href=\"https:\/\/rubrails-tessilmare.com\/fr\/listons-para-battage\/sphaera-liston-pare-battage\/\"  aria-label=\"image Tessilmare-sphaera-home\"  id='av-masonry-1-item-6716' data-av-masonry-item='6716' class='av-masonry-entry isotope-item post-6716 attachment type-attachment status-inherit hentry  av-masonry-item-with-image' title=\"Tessilmare-sphaera-home\" alt=\"\"  data-av-masonry-custom-link=\"https:\/\/rubrails-tessilmare.com\/fr\/listons-para-battage\/sphaera-liston-pare-battage\/\"  itemprop=\"thumbnailUrl\" ><div class='av-inner-masonry-sizer'><\/div><figure class='av-inner-masonry main_color'><div class=\"av-masonry-outerimage-container\"><div class='av-masonry-image-container lazyload' style=\"background-image:inherit;\"  title=\"Tessilmare-sphaera-home\"  data-bg-image=\"url(https:\/\/rubrails-tessilmare.com\/wp-content\/uploads\/2017\/07\/Tessilmare-sphaera-home.jpg)\"><\/div><\/div><figcaption class='av-inner-masonry-content site-background'><div class='av-inner-masonry-content-pos'><div class='av-inner-masonry-content-pos-content'><div class='avia-arrow'><\/div><\/div><\/div><\/figcaption><\/figure><\/a><!--end av-masonry entry--><a href=\"https:\/\/rubrails-tessilmare.com\/fr\/listons-para-battage\/binox-liston-pare-battage\/\"  aria-label=\"image Tessilmare-binox-home\"  id='av-masonry-1-item-6713' data-av-masonry-item='6713' class='av-masonry-entry isotope-item post-6713 attachment type-attachment status-inherit hentry  av-masonry-item-with-image' title=\"Tessilmare-binox-home\" alt=\"\"  data-av-masonry-custom-link=\"https:\/\/rubrails-tessilmare.com\/fr\/listons-para-battage\/binox-liston-pare-battage\/\"  itemprop=\"thumbnailUrl\" ><div class='av-inner-masonry-sizer'><\/div><figure class='av-inner-masonry main_color'><div class=\"av-masonry-outerimage-container\"><div class='av-masonry-image-container lazyload' style=\"background-image:inherit;\"  title=\"Tessilmare-binox-home\"  data-bg-image=\"url(https:\/\/rubrails-tessilmare.com\/wp-content\/uploads\/2017\/07\/Tessilmare-binox-home.jpg)\"><\/div><\/div><figcaption class='av-inner-masonry-content site-background'><div class='av-inner-masonry-content-pos'><div class='av-inner-masonry-content-pos-content'><div class='avia-arrow'><\/div><\/div><\/div><\/figcaption><\/figure><\/a><!--end av-masonry entry--><a href=\"https:\/\/rubrails-tessilmare.com\/fr\/listons-para-battage\/bino-liston-pare-battage\/\"  aria-label=\"image Tessilmare-bino-home\"  id='av-masonry-1-item-6712' data-av-masonry-item='6712' class='av-masonry-entry isotope-item post-6712 attachment type-attachment status-inherit hentry  av-masonry-item-with-image' title=\"Tessilmare-bino-home\" alt=\"\"  data-av-masonry-custom-link=\"https:\/\/rubrails-tessilmare.com\/fr\/listons-para-battage\/bino-liston-pare-battage\/\"  itemprop=\"thumbnailUrl\" ><div class='av-inner-masonry-sizer'><\/div><figure class='av-inner-masonry main_color'><div class=\"av-masonry-outerimage-container\"><div class='av-masonry-image-container lazyload' style=\"background-image:inherit;\"  title=\"Tessilmare-bino-home\"  data-bg-image=\"url(https:\/\/rubrails-tessilmare.com\/wp-content\/uploads\/2017\/07\/Tessilmare-bino-home.jpg)\"><\/div><\/div><figcaption class='av-inner-masonry-content site-background'><div class='av-inner-masonry-content-pos'><div class='av-inner-masonry-content-pos-content'><div class='avia-arrow'><\/div><\/div><\/div><\/figcaption><\/figure><\/a><!--end av-masonry entry--><a href=\"https:\/\/rubrails-tessilmare.com\/fr\/listons-para-battage\/radial-liston-pare-battage\/\"  aria-label=\"image Tessilmare-radial-home\"  id='av-masonry-1-item-6715' data-av-masonry-item='6715' class='av-masonry-entry isotope-item post-6715 attachment type-attachment status-inherit hentry  av-masonry-item-with-image' title=\"Tessilmare-radial-home\" alt=\"\"  data-av-masonry-custom-link=\"https:\/\/rubrails-tessilmare.com\/fr\/listons-para-battage\/radial-liston-pare-battage\/\"  itemprop=\"thumbnailUrl\" ><div class='av-inner-masonry-sizer'><\/div><figure class='av-inner-masonry main_color'><div class=\"av-masonry-outerimage-container\"><div class='av-masonry-image-container lazyload' style=\"background-image:inherit;\"  title=\"Tessilmare-radial-home\"  data-bg-image=\"url(https:\/\/rubrails-tessilmare.com\/wp-content\/uploads\/2017\/07\/Tessilmare-radial-home.jpg)\"><\/div><\/div><figcaption class='av-inner-masonry-content site-background'><div class='av-inner-masonry-content-pos'><div class='av-inner-masonry-content-pos-content'><div class='avia-arrow'><\/div><\/div><\/div><\/figcaption><\/figure><\/a><!--end av-masonry entry--><a href=\"https:\/\/rubrails-tessilmare.com\/fr\/listons-para-battage\/bumper-liston-pare-battage\/\"  aria-label=\"image Tessilmare-bumper-home\"  id='av-masonry-1-item-6714' data-av-masonry-item='6714' class='av-masonry-entry isotope-item post-6714 attachment type-attachment status-inherit hentry  av-masonry-item-with-image' title=\"Tessilmare-bumper-home\" alt=\"\"  data-av-masonry-custom-link=\"https:\/\/rubrails-tessilmare.com\/fr\/listons-para-battage\/bumper-liston-pare-battage\/\"  itemprop=\"thumbnailUrl\" ><div class='av-inner-masonry-sizer'><\/div><figure class='av-inner-masonry main_color'><div class=\"av-masonry-outerimage-container\"><div class='av-masonry-image-container lazyload' style=\"background-image:inherit;\"  title=\"Tessilmare-bumper-home\"  data-bg-image=\"url(https:\/\/rubrails-tessilmare.com\/wp-content\/uploads\/2017\/07\/Tessilmare-bumper-home.jpg)\"><\/div><\/div><figcaption class='av-inner-masonry-content site-background'><div class='av-inner-masonry-content-pos'><div class='av-inner-masonry-content-pos-content'><div class='avia-arrow'><\/div><\/div><\/div><\/figcaption><\/figure><\/a><!--end av-masonry entry--><\/div><\/div><\/div>\n\n<style type=\"text\/css\" data-created_by=\"avia_inline_auto\" id=\"style-css-av-b5ygrj-4985c727694eb26cbf83c04aa79e20c4\">\n#top .hr.hr-invisible.av-b5ygrj-4985c727694eb26cbf83c04aa79e20c4{\nheight:5px;\n}\n<\/style>\n<div  class='hr av-b5ygrj-4985c727694eb26cbf83c04aa79e20c4 hr-invisible  avia-builder-el-8  el_after_av_one_full  el_before_av_one_full '><span class='hr-inner '><span class=\"hr-inner-style\"><\/span><\/span><\/div>\n\n<style type=\"text\/css\" data-created_by=\"avia_inline_auto\" id=\"style-css-av-8luhrj-81765ad0ef5b6c25430e897a11a49d84\">\n.flex_column.av-8luhrj-81765ad0ef5b6c25430e897a11a49d84{\nborder-radius:0px 0px 0px 0px;\npadding:20px 20px 20px 20px;\nbackground-color:#efeff0;\n}\n<\/style>\n<div  class='flex_column av-8luhrj-81765ad0ef5b6c25430e897a11a49d84 av_one_full  avia-builder-el-9  el_after_av_hr  el_before_av_one_full  first flex_column_div  '     ><\/div>\n\n<style type=\"text\/css\" data-created_by=\"avia_inline_auto\" id=\"style-css-av-568ov3-4e9466a5536872251932d8a0b981aaad\">\n.flex_column.av-568ov3-4e9466a5536872251932d8a0b981aaad{\nborder-radius:0px 0px 0px 0px;\n}\n<\/style>\n<div  class='flex_column av-568ov3-4e9466a5536872251932d8a0b981aaad av_one_full  avia-builder-el-11  el_after_av_one_full  avia-builder-el-last  first flex_column_div  column-top-margin'     ><p>\n<style type=\"text\/css\" data-created_by=\"avia_inline_auto\" id=\"style-css-av-3poran-3d55042dc5f553b6dafe27f625099e13\">\n#top .av-special-heading.av-3poran-3d55042dc5f553b6dafe27f625099e13{\npadding-bottom:10px;\n}\nbody .av-special-heading.av-3poran-3d55042dc5f553b6dafe27f625099e13 .av-special-heading-tag .heading-char{\nfont-size:25px;\n}\n.av-special-heading.av-3poran-3d55042dc5f553b6dafe27f625099e13 .av-subheading{\nfont-size:15px;\n}\n<\/style>\n<div  class='av-special-heading av-3poran-3d55042dc5f553b6dafe27f625099e13 av-special-heading-h3 blockquote modern-quote  avia-builder-el-12  el_before_av_sidebar  avia-builder-el-first '><h3 class='av-special-heading-tag '  itemprop=\"headline\"  >Autre contenu sp\u00e9cial<\/h3><div class=\"special-heading-border\"><div class=\"special-heading-inner-border\"><\/div><\/div><\/div><br \/>\n<div  class='avia-builder-widget-area clearfix  avia-builder-el-13  el_after_av_heading  avia-builder-el-last '><section id=\"nav_menu-6\" class=\"widget clearfix widget_nav_menu\"><div class=\"menu-menu-pagine-tag-french-container\"><ul id=\"menu-menu-pagine-tag-french\" class=\"menu\"><li id=\"menu-item-9759\" class=\"menu-item menu-item-type-post_type menu-item-object-page menu-item-9759\"><a href=\"https:\/\/rubrails-tessilmare.com\/fr\/kit-des-listons-para-battage\/\">Kit des Listons para-battage<\/a><\/li>\n<li id=\"menu-item-9760\" class=\"menu-item menu-item-type-post_type menu-item-object-page menu-item-9760\"><a href=\"https:\/\/rubrails-tessilmare.com\/fr\/installation-de-liston-pare-battage\/\">Installation des listons pare-battage<\/a><\/li>\n<li id=\"menu-item-9761\" class=\"menu-item menu-item-type-post_type menu-item-object-page menu-item-9761\"><a href=\"https:\/\/rubrails-tessilmare.com\/fr\/pare-chocs-de-quai-verticaux\/\">Pare-chocs de quai verticaux<\/a><\/li>\n<li id=\"menu-item-9762\" class=\"menu-item menu-item-type-post_type menu-item-object-page menu-item-9762\"><a href=\"https:\/\/rubrails-tessilmare.com\/fr\/protecteur-detrave-de-bateau\/\">Protecteur d&rsquo;\u00e9trave de bateau<\/a><\/li>\n<li id=\"menu-item-9763\" class=\"menu-item menu-item-type-post_type menu-item-object-page menu-item-9763\"><a href=\"https:\/\/rubrails-tessilmare.com\/fr\/pare-battage-de-bateau\/\">Pare-battage de bateau<\/a><\/li>\n<li id=\"menu-item-9764\" class=\"menu-item menu-item-type-post_type menu-item-object-page menu-item-9764\"><a href=\"https:\/\/rubrails-tessilmare.com\/fr\/garde-corps-de-proue-de-bateau\/\">Garde-corps de proue de bateau<\/a><\/li>\n<li id=\"menu-item-9765\" class=\"menu-item menu-item-type-custom menu-item-object-custom menu-item-9765\"><a href=\"https:\/\/rubrails-tessilmare.com\/dock-rubber-edging\/\">Dock Rubber Edging<\/a><\/li>\n<li id=\"menu-item-9766\" class=\"menu-item menu-item-type-post_type menu-item-object-page menu-item-9766\"><a href=\"https:\/\/rubrails-tessilmare.com\/fr\/pare-chocs-de-quai-pour-bateau-en-caoutchouc\/\">Pare-chocs de quai pour bateau en caoutchouc<\/a><\/li>\n<li id=\"menu-item-9767\" class=\"menu-item menu-item-type-post_type menu-item-object-page menu-item-9767\"><a href=\"https:\/\/rubrails-tessilmare.com\/fr\/rail-de-protection\/\">Profile de protection<\/a><\/li>\n<li id=\"menu-item-9768\" class=\"menu-item menu-item-type-post_type menu-item-object-page menu-item-9768\"><a href=\"https:\/\/rubrails-tessilmare.com\/fr\/pare-chocs-de-quai-en-caoutchouc\/\">Pare-chocs de quai en caoutchouc<\/a><\/li>\n<li id=\"menu-item-9769\" class=\"menu-item menu-item-type-post_type menu-item-object-page menu-item-9769\"><a href=\"https:\/\/rubrails-tessilmare.com\/fr\/pare-chocs-de-quai-pour-bateau-en-caoutchouc\/\">Pare-chocs de quai pour bateau en caoutchouc<\/a><\/li>\n<li id=\"menu-item-9770\" class=\"menu-item menu-item-type-post_type menu-item-object-page menu-item-9770\"><a href=\"https:\/\/rubrails-tessilmare.com\/fr\/pare-chocs-de-bateau\/\">Pare-chocs de bateau<\/a><\/li>\n<li id=\"menu-item-9771\" class=\"menu-item menu-item-type-post_type menu-item-object-page menu-item-9771\"><a href=\"https:\/\/rubrails-tessilmare.com\/fr\/butoirs-dock-edge\/\">Butoirs Dock Edge<\/a><\/li>\n<li id=\"menu-item-9772\" class=\"menu-item menu-item-type-post_type menu-item-object-page menu-item-9772\"><a href=\"https:\/\/rubrails-tessilmare.com\/fr\/solutions-de-pare-chocs-pour-quais-de-bateaux\/\">Solutions de pare-chocs pour quais de bateaux<\/a><\/li>\n<li id=\"menu-item-9773\" class=\"menu-item menu-item-type-post_type menu-item-object-page menu-item-9773\"><a href=\"https:\/\/rubrails-tessilmare.com\/fr\/coins-damortisseurs-pour-quai-de-bateau\/\">Coins d&rsquo;amortisseurs pour quai de bateau<\/a><\/li>\n<li id=\"menu-item-9774\" class=\"menu-item menu-item-type-post_type menu-item-object-page menu-item-9774\"><a href=\"https:\/\/rubrails-tessilmare.com\/fr\/pare-battage-marins\/\">Pare-battage marins<\/a><\/li>\n<li id=\"menu-item-9775\" class=\"menu-item menu-item-type-post_type menu-item-object-page menu-item-9775\"><a href=\"https:\/\/rubrails-tessilmare.com\/fr\/rails-lateraux-de-bateau\/\">Rails lat\u00e9raux de bateau<\/a><\/li>\n<li id=\"menu-item-9794\" class=\"menu-item menu-item-type-post_type menu-item-object-page menu-item-9794\"><a href=\"https:\/\/rubrails-tessilmare.com\/fr\/bord-du-quai\/\">Bord du quai<\/a><\/li>\n<li id=\"menu-item-9795\" class=\"menu-item menu-item-type-post_type menu-item-object-page menu-item-9795\"><a href=\"https:\/\/rubrails-tessilmare.com\/fr\/bino-dock-rail-de-protection\/\">Bino-Dock Profile de Protection<\/a><\/li>\n<li id=\"menu-item-9796\" class=\"menu-item menu-item-type-post_type menu-item-object-page menu-item-9796\"><a href=\"https:\/\/rubrails-tessilmare.com\/fr\/pare-chocs-pour-bateaux-en-caoutchouc\/\">Pare-chocs pour bateaux en caoutchouc<\/a><\/li>\n<\/ul><\/div><span class=\"seperator extralight-border\"><\/span><\/section><\/div><\/p><\/div>\n","protected":false},"excerpt":{"rendered":"","protected":false},"author":1,"featured_media":0,"parent":7424,"menu_order":0,"comment_status":"closed","ping_status":"closed","template":"","meta":{"rank_math_lock_modified_date":false,"footnotes":""},"class_list":["post-8340","page","type-page","status-publish","hentry"],"_links":{"self":[{"href":"https:\/\/rubrails-tessilmare.com\/fr\/wp-json\/wp\/v2\/pages\/8340"}],"collection":[{"href":"https:\/\/rubrails-tessilmare.com\/fr\/wp-json\/wp\/v2\/pages"}],"about":[{"href":"https:\/\/rubrails-tessilmare.com\/fr\/wp-json\/wp\/v2\/types\/page"}],"author":[{"embeddable":true,"href":"https:\/\/rubrails-tessilmare.com\/fr\/wp-json\/wp\/v2\/users\/1"}],"replies":[{"embeddable":true,"href":"https:\/\/rubrails-tessilmare.com\/fr\/wp-json\/wp\/v2\/comments?post=8340"}],"version-history":[{"count":2,"href":"https:\/\/rubrails-tessilmare.com\/fr\/wp-json\/wp\/v2\/pages\/8340\/revisions"}],"predecessor-version":[{"id":9262,"href":"https:\/\/rubrails-tessilmare.com\/fr\/wp-json\/wp\/v2\/pages\/8340\/revisions\/9262"}],"up":[{"embeddable":true,"href":"https:\/\/rubrails-tessilmare.com\/fr\/wp-json\/wp\/v2\/pages\/7424"}],"wp:attachment":[{"href":"https:\/\/rubrails-tessilmare.com\/fr\/wp-json\/wp\/v2\/media?parent=8340"}],"curies":[{"name":"wp","href":"https:\/\/api.w.org\/{rel}","templated":true}]}}