{"id":8422,"date":"2017-12-14T15:10:09","date_gmt":"2017-12-14T14:10:09","guid":{"rendered":"https:\/\/rubrails-tessilmare.com\/pare-chocs-de-quai-en-caoutchouc\/"},"modified":"2025-05-28T12:35:26","modified_gmt":"2025-05-28T10:35:26","slug":"pare-chocs-de-quai-en-caoutchouc","status":"publish","type":"page","link":"https:\/\/rubrails-tessilmare.com\/fr\/pare-chocs-de-quai-en-caoutchouc\/","title":{"rendered":"Pare-chocs de quai en caoutchouc"},"content":{"rendered":"\n<style type=\"text\/css\" data-created_by=\"avia_inline_auto\" id=\"style-css-av-qegnui-b9437a051e86e2cc956bd02a063bdffb\">\n.flex_column.av-qegnui-b9437a051e86e2cc956bd02a063bdffb{\nborder-radius:0px 0px 0px 0px;\npadding:0px 0px 0px 0px;\n}\n<\/style>\n<div  class='flex_column av-qegnui-b9437a051e86e2cc956bd02a063bdffb av_one_full  avia-builder-el-0  el_before_av_textblock  avia-builder-el-first  first flex_column_div av-zero-column-padding  '     ><p>\n<style type=\"text\/css\" data-created_by=\"avia_inline_auto\" id=\"style-css-av-nptd7u-026f436989d3d72f3b86f304ad6c8598\">\n#top .av-special-heading.av-nptd7u-026f436989d3d72f3b86f304ad6c8598{\npadding-bottom:0;\n}\nbody .av-special-heading.av-nptd7u-026f436989d3d72f3b86f304ad6c8598 .av-special-heading-tag .heading-char{\nfont-size:25px;\n}\n.av-special-heading.av-nptd7u-026f436989d3d72f3b86f304ad6c8598 .av-subheading{\nfont-size:15px;\n}\n<\/style>\n<div  class='av-special-heading av-nptd7u-026f436989d3d72f3b86f304ad6c8598 av-special-heading-h1 blockquote modern-quote modern-centered  avia-builder-el-1  el_before_av_heading  avia-builder-el-first '><h1 class='av-special-heading-tag '  itemprop=\"headline\"  >CAOUTCHOUC BUTOIRS DE QUAIS<\/h1><div class=\"special-heading-border\"><div class=\"special-heading-inner-border\"><\/div><\/div><\/div><br \/>\n\n<style type=\"text\/css\" data-created_by=\"avia_inline_auto\" id=\"style-css-av-lpf222-49dfe32e3f79f352b6906c6fe3ebd1a6\">\n#top .av-special-heading.av-lpf222-49dfe32e3f79f352b6906c6fe3ebd1a6{\npadding-bottom:0;\nfont-size:20px;\n}\nbody .av-special-heading.av-lpf222-49dfe32e3f79f352b6906c6fe3ebd1a6 .av-special-heading-tag .heading-char{\nfont-size:25px;\n}\n#top #wrap_all .av-special-heading.av-lpf222-49dfe32e3f79f352b6906c6fe3ebd1a6 .av-special-heading-tag{\nfont-size:20px;\n}\n.av-special-heading.av-lpf222-49dfe32e3f79f352b6906c6fe3ebd1a6 .av-subheading{\nfont-size:15px;\n}\n\n@media only screen and (min-width: 480px) and (max-width: 767px){ \n#top #wrap_all .av-special-heading.av-lpf222-49dfe32e3f79f352b6906c6fe3ebd1a6 .av-special-heading-tag{\nfont-size:0.8em;\n}\n}\n\n@media only screen and (max-width: 479px){ \n#top #wrap_all .av-special-heading.av-lpf222-49dfe32e3f79f352b6906c6fe3ebd1a6 .av-special-heading-tag{\nfont-size:0.8em;\n}\n}\n<\/style>\n<div  class='av-special-heading av-lpf222-49dfe32e3f79f352b6906c6fe3ebd1a6 av-special-heading-h2 blockquote modern-quote modern-centered  avia-builder-el-2  el_after_av_heading  el_before_av_hr  av-inherit-size'><h2 class='av-special-heading-tag '  itemprop=\"headline\"  >COMMENT PROT\u00c9GER VOTRE DOCK AU MIEUX<\/h2><div class=\"special-heading-border\"><div class=\"special-heading-inner-border\"><\/div><\/div><\/div><br \/>\n\n<style type=\"text\/css\" data-created_by=\"avia_inline_auto\" id=\"style-css-av-kwp3u2-9638cfee2caa257cb49f42ee5c13bc84\">\n#top .hr.av-kwp3u2-9638cfee2caa257cb49f42ee5c13bc84{\nmargin-top:5px;\nmargin-bottom:10px;\n}\n.hr.av-kwp3u2-9638cfee2caa257cb49f42ee5c13bc84 .hr-inner{\nwidth:7%;\nborder-color:#15354e;\n}\n<\/style>\n<div  class='hr av-kwp3u2-9638cfee2caa257cb49f42ee5c13bc84 hr-custom  avia-builder-el-3  el_after_av_heading  el_before_av_textblock  hr-center hr-icon-no'><span class='hr-inner inner-border-av-border-fat'><span class=\"hr-inner-style\"><\/span><\/span><\/div><br \/>\n<section  class='av_textblock_section av-ijuu4q-b72155fb1bba67299fc59ebe40d02c02 '   itemscope=\"itemscope\" itemtype=\"https:\/\/schema.org\/CreativeWork\" ><div class='avia_textblock'  itemprop=\"text\" ><div id=\"attachment_597\" style=\"width: 310px\" class=\"wp-caption alignright\"><a href=\"https:\/\/rubrails-tessilmare.com\/fr\/pare-chocs-100\/\"><img decoding=\"async\" aria-describedby=\"caption-attachment-597\" class=\"wp-image-597 size-medium lazyload\" title=\"Rubber dock bumpers BUMPER 100\" data-src=\"https:\/\/rubrails-tessilmare.com\/wp-content\/uploads\/2017\/07\/BUMPER_100_G-300x300.jpg\" alt=\"Rubber dock bumpers BUMPER 100\" width=\"300\" height=\"300\" data-srcset=\"https:\/\/b1654183.smushcdn.com\/1654183\/wp-content\/uploads\/2017\/07\/BUMPER_100_G-300x300.jpg?lossy=0&amp;strip=1&amp;webp=1 300w, https:\/\/b1654183.smushcdn.com\/1654183\/wp-content\/uploads\/2017\/07\/BUMPER_100_G-80x80.jpg?lossy=0&amp;strip=1&amp;webp=1 80w, https:\/\/b1654183.smushcdn.com\/1654183\/wp-content\/uploads\/2017\/07\/BUMPER_100_G-768x768.jpg?lossy=0&amp;strip=1&amp;webp=1 768w, https:\/\/b1654183.smushcdn.com\/1654183\/wp-content\/uploads\/2017\/07\/BUMPER_100_G-36x36.jpg?lossy=0&amp;strip=1&amp;webp=1 36w, https:\/\/b1654183.smushcdn.com\/1654183\/wp-content\/uploads\/2017\/07\/BUMPER_100_G-180x180.jpg?lossy=0&amp;strip=1&amp;webp=1 180w, https:\/\/b1654183.smushcdn.com\/1654183\/wp-content\/uploads\/2017\/07\/BUMPER_100_G-705x705.jpg?lossy=0&amp;strip=1&amp;webp=1 705w, https:\/\/b1654183.smushcdn.com\/1654183\/wp-content\/uploads\/2017\/07\/BUMPER_100_G-120x120.jpg?lossy=0&amp;strip=1&amp;webp=1 120w, https:\/\/b1654183.smushcdn.com\/1654183\/wp-content\/uploads\/2017\/07\/BUMPER_100_G-450x450.jpg?lossy=0&amp;strip=1&amp;webp=1 450w, https:\/\/b1654183.smushcdn.com\/1654183\/wp-content\/uploads\/2017\/07\/BUMPER_100_G.jpg?lossy=0&amp;strip=1&amp;webp=1 1000w\" data-sizes=\"(max-width: 300px) 100vw, 300px\" src=\"data:image\/gif;base64,R0lGODlhAQABAAAAACH5BAEKAAEALAAAAAABAAEAAAICTAEAOw==\" style=\"--smush-placeholder-width: 300px; --smush-placeholder-aspect-ratio: 300\/300;\" \/><noscript><img decoding=\"async\" aria-describedby=\"caption-attachment-597\" class=\"wp-image-597 size-medium\" title=\"Rubber dock bumpers BUMPER 100\" src=\"https:\/\/rubrails-tessilmare.com\/wp-content\/uploads\/2017\/07\/BUMPER_100_G-300x300.jpg\" alt=\"Rubber dock bumpers BUMPER 100\" width=\"300\" height=\"300\" srcset=\"https:\/\/b1654183.smushcdn.com\/1654183\/wp-content\/uploads\/2017\/07\/BUMPER_100_G-300x300.jpg?lossy=0&amp;strip=1&amp;webp=1 300w, https:\/\/b1654183.smushcdn.com\/1654183\/wp-content\/uploads\/2017\/07\/BUMPER_100_G-80x80.jpg?lossy=0&amp;strip=1&amp;webp=1 80w, https:\/\/b1654183.smushcdn.com\/1654183\/wp-content\/uploads\/2017\/07\/BUMPER_100_G-768x768.jpg?lossy=0&amp;strip=1&amp;webp=1 768w, https:\/\/b1654183.smushcdn.com\/1654183\/wp-content\/uploads\/2017\/07\/BUMPER_100_G-36x36.jpg?lossy=0&amp;strip=1&amp;webp=1 36w, https:\/\/b1654183.smushcdn.com\/1654183\/wp-content\/uploads\/2017\/07\/BUMPER_100_G-180x180.jpg?lossy=0&amp;strip=1&amp;webp=1 180w, https:\/\/b1654183.smushcdn.com\/1654183\/wp-content\/uploads\/2017\/07\/BUMPER_100_G-705x705.jpg?lossy=0&amp;strip=1&amp;webp=1 705w, https:\/\/b1654183.smushcdn.com\/1654183\/wp-content\/uploads\/2017\/07\/BUMPER_100_G-120x120.jpg?lossy=0&amp;strip=1&amp;webp=1 120w, https:\/\/b1654183.smushcdn.com\/1654183\/wp-content\/uploads\/2017\/07\/BUMPER_100_G-450x450.jpg?lossy=0&amp;strip=1&amp;webp=1 450w, https:\/\/b1654183.smushcdn.com\/1654183\/wp-content\/uploads\/2017\/07\/BUMPER_100_G.jpg?lossy=0&amp;strip=1&amp;webp=1 1000w\" sizes=\"(max-width: 300px) 100vw, 300px\" \/><\/noscript><\/a><p id=\"caption-attachment-597\" class=\"wp-caption-text\">Pare-chocs de quai en caoutchouc BUMPER 100<\/p>\n<p style=\"text-align:center;\"><a href=\"#av-masonry-1\" style=\"background-color: #15354E;color:white;padding:5px;font-weight:bold\" class=\"CTAModels\">VOIR TOUS LES PARE-CHOCS DE BATEAU<\/a><\/p>\n<p><\/p><\/div>\n<p>Cherchez-vous les <strong>pare-chocs de quai en caoutchouc<\/strong> adapt\u00e9s ? Cherchez-vous une solution pour prot\u00e9ger votre quai, jet\u00e9e ou pier tout en prot\u00e9geant les bateaux de la meilleure fa\u00e7on possible ? Les pare-chocs de quai sont parfaits pour toute installation nautique, offrant une protection suppl\u00e9mentaire contre les accidents et l&rsquo;usure normale.<\/p>\n<p>Lorsque vous devez prot\u00e9ger vos quais, les pare-chocs de quai de Tessilmare peuvent beaucoup aider. Contrairement aux pare-chocs de quai courants, qui sont en caoutchouc, <a title=\"Tessilmare\" href=\"https:\/\/www.tessilmare.com\/en\/\" target=\"_blank\" rel=\"noopener\"><strong>Tessilmare<\/strong><\/a> fournit des <strong>profils de quai et de pare-chocs en PVC de haute qualit\u00e9<\/strong>, un mat\u00e9riau PVC marin sp\u00e9cialement formul\u00e9 qui ne se d\u00e9grade pas sur de longues p\u00e9riodes.<\/p>\n<h3><strong>Pourquoi le PVC est meilleur que le caoutchouc<\/strong><\/h3>\n<p>Choisir un pare-chocs de quai en PVC pour un usage nautique, qui ne se d\u00e9grade pas ou ne se d\u00e9colore pas avec le temps, est une <strong>garantie de longue dur\u00e9e et de durabilit\u00e9, de r\u00e9sistance et d&rsquo;excellentes performances<\/strong>, nettement sup\u00e9rieures aux <strong>pare-chocs de quai en caoutchouc<\/strong>. Le bateau glisse sans aucune abrasion et sans produire de bruit.<\/p>\n<p>Les avantages des pare-chocs de quai en mat\u00e9riau PVC sont nombreux. Ils :<\/p>\n<ul>\n<li>sont <strong>r\u00e9sistants aux rayons UV<\/strong>, donc peuvent supporter des temp\u00e9ratures extr\u00eames sans se d\u00e9colorer ;<\/li>\n<li><strong>ne laissent pas de marques<\/strong> ni de rayures sur les bateaux ;<\/li>\n<li>offrent une <strong>stabilit\u00e9 sup\u00e9rieure<\/strong> et une <strong>usure nulle<\/strong> dans le temps ;<\/li>\n<li>peuvent aussi <strong>absorber de forts impacts<\/strong> ;<\/li>\n<li>sont <strong>robustes<\/strong> et conviennent \u00e9galement \u00e0 un quai ou une jet\u00e9e commerciale avec une forte fr\u00e9quentation ;<\/li>\n<li>ont un <strong>coefficient de friction tr\u00e8s faible<\/strong>.<\/li>\n<\/ul>\n<h3><strong>Les pare-chocs de quai Bino et Bumper<\/strong><\/h3>\n<p>Tessilmare, leader mondial dans la production de profils de quai et de pare-chocs, propose deux produits diff\u00e9rents : le <strong>brevet\u00e9 <a title=\"Bino rubber dock bumpers\" href=\"https:\/\/rubrails-tessilmare.com\/fr\/boat-rub-rails\/bino-boat-rub-rails\/\">Bino<\/a><\/strong> et le <strong><a title=\"Bumper rubber dock bumpers\" href=\"https:\/\/rubrails-tessilmare.com\/fr\/boat-rub-rails\/bumper-boat-rub-rails\/\">Bumper<\/a><\/strong>. Contrairement aux <strong>pare-chocs de quai en caoutchouc<\/strong>, ce sont des profils tr\u00e8s robustes qui, \u00e9tant modulaires, peuvent \u00eatre facilement remplac\u00e9s.<\/p>\n<\/div><\/section><\/p><\/div>\n<section  class='av_textblock_section av-l5jqdlk1-3a6535d17ef9373d2c52ec70ab9ab3db '   itemscope=\"itemscope\" itemtype=\"https:\/\/schema.org\/CreativeWork\" ><div class='avia_textblock'  itemprop=\"text\" ><p>Si vous recherchez des pare-chocs de quai pour bateaux robustes, jetez un \u0153il \u00e0 nos produits et contactez-nous pour plus d&rsquo;informations.<\/p>\n<\/div><\/section>\n\n<style type=\"text\/css\" data-created_by=\"avia_inline_auto\" id=\"style-css-av-h1o6d6-5517af92b832806d059e03afdbbe81b7\">\n#top .hr.hr-invisible.av-h1o6d6-5517af92b832806d059e03afdbbe81b7{\nheight:5px;\n}\n<\/style>\n<div  class='hr av-h1o6d6-5517af92b832806d059e03afdbbe81b7 hr-invisible  avia-builder-el-6  el_after_av_textblock  el_before_av_one_full '><span class='hr-inner '><span class=\"hr-inner-style\"><\/span><\/span><\/div>\n\n<style type=\"text\/css\" data-created_by=\"avia_inline_auto\" id=\"style-css-av-f5c1ju-ec3cd856631a1d4c8b480b00448985d2\">\n.flex_column.av-f5c1ju-ec3cd856631a1d4c8b480b00448985d2{\nborder-radius:0px 0px 0px 0px;\npadding:0px 0px 0px 0px;\n}\n<\/style>\n<div  class='flex_column av-f5c1ju-ec3cd856631a1d4c8b480b00448985d2 av_one_full  avia-builder-el-7  el_after_av_hr  el_before_av_hr  first flex_column_div av-zero-column-padding  '     ><div id='av-masonry-1' class='av-masonry av-e85cai-04bf080e44ce316858fcf85f0de73ec7 noHover av-fixed-size av-1px-gap av-hover-overlay-active av-masonry-animation-active av-masonry-col-3 av-caption-on-hover av-caption-style-overlay av-masonry-gallery av-medium-columns-overwrite av-medium-columns-3 av-orientation-square ' data-post_id=\"8422\"><div class=\"av-masonry-container isotope av-js-disabled\"><div class='av-masonry-entry isotope-item av-masonry-item-no-image '><\/div><a href=\"https:\/\/rubrails-tessilmare.com\/fr\/pare-chocs-100\/\" aria-label=\"image BUMPER_100_B\" id=\"av-masonry-1-item-6898\" data-av-masonry-item=\"6898\" class=\"av-masonry-entry isotope-item post-6898 attachment type-attachment status-inherit hentry  av-masonry-item-with-image\" title=\"BUMPER_100_B\" alt=\"\" data-av-masonry-custom-link=\"https:\/\/rubrails-tessilmare.com\/fr\/pare-chocs-100\/\" itemprop=\"thumbnailUrl\"><div class='av-inner-masonry-sizer'><\/div><figure class='av-inner-masonry main_color'><div class=\"av-masonry-outerimage-container\"><div class='av-masonry-image-container lazyload' style=\"background-image:inherit;\"  title=\"BUMPER_100_B\"  data-bg-image=\"url(https:\/\/rubrails-tessilmare.com\/wp-content\/uploads\/2017\/07\/BUMPER_100_B-705x705.jpg)\"><\/div><\/div><figcaption class='av-inner-masonry-content site-background'><div class='av-inner-masonry-content-pos'><div class='av-inner-masonry-content-pos-content'><div class='avia-arrow'><\/div><div class='av-masonry-entry-content entry-content'  itemprop=\"text\" >BUMPER 100<\/div><\/div><\/div><\/figcaption><\/figure><\/a><!--end av-masonry entry--><a href=\"https:\/\/rubrails-tessilmare.com\/fr\/pare-chocs-125\/\" aria-label=\"image Boat Bumper Rail BUMPER 125 B (boat dock parts)\" id=\"av-masonry-1-item-6889\" data-av-masonry-item=\"6889\" class=\"av-masonry-entry isotope-item post-6889 attachment type-attachment status-inherit hentry  av-masonry-item-with-image\" title=\"Boat Bumper Rail BUMPER 125 B (boat dock parts)\" alt=\"\" data-av-masonry-custom-link=\"https:\/\/rubrails-tessilmare.com\/fr\/pare-chocs-125\/\" itemprop=\"thumbnailUrl\"><div class='av-inner-masonry-sizer'><\/div><figure class='av-inner-masonry main_color'><div class=\"av-masonry-outerimage-container\"><div class='av-masonry-image-container lazyload' style=\"background-image:inherit;\"  title=\"Boat Bumper Rail BUMPER 125 B (boat dock parts)\"  data-bg-image=\"url(https:\/\/rubrails-tessilmare.com\/wp-content\/uploads\/2017\/07\/BUMPER_125_B-705x705.jpg)\"><\/div><\/div><figcaption class='av-inner-masonry-content site-background'><div class='av-inner-masonry-content-pos'><div class='av-inner-masonry-content-pos-content'><div class='avia-arrow'><\/div><div class='av-masonry-entry-content entry-content'  itemprop=\"text\" >BUMPER 125<\/div><\/div><\/div><\/figcaption><\/figure><\/a><!--end av-masonry entry--><a href=\"https:\/\/rubrails-tessilmare.com\/fr\/pare-chocs-150\/\" aria-label=\"image BUMPER_150_B\" id=\"av-masonry-1-item-6882\" data-av-masonry-item=\"6882\" class=\"av-masonry-entry isotope-item post-6882 attachment type-attachment status-inherit hentry  av-masonry-item-with-image\" title=\"BUMPER_150_B\" alt=\"\" data-av-masonry-custom-link=\"https:\/\/rubrails-tessilmare.com\/fr\/pare-chocs-150\/\" itemprop=\"thumbnailUrl\"><div class='av-inner-masonry-sizer'><\/div><figure class='av-inner-masonry main_color'><div class=\"av-masonry-outerimage-container\"><div class='av-masonry-image-container lazyload' style=\"background-image:inherit;\"  title=\"BUMPER_150_B\"  data-bg-image=\"url(https:\/\/rubrails-tessilmare.com\/wp-content\/uploads\/2017\/07\/BUMPER_150_B-705x705.jpg)\"><\/div><\/div><figcaption class='av-inner-masonry-content site-background'><div class='av-inner-masonry-content-pos'><div class='av-inner-masonry-content-pos-content'><div class='avia-arrow'><\/div><div class='av-masonry-entry-content entry-content'  itemprop=\"text\" >BUMPER 150<\/div><\/div><\/div><\/figcaption><\/figure><\/a><!--end av-masonry entry--><a href=\"https:\/\/rubrails-tessilmare.com\/fr\/pare-chocs-160\/\" aria-label=\"image BUMPER_160_B\" id=\"av-masonry-1-item-6873\" data-av-masonry-item=\"6873\" class=\"av-masonry-entry isotope-item post-6873 attachment type-attachment status-inherit hentry  av-masonry-item-with-image\" title=\"BUMPER_160_B\" alt=\"\" data-av-masonry-custom-link=\"https:\/\/rubrails-tessilmare.com\/fr\/pare-chocs-160\/\" itemprop=\"thumbnailUrl\"><div class='av-inner-masonry-sizer'><\/div><figure class='av-inner-masonry main_color'><div class=\"av-masonry-outerimage-container\"><div class='av-masonry-image-container lazyload' style=\"background-image:inherit;\"  title=\"BUMPER_160_B\"  data-bg-image=\"url(https:\/\/rubrails-tessilmare.com\/wp-content\/uploads\/2017\/07\/BUMPER_160_B-705x705.jpg)\"><\/div><\/div><figcaption class='av-inner-masonry-content site-background'><div class='av-inner-masonry-content-pos'><div class='av-inner-masonry-content-pos-content'><div class='avia-arrow'><\/div><div class='av-masonry-entry-content entry-content'  itemprop=\"text\" >BUMPER 160<\/div><\/div><\/div><\/figcaption><\/figure><\/a><!--end av-masonry entry--><\/div><\/div><\/div>\n<div  class='hr av-cj5hd6-366c8b169e6e5cb241377bd30d6621f1 hr-default  avia-builder-el-9  el_after_av_one_full  el_before_av_one_full '><span class='hr-inner '><span class=\"hr-inner-style\"><\/span><\/span><\/div>\n\n<style type=\"text\/css\" data-created_by=\"avia_inline_auto\" id=\"style-css-av-b3j77u-88882106511d6eb887035b9a4d0ab48f\">\n.flex_column.av-b3j77u-88882106511d6eb887035b9a4d0ab48f{\nborder-radius:0px 0px 0px 0px;\npadding:20px 20px 20px 20px;\nbackground-color:#efeff0;\n}\n<\/style>\n<div  class='flex_column av-b3j77u-88882106511d6eb887035b9a4d0ab48f av_one_full  avia-builder-el-10  el_after_av_hr  el_before_av_hr  first flex_column_div  '     ><\/div>\n<div  class='hr av-7xhu0a-32507cfa635c50cf16fe576d42123b8c hr-default  avia-builder-el-12  el_after_av_one_full  el_before_av_one_full '><span class='hr-inner '><span class=\"hr-inner-style\"><\/span><\/span><\/div>\n\n<style type=\"text\/css\" data-created_by=\"avia_inline_auto\" id=\"style-css-av-l6fzu-ab4821dedcb9ae6b108fbcb89a370bfc\">\n.flex_column.av-l6fzu-ab4821dedcb9ae6b108fbcb89a370bfc{\nborder-radius:0px 0px 0px 0px;\n}\n<\/style>\n<div  class='flex_column av-l6fzu-ab4821dedcb9ae6b108fbcb89a370bfc av_one_full  avia-builder-el-13  el_after_av_hr  avia-builder-el-last  first flex_column_div  '     ><p>\n<style type=\"text\/css\" data-created_by=\"avia_inline_auto\" id=\"style-css-av-4q4gei-120048078ca07d1677e003094304497c\">\n#top .av-special-heading.av-4q4gei-120048078ca07d1677e003094304497c{\npadding-bottom:10px;\n}\nbody .av-special-heading.av-4q4gei-120048078ca07d1677e003094304497c .av-special-heading-tag .heading-char{\nfont-size:25px;\n}\n.av-special-heading.av-4q4gei-120048078ca07d1677e003094304497c .av-subheading{\nfont-size:15px;\n}\n<\/style>\n<div  class='av-special-heading av-4q4gei-120048078ca07d1677e003094304497c av-special-heading-h3 blockquote modern-quote  avia-builder-el-14  el_before_av_sidebar  avia-builder-el-first '><h3 class='av-special-heading-tag '  itemprop=\"headline\"  >Autre contenu sp\u00e9cial<\/h3><div class=\"special-heading-border\"><div class=\"special-heading-inner-border\"><\/div><\/div><\/div><br \/>\n<div  class='avia-builder-widget-area clearfix  avia-builder-el-15  el_after_av_heading  avia-builder-el-last '><section id=\"nav_menu-6\" class=\"widget clearfix widget_nav_menu\"><div class=\"menu-menu-pagine-tag-french-container\"><ul id=\"menu-menu-pagine-tag-french\" class=\"menu\"><li id=\"menu-item-9759\" class=\"menu-item menu-item-type-post_type menu-item-object-page menu-item-9759\"><a href=\"https:\/\/rubrails-tessilmare.com\/fr\/kit-des-listons-para-battage\/\">Kit des Listons para-battage<\/a><\/li>\n<li id=\"menu-item-9760\" class=\"menu-item menu-item-type-post_type menu-item-object-page menu-item-9760\"><a href=\"https:\/\/rubrails-tessilmare.com\/fr\/installation-de-liston-pare-battage\/\">Installation des listons pare-battage<\/a><\/li>\n<li id=\"menu-item-9761\" class=\"menu-item menu-item-type-post_type menu-item-object-page menu-item-9761\"><a href=\"https:\/\/rubrails-tessilmare.com\/fr\/pare-chocs-de-quai-verticaux\/\">Pare-chocs de quai verticaux<\/a><\/li>\n<li id=\"menu-item-9762\" class=\"menu-item menu-item-type-post_type menu-item-object-page menu-item-9762\"><a href=\"https:\/\/rubrails-tessilmare.com\/fr\/protecteur-detrave-de-bateau\/\">Protecteur d&rsquo;\u00e9trave de bateau<\/a><\/li>\n<li id=\"menu-item-9763\" class=\"menu-item menu-item-type-post_type menu-item-object-page menu-item-9763\"><a href=\"https:\/\/rubrails-tessilmare.com\/fr\/pare-battage-de-bateau\/\">Pare-battage de bateau<\/a><\/li>\n<li id=\"menu-item-9764\" class=\"menu-item menu-item-type-post_type menu-item-object-page menu-item-9764\"><a href=\"https:\/\/rubrails-tessilmare.com\/fr\/garde-corps-de-proue-de-bateau\/\">Garde-corps de proue de bateau<\/a><\/li>\n<li id=\"menu-item-9765\" class=\"menu-item menu-item-type-custom menu-item-object-custom menu-item-9765\"><a href=\"https:\/\/rubrails-tessilmare.com\/dock-rubber-edging\/\">Dock Rubber Edging<\/a><\/li>\n<li id=\"menu-item-9766\" class=\"menu-item menu-item-type-post_type menu-item-object-page menu-item-9766\"><a href=\"https:\/\/rubrails-tessilmare.com\/fr\/pare-chocs-de-quai-pour-bateau-en-caoutchouc\/\">Pare-chocs de quai pour bateau en caoutchouc<\/a><\/li>\n<li id=\"menu-item-9767\" class=\"menu-item menu-item-type-post_type menu-item-object-page menu-item-9767\"><a href=\"https:\/\/rubrails-tessilmare.com\/fr\/rail-de-protection\/\">Profile de protection<\/a><\/li>\n<li id=\"menu-item-9768\" class=\"menu-item menu-item-type-post_type menu-item-object-page menu-item-9768\"><a href=\"https:\/\/rubrails-tessilmare.com\/fr\/pare-chocs-de-quai-en-caoutchouc\/\">Pare-chocs de quai en caoutchouc<\/a><\/li>\n<li id=\"menu-item-9769\" class=\"menu-item menu-item-type-post_type menu-item-object-page menu-item-9769\"><a href=\"https:\/\/rubrails-tessilmare.com\/fr\/pare-chocs-de-quai-pour-bateau-en-caoutchouc\/\">Pare-chocs de quai pour bateau en caoutchouc<\/a><\/li>\n<li id=\"menu-item-9770\" class=\"menu-item menu-item-type-post_type menu-item-object-page menu-item-9770\"><a href=\"https:\/\/rubrails-tessilmare.com\/fr\/pare-chocs-de-bateau\/\">Pare-chocs de bateau<\/a><\/li>\n<li id=\"menu-item-9771\" class=\"menu-item menu-item-type-post_type menu-item-object-page menu-item-9771\"><a href=\"https:\/\/rubrails-tessilmare.com\/fr\/butoirs-dock-edge\/\">Butoirs Dock Edge<\/a><\/li>\n<li id=\"menu-item-9772\" class=\"menu-item menu-item-type-post_type menu-item-object-page menu-item-9772\"><a href=\"https:\/\/rubrails-tessilmare.com\/fr\/solutions-de-pare-chocs-pour-quais-de-bateaux\/\">Solutions de pare-chocs pour quais de bateaux<\/a><\/li>\n<li id=\"menu-item-9773\" class=\"menu-item menu-item-type-post_type menu-item-object-page menu-item-9773\"><a href=\"https:\/\/rubrails-tessilmare.com\/fr\/coins-damortisseurs-pour-quai-de-bateau\/\">Coins d&rsquo;amortisseurs pour quai de bateau<\/a><\/li>\n<li id=\"menu-item-9774\" class=\"menu-item menu-item-type-post_type menu-item-object-page menu-item-9774\"><a href=\"https:\/\/rubrails-tessilmare.com\/fr\/pare-battage-marins\/\">Pare-battage marins<\/a><\/li>\n<li id=\"menu-item-9775\" class=\"menu-item menu-item-type-post_type menu-item-object-page menu-item-9775\"><a href=\"https:\/\/rubrails-tessilmare.com\/fr\/rails-lateraux-de-bateau\/\">Rails lat\u00e9raux de bateau<\/a><\/li>\n<li id=\"menu-item-9794\" class=\"menu-item menu-item-type-post_type menu-item-object-page menu-item-9794\"><a href=\"https:\/\/rubrails-tessilmare.com\/fr\/bord-du-quai\/\">Bord du quai<\/a><\/li>\n<li id=\"menu-item-9795\" class=\"menu-item menu-item-type-post_type menu-item-object-page menu-item-9795\"><a href=\"https:\/\/rubrails-tessilmare.com\/fr\/bino-dock-rail-de-protection\/\">Bino-Dock Profile de Protection<\/a><\/li>\n<li id=\"menu-item-9796\" class=\"menu-item menu-item-type-post_type menu-item-object-page menu-item-9796\"><a href=\"https:\/\/rubrails-tessilmare.com\/fr\/pare-chocs-pour-bateaux-en-caoutchouc\/\">Pare-chocs pour bateaux en caoutchouc<\/a><\/li>\n<\/ul><\/div><span class=\"seperator extralight-border\"><\/span><\/section><\/div><\/p><\/div>\n","protected":false},"excerpt":{"rendered":"","protected":false},"author":1,"featured_media":0,"parent":0,"menu_order":0,"comment_status":"closed","ping_status":"closed","template":"","meta":{"rank_math_lock_modified_date":false,"footnotes":""},"class_list":["post-8422","page","type-page","status-publish","hentry"],"_links":{"self":[{"href":"https:\/\/rubrails-tessilmare.com\/fr\/wp-json\/wp\/v2\/pages\/8422"}],"collection":[{"href":"https:\/\/rubrails-tessilmare.com\/fr\/wp-json\/wp\/v2\/pages"}],"about":[{"href":"https:\/\/rubrails-tessilmare.com\/fr\/wp-json\/wp\/v2\/types\/page"}],"author":[{"embeddable":true,"href":"https:\/\/rubrails-tessilmare.com\/fr\/wp-json\/wp\/v2\/users\/1"}],"replies":[{"embeddable":true,"href":"https:\/\/rubrails-tessilmare.com\/fr\/wp-json\/wp\/v2\/comments?post=8422"}],"version-history":[{"count":1,"href":"https:\/\/rubrails-tessilmare.com\/fr\/wp-json\/wp\/v2\/pages\/8422\/revisions"}],"predecessor-version":[{"id":8425,"href":"https:\/\/rubrails-tessilmare.com\/fr\/wp-json\/wp\/v2\/pages\/8422\/revisions\/8425"}],"wp:attachment":[{"href":"https:\/\/rubrails-tessilmare.com\/fr\/wp-json\/wp\/v2\/media?parent=8422"}],"curies":[{"name":"wp","href":"https:\/\/api.w.org\/{rel}","templated":true}]}}