{"id":8590,"date":"2017-07-25T16:48:52","date_gmt":"2017-07-25T14:48:52","guid":{"rendered":"https:\/\/rubrails-tessilmare.com\/accessoires\/"},"modified":"2025-05-28T12:56:56","modified_gmt":"2025-05-28T10:56:56","slug":"accessoires","status":"publish","type":"page","link":"https:\/\/rubrails-tessilmare.com\/fr\/profils-de-quai-et-de-pare-chocs\/accessoires\/","title":{"rendered":"ACCESSOIRES"},"content":{"rendered":"\n<style type=\"text\/css\" data-created_by=\"avia_inline_auto\" id=\"style-css-av-3dasle-3d3c50f08a266b65e4c8505a0aed492c\">\n.flex_column.av-3dasle-3d3c50f08a266b65e4c8505a0aed492c{\nborder-radius:0px 0px 0px 0px;\npadding:0px 0px 0px 0px;\n}\n<\/style>\n<div  class='flex_column av-3dasle-3d3c50f08a266b65e4c8505a0aed492c av_one_full  avia-builder-el-0  el_before_av_one_half  avia-builder-el-first  first flex_column_div av-zero-column-padding  '     ><p>\n<style type=\"text\/css\" data-created_by=\"avia_inline_auto\" id=\"style-css-av-7ptnu-4de531ebf5223055bbe9bb710a336f26\">\n#top .av-special-heading.av-7ptnu-4de531ebf5223055bbe9bb710a336f26{\npadding-bottom:0;\n}\nbody .av-special-heading.av-7ptnu-4de531ebf5223055bbe9bb710a336f26 .av-special-heading-tag .heading-char{\nfont-size:25px;\n}\n.av-special-heading.av-7ptnu-4de531ebf5223055bbe9bb710a336f26 .av-subheading{\nfont-size:15px;\n}\n<\/style>\n<div  class='av-special-heading av-7ptnu-4de531ebf5223055bbe9bb710a336f26 av-special-heading-h1 blockquote modern-quote modern-centered  avia-builder-el-1  el_before_av_hr  avia-builder-el-first '><h1 class='av-special-heading-tag '  itemprop=\"headline\"  >ACCESSOIRES DE PROFIL DE QUAIS ET PARE-CHOCS<\/h1><div class=\"special-heading-border\"><div class=\"special-heading-inner-border\"><\/div><\/div><\/div><br \/>\n\n<style type=\"text\/css\" data-created_by=\"avia_inline_auto\" id=\"style-css-av-30tf4i-aabb1eb5e6bf5694f977914bad30f2fa\">\n#top .hr.av-30tf4i-aabb1eb5e6bf5694f977914bad30f2fa{\nmargin-top:5px;\nmargin-bottom:10px;\n}\n.hr.av-30tf4i-aabb1eb5e6bf5694f977914bad30f2fa .hr-inner{\nwidth:7%;\nborder-color:#15354e;\n}\n<\/style>\n<div  class='hr av-30tf4i-aabb1eb5e6bf5694f977914bad30f2fa hr-custom  avia-builder-el-2  el_after_av_heading  el_before_av_textblock  hr-center hr-icon-no'><span class='hr-inner inner-border-av-border-fat'><span class=\"hr-inner-style\"><\/span><\/span><\/div><br \/>\n<section  class='av_textblock_section av-2w09bu-42cce2a6a32a172be8157aab46f1bbe8 '   itemscope=\"itemscope\" itemtype=\"https:\/\/schema.org\/CreativeWork\" ><div class='avia_textblock'  itemprop=\"text\" ><p style=\"text-align: left;\">Nos <strong>profils Dock et Bumper<\/strong> peuvent \u00eatre compl\u00e9t\u00e9s avec leurs propres accessoires, qui peuvent \u00eatre en <strong>PVC et en acier inoxydable<\/strong>.<br \/>\nNotre d\u00e9partement Design &#038; Technique recherche toujours de nouvelles solutions pour offrir les meilleurs produits, non seulement pour leur r\u00e9sistance, mais aussi du point de vue esth\u00e9tique et visuel.<br \/>\nLeur qualit\u00e9 leur permet de r\u00e9sister m\u00eame aux chocs les plus violents que doivent supporter les <strong>docks<\/strong>, <strong>quais<\/strong>, <strong>militaires<\/strong>, <strong>commerciaux<\/strong> et <strong>bateaux de travail<\/strong>.<br \/>\nTr\u00e8s pratiques \u00e0 installer, tr\u00e8s agr\u00e9ables \u00e0 regarder et tr\u00e8s solides.<\/p>\n<\/div><\/section><\/p><\/div>\n<div class='flex_column_table av-2ooo4q-70e85f280253a2f353a34b674bc56a89 sc-av_one_half av-equal-height-column-flextable'>\n<style type=\"text\/css\" data-created_by=\"avia_inline_auto\" id=\"style-css-av-2ooo4q-70e85f280253a2f353a34b674bc56a89\">\n.flex_column.av-2ooo4q-70e85f280253a2f353a34b674bc56a89{\nborder-radius:0px 0px 0px 0px;\npadding:0px 0px 0px 0px;\n}\n<\/style>\n<div  class='flex_column av-2ooo4q-70e85f280253a2f353a34b674bc56a89 av_one_half  avia-builder-el-4  el_after_av_one_full  el_before_av_one_half  first flex_column_table_cell av-equal-height-column av-align-top av-animated-generic pop-up av-zero-column-padding  column-top-margin'     ><p>\n<style type=\"text\/css\" data-created_by=\"avia_inline_auto\" id=\"style-css-av-14oj42-ba77bb3d79a22cb278081f62b8b46e4e\">\n#top .av-special-heading.av-14oj42-ba77bb3d79a22cb278081f62b8b46e4e{\npadding-bottom:5px;\n}\nbody .av-special-heading.av-14oj42-ba77bb3d79a22cb278081f62b8b46e4e .av-special-heading-tag .heading-char{\nfont-size:25px;\n}\n.av-special-heading.av-14oj42-ba77bb3d79a22cb278081f62b8b46e4e .av-subheading{\nfont-size:15px;\n}\n<\/style>\n<div  class='av-special-heading av-14oj42-ba77bb3d79a22cb278081f62b8b46e4e av-special-heading-h2 blockquote modern-quote  avia-builder-el-5  el_before_av_slideshow  avia-builder-el-first '><h2 class='av-special-heading-tag '  itemprop=\"headline\"  >1 Bouchon de fin<\/h2><div class=\"special-heading-border\"><div class=\"special-heading-inner-border\"><\/div><\/div><\/div><br \/>\n<div  class='avia-slideshow av-2ew0wy-d82f1941f58ea66de60227cff492a96a avia-slideshow-no scaling av_slideshow avia-slide-slider  avia-builder-el-6  el_after_av_heading  avia-builder-el-last  av-slideshow-ui av-control-minimal av-control-minimal-dark av-slideshow-autoplay av-loop-endless av-loop-manual-endless av-default-height-applied avia-slideshow-1' data-slideshow-options=\"{&quot;animation&quot;:&quot;slide&quot;,&quot;autoplay&quot;:true,&quot;loop_autoplay&quot;:&quot;endless&quot;,&quot;interval&quot;:4,&quot;loop_manual&quot;:&quot;manual-endless&quot;,&quot;autoplay_stopper&quot;:false,&quot;noNavigation&quot;:false,&quot;bg_slider&quot;:false,&quot;keep_padding&quot;:false,&quot;hoverpause&quot;:false,&quot;show_slide_delay&quot;:0}\"  itemprop=\"image\" itemscope=\"itemscope\" itemtype=\"https:\/\/schema.org\/ImageObject\" ><ul class='avia-slideshow-inner ' style='padding-bottom: 72.108843537415%;'><li  class='avia-slideshow-slide av-2ew0wy-d82f1941f58ea66de60227cff492a96a__0  slide-1 slide-odd'><div data-rel='slideshow-1' class='avia-slide-wrap '   ><img decoding=\"async\" fetchpriority=\"high\" class=\"wp-image-6939 avia-img-lazy-loading-not-6939\"  src=\"https:\/\/rubrails-tessilmare.com\/wp-content\/uploads\/2017\/07\/Bino-black-end-cap.jpg\" width=\"441\" height=\"318\" title='Bino black end cap' alt=''  itemprop=\"thumbnailUrl\" srcset=\"https:\/\/b1654183.smushcdn.com\/1654183\/wp-content\/uploads\/2017\/07\/Bino-black-end-cap.jpg?lossy=0&amp;strip=1&amp;webp=1 441w, https:\/\/b1654183.smushcdn.com\/1654183\/wp-content\/uploads\/2017\/07\/Bino-black-end-cap-300x216.jpg?lossy=0&amp;strip=1&amp;webp=1 300w\" sizes=\"(max-width: 441px) 100vw, 441px\" \/><\/div><\/li><li  class='avia-slideshow-slide av-2ew0wy-d82f1941f58ea66de60227cff492a96a__1  slide-2 slide-even'><div data-rel='slideshow-1' class='avia-slide-wrap '   ><img decoding=\"async\" fetchpriority=\"high\" class=\"wp-image-6940 avia-img-lazy-loading-not-6940\"  src=\"https:\/\/rubrails-tessilmare.com\/wp-content\/uploads\/2017\/07\/Bino-grey-end-cap.jpg\" width=\"441\" height=\"318\" title='Bino grey end cap' alt=''  itemprop=\"thumbnailUrl\" srcset=\"https:\/\/b1654183.smushcdn.com\/1654183\/wp-content\/uploads\/2017\/07\/Bino-grey-end-cap.jpg?lossy=0&amp;strip=1&amp;webp=1 441w, https:\/\/b1654183.smushcdn.com\/1654183\/wp-content\/uploads\/2017\/07\/Bino-grey-end-cap-300x216.jpg?lossy=0&amp;strip=1&amp;webp=1 300w\" sizes=\"(max-width: 441px) 100vw, 441px\" \/><\/div><\/li><li  class='avia-slideshow-slide av-2ew0wy-d82f1941f58ea66de60227cff492a96a__2  slide-3 slide-odd'><div data-rel='slideshow-1' class='avia-slide-wrap '   ><img decoding=\"async\" fetchpriority=\"high\" class=\"wp-image-6935 avia-img-lazy-loading-not-6935\"  src=\"https:\/\/rubrails-tessilmare.com\/wp-content\/uploads\/2017\/07\/Bino-white-end-cap.jpg\" width=\"441\" height=\"318\" title='Bino white end cap' alt=''  itemprop=\"thumbnailUrl\" srcset=\"https:\/\/b1654183.smushcdn.com\/1654183\/wp-content\/uploads\/2017\/07\/Bino-white-end-cap.jpg?lossy=0&amp;strip=1&amp;webp=1 441w, https:\/\/b1654183.smushcdn.com\/1654183\/wp-content\/uploads\/2017\/07\/Bino-white-end-cap-300x216.jpg?lossy=0&amp;strip=1&amp;webp=1 300w\" sizes=\"(max-width: 441px) 100vw, 441px\" \/><\/div><\/li><li  class='avia-slideshow-slide av-2ew0wy-d82f1941f58ea66de60227cff492a96a__3  slide-4 slide-even'><div data-rel='slideshow-1' class='avia-slide-wrap '   ><img decoding=\"async\" fetchpriority=\"high\" class=\"wp-image-6936 avia-img-lazy-loading-not-6936\"  src=\"https:\/\/rubrails-tessilmare.com\/wp-content\/uploads\/2017\/07\/Bumper-black-end-cap.jpg\" width=\"441\" height=\"318\" title='Bumper-black-end-cap' alt=''  itemprop=\"thumbnailUrl\" srcset=\"https:\/\/b1654183.smushcdn.com\/1654183\/wp-content\/uploads\/2017\/07\/Bumper-black-end-cap.jpg?lossy=0&amp;strip=1&amp;webp=1 441w, https:\/\/b1654183.smushcdn.com\/1654183\/wp-content\/uploads\/2017\/07\/Bumper-black-end-cap-300x216.jpg?lossy=0&amp;strip=1&amp;webp=1 300w\" sizes=\"(max-width: 441px) 100vw, 441px\" \/><\/div><\/li><li  class='avia-slideshow-slide av-2ew0wy-d82f1941f58ea66de60227cff492a96a__4  slide-5 slide-odd'><div data-rel='slideshow-1' class='avia-slide-wrap '   ><img decoding=\"async\" fetchpriority=\"high\" class=\"wp-image-6937 avia-img-lazy-loading-not-6937\"  src=\"https:\/\/rubrails-tessilmare.com\/wp-content\/uploads\/2017\/07\/Bumper-grey-end-cap.jpg\" width=\"441\" height=\"318\" title='Bumper grey end cap' alt=''  itemprop=\"thumbnailUrl\" srcset=\"https:\/\/b1654183.smushcdn.com\/1654183\/wp-content\/uploads\/2017\/07\/Bumper-grey-end-cap.jpg?lossy=0&amp;strip=1&amp;webp=1 441w, https:\/\/b1654183.smushcdn.com\/1654183\/wp-content\/uploads\/2017\/07\/Bumper-grey-end-cap-300x216.jpg?lossy=0&amp;strip=1&amp;webp=1 300w\" sizes=\"(max-width: 441px) 100vw, 441px\" \/><\/div><\/li><li  class='avia-slideshow-slide av-2ew0wy-d82f1941f58ea66de60227cff492a96a__5  slide-6 slide-even'><div data-rel='slideshow-1' class='avia-slide-wrap '   ><img decoding=\"async\" fetchpriority=\"high\" class=\"wp-image-6938 avia-img-lazy-loading-not-6938\"  src=\"https:\/\/rubrails-tessilmare.com\/wp-content\/uploads\/2017\/07\/Bumper-end-cap.jpg\" width=\"441\" height=\"318\" title='Bumper end cap' alt=''  itemprop=\"thumbnailUrl\" srcset=\"https:\/\/b1654183.smushcdn.com\/1654183\/wp-content\/uploads\/2017\/07\/Bumper-end-cap.jpg?lossy=0&amp;strip=1&amp;webp=1 441w, https:\/\/b1654183.smushcdn.com\/1654183\/wp-content\/uploads\/2017\/07\/Bumper-end-cap-300x216.jpg?lossy=0&amp;strip=1&amp;webp=1 300w\" sizes=\"(max-width: 441px) 100vw, 441px\" \/><\/div><\/li><\/ul><div class='avia-slideshow-arrows avia-slideshow-controls' ><a href='#prev' class='prev-slide ' aria-hidden='true' data-av_icon='\ue87c' data-av_iconfont='entypo-fontello'  tabindex='-1'>Pr\u00e9c\u00e9dent<\/a><a href='#next' class='next-slide ' aria-hidden='true' data-av_icon='\ue87d' data-av_iconfont='entypo-fontello'  tabindex='-1'>Suivant<\/a><\/div><div class='avia-slideshow-dots avia-slideshow-controls'><a href='#1' class='goto-slide active' >1<\/a><a href='#2' class='goto-slide ' >2<\/a><a href='#3' class='goto-slide ' >3<\/a><a href='#4' class='goto-slide ' >4<\/a><a href='#5' class='goto-slide ' >5<\/a><a href='#6' class='goto-slide ' >6<\/a><\/div><\/div><\/p><\/div><div class='av-flex-placeholder'><\/div>\n<style type=\"text\/css\" data-created_by=\"avia_inline_auto\" id=\"style-css-av-gnnm-7ace48f7200eaa820f14ff098b84f5f0\">\n.flex_column.av-gnnm-7ace48f7200eaa820f14ff098b84f5f0{\nborder-radius:0px 0px 0px 0px;\npadding:0px 0px 0px 0px;\n}\n<\/style>\n<div  class='flex_column av-gnnm-7ace48f7200eaa820f14ff098b84f5f0 av_one_half  avia-builder-el-7  el_after_av_one_half  avia-builder-el-last  flex_column_table_cell av-equal-height-column av-align-top av-animated-generic pop-up av-zero-column-padding  column-top-margin'     ><p>\n<style type=\"text\/css\" data-created_by=\"avia_inline_auto\" id=\"style-css-av-l5si2-4b17eb1bd17266397e900798691ae6bc\">\n#top .av-special-heading.av-l5si2-4b17eb1bd17266397e900798691ae6bc{\npadding-bottom:5px;\n}\nbody .av-special-heading.av-l5si2-4b17eb1bd17266397e900798691ae6bc .av-special-heading-tag .heading-char{\nfont-size:25px;\n}\n.av-special-heading.av-l5si2-4b17eb1bd17266397e900798691ae6bc .av-subheading{\nfont-size:15px;\n}\n<\/style>\n<div  class='av-special-heading av-l5si2-4b17eb1bd17266397e900798691ae6bc av-special-heading-h2 blockquote modern-quote  avia-builder-el-8  el_before_av_image  avia-builder-el-first '><h2 class='av-special-heading-tag '  itemprop=\"headline\"  >2 Capuchon sup\u00e9rieur<\/h2><div class=\"special-heading-border\"><div class=\"special-heading-inner-border\"><\/div><\/div><\/div><br \/>\n\n<style type=\"text\/css\" data-created_by=\"avia_inline_auto\" id=\"style-css-av-b3e7e-9e07d8e25088b8e89183b1bc5c4f598c\">\n.avia-image-container.av-b3e7e-9e07d8e25088b8e89183b1bc5c4f598c img.avia_image{\nbox-shadow:none;\n}\n.avia-image-container.av-b3e7e-9e07d8e25088b8e89183b1bc5c4f598c .av-image-caption-overlay-center{\ncolor:#ffffff;\n}\n<\/style>\n<div  class='avia-image-container av-b3e7e-9e07d8e25088b8e89183b1bc5c4f598c av-styling- avia-align-center  avia-builder-el-9  el_after_av_heading  avia-builder-el-last '   itemprop=\"image\" itemscope=\"itemscope\" itemtype=\"https:\/\/schema.org\/ImageObject\" ><div class=\"avia-image-container-inner\"><div class=\"avia-image-overlay-wrap\"><img decoding=\"async\" fetchpriority=\"high\" class='wp-image-6934 avia-img-lazy-loading-not-6934 avia_image ' src=\"https:\/\/rubrails-tessilmare.com\/wp-content\/uploads\/2017\/07\/radial-joint-cap.jpg\" alt='' title='radial joint cap'  height=\"318\" width=\"441\"  itemprop=\"thumbnailUrl\" srcset=\"https:\/\/b1654183.smushcdn.com\/1654183\/wp-content\/uploads\/2017\/07\/radial-joint-cap.jpg?lossy=0&amp;strip=1&amp;webp=1 441w, https:\/\/b1654183.smushcdn.com\/1654183\/wp-content\/uploads\/2017\/07\/radial-joint-cap-300x216.jpg?lossy=0&amp;strip=1&amp;webp=1 300w\" sizes=\"(max-width: 441px) 100vw, 441px\" \/><\/div><\/div><\/div><\/p><\/div><\/div><!--close column table wrapper. Autoclose: 1 --><\/p>\n","protected":false},"excerpt":{"rendered":"","protected":false},"author":1,"featured_media":0,"parent":8610,"menu_order":0,"comment_status":"closed","ping_status":"closed","template":"","meta":{"rank_math_lock_modified_date":false,"footnotes":""},"class_list":["post-8590","page","type-page","status-publish","hentry"],"_links":{"self":[{"href":"https:\/\/rubrails-tessilmare.com\/fr\/wp-json\/wp\/v2\/pages\/8590"}],"collection":[{"href":"https:\/\/rubrails-tessilmare.com\/fr\/wp-json\/wp\/v2\/pages"}],"about":[{"href":"https:\/\/rubrails-tessilmare.com\/fr\/wp-json\/wp\/v2\/types\/page"}],"author":[{"embeddable":true,"href":"https:\/\/rubrails-tessilmare.com\/fr\/wp-json\/wp\/v2\/users\/1"}],"replies":[{"embeddable":true,"href":"https:\/\/rubrails-tessilmare.com\/fr\/wp-json\/wp\/v2\/comments?post=8590"}],"version-history":[{"count":3,"href":"https:\/\/rubrails-tessilmare.com\/fr\/wp-json\/wp\/v2\/pages\/8590\/revisions"}],"predecessor-version":[{"id":8757,"href":"https:\/\/rubrails-tessilmare.com\/fr\/wp-json\/wp\/v2\/pages\/8590\/revisions\/8757"}],"up":[{"embeddable":true,"href":"https:\/\/rubrails-tessilmare.com\/fr\/wp-json\/wp\/v2\/pages\/8610"}],"wp:attachment":[{"href":"https:\/\/rubrails-tessilmare.com\/fr\/wp-json\/wp\/v2\/media?parent=8590"}],"curies":[{"name":"wp","href":"https:\/\/api.w.org\/{rel}","templated":true}]}}