{"id":8627,"date":"2017-07-26T10:41:12","date_gmt":"2017-07-26T08:41:12","guid":{"rendered":"https:\/\/rubrails-tessilmare.com\/profils-de-quai-et-de-pare-chocs\/bino\/"},"modified":"2025-05-28T12:56:58","modified_gmt":"2025-05-28T10:56:58","slug":"bino","status":"publish","type":"page","link":"https:\/\/rubrails-tessilmare.com\/fr\/profils-de-quai-et-de-pare-chocs\/bino\/","title":{"rendered":"Bino"},"content":{"rendered":"\n<style type=\"text\/css\" data-created_by=\"avia_inline_auto\" id=\"style-css-av-1apl67-2d5e1b388d33129a890b7fa9f108adc6\">\n.flex_column.av-1apl67-2d5e1b388d33129a890b7fa9f108adc6{\nborder-radius:0px 0px 0px 0px;\npadding:0px 0px 0px 0px;\n}\n<\/style>\n<div  class='flex_column av-1apl67-2d5e1b388d33129a890b7fa9f108adc6 av_one_full  avia-builder-el-0  el_before_av_textblock  avia-builder-el-first  first flex_column_div av-zero-column-padding  '     ><p>\n<style type=\"text\/css\" data-created_by=\"avia_inline_auto\" id=\"style-css-av-g7dof-886f75643ddb3bf363bce62d69b99d57\">\n#top .av-special-heading.av-g7dof-886f75643ddb3bf363bce62d69b99d57{\npadding-bottom:0;\n}\nbody .av-special-heading.av-g7dof-886f75643ddb3bf363bce62d69b99d57 .av-special-heading-tag .heading-char{\nfont-size:25px;\n}\n.av-special-heading.av-g7dof-886f75643ddb3bf363bce62d69b99d57 .av-subheading{\nfont-size:15px;\n}\n<\/style>\n<div  class='av-special-heading av-g7dof-886f75643ddb3bf363bce62d69b99d57 av-special-heading-h1 blockquote modern-quote modern-centered  avia-builder-el-1  el_before_av_heading  avia-builder-el-first '><h1 class='av-special-heading-tag '  itemprop=\"headline\"  >PROFIL DE QUAIS ET BUTOIRS &#8211; BINO<\/h1><div class=\"special-heading-border\"><div class=\"special-heading-inner-border\"><\/div><\/div><\/div><br \/>\n\n<style type=\"text\/css\" data-created_by=\"avia_inline_auto\" id=\"style-css-av-8ui6n-50d7f3b6a3996aa7e9824a88643e69ad\">\n#top .av-special-heading.av-8ui6n-50d7f3b6a3996aa7e9824a88643e69ad{\npadding-bottom:0;\nfont-size:20px;\n}\nbody .av-special-heading.av-8ui6n-50d7f3b6a3996aa7e9824a88643e69ad .av-special-heading-tag .heading-char{\nfont-size:25px;\n}\n#top #wrap_all .av-special-heading.av-8ui6n-50d7f3b6a3996aa7e9824a88643e69ad .av-special-heading-tag{\nfont-size:20px;\n}\n.av-special-heading.av-8ui6n-50d7f3b6a3996aa7e9824a88643e69ad .av-subheading{\nfont-size:15px;\n}\n\n@media only screen and (min-width: 480px) and (max-width: 767px){ \n#top #wrap_all .av-special-heading.av-8ui6n-50d7f3b6a3996aa7e9824a88643e69ad .av-special-heading-tag{\nfont-size:0.8em;\n}\n}\n\n@media only screen and (max-width: 479px){ \n#top #wrap_all .av-special-heading.av-8ui6n-50d7f3b6a3996aa7e9824a88643e69ad .av-special-heading-tag{\nfont-size:0.8em;\n}\n}\n<\/style>\n<div  class='av-special-heading av-8ui6n-50d7f3b6a3996aa7e9824a88643e69ad av-special-heading-h2 blockquote modern-quote modern-centered  avia-builder-el-2  el_after_av_heading  el_before_av_hr  av-inherit-size'><h2 class='av-special-heading-tag '  itemprop=\"headline\"  >BINO est l\u2019un des derniers n\u00e9s des Tessilmare Rub Rail. Il est tr\u00e8s solide, mais l\u00e9ger en m\u00eame temps.<\/h2><div class=\"special-heading-border\"><div class=\"special-heading-inner-border\"><\/div><\/div><\/div><br \/>\n\n<style type=\"text\/css\" data-created_by=\"avia_inline_auto\" id=\"style-css-av-su6d3-dd55fd55d3e607c878da0034c7361817\">\n#top .hr.av-su6d3-dd55fd55d3e607c878da0034c7361817{\nmargin-top:5px;\nmargin-bottom:10px;\n}\n.hr.av-su6d3-dd55fd55d3e607c878da0034c7361817 .hr-inner{\nwidth:7%;\nborder-color:#15354e;\n}\n<\/style>\n<div  class='hr av-su6d3-dd55fd55d3e607c878da0034c7361817 hr-custom  avia-builder-el-3  el_after_av_heading  avia-builder-el-last  hr-center hr-icon-no'><span class='hr-inner inner-border-av-border-fat'><span class=\"hr-inner-style\"><\/span><\/span><\/div><\/p><\/div>\n<section  class='av_textblock_section av-jmvnz-79a2fb6f490084fc732d37d32158a3d1 '   itemscope=\"itemscope\" itemtype=\"https:\/\/schema.org\/CreativeWork\" ><div class='avia_textblock'  itemprop=\"text\" ><p style=\"text-align: left;\">Son design innovant conf\u00e8re \u00e0 BINO une <strong>haute protection<\/strong> contre les chocs et le rend adapt\u00e9 aux quais et jet\u00e9es (ainsi qu&rsquo;aux bateaux militaires, de travail et de plaisance).<\/p>\n<p style=\"text-align: left;\">Gr\u00e2ce \u00e0 son design brevet\u00e9 en deux parties, il peut \u00eatre facilement pli\u00e9. Il est d\u00e9coup\u00e9 sur mesure pour \u00e9viter le gaspillage et permettre une installation facile, \u00e9vitant les jonctions. La barre en acier inoxydable pr\u00e9-perc\u00e9e peut \u00eatre directement viss\u00e9e sur le quai et le dessus peut \u00eatre simplement fix\u00e9 par pression.<\/p>\n<p style=\"text-align: left;\">Aucune vis et\/ou rivet ne peut \u00eatre vu et\/ou endommager les bateaux en cas d&rsquo;impact.<\/p>\n<div class=\"show_more\"><p class=\"wpsm-show\" style=\"color: #cc0000; font-size: 100%; text-align: left;\"> Read more<\/p><div class=\"wpsm-content\"><\/p>\n<p style=\"text-align: left;\">Ses cavit\u00e9s d&rsquo;air internes cr\u00e9ent une excellente absorption des chocs, le rendant tr\u00e8s solide et r\u00e9sistant au fil des ann\u00e9es. \u00c9tant en PVC, BINO ne laissera aucune trace de sa couleur sur les autres surfaces.<\/p>\n<p style=\"text-align: left;\">La modularit\u00e9 de BINO permet de remplacer l&rsquo;une des deux parties au fil du temps, sans distinction.<\/p>\n<p style=\"text-align: left;\">BINO a un style contemporain et un aspect sans couture. <p class=\"wpsm-hide\" style=\"color: #cc0000; font-size: 100%; text-align: left;\"> Read less<\/p><\/div><\/div>\n<\/div><\/section>\n\n<style type=\"text\/css\" data-created_by=\"avia_inline_auto\" id=\"style-css-av-g2g7j-6cf53e5a95f8f4456ac5572bc7fa216f\">\n#top .av-masonry.av-g2g7j-6cf53e5a95f8f4456ac5572bc7fa216f{\nbackground-color:#ffffff;\n}\n<\/style>\n<div id='av-masonry-1' class='av-masonry av-g2g7j-6cf53e5a95f8f4456ac5572bc7fa216f noHover av-fixed-size av-1px-gap av-hover-overlay-active av-masonry-animation-active av-masonry-col-3 av-caption-on-hover av-caption-style-overlay av-masonry-gallery av-orientation-square ' data-post_id=\"8627\"><div class=\"av-masonry-container isotope av-js-disabled\"><div class='av-masonry-entry isotope-item av-masonry-item-no-image '><\/div><a href=\"https:\/\/rubrails-tessilmare.com\/fr\/bino-40\/\"  aria-label=\"image BINO40_B\"  id='av-masonry-1-item-6921' data-av-masonry-item='6921' class='av-masonry-entry isotope-item post-6921 attachment type-attachment status-inherit hentry  av-masonry-item-with-image' title=\"BINO40_B\" alt=\"\"  data-av-masonry-custom-link=\"https:\/\/rubrails-tessilmare.com\/fr\/bino-40\/\"  itemprop=\"thumbnailUrl\" ><div class='av-inner-masonry-sizer'><\/div><figure class='av-inner-masonry main_color'><div class=\"av-masonry-outerimage-container\"><div class='av-masonry-image-container lazyload' style=\"background-image:inherit;\"  title=\"BINO40_B\"  data-bg-image=\"url(https:\/\/rubrails-tessilmare.com\/wp-content\/uploads\/2017\/07\/BINO40_B-705x705.jpg)\"><\/div><\/div><figcaption class='av-inner-masonry-content site-background'><div class='av-inner-masonry-content-pos'><div class='av-inner-masonry-content-pos-content'><div class='avia-arrow'><\/div><div class='av-masonry-entry-content entry-content'  itemprop=\"text\" >BINO 40<\/div><\/div><\/div><\/figcaption><\/figure><\/a><!--end av-masonry entry--><a href=\"https:\/\/rubrails-tessilmare.com\/fr\/bino-65\/\"  aria-label=\"image BINO65_B\"  id='av-masonry-1-item-6909' data-av-masonry-item='6909' class='av-masonry-entry isotope-item post-6909 attachment type-attachment status-inherit hentry  av-masonry-item-with-image' title=\"BINO65_B\" alt=\"\"  data-av-masonry-custom-link=\"https:\/\/rubrails-tessilmare.com\/fr\/bino-65\/\"  itemprop=\"thumbnailUrl\" ><div class='av-inner-masonry-sizer'><\/div><figure class='av-inner-masonry main_color'><div class=\"av-masonry-outerimage-container\"><div class='av-masonry-image-container lazyload' style=\"background-image:inherit;\"  title=\"BINO65_B\"  data-bg-image=\"url(https:\/\/rubrails-tessilmare.com\/wp-content\/uploads\/2017\/07\/BINO65_B-705x705.jpg)\"><\/div><\/div><figcaption class='av-inner-masonry-content site-background'><div class='av-inner-masonry-content-pos'><div class='av-inner-masonry-content-pos-content'><div class='avia-arrow'><\/div><div class='av-masonry-entry-content entry-content'  itemprop=\"text\" >BINO 65<\/div><\/div><\/div><\/figcaption><\/figure><\/a><!--end av-masonry entry--><a href=\"https:\/\/rubrails-tessilmare.com\/fr\/bino-90\/\"  aria-label=\"image BINO90_B\"  id='av-masonry-1-item-6903' data-av-masonry-item='6903' class='av-masonry-entry isotope-item post-6903 attachment type-attachment status-inherit hentry  av-masonry-item-with-image' title=\"BINO90_B\" alt=\"\"  data-av-masonry-custom-link=\"https:\/\/rubrails-tessilmare.com\/fr\/bino-90\/\"  itemprop=\"thumbnailUrl\" ><div class='av-inner-masonry-sizer'><\/div><figure class='av-inner-masonry main_color'><div class=\"av-masonry-outerimage-container\"><div class='av-masonry-image-container lazyload' style=\"background-image:inherit;\"  title=\"BINO90_B\"  data-bg-image=\"url(https:\/\/rubrails-tessilmare.com\/wp-content\/uploads\/2017\/07\/BINO90_B-705x705.jpg)\"><\/div><\/div><figcaption class='av-inner-masonry-content site-background'><div class='av-inner-masonry-content-pos'><div class='av-inner-masonry-content-pos-content'><div class='avia-arrow'><\/div><div class='av-masonry-entry-content entry-content'  itemprop=\"text\" >BINO 90 BLACK<\/div><\/div><\/div><\/figcaption><\/figure><\/a><!--end av-masonry entry--><\/div><\/div>\n\n<style type=\"text\/css\" data-created_by=\"avia_inline_auto\" id=\"style-css-av-bmcbj-6878ed93a07e75cebdeb926381a2b969\">\n#top .hr.hr-invisible.av-bmcbj-6878ed93a07e75cebdeb926381a2b969{\nheight:5px;\n}\n<\/style>\n<div  class='hr av-bmcbj-6878ed93a07e75cebdeb926381a2b969 hr-invisible  avia-builder-el-6  el_after_av_masonry_gallery  avia-builder-el-no-sibling '><span class='hr-inner '><span class=\"hr-inner-style\"><\/span><\/span><\/div>\n","protected":false},"excerpt":{"rendered":"","protected":false},"author":1,"featured_media":0,"parent":8610,"menu_order":0,"comment_status":"closed","ping_status":"closed","template":"","meta":{"rank_math_lock_modified_date":false,"footnotes":""},"class_list":["post-8627","page","type-page","status-publish","hentry"],"_links":{"self":[{"href":"https:\/\/rubrails-tessilmare.com\/fr\/wp-json\/wp\/v2\/pages\/8627"}],"collection":[{"href":"https:\/\/rubrails-tessilmare.com\/fr\/wp-json\/wp\/v2\/pages"}],"about":[{"href":"https:\/\/rubrails-tessilmare.com\/fr\/wp-json\/wp\/v2\/types\/page"}],"author":[{"embeddable":true,"href":"https:\/\/rubrails-tessilmare.com\/fr\/wp-json\/wp\/v2\/users\/1"}],"replies":[{"embeddable":true,"href":"https:\/\/rubrails-tessilmare.com\/fr\/wp-json\/wp\/v2\/comments?post=8627"}],"version-history":[{"count":3,"href":"https:\/\/rubrails-tessilmare.com\/fr\/wp-json\/wp\/v2\/pages\/8627\/revisions"}],"predecessor-version":[{"id":8875,"href":"https:\/\/rubrails-tessilmare.com\/fr\/wp-json\/wp\/v2\/pages\/8627\/revisions\/8875"}],"up":[{"embeddable":true,"href":"https:\/\/rubrails-tessilmare.com\/fr\/wp-json\/wp\/v2\/pages\/8610"}],"wp:attachment":[{"href":"https:\/\/rubrails-tessilmare.com\/fr\/wp-json\/wp\/v2\/media?parent=8627"}],"curies":[{"name":"wp","href":"https:\/\/api.w.org\/{rel}","templated":true}]}}