{"id":8884,"date":"2017-12-14T15:03:19","date_gmt":"2017-12-14T14:03:19","guid":{"rendered":"https:\/\/rubrails-tessilmare.com\/pieces-de-quai-flottant\/"},"modified":"2025-05-28T12:58:10","modified_gmt":"2025-05-28T10:58:10","slug":"pieces-de-quai-flottant","status":"publish","type":"page","link":"https:\/\/rubrails-tessilmare.com\/fr\/pieces-de-quai-flottant\/","title":{"rendered":"Pi\u00e8ces de quai flottant"},"content":{"rendered":"\n<style type=\"text\/css\" data-created_by=\"avia_inline_auto\" id=\"style-css-av-pju4j4-16ef35fbb57538c76beed3fd710c5cdf\">\n.flex_column.av-pju4j4-16ef35fbb57538c76beed3fd710c5cdf{\nborder-radius:0px 0px 0px 0px;\npadding:0px 0px 0px 0px;\n}\n<\/style>\n<div  class='flex_column av-pju4j4-16ef35fbb57538c76beed3fd710c5cdf av_one_full  avia-builder-el-0  el_before_av_hr  avia-builder-el-first  first flex_column_div av-zero-column-padding  '     ><p>\n<style type=\"text\/css\" data-created_by=\"avia_inline_auto\" id=\"style-css-av-o7wy1s-7783e7ecce9a3c9d0c4c0c800a915337\">\n#top .av-special-heading.av-o7wy1s-7783e7ecce9a3c9d0c4c0c800a915337{\npadding-bottom:0;\n}\nbody .av-special-heading.av-o7wy1s-7783e7ecce9a3c9d0c4c0c800a915337 .av-special-heading-tag .heading-char{\nfont-size:25px;\n}\n.av-special-heading.av-o7wy1s-7783e7ecce9a3c9d0c4c0c800a915337 .av-subheading{\nfont-size:15px;\n}\n<\/style>\n<div  class='av-special-heading av-o7wy1s-7783e7ecce9a3c9d0c4c0c800a915337 av-special-heading-h1 blockquote modern-quote modern-centered  avia-builder-el-1  el_before_av_heading  avia-builder-el-first '><h1 class='av-special-heading-tag '  itemprop=\"headline\"  >PI\u00c8CES DE QUAI FLOTTANT<\/h1><div class=\"special-heading-border\"><div class=\"special-heading-inner-border\"><\/div><\/div><\/div><br \/>\n\n<style type=\"text\/css\" data-created_by=\"avia_inline_auto\" id=\"style-css-av-m0ckrk-0869c6ade2167ccc1307721c2967e40a\">\n#top .av-special-heading.av-m0ckrk-0869c6ade2167ccc1307721c2967e40a{\npadding-bottom:0;\nfont-size:20px;\n}\nbody .av-special-heading.av-m0ckrk-0869c6ade2167ccc1307721c2967e40a .av-special-heading-tag .heading-char{\nfont-size:25px;\n}\n#top #wrap_all .av-special-heading.av-m0ckrk-0869c6ade2167ccc1307721c2967e40a .av-special-heading-tag{\nfont-size:20px;\n}\n.av-special-heading.av-m0ckrk-0869c6ade2167ccc1307721c2967e40a .av-subheading{\nfont-size:15px;\n}\n\n@media only screen and (min-width: 480px) and (max-width: 767px){ \n#top #wrap_all .av-special-heading.av-m0ckrk-0869c6ade2167ccc1307721c2967e40a .av-special-heading-tag{\nfont-size:0.8em;\n}\n}\n\n@media only screen and (max-width: 479px){ \n#top #wrap_all .av-special-heading.av-m0ckrk-0869c6ade2167ccc1307721c2967e40a .av-special-heading-tag{\nfont-size:0.8em;\n}\n}\n<\/style>\n<div  class='av-special-heading av-m0ckrk-0869c6ade2167ccc1307721c2967e40a av-special-heading-h2 blockquote modern-quote modern-centered  avia-builder-el-2  el_after_av_heading  el_before_av_hr  av-inherit-size'><h2 class='av-special-heading-tag '  itemprop=\"headline\"  >PROT\u00c9GEZ VOTRE QUAIS AVEC TESSILMARE<\/h2><div class=\"special-heading-border\"><div class=\"special-heading-inner-border\"><\/div><\/div><\/div><br \/>\n\n<style type=\"text\/css\" data-created_by=\"avia_inline_auto\" id=\"style-css-av-l759jk-0f5cf7debbec6494ec5104ae26fd93f3\">\n#top .hr.av-l759jk-0f5cf7debbec6494ec5104ae26fd93f3{\nmargin-top:5px;\nmargin-bottom:10px;\n}\n.hr.av-l759jk-0f5cf7debbec6494ec5104ae26fd93f3 .hr-inner{\nwidth:7%;\nborder-color:#15354e;\n}\n<\/style>\n<div  class='hr av-l759jk-0f5cf7debbec6494ec5104ae26fd93f3 hr-custom  avia-builder-el-3  el_after_av_heading  el_before_av_textblock  hr-center hr-icon-no'><span class='hr-inner inner-border-av-border-fat'><span class=\"hr-inner-style\"><\/span><\/span><\/div><br \/>\n<section  class='av_textblock_section av-ju059s-42e3fc48e2fc2980b94e127fecc6fcf4 '   itemscope=\"itemscope\" itemtype=\"https:\/\/schema.org\/CreativeWork\" ><div class='avia_textblock'  itemprop=\"text\" ><div id=\"attachment_565\" style=\"width: 310px\" class=\"wp-caption alignright\"><a href=\"https:\/\/rubrails-tessilmare.com\/bumper-160\/\"><img decoding=\"async\" aria-describedby=\"caption-attachment-565\" class=\"wp-image-565 size-medium lazyload\" title=\"BUMPER 160: floating dock parts\" data-src=\"https:\/\/rubrails-tessilmare.com\/wp-content\/uploads\/2017\/07\/BUMPER_160_W-300x300.jpg\" alt=\"BUMPER 160: floating dock parts\" width=\"300\" height=\"300\" data-srcset=\"https:\/\/b1654183.smushcdn.com\/1654183\/wp-content\/uploads\/2017\/07\/BUMPER_160_W-300x300.jpg?lossy=0&amp;strip=1&amp;webp=1 300w, https:\/\/b1654183.smushcdn.com\/1654183\/wp-content\/uploads\/2017\/07\/BUMPER_160_W-80x80.jpg?lossy=0&amp;strip=1&amp;webp=1 80w, https:\/\/b1654183.smushcdn.com\/1654183\/wp-content\/uploads\/2017\/07\/BUMPER_160_W-768x768.jpg?lossy=0&amp;strip=1&amp;webp=1 768w, https:\/\/b1654183.smushcdn.com\/1654183\/wp-content\/uploads\/2017\/07\/BUMPER_160_W-36x36.jpg?lossy=0&amp;strip=1&amp;webp=1 36w, https:\/\/b1654183.smushcdn.com\/1654183\/wp-content\/uploads\/2017\/07\/BUMPER_160_W-180x180.jpg?lossy=0&amp;strip=1&amp;webp=1 180w, https:\/\/b1654183.smushcdn.com\/1654183\/wp-content\/uploads\/2017\/07\/BUMPER_160_W-705x705.jpg?lossy=0&amp;strip=1&amp;webp=1 705w, https:\/\/b1654183.smushcdn.com\/1654183\/wp-content\/uploads\/2017\/07\/BUMPER_160_W-120x120.jpg?lossy=0&amp;strip=1&amp;webp=1 120w, https:\/\/b1654183.smushcdn.com\/1654183\/wp-content\/uploads\/2017\/07\/BUMPER_160_W-450x450.jpg?lossy=0&amp;strip=1&amp;webp=1 450w, https:\/\/b1654183.smushcdn.com\/1654183\/wp-content\/uploads\/2017\/07\/BUMPER_160_W.jpg?lossy=0&amp;strip=1&amp;webp=1 1000w\" data-sizes=\"(max-width: 300px) 100vw, 300px\" src=\"data:image\/gif;base64,R0lGODlhAQABAAAAACH5BAEKAAEALAAAAAABAAEAAAICTAEAOw==\" style=\"--smush-placeholder-width: 300px; --smush-placeholder-aspect-ratio: 300\/300;\" \/><noscript><img decoding=\"async\" aria-describedby=\"caption-attachment-565\" class=\"wp-image-565 size-medium\" title=\"BUMPER 160: floating dock parts\" src=\"https:\/\/rubrails-tessilmare.com\/wp-content\/uploads\/2017\/07\/BUMPER_160_W-300x300.jpg\" alt=\"BUMPER 160: floating dock parts\" width=\"300\" height=\"300\" srcset=\"https:\/\/b1654183.smushcdn.com\/1654183\/wp-content\/uploads\/2017\/07\/BUMPER_160_W-300x300.jpg?lossy=0&amp;strip=1&amp;webp=1 300w, https:\/\/b1654183.smushcdn.com\/1654183\/wp-content\/uploads\/2017\/07\/BUMPER_160_W-80x80.jpg?lossy=0&amp;strip=1&amp;webp=1 80w, https:\/\/b1654183.smushcdn.com\/1654183\/wp-content\/uploads\/2017\/07\/BUMPER_160_W-768x768.jpg?lossy=0&amp;strip=1&amp;webp=1 768w, https:\/\/b1654183.smushcdn.com\/1654183\/wp-content\/uploads\/2017\/07\/BUMPER_160_W-36x36.jpg?lossy=0&amp;strip=1&amp;webp=1 36w, https:\/\/b1654183.smushcdn.com\/1654183\/wp-content\/uploads\/2017\/07\/BUMPER_160_W-180x180.jpg?lossy=0&amp;strip=1&amp;webp=1 180w, https:\/\/b1654183.smushcdn.com\/1654183\/wp-content\/uploads\/2017\/07\/BUMPER_160_W-705x705.jpg?lossy=0&amp;strip=1&amp;webp=1 705w, https:\/\/b1654183.smushcdn.com\/1654183\/wp-content\/uploads\/2017\/07\/BUMPER_160_W-120x120.jpg?lossy=0&amp;strip=1&amp;webp=1 120w, https:\/\/b1654183.smushcdn.com\/1654183\/wp-content\/uploads\/2017\/07\/BUMPER_160_W-450x450.jpg?lossy=0&amp;strip=1&amp;webp=1 450w, https:\/\/b1654183.smushcdn.com\/1654183\/wp-content\/uploads\/2017\/07\/BUMPER_160_W.jpg?lossy=0&amp;strip=1&amp;webp=1 1000w\" sizes=\"(max-width: 300px) 100vw, 300px\" \/><\/noscript><\/a><p id=\"caption-attachment-565\" class=\"wp-caption-text\">BUMPER 160 : pi\u00e8ces pour pontons flottants<\/p>\n<p style=\"text-align:center;\"><a href=\"#av-masonry-1\" style=\"background-color: #15354E;color:white;padding:5px;font-weight:bold\" class=\"CTAModels\">VOIR TOUTES LES PI\u00c8CES POUR PONTONS FLOTTANTS<\/a><\/p>\n<p><\/p><\/div>\n<p>Votre ponton est un \u00e9l\u00e9ment essentiel car c\u2019est l\u00e0 que commence votre exp\u00e9rience nautique. Prot\u00e9ger et am\u00e9liorer votre ponton est l\u2019un des aspects les plus importants de l\u2019entretien de vos bateaux et engins nautiques. C\u2019est la raison pour laquelle Tessilmare a toujours accord\u00e9 une grande attention aux <strong>profils de ponton et de pare-chocs.<\/strong><\/p>\n<p>Vous recherchez des <strong>pi\u00e8ces pour pontons flottants<\/strong> et des solutions pour prot\u00e9ger votre ponton ou jet\u00e9e ? <a title=\"Tessilmare\" href=\"https:\/\/www.tessilmare.com\/en\/\" target=\"_blank\" rel=\"noopener\"><strong>Tessilmare<\/strong><\/a>, avec une exp\u00e9rience de pr\u00e8s d\u2019un si\u00e8cle, des <strong>produits de premi\u00e8re qualit\u00e9<\/strong> et des brevets originaux, est un leader internationalement reconnu dans le monde nautique. Sa large s\u00e9lection de solutions est \u00e9galement id\u00e9ale pour les <strong>pi\u00e8ces pour pontons flottants<\/strong>.<\/p>\n<h3><strong>Pourquoi choisir Tessilmare pour prot\u00e9ger votre ponton<\/strong><\/h3>\n<p>La production de profils de ponton et de pare-chocs de Tessilmare est con\u00e7ue pour r\u00e9sister aux \u00e9l\u00e9ments et maintenir \u00e0 la fois votre bateau et votre ponton en excellent \u00e9tat. Avec ses pare-chocs, protections de ponton et rails de protection pour applications marines, vous pouvez vous assurer de prot\u00e9ger votre bateau ou yacht contre les temp\u00eates et une exposition prolong\u00e9e au soleil, au vent et \u00e0 la mer agit\u00e9e.<\/p>\n<p>Tessilmare se distingue \u00e0 l\u2019international par son <strong>excellent choix de produits, tous fabriqu\u00e9s et con\u00e7us en Italie<\/strong>, avec des mat\u00e9riaux et technologies innovants et de pointe. Tous les produits sont couverts par des <strong>brevets exclusifs internationaux<\/strong> et b\u00e9n\u00e9ficient d\u2019une <strong>garantie \u00e0 vie.<\/strong><\/p>\n<h3><strong>Long\u00e9vit\u00e9 et durabilit\u00e9 pour votre ponton<\/strong><\/h3>\n<p><strong><a title=\"Bino boat rub rails\" href=\"https:\/\/rubrails-tessilmare.com\/fr\/boat-rub-rails\/bino-boat-rub-rails\/\">Bino<\/a><\/strong> et <strong><a title=\"Bumper boat rub rails\" href=\"https:\/\/rubrails-tessilmare.com\/fr\/boat-rub-rails\/bumper-boat-rub-rails\/\">Bumper<\/a><\/strong> sont les options modulaires propos\u00e9es par Tessilmare pour la protection des pontons : fabriqu\u00e9s dans un mat\u00e9riau PVC marin sp\u00e9cialement formul\u00e9, ils offrent tous deux une r\u00e9sistance extr\u00eame \u00e0 l\u2019abrasion, presque aucun entretien et ne marquent ni votre ponton ni votre bateau. \u00c9tant modulaires, en cas de dommage important, vous n\u2019avez pas besoin de remplacer le pare-chocs entier mais seulement le module endommag\u00e9, ce qui r\u00e9duit ainsi le temps et le co\u00fbt de remplacement des pi\u00e8ces ab\u00eem\u00e9es.<\/p>\n<p>Ne cherchez pas plus loin : que vous souhaitiez ajouter une protection pour ponton de bateau ou d\u2019autres <strong>pi\u00e8ces pour pontons flottants<\/strong>, Tessilmare a la solution adapt\u00e9e \u00e0 tous vos besoins.<\/p>\n<\/div><\/section><\/p><\/div>\n\n<style type=\"text\/css\" data-created_by=\"avia_inline_auto\" id=\"style-css-av-h52ck0-a5530bc5978feb93c3703f31089ebe6b\">\n#top .hr.hr-invisible.av-h52ck0-a5530bc5978feb93c3703f31089ebe6b{\nheight:5px;\n}\n<\/style>\n<div  class='hr av-h52ck0-a5530bc5978feb93c3703f31089ebe6b hr-invisible  avia-builder-el-5  el_after_av_one_full  el_before_av_one_full '><span class='hr-inner '><span class=\"hr-inner-style\"><\/span><\/span><\/div>\n\n<style type=\"text\/css\" data-created_by=\"avia_inline_auto\" id=\"style-css-av-fxnf4g-0a2ac12cc362d24744d120db1e2383ae\">\n.flex_column.av-fxnf4g-0a2ac12cc362d24744d120db1e2383ae{\nborder-radius:0px 0px 0px 0px;\npadding:0px 0px 0px 0px;\n}\n<\/style>\n<div  class='flex_column av-fxnf4g-0a2ac12cc362d24744d120db1e2383ae av_one_full  avia-builder-el-6  el_after_av_hr  el_before_av_hr  first flex_column_div av-zero-column-padding  '     ><div id='av-masonry-1' class='av-masonry av-e9ga5c-07e29258251ddc4403677c2c3309c439 noHover av-fixed-size av-1px-gap av-hover-overlay-active av-masonry-animation-active av-masonry-col-3 av-caption-on-hover av-caption-style-overlay av-masonry-gallery av-medium-columns-overwrite av-medium-columns-3 av-orientation-square ' data-post_id=\"8884\"><div class=\"av-masonry-container isotope av-js-disabled\"><div class='av-masonry-entry isotope-item av-masonry-item-no-image '><\/div><a href=\"https:\/\/rubrails-tessilmare.com\/fr\/pare-chocs-100\/\" aria-label=\"image BUMPER_100_B\" id=\"av-masonry-1-item-6898\" data-av-masonry-item=\"6898\" class=\"av-masonry-entry isotope-item post-6898 attachment type-attachment status-inherit hentry  av-masonry-item-with-image\" title=\"BUMPER_100_B\" alt=\"\" data-av-masonry-custom-link=\"https:\/\/rubrails-tessilmare.com\/fr\/pare-chocs-100\/\" itemprop=\"thumbnailUrl\"><div class='av-inner-masonry-sizer'><\/div><figure class='av-inner-masonry main_color'><div class=\"av-masonry-outerimage-container\"><div class='av-masonry-image-container lazyload' style=\"background-image:inherit;\"  title=\"BUMPER_100_B\"  data-bg-image=\"url(https:\/\/rubrails-tessilmare.com\/wp-content\/uploads\/2017\/07\/BUMPER_100_B-705x705.jpg)\"><\/div><\/div><figcaption class='av-inner-masonry-content site-background'><div class='av-inner-masonry-content-pos'><div class='av-inner-masonry-content-pos-content'><div class='avia-arrow'><\/div><div class='av-masonry-entry-content entry-content'  itemprop=\"text\" >BUMPER 100<\/div><\/div><\/div><\/figcaption><\/figure><\/a><!--end av-masonry entry--><a href=\"https:\/\/rubrails-tessilmare.com\/fr\/pare-chocs-125\/\" aria-label=\"image Boat Bumper Rail BUMPER 125 B (boat dock parts)\" id=\"av-masonry-1-item-6889\" data-av-masonry-item=\"6889\" class=\"av-masonry-entry isotope-item post-6889 attachment type-attachment status-inherit hentry  av-masonry-item-with-image\" title=\"Boat Bumper Rail BUMPER 125 B (boat dock parts)\" alt=\"\" data-av-masonry-custom-link=\"https:\/\/rubrails-tessilmare.com\/fr\/pare-chocs-125\/\" itemprop=\"thumbnailUrl\"><div class='av-inner-masonry-sizer'><\/div><figure class='av-inner-masonry main_color'><div class=\"av-masonry-outerimage-container\"><div class='av-masonry-image-container lazyload' style=\"background-image:inherit;\"  title=\"Boat Bumper Rail BUMPER 125 B (boat dock parts)\"  data-bg-image=\"url(https:\/\/rubrails-tessilmare.com\/wp-content\/uploads\/2017\/07\/BUMPER_125_B-705x705.jpg)\"><\/div><\/div><figcaption class='av-inner-masonry-content site-background'><div class='av-inner-masonry-content-pos'><div class='av-inner-masonry-content-pos-content'><div class='avia-arrow'><\/div><div class='av-masonry-entry-content entry-content'  itemprop=\"text\" >BUMPER 125<\/div><\/div><\/div><\/figcaption><\/figure><\/a><!--end av-masonry entry--><a href=\"https:\/\/rubrails-tessilmare.com\/fr\/pare-chocs-150\/\" aria-label=\"image BUMPER_150_B\" id=\"av-masonry-1-item-6882\" data-av-masonry-item=\"6882\" class=\"av-masonry-entry isotope-item post-6882 attachment type-attachment status-inherit hentry  av-masonry-item-with-image\" title=\"BUMPER_150_B\" alt=\"\" data-av-masonry-custom-link=\"https:\/\/rubrails-tessilmare.com\/fr\/pare-chocs-150\/\" itemprop=\"thumbnailUrl\"><div class='av-inner-masonry-sizer'><\/div><figure class='av-inner-masonry main_color'><div class=\"av-masonry-outerimage-container\"><div class='av-masonry-image-container lazyload' style=\"background-image:inherit;\"  title=\"BUMPER_150_B\"  data-bg-image=\"url(https:\/\/rubrails-tessilmare.com\/wp-content\/uploads\/2017\/07\/BUMPER_150_B-705x705.jpg)\"><\/div><\/div><figcaption class='av-inner-masonry-content site-background'><div class='av-inner-masonry-content-pos'><div class='av-inner-masonry-content-pos-content'><div class='avia-arrow'><\/div><div class='av-masonry-entry-content entry-content'  itemprop=\"text\" >BUMPER 150<\/div><\/div><\/div><\/figcaption><\/figure><\/a><!--end av-masonry entry--><a href=\"https:\/\/rubrails-tessilmare.com\/fr\/pare-chocs-160\/\" aria-label=\"image BUMPER_160_B\" id=\"av-masonry-1-item-6873\" data-av-masonry-item=\"6873\" class=\"av-masonry-entry isotope-item post-6873 attachment type-attachment status-inherit hentry  av-masonry-item-with-image\" title=\"BUMPER_160_B\" alt=\"\" data-av-masonry-custom-link=\"https:\/\/rubrails-tessilmare.com\/fr\/pare-chocs-160\/\" itemprop=\"thumbnailUrl\"><div class='av-inner-masonry-sizer'><\/div><figure class='av-inner-masonry main_color'><div class=\"av-masonry-outerimage-container\"><div class='av-masonry-image-container lazyload' style=\"background-image:inherit;\"  title=\"BUMPER_160_B\"  data-bg-image=\"url(https:\/\/rubrails-tessilmare.com\/wp-content\/uploads\/2017\/07\/BUMPER_160_B-705x705.jpg)\"><\/div><\/div><figcaption class='av-inner-masonry-content site-background'><div class='av-inner-masonry-content-pos'><div class='av-inner-masonry-content-pos-content'><div class='avia-arrow'><\/div><div class='av-masonry-entry-content entry-content'  itemprop=\"text\" >BUMPER 160<\/div><\/div><\/div><\/figcaption><\/figure><\/a><!--end av-masonry entry--><\/div><\/div><\/div>\n<div  class='hr av-cpl6gg-7fbe1c655434529ead7a72debb73a5e6 hr-default  avia-builder-el-8  el_after_av_one_full  el_before_av_one_full '><span class='hr-inner '><span class=\"hr-inner-style\"><\/span><\/span><\/div>\n\n<style type=\"text\/css\" data-created_by=\"avia_inline_auto\" id=\"style-css-av-avdrzk-877a5fd5e714c9c25595e30230bb989a\">\n.flex_column.av-avdrzk-877a5fd5e714c9c25595e30230bb989a{\nborder-radius:0px 0px 0px 0px;\npadding:20px 20px 20px 20px;\nbackground-color:#efeff0;\n}\n<\/style>\n<div  class='flex_column av-avdrzk-877a5fd5e714c9c25595e30230bb989a av_one_full  avia-builder-el-9  el_after_av_hr  el_before_av_hr  first flex_column_div  '     ><\/div>\n<div  class='hr av-71fuu8-697eb7208de7a136e04ae6a9efd5bb5f hr-default  avia-builder-el-11  el_after_av_one_full  el_before_av_one_full '><span class='hr-inner '><span class=\"hr-inner-style\"><\/span><\/span><\/div>\n\n<style type=\"text\/css\" data-created_by=\"avia_inline_auto\" id=\"style-css-av-64k33k-ee88eb3b6908ab15c7f6e59955bc38cf\">\n.flex_column.av-64k33k-ee88eb3b6908ab15c7f6e59955bc38cf{\nborder-radius:0px 0px 0px 0px;\n}\n<\/style>\n<div  class='flex_column av-64k33k-ee88eb3b6908ab15c7f6e59955bc38cf av_one_full  avia-builder-el-12  el_after_av_hr  avia-builder-el-last  first flex_column_div  '     ><p>\n<style type=\"text\/css\" data-created_by=\"avia_inline_auto\" id=\"style-css-av-hrmqo-2ff188f1c394b019e451b826aadd62f4\">\n#top .av-special-heading.av-hrmqo-2ff188f1c394b019e451b826aadd62f4{\npadding-bottom:10px;\n}\nbody .av-special-heading.av-hrmqo-2ff188f1c394b019e451b826aadd62f4 .av-special-heading-tag .heading-char{\nfont-size:25px;\n}\n.av-special-heading.av-hrmqo-2ff188f1c394b019e451b826aadd62f4 .av-subheading{\nfont-size:15px;\n}\n<\/style>\n<div  class='av-special-heading av-hrmqo-2ff188f1c394b019e451b826aadd62f4 av-special-heading-h3 blockquote modern-quote  avia-builder-el-13  el_before_av_sidebar  avia-builder-el-first '><h3 class='av-special-heading-tag '  itemprop=\"headline\"  >Autre contenu sp\u00e9cial<\/h3><div class=\"special-heading-border\"><div class=\"special-heading-inner-border\"><\/div><\/div><\/div><br \/>\n<div  class='avia-builder-widget-area clearfix  avia-builder-el-14  el_after_av_heading  avia-builder-el-last '><section id=\"nav_menu-6\" class=\"widget clearfix widget_nav_menu\"><div class=\"menu-menu-pagine-tag-french-container\"><ul id=\"menu-menu-pagine-tag-french\" class=\"menu\"><li id=\"menu-item-9759\" class=\"menu-item menu-item-type-post_type menu-item-object-page menu-item-9759\"><a href=\"https:\/\/rubrails-tessilmare.com\/fr\/kit-des-listons-para-battage\/\">Kit des Listons para-battage<\/a><\/li>\n<li id=\"menu-item-9760\" class=\"menu-item menu-item-type-post_type menu-item-object-page menu-item-9760\"><a href=\"https:\/\/rubrails-tessilmare.com\/fr\/installation-de-liston-pare-battage\/\">Installation des listons pare-battage<\/a><\/li>\n<li id=\"menu-item-9761\" class=\"menu-item menu-item-type-post_type menu-item-object-page menu-item-9761\"><a href=\"https:\/\/rubrails-tessilmare.com\/fr\/pare-chocs-de-quai-verticaux\/\">Pare-chocs de quai verticaux<\/a><\/li>\n<li id=\"menu-item-9762\" class=\"menu-item menu-item-type-post_type menu-item-object-page menu-item-9762\"><a href=\"https:\/\/rubrails-tessilmare.com\/fr\/protecteur-detrave-de-bateau\/\">Protecteur d&rsquo;\u00e9trave de bateau<\/a><\/li>\n<li id=\"menu-item-9763\" class=\"menu-item menu-item-type-post_type menu-item-object-page menu-item-9763\"><a href=\"https:\/\/rubrails-tessilmare.com\/fr\/pare-battage-de-bateau\/\">Pare-battage de bateau<\/a><\/li>\n<li id=\"menu-item-9764\" class=\"menu-item menu-item-type-post_type menu-item-object-page menu-item-9764\"><a href=\"https:\/\/rubrails-tessilmare.com\/fr\/garde-corps-de-proue-de-bateau\/\">Garde-corps de proue de bateau<\/a><\/li>\n<li id=\"menu-item-9765\" class=\"menu-item menu-item-type-custom menu-item-object-custom menu-item-9765\"><a href=\"https:\/\/rubrails-tessilmare.com\/dock-rubber-edging\/\">Dock Rubber Edging<\/a><\/li>\n<li id=\"menu-item-9766\" class=\"menu-item menu-item-type-post_type menu-item-object-page menu-item-9766\"><a href=\"https:\/\/rubrails-tessilmare.com\/fr\/pare-chocs-de-quai-pour-bateau-en-caoutchouc\/\">Pare-chocs de quai pour bateau en caoutchouc<\/a><\/li>\n<li id=\"menu-item-9767\" class=\"menu-item menu-item-type-post_type menu-item-object-page menu-item-9767\"><a href=\"https:\/\/rubrails-tessilmare.com\/fr\/rail-de-protection\/\">Profile de protection<\/a><\/li>\n<li id=\"menu-item-9768\" class=\"menu-item menu-item-type-post_type menu-item-object-page menu-item-9768\"><a href=\"https:\/\/rubrails-tessilmare.com\/fr\/pare-chocs-de-quai-en-caoutchouc\/\">Pare-chocs de quai en caoutchouc<\/a><\/li>\n<li id=\"menu-item-9769\" class=\"menu-item menu-item-type-post_type menu-item-object-page menu-item-9769\"><a href=\"https:\/\/rubrails-tessilmare.com\/fr\/pare-chocs-de-quai-pour-bateau-en-caoutchouc\/\">Pare-chocs de quai pour bateau en caoutchouc<\/a><\/li>\n<li id=\"menu-item-9770\" class=\"menu-item menu-item-type-post_type menu-item-object-page menu-item-9770\"><a href=\"https:\/\/rubrails-tessilmare.com\/fr\/pare-chocs-de-bateau\/\">Pare-chocs de bateau<\/a><\/li>\n<li id=\"menu-item-9771\" class=\"menu-item menu-item-type-post_type menu-item-object-page menu-item-9771\"><a href=\"https:\/\/rubrails-tessilmare.com\/fr\/butoirs-dock-edge\/\">Butoirs Dock Edge<\/a><\/li>\n<li id=\"menu-item-9772\" class=\"menu-item menu-item-type-post_type menu-item-object-page menu-item-9772\"><a href=\"https:\/\/rubrails-tessilmare.com\/fr\/solutions-de-pare-chocs-pour-quais-de-bateaux\/\">Solutions de pare-chocs pour quais de bateaux<\/a><\/li>\n<li id=\"menu-item-9773\" class=\"menu-item menu-item-type-post_type menu-item-object-page menu-item-9773\"><a href=\"https:\/\/rubrails-tessilmare.com\/fr\/coins-damortisseurs-pour-quai-de-bateau\/\">Coins d&rsquo;amortisseurs pour quai de bateau<\/a><\/li>\n<li id=\"menu-item-9774\" class=\"menu-item menu-item-type-post_type menu-item-object-page menu-item-9774\"><a href=\"https:\/\/rubrails-tessilmare.com\/fr\/pare-battage-marins\/\">Pare-battage marins<\/a><\/li>\n<li id=\"menu-item-9775\" class=\"menu-item menu-item-type-post_type menu-item-object-page menu-item-9775\"><a href=\"https:\/\/rubrails-tessilmare.com\/fr\/rails-lateraux-de-bateau\/\">Rails lat\u00e9raux de bateau<\/a><\/li>\n<li id=\"menu-item-9794\" class=\"menu-item menu-item-type-post_type menu-item-object-page menu-item-9794\"><a href=\"https:\/\/rubrails-tessilmare.com\/fr\/bord-du-quai\/\">Bord du quai<\/a><\/li>\n<li id=\"menu-item-9795\" class=\"menu-item menu-item-type-post_type menu-item-object-page menu-item-9795\"><a href=\"https:\/\/rubrails-tessilmare.com\/fr\/bino-dock-rail-de-protection\/\">Bino-Dock Profile de Protection<\/a><\/li>\n<li id=\"menu-item-9796\" class=\"menu-item menu-item-type-post_type menu-item-object-page menu-item-9796\"><a href=\"https:\/\/rubrails-tessilmare.com\/fr\/pare-chocs-pour-bateaux-en-caoutchouc\/\">Pare-chocs pour bateaux en caoutchouc<\/a><\/li>\n<\/ul><\/div><span class=\"seperator extralight-border\"><\/span><\/section><\/div><\/p><\/div>\n","protected":false},"excerpt":{"rendered":"","protected":false},"author":1,"featured_media":0,"parent":0,"menu_order":0,"comment_status":"closed","ping_status":"closed","template":"","meta":{"rank_math_lock_modified_date":false,"footnotes":""},"class_list":["post-8884","page","type-page","status-publish","hentry"],"_links":{"self":[{"href":"https:\/\/rubrails-tessilmare.com\/fr\/wp-json\/wp\/v2\/pages\/8884"}],"collection":[{"href":"https:\/\/rubrails-tessilmare.com\/fr\/wp-json\/wp\/v2\/pages"}],"about":[{"href":"https:\/\/rubrails-tessilmare.com\/fr\/wp-json\/wp\/v2\/types\/page"}],"author":[{"embeddable":true,"href":"https:\/\/rubrails-tessilmare.com\/fr\/wp-json\/wp\/v2\/users\/1"}],"replies":[{"embeddable":true,"href":"https:\/\/rubrails-tessilmare.com\/fr\/wp-json\/wp\/v2\/comments?post=8884"}],"version-history":[{"count":1,"href":"https:\/\/rubrails-tessilmare.com\/fr\/wp-json\/wp\/v2\/pages\/8884\/revisions"}],"predecessor-version":[{"id":8899,"href":"https:\/\/rubrails-tessilmare.com\/fr\/wp-json\/wp\/v2\/pages\/8884\/revisions\/8899"}],"wp:attachment":[{"href":"https:\/\/rubrails-tessilmare.com\/fr\/wp-json\/wp\/v2\/media?parent=8884"}],"curies":[{"name":"wp","href":"https:\/\/api.w.org\/{rel}","templated":true}]}}