{"id":8900,"date":"2017-08-03T15:49:53","date_gmt":"2017-08-03T13:49:53","guid":{"rendered":"https:\/\/rubrails-tessilmare.com\/gamme-de-produits\/profils-de-garde-boue-sphaera\/"},"modified":"2025-05-28T12:58:10","modified_gmt":"2025-05-28T10:58:10","slug":"profils-de-garde-boue-sphaera","status":"publish","type":"page","link":"https:\/\/rubrails-tessilmare.com\/fr\/gamme-de-produits\/profils-de-garde-boue-sphaera\/","title":{"rendered":"PROFILS DE GARDE-BOUE &#8211; Sphaera"},"content":{"rendered":"\n<style type=\"text\/css\" data-created_by=\"avia_inline_auto\" id=\"style-css-av-acm5tg-84d584627a84df97f7d1cb29ce0e489f\">\n.flex_column.av-acm5tg-84d584627a84df97f7d1cb29ce0e489f{\nborder-radius:0px 0px 0px 0px;\npadding:0px 0px 0px 0px;\n}\n<\/style>\n<div  class='flex_column av-acm5tg-84d584627a84df97f7d1cb29ce0e489f av_one_full  avia-builder-el-0  el_before_av_masonry_gallery  avia-builder-el-no-sibling  first flex_column_div av-zero-column-padding  '     ><p>\n<style type=\"text\/css\" data-created_by=\"avia_inline_auto\" id=\"style-css-av-9pth2c-4234818940bbf6287ff5a6e02f0f470f\">\n#top .av-special-heading.av-9pth2c-4234818940bbf6287ff5a6e02f0f470f{\npadding-bottom:0;\n}\nbody .av-special-heading.av-9pth2c-4234818940bbf6287ff5a6e02f0f470f .av-special-heading-tag .heading-char{\nfont-size:25px;\n}\n.av-special-heading.av-9pth2c-4234818940bbf6287ff5a6e02f0f470f .av-subheading{\nfont-size:15px;\n}\n<\/style>\n<div  class='av-special-heading av-9pth2c-4234818940bbf6287ff5a6e02f0f470f av-special-heading-h1 blockquote modern-quote modern-centered  avia-builder-el-1  el_before_av_hr  avia-builder-el-first '><h1 class='av-special-heading-tag '  itemprop=\"headline\"  >PROFILS FENDER &#8211; SPHAERA<\/h1><div class=\"special-heading-border\"><div class=\"special-heading-inner-border\"><\/div><\/div><\/div><br \/>\n\n<style type=\"text\/css\" data-created_by=\"avia_inline_auto\" id=\"style-css-av-pbsxw-8f4925920eeac1a8c0b949f7bb858c61\">\n#top .hr.av-pbsxw-8f4925920eeac1a8c0b949f7bb858c61{\nmargin-top:5px;\nmargin-bottom:10px;\n}\n.hr.av-pbsxw-8f4925920eeac1a8c0b949f7bb858c61 .hr-inner{\nwidth:7%;\nborder-color:#15354e;\n}\n<\/style>\n<div  class='hr av-pbsxw-8f4925920eeac1a8c0b949f7bb858c61 hr-custom  avia-builder-el-2  el_after_av_heading  el_before_av_textblock  hr-center hr-icon-no'><span class='hr-inner inner-border-av-border-fat'><span class=\"hr-inner-style\"><\/span><\/span><\/div><br \/>\n<section  class='av_textblock_section av-5sio2c-d26ec20da7ed6e4fa9bc8b7bfe33e36e '   itemscope=\"itemscope\" itemtype=\"https:\/\/schema.org\/CreativeWork\" ><div class='avia_textblock'  itemprop=\"text\" ><p style=\"text-align: center;\">SPHAERA a \u00e9t\u00e9 cr\u00e9\u00e9 pour r\u00e9pondre \u00e0 un besoin de Rub Rail pouvant \u00eatre facilement install\u00e9 tout en am\u00e9liorant l&rsquo;apparence d&rsquo;un bateau \u00e0 un co\u00fbt comp\u00e9titif. Le proc\u00e9d\u00e9 BREVET\u00c9 emp\u00eache la d\u00e9formation tout en permettant au Rub Rail de se plier \u00e0 diff\u00e9rents angles avec un effort minimal.<div class=\"show_more\"><p class=\"wpsm-show\" style=\"color: #cc0000; font-size: 100%; text-align: left;\"> Read more<\/p><div class=\"wpsm-content\"><\/p>\n<p style=\"text-align: center;\">La base en PVC est fournie en bobines \u00e0 la longueur requise pour garantir qu&rsquo;il n&rsquo;y ait pas de joints inesth\u00e9tiques, de cassures ou de d\u00e9salignements lors de l&rsquo;installation. Une couche ext\u00e9rieure en S\/S 316 L est co-extrud\u00e9e avec un noyau en chlorure de vinyle anti-choc pour cr\u00e9er un syst\u00e8me l\u00e9ger mais \u00e9galement durable.<\/p>\n<p style=\"text-align: center;\">SPHAERA \u00e9limine le besoin de profils pr\u00e9-courb\u00e9s co\u00fbteux et d&rsquo;outils d&rsquo;installation sp\u00e9ciaux, en faisant l&rsquo;un des Rub Rail nautiques les plus faciles et abordables du march\u00e9.<\/p>\n<p style=\"text-align: center;\">Les capuchons de joint en S\/S maintiennent ensuite les barres parfaitement align\u00e9es, \u00e9vitant ainsi des per\u00e7ages inutiles, et les capuchons d&rsquo;extr\u00e9mit\u00e9 en S\/S offrent une finition \u00e9l\u00e9gante. <p class=\"wpsm-hide\" style=\"color: #cc0000; font-size: 100%; text-align: left;\"> Read less<\/p><\/div><\/div><\/p>\n<\/div><\/section><\/p><\/div>\n<style type=\"text\/css\" data-created_by=\"avia_inline_auto\" id=\"style-css-av-cjuas-117dcc4e9e79caa2953b80debb2e2e3e\">\n#top .av-masonry.av-cjuas-117dcc4e9e79caa2953b80debb2e2e3e{\nbackground-color:#ffffff;\n}\n<\/style>\n<div id='av-masonry-1' class='av-masonry av-cjuas-117dcc4e9e79caa2953b80debb2e2e3e noHover av-fixed-size av-1px-gap av-hover-overlay-active av-masonry-animation-active av-masonry-col-4 av-caption-on-hover av-caption-style-overlay av-masonry-gallery av-medium-columns-overwrite av-medium-columns-3 av-orientation-square ' data-post_id=\"8900\"><div class=\"av-masonry-container isotope av-js-disabled\"><div class='av-masonry-entry isotope-item av-masonry-item-no-image '><\/div><a href=\"https:\/\/rubrails-tessilmare.com\/fr\/barre-en-acier-inoxydable-sphaera-316l-25\/\"  aria-label=\"image SPHAERA_25\"  id='av-masonry-1-item-6814' data-av-masonry-item='6814' class='av-masonry-entry isotope-item post-6814 attachment type-attachment status-inherit hentry  av-masonry-item-with-image' title=\"SPHAERA_25\" alt=\"\"  data-av-masonry-custom-link=\"https:\/\/rubrails-tessilmare.com\/fr\/barre-en-acier-inoxydable-sphaera-316l-25\/\"  itemprop=\"thumbnailUrl\" ><div class='av-inner-masonry-sizer'><\/div><figure class='av-inner-masonry main_color'><div class=\"av-masonry-outerimage-container\"><div class='av-masonry-image-container lazyload' style=\"background-image:inherit;\"  title=\"SPHAERA_25\"  data-bg-image=\"url(https:\/\/rubrails-tessilmare.com\/wp-content\/uploads\/2017\/07\/SPHAERA_25-705x705.jpg)\"><\/div><\/div><figcaption class='av-inner-masonry-content site-background'><div class='av-inner-masonry-content-pos'><div class='av-inner-masonry-content-pos-content'><div class='avia-arrow'><\/div><div class='av-masonry-entry-content entry-content'  itemprop=\"text\" >SPHAERA STAINLESS STEEL 316L BAR 25<\/div><\/div><\/div><\/figcaption><\/figure><\/a><!--end av-masonry entry--><a href=\"https:\/\/rubrails-tessilmare.com\/fr\/barre-en-acier-inoxydable-sphaera-316l-35\/\"  aria-label=\"image SPHAERA_35\"  id='av-masonry-1-item-6809' data-av-masonry-item='6809' class='av-masonry-entry isotope-item post-6809 attachment type-attachment status-inherit hentry  av-masonry-item-with-image' title=\"SPHAERA_35\" alt=\"\"  data-av-masonry-custom-link=\"https:\/\/rubrails-tessilmare.com\/fr\/barre-en-acier-inoxydable-sphaera-316l-35\/\"  itemprop=\"thumbnailUrl\" ><div class='av-inner-masonry-sizer'><\/div><figure class='av-inner-masonry main_color'><div class=\"av-masonry-outerimage-container\"><div class='av-masonry-image-container lazyload' style=\"background-image:inherit;\"  title=\"SPHAERA_35\"  data-bg-image=\"url(https:\/\/rubrails-tessilmare.com\/wp-content\/uploads\/2017\/07\/SPHAERA_35-705x705.jpg)\"><\/div><\/div><figcaption class='av-inner-masonry-content site-background'><div class='av-inner-masonry-content-pos'><div class='av-inner-masonry-content-pos-content'><div class='avia-arrow'><\/div><div class='av-masonry-entry-content entry-content'  itemprop=\"text\" >SPHAERA STAINLESS STEEL 316L BAR 35<\/div><\/div><\/div><\/figcaption><\/figure><\/a><!--end av-masonry entry--><a href=\"https:\/\/rubrails-tessilmare.com\/fr\/barre-en-acier-inoxydable-316l-sphaera-50\/\"  aria-label=\"image SPHAERA_50\"  id='av-masonry-1-item-6801' data-av-masonry-item='6801' class='av-masonry-entry isotope-item post-6801 attachment type-attachment status-inherit hentry  av-masonry-item-with-image' title=\"SPHAERA_50\" alt=\"\"  data-av-masonry-custom-link=\"https:\/\/rubrails-tessilmare.com\/fr\/barre-en-acier-inoxydable-316l-sphaera-50\/\"  itemprop=\"thumbnailUrl\" ><div class='av-inner-masonry-sizer'><\/div><figure class='av-inner-masonry main_color'><div class=\"av-masonry-outerimage-container\"><div class='av-masonry-image-container lazyload' style=\"background-image:inherit;\"  title=\"SPHAERA_50\"  data-bg-image=\"url(https:\/\/rubrails-tessilmare.com\/wp-content\/uploads\/2017\/07\/SPHAERA_50-705x705.jpg)\"><\/div><\/div><figcaption class='av-inner-masonry-content site-background'><div class='av-inner-masonry-content-pos'><div class='av-inner-masonry-content-pos-content'><div class='avia-arrow'><\/div><div class='av-masonry-entry-content entry-content'  itemprop=\"text\" >SPHAERA STAINLESS STEEL 316L BAR 50<\/div><\/div><\/div><\/figcaption><\/figure><\/a><!--end av-masonry entry--><a href=\"https:\/\/rubrails-tessilmare.com\/fr\/barre-en-acier-inoxydable-316l-sphaera-65\/\"  aria-label=\"image Boat Bumpers SPHAERA 65\"  id='av-masonry-1-item-6794' data-av-masonry-item='6794' class='av-masonry-entry isotope-item post-6794 attachment type-attachment status-inherit hentry  av-masonry-item-with-image' title=\"Boat Bumpers SPHAERA 65\" alt=\"\"  data-av-masonry-custom-link=\"https:\/\/rubrails-tessilmare.com\/fr\/barre-en-acier-inoxydable-316l-sphaera-65\/\"  itemprop=\"thumbnailUrl\" ><div class='av-inner-masonry-sizer'><\/div><figure class='av-inner-masonry main_color'><div class=\"av-masonry-outerimage-container\"><div class='av-masonry-image-container lazyload' style=\"background-image:inherit;\"  title=\"Boat Bumpers SPHAERA 65\"  data-bg-image=\"url(https:\/\/rubrails-tessilmare.com\/wp-content\/uploads\/2017\/07\/SPHAERA_65-705x705.jpg)\"><\/div><\/div><figcaption class='av-inner-masonry-content site-background'><div class='av-inner-masonry-content-pos'><div class='av-inner-masonry-content-pos-content'><div class='avia-arrow'><\/div><div class='av-masonry-entry-content entry-content'  itemprop=\"text\" >SPHAERA STAINLESS STEEL 316L BAR 65<\/div><\/div><\/div><\/figcaption><\/figure><\/a><!--end av-masonry entry--><a href=\"https:\/\/rubrails-tessilmare.com\/fr\/base-sphaera-slim-25\/\"  aria-label=\"image SPHAERA_SLIM25\"  id='av-masonry-1-item-6788' data-av-masonry-item='6788' class='av-masonry-entry isotope-item post-6788 attachment type-attachment status-inherit hentry  av-masonry-item-with-image' title=\"SPHAERA_SLIM25\" alt=\"\"  data-av-masonry-custom-link=\"https:\/\/rubrails-tessilmare.com\/fr\/base-sphaera-slim-25\/\"  itemprop=\"thumbnailUrl\" ><div class='av-inner-masonry-sizer'><\/div><figure class='av-inner-masonry main_color'><div class=\"av-masonry-outerimage-container\"><div class='av-masonry-image-container lazyload' style=\"background-image:inherit;\"  title=\"SPHAERA_SLIM25\"  data-bg-image=\"url(https:\/\/rubrails-tessilmare.com\/wp-content\/uploads\/2017\/07\/SPHAERA_SLIM25-705x705.jpg)\"><\/div><\/div><figcaption class='av-inner-masonry-content site-background'><div class='av-inner-masonry-content-pos'><div class='av-inner-masonry-content-pos-content'><div class='avia-arrow'><\/div><div class='av-masonry-entry-content entry-content'  itemprop=\"text\" >SPHAERA SLIM BASE 25<\/div><\/div><\/div><\/figcaption><\/figure><\/a><!--end av-masonry entry--><a href=\"https:\/\/rubrails-tessilmare.com\/fr\/base-sphaera-slim-35\/\"  aria-label=\"image SPHAERA_SLIM35\"  id='av-masonry-1-item-6782' data-av-masonry-item='6782' class='av-masonry-entry isotope-item post-6782 attachment type-attachment status-inherit hentry  av-masonry-item-with-image' title=\"SPHAERA_SLIM35\" alt=\"\"  data-av-masonry-custom-link=\"https:\/\/rubrails-tessilmare.com\/fr\/base-sphaera-slim-35\/\"  itemprop=\"thumbnailUrl\" ><div class='av-inner-masonry-sizer'><\/div><figure class='av-inner-masonry main_color'><div class=\"av-masonry-outerimage-container\"><div class='av-masonry-image-container lazyload' style=\"background-image:inherit;\"  title=\"SPHAERA_SLIM35\"  data-bg-image=\"url(https:\/\/rubrails-tessilmare.com\/wp-content\/uploads\/2017\/07\/SPHAERA_SLIM35-705x705.jpg)\"><\/div><\/div><figcaption class='av-inner-masonry-content site-background'><div class='av-inner-masonry-content-pos'><div class='av-inner-masonry-content-pos-content'><div class='avia-arrow'><\/div><div class='av-masonry-entry-content entry-content'  itemprop=\"text\" >SPHAERA SLIM BASE 35<\/div><\/div><\/div><\/figcaption><\/figure><\/a><!--end av-masonry entry--><a href=\"https:\/\/rubrails-tessilmare.com\/fr\/base-sphaera-slim-50\/\"  aria-label=\"image SPHAERA_SLIM50\"  id='av-masonry-1-item-6774' data-av-masonry-item='6774' class='av-masonry-entry isotope-item post-6774 attachment type-attachment status-inherit hentry  av-masonry-item-with-image' title=\"SPHAERA_SLIM50\" alt=\"\"  data-av-masonry-custom-link=\"https:\/\/rubrails-tessilmare.com\/fr\/base-sphaera-slim-50\/\"  itemprop=\"thumbnailUrl\" ><div class='av-inner-masonry-sizer'><\/div><figure class='av-inner-masonry main_color'><div class=\"av-masonry-outerimage-container\"><div class='av-masonry-image-container lazyload' style=\"background-image:inherit;\"  title=\"SPHAERA_SLIM50\"  data-bg-image=\"url(https:\/\/rubrails-tessilmare.com\/wp-content\/uploads\/2017\/07\/SPHAERA_SLIM50-705x705.jpg)\"><\/div><\/div><figcaption class='av-inner-masonry-content site-background'><div class='av-inner-masonry-content-pos'><div class='av-inner-masonry-content-pos-content'><div class='avia-arrow'><\/div><div class='av-masonry-entry-content entry-content'  itemprop=\"text\" >SPHAERA SLIM BASE 50<\/div><\/div><\/div><\/figcaption><\/figure><\/a><!--end av-masonry entry--><a href=\"https:\/\/rubrails-tessilmare.com\/fr\/sphaera-slim-base-65\/\"  aria-label=\"image SPHAERA_SLIM65B\"  id='av-masonry-1-item-6766' data-av-masonry-item='6766' class='av-masonry-entry isotope-item post-6766 attachment type-attachment status-inherit hentry  av-masonry-item-with-image' title=\"SPHAERA_SLIM65B\" alt=\"\"  data-av-masonry-custom-link=\"https:\/\/rubrails-tessilmare.com\/fr\/sphaera-slim-base-65\/\"  itemprop=\"thumbnailUrl\" ><div class='av-inner-masonry-sizer'><\/div><figure class='av-inner-masonry main_color'><div class=\"av-masonry-outerimage-container\"><div class='av-masonry-image-container lazyload' style=\"background-image:inherit;\"  title=\"SPHAERA_SLIM65B\"  data-bg-image=\"url(https:\/\/rubrails-tessilmare.com\/wp-content\/uploads\/2017\/07\/SPHAERA_SLIM65B-705x705.jpg)\"><\/div><\/div><figcaption class='av-inner-masonry-content site-background'><div class='av-inner-masonry-content-pos'><div class='av-inner-masonry-content-pos-content'><div class='avia-arrow'><\/div><div class='av-masonry-entry-content entry-content'  itemprop=\"text\" >SPHAERA SLIM BASE 65<\/div><\/div><\/div><\/figcaption><\/figure><\/a><!--end av-masonry entry--><a href=\"https:\/\/rubrails-tessilmare.com\/fr\/sphaera-base-pvc-25\/\"  aria-label=\"image SPHAERA_base25\"  id='av-masonry-1-item-6760' data-av-masonry-item='6760' class='av-masonry-entry isotope-item post-6760 attachment type-attachment status-inherit hentry  av-masonry-item-with-image' title=\"SPHAERA_base25\" alt=\"\"  data-av-masonry-custom-link=\"https:\/\/rubrails-tessilmare.com\/fr\/sphaera-base-pvc-25\/\"  itemprop=\"thumbnailUrl\" ><div class='av-inner-masonry-sizer'><\/div><figure class='av-inner-masonry main_color'><div class=\"av-masonry-outerimage-container\"><div class='av-masonry-image-container lazyload' style=\"background-image:inherit;\"  title=\"SPHAERA_base25\"  data-bg-image=\"url(https:\/\/rubrails-tessilmare.com\/wp-content\/uploads\/2017\/07\/SPHAERA_base25-705x705.jpg)\"><\/div><\/div><figcaption class='av-inner-masonry-content site-background'><div class='av-inner-masonry-content-pos'><div class='av-inner-masonry-content-pos-content'><div class='avia-arrow'><\/div><div class='av-masonry-entry-content entry-content'  itemprop=\"text\" >SPHAERA 25 PVC BASE 40<\/div><\/div><\/div><\/figcaption><\/figure><\/a><!--end av-masonry entry--><a href=\"https:\/\/rubrails-tessilmare.com\/fr\/base-pvc-sphaera-35\/\"  aria-label=\"image SPHAERA_base35\"  id='av-masonry-1-item-6754' data-av-masonry-item='6754' class='av-masonry-entry isotope-item post-6754 attachment type-attachment status-inherit hentry  av-masonry-item-with-image' title=\"SPHAERA_base35\" alt=\"\"  data-av-masonry-custom-link=\"https:\/\/rubrails-tessilmare.com\/fr\/base-pvc-sphaera-35\/\"  itemprop=\"thumbnailUrl\" ><div class='av-inner-masonry-sizer'><\/div><figure class='av-inner-masonry main_color'><div class=\"av-masonry-outerimage-container\"><div class='av-masonry-image-container lazyload' style=\"background-image:inherit;\"  title=\"SPHAERA_base35\"  data-bg-image=\"url(https:\/\/rubrails-tessilmare.com\/wp-content\/uploads\/2017\/07\/SPHAERA_base35-705x705.jpg)\"><\/div><\/div><figcaption class='av-inner-masonry-content site-background'><div class='av-inner-masonry-content-pos'><div class='av-inner-masonry-content-pos-content'><div class='avia-arrow'><\/div><div class='av-masonry-entry-content entry-content'  itemprop=\"text\" >SPHAERA 35 PVC BASE 50<\/div><\/div><\/div><\/figcaption><\/figure><\/a><!--end av-masonry entry--><a href=\"https:\/\/rubrails-tessilmare.com\/fr\/base-pvc-sphaera-50\/\"  aria-label=\"image SPHAERA_base50\"  id='av-masonry-1-item-6741' data-av-masonry-item='6741' class='av-masonry-entry isotope-item post-6741 attachment type-attachment status-inherit hentry  av-masonry-item-with-image' title=\"SPHAERA_base50\" alt=\"\"  data-av-masonry-custom-link=\"https:\/\/rubrails-tessilmare.com\/fr\/base-pvc-sphaera-50\/\"  itemprop=\"thumbnailUrl\" ><div class='av-inner-masonry-sizer'><\/div><figure class='av-inner-masonry main_color'><div class=\"av-masonry-outerimage-container\"><div class='av-masonry-image-container lazyload' style=\"background-image:inherit;\"  title=\"SPHAERA_base50\"  data-bg-image=\"url(https:\/\/rubrails-tessilmare.com\/wp-content\/uploads\/2017\/07\/SPHAERA_base50-705x705.jpg)\"><\/div><\/div><figcaption class='av-inner-masonry-content site-background'><div class='av-inner-masonry-content-pos'><div class='av-inner-masonry-content-pos-content'><div class='avia-arrow'><\/div><div class='av-masonry-entry-content entry-content'  itemprop=\"text\" >SPHAERA 50 PVC BASE 70<\/div><\/div><\/div><\/figcaption><\/figure><\/a><!--end av-masonry entry--><a href=\"https:\/\/rubrails-tessilmare.com\/fr\/sphaera-base-pvc-65\/\"  aria-label=\"image SPHAERA_base65\"  id='av-masonry-1-item-6724' data-av-masonry-item='6724' class='av-masonry-entry isotope-item post-6724 attachment type-attachment status-inherit hentry  av-masonry-item-with-image' title=\"SPHAERA_base65\" alt=\"\"  data-av-masonry-custom-link=\"https:\/\/rubrails-tessilmare.com\/fr\/sphaera-base-pvc-65\/\"  itemprop=\"thumbnailUrl\" ><div class='av-inner-masonry-sizer'><\/div><figure class='av-inner-masonry main_color'><div class=\"av-masonry-outerimage-container\"><div class='av-masonry-image-container lazyload' style=\"background-image:inherit;\"  title=\"SPHAERA_base65\"  data-bg-image=\"url(https:\/\/rubrails-tessilmare.com\/wp-content\/uploads\/2017\/07\/SPHAERA_base65-705x705.jpg)\"><\/div><\/div><figcaption class='av-inner-masonry-content site-background'><div class='av-inner-masonry-content-pos'><div class='av-inner-masonry-content-pos-content'><div class='avia-arrow'><\/div><div class='av-masonry-entry-content entry-content'  itemprop=\"text\" >SPHAERA 65 PVC BASE 80<\/div><\/div><\/div><\/figcaption><\/figure><\/a><!--end av-masonry entry--><\/div><\/div><\/p>\n\n<style type=\"text\/css\" data-created_by=\"avia_inline_auto\" id=\"style-css-av-1umfgk-dfd89439b15089a4a69936b35b07456a\">\n#top .hr.hr-invisible.av-1umfgk-dfd89439b15089a4a69936b35b07456a{\nheight:5px;\n}\n<\/style>\n<div  class='hr av-1umfgk-dfd89439b15089a4a69936b35b07456a hr-invisible  avia-builder-el-5  el_after_av_masonry_gallery  avia-builder-el-no-sibling '><span class='hr-inner '><span class=\"hr-inner-style\"><\/span><\/span><\/div>\n","protected":false},"excerpt":{"rendered":"","protected":false},"author":1,"featured_media":0,"parent":8387,"menu_order":0,"comment_status":"closed","ping_status":"closed","template":"","meta":{"rank_math_lock_modified_date":false,"footnotes":""},"class_list":["post-8900","page","type-page","status-publish","hentry"],"_links":{"self":[{"href":"https:\/\/rubrails-tessilmare.com\/fr\/wp-json\/wp\/v2\/pages\/8900"}],"collection":[{"href":"https:\/\/rubrails-tessilmare.com\/fr\/wp-json\/wp\/v2\/pages"}],"about":[{"href":"https:\/\/rubrails-tessilmare.com\/fr\/wp-json\/wp\/v2\/types\/page"}],"author":[{"embeddable":true,"href":"https:\/\/rubrails-tessilmare.com\/fr\/wp-json\/wp\/v2\/users\/1"}],"replies":[{"embeddable":true,"href":"https:\/\/rubrails-tessilmare.com\/fr\/wp-json\/wp\/v2\/comments?post=8900"}],"version-history":[{"count":1,"href":"https:\/\/rubrails-tessilmare.com\/fr\/wp-json\/wp\/v2\/pages\/8900\/revisions"}],"predecessor-version":[{"id":8907,"href":"https:\/\/rubrails-tessilmare.com\/fr\/wp-json\/wp\/v2\/pages\/8900\/revisions\/8907"}],"up":[{"embeddable":true,"href":"https:\/\/rubrails-tessilmare.com\/fr\/wp-json\/wp\/v2\/pages\/8387"}],"wp:attachment":[{"href":"https:\/\/rubrails-tessilmare.com\/fr\/wp-json\/wp\/v2\/media?parent=8900"}],"curies":[{"name":"wp","href":"https:\/\/api.w.org\/{rel}","templated":true}]}}