{"id":7536,"date":"2017-07-19T16:37:59","date_gmt":"2017-07-19T14:37:59","guid":{"rendered":"https:\/\/rubrails-tessilmare.com\/boat-rub-rails\/binox\/"},"modified":"2025-05-30T09:07:42","modified_gmt":"2025-05-30T07:07:42","slug":"binox","status":"publish","type":"page","link":"https:\/\/rubrails-tessilmare.com\/tr\/tekne-kupeste-fitili\/binox\/","title":{"rendered":"Binox"},"content":{"rendered":"\n<style type=\"text\/css\" data-created_by=\"avia_inline_auto\" id=\"style-css-av-154hxj-8d5107a7809b6a5793741fcd73a206a7\">\n.flex_column.av-154hxj-8d5107a7809b6a5793741fcd73a206a7{\nborder-radius:0px 0px 0px 0px;\npadding:0px 0px 0px 0px;\n}\n<\/style>\n<div  class='flex_column av-154hxj-8d5107a7809b6a5793741fcd73a206a7 av_one_full  avia-builder-el-0  el_before_av_textblock  avia-builder-el-first  first flex_column_div av-zero-column-padding  '     ><p>\n<style type=\"text\/css\" data-created_by=\"avia_inline_auto\" id=\"style-css-av-vh7m7-90e2fdc2f095ecca8e7a45143a87513b\">\n#top .av-special-heading.av-vh7m7-90e2fdc2f095ecca8e7a45143a87513b{\npadding-bottom:0;\n}\nbody .av-special-heading.av-vh7m7-90e2fdc2f095ecca8e7a45143a87513b .av-special-heading-tag .heading-char{\nfont-size:25px;\n}\n.av-special-heading.av-vh7m7-90e2fdc2f095ecca8e7a45143a87513b .av-subheading{\nfont-size:15px;\n}\n<\/style>\n<div  class='av-special-heading av-vh7m7-90e2fdc2f095ecca8e7a45143a87513b av-special-heading-h1 blockquote modern-quote modern-centered  avia-builder-el-1  el_before_av_heading  avia-builder-el-first '><h1 class='av-special-heading-tag '  itemprop=\"headline\"  >TEKNE K\u00dcPE\u015eTE FITILI &#8211; BINOX<\/h1><div class=\"special-heading-border\"><div class=\"special-heading-inner-border\"><\/div><\/div><\/div><br \/>\n\n<style type=\"text\/css\" data-created_by=\"avia_inline_auto\" id=\"style-css-av-lesn888q-9cc11ced70c12b8ebb0dca6416f3e95f\">\n#top .av-special-heading.av-lesn888q-9cc11ced70c12b8ebb0dca6416f3e95f{\npadding-bottom:0;\nfont-size:20px;\n}\nbody .av-special-heading.av-lesn888q-9cc11ced70c12b8ebb0dca6416f3e95f .av-special-heading-tag .heading-char{\nfont-size:25px;\n}\n#top #wrap_all .av-special-heading.av-lesn888q-9cc11ced70c12b8ebb0dca6416f3e95f .av-special-heading-tag{\nfont-size:20px;\n}\n.av-special-heading.av-lesn888q-9cc11ced70c12b8ebb0dca6416f3e95f .av-subheading{\nfont-size:15px;\n}\n\n@media only screen and (min-width: 480px) and (max-width: 767px){ \n#top #wrap_all .av-special-heading.av-lesn888q-9cc11ced70c12b8ebb0dca6416f3e95f .av-special-heading-tag{\nfont-size:0.8em;\n}\n}\n\n@media only screen and (max-width: 479px){ \n#top #wrap_all .av-special-heading.av-lesn888q-9cc11ced70c12b8ebb0dca6416f3e95f .av-special-heading-tag{\nfont-size:0.8em;\n}\n}\n<\/style>\n<div  class='av-special-heading av-lesn888q-9cc11ced70c12b8ebb0dca6416f3e95f av-special-heading-h2 blockquote modern-quote modern-centered  avia-builder-el-2  el_after_av_heading  el_before_av_hr  av-inherit-size'><h2 class='av-special-heading-tag '  itemprop=\"headline\"  >BINOX, vidalar olmadan ilk Paslanmaz \u00c7elik k\u00fcpe\u015fte fitili.<\/h2><div class=\"special-heading-border\"><div class=\"special-heading-inner-border\"><\/div><\/div><\/div><br \/>\n\n<style type=\"text\/css\" data-created_by=\"avia_inline_auto\" id=\"style-css-av-pys3j-b471221e2452e984c25a839cf14a7cae\">\n#top .hr.av-pys3j-b471221e2452e984c25a839cf14a7cae{\nmargin-top:5px;\nmargin-bottom:10px;\n}\n.hr.av-pys3j-b471221e2452e984c25a839cf14a7cae .hr-inner{\nwidth:7%;\nborder-color:#15354e;\n}\n<\/style>\n<div  class='hr av-pys3j-b471221e2452e984c25a839cf14a7cae hr-custom  avia-builder-el-3  el_after_av_heading  avia-builder-el-last  hr-center hr-icon-no'><span class='hr-inner inner-border-av-border-fat'><span class=\"hr-inner-style\"><\/span><\/span><\/div><\/p><\/div>\n<section  class='av_textblock_section av-k45jb-c04eac8756f5c29f4c197ae0e40145c2 '   itemscope=\"itemscope\" itemtype=\"https:\/\/schema.org\/CreativeWork\" ><div class='avia_textblock'  itemprop=\"text\" ><p style=\"text-align: center;\"><div class=\"epyt-video-wrapper\"><div  id=\"_ytid_66747\"  width=\"1500\" height=\"843\"  data-origwidth=\"1500\" data-origheight=\"843\"  data-relstop=\"1\" data-facadesrc=\"https:\/\/www.youtube.com\/embed\/huh6kxpSx04?enablejsapi=1&autoplay=0&cc_load_policy=0&cc_lang_pref=&iv_load_policy=1&loop=0&modestbranding=1&rel=0&fs=1&playsinline=0&autohide=2&theme=dark&color=red&controls=1&\" class=\"__youtube_prefs__ epyt-facade no-lazyload\" data-epautoplay=\"1\" ><img decoding=\"async\" data-spai-excluded=\"true\" class=\"epyt-facade-poster skip-lazy\" loading=\"lazy\"  alt=\"YouTube player\"  src=\"https:\/\/i.ytimg.com\/vi\/huh6kxpSx04\/maxresdefault.jpg\"  \/><button class=\"epyt-facade-play\" aria-label=\"Play\"><svg data-no-lazy=\"1\" height=\"100%\" version=\"1.1\" viewBox=\"0 0 68 48\" width=\"100%\"><path class=\"ytp-large-play-button-bg\" d=\"M66.52,7.74c-0.78-2.93-2.49-5.41-5.42-6.19C55.79,.13,34,0,34,0S12.21,.13,6.9,1.55 C3.97,2.33,2.27,4.81,1.48,7.74C0.06,13.05,0,24,0,24s0.06,10.95,1.48,16.26c0.78,2.93,2.49,5.41,5.42,6.19 C12.21,47.87,34,48,34,48s21.79-0.13,27.1-1.55c2.93-0.78,4.64-3.26,5.42-6.19C67.94,34.95,68,24,68,24S67.94,13.05,66.52,7.74z\" fill=\"#f00\"><\/path><path d=\"M 45,24 27,14 27,34\" fill=\"#fff\"><\/path><\/svg><\/button><\/div><\/div><\/p>\n<\/div><\/section>\n<section  class='av_textblock_section av-lesnd7rd-8abbce02e4f78f44ce672ce711dd52ac '   itemscope=\"itemscope\" itemtype=\"https:\/\/schema.org\/CreativeWork\" ><div class='avia_textblock'  itemprop=\"text\" ><p>Binox, Tessilmare\u2019nin en son yarat\u0131mlar\u0131ndan biridir ve \u00f6zellikle S\u00fcper Yatlar ve Mega Yatlar i\u00e7in geli\u015ftirilmi\u015ftir.<br \/>\nBinox k\u00fcpe\u015fte fitili<br \/>\nyap\u0131m\u0131ndaki yenilik\u00e7i s\u00fcre\u00e7, Paslanmaz \u00c7elik \u00e7ubu\u011fun do\u011frudan PVC taban \u00fczerine bas\u0131n\u00e7la tak\u0131lmas\u0131na olanak tan\u0131r.<\/p>\n<p>Bu, Paslanmaz \u00c7elik y\u00fczeyde \u00e7irkin vidalar olmad\u0131\u011f\u0131 ve daha \u00f6nce g\u00f6r\u00fclmemi\u015f bir sonu\u00e7 anlam\u0131na gelir. Daha az delme ve vidalama, montajda de\u011ferli zaman kazand\u0131r\u0131r ve i\u015flemi \u00e7ok daha uygun hale getirir.<\/p>\n<p>Binox farkl\u0131 boyutlarda (25, 35, 50 ve 65 mm) \u00fcretilir ve 3 farkl\u0131 renkte mevcuttur: Beyaz, Siyah ve Gri.<\/p>\n<div id=\"gtx-trans\" style=\"position: absolute; left: 78px; top: 339.8px;\">\n<div class=\"gtx-trans-icon\"><\/div>\n<\/div>\n<\/div><\/section>\n\n<style type=\"text\/css\" data-created_by=\"avia_inline_auto\" id=\"style-css-av-g6r9b-889886573b41388003ff7dd1e2abcc79\">\n#top .av-masonry.av-g6r9b-889886573b41388003ff7dd1e2abcc79{\nbackground-color:#ffffff;\n}\n<\/style>\n<div id='av-masonry-1' class='av-masonry av-g6r9b-889886573b41388003ff7dd1e2abcc79 noHover av-fixed-size av-1px-gap av-hover-overlay-active av-masonry-animation-active av-masonry-col-4 av-caption-on-hover av-caption-style-overlay av-masonry-gallery av-medium-columns-overwrite av-medium-columns-3 av-orientation-square ' data-post_id=\"7536\"><div class=\"av-masonry-container isotope av-js-disabled\"><div class='av-masonry-entry isotope-item av-masonry-item-no-image '><\/div><a href=\"https:\/\/rubrails-tessilmare.com\/tr\/binox-35\/\"  aria-label=\"image bino-x-25_b-705&#215;705\"  id='av-masonry-1-item-7539' data-av-masonry-item='7539' class='av-masonry-entry isotope-item post-7539 attachment type-attachment status-inherit hentry  av-masonry-item-with-image' title=\"bino-x-25_b-705&#215;705\" alt=\"\"  data-av-masonry-custom-link=\"https:\/\/rubrails-tessilmare.com\/tr\/binox-35\/\"  itemprop=\"thumbnailUrl\" ><div class='av-inner-masonry-sizer'><\/div><figure class='av-inner-masonry main_color'><div class=\"av-masonry-outerimage-container\"><div class='av-masonry-image-container lazyload' style=\"background-image:inherit;\"  title=\"bino-x-25_b-705&#215;705\"  data-bg-image=\"url(https:\/\/rubrails-tessilmare.com\/wp-content\/uploads\/2017\/07\/bino-x-25_b-705x705.jpg)\"><\/div><\/div><figcaption class='av-inner-masonry-content site-background'><div class='av-inner-masonry-content-pos'><div class='av-inner-masonry-content-pos-content'><div class='avia-arrow'><\/div><div class='av-masonry-entry-content entry-content'  itemprop=\"text\" >BINOX 25<\/div><\/div><\/div><\/figcaption><\/figure><\/a><!--end av-masonry entry--><a href=\"https:\/\/rubrails-tessilmare.com\/tr\/binox-35\/\"  aria-label=\"image bino-x-35_b-705&#215;705\"  id='av-masonry-1-item-7540' data-av-masonry-item='7540' class='av-masonry-entry isotope-item post-7540 attachment type-attachment status-inherit hentry  av-masonry-item-with-image' title=\"bino-x-35_b-705&#215;705\" alt=\"\"  data-av-masonry-custom-link=\"https:\/\/rubrails-tessilmare.com\/tr\/binox-35\/\"  itemprop=\"thumbnailUrl\" ><div class='av-inner-masonry-sizer'><\/div><figure class='av-inner-masonry main_color'><div class=\"av-masonry-outerimage-container\"><div class='av-masonry-image-container lazyload' style=\"background-image:inherit;\"  title=\"bino-x-35_b-705&#215;705\"  data-bg-image=\"url(https:\/\/rubrails-tessilmare.com\/wp-content\/uploads\/2017\/07\/bino-x-35_b-705x705-1.jpg)\"><\/div><\/div><figcaption class='av-inner-masonry-content site-background'><div class='av-inner-masonry-content-pos'><div class='av-inner-masonry-content-pos-content'><div class='avia-arrow'><\/div><div class='av-masonry-entry-content entry-content'  itemprop=\"text\" >BINOX 35<\/div><\/div><\/div><\/figcaption><\/figure><\/a><!--end av-masonry entry--><a href=\"https:\/\/rubrails-tessilmare.com\/tr\/binox-50\/\"  aria-label=\"image Boat Rub Rails BINO X 50\"  id='av-masonry-1-item-8158' data-av-masonry-item='8158' class='av-masonry-entry isotope-item post-8158 attachment type-attachment status-inherit hentry  av-masonry-item-with-image' title=\"Boat Rub Rails BINO X 50\" alt=\"\"  data-av-masonry-custom-link=\"https:\/\/rubrails-tessilmare.com\/tr\/binox-50\/\"  itemprop=\"thumbnailUrl\" ><div class='av-inner-masonry-sizer'><\/div><figure class='av-inner-masonry main_color'><div class=\"av-masonry-outerimage-container\"><div class='av-masonry-image-container lazyload' style=\"background-image:inherit;\"  title=\"Boat Rub Rails BINO X 50\"  data-bg-image=\"url(https:\/\/rubrails-tessilmare.com\/wp-content\/uploads\/2017\/10\/bino-x-50_b.jpg)\"><\/div><\/div><figcaption class='av-inner-masonry-content site-background'><div class='av-inner-masonry-content-pos'><div class='av-inner-masonry-content-pos-content'><div class='avia-arrow'><\/div><div class='av-masonry-entry-content entry-content'  itemprop=\"text\" >BINOX 50<\/div><\/div><\/div><\/figcaption><\/figure><\/a><!--end av-masonry entry--><a href=\"https:\/\/rubrails-tessilmare.com\/tr\/binox-65\/\"  aria-label=\"image Binox 65\"  id='av-masonry-1-item-7541' data-av-masonry-item='7541' class='av-masonry-entry isotope-item post-7541 attachment type-attachment status-inherit hentry  av-masonry-item-with-image' title=\"Binox 65\" alt=\"\"  data-av-masonry-custom-link=\"https:\/\/rubrails-tessilmare.com\/tr\/binox-65\/\"  itemprop=\"thumbnailUrl\" ><div class='av-inner-masonry-sizer'><\/div><figure class='av-inner-masonry main_color'><div class=\"av-masonry-outerimage-container\"><div class='av-masonry-image-container lazyload' style=\"background-image:inherit;\"  title=\"Binox 65\"  data-bg-image=\"url(https:\/\/rubrails-tessilmare.com\/wp-content\/uploads\/2022\/01\/Binox-65-1-705x705.jpg)\"><\/div><\/div><figcaption class='av-inner-masonry-content site-background'><div class='av-inner-masonry-content-pos'><div class='av-inner-masonry-content-pos-content'><div class='avia-arrow'><\/div><div class='av-masonry-entry-content entry-content'  itemprop=\"text\" >BINOX 65<\/div><\/div><\/div><\/figcaption><\/figure><\/a><!--end av-masonry entry--><\/div><\/div>\n\n<style type=\"text\/css\" data-created_by=\"avia_inline_auto\" id=\"style-css-av-7248n-4897986dcc2101b02e884fa3863d44e9\">\n#top .hr.hr-invisible.av-7248n-4897986dcc2101b02e884fa3863d44e9{\nheight:5px;\n}\n<\/style>\n<div  class='hr av-7248n-4897986dcc2101b02e884fa3863d44e9 hr-invisible  avia-builder-el-7  el_after_av_masonry_gallery  avia-builder-el-no-sibling '><span class='hr-inner '><span class=\"hr-inner-style\"><\/span><\/span><\/div>\n","protected":false},"excerpt":{"rendered":"","protected":false},"author":1,"featured_media":0,"parent":7514,"menu_order":0,"comment_status":"closed","ping_status":"closed","template":"","meta":{"rank_math_lock_modified_date":false,"footnotes":""},"class_list":["post-7536","page","type-page","status-publish","hentry"],"_links":{"self":[{"href":"https:\/\/rubrails-tessilmare.com\/tr\/wp-json\/wp\/v2\/pages\/7536"}],"collection":[{"href":"https:\/\/rubrails-tessilmare.com\/tr\/wp-json\/wp\/v2\/pages"}],"about":[{"href":"https:\/\/rubrails-tessilmare.com\/tr\/wp-json\/wp\/v2\/types\/page"}],"author":[{"embeddable":true,"href":"https:\/\/rubrails-tessilmare.com\/tr\/wp-json\/wp\/v2\/users\/1"}],"replies":[{"embeddable":true,"href":"https:\/\/rubrails-tessilmare.com\/tr\/wp-json\/wp\/v2\/comments?post=7536"}],"version-history":[{"count":5,"href":"https:\/\/rubrails-tessilmare.com\/tr\/wp-json\/wp\/v2\/pages\/7536\/revisions"}],"predecessor-version":[{"id":9275,"href":"https:\/\/rubrails-tessilmare.com\/tr\/wp-json\/wp\/v2\/pages\/7536\/revisions\/9275"}],"up":[{"embeddable":true,"href":"https:\/\/rubrails-tessilmare.com\/tr\/wp-json\/wp\/v2\/pages\/7514"}],"wp:attachment":[{"href":"https:\/\/rubrails-tessilmare.com\/tr\/wp-json\/wp\/v2\/media?parent=7536"}],"curies":[{"name":"wp","href":"https:\/\/api.w.org\/{rel}","templated":true}]}}