{"id":7549,"date":"2017-07-19T16:37:42","date_gmt":"2017-07-19T14:37:42","guid":{"rendered":"https:\/\/rubrails-tessilmare.com\/boat-rub-rails\/sphaera-boat-rub-rails\/"},"modified":"2025-05-30T10:28:03","modified_gmt":"2025-05-30T08:28:03","slug":"sphaera-tekne-kupeste-fitili","status":"publish","type":"page","link":"https:\/\/rubrails-tessilmare.com\/tr\/tekne-kupeste-fitili\/sphaera-tekne-kupeste-fitili\/","title":{"rendered":"Sphaera"},"content":{"rendered":"\n<style type=\"text\/css\" data-created_by=\"avia_inline_auto\" id=\"style-css-av-1a70x1-9af4231ef3af2f7f7994c8aa62c12829\">\n.flex_column.av-1a70x1-9af4231ef3af2f7f7994c8aa62c12829{\nborder-radius:0px 0px 0px 0px;\npadding:0px 0px 0px 0px;\n}\n<\/style>\n<div  class='flex_column av-1a70x1-9af4231ef3af2f7f7994c8aa62c12829 av_one_full  avia-builder-el-0  el_before_av_textblock  avia-builder-el-first  first flex_column_div av-zero-column-padding  '     ><p>\n<style type=\"text\/css\" data-created_by=\"avia_inline_auto\" id=\"style-css-av-g1jr9-059e65f37743781fb5ce69aac76372f0\">\n#top .av-special-heading.av-g1jr9-059e65f37743781fb5ce69aac76372f0{\npadding-bottom:0;\n}\nbody .av-special-heading.av-g1jr9-059e65f37743781fb5ce69aac76372f0 .av-special-heading-tag .heading-char{\nfont-size:25px;\n}\n.av-special-heading.av-g1jr9-059e65f37743781fb5ce69aac76372f0 .av-subheading{\nfont-size:15px;\n}\n<\/style>\n<div  class='av-special-heading av-g1jr9-059e65f37743781fb5ce69aac76372f0 av-special-heading-h1 blockquote modern-quote modern-centered  avia-builder-el-1  el_before_av_heading  avia-builder-el-first '><h1 class='av-special-heading-tag '  itemprop=\"headline\"  >TEKNE K\u00dcPE\u015eTE FITILI &#8211; SPHAERA<\/h1><div class=\"special-heading-border\"><div class=\"special-heading-inner-border\"><\/div><\/div><\/div><br \/>\n\n<style type=\"text\/css\" data-created_by=\"avia_inline_auto\" id=\"style-css-av-nlml-0961d812299a6fc3491de2f879929325\">\n#top .av-special-heading.av-nlml-0961d812299a6fc3491de2f879929325{\npadding-bottom:0;\nfont-size:20px;\n}\nbody .av-special-heading.av-nlml-0961d812299a6fc3491de2f879929325 .av-special-heading-tag .heading-char{\nfont-size:25px;\n}\n#top #wrap_all .av-special-heading.av-nlml-0961d812299a6fc3491de2f879929325 .av-special-heading-tag{\nfont-size:20px;\n}\n.av-special-heading.av-nlml-0961d812299a6fc3491de2f879929325 .av-subheading{\nfont-size:15px;\n}\n\n@media only screen and (min-width: 480px) and (max-width: 767px){ \n#top #wrap_all .av-special-heading.av-nlml-0961d812299a6fc3491de2f879929325 .av-special-heading-tag{\nfont-size:0.8em;\n}\n}\n\n@media only screen and (max-width: 479px){ \n#top #wrap_all .av-special-heading.av-nlml-0961d812299a6fc3491de2f879929325 .av-special-heading-tag{\nfont-size:0.8em;\n}\n}\n<\/style>\n<div  class='av-special-heading av-nlml-0961d812299a6fc3491de2f879929325 av-special-heading-h2 blockquote modern-quote modern-centered  avia-builder-el-2  el_after_av_heading  el_before_av_hr  av-inherit-size'><h2 class='av-special-heading-tag '  itemprop=\"headline\"  >SPHAERA, y\u00fcksek teknik performans\u0131 harika bir tasar\u0131m ve y\u00fcksek kaliteli performans ve dayan\u0131kl\u0131l\u0131kla birle\u015ftiren ilk Rub Rail\u2019lerden biridir.<\/h2><div class=\"special-heading-border\"><div class=\"special-heading-inner-border\"><\/div><\/div><\/div><br \/>\n\n<style type=\"text\/css\" data-created_by=\"avia_inline_auto\" id=\"style-css-av-s9mcl-c6bfbab11279ce1d61a9a3860a2e298e\">\n#top .hr.av-s9mcl-c6bfbab11279ce1d61a9a3860a2e298e{\nmargin-top:5px;\nmargin-bottom:10px;\n}\n.hr.av-s9mcl-c6bfbab11279ce1d61a9a3860a2e298e .hr-inner{\nwidth:7%;\nborder-color:#15354e;\n}\n<\/style>\n<div  class='hr av-s9mcl-c6bfbab11279ce1d61a9a3860a2e298e hr-custom  avia-builder-el-3  el_after_av_heading  avia-builder-el-last  hr-center hr-icon-no'><span class='hr-inner inner-border-av-border-fat'><span class=\"hr-inner-style\"><\/span><\/span><\/div><\/p><\/div>\n<section  class='av_textblock_section av-iihx1-972b9a6f78769d5decc591c7b61ab20f '   itemscope=\"itemscope\" itemtype=\"https:\/\/schema.org\/CreativeWork\" ><div class='avia_textblock'  itemprop=\"text\" ><p style=\"text-align: left;\">Bu PATENTL\u0130 <strong>k\u00fcpe\u015fte fitili<\/strong>, \u00e7ok \u00e7e\u015fitli uygulamalara uyacak \u015fekilde birka\u00e7 kolay ve h\u0131zl\u0131 montaj se\u00e7ene\u011fine sahiptir: do\u011frudan tekneye veya standart ve ince versiyonlar\u0131 bulunan son derece g\u00fc\u00e7l\u00fc ve dayan\u0131kl\u0131 bir PVC taban ile monte edilebilir.<\/p>\n<p style=\"text-align: left;\">S\/S profil, tekne g\u00f6vdesine uyumunu garanti etmek i\u00e7in bir Duralene \u00e7ekirde\u011fe sahiptir. Metalde k\u0131vr\u0131lma olu\u015fturmadan g\u00f6vde a\u00e7\u0131lar\u0131na kolayca b\u00fck\u00fclebilir.<\/p>\n<p style=\"text-align: left;\">SPHAERA montaj\u0131 h\u0131zl\u0131 ve basittir \u00e7\u00fcnk\u00fc tekne b\u00fckme \u015fablonu olarak kullan\u0131l\u0131r. PVC taban bantla yerinde sabitlendikten sonra, \u00f6nceden delinmi\u015f S\/S \u00e7ubuklar \u00fcst \u00fcste hizalan\u0131r.<\/p>\n<p style=\"text-align: left;\">Montaj daha sonra S\/S vidalarla g\u00fcvence alt\u0131na al\u0131n\u0131r. S\/S ek kapaklar\u0131, \u00e7ubuklar\u0131 m\u00fckemmel hizada tutarken ek yerlerindeki bo\u015fluklar\u0131 kapat\u0131r. S\/S u\u00e7 kapaklar\u0131, teknenin k\u0131\u00e7 ve yanlar\u0131na dikkat \u00e7ekici bir son dokunu\u015f sa\u011flar. SPHAERA, hem d\u00fcz hem de kutu birle\u015fimli yatlar ve tekneler i\u00e7in t\u00fcm denizcilik durumlar\u0131 i\u00e7in m\u00fckemmeldir.<\/p>\n<div id=\"gtx-trans\" style=\"position: absolute; left: 78px; top: 339.8px;\">\n<div class=\"gtx-trans-icon\"><\/div>\n<\/div>\n<\/div><\/section>\n\n<style type=\"text\/css\" data-created_by=\"avia_inline_auto\" id=\"style-css-av-dq34l-e312d4b81a8dce66f5a31d0c48589345\">\n#top .av-masonry.av-dq34l-e312d4b81a8dce66f5a31d0c48589345{\nbackground-color:#ffffff;\n}\n<\/style>\n<div id='av-masonry-1' class='av-masonry av-dq34l-e312d4b81a8dce66f5a31d0c48589345 noHover av-fixed-size av-1px-gap av-hover-overlay-active av-masonry-animation-active av-masonry-col-4 av-caption-on-hover av-caption-style-overlay av-masonry-gallery av-medium-columns-overwrite av-medium-columns-3 av-orientation-square ' data-post_id=\"7549\"><div class=\"av-masonry-container isotope av-js-disabled\"><div class='av-masonry-entry isotope-item av-masonry-item-no-image '><\/div><a href=\"https:\/\/rubrails-tessilmare.com\/tr\/sphaera-paslanmaz-celik-316l-cubuk-25\/\"  aria-label=\"image SPHAERA_25\"  id='av-masonry-1-item-7943' data-av-masonry-item='7943' class='av-masonry-entry isotope-item post-7943 attachment type-attachment status-inherit hentry  av-masonry-item-with-image' title=\"SPHAERA_25\" alt=\"\"  data-av-masonry-custom-link=\"https:\/\/rubrails-tessilmare.com\/tr\/sphaera-paslanmaz-celik-316l-cubuk-25\/\"  itemprop=\"thumbnailUrl\" ><div class='av-inner-masonry-sizer'><\/div><figure class='av-inner-masonry main_color'><div class=\"av-masonry-outerimage-container\"><div class='av-masonry-image-container lazyload' style=\"background-image:inherit;\"  title=\"SPHAERA_25\"  data-bg-image=\"url(https:\/\/rubrails-tessilmare.com\/wp-content\/uploads\/2017\/07\/SPHAERA_25-705x705.jpg)\"><\/div><\/div><figcaption class='av-inner-masonry-content site-background'><div class='av-inner-masonry-content-pos'><div class='av-inner-masonry-content-pos-content'><div class='avia-arrow'><\/div><div class='av-masonry-entry-content entry-content'  itemprop=\"text\" >SPHAERA STAINLESS STEEL 316L BAR 25<\/div><\/div><\/div><\/figcaption><\/figure><\/a><!--end av-masonry entry--><a href=\"https:\/\/rubrails-tessilmare.com\/tr\/sphaera-paslanmaz-celik-316l-cubuk-35\/\"  aria-label=\"image SPHAERA_35\"  id='av-masonry-1-item-7600' data-av-masonry-item='7600' class='av-masonry-entry isotope-item post-7600 attachment type-attachment status-inherit hentry  av-masonry-item-with-image' title=\"SPHAERA_35\" alt=\"\"  data-av-masonry-custom-link=\"https:\/\/rubrails-tessilmare.com\/tr\/sphaera-paslanmaz-celik-316l-cubuk-35\/\"  itemprop=\"thumbnailUrl\" ><div class='av-inner-masonry-sizer'><\/div><figure class='av-inner-masonry main_color'><div class=\"av-masonry-outerimage-container\"><div class='av-masonry-image-container lazyload' style=\"background-image:inherit;\"  title=\"SPHAERA_35\"  data-bg-image=\"url(https:\/\/rubrails-tessilmare.com\/wp-content\/uploads\/2017\/07\/SPHAERA_35-705x705.jpg)\"><\/div><\/div><figcaption class='av-inner-masonry-content site-background'><div class='av-inner-masonry-content-pos'><div class='av-inner-masonry-content-pos-content'><div class='avia-arrow'><\/div><div class='av-masonry-entry-content entry-content'  itemprop=\"text\" >SPHAERA STAINLESS STEEL 316L BAR 35<\/div><\/div><\/div><\/figcaption><\/figure><\/a><!--end av-masonry entry--><a href=\"https:\/\/rubrails-tessilmare.com\/tr\/sphaera-paslanmaz-celik-316l-cubuk-50\/\"  aria-label=\"image SPHAERA_50\"  id='av-masonry-1-item-8888' data-av-masonry-item='8888' class='av-masonry-entry isotope-item post-8888 attachment type-attachment status-inherit hentry  av-masonry-item-with-image' title=\"SPHAERA_50\" alt=\"\"  data-av-masonry-custom-link=\"https:\/\/rubrails-tessilmare.com\/tr\/sphaera-paslanmaz-celik-316l-cubuk-50\/\"  itemprop=\"thumbnailUrl\" ><div class='av-inner-masonry-sizer'><\/div><figure class='av-inner-masonry main_color'><div class=\"av-masonry-outerimage-container\"><div class='av-masonry-image-container lazyload' style=\"background-image:inherit;\"  title=\"SPHAERA_50\"  data-bg-image=\"url(https:\/\/rubrails-tessilmare.com\/wp-content\/uploads\/2017\/07\/SPHAERA_50-705x705.jpg)\"><\/div><\/div><figcaption class='av-inner-masonry-content site-background'><div class='av-inner-masonry-content-pos'><div class='av-inner-masonry-content-pos-content'><div class='avia-arrow'><\/div><div class='av-masonry-entry-content entry-content'  itemprop=\"text\" >SPHAERA STAINLESS STEEL 316L BAR 50<\/div><\/div><\/div><\/figcaption><\/figure><\/a><!--end av-masonry entry--><a href=\"https:\/\/rubrails-tessilmare.com\/tr\/sphaera-paslanmaz-celik-316l-cubuk-65\/\"  aria-label=\"image Boat Bumpers SPHAERA 65\"  id='av-masonry-1-item-7840' data-av-masonry-item='7840' class='av-masonry-entry isotope-item post-7840 attachment type-attachment status-inherit hentry  av-masonry-item-with-image' title=\"Boat Bumpers SPHAERA 65\" alt=\"\"  data-av-masonry-custom-link=\"https:\/\/rubrails-tessilmare.com\/tr\/sphaera-paslanmaz-celik-316l-cubuk-65\/\"  itemprop=\"thumbnailUrl\" ><div class='av-inner-masonry-sizer'><\/div><figure class='av-inner-masonry main_color'><div class=\"av-masonry-outerimage-container\"><div class='av-masonry-image-container lazyload' style=\"background-image:inherit;\"  title=\"Boat Bumpers SPHAERA 65\"  data-bg-image=\"url(https:\/\/rubrails-tessilmare.com\/wp-content\/uploads\/2017\/07\/SPHAERA_65-705x705.jpg)\"><\/div><\/div><figcaption class='av-inner-masonry-content site-background'><div class='av-inner-masonry-content-pos'><div class='av-inner-masonry-content-pos-content'><div class='avia-arrow'><\/div><div class='av-masonry-entry-content entry-content'  itemprop=\"text\" >SPHAERA STAINLESS STEEL 316L BAR 65<\/div><\/div><\/div><\/figcaption><\/figure><\/a><!--end av-masonry entry--><a href=\"https:\/\/rubrails-tessilmare.com\/tr\/sphaera-slim-taban-25\/\"  aria-label=\"image SPHAERA_SLIM25\"  id='av-masonry-1-item-8812' data-av-masonry-item='8812' class='av-masonry-entry isotope-item post-8812 attachment type-attachment status-inherit hentry  av-masonry-item-with-image' title=\"SPHAERA_SLIM25\" alt=\"\"  data-av-masonry-custom-link=\"https:\/\/rubrails-tessilmare.com\/tr\/sphaera-slim-taban-25\/\"  itemprop=\"thumbnailUrl\" ><div class='av-inner-masonry-sizer'><\/div><figure class='av-inner-masonry main_color'><div class=\"av-masonry-outerimage-container\"><div class='av-masonry-image-container lazyload' style=\"background-image:inherit;\"  title=\"SPHAERA_SLIM25\"  data-bg-image=\"url(https:\/\/rubrails-tessilmare.com\/wp-content\/uploads\/2017\/07\/SPHAERA_SLIM25-705x705.jpg)\"><\/div><\/div><figcaption class='av-inner-masonry-content site-background'><div class='av-inner-masonry-content-pos'><div class='av-inner-masonry-content-pos-content'><div class='avia-arrow'><\/div><div class='av-masonry-entry-content entry-content'  itemprop=\"text\" >SPHAERA SLIM BASE 25<\/div><\/div><\/div><\/figcaption><\/figure><\/a><!--end av-masonry entry--><a href=\"https:\/\/rubrails-tessilmare.com\/tr\/sphaera-slim-taban-35\/\"  aria-label=\"image SPHAERA_SLIM35\"  id='av-masonry-1-item-8726' data-av-masonry-item='8726' class='av-masonry-entry isotope-item post-8726 attachment type-attachment status-inherit hentry  av-masonry-item-with-image' title=\"SPHAERA_SLIM35\" alt=\"\"  data-av-masonry-custom-link=\"https:\/\/rubrails-tessilmare.com\/tr\/sphaera-slim-taban-35\/\"  itemprop=\"thumbnailUrl\" ><div class='av-inner-masonry-sizer'><\/div><figure class='av-inner-masonry main_color'><div class=\"av-masonry-outerimage-container\"><div class='av-masonry-image-container lazyload' style=\"background-image:inherit;\"  title=\"SPHAERA_SLIM35\"  data-bg-image=\"url(https:\/\/rubrails-tessilmare.com\/wp-content\/uploads\/2017\/07\/SPHAERA_SLIM35-705x705.jpg)\"><\/div><\/div><figcaption class='av-inner-masonry-content site-background'><div class='av-inner-masonry-content-pos'><div class='av-inner-masonry-content-pos-content'><div class='avia-arrow'><\/div><div class='av-masonry-entry-content entry-content'  itemprop=\"text\" >SPHAERA SLIM BASE 35<\/div><\/div><\/div><\/figcaption><\/figure><\/a><!--end av-masonry entry--><a href=\"https:\/\/rubrails-tessilmare.com\/tr\/sphaera-slim-taban-50\/\"  aria-label=\"image SPHAERA_SLIM50\"  id='av-masonry-1-item-8051' data-av-masonry-item='8051' class='av-masonry-entry isotope-item post-8051 attachment type-attachment status-inherit hentry  av-masonry-item-with-image' title=\"SPHAERA_SLIM50\" alt=\"\"  data-av-masonry-custom-link=\"https:\/\/rubrails-tessilmare.com\/tr\/sphaera-slim-taban-50\/\"  itemprop=\"thumbnailUrl\" ><div class='av-inner-masonry-sizer'><\/div><figure class='av-inner-masonry main_color'><div class=\"av-masonry-outerimage-container\"><div class='av-masonry-image-container lazyload' style=\"background-image:inherit;\"  title=\"SPHAERA_SLIM50\"  data-bg-image=\"url(https:\/\/rubrails-tessilmare.com\/wp-content\/uploads\/2017\/07\/SPHAERA_SLIM50-705x705.jpg)\"><\/div><\/div><figcaption class='av-inner-masonry-content site-background'><div class='av-inner-masonry-content-pos'><div class='av-inner-masonry-content-pos-content'><div class='avia-arrow'><\/div><div class='av-masonry-entry-content entry-content'  itemprop=\"text\" >SPHAERA SLIM BASE 50<\/div><\/div><\/div><\/figcaption><\/figure><\/a><!--end av-masonry entry--><a href=\"https:\/\/rubrails-tessilmare.com\/tr\/sphaera-slim-taban-65\/\"  aria-label=\"image SPHAERA_SLIM65B\"  id='av-masonry-1-item-7973' data-av-masonry-item='7973' class='av-masonry-entry isotope-item post-7973 attachment type-attachment status-inherit hentry  av-masonry-item-with-image' title=\"SPHAERA_SLIM65B\" alt=\"\"  data-av-masonry-custom-link=\"https:\/\/rubrails-tessilmare.com\/tr\/sphaera-slim-taban-65\/\"  itemprop=\"thumbnailUrl\" ><div class='av-inner-masonry-sizer'><\/div><figure class='av-inner-masonry main_color'><div class=\"av-masonry-outerimage-container\"><div class='av-masonry-image-container lazyload' style=\"background-image:inherit;\"  title=\"SPHAERA_SLIM65B\"  data-bg-image=\"url(https:\/\/rubrails-tessilmare.com\/wp-content\/uploads\/2017\/07\/SPHAERA_SLIM65B-705x705.jpg)\"><\/div><\/div><figcaption class='av-inner-masonry-content site-background'><div class='av-inner-masonry-content-pos'><div class='av-inner-masonry-content-pos-content'><div class='avia-arrow'><\/div><div class='av-masonry-entry-content entry-content'  itemprop=\"text\" >SPHAERA SLIM BASE 65<\/div><\/div><\/div><\/figcaption><\/figure><\/a><!--end av-masonry entry--><a href=\"https:\/\/rubrails-tessilmare.com\/tr\/sphaera-pvc-taban-25\/\"  aria-label=\"image SPHAERA_base25\"  id='av-masonry-1-item-8349' data-av-masonry-item='8349' class='av-masonry-entry isotope-item post-8349 attachment type-attachment status-inherit hentry  av-masonry-item-with-image' title=\"SPHAERA_base25\" alt=\"\"  data-av-masonry-custom-link=\"https:\/\/rubrails-tessilmare.com\/tr\/sphaera-pvc-taban-25\/\"  itemprop=\"thumbnailUrl\" ><div class='av-inner-masonry-sizer'><\/div><figure class='av-inner-masonry main_color'><div class=\"av-masonry-outerimage-container\"><div class='av-masonry-image-container lazyload' style=\"background-image:inherit;\"  title=\"SPHAERA_base25\"  data-bg-image=\"url(https:\/\/rubrails-tessilmare.com\/wp-content\/uploads\/2017\/07\/SPHAERA_base25-705x705.jpg)\"><\/div><\/div><figcaption class='av-inner-masonry-content site-background'><div class='av-inner-masonry-content-pos'><div class='av-inner-masonry-content-pos-content'><div class='avia-arrow'><\/div><div class='av-masonry-entry-content entry-content'  itemprop=\"text\" >SPHAERA 25 PVC BASE 40<\/div><\/div><\/div><\/figcaption><\/figure><\/a><!--end av-masonry entry--><a href=\"https:\/\/rubrails-tessilmare.com\/tr\/sphaera-pvc-taban-35\/\"  aria-label=\"image SPHAERA_base35\"  id='av-masonry-1-item-7833' data-av-masonry-item='7833' class='av-masonry-entry isotope-item post-7833 attachment type-attachment status-inherit hentry  av-masonry-item-with-image' title=\"SPHAERA_base35\" alt=\"\"  data-av-masonry-custom-link=\"https:\/\/rubrails-tessilmare.com\/tr\/sphaera-pvc-taban-35\/\"  itemprop=\"thumbnailUrl\" ><div class='av-inner-masonry-sizer'><\/div><figure class='av-inner-masonry main_color'><div class=\"av-masonry-outerimage-container\"><div class='av-masonry-image-container lazyload' style=\"background-image:inherit;\"  title=\"SPHAERA_base35\"  data-bg-image=\"url(https:\/\/rubrails-tessilmare.com\/wp-content\/uploads\/2017\/07\/SPHAERA_base35-705x705.jpg)\"><\/div><\/div><figcaption class='av-inner-masonry-content site-background'><div class='av-inner-masonry-content-pos'><div class='av-inner-masonry-content-pos-content'><div class='avia-arrow'><\/div><div class='av-masonry-entry-content entry-content'  itemprop=\"text\" >SPHAERA 35 PVC BASE 50<\/div><\/div><\/div><\/figcaption><\/figure><\/a><!--end av-masonry entry--><a href=\"https:\/\/rubrails-tessilmare.com\/tr\/sphaera-pvc-taban-50\/\"  aria-label=\"image SPHAERA_base50\"  id='av-masonry-1-item-8925' data-av-masonry-item='8925' class='av-masonry-entry isotope-item post-8925 attachment type-attachment status-inherit hentry  av-masonry-item-with-image' title=\"SPHAERA_base50\" alt=\"\"  data-av-masonry-custom-link=\"https:\/\/rubrails-tessilmare.com\/tr\/sphaera-pvc-taban-50\/\"  itemprop=\"thumbnailUrl\" ><div class='av-inner-masonry-sizer'><\/div><figure class='av-inner-masonry main_color'><div class=\"av-masonry-outerimage-container\"><div class='av-masonry-image-container lazyload' style=\"background-image:inherit;\"  title=\"SPHAERA_base50\"  data-bg-image=\"url(https:\/\/rubrails-tessilmare.com\/wp-content\/uploads\/2017\/07\/SPHAERA_base50-705x705.jpg)\"><\/div><\/div><figcaption class='av-inner-masonry-content site-background'><div class='av-inner-masonry-content-pos'><div class='av-inner-masonry-content-pos-content'><div class='avia-arrow'><\/div><div class='av-masonry-entry-content entry-content'  itemprop=\"text\" >SPHAERA 50 PVC BASE 70<\/div><\/div><\/div><\/figcaption><\/figure><\/a><!--end av-masonry entry--><a href=\"https:\/\/rubrails-tessilmare.com\/tr\/sphaera-pvc-taban-65\/\"  aria-label=\"image SPHAERA_base65\"  id='av-masonry-1-item-9386' data-av-masonry-item='9386' class='av-masonry-entry isotope-item post-9386 attachment type-attachment status-inherit hentry  av-masonry-item-with-image' title=\"SPHAERA_base65\" alt=\"BOAT BOW RAILS - SPHAERA PVC BASE 65\"  data-av-masonry-custom-link=\"https:\/\/rubrails-tessilmare.com\/tr\/sphaera-pvc-taban-65\/\"  itemprop=\"thumbnailUrl\" ><div class='av-inner-masonry-sizer'><\/div><figure class='av-inner-masonry main_color'><div class=\"av-masonry-outerimage-container\"><div class='av-masonry-image-container lazyload' style=\"background-image:inherit;\"  title=\"SPHAERA_base65\"  data-bg-image=\"url(https:\/\/rubrails-tessilmare.com\/wp-content\/uploads\/2017\/07\/SPHAERA_base65-705x705.jpg)\"><\/div><\/div><figcaption class='av-inner-masonry-content site-background'><div class='av-inner-masonry-content-pos'><div class='av-inner-masonry-content-pos-content'><div class='avia-arrow'><\/div><div class='av-masonry-entry-content entry-content'  itemprop=\"text\" >SPHAERA 65 PVC BASE 80<\/div><\/div><\/div><\/figcaption><\/figure><\/a><!--end av-masonry entry--><\/div><\/div>\n\n<style type=\"text\/css\" data-created_by=\"avia_inline_auto\" id=\"style-css-av-ao2h9-ebd986e8f4a4d7179c2926596a28e9fd\">\n#top .hr.hr-invisible.av-ao2h9-ebd986e8f4a4d7179c2926596a28e9fd{\nheight:5px;\n}\n<\/style>\n<div  class='hr av-ao2h9-ebd986e8f4a4d7179c2926596a28e9fd hr-invisible  avia-builder-el-6  el_after_av_masonry_gallery  avia-builder-el-no-sibling '><span class='hr-inner '><span class=\"hr-inner-style\"><\/span><\/span><\/div>\n","protected":false},"excerpt":{"rendered":"","protected":false},"author":1,"featured_media":0,"parent":7514,"menu_order":0,"comment_status":"closed","ping_status":"closed","template":"","meta":{"rank_math_lock_modified_date":false,"footnotes":""},"class_list":["post-7549","page","type-page","status-publish","hentry"],"_links":{"self":[{"href":"https:\/\/rubrails-tessilmare.com\/tr\/wp-json\/wp\/v2\/pages\/7549"}],"collection":[{"href":"https:\/\/rubrails-tessilmare.com\/tr\/wp-json\/wp\/v2\/pages"}],"about":[{"href":"https:\/\/rubrails-tessilmare.com\/tr\/wp-json\/wp\/v2\/types\/page"}],"author":[{"embeddable":true,"href":"https:\/\/rubrails-tessilmare.com\/tr\/wp-json\/wp\/v2\/users\/1"}],"replies":[{"embeddable":true,"href":"https:\/\/rubrails-tessilmare.com\/tr\/wp-json\/wp\/v2\/comments?post=7549"}],"version-history":[{"count":6,"href":"https:\/\/rubrails-tessilmare.com\/tr\/wp-json\/wp\/v2\/pages\/7549\/revisions"}],"predecessor-version":[{"id":9278,"href":"https:\/\/rubrails-tessilmare.com\/tr\/wp-json\/wp\/v2\/pages\/7549\/revisions\/9278"}],"up":[{"embeddable":true,"href":"https:\/\/rubrails-tessilmare.com\/tr\/wp-json\/wp\/v2\/pages\/7514"}],"wp:attachment":[{"href":"https:\/\/rubrails-tessilmare.com\/tr\/wp-json\/wp\/v2\/media?parent=7549"}],"curies":[{"name":"wp","href":"https:\/\/api.w.org\/{rel}","templated":true}]}}