{"id":7556,"date":"2017-07-19T16:33:38","date_gmt":"2017-07-19T14:33:38","guid":{"rendered":"https:\/\/rubrails-tessilmare.com\/biz-kimiz\/"},"modified":"2025-05-09T09:34:24","modified_gmt":"2025-05-09T07:34:24","slug":"biz-kimiz","status":"publish","type":"page","link":"https:\/\/rubrails-tessilmare.com\/tr\/biz-kimiz\/","title":{"rendered":"Biz kimiz"},"content":{"rendered":"\n<style type=\"text\/css\" data-created_by=\"avia_inline_auto\" id=\"style-css-av-77e40-2448fbe5a8fbd5adf15b251415b46258\">\n.flex_column.av-77e40-2448fbe5a8fbd5adf15b251415b46258{\nborder-radius:0px 0px 0px 0px;\npadding:0px 0px 0px 0px;\n}\n<\/style>\n<div  class='flex_column av-77e40-2448fbe5a8fbd5adf15b251415b46258 av_one_full  avia-builder-el-0  el_before_av_hr  avia-builder-el-first  first flex_column_div av-zero-column-padding  '     ><p>\n<style type=\"text\/css\" data-created_by=\"avia_inline_auto\" id=\"style-css-av-73264-a9f139be979c8534b216373d7a6a0080\">\n#top .av-special-heading.av-73264-a9f139be979c8534b216373d7a6a0080{\npadding-bottom:0;\n}\nbody .av-special-heading.av-73264-a9f139be979c8534b216373d7a6a0080 .av-special-heading-tag .heading-char{\nfont-size:25px;\n}\n.av-special-heading.av-73264-a9f139be979c8534b216373d7a6a0080 .av-subheading{\nfont-size:15px;\n}\n<\/style>\n<div  class='av-special-heading av-73264-a9f139be979c8534b216373d7a6a0080 av-special-heading-h1 blockquote modern-quote modern-centered  avia-builder-el-1  el_before_av_hr  avia-builder-el-first '><h1 class='av-special-heading-tag '  itemprop=\"headline\"  >B\u0130Z K\u0130M\u0130Z<\/h1><div class=\"special-heading-border\"><div class=\"special-heading-inner-border\"><\/div><\/div><\/div><br \/>\n\n<style type=\"text\/css\" data-created_by=\"avia_inline_auto\" id=\"style-css-av-6asvw-fd9d26c834422d3fb47b48f2ab5e03f5\">\n#top .hr.av-6asvw-fd9d26c834422d3fb47b48f2ab5e03f5{\nmargin-top:5px;\nmargin-bottom:10px;\n}\n.hr.av-6asvw-fd9d26c834422d3fb47b48f2ab5e03f5 .hr-inner{\nwidth:7%;\nborder-color:#15354e;\n}\n<\/style>\n<div  class='hr av-6asvw-fd9d26c834422d3fb47b48f2ab5e03f5 hr-custom  avia-builder-el-2  el_after_av_heading  avia-builder-el-last  hr-center hr-icon-no'><span class='hr-inner inner-border-av-border-fat'><span class=\"hr-inner-style\"><\/span><\/span><\/div><\/p><\/div>\n\n<style type=\"text\/css\" data-created_by=\"avia_inline_auto\" id=\"style-css-av-5pvew-24c2a53f5053a0193f4833059d494e85\">\n#top .hr.hr-invisible.av-5pvew-24c2a53f5053a0193f4833059d494e85{\nmargin-top:-30px;\nheight:1px;\n}\n<\/style>\n<div  class='hr av-5pvew-24c2a53f5053a0193f4833059d494e85 hr-invisible  avia-builder-el-3  el_after_av_one_full  el_before_av_one_third '><span class='hr-inner '><span class=\"hr-inner-style\"><\/span><\/span><\/div>\n\n<style type=\"text\/css\" data-created_by=\"avia_inline_auto\" id=\"style-css-av-54y0o-79cb8505a9e223c69008209d1924faf4\">\n.flex_column.av-54y0o-79cb8505a9e223c69008209d1924faf4{\nborder-width:1px;\nborder-color:#15354e;\nborder-style:solid;\nborder-radius:0px 0px 0px 0px;\npadding:5px 5px 5px 5px;\n}\n<\/style>\n<div  class='flex_column av-54y0o-79cb8505a9e223c69008209d1924faf4 av_one_third  avia-builder-el-4  el_after_av_hr  el_before_av_two_third  first av-break-at-tablet flex_column_div  '     ><style type=\"text\/css\" data-created_by=\"avia_inline_auto\" id=\"style-css-av-4bgd8-5988ca63ee8a6cc33c4392540e0c2fa4\">\n.avia-image-container.av-4bgd8-5988ca63ee8a6cc33c4392540e0c2fa4 img.avia_image{\nbox-shadow:none;\n}\n.avia-image-container.av-4bgd8-5988ca63ee8a6cc33c4392540e0c2fa4 .av-image-caption-overlay-center{\ncolor:#ffffff;\n}\n<\/style>\n<div  class='avia-image-container av-4bgd8-5988ca63ee8a6cc33c4392540e0c2fa4 av-styling- avia-align-center  avia-builder-el-5  avia-builder-el-no-sibling '   itemprop=\"image\" itemscope=\"itemscope\" itemtype=\"https:\/\/schema.org\/ImageObject\" ><div class=\"avia-image-container-inner\"><div class=\"avia-image-overlay-wrap\"><img decoding=\"async\" fetchpriority=\"high\" class='wp-image-7557 avia-img-lazy-loading-not-7557 avia_image ' src=\"https:\/\/rubrails-tessilmare.com\/wp-content\/uploads\/2017\/07\/Tessilmare-Staff.jpg\" alt='' title='Tessilmare-Staff'  height=\"1013\" width=\"737\"  itemprop=\"thumbnailUrl\" srcset=\"https:\/\/b1654183.smushcdn.com\/1654183\/wp-content\/uploads\/2017\/07\/Tessilmare-Staff.jpg?lossy=0&amp;strip=1&amp;webp=1 737w, https:\/\/b1654183.smushcdn.com\/1654183\/wp-content\/uploads\/2017\/07\/Tessilmare-Staff-218x300.jpg?lossy=0&amp;strip=1&amp;webp=1 218w, https:\/\/b1654183.smushcdn.com\/1654183\/wp-content\/uploads\/2017\/07\/Tessilmare-Staff-513x705.jpg?lossy=0&amp;strip=1&amp;webp=1 513w, https:\/\/b1654183.smushcdn.com\/1654183\/wp-content\/uploads\/2017\/07\/Tessilmare-Staff-450x619.jpg?lossy=0&amp;strip=1&amp;webp=1 450w\" sizes=\"(max-width: 737px) 100vw, 737px\" \/><\/div><\/div><\/div><\/div>\n\n<style type=\"text\/css\" data-created_by=\"avia_inline_auto\" id=\"style-css-av-3qprg-2231e158b7064b9d1ebb2ffc296594fa\">\n.flex_column.av-3qprg-2231e158b7064b9d1ebb2ffc296594fa{\nborder-radius:0px 0px 0px 0px;\npadding:0px 0px 0px 0px;\n}\n<\/style>\n<div  class='flex_column av-3qprg-2231e158b7064b9d1ebb2ffc296594fa av_two_third  avia-builder-el-6  el_after_av_one_third  el_before_av_hr  av-break-at-tablet flex_column_div av-zero-column-padding  '     ><p>\n<style type=\"text\/css\" data-created_by=\"avia_inline_auto\" id=\"style-css-av-3jurs-611bfff55ce2af1e91af9650d782ede7\">\n#top .hr.hr-invisible.av-3jurs-611bfff55ce2af1e91af9650d782ede7{\nmargin-top:-13px;\nheight:1px;\n}\n<\/style>\n<div  class='hr av-3jurs-611bfff55ce2af1e91af9650d782ede7 hr-invisible  avia-builder-el-7  el_before_av_textblock  avia-builder-el-first '><span class='hr-inner '><span class=\"hr-inner-style\"><\/span><\/span><\/div><br \/>\n<section  class='av_textblock_section av-2umwg-25cc39366747e37ad1ba97f1f2869bae '   itemscope=\"itemscope\" itemtype=\"https:\/\/schema.org\/CreativeWork\" ><div class='avia_textblock'  itemprop=\"text\" ><p>Rub Rails Tessilmare&#8217;e ho\u015f geldiniz! Web sitemizi ve <a href=\"https:\/\/rubrails-tessilmare.com\/tr\/boat-rub-rails\/\">d\u00fcnya \u00e7ap\u0131nda sundu\u011fumuz m\u00fckemmel Rub Rails \u00e7e\u015fitlerini<\/a> incelemek i\u00e7in zaman ay\u0131rd\u0131\u011f\u0131n\u0131z i\u00e7in te\u015fekk\u00fcr ederiz. Tessilmare, \u0130talya&#8217;da bulunan aileye ait ve i\u015fletilen bir \u015firkettir. Tessilmare, 1947 y\u0131l\u0131ndan beri Rub Rails konusunda uzmanla\u015fm\u0131\u015ft\u0131r. M\u00fc\u015fterilerimizin en y\u00fcksek kalitede Rub Rails konusunda ne istediklerini, ihtiya\u00e7 duyduklar\u0131n\u0131 ve beklentilerini anl\u0131yoruz.<\/p>\n<p>Tessilmare&#8217;de, yaln\u0131zca en kaliteli Rub Rails \u00fcretiminde uzman\u0131z. Bir\u00e7ok \u015firket farkl\u0131 \u00fcr\u00fcn \u00e7e\u015fitlerine odaklanmay\u0131 tercih ederken, Tessilmare olarak daha az say\u0131da \u00fcr\u00fcn\u00fc ola\u011fan\u00fcst\u00fc y\u00fcksek standartlarda yapmay\u0131 tercih ediyoruz. M\u00fc\u015fterilerimize her detayda ve \u00f6l\u00e7\u00fcde m\u00fckemmel bir \u00fcr\u00fcn sunmak i\u00e7in <a href=\"https:\/\/rubrails-tessilmare.com\/who-we-are\/boat-rub-rail-new-technology\/\">\u00f6zel Patentli profiller<\/a> kullan\u0131yoruz. Rub Rails d\u00fcnyas\u0131nda devrim yaratt\u0131k ve d\u00fcnya \u00e7ap\u0131ndaki denizcilik t\u00fcketicilerine \u00e7ok y\u00f6nl\u00fc, maliyet etkin profillerin tam bir yelpazesini kolay eri\u015fimle sunduk.<\/p>\n<p>Tessilmare&#8217;deki t\u00fcm Rub Rails, m\u00fc\u015fterilere kesinlikle memnun edecek benzersiz bir \u00f6zellik sunar! Bunun bir \u00f6rne\u011fi Bino profilidir. Manip\u00fcle edilmesi ve b\u00fck\u00fclmesi \u00e7ok kolayd\u0131r ve vidalar\u0131 gizlemek ve kusursuz diki\u015fler i\u00e7in idealdir.<\/p>\n<p>Harika Rub Rail profillerimizden bir di\u011feri de Radial&#8217;dir. Radial profili kurulum a\u00e7\u0131s\u0131ndan kolayd\u0131r. Radial, \u00fc\u00e7 basit ad\u0131mda h\u0131zl\u0131 ve kolay bir \u015fekilde kurulur. Bu, neredeyse t\u00fcm rakiplere k\u0131yasla %70&#8217;e yak\u0131n daha az kurulum s\u00fcresidir! Radial Profil Rub Rail&#8217;den daha kolay veya basit bir \u015fey yoktur.<\/p>\n<p>Y\u00fcksek dayan\u0131kl\u0131l\u0131k ve son derece d\u00fc\u015f\u00fck a\u011f\u0131rl\u0131\u011fa sahip bir Rub Rail ar\u0131yorsan\u0131z, Bumper profilini mutlaka incelemelisiniz! Bumper profili, neredeyse e\u015fsiz dayan\u0131kl\u0131l\u0131kla birle\u015fen son derece hafif bir \u00e7er\u00e7eve sunar. Y\u00fcksek dayan\u0131kl\u0131l\u0131k ve d\u00fc\u015f\u00fck a\u011f\u0131rl\u0131k birle\u015fimi, harika Rub Rails elde etmek i\u00e7in a\u011f\u0131rl\u0131\u011f\u0131n\u0131zdan \u00f6d\u00fcn vermeyece\u011finiz anlam\u0131na gelir.<\/p>\n<p>En \u00e7ok satan Rub Rail&#8217;imiz hi\u00e7 \u015f\u00fcphesiz Sphaera olacakt\u0131r! Bu Rub Rail, her a\u00e7\u0131dan m\u00fckemmel \u00f6zelliklere sahiptir. Rub Rail, m\u00fc\u015fterilere y\u00fcksek d\u00fczeyde esneklik, kullan\u0131m kolayl\u0131\u011f\u0131 ve dayan\u0131kl\u0131l\u0131k sa\u011flar.<\/p>\n<\/div><\/section><\/p><\/div>\n<style type=\"text\/css\" data-created_by=\"avia_inline_auto\" id=\"style-css-av-2d3ko-20d2b19df7e5e08076d8eb387ea9ffde\">\n#top .hr.hr-invisible.av-2d3ko-20d2b19df7e5e08076d8eb387ea9ffde{\nmargin-top:-20px;\nheight:1px;\n}\n<\/style>\n<div  class='hr av-2d3ko-20d2b19df7e5e08076d8eb387ea9ffde hr-invisible  avia-builder-el-9  el_after_av_two_third  el_before_av_one_full '><span class='hr-inner '><span class=\"hr-inner-style\"><\/span><\/span><\/div><\/p>\n\n<style type=\"text\/css\" data-created_by=\"avia_inline_auto\" id=\"style-css-av-5lds-6e21b4059e8342f07115565cfd567acc\">\n.flex_column.av-5lds-6e21b4059e8342f07115565cfd567acc{\nborder-radius:0px 0px 0px 0px;\npadding:0px 0px 0px 0px;\n}\n<\/style>\n<div  class='flex_column av-5lds-6e21b4059e8342f07115565cfd567acc av_one_full  avia-builder-el-10  el_after_av_hr  avia-builder-el-last  first flex_column_div av-zero-column-padding  '     ><section  class='av_textblock_section av-ykik-6374a57f6d8842785d9c614f8a20de47 '   itemscope=\"itemscope\" itemtype=\"https:\/\/schema.org\/CreativeWork\" ><div class='avia_textblock'  itemprop=\"text\" ><p>Tessilmare&#8217;de \u00fcretti\u011fimiz t\u00fcm Rub Rail&#8217;ler Mega Yatlar, i\u015f ve hizmet tekneleri, Tekneler, Ticari ve Askeri tekneler i\u00e7in tasarlanm\u0131\u015ft\u0131r. Rub Rail&#8217;ler ayn\u0131 zamanda iskeleler ve marinadaki y\u00fcksek trafikli b\u00f6lgelerde r\u0131ht\u0131m korumas\u0131 i\u00e7in de idealdir. Nerede olursan\u0131z olun, piyasadaki en iyi Rub Rail \u00e7e\u015fitlerini sat\u0131n alabilmeniz i\u00e7in d\u00fcnya \u00e7ap\u0131nda bir distrib\u00fct\u00f6r listesi kullan\u0131yoruz. Tessilmare&#8217;nin Florida, ABD&#8217;de bulunan \u00f6zel bir \u015fubesi vard\u0131r, bu da bize Kuzey Amerika genelinde 24 saat g\u00f6nderim yapma imkan\u0131 sa\u011flar. Ayr\u0131ca harika distrib\u00fct\u00f6rlerimiz sayesinde Asya ve Avustralya&#8217;ya da g\u00f6nderim yapabiliyoruz.<\/p>\n<p>Tessilmare&#8217;de yaln\u0131zca en iyi hammaddeleri kullan\u0131yoruz. T\u00fcm deniz uygulamalar\u0131 i\u00e7in m\u00fckemmeldir. Bu, Rub Rail serimize deniz sular\u0131na, d\u00fc\u015f\u00fck ve y\u00fcksek s\u0131cakl\u0131klara ve a\u015f\u0131r\u0131 hava ko\u015fullar\u0131na kar\u015f\u0131 y\u00fcksek diren\u00e7 kazand\u0131r\u0131r. \u00dcretimde \u00e7ok esnek oldu\u011fumuz i\u00e7in, \u00f6zel uzunluklarda Rub Rail \u00fcreterek size tasarruf sa\u011fl\u0131yoruz. Daha az at\u0131k, cebinizde daha fazla para demektir. Herhangi bir soru veya talebiniz i\u00e7in hemen bizimle ileti\u015fime ge\u00e7in. Dost canl\u0131s\u0131 ve profesyonel ekip \u00fcyelerimizden biri en k\u0131sa s\u00fcrede size cevap verecektir.<\/p>\n<\/div><\/section><\/div>\n","protected":false},"excerpt":{"rendered":"","protected":false},"author":1,"featured_media":0,"parent":0,"menu_order":0,"comment_status":"closed","ping_status":"closed","template":"","meta":{"rank_math_lock_modified_date":false,"footnotes":""},"class_list":["post-7556","page","type-page","status-publish","hentry"],"_links":{"self":[{"href":"https:\/\/rubrails-tessilmare.com\/tr\/wp-json\/wp\/v2\/pages\/7556"}],"collection":[{"href":"https:\/\/rubrails-tessilmare.com\/tr\/wp-json\/wp\/v2\/pages"}],"about":[{"href":"https:\/\/rubrails-tessilmare.com\/tr\/wp-json\/wp\/v2\/types\/page"}],"author":[{"embeddable":true,"href":"https:\/\/rubrails-tessilmare.com\/tr\/wp-json\/wp\/v2\/users\/1"}],"replies":[{"embeddable":true,"href":"https:\/\/rubrails-tessilmare.com\/tr\/wp-json\/wp\/v2\/comments?post=7556"}],"version-history":[{"count":2,"href":"https:\/\/rubrails-tessilmare.com\/tr\/wp-json\/wp\/v2\/pages\/7556\/revisions"}],"predecessor-version":[{"id":7559,"href":"https:\/\/rubrails-tessilmare.com\/tr\/wp-json\/wp\/v2\/pages\/7556\/revisions\/7559"}],"wp:attachment":[{"href":"https:\/\/rubrails-tessilmare.com\/tr\/wp-json\/wp\/v2\/media?parent=7556"}],"curies":[{"name":"wp","href":"https:\/\/api.w.org\/{rel}","templated":true}]}}