{"id":7560,"date":"2024-07-30T09:42:56","date_gmt":"2024-07-30T07:42:56","guid":{"rendered":"https:\/\/rubrails-tessilmare.com\/boat-rub-rails\/qbe-celik\/"},"modified":"2025-06-11T09:00:45","modified_gmt":"2025-06-11T07:00:45","slug":"qbe-celik","status":"publish","type":"page","link":"https:\/\/rubrails-tessilmare.com\/tr\/tekne-kupeste-fitili\/qbe-celik\/","title":{"rendered":"QBE \u00c7EL\u0130K"},"content":{"rendered":"\n<style type=\"text\/css\" data-created_by=\"avia_inline_auto\" id=\"style-css-av-oavjn6-43e4e2ccccc1a5ddce71222729d5296e\">\n.flex_column.av-oavjn6-43e4e2ccccc1a5ddce71222729d5296e{\nborder-radius:0px 0px 0px 0px;\npadding:0px 0px 0px 0px;\n}\n<\/style>\n<div  class='flex_column av-oavjn6-43e4e2ccccc1a5ddce71222729d5296e av_one_full  avia-builder-el-0  el_before_av_hr  avia-builder-el-first  first flex_column_div av-zero-column-padding  '     ><p>\n<style type=\"text\/css\" data-created_by=\"avia_inline_auto\" id=\"style-css-av-ld4mkix1-f166c3c625f07cafb023fe2ab2789460\">\n#top .av-special-heading.av-ld4mkix1-f166c3c625f07cafb023fe2ab2789460{\npadding-bottom:0;\n}\nbody .av-special-heading.av-ld4mkix1-f166c3c625f07cafb023fe2ab2789460 .av-special-heading-tag .heading-char{\nfont-size:25px;\n}\n.av-special-heading.av-ld4mkix1-f166c3c625f07cafb023fe2ab2789460 .av-subheading{\nfont-size:15px;\n}\n<\/style>\n<div  class='av-special-heading av-ld4mkix1-f166c3c625f07cafb023fe2ab2789460 av-special-heading-h1 blockquote modern-quote modern-centered  avia-builder-el-1  el_before_av_heading  avia-builder-el-first '><h1 class='av-special-heading-tag '  itemprop=\"headline\"  >TEKNE K\u00dcPE\u015eTE FITILI &#8211; QBE STEEL<\/h1><div class=\"special-heading-border\"><div class=\"special-heading-inner-border\"><\/div><\/div><\/div><br \/>\n\n<style type=\"text\/css\" data-created_by=\"avia_inline_auto\" id=\"style-css-av-ld4njbz0-23513a1af875b81a05f6cc50af78e8fe\">\n#top .av-special-heading.av-ld4njbz0-23513a1af875b81a05f6cc50af78e8fe{\npadding-bottom:0;\nfont-size:20px;\n}\nbody .av-special-heading.av-ld4njbz0-23513a1af875b81a05f6cc50af78e8fe .av-special-heading-tag .heading-char{\nfont-size:25px;\n}\n#top #wrap_all .av-special-heading.av-ld4njbz0-23513a1af875b81a05f6cc50af78e8fe .av-special-heading-tag{\nfont-size:20px;\n}\n.av-special-heading.av-ld4njbz0-23513a1af875b81a05f6cc50af78e8fe .av-subheading{\nfont-size:15px;\n}\n\n@media only screen and (min-width: 480px) and (max-width: 767px){ \n#top #wrap_all .av-special-heading.av-ld4njbz0-23513a1af875b81a05f6cc50af78e8fe .av-special-heading-tag{\nfont-size:0.8em;\n}\n}\n\n@media only screen and (max-width: 479px){ \n#top #wrap_all .av-special-heading.av-ld4njbz0-23513a1af875b81a05f6cc50af78e8fe .av-special-heading-tag{\nfont-size:0.8em;\n}\n}\n<\/style>\n<div  class='av-special-heading av-ld4njbz0-23513a1af875b81a05f6cc50af78e8fe av-special-heading-h2 blockquote modern-quote modern-centered  avia-builder-el-2  el_after_av_heading  el_before_av_hr  av-inherit-size'><h2 class='av-special-heading-tag '  itemprop=\"headline\"  >QBE STEEL, kutulu ve sandvi\u00e7 birle\u015fim tekneleri i\u00e7in ideal olan paslanmaz \u00e7elikten yap\u0131lm\u0131\u015f yepyeni, kare \u015fekilli, a\u011f\u0131r hizmet tipi premium bir rub rail markas\u0131d\u0131r.<\/h2><div class=\"special-heading-border\"><div class=\"special-heading-inner-border\"><\/div><\/div><\/div><br \/>\n\n<style type=\"text\/css\" data-created_by=\"avia_inline_auto\" id=\"style-css-av-mm2476-791814fe3a553dd088e0e6e53d6f7b26\">\n#top .hr.av-mm2476-791814fe3a553dd088e0e6e53d6f7b26{\nmargin-top:5px;\nmargin-bottom:10px;\n}\n.hr.av-mm2476-791814fe3a553dd088e0e6e53d6f7b26 .hr-inner{\nwidth:7%;\nborder-color:#15354e;\n}\n<\/style>\n<div  class='hr av-mm2476-791814fe3a553dd088e0e6e53d6f7b26 hr-custom  avia-builder-el-3  el_after_av_heading  el_before_av_textblock  hr-center hr-icon-no'><span class='hr-inner inner-border-av-border-fat'><span class=\"hr-inner-style\"><\/span><\/span><\/div><br \/>\n<section  class='av_textblock_section av-ldmuic7s-ca8acab26b9a3dd59eb1281581c102f0 '   itemscope=\"itemscope\" itemtype=\"https:\/\/schema.org\/CreativeWork\" ><div class='avia_textblock'  itemprop=\"text\" ><p>Tessilmare&#8217;de, m\u00fc\u015fterilerimizin ihtiya\u00e7lar\u0131n\u0131 kar\u015f\u0131lamak ve onlar\u0131n harika projelerini ger\u00e7ekle\u015ftirmelerine yard\u0131mc\u0131 olmak i\u00e7in her zaman yeni fikirler ar\u0131yoruz.<\/p>\n<p>Tessilmare i\u00e7in <strong>yenilik kelimesi zarafet, ama ayn\u0131 zamanda pratiklik ve tasarruf anlam\u0131na gelir<\/strong>.<\/p>\n<p><strong>QbeSteel<\/strong>, Tessilmare&#8217;nin yeni <strong>Patent Bekleyen<\/strong> borda profili.<\/p>\n<p>G\u00f6vdeye m\u00fcmk\u00fcn olan en y\u00fcksek korumay\u0131 sunmak i\u00e7in iki farkl\u0131 malzemeyi (PVC taban ve 316 L Paslanmaz \u00c7elik \u00e7ubuk) birle\u015ftiren son derece yenilik\u00e7i bir \u00fcr\u00fcn, de\u011ferli bir estetik sonu\u00e7 garanti eder.<\/p>\n<p><strong>QbeSteel, sandvi\u00e7 birle\u015fimli tekneler i\u00e7in ilk Paslanmaz \u00c7elik borda profilidir!<\/strong><\/p>\n<p>Sadece bu de\u011fil! <strong>ikili<\/strong>dir, bu y\u00fczden g\u00fcverte birle\u015fimlerine bile kolayca uyabilir.<\/p>\n<p><strong>Teknenizde Qbe Steel&#8217;i test etmeye haz\u0131r m\u0131s\u0131n\u0131z?<\/strong><\/p>\n<\/div><\/section><\/p><\/div>\n\n<style type=\"text\/css\" data-created_by=\"avia_inline_auto\" id=\"style-css-av-kbwapu-f4a2279ab67c285a4227ff02880fb2ff\">\n#top .hr.hr-invisible.av-kbwapu-f4a2279ab67c285a4227ff02880fb2ff{\nheight:5px;\n}\n<\/style>\n<div  class='hr av-kbwapu-f4a2279ab67c285a4227ff02880fb2ff hr-invisible  avia-builder-el-5  el_after_av_one_full  el_before_av_one_full '><span class='hr-inner '><span class=\"hr-inner-style\"><\/span><\/span><\/div>\n\n<style type=\"text\/css\" data-created_by=\"avia_inline_auto\" id=\"style-css-av-inddcy-cb066d6c8f5dcbc116709fbf6601d7c1\">\n.flex_column.av-inddcy-cb066d6c8f5dcbc116709fbf6601d7c1{\nborder-radius:0px 0px 0px 0px;\npadding:0px 0px 0px 0px;\n}\n<\/style>\n<div  class='flex_column av-inddcy-cb066d6c8f5dcbc116709fbf6601d7c1 av_one_full  avia-builder-el-6  el_after_av_hr  el_before_av_hr  first flex_column_div av-zero-column-padding  '     ><div id='av-masonry-1' class='av-masonry av-ldmv77v4-db8e181bad7ca518f57e70c89bfeedad noHover av-fixed-size av-1px-gap av-hover-overlay-active av-masonry-animation-active av-masonry-col-3 av-caption-on-hover av-caption-style-overlay av-masonry-gallery av-medium-columns-overwrite av-medium-columns-3 av-orientation-square ' data-post_id=\"7560\"><div class=\"av-masonry-container isotope av-js-disabled\"><div class='av-masonry-entry isotope-item av-masonry-item-no-image '><\/div><a href=\"https:\/\/rubrails-tessilmare.com\/tr\/qbe-steel-25\/\"  aria-label=\"image Qbe Steel 25 black\"  target=\"_blank\" rel=\"noopener noreferrer\" id='av-masonry-1-item-7562' data-av-masonry-item='7562' class='av-masonry-entry isotope-item post-7562 attachment type-attachment status-inherit hentry  av-masonry-item-with-image' title=\"Qbe Steel 25 black\" alt=\"\"  data-av-masonry-custom-link=\"https:\/\/rubrails-tessilmare.com\/tr\/qbe-steel-25\/\"  itemprop=\"thumbnailUrl\" ><div class='av-inner-masonry-sizer'><\/div><figure class='av-inner-masonry main_color'><div class=\"av-masonry-outerimage-container\"><div class='av-masonry-image-container lazyload' style=\"background-image:inherit;\"  title=\"Qbe Steel 25 black\"  data-bg-image=\"url(https:\/\/rubrails-tessilmare.com\/wp-content\/uploads\/2024\/07\/Qbe-Steel-25-black-705x621.jpg)\"><\/div><\/div><figcaption class='av-inner-masonry-content site-background'><div class='av-inner-masonry-content-pos'><div class='av-inner-masonry-content-pos-content'><div class='avia-arrow'><\/div><div class='av-masonry-entry-content entry-content'  itemprop=\"text\" >Qbe Steel 25<\/div><\/div><\/div><\/figcaption><\/figure><\/a><!--end av-masonry entry--><a href=\"https:\/\/rubrails-tessilmare.com\/tr\/qbe-steel-35\/\"  aria-label=\"image Qbe Steel 35 black\"  target=\"_blank\" rel=\"noopener noreferrer\" id='av-masonry-1-item-7563' data-av-masonry-item='7563' class='av-masonry-entry isotope-item post-7563 attachment type-attachment status-inherit hentry  av-masonry-item-with-image' title=\"Qbe Steel 35 black\" alt=\"\"  data-av-masonry-custom-link=\"https:\/\/rubrails-tessilmare.com\/tr\/qbe-steel-35\/\"  itemprop=\"thumbnailUrl\" ><div class='av-inner-masonry-sizer'><\/div><figure class='av-inner-masonry main_color'><div class=\"av-masonry-outerimage-container\"><div class='av-masonry-image-container lazyload' style=\"background-image:inherit;\"  title=\"Qbe Steel 35 black\"  data-bg-image=\"url(https:\/\/rubrails-tessilmare.com\/wp-content\/uploads\/2024\/07\/Qbe-Steel-35-black-705x621.jpg)\"><\/div><\/div><figcaption class='av-inner-masonry-content site-background'><div class='av-inner-masonry-content-pos'><div class='av-inner-masonry-content-pos-content'><div class='avia-arrow'><\/div><div class='av-masonry-entry-content entry-content'  itemprop=\"text\" >Qbe Steel 35<\/div><\/div><\/div><\/figcaption><\/figure><\/a><!--end av-masonry entry--><a href=\"https:\/\/rubrails-tessilmare.com\/tr\/qbe-steel-50\/\"  aria-label=\"image Qbe Steel 50 black\"  target=\"_blank\" rel=\"noopener noreferrer\" id='av-masonry-1-item-7564' data-av-masonry-item='7564' class='av-masonry-entry isotope-item post-7564 attachment type-attachment status-inherit hentry  av-masonry-item-with-image' title=\"Qbe Steel 50 black\" alt=\"\"  data-av-masonry-custom-link=\"https:\/\/rubrails-tessilmare.com\/tr\/qbe-steel-50\/\"  itemprop=\"thumbnailUrl\" ><div class='av-inner-masonry-sizer'><\/div><figure class='av-inner-masonry main_color'><div class=\"av-masonry-outerimage-container\"><div class='av-masonry-image-container lazyload' style=\"background-image:inherit;\"  title=\"Qbe Steel 50 black\"  data-bg-image=\"url(https:\/\/rubrails-tessilmare.com\/wp-content\/uploads\/2024\/07\/Qbe-Steel-50-black-705x621.jpg)\"><\/div><\/div><figcaption class='av-inner-masonry-content site-background'><div class='av-inner-masonry-content-pos'><div class='av-inner-masonry-content-pos-content'><div class='avia-arrow'><\/div><div class='av-masonry-entry-content entry-content'  itemprop=\"text\" >Qbe Steel 50<\/div><\/div><\/div><\/figcaption><\/figure><\/a><!--end av-masonry entry--><\/div><\/div><\/div>\n<style type=\"text\/css\" data-created_by=\"avia_inline_auto\" id=\"style-css-av-cp2tle-4fde322c79bd373f6f138ed99eee2b33\">\n#top .hr.av-cp2tle-4fde322c79bd373f6f138ed99eee2b33{\nmargin-top:5px;\nmargin-bottom:10px;\n}\n.hr.av-cp2tle-4fde322c79bd373f6f138ed99eee2b33 .hr-inner{\nwidth:7%;\nborder-color:#15354e;\n}\n<\/style>\n<div  class='hr av-cp2tle-4fde322c79bd373f6f138ed99eee2b33 hr-custom  avia-builder-el-8  el_after_av_one_full  avia-builder-el-last  hr-center hr-icon-no'><span class='hr-inner inner-border-av-border-fat'><span class=\"hr-inner-style\"><\/span><\/span><\/div><\/p>\n","protected":false},"excerpt":{"rendered":"","protected":false},"author":2,"featured_media":7564,"parent":7514,"menu_order":0,"comment_status":"closed","ping_status":"closed","template":"","meta":{"rank_math_lock_modified_date":false,"footnotes":""},"class_list":["post-7560","page","type-page","status-publish","has-post-thumbnail","hentry","tag_pagina-boat-bow-guard","tag_pagina-boat-bow-rails","tag_pagina-boat-bumper-rail","tag_pagina-boat-bumpers","tag_pagina-boat-fenders","tag_pagina-boat-side-rails","tag_pagina-rub-rail","tag_pagina-rub-rail-kit","tag_pagina-rubber-boat-bumpers"],"_links":{"self":[{"href":"https:\/\/rubrails-tessilmare.com\/tr\/wp-json\/wp\/v2\/pages\/7560"}],"collection":[{"href":"https:\/\/rubrails-tessilmare.com\/tr\/wp-json\/wp\/v2\/pages"}],"about":[{"href":"https:\/\/rubrails-tessilmare.com\/tr\/wp-json\/wp\/v2\/types\/page"}],"author":[{"embeddable":true,"href":"https:\/\/rubrails-tessilmare.com\/tr\/wp-json\/wp\/v2\/users\/2"}],"replies":[{"embeddable":true,"href":"https:\/\/rubrails-tessilmare.com\/tr\/wp-json\/wp\/v2\/comments?post=7560"}],"version-history":[{"count":15,"href":"https:\/\/rubrails-tessilmare.com\/tr\/wp-json\/wp\/v2\/pages\/7560\/revisions"}],"predecessor-version":[{"id":9399,"href":"https:\/\/rubrails-tessilmare.com\/tr\/wp-json\/wp\/v2\/pages\/7560\/revisions\/9399"}],"up":[{"embeddable":true,"href":"https:\/\/rubrails-tessilmare.com\/tr\/wp-json\/wp\/v2\/pages\/7514"}],"wp:featuredmedia":[{"embeddable":true,"href":"https:\/\/rubrails-tessilmare.com\/tr\/wp-json\/wp\/v2\/media\/7564"}],"wp:attachment":[{"href":"https:\/\/rubrails-tessilmare.com\/tr\/wp-json\/wp\/v2\/media?parent=7560"}],"curies":[{"name":"wp","href":"https:\/\/api.w.org\/{rel}","templated":true}]}}