{"id":7567,"date":"2023-02-02T10:14:18","date_gmt":"2023-02-02T09:14:18","guid":{"rendered":"https:\/\/rubrails-tessilmare.com\/boat-rub-rails\/qbe\/"},"modified":"2025-05-30T09:29:05","modified_gmt":"2025-05-30T07:29:05","slug":"qbe","status":"publish","type":"page","link":"https:\/\/rubrails-tessilmare.com\/tr\/tekne-kupeste-fitili\/qbe\/","title":{"rendered":"QBE"},"content":{"rendered":"\n<style type=\"text\/css\" data-created_by=\"avia_inline_auto\" id=\"style-css-av-oavjn6-43e4e2ccccc1a5ddce71222729d5296e\">\n.flex_column.av-oavjn6-43e4e2ccccc1a5ddce71222729d5296e{\nborder-radius:0px 0px 0px 0px;\npadding:0px 0px 0px 0px;\n}\n<\/style>\n<div  class='flex_column av-oavjn6-43e4e2ccccc1a5ddce71222729d5296e av_one_full  avia-builder-el-0  el_before_av_one_full  avia-builder-el-first  first flex_column_div av-zero-column-padding  '     ><p>\n<style type=\"text\/css\" data-created_by=\"avia_inline_auto\" id=\"style-css-av-ld4mkix1-2b2a7350301215a210d94a308341781d\">\n#top .av-special-heading.av-ld4mkix1-2b2a7350301215a210d94a308341781d{\npadding-bottom:0;\n}\nbody .av-special-heading.av-ld4mkix1-2b2a7350301215a210d94a308341781d .av-special-heading-tag .heading-char{\nfont-size:25px;\n}\n.av-special-heading.av-ld4mkix1-2b2a7350301215a210d94a308341781d .av-subheading{\nfont-size:15px;\n}\n<\/style>\n<div  class='av-special-heading av-ld4mkix1-2b2a7350301215a210d94a308341781d av-special-heading-h1 blockquote modern-quote modern-centered  avia-builder-el-1  el_before_av_heading  avia-builder-el-first '><h1 class='av-special-heading-tag '  itemprop=\"headline\"  >TEKNE K\u00dcPE\u015eTE FITILI &#8211; QBE<\/h1><div class=\"special-heading-border\"><div class=\"special-heading-inner-border\"><\/div><\/div><\/div><br \/>\n\n<style type=\"text\/css\" data-created_by=\"avia_inline_auto\" id=\"style-css-av-ld4njbz0-18f03344be45a58602d2ef23e60a763b\">\n#top .av-special-heading.av-ld4njbz0-18f03344be45a58602d2ef23e60a763b{\npadding-bottom:0;\nfont-size:20px;\n}\nbody .av-special-heading.av-ld4njbz0-18f03344be45a58602d2ef23e60a763b .av-special-heading-tag .heading-char{\nfont-size:25px;\n}\n#top #wrap_all .av-special-heading.av-ld4njbz0-18f03344be45a58602d2ef23e60a763b .av-special-heading-tag{\nfont-size:20px;\n}\n.av-special-heading.av-ld4njbz0-18f03344be45a58602d2ef23e60a763b .av-subheading{\nfont-size:15px;\n}\n\n@media only screen and (min-width: 480px) and (max-width: 767px){ \n#top #wrap_all .av-special-heading.av-ld4njbz0-18f03344be45a58602d2ef23e60a763b .av-special-heading-tag{\nfont-size:0.8em;\n}\n}\n\n@media only screen and (max-width: 479px){ \n#top #wrap_all .av-special-heading.av-ld4njbz0-18f03344be45a58602d2ef23e60a763b .av-special-heading-tag{\nfont-size:0.8em;\n}\n}\n<\/style>\n<div  class='av-special-heading av-ld4njbz0-18f03344be45a58602d2ef23e60a763b av-special-heading-h2 blockquote modern-quote modern-centered  avia-builder-el-2  el_after_av_heading  el_before_av_hr  av-inherit-size'><h2 class='av-special-heading-tag '  itemprop=\"headline\"  >QBE, Tessilmare\u2019den en son yeniliktir: Kutulu ve sandvi\u00e7 birle\u015fim tekneleri i\u00e7in ideal, yepyeni kare \u015fekilli a\u011f\u0131r hizmet tipi k\u00fcpe\u015fte fitili.<\/h2><div class=\"special-heading-border\"><div class=\"special-heading-inner-border\"><\/div><\/div><\/div><br \/>\n\n<style type=\"text\/css\" data-created_by=\"avia_inline_auto\" id=\"style-css-av-mm2476-791814fe3a553dd088e0e6e53d6f7b26\">\n#top .hr.av-mm2476-791814fe3a553dd088e0e6e53d6f7b26{\nmargin-top:5px;\nmargin-bottom:10px;\n}\n.hr.av-mm2476-791814fe3a553dd088e0e6e53d6f7b26 .hr-inner{\nwidth:7%;\nborder-color:#15354e;\n}\n<\/style>\n<div  class='hr av-mm2476-791814fe3a553dd088e0e6e53d6f7b26 hr-custom  avia-builder-el-3  el_after_av_heading  avia-builder-el-last  hr-center hr-icon-no'><span class='hr-inner inner-border-av-border-fat'><span class=\"hr-inner-style\"><\/span><\/span><\/div><\/p><\/div>\n<style type=\"text\/css\" data-created_by=\"avia_inline_auto\" id=\"style-css-av-inddcy-cb066d6c8f5dcbc116709fbf6601d7c1\">\n.flex_column.av-inddcy-cb066d6c8f5dcbc116709fbf6601d7c1{\nborder-radius:0px 0px 0px 0px;\npadding:0px 0px 0px 0px;\n}\n<\/style>\n<div  class='flex_column av-inddcy-cb066d6c8f5dcbc116709fbf6601d7c1 av_one_full  avia-builder-el-4  el_after_av_one_full  el_before_av_hr  first flex_column_div av-zero-column-padding  column-top-margin'     ><p><section  class='av_textblock_section av-ldmuic7s-ca8acab26b9a3dd59eb1281581c102f0 '   itemscope=\"itemscope\" itemtype=\"https:\/\/schema.org\/CreativeWork\" ><div class='avia_textblock'  itemprop=\"text\" ><p>Its <strong>yenilik\u00e7i tasar\u0131m\u0131<\/strong>, <strong>QBE<\/strong>&#8216;ye darbelere kar\u015f\u0131 <strong>y\u00fcksek koruma<\/strong> sa\u011flar ve onu e\u011flence, ticari ve askeri tekneler i\u00e7in uygun hale getirir.<\/p>\n<p>PATENTL\u0130 iki par\u00e7al\u0131 tasar\u0131m\u0131 sayesinde kolayca b\u00fck\u00fclebilir. At\u0131\u011f\u0131 \u00f6nlemek ve ba\u011flant\u0131lardan ka\u00e7\u0131narak <strong>kolay montaj<\/strong> sa\u011flamak i\u00e7in \u00f6zel olarak kesilmi\u015ftir. Taban tekneye sabitlendikten sonra, \u00fcst k\u0131sm\u0131 basit\u00e7e bas\u0131n\u00e7la sabitlenebilir.<\/p>\n<p>Hi\u00e7bir vida ve\/veya per\u00e7in g\u00f6r\u00fcnmez ve\/veya darbeler durumunda teknelere zarar vermez.<\/p>\n<p>Qbe&#8217;nin yap\u0131ld\u0131\u011f\u0131 PVC malzeme, renginin di\u011fer y\u00fczeylerde iz b\u0131rakmamas\u0131n\u0131 sa\u011flar.<\/p>\n<p>Qbe&#8217;nin mod\u00fclerli\u011fi, zamanla iki par\u00e7adan birinin ayr\u0131 ayr\u0131 de\u011fi\u015ftirilmesine olanak tan\u0131r.<\/p>\n<p>Qbe, <strong>\u00e7a\u011fda\u015f bir stile<\/strong> ve <strong>kesintisiz bir g\u00f6r\u00fcn\u00fcme<\/strong> sahiptir.<\/p>\n<\/div><\/section><br \/>\n<div id='av-masonry-1' class='av-masonry av-ldmv77v4-26499d3371d9336f3039b9c5b1bc0d8c noHover av-fixed-size av-1px-gap av-hover-overlay-active av-masonry-animation-active av-masonry-col-3 av-caption-on-hover av-caption-style-overlay av-masonry-gallery av-medium-columns-overwrite av-medium-columns-3 av-orientation-square ' data-post_id=\"7567\"><div class=\"av-masonry-container isotope av-js-disabled\"><div class='av-masonry-entry isotope-item av-masonry-item-no-image '><\/div><a href=\"https:\/\/rubrails-tessilmare.com\/tr\/qbe-65\/\"  aria-label=\"image Qbe 65 orange\"  target=\"_blank\" rel=\"noopener noreferrer\" id='av-masonry-1-item-7568' data-av-masonry-item='7568' class='av-masonry-entry isotope-item post-7568 attachment type-attachment status-inherit hentry  av-masonry-item-with-image' title=\"Qbe 65 orange\" alt=\"\"  data-av-masonry-custom-link=\"https:\/\/rubrails-tessilmare.com\/tr\/qbe-65\/\"  itemprop=\"thumbnailUrl\" ><div class='av-inner-masonry-sizer'><\/div><figure class='av-inner-masonry main_color'><div class=\"av-masonry-outerimage-container\"><div class='av-masonry-image-container lazyload' style=\"background-image:inherit;\"  title=\"Qbe 65 orange\"  data-bg-image=\"url(https:\/\/rubrails-tessilmare.com\/wp-content\/uploads\/2023\/02\/Qbe-65-orange-1-705x621.png)\"><\/div><\/div><figcaption class='av-inner-masonry-content site-background'><div class='av-inner-masonry-content-pos'><div class='av-inner-masonry-content-pos-content'><div class='avia-arrow'><\/div><div class='av-masonry-entry-content entry-content'  itemprop=\"text\" >Qbe 65<\/div><\/div><\/div><\/figcaption><\/figure><\/a><!--end av-masonry entry--><a href=\"https:\/\/rubrails-tessilmare.com\/tr\/qbe-90\/\"  aria-label=\"image Qbe 90 orange\"  target=\"_blank\" rel=\"noopener noreferrer\" id='av-masonry-1-item-7569' data-av-masonry-item='7569' class='av-masonry-entry isotope-item post-7569 attachment type-attachment status-inherit hentry  av-masonry-item-with-image' title=\"Qbe 90 orange\" alt=\"\"  data-av-masonry-custom-link=\"https:\/\/rubrails-tessilmare.com\/tr\/qbe-90\/\"  itemprop=\"thumbnailUrl\" ><div class='av-inner-masonry-sizer'><\/div><figure class='av-inner-masonry main_color'><div class=\"av-masonry-outerimage-container\"><div class='av-masonry-image-container lazyload' style=\"background-image:inherit;\"  title=\"Qbe 90 orange\"  data-bg-image=\"url(https:\/\/rubrails-tessilmare.com\/wp-content\/uploads\/2023\/02\/Qbe-90-orange-1-705x621.png)\"><\/div><\/div><figcaption class='av-inner-masonry-content site-background'><div class='av-inner-masonry-content-pos'><div class='av-inner-masonry-content-pos-content'><div class='avia-arrow'><\/div><div class='av-masonry-entry-content entry-content'  itemprop=\"text\" >Qbe 90<\/div><\/div><\/div><\/figcaption><\/figure><\/a><!--end av-masonry entry--><\/div><\/div><\/p><\/div>\n<style type=\"text\/css\" data-created_by=\"avia_inline_auto\" id=\"style-css-av-kbwapu-f4a2279ab67c285a4227ff02880fb2ff\">\n#top .hr.hr-invisible.av-kbwapu-f4a2279ab67c285a4227ff02880fb2ff{\nheight:5px;\n}\n<\/style>\n<div  class='hr av-kbwapu-f4a2279ab67c285a4227ff02880fb2ff hr-invisible  avia-builder-el-7  el_after_av_one_full  avia-builder-el-last '><span class='hr-inner '><span class=\"hr-inner-style\"><\/span><\/span><\/div><\/p>\n","protected":false},"excerpt":{"rendered":"","protected":false},"author":2,"featured_media":0,"parent":7514,"menu_order":0,"comment_status":"closed","ping_status":"closed","template":"","meta":{"rank_math_lock_modified_date":false,"footnotes":""},"class_list":["post-7567","page","type-page","status-publish","hentry","tag_pagina-boat-bow-guard","tag_pagina-boat-bow-rails","tag_pagina-boat-bumper-rail","tag_pagina-boat-bumpers","tag_pagina-boat-fenders","tag_pagina-boat-side-rails","tag_pagina-rub-rail","tag_pagina-rub-rail-kit","tag_pagina-rubber-boat-bumpers"],"_links":{"self":[{"href":"https:\/\/rubrails-tessilmare.com\/tr\/wp-json\/wp\/v2\/pages\/7567"}],"collection":[{"href":"https:\/\/rubrails-tessilmare.com\/tr\/wp-json\/wp\/v2\/pages"}],"about":[{"href":"https:\/\/rubrails-tessilmare.com\/tr\/wp-json\/wp\/v2\/types\/page"}],"author":[{"embeddable":true,"href":"https:\/\/rubrails-tessilmare.com\/tr\/wp-json\/wp\/v2\/users\/2"}],"replies":[{"embeddable":true,"href":"https:\/\/rubrails-tessilmare.com\/tr\/wp-json\/wp\/v2\/comments?post=7567"}],"version-history":[{"count":10,"href":"https:\/\/rubrails-tessilmare.com\/tr\/wp-json\/wp\/v2\/pages\/7567\/revisions"}],"predecessor-version":[{"id":9290,"href":"https:\/\/rubrails-tessilmare.com\/tr\/wp-json\/wp\/v2\/pages\/7567\/revisions\/9290"}],"up":[{"embeddable":true,"href":"https:\/\/rubrails-tessilmare.com\/tr\/wp-json\/wp\/v2\/pages\/7514"}],"wp:attachment":[{"href":"https:\/\/rubrails-tessilmare.com\/tr\/wp-json\/wp\/v2\/media?parent=7567"}],"curies":[{"name":"wp","href":"https:\/\/api.w.org\/{rel}","templated":true}]}}