{"id":7572,"date":"2017-07-19T16:38:22","date_gmt":"2017-07-19T14:38:22","guid":{"rendered":"https:\/\/rubrails-tessilmare.com\/boat-rub-rails\/tampon\/"},"modified":"2025-05-30T09:27:51","modified_gmt":"2025-05-30T07:27:51","slug":"tampon","status":"publish","type":"page","link":"https:\/\/rubrails-tessilmare.com\/tr\/tekne-kupeste-fitili\/tampon\/","title":{"rendered":"Tampon"},"content":{"rendered":"\n<style type=\"text\/css\" data-created_by=\"avia_inline_auto\" id=\"style-css-av-16hx99-d768db4b1018f1fa5a4bd7a89c26e71a\">\n.flex_column.av-16hx99-d768db4b1018f1fa5a4bd7a89c26e71a{\nborder-radius:0px 0px 0px 0px;\npadding:0px 0px 0px 0px;\n}\n<\/style>\n<div  class='flex_column av-16hx99-d768db4b1018f1fa5a4bd7a89c26e71a av_one_full  avia-builder-el-0  el_before_av_masonry_gallery  avia-builder-el-no-sibling  first flex_column_div av-zero-column-padding  '     ><p>\n<style type=\"text\/css\" data-created_by=\"avia_inline_auto\" id=\"style-css-av-hc2x1-ecad05a4b0061661df2e99709e0e9d62\">\n#top .av-special-heading.av-hc2x1-ecad05a4b0061661df2e99709e0e9d62{\npadding-bottom:0;\n}\nbody .av-special-heading.av-hc2x1-ecad05a4b0061661df2e99709e0e9d62 .av-special-heading-tag .heading-char{\nfont-size:25px;\n}\n.av-special-heading.av-hc2x1-ecad05a4b0061661df2e99709e0e9d62 .av-subheading{\nfont-size:15px;\n}\n<\/style>\n<div  class='av-special-heading av-hc2x1-ecad05a4b0061661df2e99709e0e9d62 av-special-heading-h1 blockquote modern-quote modern-centered  avia-builder-el-1  el_before_av_heading  avia-builder-el-first '><h1 class='av-special-heading-tag '  itemprop=\"headline\"  >TEKNE K\u00dcPE\u015eTE FITILI &#8211; TAMPON<\/h1><div class=\"special-heading-border\"><div class=\"special-heading-inner-border\"><\/div><\/div><\/div><br \/>\n\n<style type=\"text\/css\" data-created_by=\"avia_inline_auto\" id=\"style-css-av-6u0kt-ca85623cb55acc6637bed89270271ce4\">\n#top .av-special-heading.av-6u0kt-ca85623cb55acc6637bed89270271ce4{\npadding-bottom:0;\nfont-size:20px;\n}\nbody .av-special-heading.av-6u0kt-ca85623cb55acc6637bed89270271ce4 .av-special-heading-tag .heading-char{\nfont-size:25px;\n}\n#top #wrap_all .av-special-heading.av-6u0kt-ca85623cb55acc6637bed89270271ce4 .av-special-heading-tag{\nfont-size:20px;\n}\n.av-special-heading.av-6u0kt-ca85623cb55acc6637bed89270271ce4 .av-subheading{\nfont-size:15px;\n}\n\n@media only screen and (min-width: 480px) and (max-width: 767px){ \n#top #wrap_all .av-special-heading.av-6u0kt-ca85623cb55acc6637bed89270271ce4 .av-special-heading-tag{\nfont-size:0.8em;\n}\n}\n\n@media only screen and (max-width: 479px){ \n#top #wrap_all .av-special-heading.av-6u0kt-ca85623cb55acc6637bed89270271ce4 .av-special-heading-tag{\nfont-size:0.8em;\n}\n}\n<\/style>\n<div  class='av-special-heading av-6u0kt-ca85623cb55acc6637bed89270271ce4 av-special-heading-h2 blockquote modern-quote modern-centered  avia-builder-el-2  el_after_av_heading  el_before_av_hr  av-inherit-size'><h2 class='av-special-heading-tag '  itemprop=\"headline\"  >BUMPER, hafif bir \u00e7er\u00e7eveyi g\u00fc\u00e7le birle\u015ftiren d\u00fcnyadaki ilk \u00fcr\u00fcnd\u00fcr.<\/h2><div class=\"special-heading-border\"><div class=\"special-heading-inner-border\"><\/div><\/div><\/div><br \/>\n\n<style type=\"text\/css\" data-created_by=\"avia_inline_auto\" id=\"style-css-av-qegx1-ed786d7496c45e7a4d167a99734a8586\">\n#top .hr.av-qegx1-ed786d7496c45e7a4d167a99734a8586{\nmargin-top:5px;\nmargin-bottom:10px;\n}\n.hr.av-qegx1-ed786d7496c45e7a4d167a99734a8586 .hr-inner{\nwidth:7%;\nborder-color:#15354e;\n}\n<\/style>\n<div  class='hr av-qegx1-ed786d7496c45e7a4d167a99734a8586 hr-custom  avia-builder-el-3  el_after_av_heading  avia-builder-el-last  hr-center hr-icon-no'><span class='hr-inner inner-border-av-border-fat'><span class=\"hr-inner-style\"><\/span><\/span><\/div><\/p><\/div>\n<style type=\"text\/css\" data-created_by=\"avia_inline_auto\" id=\"style-css-av-fdpql-791d2253571763be43324e0d95622497\">\n#top .av-masonry.av-fdpql-791d2253571763be43324e0d95622497{\nbackground-color:#ffffff;\n}\n<\/style>\n<div id='av-masonry-1' class='av-masonry av-fdpql-791d2253571763be43324e0d95622497 noHover av-fixed-size av-1px-gap av-hover-overlay-active av-masonry-animation-active av-masonry-col-4 av-caption-on-hover av-caption-style-overlay av-masonry-gallery av-medium-columns-overwrite av-medium-columns-2 av-orientation-square ' data-post_id=\"7572\"><div class=\"av-masonry-container isotope av-js-disabled\"><div class='av-masonry-entry isotope-item av-masonry-item-no-image '><\/div><a href=\"https:\/\/rubrails-tessilmare.com\/tr\/tampon-100\/\"  aria-label=\"image BUMPER_100_B\"  id='av-masonry-1-item-7987' data-av-masonry-item='7987' class='av-masonry-entry isotope-item post-7987 attachment type-attachment status-inherit hentry  av-masonry-item-with-image' title=\"BUMPER_100_B\" alt=\"\"  data-av-masonry-custom-link=\"https:\/\/rubrails-tessilmare.com\/tr\/tampon-100\/\"  itemprop=\"thumbnailUrl\" ><div class='av-inner-masonry-sizer'><\/div><figure class='av-inner-masonry main_color'><div class=\"av-masonry-outerimage-container\"><div class='av-masonry-image-container lazyload' style=\"background-image:inherit;\"  title=\"BUMPER_100_B\"  data-bg-image=\"url(https:\/\/rubrails-tessilmare.com\/wp-content\/uploads\/2017\/07\/BUMPER_100_B-705x705.jpg)\"><\/div><\/div><figcaption class='av-inner-masonry-content site-background'><div class='av-inner-masonry-content-pos'><div class='av-inner-masonry-content-pos-content'><div class='avia-arrow'><\/div><div class='av-masonry-entry-content entry-content'  itemprop=\"text\" >BUMPER 100<\/div><\/div><\/div><\/figcaption><\/figure><\/a><!--end av-masonry entry--><a href=\"https:\/\/rubrails-tessilmare.com\/tr\/bumper-125\/\"  aria-label=\"image Boat Bumper Rail BUMPER 125 B (boat dock parts)\"  id='av-masonry-1-item-8279' data-av-masonry-item='8279' class='av-masonry-entry isotope-item post-8279 attachment type-attachment status-inherit hentry  av-masonry-item-with-image' title=\"Boat Bumper Rail BUMPER 125 B (boat dock parts)\" alt=\"\"  data-av-masonry-custom-link=\"https:\/\/rubrails-tessilmare.com\/tr\/bumper-125\/\"  itemprop=\"thumbnailUrl\" ><div class='av-inner-masonry-sizer'><\/div><figure class='av-inner-masonry main_color'><div class=\"av-masonry-outerimage-container\"><div class='av-masonry-image-container lazyload' style=\"background-image:inherit;\"  title=\"Boat Bumper Rail BUMPER 125 B (boat dock parts)\"  data-bg-image=\"url(https:\/\/rubrails-tessilmare.com\/wp-content\/uploads\/2017\/07\/BUMPER_125_B-705x705.jpg)\"><\/div><\/div><figcaption class='av-inner-masonry-content site-background'><div class='av-inner-masonry-content-pos'><div class='av-inner-masonry-content-pos-content'><div class='avia-arrow'><\/div><div class='av-masonry-entry-content entry-content'  itemprop=\"text\" >BUMPER 125<\/div><\/div><\/div><\/figcaption><\/figure><\/a><!--end av-masonry entry--><a href=\"https:\/\/rubrails-tessilmare.com\/tr\/bumper-150\/\"  aria-label=\"image BUMPER_150_B\"  id='av-masonry-1-item-7818' data-av-masonry-item='7818' class='av-masonry-entry isotope-item post-7818 attachment type-attachment status-inherit hentry  av-masonry-item-with-image' title=\"BUMPER_150_B\" alt=\"\"  data-av-masonry-custom-link=\"https:\/\/rubrails-tessilmare.com\/tr\/bumper-150\/\"  itemprop=\"thumbnailUrl\" ><div class='av-inner-masonry-sizer'><\/div><figure class='av-inner-masonry main_color'><div class=\"av-masonry-outerimage-container\"><div class='av-masonry-image-container lazyload' style=\"background-image:inherit;\"  title=\"BUMPER_150_B\"  data-bg-image=\"url(https:\/\/rubrails-tessilmare.com\/wp-content\/uploads\/2017\/07\/BUMPER_150_B-705x705.jpg)\"><\/div><\/div><figcaption class='av-inner-masonry-content site-background'><div class='av-inner-masonry-content-pos'><div class='av-inner-masonry-content-pos-content'><div class='avia-arrow'><\/div><div class='av-masonry-entry-content entry-content'  itemprop=\"text\" >BUMPER 150<\/div><\/div><\/div><\/figcaption><\/figure><\/a><!--end av-masonry entry--><a href=\"https:\/\/rubrails-tessilmare.com\/tr\/tampon-160\/\"  aria-label=\"image BUMPER_160_B\"  id='av-masonry-1-item-9385' data-av-masonry-item='9385' class='av-masonry-entry isotope-item post-9385 attachment type-attachment status-inherit hentry  av-masonry-item-with-image' title=\"BUMPER_160_B\" alt=\"BOAT BOW GUARD - BOAT DOCK BUMPER SOLUTIONS \/ BUMPER 160b (BOAT DOCK PARTS)\"  data-av-masonry-custom-link=\"https:\/\/rubrails-tessilmare.com\/tr\/tampon-160\/\"  itemprop=\"thumbnailUrl\" ><div class='av-inner-masonry-sizer'><\/div><figure class='av-inner-masonry main_color'><div class=\"av-masonry-outerimage-container\"><div class='av-masonry-image-container lazyload' style=\"background-image:inherit;\"  title=\"BUMPER_160_B\"  data-bg-image=\"url(https:\/\/rubrails-tessilmare.com\/wp-content\/uploads\/2017\/07\/BUMPER_160_B-705x705.jpg)\"><\/div><\/div><figcaption class='av-inner-masonry-content site-background'><div class='av-inner-masonry-content-pos'><div class='av-inner-masonry-content-pos-content'><div class='avia-arrow'><\/div><div class='av-masonry-entry-content entry-content'  itemprop=\"text\" >BUMPER 160<\/div><\/div><\/div><\/figcaption><\/figure><\/a><!--end av-masonry entry--><\/div><\/div><\/p>\n<section  class='av_textblock_section av-nbunx-cf6846018f6e3310882fc513c315de5f '   itemscope=\"itemscope\" itemtype=\"https:\/\/schema.org\/CreativeWork\" ><div class='avia_textblock'  itemprop=\"text\" ><p style=\"text-align: left;\">PATENTL\u0130 <strong>k\u00fcpe\u015fte fitili mod\u00fclerli\u011fi<\/strong> kurulumu kolayla\u015ft\u0131r\u0131r. 2 profil taban\u0131, bir S\/S \u00e7ubu\u011fu ile g\u00f6vdeye sabitlenir ve \u00fcst profil bas\u0131n\u00e7la kolayca tak\u0131l\u0131r.<\/p>\n<p style=\"text-align: left;\">BUMPER size neredeyse e\u015fsiz bir dayan\u0131kl\u0131l\u0131kla birle\u015fen son derece hafif bir \u00e7er\u00e7eve sunar. Bu, harika Rub Rails elde etmek i\u00e7in a\u011f\u0131rl\u0131\u011f\u0131n\u0131zdan \u00f6d\u00fcn vermeyece\u011finiz anlam\u0131na gelir. Y\u00fcksek dayan\u0131kl\u0131l\u0131k ve son derece d\u00fc\u015f\u00fck a\u011f\u0131rl\u0131\u011fa sahip bir <strong><a title=\"Rub Rail\" href=\"https:\/\/rubrails-tessilmare.com\/tr\/surtme-korkulugu\/\">Rub Rail<\/a><\/strong> ar\u0131yorsan\u0131z, BUMPER&#8217;\u0131 incelemelisiniz! Tuzlu veya tatl\u0131 t\u00fcm deniz ortamlar\u0131 i\u00e7in ideal olan BUMPER, en zorlu ortamlarda bile m\u00fclk\u00fcn\u00fcz\u00fc koruyacakt\u0131r. BUMPER \u00e7ok d\u00fc\u015f\u00fck bir a\u011f\u0131rl\u0131k oran\u0131na sahiptir. Dayan\u0131kl\u0131l\u0131k ve g\u00fc\u00e7 sa\u011flar, geminize, teknenize veya yap\u0131n\u0131za fazla a\u011f\u0131rl\u0131k eklemeden.<\/p>\n<p style=\"text-align: left;\">Ayr\u0131ca askeri deniz uygulamalar\u0131nda, ticari uygulamalarda, tendelerde ve iki y\u00fczeyin birbirine s\u00fcrt\u00fcnerek zarar g\u00f6rmesini \u00f6nlemek istedi\u011finiz her yerde m\u00fckemmeldir. BUMPER, hem d\u00fcz hem de kutu birle\u015fimli (yatlar, askeri tekneler, i\u015f tekneleri) t\u00fcm tekneler, iskeleler ve r\u0131ht\u0131mlar i\u00e7in idealdir.<\/p>\n<\/div><\/section>\n\n<style type=\"text\/css\" data-created_by=\"avia_inline_auto\" id=\"style-css-av-95h7h-7c6d9f27f675bf3fd8b0fa653fc05a35\">\n#top .hr.hr-invisible.av-95h7h-7c6d9f27f675bf3fd8b0fa653fc05a35{\nheight:5px;\n}\n<\/style>\n<div  class='hr av-95h7h-7c6d9f27f675bf3fd8b0fa653fc05a35 hr-invisible  avia-builder-el-6  el_after_av_textblock  avia-builder-el-last '><span class='hr-inner '><span class=\"hr-inner-style\"><\/span><\/span><\/div>\n","protected":false},"excerpt":{"rendered":"","protected":false},"author":1,"featured_media":0,"parent":7514,"menu_order":0,"comment_status":"closed","ping_status":"closed","template":"","meta":{"rank_math_lock_modified_date":false,"footnotes":""},"class_list":["post-7572","page","type-page","status-publish","hentry","tag_pagina-boat-bow-guard"],"_links":{"self":[{"href":"https:\/\/rubrails-tessilmare.com\/tr\/wp-json\/wp\/v2\/pages\/7572"}],"collection":[{"href":"https:\/\/rubrails-tessilmare.com\/tr\/wp-json\/wp\/v2\/pages"}],"about":[{"href":"https:\/\/rubrails-tessilmare.com\/tr\/wp-json\/wp\/v2\/types\/page"}],"author":[{"embeddable":true,"href":"https:\/\/rubrails-tessilmare.com\/tr\/wp-json\/wp\/v2\/users\/1"}],"replies":[{"embeddable":true,"href":"https:\/\/rubrails-tessilmare.com\/tr\/wp-json\/wp\/v2\/comments?post=7572"}],"version-history":[{"count":5,"href":"https:\/\/rubrails-tessilmare.com\/tr\/wp-json\/wp\/v2\/pages\/7572\/revisions"}],"predecessor-version":[{"id":9287,"href":"https:\/\/rubrails-tessilmare.com\/tr\/wp-json\/wp\/v2\/pages\/7572\/revisions\/9287"}],"up":[{"embeddable":true,"href":"https:\/\/rubrails-tessilmare.com\/tr\/wp-json\/wp\/v2\/pages\/7514"}],"wp:attachment":[{"href":"https:\/\/rubrails-tessilmare.com\/tr\/wp-json\/wp\/v2\/media?parent=7572"}],"curies":[{"name":"wp","href":"https:\/\/api.w.org\/{rel}","templated":true}]}}