{"id":7575,"date":"2017-07-19T16:38:14","date_gmt":"2017-07-19T14:38:14","guid":{"rendered":"https:\/\/rubrails-tessilmare.com\/boat-rub-rails\/radyal\/"},"modified":"2025-05-30T09:20:01","modified_gmt":"2025-05-30T07:20:01","slug":"radyal","status":"publish","type":"page","link":"https:\/\/rubrails-tessilmare.com\/tr\/tekne-kupeste-fitili\/radyal\/","title":{"rendered":"Radyal"},"content":{"rendered":"\n<style type=\"text\/css\" data-created_by=\"avia_inline_auto\" id=\"style-css-av-1audyz-28eb3ccd470145d4ffab2a04dc1f2e9f\">\n.flex_column.av-1audyz-28eb3ccd470145d4ffab2a04dc1f2e9f{\nborder-radius:0px 0px 0px 0px;\npadding:0px 0px 0px 0px;\n}\n<\/style>\n<div  class='flex_column av-1audyz-28eb3ccd470145d4ffab2a04dc1f2e9f av_one_full  avia-builder-el-0  el_before_av_textblock  avia-builder-el-first  first flex_column_div av-zero-column-padding  '     ><p>\n<style type=\"text\/css\" data-created_by=\"avia_inline_auto\" id=\"style-css-av-eltvn-076f23dbaa4f43f3ef4462f9e1420dcd\">\n#top .av-special-heading.av-eltvn-076f23dbaa4f43f3ef4462f9e1420dcd{\npadding-bottom:0;\n}\nbody .av-special-heading.av-eltvn-076f23dbaa4f43f3ef4462f9e1420dcd .av-special-heading-tag .heading-char{\nfont-size:25px;\n}\n.av-special-heading.av-eltvn-076f23dbaa4f43f3ef4462f9e1420dcd .av-subheading{\nfont-size:15px;\n}\n<\/style>\n<div  class='av-special-heading av-eltvn-076f23dbaa4f43f3ef4462f9e1420dcd av-special-heading-h1 blockquote modern-quote modern-centered  avia-builder-el-1  el_before_av_heading  avia-builder-el-first '><h1 class='av-special-heading-tag '  itemprop=\"headline\"  >TEKNE K\u00dcPE\u015eTE FITILI &#8211; RADYAL<\/h1><div class=\"special-heading-border\"><div class=\"special-heading-inner-border\"><\/div><\/div><\/div><br \/>\n\n<style type=\"text\/css\" data-created_by=\"avia_inline_auto\" id=\"style-css-av-6x1df-dde3ace42e78949c95b83b240f1ea86b\">\n#top .av-special-heading.av-6x1df-dde3ace42e78949c95b83b240f1ea86b{\npadding-bottom:0;\nfont-size:20px;\n}\nbody .av-special-heading.av-6x1df-dde3ace42e78949c95b83b240f1ea86b .av-special-heading-tag .heading-char{\nfont-size:25px;\n}\n#top #wrap_all .av-special-heading.av-6x1df-dde3ace42e78949c95b83b240f1ea86b .av-special-heading-tag{\nfont-size:20px;\n}\n.av-special-heading.av-6x1df-dde3ace42e78949c95b83b240f1ea86b .av-subheading{\nfont-size:15px;\n}\n\n@media only screen and (min-width: 480px) and (max-width: 767px){ \n#top #wrap_all .av-special-heading.av-6x1df-dde3ace42e78949c95b83b240f1ea86b .av-special-heading-tag{\nfont-size:0.8em;\n}\n}\n\n@media only screen and (max-width: 479px){ \n#top #wrap_all .av-special-heading.av-6x1df-dde3ace42e78949c95b83b240f1ea86b .av-special-heading-tag{\nfont-size:0.8em;\n}\n}\n<\/style>\n<div  class='av-special-heading av-6x1df-dde3ace42e78949c95b83b240f1ea86b av-special-heading-h2 blockquote modern-quote modern-centered  avia-builder-el-2  el_after_av_heading  el_before_av_hr  av-inherit-size'><h2 class='av-special-heading-tag '  itemprop=\"headline\"  >RADIAL, en h\u0131zl\u0131 ve en kolay kurulan Dock Rub Rail\u2019imizdir. Piyasadaki di\u011fer t\u00fcm profillerden farkl\u0131d\u0131r ve sadece birka\u00e7 ad\u0131mda so\u011fuk montaj yap\u0131labilir.<\/h2><div class=\"special-heading-border\"><div class=\"special-heading-inner-border\"><\/div><\/div><\/div><br \/>\n\n<style type=\"text\/css\" data-created_by=\"avia_inline_auto\" id=\"style-css-av-psvwr-c0864b825ff01a8bd3b6f42acf9fc36d\">\n#top .hr.av-psvwr-c0864b825ff01a8bd3b6f42acf9fc36d{\nmargin-top:5px;\nmargin-bottom:10px;\n}\n.hr.av-psvwr-c0864b825ff01a8bd3b6f42acf9fc36d .hr-inner{\nwidth:7%;\nborder-color:#15354e;\n}\n<\/style>\n<div  class='hr av-psvwr-c0864b825ff01a8bd3b6f42acf9fc36d hr-custom  avia-builder-el-3  el_after_av_heading  avia-builder-el-last  hr-center hr-icon-no'><span class='hr-inner inner-border-av-border-fat'><span class=\"hr-inner-style\"><\/span><\/span><\/div><\/p><\/div>\n<section  class='av_textblock_section av-llp0b-bcfe398d9529dff3ff28865a458890d9 '   itemscope=\"itemscope\" itemtype=\"https:\/\/schema.org\/CreativeWork\" ><div class='avia_textblock'  itemprop=\"text\" ><p style=\"text-align: left;\">Bu PATENTL\u0130 <strong>Rub rail<\/strong> iki par\u00e7adan olu\u015fur: \u00f6zel bir alet gerektirmeden <strong>tekne<\/strong> \u00fczerine vidalanabilecek veya per\u00e7inlenebilecek sert bir ray ve tabana sabitlenecek yumu\u015fak bir par\u00e7a. Yumu\u015fak diki\u015fsiz ek, at\u0131\u011f\u0131 \u00f6nlemek i\u00e7in \u00f6zel kesilmi\u015f makaralar halinde temin edilir.<\/p>\n<p style=\"text-align: left;\">RADIAL, <a href=\"https:\/\/rubrails-tessilmare.com\/boat-rub-rails\/vinyl\/\">PVC rub rails<\/a>, \u0131s\u0131t\u0131lmadan t\u00fcm tekne y\u00f6nlerinde kolayca elde b\u00fck\u00fclebilir. Montaj\u0131 %70 daha h\u0131zl\u0131d\u0131r, b\u00fct\u00e7e dostudur, kolay tamir edilir ve h\u0131zl\u0131ca yeniden tak\u0131l\u0131r.<\/p>\n<p style=\"text-align: left;\">Ek ve u\u00e7 kapaklar iki versiyonda mevcuttur: PVC ve S\/S. RADIAL her deniz durumu ve kutu birle\u015fimli tekneler ve yatlar i\u00e7in m\u00fckemmeldir.<\/p>\n<p style=\"text-align: left;\">\n<\/div><\/section>\n\n<style type=\"text\/css\" data-created_by=\"avia_inline_auto\" id=\"style-css-av-62gj-f8e1aa00d9b4bf59914047fdc9121d79\">\n#top .av-masonry.av-62gj-f8e1aa00d9b4bf59914047fdc9121d79{\nbackground-color:#ffffff;\n}\n<\/style>\n<div id='av-masonry-1' class='av-masonry av-62gj-f8e1aa00d9b4bf59914047fdc9121d79 noHover av-fixed-size av-1px-gap av-hover-overlay-active av-masonry-animation-active av-masonry-col-3 av-caption-on-hover av-caption-style-overlay av-masonry-gallery av-medium-columns-overwrite av-medium-columns-3 av-orientation-square ' data-post_id=\"7575\"><div class=\"av-masonry-container isotope av-js-disabled\"><div class='av-masonry-entry isotope-item av-masonry-item-no-image '><\/div><a href=\"https:\/\/rubrails-tessilmare.com\/tr\/radial-30\/\"  aria-label=\"image RADIAL_30\"  id='av-masonry-1-item-8715' data-av-masonry-item='8715' class='av-masonry-entry isotope-item post-8715 attachment type-attachment status-inherit hentry  av-masonry-item-with-image' title=\"RADIAL_30\" alt=\"\"  data-av-masonry-custom-link=\"https:\/\/rubrails-tessilmare.com\/tr\/radial-30\/\"  itemprop=\"thumbnailUrl\" ><div class='av-inner-masonry-sizer'><\/div><figure class='av-inner-masonry main_color'><div class=\"av-masonry-outerimage-container\"><div class='av-masonry-image-container lazyload' style=\"background-image:inherit;\"  title=\"RADIAL_30\"  data-bg-image=\"url(https:\/\/rubrails-tessilmare.com\/wp-content\/uploads\/2017\/07\/RADIAL_30-705x705.jpg)\"><\/div><\/div><figcaption class='av-inner-masonry-content site-background'><div class='av-inner-masonry-content-pos'><div class='av-inner-masonry-content-pos-content'><div class='avia-arrow'><\/div><div class='av-masonry-entry-content entry-content'  itemprop=\"text\" >RADIAL 30 BLACK<\/div><\/div><\/div><\/figcaption><\/figure><\/a><!--end av-masonry entry--><a href=\"https:\/\/rubrails-tessilmare.com\/tr\/radial-40\/\"  aria-label=\"image RADIAL 40: dock rubber edging\"  id='av-masonry-1-item-8514' data-av-masonry-item='8514' class='av-masonry-entry isotope-item post-8514 attachment type-attachment status-inherit hentry  av-masonry-item-with-image' title=\"RADIAL 40: dock rubber edging\" alt=\"\"  data-av-masonry-custom-link=\"https:\/\/rubrails-tessilmare.com\/tr\/radial-40\/\"  itemprop=\"thumbnailUrl\" ><div class='av-inner-masonry-sizer'><\/div><figure class='av-inner-masonry main_color'><div class=\"av-masonry-outerimage-container\"><div class='av-masonry-image-container lazyload' style=\"background-image:inherit;\"  title=\"RADIAL 40: dock rubber edging\"  data-bg-image=\"url(https:\/\/rubrails-tessilmare.com\/wp-content\/uploads\/2017\/07\/RADIAL_40-705x705.jpg)\"><\/div><\/div><figcaption class='av-inner-masonry-content site-background'><div class='av-inner-masonry-content-pos'><div class='av-inner-masonry-content-pos-content'><div class='avia-arrow'><\/div><div class='av-masonry-entry-content entry-content'  itemprop=\"text\" >RADIAL 40 BLACK<\/div><\/div><\/div><\/figcaption><\/figure><\/a><!--end av-masonry entry--><a href=\"https:\/\/rubrails-tessilmare.com\/tr\/radial-52\/\"  aria-label=\"image Boat Bow Rails RADIAL\"  id='av-masonry-1-item-8109' data-av-masonry-item='8109' class='av-masonry-entry isotope-item post-8109 attachment type-attachment status-inherit hentry  av-masonry-item-with-image' title=\"Boat Bow Rails RADIAL\" alt=\"\"  data-av-masonry-custom-link=\"https:\/\/rubrails-tessilmare.com\/tr\/radial-52\/\"  itemprop=\"thumbnailUrl\" ><div class='av-inner-masonry-sizer'><\/div><figure class='av-inner-masonry main_color'><div class=\"av-masonry-outerimage-container\"><div class='av-masonry-image-container lazyload' style=\"background-image:inherit;\"  title=\"Boat Bow Rails RADIAL\"  data-bg-image=\"url(https:\/\/rubrails-tessilmare.com\/wp-content\/uploads\/2017\/07\/RADIAL_50-705x705.jpg)\"><\/div><\/div><figcaption class='av-inner-masonry-content site-background'><div class='av-inner-masonry-content-pos'><div class='av-inner-masonry-content-pos-content'><div class='avia-arrow'><\/div><div class='av-masonry-entry-content entry-content'  itemprop=\"text\" >RADIAL 52 BLACK<\/div><\/div><\/div><\/figcaption><\/figure><\/a><!--end av-masonry entry--><a href=\"https:\/\/rubrails-tessilmare.com\/tr\/radial-65\/\"  aria-label=\"image RADIAL_65\"  id='av-masonry-1-item-7913' data-av-masonry-item='7913' class='av-masonry-entry isotope-item post-7913 attachment type-attachment status-inherit hentry  av-masonry-item-with-image' title=\"RADIAL_65\" alt=\"\"  data-av-masonry-custom-link=\"https:\/\/rubrails-tessilmare.com\/tr\/radial-65\/\"  itemprop=\"thumbnailUrl\" ><div class='av-inner-masonry-sizer'><\/div><figure class='av-inner-masonry main_color'><div class=\"av-masonry-outerimage-container\"><div class='av-masonry-image-container lazyload' style=\"background-image:inherit;\"  title=\"RADIAL_65\"  data-bg-image=\"url(https:\/\/rubrails-tessilmare.com\/wp-content\/uploads\/2017\/07\/RADIAL_65-705x705.jpg)\"><\/div><\/div><figcaption class='av-inner-masonry-content site-background'><div class='av-inner-masonry-content-pos'><div class='av-inner-masonry-content-pos-content'><div class='avia-arrow'><\/div><div class='av-masonry-entry-content entry-content'  itemprop=\"text\" >RADIAL 65 BLACK<\/div><\/div><\/div><\/figcaption><\/figure><\/a><!--end av-masonry entry--><a href=\"https:\/\/rubrails-tessilmare.com\/tr\/radial-80\/\"  aria-label=\"image RADIAL_80\"  id='av-masonry-1-item-7803' data-av-masonry-item='7803' class='av-masonry-entry isotope-item post-7803 attachment type-attachment status-inherit hentry  av-masonry-item-with-image' title=\"RADIAL_80\" alt=\"\"  data-av-masonry-custom-link=\"https:\/\/rubrails-tessilmare.com\/tr\/radial-80\/\"  itemprop=\"thumbnailUrl\" ><div class='av-inner-masonry-sizer'><\/div><figure class='av-inner-masonry main_color'><div class=\"av-masonry-outerimage-container\"><div class='av-masonry-image-container lazyload' style=\"background-image:inherit;\"  title=\"RADIAL_80\"  data-bg-image=\"url(https:\/\/rubrails-tessilmare.com\/wp-content\/uploads\/2017\/07\/RADIAL_80-705x705.jpg)\"><\/div><\/div><figcaption class='av-inner-masonry-content site-background'><div class='av-inner-masonry-content-pos'><div class='av-inner-masonry-content-pos-content'><div class='avia-arrow'><\/div><div class='av-masonry-entry-content entry-content'  itemprop=\"text\" >RADIAL 80 BLACK<\/div><\/div><\/div><\/figcaption><\/figure><\/a><!--end av-masonry entry--><\/div><\/div>\n\n<style type=\"text\/css\" data-created_by=\"avia_inline_auto\" id=\"style-css-av-8knz7-3b8366261a4986600db854f7d942076a\">\n#top .hr.hr-invisible.av-8knz7-3b8366261a4986600db854f7d942076a{\nheight:5px;\n}\n<\/style>\n<div  class='hr av-8knz7-3b8366261a4986600db854f7d942076a hr-invisible  avia-builder-el-6  el_after_av_masonry_gallery  avia-builder-el-no-sibling '><span class='hr-inner '><span class=\"hr-inner-style\"><\/span><\/span><\/div>\n","protected":false},"excerpt":{"rendered":"","protected":false},"author":1,"featured_media":0,"parent":7514,"menu_order":0,"comment_status":"closed","ping_status":"closed","template":"","meta":{"rank_math_lock_modified_date":false,"footnotes":""},"class_list":["post-7575","page","type-page","status-publish","hentry"],"_links":{"self":[{"href":"https:\/\/rubrails-tessilmare.com\/tr\/wp-json\/wp\/v2\/pages\/7575"}],"collection":[{"href":"https:\/\/rubrails-tessilmare.com\/tr\/wp-json\/wp\/v2\/pages"}],"about":[{"href":"https:\/\/rubrails-tessilmare.com\/tr\/wp-json\/wp\/v2\/types\/page"}],"author":[{"embeddable":true,"href":"https:\/\/rubrails-tessilmare.com\/tr\/wp-json\/wp\/v2\/users\/1"}],"replies":[{"embeddable":true,"href":"https:\/\/rubrails-tessilmare.com\/tr\/wp-json\/wp\/v2\/comments?post=7575"}],"version-history":[{"count":5,"href":"https:\/\/rubrails-tessilmare.com\/tr\/wp-json\/wp\/v2\/pages\/7575\/revisions"}],"predecessor-version":[{"id":9284,"href":"https:\/\/rubrails-tessilmare.com\/tr\/wp-json\/wp\/v2\/pages\/7575\/revisions\/9284"}],"up":[{"embeddable":true,"href":"https:\/\/rubrails-tessilmare.com\/tr\/wp-json\/wp\/v2\/pages\/7514"}],"wp:attachment":[{"href":"https:\/\/rubrails-tessilmare.com\/tr\/wp-json\/wp\/v2\/media?parent=7575"}],"curies":[{"name":"wp","href":"https:\/\/api.w.org\/{rel}","templated":true}]}}