{"id":7581,"date":"2017-07-19T16:38:06","date_gmt":"2017-07-19T14:38:06","guid":{"rendered":"https:\/\/rubrails-tessilmare.com\/boat-rub-rails\/bino\/"},"modified":"2025-05-30T09:18:52","modified_gmt":"2025-05-30T07:18:52","slug":"bino","status":"publish","type":"page","link":"https:\/\/rubrails-tessilmare.com\/tr\/tekne-kupeste-fitili\/bino\/","title":{"rendered":"Bino"},"content":{"rendered":"\n<style type=\"text\/css\" data-created_by=\"avia_inline_auto\" id=\"style-css-av-19j0q1-58ca23415ca70846d68e2876f9578e9e\">\n.flex_column.av-19j0q1-58ca23415ca70846d68e2876f9578e9e{\nborder-radius:0px 0px 0px 0px;\npadding:0px 0px 0px 0px;\n}\n<\/style>\n<div  class='flex_column av-19j0q1-58ca23415ca70846d68e2876f9578e9e av_one_full  avia-builder-el-0  el_before_av_textblock  avia-builder-el-first  first flex_column_div av-zero-column-padding  '     ><p>\n<style type=\"text\/css\" data-created_by=\"avia_inline_auto\" id=\"style-css-av-dj6o9-24a509e18294dd5983ae76a89767a5cf\">\n#top .av-special-heading.av-dj6o9-24a509e18294dd5983ae76a89767a5cf{\npadding-bottom:0;\n}\nbody .av-special-heading.av-dj6o9-24a509e18294dd5983ae76a89767a5cf .av-special-heading-tag .heading-char{\nfont-size:25px;\n}\n.av-special-heading.av-dj6o9-24a509e18294dd5983ae76a89767a5cf .av-subheading{\nfont-size:15px;\n}\n<\/style>\n<div  class='av-special-heading av-dj6o9-24a509e18294dd5983ae76a89767a5cf av-special-heading-h1 blockquote modern-quote modern-centered  avia-builder-el-1  el_before_av_heading  avia-builder-el-first '><h1 class='av-special-heading-tag '  itemprop=\"headline\"  >TEKNE K\u00dcPE\u015eTE FITILI &#8211; BINO<\/h1><div class=\"special-heading-border\"><div class=\"special-heading-inner-border\"><\/div><\/div><\/div><br \/>\n\n<style type=\"text\/css\" data-created_by=\"avia_inline_auto\" id=\"style-css-av-7x2ft-a79be34643783e925d5dc7dc92e191fd\">\n#top .av-special-heading.av-7x2ft-a79be34643783e925d5dc7dc92e191fd{\npadding-bottom:0;\nfont-size:20px;\n}\nbody .av-special-heading.av-7x2ft-a79be34643783e925d5dc7dc92e191fd .av-special-heading-tag .heading-char{\nfont-size:25px;\n}\n#top #wrap_all .av-special-heading.av-7x2ft-a79be34643783e925d5dc7dc92e191fd .av-special-heading-tag{\nfont-size:20px;\n}\n.av-special-heading.av-7x2ft-a79be34643783e925d5dc7dc92e191fd .av-subheading{\nfont-size:15px;\n}\n\n@media only screen and (min-width: 480px) and (max-width: 767px){ \n#top #wrap_all .av-special-heading.av-7x2ft-a79be34643783e925d5dc7dc92e191fd .av-special-heading-tag{\nfont-size:0.8em;\n}\n}\n\n@media only screen and (max-width: 479px){ \n#top #wrap_all .av-special-heading.av-7x2ft-a79be34643783e925d5dc7dc92e191fd .av-special-heading-tag{\nfont-size:0.8em;\n}\n}\n<\/style>\n<div  class='av-special-heading av-7x2ft-a79be34643783e925d5dc7dc92e191fd av-special-heading-h2 blockquote modern-quote modern-centered  avia-builder-el-2  el_after_av_heading  el_before_av_hr  av-inherit-size'><h2 class='av-special-heading-tag '  itemprop=\"headline\"  >BINO Rub Rails, t\u00fcm denizcilik montajlar\u0131 i\u00e7in mevcut olan en iyi, en y\u00fcksek kaliteli ve en uzun \u00f6m\u00fcrl\u00fc rub rail olarak d\u00fcnya \u00e7ap\u0131nda iyi bilinmektedir. BINO, en h\u0131zl\u0131 ve en kolay kurulan Rub Rails\u2019imizden biridir.<\/h2><div class=\"special-heading-border\"><div class=\"special-heading-inner-border\"><\/div><\/div><\/div><br \/>\n\n<style type=\"text\/css\" data-created_by=\"avia_inline_auto\" id=\"style-css-av-9muz5-fbf619d77e518df5b43f3d984be7f63a\">\n#top .hr.av-9muz5-fbf619d77e518df5b43f3d984be7f63a{\nmargin-top:5px;\nmargin-bottom:10px;\n}\n.hr.av-9muz5-fbf619d77e518df5b43f3d984be7f63a .hr-inner{\nwidth:7%;\nborder-color:#15354e;\n}\n<\/style>\n<div  class='hr av-9muz5-fbf619d77e518df5b43f3d984be7f63a hr-custom  avia-builder-el-3  el_after_av_heading  avia-builder-el-last  hr-center hr-icon-no'><span class='hr-inner inner-border-av-border-fat'><span class=\"hr-inner-style\"><\/span><\/span><\/div><\/p><\/div>\n<section  class='av_textblock_section av-mk1w1-1a32c2a38d6fe1a319a292417f5402f8 '   itemscope=\"itemscope\" itemtype=\"https:\/\/schema.org\/CreativeWork\" ><div class='avia_textblock'  itemprop=\"text\" ><p style=\"text-align: left;\">Karma\u015f\u0131k ve uzun kurulum prosed\u00fcrleriyle u\u011fra\u015fmaya zaman\u0131n\u0131z yoksa, BINO tam size g\u00f6re! Bu iki par\u00e7al\u0131 PATENTL\u0130 tasar\u0131m, kolay kurulum sa\u011flar ve t\u00fcm o estetik olmayan vidalar\u0131 ve ba\u011flant\u0131lar\u0131 kapatmaya yard\u0131mc\u0131 olur. BINO, kolay kurulum i\u00e7in \u00f6zel kesim uzunluklarda gelir. Bu <strong>kurulum s\u00fcrecini basit ve h\u0131zl\u0131 hale getirmeye yard\u0131mc\u0131 olur<\/strong>.<\/p>\n<p style=\"text-align: left;\">Ayr\u0131ca, \u00f6zel kesim uzunluklar sayesinde israf\u0131 azaltarak BINO&#8217;yu daha uygun fiyatl\u0131 hale getirir. \u00d6nceden delinmi\u015f S\/S \u00e7ubu\u011fu ile birlikte gelir, bu da taban profilinin kolayca kurulmas\u0131n\u0131 sa\u011flar; \u00fcst taraf\u0131 ise sadece bas\u0131n\u00e7la sabitlenir. \u00c7ok esnektir, yatlar, askeri tekneler, ticari tekneler, iskeleler ve r\u0131ht\u0131mlar, yard\u0131mc\u0131 tekneler, boru korumas\u0131 ve l\u00fcks gemiler gibi \u00e7e\u015fitli deniz uygulamalar\u0131 i\u00e7in m\u00fckemmeldir.<\/p>\n<p style=\"text-align: left;\">BINO Tessilmare Rub Rails ile olanaklar neredeyse sonsuzdur. BINO, hem d\u00fcz hem de kutu birle\u015fimli t\u00fcm tekneler (yatlar, askeri tekneler, \u00e7al\u0131\u015fma tekneleri), iskeleler ve r\u0131ht\u0131mlar i\u00e7in m\u00fckemmeldir.<\/p>\n<p style=\"text-align: left;\">\n<\/div><\/section>\n\n<style type=\"text\/css\" data-created_by=\"avia_inline_auto\" id=\"style-css-av-gdyip-c9b161173c8c4682ea035ca04a1cedd9\">\n#top .av-masonry.av-gdyip-c9b161173c8c4682ea035ca04a1cedd9{\nbackground-color:#ffffff;\n}\n<\/style>\n<div id='av-masonry-1' class='av-masonry av-gdyip-c9b161173c8c4682ea035ca04a1cedd9 noHover av-fixed-size av-1px-gap av-hover-overlay-active av-masonry-animation-active av-masonry-col-3 av-caption-on-hover av-caption-style-overlay av-masonry-gallery av-orientation-square ' data-post_id=\"7581\"><div class=\"av-masonry-container isotope av-js-disabled\"><div class='av-masonry-entry isotope-item av-masonry-item-no-image '><\/div><a href=\"https:\/\/rubrails-tessilmare.com\/tr\/bino-40\/\"  aria-label=\"image BINO40_B\"  id='av-masonry-1-item-8171' data-av-masonry-item='8171' class='av-masonry-entry isotope-item post-8171 attachment type-attachment status-inherit hentry  av-masonry-item-with-image' title=\"BINO40_B\" alt=\"\"  data-av-masonry-custom-link=\"https:\/\/rubrails-tessilmare.com\/tr\/bino-40\/\"  itemprop=\"thumbnailUrl\" ><div class='av-inner-masonry-sizer'><\/div><figure class='av-inner-masonry main_color'><div class=\"av-masonry-outerimage-container\"><div class='av-masonry-image-container lazyload' style=\"background-image:inherit;\"  title=\"BINO40_B\"  data-bg-image=\"url(https:\/\/rubrails-tessilmare.com\/wp-content\/uploads\/2017\/07\/BINO40_B-705x705.jpg)\"><\/div><\/div><figcaption class='av-inner-masonry-content site-background'><div class='av-inner-masonry-content-pos'><div class='av-inner-masonry-content-pos-content'><div class='avia-arrow'><\/div><div class='av-masonry-entry-content entry-content'  itemprop=\"text\" >BINO 40<\/div><\/div><\/div><\/figcaption><\/figure><\/a><!--end av-masonry entry--><a href=\"https:\/\/rubrails-tessilmare.com\/tr\/bino-65\/\"  aria-label=\"image BINO65_B\"  id='av-masonry-1-item-7955' data-av-masonry-item='7955' class='av-masonry-entry isotope-item post-7955 attachment type-attachment status-inherit hentry  av-masonry-item-with-image' title=\"BINO65_B\" alt=\"\"  data-av-masonry-custom-link=\"https:\/\/rubrails-tessilmare.com\/tr\/bino-65\/\"  itemprop=\"thumbnailUrl\" ><div class='av-inner-masonry-sizer'><\/div><figure class='av-inner-masonry main_color'><div class=\"av-masonry-outerimage-container\"><div class='av-masonry-image-container lazyload' style=\"background-image:inherit;\"  title=\"BINO65_B\"  data-bg-image=\"url(https:\/\/rubrails-tessilmare.com\/wp-content\/uploads\/2017\/07\/BINO65_B-705x705.jpg)\"><\/div><\/div><figcaption class='av-inner-masonry-content site-background'><div class='av-inner-masonry-content-pos'><div class='av-inner-masonry-content-pos-content'><div class='avia-arrow'><\/div><div class='av-masonry-entry-content entry-content'  itemprop=\"text\" >BINO 65<\/div><\/div><\/div><\/figcaption><\/figure><\/a><!--end av-masonry entry--><a href=\"https:\/\/rubrails-tessilmare.com\/tr\/bino-90\/\"  aria-label=\"image BINO90_B\"  id='av-masonry-1-item-8377' data-av-masonry-item='8377' class='av-masonry-entry isotope-item post-8377 attachment type-attachment status-inherit hentry  av-masonry-item-with-image' title=\"BINO90_B\" alt=\"\"  data-av-masonry-custom-link=\"https:\/\/rubrails-tessilmare.com\/tr\/bino-90\/\"  itemprop=\"thumbnailUrl\" ><div class='av-inner-masonry-sizer'><\/div><figure class='av-inner-masonry main_color'><div class=\"av-masonry-outerimage-container\"><div class='av-masonry-image-container lazyload' style=\"background-image:inherit;\"  title=\"BINO90_B\"  data-bg-image=\"url(https:\/\/rubrails-tessilmare.com\/wp-content\/uploads\/2017\/07\/BINO90_B-705x705.jpg)\"><\/div><\/div><figcaption class='av-inner-masonry-content site-background'><div class='av-inner-masonry-content-pos'><div class='av-inner-masonry-content-pos-content'><div class='avia-arrow'><\/div><div class='av-masonry-entry-content entry-content'  itemprop=\"text\" >BINO 90 BLACK<\/div><\/div><\/div><\/figcaption><\/figure><\/a><!--end av-masonry entry--><\/div><\/div>\n\n<style type=\"text\/css\" data-created_by=\"avia_inline_auto\" id=\"style-css-av-6tcnl-72142a2bfd208a0266224b96c7b7ac44\">\n#top .hr.hr-invisible.av-6tcnl-72142a2bfd208a0266224b96c7b7ac44{\nheight:5px;\n}\n<\/style>\n<div  class='hr av-6tcnl-72142a2bfd208a0266224b96c7b7ac44 hr-invisible  avia-builder-el-6  el_after_av_masonry_gallery  el_before_av_textblock  avia-builder-el-first '><span class='hr-inner '><span class=\"hr-inner-style\"><\/span><\/span><\/div>\n<section  class='av_textblock_section av-l92yykk4-e82d940be648ecf64bc583cfa2a36d77 '   itemscope=\"itemscope\" itemtype=\"https:\/\/schema.org\/CreativeWork\" ><div class='avia_textblock'  itemprop=\"text\" ><p style=\"text-align: left;\">Karma\u015f\u0131k ve uzun kurulum prosed\u00fcrleriyle u\u011fra\u015fmaya zaman\u0131n\u0131z yoksa, BINO tam size g\u00f6re! Bu iki par\u00e7al\u0131 PATENTL\u0130 tasar\u0131m, kolay kurulum sa\u011flar ve t\u00fcm o estetik olmayan vidalar\u0131 ve ba\u011flant\u0131lar\u0131 kapatmaya yard\u0131mc\u0131 olur. BINO, kolay kurulum i\u00e7in \u00f6zel kesim uzunluklarda gelir. Bu <strong>kurulum s\u00fcrecini basit ve h\u0131zl\u0131 hale getirmeye yard\u0131mc\u0131 olur<\/strong>.<\/p>\n<p style=\"text-align: left;\">Ayr\u0131ca, \u00f6zel kesim uzunluklar sayesinde israf\u0131 azaltarak BINO&#8217;yu daha uygun fiyatl\u0131 hale getirir. \u00d6nceden delinmi\u015f S\/S \u00e7ubu\u011fu ile birlikte gelir, bu da taban profilinin kolayca kurulmas\u0131n\u0131 sa\u011flar; \u00fcst taraf\u0131 ise sadece bas\u0131n\u00e7la sabitlenir. \u00c7ok esnektir, yatlar, askeri tekneler, ticari tekneler, iskeleler ve r\u0131ht\u0131mlar, yard\u0131mc\u0131 tekneler, boru korumas\u0131 ve l\u00fcks gemiler gibi \u00e7e\u015fitli deniz uygulamalar\u0131 i\u00e7in m\u00fckemmeldir.<\/p>\n<p style=\"text-align: left;\">BINO Tessilmare Rub Rails ile olanaklar neredeyse sonsuzdur. BINO, hem d\u00fcz hem de kutu birle\u015fimli t\u00fcm tekneler (yatlar, askeri tekneler, \u00e7al\u0131\u015fma tekneleri), iskeleler ve r\u0131ht\u0131mlar i\u00e7in m\u00fckemmeldir.<\/p>\n<p style=\"text-align: left;\">\n<\/div><\/section>\n\n<style type=\"text\/css\" data-created_by=\"avia_inline_auto\" id=\"style-css-av-om30h-49839aa2792773ec5184085ce71a3a74\">\n#top .hr.hr-invisible.av-om30h-49839aa2792773ec5184085ce71a3a74{\nheight:50px;\n}\n<\/style>\n<div  class='hr av-om30h-49839aa2792773ec5184085ce71a3a74 hr-invisible  avia-builder-el-8  el_after_av_textblock  avia-builder-el-last '><span class='hr-inner '><span class=\"hr-inner-style\"><\/span><\/span><\/div>\n","protected":false},"excerpt":{"rendered":"","protected":false},"author":1,"featured_media":0,"parent":7514,"menu_order":0,"comment_status":"closed","ping_status":"closed","template":"","meta":{"rank_math_lock_modified_date":false,"footnotes":""},"class_list":["post-7581","page","type-page","status-publish","hentry"],"_links":{"self":[{"href":"https:\/\/rubrails-tessilmare.com\/tr\/wp-json\/wp\/v2\/pages\/7581"}],"collection":[{"href":"https:\/\/rubrails-tessilmare.com\/tr\/wp-json\/wp\/v2\/pages"}],"about":[{"href":"https:\/\/rubrails-tessilmare.com\/tr\/wp-json\/wp\/v2\/types\/page"}],"author":[{"embeddable":true,"href":"https:\/\/rubrails-tessilmare.com\/tr\/wp-json\/wp\/v2\/users\/1"}],"replies":[{"embeddable":true,"href":"https:\/\/rubrails-tessilmare.com\/tr\/wp-json\/wp\/v2\/comments?post=7581"}],"version-history":[{"count":5,"href":"https:\/\/rubrails-tessilmare.com\/tr\/wp-json\/wp\/v2\/pages\/7581\/revisions"}],"predecessor-version":[{"id":9281,"href":"https:\/\/rubrails-tessilmare.com\/tr\/wp-json\/wp\/v2\/pages\/7581\/revisions\/9281"}],"up":[{"embeddable":true,"href":"https:\/\/rubrails-tessilmare.com\/tr\/wp-json\/wp\/v2\/pages\/7514"}],"wp:attachment":[{"href":"https:\/\/rubrails-tessilmare.com\/tr\/wp-json\/wp\/v2\/media?parent=7581"}],"curies":[{"name":"wp","href":"https:\/\/api.w.org\/{rel}","templated":true}]}}