{"id":7640,"date":"2018-03-02T12:49:21","date_gmt":"2018-03-02T11:49:21","guid":{"rendered":"https:\/\/rubrails-tessilmare.com\/tesekkur-sayfasi-etiketi\/"},"modified":"2025-05-28T13:04:29","modified_gmt":"2025-05-28T11:04:29","slug":"tesekkur-sayfasi-etiketi","status":"publish","type":"page","link":"https:\/\/rubrails-tessilmare.com\/tr\/tesekkur-sayfasi-etiketi\/","title":{"rendered":"Te\u015fekk\u00fcr Sayfas\u0131 Etiketi"},"content":{"rendered":"\n<style type=\"text\/css\" data-created_by=\"avia_inline_auto\" id=\"style-css-av-7r30f3-5dbc50394b1515098feab6dd1381854b\">\n#top .hr.hr-invisible.av-7r30f3-5dbc50394b1515098feab6dd1381854b{\nheight:15px;\n}\n<\/style>\n<div  class='hr av-7r30f3-5dbc50394b1515098feab6dd1381854b hr-invisible  avia-builder-el-0  el_before_av_one_full  avia-builder-el-first '><span class='hr-inner '><span class=\"hr-inner-style\"><\/span><\/span><\/div>\n\n<style type=\"text\/css\" data-created_by=\"avia_inline_auto\" id=\"style-css-av-5d3l8f-a92f7b6def858493472041a711a3b623\">\n.flex_column.av-5d3l8f-a92f7b6def858493472041a711a3b623{\nborder-radius:0px 0px 0px 0px;\npadding:0px 0px 0px 0px;\n}\n<\/style>\n<div  class='flex_column av-5d3l8f-a92f7b6def858493472041a711a3b623 av_one_full  avia-builder-el-1  el_after_av_hr  el_before_av_hr  first flex_column_div av-zero-column-padding  '     ><style type=\"text\/css\" data-created_by=\"avia_inline_auto\" id=\"style-css-av-41h4jz-2acee51b95061b02a7c05eb6ec1c2a97\">\n#top .av-special-heading.av-41h4jz-2acee51b95061b02a7c05eb6ec1c2a97{\npadding-bottom:0;\n}\nbody .av-special-heading.av-41h4jz-2acee51b95061b02a7c05eb6ec1c2a97 .av-special-heading-tag .heading-char{\nfont-size:25px;\n}\n.av-special-heading.av-41h4jz-2acee51b95061b02a7c05eb6ec1c2a97 .av-subheading{\nfont-size:15px;\n}\n<\/style>\n<div  class='av-special-heading av-41h4jz-2acee51b95061b02a7c05eb6ec1c2a97 av-special-heading-h1 blockquote modern-quote modern-centered  avia-builder-el-2  avia-builder-el-no-sibling '><h1 class='av-special-heading-tag '  itemprop=\"headline\"  >Bize ula\u015ft\u0131\u011f\u0131n\u0131z i\u00e7in te\u015fekk\u00fcrler.<\/h1><div class='av-subheading av-subheading_below'><p>Tessilmare Personeli size en k\u0131sa s\u00fcrede geri d\u00f6necektir.<\/p>\n<\/div><div class=\"special-heading-border\"><div class=\"special-heading-inner-border\"><\/div><\/div><\/div><\/div>\n<style type=\"text\/css\" data-created_by=\"avia_inline_auto\" id=\"style-css-av-2ppqen-cb87ffb65916ebe2767d2e09562a7562\">\n#top .hr.hr-invisible.av-2ppqen-cb87ffb65916ebe2767d2e09562a7562{\nheight:15px;\n}\n<\/style>\n<div  class='hr av-2ppqen-cb87ffb65916ebe2767d2e09562a7562 hr-invisible  avia-builder-el-3  el_after_av_one_full  avia-builder-el-last '><span class='hr-inner '><span class=\"hr-inner-style\"><\/span><\/span><\/div><\/p>\n","protected":false},"excerpt":{"rendered":"","protected":false},"author":1,"featured_media":0,"parent":0,"menu_order":0,"comment_status":"closed","ping_status":"closed","template":"","meta":{"rank_math_lock_modified_date":false,"footnotes":""},"class_list":["post-7640","page","type-page","status-publish","hentry"],"_links":{"self":[{"href":"https:\/\/rubrails-tessilmare.com\/tr\/wp-json\/wp\/v2\/pages\/7640"}],"collection":[{"href":"https:\/\/rubrails-tessilmare.com\/tr\/wp-json\/wp\/v2\/pages"}],"about":[{"href":"https:\/\/rubrails-tessilmare.com\/tr\/wp-json\/wp\/v2\/types\/page"}],"author":[{"embeddable":true,"href":"https:\/\/rubrails-tessilmare.com\/tr\/wp-json\/wp\/v2\/users\/1"}],"replies":[{"embeddable":true,"href":"https:\/\/rubrails-tessilmare.com\/tr\/wp-json\/wp\/v2\/comments?post=7640"}],"version-history":[{"count":5,"href":"https:\/\/rubrails-tessilmare.com\/tr\/wp-json\/wp\/v2\/pages\/7640\/revisions"}],"predecessor-version":[{"id":9020,"href":"https:\/\/rubrails-tessilmare.com\/tr\/wp-json\/wp\/v2\/pages\/7640\/revisions\/9020"}],"wp:attachment":[{"href":"https:\/\/rubrails-tessilmare.com\/tr\/wp-json\/wp\/v2\/media?parent=7640"}],"curies":[{"name":"wp","href":"https:\/\/api.w.org\/{rel}","templated":true}]}}