{"id":7668,"date":"2017-08-03T15:49:53","date_gmt":"2017-08-03T13:49:53","guid":{"rendered":"https:\/\/rubrails-tessilmare.com\/fender-profilleri-sphaera\/"},"modified":"2025-05-28T13:04:30","modified_gmt":"2025-05-28T11:04:30","slug":"fender-profilleri-sphaera","status":"publish","type":"page","link":"https:\/\/rubrails-tessilmare.com\/tr\/urun-yelpazesi\/fender-profilleri-sphaera\/","title":{"rendered":"FENDER PROF\u0130LLER\u0130 &#8211; Sphaera"},"content":{"rendered":"\n<style type=\"text\/css\" data-created_by=\"avia_inline_auto\" id=\"style-css-av-acm5tg-84d584627a84df97f7d1cb29ce0e489f\">\n.flex_column.av-acm5tg-84d584627a84df97f7d1cb29ce0e489f{\nborder-radius:0px 0px 0px 0px;\npadding:0px 0px 0px 0px;\n}\n<\/style>\n<div  class='flex_column av-acm5tg-84d584627a84df97f7d1cb29ce0e489f av_one_full  avia-builder-el-0  el_before_av_masonry_gallery  avia-builder-el-no-sibling  first flex_column_div av-zero-column-padding  '     ><p>\n<style type=\"text\/css\" data-created_by=\"avia_inline_auto\" id=\"style-css-av-9pth2c-b17b1b4f58d17e89d7adcf52799e1df0\">\n#top .av-special-heading.av-9pth2c-b17b1b4f58d17e89d7adcf52799e1df0{\npadding-bottom:0;\n}\nbody .av-special-heading.av-9pth2c-b17b1b4f58d17e89d7adcf52799e1df0 .av-special-heading-tag .heading-char{\nfont-size:25px;\n}\n.av-special-heading.av-9pth2c-b17b1b4f58d17e89d7adcf52799e1df0 .av-subheading{\nfont-size:15px;\n}\n<\/style>\n<div  class='av-special-heading av-9pth2c-b17b1b4f58d17e89d7adcf52799e1df0 av-special-heading-h1 blockquote modern-quote modern-centered  avia-builder-el-1  el_before_av_hr  avia-builder-el-first '><h1 class='av-special-heading-tag '  itemprop=\"headline\"  >FENDER PROF\u0130LLER\u0130 &#8211; SPHAERA<\/h1><div class=\"special-heading-border\"><div class=\"special-heading-inner-border\"><\/div><\/div><\/div><br \/>\n\n<style type=\"text\/css\" data-created_by=\"avia_inline_auto\" id=\"style-css-av-pbsxw-8f4925920eeac1a8c0b949f7bb858c61\">\n#top .hr.av-pbsxw-8f4925920eeac1a8c0b949f7bb858c61{\nmargin-top:5px;\nmargin-bottom:10px;\n}\n.hr.av-pbsxw-8f4925920eeac1a8c0b949f7bb858c61 .hr-inner{\nwidth:7%;\nborder-color:#15354e;\n}\n<\/style>\n<div  class='hr av-pbsxw-8f4925920eeac1a8c0b949f7bb858c61 hr-custom  avia-builder-el-2  el_after_av_heading  el_before_av_textblock  hr-center hr-icon-no'><span class='hr-inner inner-border-av-border-fat'><span class=\"hr-inner-style\"><\/span><\/span><\/div><br \/>\n<section  class='av_textblock_section av-5sio2c-d26ec20da7ed6e4fa9bc8b7bfe33e36e '   itemscope=\"itemscope\" itemtype=\"https:\/\/schema.org\/CreativeWork\" ><div class='avia_textblock'  itemprop=\"text\" ><p style=\"text-align: center;\">SPHAERA, kolayca monte edilebilen ve rekabet\u00e7i bir maliyetle tekne g\u00f6r\u00fcn\u00fcm\u00fcn\u00fc art\u0131ran bir Rub Rail ihtiyac\u0131n\u0131 kar\u015f\u0131lamak i\u00e7in olu\u015fturuldu. PATENTL\u0130 s\u00fcre\u00e7, Rub Rail&#8217;in farkl\u0131 a\u00e7\u0131larda minimum \u00e7abayla b\u00fck\u00fclmesine izin verirken deformasyonu \u00f6nler.<div class=\"show_more\"><p class=\"wpsm-show\" style=\"color: #cc0000; font-size: 100%; text-align: left;\"> Devam\u0131n\u0131 oku<\/p><div class=\"wpsm-content\"><\/p>\n<p style=\"text-align: center;\">PVC taban, montaj s\u0131ras\u0131nda \u00e7irkin ekler, k\u0131r\u0131klar veya hizas\u0131zl\u0131klar olmamas\u0131n\u0131 sa\u011flamak i\u00e7in gereken uzunlukta bobinler halinde temin edilir. \u015eok ge\u00e7irmez vinil klor\u00fcr \u00e7ekirde\u011fi ile birlikte e\u015f ekstr\u00fcde edilen S\/S 316 L d\u0131\u015f katman, hafif ama ayn\u0131 zamanda dayan\u0131kl\u0131 bir sistem olu\u015fturur.<\/p>\n<p style=\"text-align: center;\">SPHAERA, pahal\u0131 \u00f6nceden b\u00fck\u00fclm\u00fc\u015f profillere ve \u00f6zel montaj ara\u00e7lar\u0131na olan ihtiyac\u0131 ortadan kald\u0131rarak piyasadaki en kolay ve en uygun fiyatl\u0131 denizcilik Rub Rail&#8217;lerinden biri haline gelir.<\/p>\n<p style=\"text-align: center;\">S\/S ek kapaklar\u0131, \u00e7ubuklar\u0131 m\u00fckemmel \u015fekilde hizalayarak gereksiz delme i\u015flemlerini \u00f6nler ve S\/S u\u00e7 kapaklar\u0131 \u015f\u0131k bir biti\u015f dokunu\u015fu sa\u011flar. <p class=\"wpsm-hide\" style=\"color: #cc0000; font-size: 100%; text-align: left;\"> Daha az g\u00f6ster<\/p><\/div><\/div><\/p>\n<\/div><\/section><\/p><\/div>\n<style type=\"text\/css\" data-created_by=\"avia_inline_auto\" id=\"style-css-av-cjuas-117dcc4e9e79caa2953b80debb2e2e3e\">\n#top .av-masonry.av-cjuas-117dcc4e9e79caa2953b80debb2e2e3e{\nbackground-color:#ffffff;\n}\n<\/style>\n<div id='av-masonry-1' class='av-masonry av-cjuas-117dcc4e9e79caa2953b80debb2e2e3e noHover av-fixed-size av-1px-gap av-hover-overlay-active av-masonry-animation-active av-masonry-col-4 av-caption-on-hover av-caption-style-overlay av-masonry-gallery av-medium-columns-overwrite av-medium-columns-3 av-orientation-square ' data-post_id=\"7668\"><div class=\"av-masonry-container isotope av-js-disabled\"><div class='av-masonry-entry isotope-item av-masonry-item-no-image '><\/div><a href=\"https:\/\/rubrails-tessilmare.com\/tr\/sphaera-paslanmaz-celik-316l-cubuk-25\/\"  aria-label=\"image SPHAERA_25\"  id='av-masonry-1-item-7943' data-av-masonry-item='7943' class='av-masonry-entry isotope-item post-7943 attachment type-attachment status-inherit hentry  av-masonry-item-with-image' title=\"SPHAERA_25\" alt=\"\"  data-av-masonry-custom-link=\"https:\/\/rubrails-tessilmare.com\/tr\/sphaera-paslanmaz-celik-316l-cubuk-25\/\"  itemprop=\"thumbnailUrl\" ><div class='av-inner-masonry-sizer'><\/div><figure class='av-inner-masonry main_color'><div class=\"av-masonry-outerimage-container\"><div class='av-masonry-image-container lazyload' style=\"background-image:inherit;\"  title=\"SPHAERA_25\"  data-bg-image=\"url(https:\/\/rubrails-tessilmare.com\/wp-content\/uploads\/2017\/07\/SPHAERA_25-705x705.jpg)\"><\/div><\/div><figcaption class='av-inner-masonry-content site-background'><div class='av-inner-masonry-content-pos'><div class='av-inner-masonry-content-pos-content'><div class='avia-arrow'><\/div><div class='av-masonry-entry-content entry-content'  itemprop=\"text\" >SPHAERA STAINLESS STEEL 316L BAR 25<\/div><\/div><\/div><\/figcaption><\/figure><\/a><!--end av-masonry entry--><a href=\"https:\/\/rubrails-tessilmare.com\/tr\/sphaera-paslanmaz-celik-316l-cubuk-35\/\"  aria-label=\"image SPHAERA_35\"  id='av-masonry-1-item-7600' data-av-masonry-item='7600' class='av-masonry-entry isotope-item post-7600 attachment type-attachment status-inherit hentry  av-masonry-item-with-image' title=\"SPHAERA_35\" alt=\"\"  data-av-masonry-custom-link=\"https:\/\/rubrails-tessilmare.com\/tr\/sphaera-paslanmaz-celik-316l-cubuk-35\/\"  itemprop=\"thumbnailUrl\" ><div class='av-inner-masonry-sizer'><\/div><figure class='av-inner-masonry main_color'><div class=\"av-masonry-outerimage-container\"><div class='av-masonry-image-container lazyload' style=\"background-image:inherit;\"  title=\"SPHAERA_35\"  data-bg-image=\"url(https:\/\/rubrails-tessilmare.com\/wp-content\/uploads\/2017\/07\/SPHAERA_35-705x705.jpg)\"><\/div><\/div><figcaption class='av-inner-masonry-content site-background'><div class='av-inner-masonry-content-pos'><div class='av-inner-masonry-content-pos-content'><div class='avia-arrow'><\/div><div class='av-masonry-entry-content entry-content'  itemprop=\"text\" >SPHAERA STAINLESS STEEL 316L BAR 35<\/div><\/div><\/div><\/figcaption><\/figure><\/a><!--end av-masonry entry--><a href=\"https:\/\/rubrails-tessilmare.com\/tr\/sphaera-paslanmaz-celik-316l-cubuk-50\/\"  aria-label=\"image SPHAERA_50\"  id='av-masonry-1-item-8888' data-av-masonry-item='8888' class='av-masonry-entry isotope-item post-8888 attachment type-attachment status-inherit hentry  av-masonry-item-with-image' title=\"SPHAERA_50\" alt=\"\"  data-av-masonry-custom-link=\"https:\/\/rubrails-tessilmare.com\/tr\/sphaera-paslanmaz-celik-316l-cubuk-50\/\"  itemprop=\"thumbnailUrl\" ><div class='av-inner-masonry-sizer'><\/div><figure class='av-inner-masonry main_color'><div class=\"av-masonry-outerimage-container\"><div class='av-masonry-image-container lazyload' style=\"background-image:inherit;\"  title=\"SPHAERA_50\"  data-bg-image=\"url(https:\/\/rubrails-tessilmare.com\/wp-content\/uploads\/2017\/07\/SPHAERA_50-705x705.jpg)\"><\/div><\/div><figcaption class='av-inner-masonry-content site-background'><div class='av-inner-masonry-content-pos'><div class='av-inner-masonry-content-pos-content'><div class='avia-arrow'><\/div><div class='av-masonry-entry-content entry-content'  itemprop=\"text\" >SPHAERA STAINLESS STEEL 316L BAR 50<\/div><\/div><\/div><\/figcaption><\/figure><\/a><!--end av-masonry entry--><a href=\"https:\/\/rubrails-tessilmare.com\/tr\/sphaera-paslanmaz-celik-316l-cubuk-65\/\"  aria-label=\"image Boat Bumpers SPHAERA 65\"  id='av-masonry-1-item-7840' data-av-masonry-item='7840' class='av-masonry-entry isotope-item post-7840 attachment type-attachment status-inherit hentry  av-masonry-item-with-image' title=\"Boat Bumpers SPHAERA 65\" alt=\"\"  data-av-masonry-custom-link=\"https:\/\/rubrails-tessilmare.com\/tr\/sphaera-paslanmaz-celik-316l-cubuk-65\/\"  itemprop=\"thumbnailUrl\" ><div class='av-inner-masonry-sizer'><\/div><figure class='av-inner-masonry main_color'><div class=\"av-masonry-outerimage-container\"><div class='av-masonry-image-container lazyload' style=\"background-image:inherit;\"  title=\"Boat Bumpers SPHAERA 65\"  data-bg-image=\"url(https:\/\/rubrails-tessilmare.com\/wp-content\/uploads\/2017\/07\/SPHAERA_65-705x705.jpg)\"><\/div><\/div><figcaption class='av-inner-masonry-content site-background'><div class='av-inner-masonry-content-pos'><div class='av-inner-masonry-content-pos-content'><div class='avia-arrow'><\/div><div class='av-masonry-entry-content entry-content'  itemprop=\"text\" >SPHAERA STAINLESS STEEL 316L BAR 65<\/div><\/div><\/div><\/figcaption><\/figure><\/a><!--end av-masonry entry--><a href=\"https:\/\/rubrails-tessilmare.com\/tr\/sphaera-slim-taban-25\/\"  aria-label=\"image SPHAERA_SLIM25\"  id='av-masonry-1-item-8812' data-av-masonry-item='8812' class='av-masonry-entry isotope-item post-8812 attachment type-attachment status-inherit hentry  av-masonry-item-with-image' title=\"SPHAERA_SLIM25\" alt=\"\"  data-av-masonry-custom-link=\"https:\/\/rubrails-tessilmare.com\/tr\/sphaera-slim-taban-25\/\"  itemprop=\"thumbnailUrl\" ><div class='av-inner-masonry-sizer'><\/div><figure class='av-inner-masonry main_color'><div class=\"av-masonry-outerimage-container\"><div class='av-masonry-image-container lazyload' style=\"background-image:inherit;\"  title=\"SPHAERA_SLIM25\"  data-bg-image=\"url(https:\/\/rubrails-tessilmare.com\/wp-content\/uploads\/2017\/07\/SPHAERA_SLIM25-705x705.jpg)\"><\/div><\/div><figcaption class='av-inner-masonry-content site-background'><div class='av-inner-masonry-content-pos'><div class='av-inner-masonry-content-pos-content'><div class='avia-arrow'><\/div><div class='av-masonry-entry-content entry-content'  itemprop=\"text\" >SPHAERA SLIM BASE 25<\/div><\/div><\/div><\/figcaption><\/figure><\/a><!--end av-masonry entry--><a href=\"https:\/\/rubrails-tessilmare.com\/tr\/sphaera-slim-taban-35\/\"  aria-label=\"image SPHAERA_SLIM35\"  id='av-masonry-1-item-8726' data-av-masonry-item='8726' class='av-masonry-entry isotope-item post-8726 attachment type-attachment status-inherit hentry  av-masonry-item-with-image' title=\"SPHAERA_SLIM35\" alt=\"\"  data-av-masonry-custom-link=\"https:\/\/rubrails-tessilmare.com\/tr\/sphaera-slim-taban-35\/\"  itemprop=\"thumbnailUrl\" ><div class='av-inner-masonry-sizer'><\/div><figure class='av-inner-masonry main_color'><div class=\"av-masonry-outerimage-container\"><div class='av-masonry-image-container lazyload' style=\"background-image:inherit;\"  title=\"SPHAERA_SLIM35\"  data-bg-image=\"url(https:\/\/rubrails-tessilmare.com\/wp-content\/uploads\/2017\/07\/SPHAERA_SLIM35-705x705.jpg)\"><\/div><\/div><figcaption class='av-inner-masonry-content site-background'><div class='av-inner-masonry-content-pos'><div class='av-inner-masonry-content-pos-content'><div class='avia-arrow'><\/div><div class='av-masonry-entry-content entry-content'  itemprop=\"text\" >SPHAERA SLIM BASE 35<\/div><\/div><\/div><\/figcaption><\/figure><\/a><!--end av-masonry entry--><a href=\"https:\/\/rubrails-tessilmare.com\/tr\/sphaera-slim-taban-50\/\"  aria-label=\"image SPHAERA_SLIM50\"  id='av-masonry-1-item-8051' data-av-masonry-item='8051' class='av-masonry-entry isotope-item post-8051 attachment type-attachment status-inherit hentry  av-masonry-item-with-image' title=\"SPHAERA_SLIM50\" alt=\"\"  data-av-masonry-custom-link=\"https:\/\/rubrails-tessilmare.com\/tr\/sphaera-slim-taban-50\/\"  itemprop=\"thumbnailUrl\" ><div class='av-inner-masonry-sizer'><\/div><figure class='av-inner-masonry main_color'><div class=\"av-masonry-outerimage-container\"><div class='av-masonry-image-container lazyload' style=\"background-image:inherit;\"  title=\"SPHAERA_SLIM50\"  data-bg-image=\"url(https:\/\/rubrails-tessilmare.com\/wp-content\/uploads\/2017\/07\/SPHAERA_SLIM50-705x705.jpg)\"><\/div><\/div><figcaption class='av-inner-masonry-content site-background'><div class='av-inner-masonry-content-pos'><div class='av-inner-masonry-content-pos-content'><div class='avia-arrow'><\/div><div class='av-masonry-entry-content entry-content'  itemprop=\"text\" >SPHAERA SLIM BASE 50<\/div><\/div><\/div><\/figcaption><\/figure><\/a><!--end av-masonry entry--><a href=\"https:\/\/rubrails-tessilmare.com\/tr\/sphaera-slim-taban-65\/\"  aria-label=\"image SPHAERA_SLIM65B\"  id='av-masonry-1-item-7973' data-av-masonry-item='7973' class='av-masonry-entry isotope-item post-7973 attachment type-attachment status-inherit hentry  av-masonry-item-with-image' title=\"SPHAERA_SLIM65B\" alt=\"\"  data-av-masonry-custom-link=\"https:\/\/rubrails-tessilmare.com\/tr\/sphaera-slim-taban-65\/\"  itemprop=\"thumbnailUrl\" ><div class='av-inner-masonry-sizer'><\/div><figure class='av-inner-masonry main_color'><div class=\"av-masonry-outerimage-container\"><div class='av-masonry-image-container lazyload' style=\"background-image:inherit;\"  title=\"SPHAERA_SLIM65B\"  data-bg-image=\"url(https:\/\/rubrails-tessilmare.com\/wp-content\/uploads\/2017\/07\/SPHAERA_SLIM65B-705x705.jpg)\"><\/div><\/div><figcaption class='av-inner-masonry-content site-background'><div class='av-inner-masonry-content-pos'><div class='av-inner-masonry-content-pos-content'><div class='avia-arrow'><\/div><div class='av-masonry-entry-content entry-content'  itemprop=\"text\" >SPHAERA SLIM BASE 65<\/div><\/div><\/div><\/figcaption><\/figure><\/a><!--end av-masonry entry--><a href=\"https:\/\/rubrails-tessilmare.com\/tr\/sphaera-pvc-taban-25\/\"  aria-label=\"image SPHAERA_base25\"  id='av-masonry-1-item-8349' data-av-masonry-item='8349' class='av-masonry-entry isotope-item post-8349 attachment type-attachment status-inherit hentry  av-masonry-item-with-image' title=\"SPHAERA_base25\" alt=\"\"  data-av-masonry-custom-link=\"https:\/\/rubrails-tessilmare.com\/tr\/sphaera-pvc-taban-25\/\"  itemprop=\"thumbnailUrl\" ><div class='av-inner-masonry-sizer'><\/div><figure class='av-inner-masonry main_color'><div class=\"av-masonry-outerimage-container\"><div class='av-masonry-image-container lazyload' style=\"background-image:inherit;\"  title=\"SPHAERA_base25\"  data-bg-image=\"url(https:\/\/rubrails-tessilmare.com\/wp-content\/uploads\/2017\/07\/SPHAERA_base25-705x705.jpg)\"><\/div><\/div><figcaption class='av-inner-masonry-content site-background'><div class='av-inner-masonry-content-pos'><div class='av-inner-masonry-content-pos-content'><div class='avia-arrow'><\/div><div class='av-masonry-entry-content entry-content'  itemprop=\"text\" >SPHAERA 25 PVC BASE 40<\/div><\/div><\/div><\/figcaption><\/figure><\/a><!--end av-masonry entry--><a href=\"https:\/\/rubrails-tessilmare.com\/tr\/sphaera-pvc-taban-35\/\"  aria-label=\"image SPHAERA_base35\"  id='av-masonry-1-item-7833' data-av-masonry-item='7833' class='av-masonry-entry isotope-item post-7833 attachment type-attachment status-inherit hentry  av-masonry-item-with-image' title=\"SPHAERA_base35\" alt=\"\"  data-av-masonry-custom-link=\"https:\/\/rubrails-tessilmare.com\/tr\/sphaera-pvc-taban-35\/\"  itemprop=\"thumbnailUrl\" ><div class='av-inner-masonry-sizer'><\/div><figure class='av-inner-masonry main_color'><div class=\"av-masonry-outerimage-container\"><div class='av-masonry-image-container lazyload' style=\"background-image:inherit;\"  title=\"SPHAERA_base35\"  data-bg-image=\"url(https:\/\/rubrails-tessilmare.com\/wp-content\/uploads\/2017\/07\/SPHAERA_base35-705x705.jpg)\"><\/div><\/div><figcaption class='av-inner-masonry-content site-background'><div class='av-inner-masonry-content-pos'><div class='av-inner-masonry-content-pos-content'><div class='avia-arrow'><\/div><div class='av-masonry-entry-content entry-content'  itemprop=\"text\" >SPHAERA 35 PVC BASE 50<\/div><\/div><\/div><\/figcaption><\/figure><\/a><!--end av-masonry entry--><a href=\"https:\/\/rubrails-tessilmare.com\/tr\/sphaera-pvc-taban-50\/\"  aria-label=\"image SPHAERA_base50\"  id='av-masonry-1-item-8925' data-av-masonry-item='8925' class='av-masonry-entry isotope-item post-8925 attachment type-attachment status-inherit hentry  av-masonry-item-with-image' title=\"SPHAERA_base50\" alt=\"\"  data-av-masonry-custom-link=\"https:\/\/rubrails-tessilmare.com\/tr\/sphaera-pvc-taban-50\/\"  itemprop=\"thumbnailUrl\" ><div class='av-inner-masonry-sizer'><\/div><figure class='av-inner-masonry main_color'><div class=\"av-masonry-outerimage-container\"><div class='av-masonry-image-container lazyload' style=\"background-image:inherit;\"  title=\"SPHAERA_base50\"  data-bg-image=\"url(https:\/\/rubrails-tessilmare.com\/wp-content\/uploads\/2017\/07\/SPHAERA_base50-705x705.jpg)\"><\/div><\/div><figcaption class='av-inner-masonry-content site-background'><div class='av-inner-masonry-content-pos'><div class='av-inner-masonry-content-pos-content'><div class='avia-arrow'><\/div><div class='av-masonry-entry-content entry-content'  itemprop=\"text\" >SPHAERA 50 PVC BASE 70<\/div><\/div><\/div><\/figcaption><\/figure><\/a><!--end av-masonry entry--><a href=\"https:\/\/rubrails-tessilmare.com\/tr\/sphaera-pvc-taban-65\/\"  aria-label=\"image SPHAERA_base65\"  id='av-masonry-1-item-9386' data-av-masonry-item='9386' class='av-masonry-entry isotope-item post-9386 attachment type-attachment status-inherit hentry  av-masonry-item-with-image' title=\"SPHAERA_base65\" alt=\"BOAT BOW RAILS - SPHAERA PVC BASE 65\"  data-av-masonry-custom-link=\"https:\/\/rubrails-tessilmare.com\/tr\/sphaera-pvc-taban-65\/\"  itemprop=\"thumbnailUrl\" ><div class='av-inner-masonry-sizer'><\/div><figure class='av-inner-masonry main_color'><div class=\"av-masonry-outerimage-container\"><div class='av-masonry-image-container lazyload' style=\"background-image:inherit;\"  title=\"SPHAERA_base65\"  data-bg-image=\"url(https:\/\/rubrails-tessilmare.com\/wp-content\/uploads\/2017\/07\/SPHAERA_base65-705x705.jpg)\"><\/div><\/div><figcaption class='av-inner-masonry-content site-background'><div class='av-inner-masonry-content-pos'><div class='av-inner-masonry-content-pos-content'><div class='avia-arrow'><\/div><div class='av-masonry-entry-content entry-content'  itemprop=\"text\" >SPHAERA 65 PVC BASE 80<\/div><\/div><\/div><\/figcaption><\/figure><\/a><!--end av-masonry entry--><\/div><\/div><\/p>\n\n<style type=\"text\/css\" data-created_by=\"avia_inline_auto\" id=\"style-css-av-1umfgk-dfd89439b15089a4a69936b35b07456a\">\n#top .hr.hr-invisible.av-1umfgk-dfd89439b15089a4a69936b35b07456a{\nheight:5px;\n}\n<\/style>\n<div  class='hr av-1umfgk-dfd89439b15089a4a69936b35b07456a hr-invisible  avia-builder-el-5  el_after_av_masonry_gallery  avia-builder-el-no-sibling '><span class='hr-inner '><span class=\"hr-inner-style\"><\/span><\/span><\/div>\n","protected":false},"excerpt":{"rendered":"","protected":false},"author":1,"featured_media":0,"parent":8529,"menu_order":0,"comment_status":"closed","ping_status":"closed","template":"","meta":{"rank_math_lock_modified_date":false,"footnotes":""},"class_list":["post-7668","page","type-page","status-publish","hentry"],"_links":{"self":[{"href":"https:\/\/rubrails-tessilmare.com\/tr\/wp-json\/wp\/v2\/pages\/7668"}],"collection":[{"href":"https:\/\/rubrails-tessilmare.com\/tr\/wp-json\/wp\/v2\/pages"}],"about":[{"href":"https:\/\/rubrails-tessilmare.com\/tr\/wp-json\/wp\/v2\/types\/page"}],"author":[{"embeddable":true,"href":"https:\/\/rubrails-tessilmare.com\/tr\/wp-json\/wp\/v2\/users\/1"}],"replies":[{"embeddable":true,"href":"https:\/\/rubrails-tessilmare.com\/tr\/wp-json\/wp\/v2\/comments?post=7668"}],"version-history":[{"count":5,"href":"https:\/\/rubrails-tessilmare.com\/tr\/wp-json\/wp\/v2\/pages\/7668\/revisions"}],"predecessor-version":[{"id":9048,"href":"https:\/\/rubrails-tessilmare.com\/tr\/wp-json\/wp\/v2\/pages\/7668\/revisions\/9048"}],"up":[{"embeddable":true,"href":"https:\/\/rubrails-tessilmare.com\/tr\/wp-json\/wp\/v2\/pages\/8529"}],"wp:attachment":[{"href":"https:\/\/rubrails-tessilmare.com\/tr\/wp-json\/wp\/v2\/media?parent=7668"}],"curies":[{"name":"wp","href":"https:\/\/api.w.org\/{rel}","templated":true}]}}