{"id":7672,"date":"2017-08-25T12:07:15","date_gmt":"2017-08-25T10:07:15","guid":{"rendered":"https:\/\/rubrails-tessilmare.com\/ticaret-birlikleri-ortakliklar\/"},"modified":"2025-05-28T13:04:31","modified_gmt":"2025-05-28T11:04:31","slug":"ticaret-birlikleri-ortakliklar","status":"publish","type":"page","link":"https:\/\/rubrails-tessilmare.com\/tr\/ticaret-birlikleri-ortakliklar\/","title":{"rendered":"T\u0130CARET B\u0130RL\u0130KLER\u0130 &#038; ORTAKLIKLAR"},"content":{"rendered":"\n<style type=\"text\/css\" data-created_by=\"avia_inline_auto\" id=\"style-css-av-dm4x5m-f8c896d98a091106ab5d199595fceb0a\">\n.flex_column.av-dm4x5m-f8c896d98a091106ab5d199595fceb0a{\nborder-radius:0px 0px 0px 0px;\npadding:0px 0px 0px 0px;\n}\n<\/style>\n<div  class='flex_column av-dm4x5m-f8c896d98a091106ab5d199595fceb0a av_one_full  avia-builder-el-0  avia-builder-el-no-sibling  first flex_column_div av-zero-column-padding  '     ><p>\n<style type=\"text\/css\" data-created_by=\"avia_inline_auto\" id=\"style-css-av-cx5sbu-11ad6a4ee6afc7d21dfd33b62e2bcc6c\">\n#top .av-special-heading.av-cx5sbu-11ad6a4ee6afc7d21dfd33b62e2bcc6c{\npadding-bottom:0;\n}\nbody .av-special-heading.av-cx5sbu-11ad6a4ee6afc7d21dfd33b62e2bcc6c .av-special-heading-tag .heading-char{\nfont-size:25px;\n}\n.av-special-heading.av-cx5sbu-11ad6a4ee6afc7d21dfd33b62e2bcc6c .av-subheading{\nfont-size:15px;\n}\n<\/style>\n<div  class='av-special-heading av-cx5sbu-11ad6a4ee6afc7d21dfd33b62e2bcc6c av-special-heading-h1 blockquote modern-quote modern-centered  avia-builder-el-1  el_before_av_hr  avia-builder-el-first '><h1 class='av-special-heading-tag '  itemprop=\"headline\"  >T\u0130CARET B\u0130RL\u0130KLER\u0130 <span class='special_amp'>&amp;<\/span> ORTAKLIKLAR<\/h1><div class=\"special-heading-border\"><div class=\"special-heading-inner-border\"><\/div><\/div><\/div><br \/>\n\n<style type=\"text\/css\" data-created_by=\"avia_inline_auto\" id=\"style-css-av-af29cq-7b9e6321e8416c0b1f8ce4949e5a7318\">\n#top .hr.av-af29cq-7b9e6321e8416c0b1f8ce4949e5a7318{\nmargin-top:5px;\nmargin-bottom:0px;\n}\n.hr.av-af29cq-7b9e6321e8416c0b1f8ce4949e5a7318 .hr-inner{\nwidth:7%;\nborder-color:#15354e;\n}\n<\/style>\n<div  class='hr av-af29cq-7b9e6321e8416c0b1f8ce4949e5a7318 hr-custom  avia-builder-el-2  el_after_av_heading  el_before_av_partner  hr-center hr-icon-no'><span class='hr-inner inner-border-av-border-fat'><span class=\"hr-inner-style\"><\/span><\/span><\/div><br \/>\n<div  class='avia-logo-element-container av-9jtfiy-c5fa91ea235b567df1767a93d78ac33f av-border-deactivate avia-logo-grid avia-content-slider avia-smallarrow-slider avia-content-grid-active noHover avia-content-slider-even  avia-builder-el-3  el_after_av_hr  avia-builder-el-last  avia-content-slider1' ><div class='avia-smallarrow-slider-heading  no-logo-slider-heading '><div class='new-special-heading'>&nbsp;<\/div><\/div><div class=\"avia-content-slider-inner\"><div class=\"slide-entry-wrap\"><div  class='slide-entry av-7kd77u-c55486763d33188c0ca1abe59532aed0 flex_column no_margin av_one_fourth real-thumbnail post-entry slide-entry-overview slide-loop-1 slide-parity-odd  first'><a href=\"https:\/\/www.nmdaonline.com\/\" data-rel=\"slide-1\" class=\"slide-image\" title=\"\" target=\"_blank\" rel=\"noopener noreferrer\"><span class='av-partner-fake-img lazyload' style='padding-bottom:81.25%; background-image:inherit;' data-bg-image='url(https:\/\/rubrails-tessilmare.com\/wp-content\/uploads\/2017\/08\/NMDA.jpg)'><\/span><\/a><\/div><div  class='slide-entry av-56emwa-8dc677ea1af87a9508f869be3a38b5d9 flex_column no_margin av_one_fourth real-thumbnail post-entry slide-entry-overview slide-loop-2 slide-parity-even  '><a href=\"https:\/\/www.nmma.org\/\" data-rel=\"slide-1\" class=\"slide-image\" title=\"\" target=\"_blank\" rel=\"noopener noreferrer\"><span class='av-partner-fake-img lazyload' style='padding-bottom:81.25%; background-image:inherit;' data-bg-image='url(https:\/\/rubrails-tessilmare.com\/wp-content\/uploads\/2017\/08\/NMMA.jpg)'><\/span><\/a><\/div><div  class='slide-entry av-4h7kkq-135ea19491804294320f0fec3ac3381c flex_column no_margin av_one_fourth real-thumbnail post-entry slide-entry-overview slide-loop-3 slide-parity-odd  '><a href=\"https:\/\/ucina.net\/\" data-rel=\"slide-1\" class=\"slide-image\" title=\"\" target=\"_blank\" rel=\"noopener noreferrer\"><span class='av-partner-fake-img lazyload' style='padding-bottom:81.25%; background-image:inherit;' data-bg-image='url(https:\/\/rubrails-tessilmare.com\/wp-content\/uploads\/2017\/08\/UCINA.jpg)'><\/span><\/a><\/div><div  class='slide-entry av-28vc7e-70d4d25328fa19ed1d20f32713e6a872 flex_column no_margin av_one_fourth real-thumbnail post-entry slide-entry-overview slide-loop-4 slide-parity-even post-entry-last '><a href=\"https:\/\/www.mate-usa.com\/tr\/\" data-rel=\"slide-1\" class=\"slide-image\" title=\"\" target=\"_blank\" rel=\"noopener noreferrer\"><span class='av-partner-fake-img lazyload' style='padding-bottom:81.25%; background-image:inherit;' data-bg-image='url(https:\/\/rubrails-tessilmare.com\/wp-content\/uploads\/2017\/08\/MATE-USA.jpg)'><\/span><\/a><\/div><\/div><\/div><\/div><\/p><\/div>\n","protected":false},"excerpt":{"rendered":"","protected":false},"author":1,"featured_media":0,"parent":0,"menu_order":0,"comment_status":"closed","ping_status":"closed","template":"","meta":{"rank_math_lock_modified_date":false,"footnotes":""},"class_list":["post-7672","page","type-page","status-publish","hentry"],"_links":{"self":[{"href":"https:\/\/rubrails-tessilmare.com\/tr\/wp-json\/wp\/v2\/pages\/7672"}],"collection":[{"href":"https:\/\/rubrails-tessilmare.com\/tr\/wp-json\/wp\/v2\/pages"}],"about":[{"href":"https:\/\/rubrails-tessilmare.com\/tr\/wp-json\/wp\/v2\/types\/page"}],"author":[{"embeddable":true,"href":"https:\/\/rubrails-tessilmare.com\/tr\/wp-json\/wp\/v2\/users\/1"}],"replies":[{"embeddable":true,"href":"https:\/\/rubrails-tessilmare.com\/tr\/wp-json\/wp\/v2\/comments?post=7672"}],"version-history":[{"count":5,"href":"https:\/\/rubrails-tessilmare.com\/tr\/wp-json\/wp\/v2\/pages\/7672\/revisions"}],"predecessor-version":[{"id":9052,"href":"https:\/\/rubrails-tessilmare.com\/tr\/wp-json\/wp\/v2\/pages\/7672\/revisions\/9052"}],"wp:attachment":[{"href":"https:\/\/rubrails-tessilmare.com\/tr\/wp-json\/wp\/v2\/media?parent=7672"}],"curies":[{"name":"wp","href":"https:\/\/api.w.org\/{rel}","templated":true}]}}