{"id":7676,"date":"2017-08-31T11:06:44","date_gmt":"2017-08-31T09:06:44","guid":{"rendered":"https:\/\/rubrails-tessilmare.com\/tesekkur-sayfasi\/"},"modified":"2025-05-28T13:04:31","modified_gmt":"2025-05-28T11:04:31","slug":"tesekkur-sayfasi","status":"publish","type":"page","link":"https:\/\/rubrails-tessilmare.com\/tr\/tesekkur-sayfasi\/","title":{"rendered":"Te\u015fekk\u00fcr Sayfas\u0131"},"content":{"rendered":"\n<style type=\"text\/css\" data-created_by=\"avia_inline_auto\" id=\"style-css-av-7g9qwu-8d784cb554e13e8ea63a3060e2c63ebe\">\n#top .hr.hr-invisible.av-7g9qwu-8d784cb554e13e8ea63a3060e2c63ebe{\nheight:15px;\n}\n<\/style>\n<div  class='hr av-7g9qwu-8d784cb554e13e8ea63a3060e2c63ebe hr-invisible  avia-builder-el-0  el_before_av_one_full  avia-builder-el-first '><span class='hr-inner '><span class=\"hr-inner-style\"><\/span><\/span><\/div>\n\n<style type=\"text\/css\" data-created_by=\"avia_inline_auto\" id=\"style-css-av-65gv1q-87a317fcc2896bf0cb82c62aacc2a855\">\n.flex_column.av-65gv1q-87a317fcc2896bf0cb82c62aacc2a855{\nborder-radius:0px 0px 0px 0px;\npadding:0px 0px 0px 0px;\n}\n<\/style>\n<div  class='flex_column av-65gv1q-87a317fcc2896bf0cb82c62aacc2a855 av_one_full  avia-builder-el-1  el_after_av_hr  el_before_av_hr  first flex_column_div av-zero-column-padding  '     ><style type=\"text\/css\" data-created_by=\"avia_inline_auto\" id=\"style-css-av-4lnh32-5c731d779eb8ec9b108ee0de43a98ebc\">\n#top .av-special-heading.av-4lnh32-5c731d779eb8ec9b108ee0de43a98ebc{\npadding-bottom:0;\n}\nbody .av-special-heading.av-4lnh32-5c731d779eb8ec9b108ee0de43a98ebc .av-special-heading-tag .heading-char{\nfont-size:25px;\n}\n.av-special-heading.av-4lnh32-5c731d779eb8ec9b108ee0de43a98ebc .av-subheading{\nfont-size:15px;\n}\n<\/style>\n<div  class='av-special-heading av-4lnh32-5c731d779eb8ec9b108ee0de43a98ebc av-special-heading-h1 blockquote modern-quote modern-centered  avia-builder-el-2  avia-builder-el-no-sibling '><h1 class='av-special-heading-tag '  itemprop=\"headline\"  >Bize ula\u015ft\u0131\u011f\u0131n\u0131z i\u00e7in te\u015fekk\u00fcrler.<\/h1><div class='av-subheading av-subheading_below'><p>Tessilmare Personeli size en k\u0131sa s\u00fcrede geri d\u00f6necektir.<\/p>\n<\/div><div class=\"special-heading-border\"><div class=\"special-heading-inner-border\"><\/div><\/div><\/div><\/div>\n<style type=\"text\/css\" data-created_by=\"avia_inline_auto\" id=\"style-css-av-2bvl5a-0f33d0ceba045dd2bfe962c48942c834\">\n#top .hr.hr-invisible.av-2bvl5a-0f33d0ceba045dd2bfe962c48942c834{\nheight:15px;\n}\n<\/style>\n<div  class='hr av-2bvl5a-0f33d0ceba045dd2bfe962c48942c834 hr-invisible  avia-builder-el-3  el_after_av_one_full  avia-builder-el-last '><span class='hr-inner '><span class=\"hr-inner-style\"><\/span><\/span><\/div><\/p>\n","protected":false},"excerpt":{"rendered":"","protected":false},"author":1,"featured_media":0,"parent":0,"menu_order":0,"comment_status":"closed","ping_status":"closed","template":"","meta":{"rank_math_lock_modified_date":false,"footnotes":""},"class_list":["post-7676","page","type-page","status-publish","hentry"],"_links":{"self":[{"href":"https:\/\/rubrails-tessilmare.com\/tr\/wp-json\/wp\/v2\/pages\/7676"}],"collection":[{"href":"https:\/\/rubrails-tessilmare.com\/tr\/wp-json\/wp\/v2\/pages"}],"about":[{"href":"https:\/\/rubrails-tessilmare.com\/tr\/wp-json\/wp\/v2\/types\/page"}],"author":[{"embeddable":true,"href":"https:\/\/rubrails-tessilmare.com\/tr\/wp-json\/wp\/v2\/users\/1"}],"replies":[{"embeddable":true,"href":"https:\/\/rubrails-tessilmare.com\/tr\/wp-json\/wp\/v2\/comments?post=7676"}],"version-history":[{"count":5,"href":"https:\/\/rubrails-tessilmare.com\/tr\/wp-json\/wp\/v2\/pages\/7676\/revisions"}],"predecessor-version":[{"id":9056,"href":"https:\/\/rubrails-tessilmare.com\/tr\/wp-json\/wp\/v2\/pages\/7676\/revisions\/9056"}],"wp:attachment":[{"href":"https:\/\/rubrails-tessilmare.com\/tr\/wp-json\/wp\/v2\/media?parent=7676"}],"curies":[{"name":"wp","href":"https:\/\/api.w.org\/{rel}","templated":true}]}}