{"id":7680,"date":"2019-03-29T16:56:16","date_gmt":"2019-03-29T15:56:16","guid":{"rendered":"https:\/\/rubrails-tessilmare.com\/deniz-tamponlari\/"},"modified":"2025-05-28T13:04:31","modified_gmt":"2025-05-28T11:04:31","slug":"deniz-tamponlari","status":"publish","type":"page","link":"https:\/\/rubrails-tessilmare.com\/tr\/deniz-tamponlari\/","title":{"rendered":"Deniz Tamponlar\u0131"},"content":{"rendered":"\n<style type=\"text\/css\" data-created_by=\"avia_inline_auto\" id=\"style-css-av-sarjh4-304730a9660b542ed974b496cb0e1148\">\n.flex_column.av-sarjh4-304730a9660b542ed974b496cb0e1148{\nborder-radius:0px 0px 0px 0px;\npadding:0px 0px 0px 0px;\n}\n<\/style>\n<div  class='flex_column av-sarjh4-304730a9660b542ed974b496cb0e1148 av_one_full  avia-builder-el-0  el_before_av_hr  avia-builder-el-first  first flex_column_div av-zero-column-padding  '     ><p>\n<style type=\"text\/css\" data-created_by=\"avia_inline_auto\" id=\"style-css-av-r2eqwo-89d185f5e5a9bf10276f32ca3c8cc230\">\n#top .av-special-heading.av-r2eqwo-89d185f5e5a9bf10276f32ca3c8cc230{\npadding-bottom:0;\n}\nbody .av-special-heading.av-r2eqwo-89d185f5e5a9bf10276f32ca3c8cc230 .av-special-heading-tag .heading-char{\nfont-size:25px;\n}\n.av-special-heading.av-r2eqwo-89d185f5e5a9bf10276f32ca3c8cc230 .av-subheading{\nfont-size:15px;\n}\n<\/style>\n<div  class='av-special-heading av-r2eqwo-89d185f5e5a9bf10276f32ca3c8cc230 av-special-heading-h1 blockquote modern-quote modern-centered  avia-builder-el-1  el_before_av_heading  avia-builder-el-first '><h1 class='av-special-heading-tag '  itemprop=\"headline\"  >DEN\u0130Z D\u0130REKLER\u0130<\/h1><div class=\"special-heading-border\"><div class=\"special-heading-inner-border\"><\/div><\/div><\/div><br \/>\n\n<style type=\"text\/css\" data-created_by=\"avia_inline_auto\" id=\"style-css-av-p1jxm0-24c3cd461eb6a759ff2910cddd402bcc\">\n#top .av-special-heading.av-p1jxm0-24c3cd461eb6a759ff2910cddd402bcc{\npadding-bottom:0;\nfont-size:20px;\n}\nbody .av-special-heading.av-p1jxm0-24c3cd461eb6a759ff2910cddd402bcc .av-special-heading-tag .heading-char{\nfont-size:25px;\n}\n#top #wrap_all .av-special-heading.av-p1jxm0-24c3cd461eb6a759ff2910cddd402bcc .av-special-heading-tag{\nfont-size:20px;\n}\n.av-special-heading.av-p1jxm0-24c3cd461eb6a759ff2910cddd402bcc .av-subheading{\nfont-size:15px;\n}\n\n@media only screen and (min-width: 480px) and (max-width: 767px){ \n#top #wrap_all .av-special-heading.av-p1jxm0-24c3cd461eb6a759ff2910cddd402bcc .av-special-heading-tag{\nfont-size:0.8em;\n}\n}\n\n@media only screen and (max-width: 479px){ \n#top #wrap_all .av-special-heading.av-p1jxm0-24c3cd461eb6a759ff2910cddd402bcc .av-special-heading-tag{\nfont-size:0.8em;\n}\n}\n<\/style>\n<div  class='av-special-heading av-p1jxm0-24c3cd461eb6a759ff2910cddd402bcc av-special-heading-h2 blockquote modern-quote modern-centered  avia-builder-el-2  el_after_av_heading  el_before_av_hr  av-inherit-size'><h2 class='av-special-heading-tag '  itemprop=\"headline\"  >Her senaryo i\u00e7in geli\u015fmi\u015f deniz tampon sistemleri<\/h2><div class=\"special-heading-border\"><div class=\"special-heading-inner-border\"><\/div><\/div><\/div><br \/>\n\n<style type=\"text\/css\" data-created_by=\"avia_inline_auto\" id=\"style-css-av-nqvz7s-2b88cfc8da9c62c828b4b77b4c492989\">\n#top .hr.av-nqvz7s-2b88cfc8da9c62c828b4b77b4c492989{\nmargin-top:5px;\nmargin-bottom:10px;\n}\n.hr.av-nqvz7s-2b88cfc8da9c62c828b4b77b4c492989 .hr-inner{\nwidth:7%;\nborder-color:#15354e;\n}\n<\/style>\n<div  class='hr av-nqvz7s-2b88cfc8da9c62c828b4b77b4c492989 hr-custom  avia-builder-el-3  el_after_av_heading  el_before_av_textblock  hr-center hr-icon-no'><span class='hr-inner inner-border-av-border-fat'><span class=\"hr-inner-style\"><\/span><\/span><\/div><br \/>\n<section  class='av_textblock_section av-mdg554-345a6f880f5b4d1075a8de3571bb88b2 '   itemscope=\"itemscope\" itemtype=\"https:\/\/schema.org\/CreativeWork\" ><div class='avia_textblock'  itemprop=\"text\" ><p><strong>Tessilmare<\/strong> be\u015f benzersiz ve \u00e7ok y\u00f6nl\u00fc <strong>Rub Rails<\/strong> sunar, <strong>her deniz uygulamas\u0131<\/strong> ve senaryo i\u00e7in m\u00fckemmeldir. Tekneniz veya yat\u0131n\u0131z ne kadar b\u00fcy\u00fck ya da k\u00fc\u00e7\u00fck olursa olsun, Tessilmare&#8217;a uygun bir Rub Rail vard\u0131r. <a href=\"https:\/\/www.tessilmare.com\/\" target=\"_blank\" rel=\"noopener\">Tessilmare<\/a>, \u0130talya&#8217;da bulunan aileye ait ve i\u015fletilen bir \u015firkettir.<\/p>\n<p>1947&#8217;den beri Rub Rails konusunda uzman\u0131z. M\u00fc\u015fterilerimizin <strong>en y\u00fcksek kaliteli deniz tamponlar\u0131 ve koruyucular\u0131<\/strong> konusunda ne istedi\u011fini ve bekledi\u011fini anl\u0131yoruz. Be\u015f yenilik\u00e7i Rub Rails serimiz aras\u0131nda Sphaera, Radial, Bino, Bumper ve Binox bulunmaktad\u0131r.<\/p>\n<\/div><\/section><\/p><\/div>\n<style type=\"text\/css\" data-created_by=\"avia_inline_auto\" id=\"style-css-av-khtijc-10cd6f55a3159f6de2d6f847be71daa1\">\n#top .hr.hr-invisible.av-khtijc-10cd6f55a3159f6de2d6f847be71daa1{\nheight:5px;\n}\n<\/style>\n<div  class='hr av-khtijc-10cd6f55a3159f6de2d6f847be71daa1 hr-invisible  avia-builder-el-5  el_after_av_one_full  el_before_av_one_full '><span class='hr-inner '><span class=\"hr-inner-style\"><\/span><\/span><\/div><\/p>\n\n<style type=\"text\/css\" data-created_by=\"avia_inline_auto\" id=\"style-css-av-1wfne0-a763655e35addd235cfc0dc4a30b4c11\">\n.flex_column.av-1wfne0-a763655e35addd235cfc0dc4a30b4c11{\nborder-radius:0px 0px 0px 0px;\npadding:0px 0px 0px 0px;\n}\n<\/style>\n<div  class='flex_column av-1wfne0-a763655e35addd235cfc0dc4a30b4c11 av_one_full  avia-builder-el-6  el_after_av_hr  el_before_av_hr  first flex_column_div av-zero-column-padding  '     ><div id='av-masonry-1' class='av-masonry av-hfglug-78ab01df4616e63c4526c4768928f7b0 noHover av-fixed-size av-1px-gap av-hover-overlay-active av-masonry-animation-active av-masonry-col-5 av-caption-on-hover av-caption-style-overlay av-masonry-gallery av-medium-columns-overwrite av-medium-columns-3 av-orientation-square ' data-post_id=\"7680\"><div class=\"av-masonry-container isotope av-js-disabled\"><div class='av-masonry-entry isotope-item av-masonry-item-no-image '><\/div><a href=\"https:\/\/rubrails-tessilmare.com\/tr\/tekne-kupeste-fitili\/sphaera-tekne-kupeste-fitili\/\" aria-label=\"image Tessilmare-sphaera-home\" id=\"av-masonry-1-item-7492\" data-av-masonry-item=\"7492\" class=\"av-masonry-entry isotope-item post-7492 attachment type-attachment status-inherit hentry  av-masonry-item-with-image\" title=\"Tessilmare-sphaera-home\" alt=\"\" data-av-masonry-custom-link=\"https:\/\/rubrails-tessilmare.com\/tr\/tekne-kupeste-fitili\/sphaera-tekne-kupeste-fitili\/\" itemprop=\"thumbnailUrl\"><div class='av-inner-masonry-sizer'><\/div><figure class='av-inner-masonry main_color'><div class=\"av-masonry-outerimage-container\"><div class='av-masonry-image-container lazyload' style=\"background-image:inherit;\"  title=\"Tessilmare-sphaera-home\"  data-bg-image=\"url(https:\/\/rubrails-tessilmare.com\/wp-content\/uploads\/2017\/07\/Tessilmare-sphaera-home.jpg)\"><\/div><\/div><figcaption class='av-inner-masonry-content site-background'><div class='av-inner-masonry-content-pos'><div class='av-inner-masonry-content-pos-content'><div class='avia-arrow'><\/div><\/div><\/div><\/figcaption><\/figure><\/a><!--end av-masonry entry--><a href=\"https:\/\/rubrails-tessilmare.com\/tr\/tekne-kupeste-fitili\/binox\/\" aria-label=\"image Tessilmare-binox-home\" id=\"av-masonry-1-item-7489\" data-av-masonry-item=\"7489\" class=\"av-masonry-entry isotope-item post-7489 attachment type-attachment status-inherit hentry  av-masonry-item-with-image\" title=\"Tessilmare-binox-home\" alt=\"\" data-av-masonry-custom-link=\"https:\/\/rubrails-tessilmare.com\/tr\/tekne-kupeste-fitili\/binox\/\" itemprop=\"thumbnailUrl\"><div class='av-inner-masonry-sizer'><\/div><figure class='av-inner-masonry main_color'><div class=\"av-masonry-outerimage-container\"><div class='av-masonry-image-container lazyload' style=\"background-image:inherit;\"  title=\"Tessilmare-binox-home\"  data-bg-image=\"url(https:\/\/rubrails-tessilmare.com\/wp-content\/uploads\/2017\/07\/Tessilmare-binox-home.jpg)\"><\/div><\/div><figcaption class='av-inner-masonry-content site-background'><div class='av-inner-masonry-content-pos'><div class='av-inner-masonry-content-pos-content'><div class='avia-arrow'><\/div><\/div><\/div><\/figcaption><\/figure><\/a><!--end av-masonry entry--><a href=\"https:\/\/rubrails-tessilmare.com\/tr\/tekne-kupeste-fitili\/bino\/\" aria-label=\"image Tessilmare-bino-home\" id=\"av-masonry-1-item-7488\" data-av-masonry-item=\"7488\" class=\"av-masonry-entry isotope-item post-7488 attachment type-attachment status-inherit hentry  av-masonry-item-with-image\" title=\"Tessilmare-bino-home\" alt=\"\" data-av-masonry-custom-link=\"https:\/\/rubrails-tessilmare.com\/tr\/tekne-kupeste-fitili\/bino\/\" itemprop=\"thumbnailUrl\"><div class='av-inner-masonry-sizer'><\/div><figure class='av-inner-masonry main_color'><div class=\"av-masonry-outerimage-container\"><div class='av-masonry-image-container lazyload' style=\"background-image:inherit;\"  title=\"Tessilmare-bino-home\"  data-bg-image=\"url(https:\/\/rubrails-tessilmare.com\/wp-content\/uploads\/2017\/07\/Tessilmare-bino-home.jpg)\"><\/div><\/div><figcaption class='av-inner-masonry-content site-background'><div class='av-inner-masonry-content-pos'><div class='av-inner-masonry-content-pos-content'><div class='avia-arrow'><\/div><\/div><\/div><\/figcaption><\/figure><\/a><!--end av-masonry entry--><a href=\"https:\/\/rubrails-tessilmare.com\/tr\/tekne-kupeste-fitili\/radyal\/\" aria-label=\"image Tessilmare-radial-home\" id=\"av-masonry-1-item-7491\" data-av-masonry-item=\"7491\" class=\"av-masonry-entry isotope-item post-7491 attachment type-attachment status-inherit hentry  av-masonry-item-with-image\" title=\"Tessilmare-radial-home\" alt=\"\" data-av-masonry-custom-link=\"https:\/\/rubrails-tessilmare.com\/tr\/tekne-kupeste-fitili\/radyal\/\" itemprop=\"thumbnailUrl\"><div class='av-inner-masonry-sizer'><\/div><figure class='av-inner-masonry main_color'><div class=\"av-masonry-outerimage-container\"><div class='av-masonry-image-container lazyload' style=\"background-image:inherit;\"  title=\"Tessilmare-radial-home\"  data-bg-image=\"url(https:\/\/rubrails-tessilmare.com\/wp-content\/uploads\/2017\/07\/Tessilmare-radial-home.jpg)\"><\/div><\/div><figcaption class='av-inner-masonry-content site-background'><div class='av-inner-masonry-content-pos'><div class='av-inner-masonry-content-pos-content'><div class='avia-arrow'><\/div><\/div><\/div><\/figcaption><\/figure><\/a><!--end av-masonry entry--><a href=\"https:\/\/rubrails-tessilmare.com\/tr\/tekne-kupeste-fitili\/tampon\/\" aria-label=\"image Tessilmare-bumper-home\" id=\"av-masonry-1-item-7490\" data-av-masonry-item=\"7490\" class=\"av-masonry-entry isotope-item post-7490 attachment type-attachment status-inherit hentry  av-masonry-item-with-image\" title=\"Tessilmare-bumper-home\" alt=\"\" data-av-masonry-custom-link=\"https:\/\/rubrails-tessilmare.com\/tr\/tekne-kupeste-fitili\/tampon\/\" itemprop=\"thumbnailUrl\"><div class='av-inner-masonry-sizer'><\/div><figure class='av-inner-masonry main_color'><div class=\"av-masonry-outerimage-container\"><div class='av-masonry-image-container lazyload' style=\"background-image:inherit;\"  title=\"Tessilmare-bumper-home\"  data-bg-image=\"url(https:\/\/rubrails-tessilmare.com\/wp-content\/uploads\/2017\/07\/Tessilmare-bumper-home.jpg)\"><\/div><\/div><figcaption class='av-inner-masonry-content site-background'><div class='av-inner-masonry-content-pos'><div class='av-inner-masonry-content-pos-content'><div class='avia-arrow'><\/div><\/div><\/div><\/figcaption><\/figure><\/a><!--end av-masonry entry--><\/div><\/div><\/div>\n\n<style type=\"text\/css\" data-created_by=\"avia_inline_auto\" id=\"style-css-av-fy93ig-4a4b5dba3cbc8e4540e3aaf9b50cb2df\">\n#top .hr.hr-invisible.av-fy93ig-4a4b5dba3cbc8e4540e3aaf9b50cb2df{\nheight:5px;\n}\n<\/style>\n<div  class='hr av-fy93ig-4a4b5dba3cbc8e4540e3aaf9b50cb2df hr-invisible  avia-builder-el-8  el_after_av_one_full  el_before_av_one_full '><span class='hr-inner '><span class=\"hr-inner-style\"><\/span><\/span><\/div>\n\n<style type=\"text\/css\" data-created_by=\"avia_inline_auto\" id=\"style-css-av-ed6p6g-c05fde029dd64f7d286bc27963d5eda3\">\n.flex_column.av-ed6p6g-c05fde029dd64f7d286bc27963d5eda3{\nborder-radius:0px 0px 0px 0px;\npadding:0px 0px 0px 0px;\n}\n<\/style>\n<div  class='flex_column av-ed6p6g-c05fde029dd64f7d286bc27963d5eda3 av_one_full  avia-builder-el-9  el_after_av_hr  el_before_av_one_full  first flex_column_div av-zero-column-padding  '     ><p><section  class='av_textblock_section av-cfau6w-fac9e4302ed77a9ca7c1a9c08a01f33e '   itemscope=\"itemscope\" itemtype=\"https:\/\/schema.org\/CreativeWork\" ><div class='avia_textblock'  itemprop=\"text\" ><p><strong>Tessilmare Rub Rails<\/strong> hem d\u00fcz hem de kutu birle\u015fimli teknelerde \u00e7al\u0131\u015facak \u015fekilde tasarlanm\u0131\u015ft\u0131r. Teknelerin %90&#8217;\u0131ndan fazlas\u0131n\u0131n bu sistemleri kulland\u0131\u011f\u0131n\u0131 anl\u0131yor ve Rub Rails serimizi kusursuz \u00e7al\u0131\u015facak \u015fekilde tasarlad\u0131k. Dayan\u0131kl\u0131 ve uzun \u00f6m\u00fcrl\u00fc Marine PVC yap\u0131s\u0131yla, Rub Rails&#8217;leriniz t\u00fcm yatlarda, teknelerde, gemilerde veya iskelelerde harika g\u00f6r\u00fcnecek ve g\u00fc\u00e7l\u00fc ve sa\u011flam olacakt\u0131r.<\/p>\n<h4>Tessilmare&#8217;deki t\u00fcm Rub Rails m\u00fc\u015fterilere kesinlikle memnun edecek benzersiz bir \u00f6zellik sunar!<\/h4>\n<h2>Tessilmare&#8217;\u0131n deniz fenderleri<\/h2>\n<h4><\/h4>\n<h3>Bino<\/h3>\n<p>Bu harika rub rail \u00e7ok kolay manip\u00fcle edilir ve b\u00fck\u00fcl\u00fcr, vidalar\u0131 gizlemek ve kusursuz diki\u015fler i\u00e7in idealdir.<\/p>\n<h3>Radial<\/h3>\n<p>Fantastik tekne profillerimizden bir di\u011feri <strong>Radial<\/strong>. Radial profili <strong>kolayca monte edilir<\/strong>. Radial, \u00fc\u00e7 basit ad\u0131mla h\u0131zl\u0131 ve kolay bir \u015fekilde monte edilir. Bu, neredeyse t\u00fcm rakiplere g\u00f6re %70&#8217;e yak\u0131n daha az montaj s\u00fcresidir!<\/p>\n<h3>Bumper<\/h3>\n<p>Y\u00fcksek dayan\u0131kl\u0131l\u0131\u011fa ve son derece d\u00fc\u015f\u00fck a\u011f\u0131rl\u0131\u011fa sahip bir Rub Rail ar\u0131yorsan\u0131z, <strong>Bumper profiline<\/strong> mutlaka g\u00f6z atmal\u0131s\u0131n\u0131z! Bumper profili size neredeyse e\u015fsiz dayan\u0131kl\u0131l\u0131kla birle\u015fen son derece hafif bir \u00e7er\u00e7eve sunar.<\/p>\n<h3>Sphaera<\/h3>\n<p>Kesinlikle en \u00e7ok satan Rub Rail&#8217;imiz <strong>Sphaera<\/strong> olmal\u0131! Bu Rub Rail m\u00fckemmel \u00f6zelliklerin kapsaml\u0131 bir listesini sunar. Rub Rail m\u00fc\u015fterilere y\u00fcksek d\u00fczeyde esneklik, kullan\u0131m kolayl\u0131\u011f\u0131 ve dayan\u0131kl\u0131l\u0131k sa\u011flar.<\/p>\n<h3>Binox<\/h3>\n<p>2018&#8217;de BINOX&#8217;u piyasaya s\u00fcrd\u00fck, tamamen benzersiz. Binox, vidalar <span style=\"text-decoration: underline;\">kullan\u0131lmadan<\/span> bas\u0131n\u00e7la tak\u0131lan ilk paslanmaz \u00e7elik profildir!<\/p>\n<div class='avia-iframe-wrap'><iframe title=\"BINOX Boat Rub Rail - Tessilmare\" width=\"1500\" height=\"844\" data-src=\"https:\/\/www.youtube.com\/embed\/huh6kxpSx04?feature=oembed\" frameborder=\"0\" allow=\"accelerometer; autoplay; clipboard-write; encrypted-media; gyroscope; picture-in-picture; web-share\" referrerpolicy=\"strict-origin-when-cross-origin\" allowfullscreen src=\"data:image\/gif;base64,R0lGODlhAQABAAAAACH5BAEKAAEALAAAAAABAAEAAAICTAEAOw==\" class=\"lazyload\" data-load-mode=\"1\"><\/iframe><\/div>\n<p>Tessilmare Rub Rails&#8217;in en yenilik\u00e7i k\u0131sm\u0131 montaj s\u00fcresidir. <strong>Yenilik\u00e7i montaj s\u00fcrecimiz<\/strong> sayesinde, geleneksel Rub Rails&#8217;e k\u0131yasla \u00e7ok daha fazla zaman tasarrufu sa\u011flayacak, montaj ve kuru r\u0131ht\u0131m maliyetlerinden tasarruf edeceksiniz. Tessilmare Rub Rails&#8217;in herhangi birini do\u011frudan teknenize veya iskelenize takabilirsiniz, u\u011fra\u015fmaya gerek yok ve sorun yok! Di\u011fer Rub Rails&#8217;lerden daha az a\u011f\u0131rl\u0131k ve ek \u015fok emilimi ve dayan\u0131kl\u0131l\u0131kla, hayal k\u0131r\u0131kl\u0131\u011f\u0131na u\u011framayacaks\u0131n\u0131z.<\/p>\n<h2>Tekne Fenderleri, otomobillerdeki tamponlar gibidir<\/h2>\n<p><strong>\u015easiyi korumak i\u00e7in k\u00fc\u00e7\u00fck darbeleri emmek \u00fczere tasarlanm\u0131\u015f koruyucu bariyerler<\/strong> \u2014 ya da deniz ara\u00e7lar\u0131nda g\u00f6vdeyi korur. Bir\u00e7ok tekne tasar\u0131m\u0131nda, rubrail ayr\u0131ca birle\u015fim yerini kozmetik olarak kaplar ve g\u00f6vde ile g\u00fcverte kapa\u011f\u0131 aras\u0131ndaki diki\u015fi s\u0131zd\u0131rmaz hale getirir.<\/p>\n<p>Tekneler d\u00fczenli olarak iskelelere ve kaz\u0131klara \u00e7arpt\u0131\u011f\u0131 i\u00e7in, \u00e7o\u011fu teknede iki par\u00e7al\u0131 rubrail sunulur ve darbelerin ve a\u015f\u0131nman\u0131n etkisini azaltmak i\u00e7in fedakar bir ek \u015ferit i\u00e7erir. <strong>\u015eerit, a\u015f\u0131nd\u0131\u011f\u0131nda veya g\u00f6revini yapamayacak kadar hasar g\u00f6rd\u00fc\u011f\u00fcnde de\u011fi\u015ftirilebilir<\/strong>. Genellikle ek, rubrailden daha esnek olan affedici bir vinil PVC malzemeden yap\u0131l\u0131r ve teknenin \u00e7evresine tutturulan rubrail boyunca bir kanala oturacak \u015fekilde tasarlanm\u0131\u015ft\u0131r.<\/p>\n<\/div><\/section><br \/>\n\n<style type=\"text\/css\" data-created_by=\"avia_inline_auto\" id=\"style-css-av-as1zs8-fd5b042478fe2c75ea46b70be479075a\">\n#top .hr.av-as1zs8-fd5b042478fe2c75ea46b70be479075a{\nmargin-top:5px;\nmargin-bottom:10px;\n}\n.hr.av-as1zs8-fd5b042478fe2c75ea46b70be479075a .hr-inner{\nwidth:7%;\nborder-color:#15354e;\n}\n<\/style>\n<div  class='hr av-as1zs8-fd5b042478fe2c75ea46b70be479075a hr-custom  avia-builder-el-11  el_after_av_textblock  avia-builder-el-last  hr-center hr-icon-no'><span class='hr-inner inner-border-av-border-fat'><span class=\"hr-inner-style\"><\/span><\/span><\/div><\/p><\/div>\n<style type=\"text\/css\" data-created_by=\"avia_inline_auto\" id=\"style-css-av-9g33ko-20aa01ac7738e505a414bbe78e2442e9\">\n.flex_column.av-9g33ko-20aa01ac7738e505a414bbe78e2442e9{\nborder-radius:0px 0px 0px 0px;\npadding:20px 20px 20px 20px;\nbackground-color:#efeff0;\n}\n<\/style>\n<div  class='flex_column av-9g33ko-20aa01ac7738e505a414bbe78e2442e9 av_one_full  avia-builder-el-12  el_after_av_one_full  el_before_av_one_full  first flex_column_div  column-top-margin'     ><\/div><\/p>\n\n<style type=\"text\/css\" data-created_by=\"avia_inline_auto\" id=\"style-css-av-6e1ju0-a93fd7c3a049f9c8b2986f0bd4ce146d\">\n.flex_column.av-6e1ju0-a93fd7c3a049f9c8b2986f0bd4ce146d{\nborder-radius:0px 0px 0px 0px;\n}\n<\/style>\n<div  class='flex_column av-6e1ju0-a93fd7c3a049f9c8b2986f0bd4ce146d av_one_full  avia-builder-el-14  el_after_av_one_full  avia-builder-el-last  first flex_column_div  column-top-margin'     ><p>\n<style type=\"text\/css\" data-created_by=\"avia_inline_auto\" id=\"style-css-av-3n3qiw-5ba59c6ce8daf5e1094dfa82766252a1\">\n#top .av-special-heading.av-3n3qiw-5ba59c6ce8daf5e1094dfa82766252a1{\npadding-bottom:10px;\n}\nbody .av-special-heading.av-3n3qiw-5ba59c6ce8daf5e1094dfa82766252a1 .av-special-heading-tag .heading-char{\nfont-size:25px;\n}\n.av-special-heading.av-3n3qiw-5ba59c6ce8daf5e1094dfa82766252a1 .av-subheading{\nfont-size:15px;\n}\n<\/style>\n<div  class='av-special-heading av-3n3qiw-5ba59c6ce8daf5e1094dfa82766252a1 av-special-heading-h3 blockquote modern-quote  avia-builder-el-15  el_before_av_sidebar  avia-builder-el-first '><h3 class='av-special-heading-tag '  itemprop=\"headline\"  >Di\u011fer \u00f6zel i\u00e7erik<\/h3><div class=\"special-heading-border\"><div class=\"special-heading-inner-border\"><\/div><\/div><\/div><br \/>\n<div  class='avia-builder-widget-area clearfix  avia-builder-el-16  el_after_av_heading  avia-builder-el-last '><section id=\"nav_menu-6\" class=\"widget clearfix widget_nav_menu\"><div class=\"menu-menu-pagine-tag-turkish-container\"><ul id=\"menu-menu-pagine-tag-turkish\" class=\"menu\"><li id=\"menu-item-9776\" class=\"menu-item menu-item-type-post_type menu-item-object-page menu-item-9776\"><a href=\"https:\/\/rubrails-tessilmare.com\/tr\/surtme-rayi-kiti\/\">S\u00fcrtme Ray\u0131 Kiti<\/a><\/li>\n<li id=\"menu-item-9777\" class=\"menu-item menu-item-type-post_type menu-item-object-page menu-item-9777\"><a href=\"https:\/\/rubrails-tessilmare.com\/tr\/rub-rail-montaji\/\">Rub Rail Montaj\u0131<\/a><\/li>\n<li id=\"menu-item-9778\" class=\"menu-item menu-item-type-post_type menu-item-object-page menu-item-9778\"><a href=\"https:\/\/rubrails-tessilmare.com\/tr\/dikey-rihtim-tamponlari\/\">Dikey R\u0131ht\u0131m Tamponlar\u0131<\/a><\/li>\n<li id=\"menu-item-9779\" class=\"menu-item menu-item-type-post_type menu-item-object-page menu-item-9779\"><a href=\"https:\/\/rubrails-tessilmare.com\/tr\/tekne-yat-kic-koruyucu\/\">Tekne Yat K\u0131\u00e7 Koruyucu<\/a><\/li>\n<li id=\"menu-item-9780\" class=\"menu-item menu-item-type-post_type menu-item-object-page menu-item-9780\"><a href=\"https:\/\/rubrails-tessilmare.com\/tr\/tekne-tamponlari-2\/\">Tekne tamponlar\u0131<\/a><\/li>\n<li id=\"menu-item-9781\" class=\"menu-item menu-item-type-post_type menu-item-object-page menu-item-9781\"><a href=\"https:\/\/rubrails-tessilmare.com\/tr\/tekne-pruva-korkuluklari\/\">Tekne Pruva Korkuluklar\u0131<\/a><\/li>\n<li id=\"menu-item-9782\" class=\"menu-item menu-item-type-custom menu-item-object-custom menu-item-9782\"><a href=\"https:\/\/rubrails-tessilmare.com\/dock-rubber-edging\/\">Dock Rubber Edging<\/a><\/li>\n<li id=\"menu-item-9783\" class=\"menu-item menu-item-type-post_type menu-item-object-page menu-item-9783\"><a href=\"https:\/\/rubrails-tessilmare.com\/tr\/lastik-bot-iskelesi-tamponlari\/\">Lastik Bot \u0130skelesi Tamponlar\u0131<\/a><\/li>\n<li id=\"menu-item-9784\" class=\"menu-item menu-item-type-post_type menu-item-object-page menu-item-9784\"><a href=\"https:\/\/rubrails-tessilmare.com\/tr\/surtme-korkulugu\/\">S\u00fcrtme Korkulu\u011fu<\/a><\/li>\n<li id=\"menu-item-9785\" class=\"menu-item menu-item-type-post_type menu-item-object-page menu-item-9785\"><a href=\"https:\/\/rubrails-tessilmare.com\/tr\/kaucuk-iskele-tamponlari\/\">Kau\u00e7uk \u0130skele Tamponlar\u0131<\/a><\/li>\n<li id=\"menu-item-9786\" class=\"menu-item menu-item-type-post_type menu-item-object-page menu-item-9786\"><a href=\"https:\/\/rubrails-tessilmare.com\/tr\/lastik-bot-iskelesi-tamponlari\/\">Lastik Bot \u0130skelesi Tamponlar\u0131<\/a><\/li>\n<li id=\"menu-item-9787\" class=\"menu-item menu-item-type-post_type menu-item-object-page menu-item-9787\"><a href=\"https:\/\/rubrails-tessilmare.com\/tr\/tekne-tamponlari\/\">Tekne Tamponlar\u0131<\/a><\/li>\n<li id=\"menu-item-9788\" class=\"menu-item menu-item-type-post_type menu-item-object-page menu-item-9788\"><a href=\"https:\/\/rubrails-tessilmare.com\/tr\/iskele-kenari-tamponlari\/\">\u0130skele Kenar\u0131 Tamponlar\u0131<\/a><\/li>\n<li id=\"menu-item-9789\" class=\"menu-item menu-item-type-post_type menu-item-object-page menu-item-9789\"><a href=\"https:\/\/rubrails-tessilmare.com\/tr\/iskele-tampon-cozumleri\/\">\u0130skele Tampon \u00c7\u00f6z\u00fcmleri<\/a><\/li>\n<li id=\"menu-item-9790\" class=\"menu-item menu-item-type-post_type menu-item-object-page menu-item-9790\"><a href=\"https:\/\/rubrails-tessilmare.com\/tr\/tekne-tampon-korkulugu\/\">Tekne Tampon Korkulu\u011fu<\/a><\/li>\n<li id=\"menu-item-9791\" class=\"menu-item menu-item-type-post_type menu-item-object-page menu-item-9791\"><a href=\"https:\/\/rubrails-tessilmare.com\/tr\/tekne-iskelesi-kose-tamponlari\/\">Tekne \u0130skelesi K\u00f6\u015fe Tamponlar\u0131<\/a><\/li>\n<li id=\"menu-item-9792\" class=\"menu-item menu-item-type-post_type menu-item-object-page menu-item-9792\"><a href=\"https:\/\/rubrails-tessilmare.com\/tr\/deniz-tamponlari\/\">Deniz Tamponlar\u0131<\/a><\/li>\n<li id=\"menu-item-9793\" class=\"menu-item menu-item-type-post_type menu-item-object-page menu-item-9793\"><a href=\"https:\/\/rubrails-tessilmare.com\/tr\/tekne-yan-korkuluklari\/\">Tekne Yan Korkuluklar\u0131<\/a><\/li>\n<li id=\"menu-item-9797\" class=\"menu-item menu-item-type-post_type menu-item-object-page menu-item-9797\"><a href=\"https:\/\/rubrails-tessilmare.com\/tr\/iskele-kenari\/\">\u0130skele Kenar\u0131<\/a><\/li>\n<li id=\"menu-item-9798\" class=\"menu-item menu-item-type-post_type menu-item-object-page menu-item-9798\"><a href=\"https:\/\/rubrails-tessilmare.com\/tr\/bino-dock-rub-raydi\/\">Bino-Dock Rub Rayd\u0131<\/a><\/li>\n<li id=\"menu-item-9799\" class=\"menu-item menu-item-type-post_type menu-item-object-page menu-item-9799\"><a href=\"https:\/\/rubrails-tessilmare.com\/tr\/kaucuk-bot-tamponlari\/\">Kau\u00e7uk Bot Tamponlar\u0131<\/a><\/li>\n<\/ul><\/div><span class=\"seperator extralight-border\"><\/span><\/section><\/div><\/p><\/div>\n","protected":false},"excerpt":{"rendered":"","protected":false},"author":1,"featured_media":0,"parent":0,"menu_order":0,"comment_status":"closed","ping_status":"closed","template":"","meta":{"rank_math_lock_modified_date":false,"footnotes":""},"class_list":["post-7680","page","type-page","status-publish","hentry"],"_links":{"self":[{"href":"https:\/\/rubrails-tessilmare.com\/tr\/wp-json\/wp\/v2\/pages\/7680"}],"collection":[{"href":"https:\/\/rubrails-tessilmare.com\/tr\/wp-json\/wp\/v2\/pages"}],"about":[{"href":"https:\/\/rubrails-tessilmare.com\/tr\/wp-json\/wp\/v2\/types\/page"}],"author":[{"embeddable":true,"href":"https:\/\/rubrails-tessilmare.com\/tr\/wp-json\/wp\/v2\/users\/1"}],"replies":[{"embeddable":true,"href":"https:\/\/rubrails-tessilmare.com\/tr\/wp-json\/wp\/v2\/comments?post=7680"}],"version-history":[{"count":5,"href":"https:\/\/rubrails-tessilmare.com\/tr\/wp-json\/wp\/v2\/pages\/7680\/revisions"}],"predecessor-version":[{"id":9060,"href":"https:\/\/rubrails-tessilmare.com\/tr\/wp-json\/wp\/v2\/pages\/7680\/revisions\/9060"}],"wp:attachment":[{"href":"https:\/\/rubrails-tessilmare.com\/tr\/wp-json\/wp\/v2\/media?parent=7680"}],"curies":[{"name":"wp","href":"https:\/\/api.w.org\/{rel}","templated":true}]}}