{"id":7716,"date":"2017-07-19T16:34:29","date_gmt":"2017-07-19T14:34:29","guid":{"rendered":"https:\/\/rubrails-tessilmare.com\/destek\/"},"modified":"2025-05-28T13:04:33","modified_gmt":"2025-05-28T11:04:33","slug":"destek","status":"publish","type":"page","link":"https:\/\/rubrails-tessilmare.com\/tr\/destek\/","title":{"rendered":"Destek"},"content":{"rendered":"\n<style type=\"text\/css\" data-created_by=\"avia_inline_auto\" id=\"style-css-av-3kjm-e6a0d2f6b1e4eb061b62fec3432ae699\">\n#top .hr.hr-invisible.av-3kjm-e6a0d2f6b1e4eb061b62fec3432ae699{\nheight:20px;\n}\n<\/style>\n<div  class='hr av-3kjm-e6a0d2f6b1e4eb061b62fec3432ae699 hr-invisible  avia-builder-el-0  el_before_av_one_half  avia-builder-el-first '><span class='hr-inner '><span class=\"hr-inner-style\"><\/span><\/span><\/div>\n\n<style type=\"text\/css\" data-created_by=\"avia_inline_auto\" id=\"style-css-av-9aahi-1c8855003d1bd0c66371a64d641829bc\">\n.flex_column.av-9aahi-1c8855003d1bd0c66371a64d641829bc{\nborder-radius:0px 0px 0px 0px;\npadding:0px 0px 0px 0px;\n}\n<\/style>\n<div  class='flex_column av-9aahi-1c8855003d1bd0c66371a64d641829bc av_one_half  avia-builder-el-1  el_after_av_hr  el_before_av_one_half  first flex_column_div av-animated-generic fade-in av-zero-column-padding  '     ><p>\n<style type=\"text\/css\" data-created_by=\"avia_inline_auto\" id=\"style-css-av-8o1pq-4106d8590a15de5b8123428a0164884a\">\n#top .av-special-heading.av-8o1pq-4106d8590a15de5b8123428a0164884a{\npadding-bottom:0;\n}\nbody .av-special-heading.av-8o1pq-4106d8590a15de5b8123428a0164884a .av-special-heading-tag .heading-char{\nfont-size:25px;\n}\n.av-special-heading.av-8o1pq-4106d8590a15de5b8123428a0164884a .av-subheading{\nfont-size:15px;\n}\n<\/style>\n<div  class='av-special-heading av-8o1pq-4106d8590a15de5b8123428a0164884a av-special-heading-h2 blockquote modern-quote  avia-builder-el-2  el_before_av_iconlist  avia-builder-el-first '><h2 class='av-special-heading-tag '  itemprop=\"headline\"  ><b>M\u00dc\u015eTER\u0130 H\u0130ZMETLER\u0130<\/b> MERKEZ\u0130:<\/h2><div class=\"special-heading-border\"><div class=\"special-heading-inner-border\"><\/div><\/div><\/div><br \/>\n\n<style type=\"text\/css\" data-created_by=\"avia_inline_auto\" id=\"style-css-av-7ybv6-7579d7f6b7e535942fc66977b90f708c\">\n#top .avia-icon-list-container.av-7ybv6-7579d7f6b7e535942fc66977b90f708c .iconlist_icon{\ncolor:#15354e;\nfont-size:24px;\n}\n#top #wrap_all .avia-icon-list-container.av-7ybv6-7579d7f6b7e535942fc66977b90f708c .av_iconlist_title{\nfont-size:24px;\ncolor:#15354e;\n}\n.avia-icon-list-container.av-7ybv6-7579d7f6b7e535942fc66977b90f708c .iconlist_content{\nfont-size:16px;\ncolor:#15354e;\n}\n<\/style>\n<div  class='avia-icon-list-container av-7ybv6-7579d7f6b7e535942fc66977b90f708c  avia-builder-el-3  el_after_av_heading  avia-builder-el-last '><ul class='avia-icon-list avia_animate_when_almost_visible avia-icon-list-left av-iconlist-small av-7ybv6-7579d7f6b7e535942fc66977b90f708c avia-iconlist-animate'>\n<li><div class='iconlist_icon av-7f5ti-1c5bec6c06ed1a8cdbc03097880509cb avia-font-entypo-fontello'><span class='iconlist-char' aria-hidden='true' data-av_icon='\ue854' data-av_iconfont='entypo-fontello'><\/span><\/div><article class=\"article-icon-entry \"  itemscope=\"itemscope\" itemtype=\"https:\/\/schema.org\/CreativeWork\" ><div class=\"iconlist_content_wrap\"><header class=\"entry-content-header\" aria-label=\"Icon: \"><\/header><div class='iconlist_content av_inherit_color'  itemprop=\"text\" ><p>Tel: <a href=\"tel:+39039921571\">+39 039 921571<\/a><\/p>\n<\/div><\/div><footer class=\"entry-footer\"><\/footer><\/article><div class=\"iconlist-timeline\"><\/div><\/li>\n<li><div class='iconlist_icon av-oh3a-a126c01d3f4da8abfa6c8e1c56a4f462 avia-font-entypo-fontello'><span class='iconlist-char' aria-hidden='true' data-av_icon='\ue805' data-av_iconfont='entypo-fontello'><\/span><\/div><article class=\"article-icon-entry \"  itemscope=\"itemscope\" itemtype=\"https:\/\/schema.org\/CreativeWork\" ><div class=\"iconlist_content_wrap\"><header class=\"entry-content-header\" aria-label=\"Icon: \"><\/header><div class='iconlist_content av_inherit_color'  itemprop=\"text\" ><p><a href=\"mailto:info@tessilmare.com\">info@tessilmare.com <\/a><\/p>\n<\/div><\/div><footer class=\"entry-footer\"><\/footer><\/article><div class=\"iconlist-timeline\"><\/div><\/li>\n<\/ul><\/div><\/p><\/div>\n\n<style type=\"text\/css\" data-created_by=\"avia_inline_auto\" id=\"style-css-av-69evy-193f5a842121b5e5115193728d2c52b2\">\n.flex_column.av-69evy-193f5a842121b5e5115193728d2c52b2{\nborder-radius:0px 0px 0px 0px;\npadding:0px 0px 0px 0px;\n}\n<\/style>\n<div  class='flex_column av-69evy-193f5a842121b5e5115193728d2c52b2 av_one_half  avia-builder-el-4  el_after_av_one_half  el_before_av_hr  flex_column_div av-animated-generic fade-in av-zero-column-padding  '     ><p>\n<style type=\"text\/css\" data-created_by=\"avia_inline_auto\" id=\"style-css-av-5p4eq-a383ad82504691e24e72fb1f9ce61454\">\n#top .av-special-heading.av-5p4eq-a383ad82504691e24e72fb1f9ce61454{\npadding-bottom:0;\n}\nbody .av-special-heading.av-5p4eq-a383ad82504691e24e72fb1f9ce61454 .av-special-heading-tag .heading-char{\nfont-size:25px;\n}\n.av-special-heading.av-5p4eq-a383ad82504691e24e72fb1f9ce61454 .av-subheading{\nfont-size:15px;\n}\n<\/style>\n<div  class='av-special-heading av-5p4eq-a383ad82504691e24e72fb1f9ce61454 av-special-heading-h2 blockquote modern-quote  avia-builder-el-5  el_before_av_iconlist  avia-builder-el-first '><h2 class='av-special-heading-tag '  itemprop=\"headline\"  ><b>M\u00dc\u015eTER\u0130 H\u0130ZMETLER\u0130<\/b> ABD:<\/h2><div class=\"special-heading-border\"><div class=\"special-heading-inner-border\"><\/div><\/div><\/div><br \/>\n\n<style type=\"text\/css\" data-created_by=\"avia_inline_auto\" id=\"style-css-av-4xdsq-40200b60e4e4d06760f24d68dcda0dbb\">\n#top .avia-icon-list-container.av-4xdsq-40200b60e4e4d06760f24d68dcda0dbb .iconlist_icon{\ncolor:#15354e;\nfont-size:24px;\n}\n#top #wrap_all .avia-icon-list-container.av-4xdsq-40200b60e4e4d06760f24d68dcda0dbb .av_iconlist_title{\nfont-size:24px;\ncolor:#15354e;\n}\n.avia-icon-list-container.av-4xdsq-40200b60e4e4d06760f24d68dcda0dbb .iconlist_content{\nfont-size:16px;\ncolor:#15354e;\n}\n<\/style>\n<div  class='avia-icon-list-container av-4xdsq-40200b60e4e4d06760f24d68dcda0dbb  avia-builder-el-6  el_after_av_heading  avia-builder-el-last '><ul class='avia-icon-list avia_animate_when_almost_visible avia-icon-list-left av-iconlist-small av-4xdsq-40200b60e4e4d06760f24d68dcda0dbb avia-iconlist-animate'>\n<li><div class='iconlist_icon av-4a98i-1cbe7295ecbf154b900b53c625fc95a1 avia-font-entypo-fontello'><span class='iconlist-char' aria-hidden='true' data-av_icon='\ue854' data-av_iconfont='entypo-fontello'><\/span><\/div><article class=\"article-icon-entry \"  itemscope=\"itemscope\" itemtype=\"https:\/\/schema.org\/CreativeWork\" ><div class=\"iconlist_content_wrap\"><header class=\"entry-content-header\" aria-label=\"Icon: \"><\/header><div class='iconlist_content av_inherit_color'  itemprop=\"text\" ><p>Tel: <a href=\"tel:+19544635757\">+1 (954) 463-5757<\/a><\/p>\n<\/div><\/div><footer class=\"entry-footer\"><\/footer><\/article><div class=\"iconlist-timeline\"><\/div><\/li>\n<li><div class='iconlist_icon av-44bku-2ec59ef179c7c369f0226a329c591b37 avia-font-entypo-fontello'><span class='iconlist-char' aria-hidden='true' data-av_icon='\ue805' data-av_iconfont='entypo-fontello'><\/span><\/div><article class=\"article-icon-entry \"  itemscope=\"itemscope\" itemtype=\"https:\/\/schema.org\/CreativeWork\" ><div class=\"iconlist_content_wrap\"><header class=\"entry-content-header\" aria-label=\"Icon: \"><\/header><div class='iconlist_content av_inherit_color'  itemprop=\"text\" ><p><a href=\"mailto:info@mate-usa.com\">info@mate-usa.com<\/a><\/p>\n<\/div><\/div><footer class=\"entry-footer\"><\/footer><\/article><div class=\"iconlist-timeline\"><\/div><\/li>\n<\/ul><\/div><\/p><\/div>\n\n<style type=\"text\/css\" data-created_by=\"avia_inline_auto\" id=\"style-css-av-bxxm-c5f5314a3a89e973c9fc4a36e9ab8266\">\n#top .hr.hr-invisible.av-bxxm-c5f5314a3a89e973c9fc4a36e9ab8266{\nheight:30px;\n}\n<\/style>\n<div  class='hr av-bxxm-c5f5314a3a89e973c9fc4a36e9ab8266 hr-invisible  avia-builder-el-7  el_after_av_one_half  el_before_av_one_full '><span class='hr-inner '><span class=\"hr-inner-style\"><\/span><\/span><\/div>\n<div class='flex_column_table av-2pjna-31874d19d57bee87f00229d0e676065d sc-av_one_full av-equal-height-column-flextable'>\n<style type=\"text\/css\" data-created_by=\"avia_inline_auto\" id=\"style-css-av-2pjna-31874d19d57bee87f00229d0e676065d\">\n.flex_column.av-2pjna-31874d19d57bee87f00229d0e676065d{\nborder-radius:0px 0px 0px 0px;\npadding:0px 0px 0px 0px;\n}\n<\/style>\n<div  class='flex_column av-2pjna-31874d19d57bee87f00229d0e676065d av_one_full  avia-builder-el-8  el_after_av_hr  el_before_av_hr  first no_margin flex_column_table_cell av-equal-height-column av-align-middle av-zero-column-padding  '     ><style type=\"text\/css\" data-created_by=\"avia_inline_auto\" id=\"style-css-av-2ayvm-020bef048d8483952937f8bf1600df33\">\n.avia-image-container.av-2ayvm-020bef048d8483952937f8bf1600df33 img.avia_image{\nbox-shadow:none;\n}\n.avia-image-container.av-2ayvm-020bef048d8483952937f8bf1600df33 .av-image-caption-overlay-center{\ncolor:#ffffff;\n}\n<\/style>\n<div  class='avia-image-container av-2ayvm-020bef048d8483952937f8bf1600df33 av-styling- avia-align-center  avia-builder-el-9  avia-builder-el-no-sibling '   itemprop=\"image\" itemscope=\"itemscope\" itemtype=\"https:\/\/schema.org\/ImageObject\" ><div class=\"avia-image-container-inner\"><div class=\"avia-image-overlay-wrap\"><img decoding=\"async\" fetchpriority=\"high\" class='wp-image-8001 avia-img-lazy-loading-not-8001 avia_image ' src=\"https:\/\/rubrails-tessilmare.com\/wp-content\/uploads\/2017\/07\/4_banner_1200x440_.jpg\" alt='' title='4_banner_1200x440_'  height=\"312\" width=\"1200\"  itemprop=\"thumbnailUrl\" srcset=\"https:\/\/b1654183.smushcdn.com\/1654183\/wp-content\/uploads\/2017\/07\/4_banner_1200x440_.jpg?lossy=0&amp;strip=1&amp;webp=1 1200w, https:\/\/b1654183.smushcdn.com\/1654183\/wp-content\/uploads\/2017\/07\/4_banner_1200x440_-300x78.jpg?lossy=0&amp;strip=1&amp;webp=1 300w, https:\/\/b1654183.smushcdn.com\/1654183\/wp-content\/uploads\/2017\/07\/4_banner_1200x440_-768x200.jpg?lossy=0&amp;strip=1&amp;webp=1 768w, https:\/\/b1654183.smushcdn.com\/1654183\/wp-content\/uploads\/2017\/07\/4_banner_1200x440_-1030x268.jpg?lossy=0&amp;strip=1&amp;webp=1 1030w, https:\/\/b1654183.smushcdn.com\/1654183\/wp-content\/uploads\/2017\/07\/4_banner_1200x440_-705x183.jpg?lossy=0&amp;strip=1&amp;webp=1 705w, https:\/\/b1654183.smushcdn.com\/1654183\/wp-content\/uploads\/2017\/07\/4_banner_1200x440_-450x117.jpg?lossy=0&amp;strip=1&amp;webp=1 450w\" sizes=\"(max-width: 1200px) 100vw, 1200px\" \/><\/div><\/div><\/div><\/div><\/div><!--close column table wrapper. Autoclose: 1 -->\n\n<style type=\"text\/css\" data-created_by=\"avia_inline_auto\" id=\"style-css-av-1frvu-2ada24e4e3f433d61cb0c54af3328946\">\n#top .hr.hr-invisible.av-1frvu-2ada24e4e3f433d61cb0c54af3328946{\nheight:20px;\n}\n<\/style>\n<div  class='hr av-1frvu-2ada24e4e3f433d61cb0c54af3328946 hr-invisible  avia-builder-el-10  el_after_av_one_full  el_before_av_textblock '><span class='hr-inner '><span class=\"hr-inner-style\"><\/span><\/span><\/div>\n<section  class='av_textblock_section av-11uvq-87fc4f1ecf36c9664d1e8c786cc4d53d '   itemscope=\"itemscope\" itemtype=\"https:\/\/schema.org\/CreativeWork\" ><div class='avia_textblock'  itemprop=\"text\" ><p><script type=\"application\/ld+json\">\n{\n  \"@context\": \"https:\/\/schema.org\",\n  \"@type\": \"FAQPage\",\n  \"mainEntity\": [{\n    \"@type\": \"Question\",\n    \"name\": \"Asgari sipari\u015f miktar\u0131 gerekli mi?\",\n    \"acceptedAnswer\": {\n      \"@type\": \"Answer\",\n      \"text\": \"\u00dcretim ve paketleme s\u00fcre\u00e7lerini kolayla\u015ft\u0131rmak i\u00e7in, her biri 24 metreden olu\u015fan birden fazla parti tedarik ediyoruz.\"\n    }\n  },{\n    \"@type\": \"Question\",\n    \"name\": \"Do\u011fru profil tipini bulamazsam ne yapmal\u0131y\u0131m?\",\n    \"acceptedAnswer\": {\n      \"@type\": \"Answer\",\n      \"text\": \"Eski profilinizin \u00f6l\u00e7ekli \u00e7izimini veya k\u00fc\u00e7\u00fck bir \u00f6rne\u011fini Teknik Departman\u0131m\u0131za iletin, onlar teknenize uygun benzer bir \u00fcr\u00fcn\u00fc de\u011ferlendireceklerdir.\"\n    }\n  },{\n    \"@type\": \"Question\",\n    \"name\": \"Nas\u0131l monte ederim?\",\n    \"acceptedAnswer\": {\n      \"@type\": \"Answer\",\n      \"text\": \"\u0130ndirilebilir katalog dosyalar\u0131m\u0131zda, \u00e7e\u015fitli montaj t\u00fcrleri i\u00e7in \u00fcr\u00fcn montaj talimatlar\u0131n\u0131 bulabilirsiniz.\"\n    }\n  },{\n    \"@type\": \"Question\",\n    \"name\": \"Teknem i\u00e7in en iyi rubrail tipini nas\u0131l se\u00e7erim?\",\n    \"acceptedAnswer\": {\n      \"@type\": \"Answer\",\n      \"text\": \"Rubrail'ler kutu \u015feklinde ve d\u00fcz ba\u011flant\u0131l\u0131 olmak \u00fczere iki tipte tedarik edilir. Do\u011fru tipi se\u00e7tikten sonra, mevcut \u00e7e\u015fitli boyutlar aras\u0131ndan se\u00e7im yapabilirsiniz.\"\n    }\n  }]\n}\n<\/script><\/p>\n<h2>SSS<\/h2>\n<p><strong>Asgari sipari\u015f miktar\u0131 gerekli mi?<\/strong><br \/>\n\u00dcretim ve paketleme s\u00fcre\u00e7lerini kolayla\u015ft\u0131rmak i\u00e7in, her biri 24 metreden olu\u015fan birden fazla parti tedarik ediyoruz.<\/p>\n<p><strong>Do\u011fru profil tipini bulamazsam ne yapmal\u0131y\u0131m?<\/strong><br \/>\nEski profilinizin \u00f6l\u00e7ekli \u00e7izimini veya k\u00fc\u00e7\u00fck bir \u00f6rne\u011fini Teknik Departman\u0131m\u0131za iletin, onlar teknenize uygun benzer bir \u00fcr\u00fcn\u00fc de\u011ferlendireceklerdir.<\/p>\n<p><strong>Nas\u0131l monte ederim?<\/strong><br \/>\n\u0130ndirilebilir <a href=\"https:\/\/rubrails-tessilmare.com\/tr\/kataloglar\/\">katalog dosyalar\u0131m\u0131zda, \u00e7e\u015fitli montaj t\u00fcrleri i\u00e7in \u00fcr\u00fcn montaj talimatlar\u0131n\u0131<\/a> bulabilirsiniz.<\/p>\n<p><strong>Teknem i\u00e7in <a href=\"https:\/\/rubrails-tessilmare.com\/tr\/boat-rub-rails\/\">en iyi rubrail tipini nas\u0131l se\u00e7erim<\/a>?<\/strong><br \/>\nRubrail&#8217;ler kutu \u015feklinde ve d\u00fcz ba\u011flant\u0131l\u0131 olmak \u00fczere iki tipte tedarik edilir. Do\u011fru tipi se\u00e7tikten sonra, mevcut \u00e7e\u015fitli boyutlar aras\u0131ndan se\u00e7im yapabilirsiniz.<\/p>\n<div id=\"gtx-trans\" style=\"position: absolute; left: 474px; top: 307.609px;\">\n<div class=\"gtx-trans-icon\"><\/div>\n<\/div>\n<\/div><\/section>\n","protected":false},"excerpt":{"rendered":"","protected":false},"author":1,"featured_media":0,"parent":0,"menu_order":0,"comment_status":"closed","ping_status":"closed","template":"","meta":{"rank_math_lock_modified_date":false,"footnotes":""},"class_list":["post-7716","page","type-page","status-publish","hentry"],"_links":{"self":[{"href":"https:\/\/rubrails-tessilmare.com\/tr\/wp-json\/wp\/v2\/pages\/7716"}],"collection":[{"href":"https:\/\/rubrails-tessilmare.com\/tr\/wp-json\/wp\/v2\/pages"}],"about":[{"href":"https:\/\/rubrails-tessilmare.com\/tr\/wp-json\/wp\/v2\/types\/page"}],"author":[{"embeddable":true,"href":"https:\/\/rubrails-tessilmare.com\/tr\/wp-json\/wp\/v2\/users\/1"}],"replies":[{"embeddable":true,"href":"https:\/\/rubrails-tessilmare.com\/tr\/wp-json\/wp\/v2\/comments?post=7716"}],"version-history":[{"count":5,"href":"https:\/\/rubrails-tessilmare.com\/tr\/wp-json\/wp\/v2\/pages\/7716\/revisions"}],"predecessor-version":[{"id":9096,"href":"https:\/\/rubrails-tessilmare.com\/tr\/wp-json\/wp\/v2\/pages\/7716\/revisions\/9096"}],"wp:attachment":[{"href":"https:\/\/rubrails-tessilmare.com\/tr\/wp-json\/wp\/v2\/media?parent=7716"}],"curies":[{"name":"wp","href":"https:\/\/api.w.org\/{rel}","templated":true}]}}