{"id":7732,"date":"2017-07-26T10:41:12","date_gmt":"2017-07-26T08:41:12","guid":{"rendered":"https:\/\/rubrails-tessilmare.com\/bino\/"},"modified":"2025-05-28T13:04:33","modified_gmt":"2025-05-28T11:04:33","slug":"bino","status":"publish","type":"page","link":"https:\/\/rubrails-tessilmare.com\/tr\/rihtim-ve-tampon-profilleri\/bino\/","title":{"rendered":"Bino"},"content":{"rendered":"\n<style type=\"text\/css\" data-created_by=\"avia_inline_auto\" id=\"style-css-av-1apl67-2d5e1b388d33129a890b7fa9f108adc6\">\n.flex_column.av-1apl67-2d5e1b388d33129a890b7fa9f108adc6{\nborder-radius:0px 0px 0px 0px;\npadding:0px 0px 0px 0px;\n}\n<\/style>\n<div  class='flex_column av-1apl67-2d5e1b388d33129a890b7fa9f108adc6 av_one_full  avia-builder-el-0  el_before_av_textblock  avia-builder-el-first  first flex_column_div av-zero-column-padding  '     ><p>\n<style type=\"text\/css\" data-created_by=\"avia_inline_auto\" id=\"style-css-av-g7dof-60a1d65bb851b7869ea4f02531e1c52b\">\n#top .av-special-heading.av-g7dof-60a1d65bb851b7869ea4f02531e1c52b{\npadding-bottom:0;\n}\nbody .av-special-heading.av-g7dof-60a1d65bb851b7869ea4f02531e1c52b .av-special-heading-tag .heading-char{\nfont-size:25px;\n}\n.av-special-heading.av-g7dof-60a1d65bb851b7869ea4f02531e1c52b .av-subheading{\nfont-size:15px;\n}\n<\/style>\n<div  class='av-special-heading av-g7dof-60a1d65bb851b7869ea4f02531e1c52b av-special-heading-h1 blockquote modern-quote modern-centered  avia-builder-el-1  el_before_av_heading  avia-builder-el-first '><h1 class='av-special-heading-tag '  itemprop=\"headline\"  >\u0130SKELE VE TAMPOZ PROF\u0130L\u0130 &#8211; BINO<\/h1><div class=\"special-heading-border\"><div class=\"special-heading-inner-border\"><\/div><\/div><\/div><br \/>\n\n<style type=\"text\/css\" data-created_by=\"avia_inline_auto\" id=\"style-css-av-8ui6n-6cee6358f39128fc8e2c3ecf40948265\">\n#top .av-special-heading.av-8ui6n-6cee6358f39128fc8e2c3ecf40948265{\npadding-bottom:0;\nfont-size:20px;\n}\nbody .av-special-heading.av-8ui6n-6cee6358f39128fc8e2c3ecf40948265 .av-special-heading-tag .heading-char{\nfont-size:25px;\n}\n#top #wrap_all .av-special-heading.av-8ui6n-6cee6358f39128fc8e2c3ecf40948265 .av-special-heading-tag{\nfont-size:20px;\n}\n.av-special-heading.av-8ui6n-6cee6358f39128fc8e2c3ecf40948265 .av-subheading{\nfont-size:15px;\n}\n\n@media only screen and (min-width: 480px) and (max-width: 767px){ \n#top #wrap_all .av-special-heading.av-8ui6n-6cee6358f39128fc8e2c3ecf40948265 .av-special-heading-tag{\nfont-size:0.8em;\n}\n}\n\n@media only screen and (max-width: 479px){ \n#top #wrap_all .av-special-heading.av-8ui6n-6cee6358f39128fc8e2c3ecf40948265 .av-special-heading-tag{\nfont-size:0.8em;\n}\n}\n<\/style>\n<div  class='av-special-heading av-8ui6n-6cee6358f39128fc8e2c3ecf40948265 av-special-heading-h2 blockquote modern-quote modern-centered  avia-builder-el-2  el_after_av_heading  el_before_av_hr  av-inherit-size'><h2 class='av-special-heading-tag '  itemprop=\"headline\"  >BINO, en yeni Tessilmare Rub Rail\u2019lerden biridir. Ayn\u0131 zamanda \u00e7ok g\u00fc\u00e7l\u00fc ama hafiftir.<\/h2><div class=\"special-heading-border\"><div class=\"special-heading-inner-border\"><\/div><\/div><\/div><br \/>\n\n<style type=\"text\/css\" data-created_by=\"avia_inline_auto\" id=\"style-css-av-su6d3-dd55fd55d3e607c878da0034c7361817\">\n#top .hr.av-su6d3-dd55fd55d3e607c878da0034c7361817{\nmargin-top:5px;\nmargin-bottom:10px;\n}\n.hr.av-su6d3-dd55fd55d3e607c878da0034c7361817 .hr-inner{\nwidth:7%;\nborder-color:#15354e;\n}\n<\/style>\n<div  class='hr av-su6d3-dd55fd55d3e607c878da0034c7361817 hr-custom  avia-builder-el-3  el_after_av_heading  avia-builder-el-last  hr-center hr-icon-no'><span class='hr-inner inner-border-av-border-fat'><span class=\"hr-inner-style\"><\/span><\/span><\/div><\/p><\/div>\n<section  class='av_textblock_section av-jmvnz-79a2fb6f490084fc732d37d32158a3d1 '   itemscope=\"itemscope\" itemtype=\"https:\/\/schema.org\/CreativeWork\" ><div class='avia_textblock'  itemprop=\"text\" ><p style=\"text-align: left;\">Yenilik\u00e7i tasar\u0131m\u0131 BINO&#8217;ya <strong>y\u00fcksek koruma<\/strong> sa\u011flar ve iskeleler ile r\u0131ht\u0131mlar i\u00e7in uygundur (askeri, i\u015f ve e\u011flence teknelerinin yan\u0131 s\u0131ra).<\/p>\n<p style=\"text-align: left;\">PATENTL\u0130 iki par\u00e7al\u0131 tasar\u0131m\u0131 sayesinde kolayca b\u00fck\u00fclebilir. At\u0131\u011f\u0131 \u00f6nlemek ve birle\u015fme noktalar\u0131ndan ka\u00e7\u0131narak kolay montaj sa\u011flamak i\u00e7in \u00f6zel olarak kesilmi\u015ftir. \u00d6nceden delinmi\u015f S\/S \u00e7ubuk do\u011frudan iskeleye vidalanabilir ve \u00fcst k\u0131sm\u0131 basit\u00e7e bas\u0131n\u00e7la sabitlenebilir.<\/p>\n<p style=\"text-align: left;\">Hi\u00e7bir vida ve\/veya per\u00e7in g\u00f6r\u00fcnmez ve\/veya darbeler durumunda teknelere zarar vermez.<\/p>\n<div class=\"show_more\"><p class=\"wpsm-show\" style=\"color: #cc0000; font-size: 100%; text-align: left;\"> Daha fazla oku<\/p><div class=\"wpsm-content\"><\/p>\n<p style=\"text-align: left;\">\u0130\u00e7 hava bo\u015fluklar\u0131 ger\u00e7ek bir darbe emilimi sa\u011flar, bu da onu y\u0131llar boyunca \u00e7ok g\u00fc\u00e7l\u00fc ve dayan\u0131kl\u0131 k\u0131lar. PVC oldu\u011fu i\u00e7in BINO, di\u011fer y\u00fczeylerde renginden iz b\u0131rakmaz.<\/p>\n<p style=\"text-align: left;\">BINO\u2019nun mod\u00fcler yap\u0131s\u0131, zamanla iki par\u00e7adan birinin ayr\u0131 ayr\u0131 de\u011fi\u015ftirilmesine olanak tan\u0131r.<\/p>\n<p style=\"text-align: left;\">BINO \u00e7a\u011fda\u015f bir stile ve kusursuz bir g\u00f6r\u00fcn\u00fcme sahiptir. <p class=\"wpsm-hide\" style=\"color: #cc0000; font-size: 100%; text-align: left;\"> Daha az oku<\/p><\/div><\/div>\n<\/div><\/section>\n\n<style type=\"text\/css\" data-created_by=\"avia_inline_auto\" id=\"style-css-av-g2g7j-6cf53e5a95f8f4456ac5572bc7fa216f\">\n#top .av-masonry.av-g2g7j-6cf53e5a95f8f4456ac5572bc7fa216f{\nbackground-color:#ffffff;\n}\n<\/style>\n<div id='av-masonry-1' class='av-masonry av-g2g7j-6cf53e5a95f8f4456ac5572bc7fa216f noHover av-fixed-size av-1px-gap av-hover-overlay-active av-masonry-animation-active av-masonry-col-3 av-caption-on-hover av-caption-style-overlay av-masonry-gallery av-orientation-square ' data-post_id=\"7732\"><div class=\"av-masonry-container isotope av-js-disabled\"><div class='av-masonry-entry isotope-item av-masonry-item-no-image '><\/div><a href=\"https:\/\/rubrails-tessilmare.com\/tr\/bino-40\/\"  aria-label=\"image BINO40_B\"  id='av-masonry-1-item-8171' data-av-masonry-item='8171' class='av-masonry-entry isotope-item post-8171 attachment type-attachment status-inherit hentry  av-masonry-item-with-image' title=\"BINO40_B\" alt=\"\"  data-av-masonry-custom-link=\"https:\/\/rubrails-tessilmare.com\/tr\/bino-40\/\"  itemprop=\"thumbnailUrl\" ><div class='av-inner-masonry-sizer'><\/div><figure class='av-inner-masonry main_color'><div class=\"av-masonry-outerimage-container\"><div class='av-masonry-image-container lazyload' style=\"background-image:inherit;\"  title=\"BINO40_B\"  data-bg-image=\"url(https:\/\/rubrails-tessilmare.com\/wp-content\/uploads\/2017\/07\/BINO40_B-705x705.jpg)\"><\/div><\/div><figcaption class='av-inner-masonry-content site-background'><div class='av-inner-masonry-content-pos'><div class='av-inner-masonry-content-pos-content'><div class='avia-arrow'><\/div><div class='av-masonry-entry-content entry-content'  itemprop=\"text\" >BINO 40<\/div><\/div><\/div><\/figcaption><\/figure><\/a><!--end av-masonry entry--><a href=\"https:\/\/rubrails-tessilmare.com\/tr\/bino-65\/\"  aria-label=\"image BINO65_B\"  id='av-masonry-1-item-7955' data-av-masonry-item='7955' class='av-masonry-entry isotope-item post-7955 attachment type-attachment status-inherit hentry  av-masonry-item-with-image' title=\"BINO65_B\" alt=\"\"  data-av-masonry-custom-link=\"https:\/\/rubrails-tessilmare.com\/tr\/bino-65\/\"  itemprop=\"thumbnailUrl\" ><div class='av-inner-masonry-sizer'><\/div><figure class='av-inner-masonry main_color'><div class=\"av-masonry-outerimage-container\"><div class='av-masonry-image-container lazyload' style=\"background-image:inherit;\"  title=\"BINO65_B\"  data-bg-image=\"url(https:\/\/rubrails-tessilmare.com\/wp-content\/uploads\/2017\/07\/BINO65_B-705x705.jpg)\"><\/div><\/div><figcaption class='av-inner-masonry-content site-background'><div class='av-inner-masonry-content-pos'><div class='av-inner-masonry-content-pos-content'><div class='avia-arrow'><\/div><div class='av-masonry-entry-content entry-content'  itemprop=\"text\" >BINO 65<\/div><\/div><\/div><\/figcaption><\/figure><\/a><!--end av-masonry entry--><a href=\"https:\/\/rubrails-tessilmare.com\/tr\/bino-90\/\"  aria-label=\"image BINO90_B\"  id='av-masonry-1-item-8377' data-av-masonry-item='8377' class='av-masonry-entry isotope-item post-8377 attachment type-attachment status-inherit hentry  av-masonry-item-with-image' title=\"BINO90_B\" alt=\"\"  data-av-masonry-custom-link=\"https:\/\/rubrails-tessilmare.com\/tr\/bino-90\/\"  itemprop=\"thumbnailUrl\" ><div class='av-inner-masonry-sizer'><\/div><figure class='av-inner-masonry main_color'><div class=\"av-masonry-outerimage-container\"><div class='av-masonry-image-container lazyload' style=\"background-image:inherit;\"  title=\"BINO90_B\"  data-bg-image=\"url(https:\/\/rubrails-tessilmare.com\/wp-content\/uploads\/2017\/07\/BINO90_B-705x705.jpg)\"><\/div><\/div><figcaption class='av-inner-masonry-content site-background'><div class='av-inner-masonry-content-pos'><div class='av-inner-masonry-content-pos-content'><div class='avia-arrow'><\/div><div class='av-masonry-entry-content entry-content'  itemprop=\"text\" >BINO 90 BLACK<\/div><\/div><\/div><\/figcaption><\/figure><\/a><!--end av-masonry entry--><\/div><\/div>\n\n<style type=\"text\/css\" data-created_by=\"avia_inline_auto\" id=\"style-css-av-bmcbj-6878ed93a07e75cebdeb926381a2b969\">\n#top .hr.hr-invisible.av-bmcbj-6878ed93a07e75cebdeb926381a2b969{\nheight:5px;\n}\n<\/style>\n<div  class='hr av-bmcbj-6878ed93a07e75cebdeb926381a2b969 hr-invisible  avia-builder-el-6  el_after_av_masonry_gallery  avia-builder-el-no-sibling '><span class='hr-inner '><span class=\"hr-inner-style\"><\/span><\/span><\/div>\n","protected":false},"excerpt":{"rendered":"","protected":false},"author":1,"featured_media":0,"parent":8631,"menu_order":0,"comment_status":"closed","ping_status":"closed","template":"","meta":{"rank_math_lock_modified_date":false,"footnotes":""},"class_list":["post-7732","page","type-page","status-publish","hentry"],"_links":{"self":[{"href":"https:\/\/rubrails-tessilmare.com\/tr\/wp-json\/wp\/v2\/pages\/7732"}],"collection":[{"href":"https:\/\/rubrails-tessilmare.com\/tr\/wp-json\/wp\/v2\/pages"}],"about":[{"href":"https:\/\/rubrails-tessilmare.com\/tr\/wp-json\/wp\/v2\/types\/page"}],"author":[{"embeddable":true,"href":"https:\/\/rubrails-tessilmare.com\/tr\/wp-json\/wp\/v2\/users\/1"}],"replies":[{"embeddable":true,"href":"https:\/\/rubrails-tessilmare.com\/tr\/wp-json\/wp\/v2\/comments?post=7732"}],"version-history":[{"count":5,"href":"https:\/\/rubrails-tessilmare.com\/tr\/wp-json\/wp\/v2\/pages\/7732\/revisions"}],"predecessor-version":[{"id":9112,"href":"https:\/\/rubrails-tessilmare.com\/tr\/wp-json\/wp\/v2\/pages\/7732\/revisions\/9112"}],"up":[{"embeddable":true,"href":"https:\/\/rubrails-tessilmare.com\/tr\/wp-json\/wp\/v2\/pages\/8631"}],"wp:attachment":[{"href":"https:\/\/rubrails-tessilmare.com\/tr\/wp-json\/wp\/v2\/media?parent=7732"}],"curies":[{"name":"wp","href":"https:\/\/api.w.org\/{rel}","templated":true}]}}