{"id":7760,"date":"2019-03-29T17:49:03","date_gmt":"2019-03-29T16:49:03","guid":{"rendered":"https:\/\/rubrails-tessilmare.com\/biz-kimiz\/tekne-rub-rail-yeni-teknoloji\/"},"modified":"2025-05-28T12:58:07","modified_gmt":"2025-05-28T10:58:07","slug":"tekne-rub-rail-yeni-teknoloji","status":"publish","type":"page","link":"https:\/\/rubrails-tessilmare.com\/tr\/biz-kimiz\/tekne-rub-rail-yeni-teknoloji\/","title":{"rendered":"Tekne Rub Rail Yeni Teknoloji"},"content":{"rendered":"\n<style type=\"text\/css\" data-created_by=\"avia_inline_auto\" id=\"style-css-av-o0q9un-7ac7da0f4654aba1ef64bda8bf2de573\">\n.flex_column.av-o0q9un-7ac7da0f4654aba1ef64bda8bf2de573{\nborder-radius:0px 0px 0px 0px;\npadding:0px 0px 0px 0px;\n}\n<\/style>\n<div  class='flex_column av-o0q9un-7ac7da0f4654aba1ef64bda8bf2de573 av_one_full  avia-builder-el-0  el_before_av_hr  avia-builder-el-first  first flex_column_div av-zero-column-padding  '     ><p>\n<style type=\"text\/css\" data-created_by=\"avia_inline_auto\" id=\"style-css-av-ml04tb-48d830abea5ad4f1c976056060dee703\">\n#top .av-special-heading.av-ml04tb-48d830abea5ad4f1c976056060dee703{\npadding-bottom:0;\n}\nbody .av-special-heading.av-ml04tb-48d830abea5ad4f1c976056060dee703 .av-special-heading-tag .heading-char{\nfont-size:25px;\n}\n.av-special-heading.av-ml04tb-48d830abea5ad4f1c976056060dee703 .av-subheading{\nfont-size:15px;\n}\n<\/style>\n<div  class='av-special-heading av-ml04tb-48d830abea5ad4f1c976056060dee703 av-special-heading-h1 blockquote modern-quote modern-centered  avia-builder-el-1  el_before_av_heading  avia-builder-el-first '><h1 class='av-special-heading-tag '  itemprop=\"headline\"  >TEKNE S\u00dcRTME KENARI YEN\u0130 TEKNOLOJ\u0130<\/h1><div class=\"special-heading-border\"><div class=\"special-heading-inner-border\"><\/div><\/div><\/div><br \/>\n\n<style type=\"text\/css\" data-created_by=\"avia_inline_auto\" id=\"style-css-av-kbwoi7-2de8ab20259cb08ab8398c4f6c9595e8\">\n#top .av-special-heading.av-kbwoi7-2de8ab20259cb08ab8398c4f6c9595e8{\npadding-bottom:0;\nfont-size:20px;\n}\nbody .av-special-heading.av-kbwoi7-2de8ab20259cb08ab8398c4f6c9595e8 .av-special-heading-tag .heading-char{\nfont-size:25px;\n}\n#top #wrap_all .av-special-heading.av-kbwoi7-2de8ab20259cb08ab8398c4f6c9595e8 .av-special-heading-tag{\nfont-size:20px;\n}\n.av-special-heading.av-kbwoi7-2de8ab20259cb08ab8398c4f6c9595e8 .av-subheading{\nfont-size:15px;\n}\n\n@media only screen and (min-width: 480px) and (max-width: 767px){ \n#top #wrap_all .av-special-heading.av-kbwoi7-2de8ab20259cb08ab8398c4f6c9595e8 .av-special-heading-tag{\nfont-size:0.8em;\n}\n}\n\n@media only screen and (max-width: 479px){ \n#top #wrap_all .av-special-heading.av-kbwoi7-2de8ab20259cb08ab8398c4f6c9595e8 .av-special-heading-tag{\nfont-size:0.8em;\n}\n}\n<\/style>\n<div  class='av-special-heading av-kbwoi7-2de8ab20259cb08ab8398c4f6c9595e8 av-special-heading-h2 blockquote modern-quote modern-centered  avia-builder-el-2  el_after_av_heading  el_before_av_hr  av-inherit-size'><h2 class='av-special-heading-tag '  itemprop=\"headline\"  >Y\u00fcksek kaliteli tekne, gemi, yat ve iskele i\u00e7in tampon profilleri<\/h2><div class=\"special-heading-border\"><div class=\"special-heading-inner-border\"><\/div><\/div><\/div><br \/>\n\n<style type=\"text\/css\" data-created_by=\"avia_inline_auto\" id=\"style-css-av-ipq79r-972a7fb92de54efbb50563731d0d9113\">\n#top .hr.av-ipq79r-972a7fb92de54efbb50563731d0d9113{\nmargin-top:5px;\nmargin-bottom:10px;\n}\n.hr.av-ipq79r-972a7fb92de54efbb50563731d0d9113 .hr-inner{\nwidth:7%;\nborder-color:#15354e;\n}\n<\/style>\n<div  class='hr av-ipq79r-972a7fb92de54efbb50563731d0d9113 hr-custom  avia-builder-el-3  el_after_av_heading  el_before_av_textblock  hr-center hr-icon-no'><span class='hr-inner inner-border-av-border-fat'><span class=\"hr-inner-style\"><\/span><\/span><\/div><br \/>\n<section  class='av_textblock_section av-hv38hb-d6f55b163ee5acc3f768e6cec13c2c46 '   itemscope=\"itemscope\" itemtype=\"https:\/\/schema.org\/CreativeWork\" ><div class='avia_textblock'  itemprop=\"text\" ><p><img decoding=\"async\" class=\"alignright wp-image-34 size-medium lazyload\" title=\"Yatlar, gemiler, tekneler ve iskeleler i\u00e7in y\u00fcksek kaliteli tampon profilleri\" data-src=\"https:\/\/rubrails-tessilmare.com\/wp-content\/uploads\/2017\/07\/Tessilmare-BOAT-RUB-RAILS-home-300x144.jpg\" alt=\"Boat Rub Rail New Technology\" width=\"300\" height=\"144\" data-srcset=\"https:\/\/b1654183.smushcdn.com\/1654183\/wp-content\/uploads\/2017\/07\/Tessilmare-BOAT-RUB-RAILS-home-300x144.jpg?lossy=0&amp;strip=1&amp;webp=1 300w, https:\/\/b1654183.smushcdn.com\/1654183\/wp-content\/uploads\/2017\/07\/Tessilmare-BOAT-RUB-RAILS-home-768x368.jpg?lossy=0&amp;strip=1&amp;webp=1 768w, https:\/\/b1654183.smushcdn.com\/1654183\/wp-content\/uploads\/2017\/07\/Tessilmare-BOAT-RUB-RAILS-home-705x338.jpg?lossy=0&amp;strip=1&amp;webp=1 705w, https:\/\/b1654183.smushcdn.com\/1654183\/wp-content\/uploads\/2017\/07\/Tessilmare-BOAT-RUB-RAILS-home-450x216.jpg?lossy=0&amp;strip=1&amp;webp=1 450w, https:\/\/b1654183.smushcdn.com\/1654183\/wp-content\/uploads\/2017\/07\/Tessilmare-BOAT-RUB-RAILS-home.jpg?lossy=0&amp;strip=1&amp;webp=1 960w\" data-sizes=\"(max-width: 300px) 100vw, 300px\" src=\"data:image\/gif;base64,R0lGODlhAQABAAAAACH5BAEKAAEALAAAAAABAAEAAAICTAEAOw==\" style=\"--smush-placeholder-width: 300px; --smush-placeholder-aspect-ratio: 300\/144;\" \/><noscript><img decoding=\"async\" class=\"alignright wp-image-34 size-medium\" title=\"Yatlar, gemiler, tekneler ve iskeleler i\u00e7in y\u00fcksek kaliteli tampon profilleri\" src=\"https:\/\/rubrails-tessilmare.com\/wp-content\/uploads\/2017\/07\/Tessilmare-BOAT-RUB-RAILS-home-300x144.jpg\" alt=\"Boat Rub Rail New Technology\" width=\"300\" height=\"144\" srcset=\"https:\/\/b1654183.smushcdn.com\/1654183\/wp-content\/uploads\/2017\/07\/Tessilmare-BOAT-RUB-RAILS-home-300x144.jpg?lossy=0&amp;strip=1&amp;webp=1 300w, https:\/\/b1654183.smushcdn.com\/1654183\/wp-content\/uploads\/2017\/07\/Tessilmare-BOAT-RUB-RAILS-home-768x368.jpg?lossy=0&amp;strip=1&amp;webp=1 768w, https:\/\/b1654183.smushcdn.com\/1654183\/wp-content\/uploads\/2017\/07\/Tessilmare-BOAT-RUB-RAILS-home-705x338.jpg?lossy=0&amp;strip=1&amp;webp=1 705w, https:\/\/b1654183.smushcdn.com\/1654183\/wp-content\/uploads\/2017\/07\/Tessilmare-BOAT-RUB-RAILS-home-450x216.jpg?lossy=0&amp;strip=1&amp;webp=1 450w, https:\/\/b1654183.smushcdn.com\/1654183\/wp-content\/uploads\/2017\/07\/Tessilmare-BOAT-RUB-RAILS-home.jpg?lossy=0&amp;strip=1&amp;webp=1 960w\" sizes=\"(max-width: 300px) 100vw, 300px\" \/><\/noscript>On be\u015f y\u0131l\u0131 a\u015fk\u0131n s\u00fcredir Tessilmare, tekneler, gemiler, yatlar ve iskeleler i\u00e7in y\u00fcksek kaliteli <strong>tampon profillerini<\/strong> geli\u015ftirmektedir. Deneyimli tasar\u0131mc\u0131 ve m\u00fchendis ekibimiz, sadece harika g\u00f6r\u00fcnen de\u011fil, kusursuz \u00e7al\u0131\u015fan y\u00fcksek kaliteli bir \u00fcr\u00fcn alman\u0131z\u0131 sa\u011flamak i\u00e7in tampon profillerimizi m\u00fckemmelle\u015ftirmektedir.<br \/>\nGe\u00e7mi\u015fte bir\u00e7ok tampon teknolojisi sadece farkl\u0131 \u015fekil ve boyutlara odaklanarak tampon tasar\u0131m\u0131n\u0131n anahtar unsurlar\u0131ndan biri olan m\u00fchendislik ve teknik y\u00f6nlerini g\u00f6z ard\u0131 etmi\u015ftir. Tessilmare m\u00fchendislik ekibi, iki metreden elli metreye kadar teknelere uyacak \u015fekilde uyarlanm\u0131\u015f 4\/5 hat \u00fczerinde yo\u011funla\u015fmay\u0131 se\u00e7mi\u015ftir.<br \/>\nTessilmare, \u015fu anda d\u00fcnya genelinde <strong>gemilerde<\/strong>, <strong>yatlarda<\/strong>, <strong>iskelelerde<\/strong>, <strong>marinalarda<\/strong> ve <strong>teknelerde<\/strong> kullan\u0131lan <strong>devrim niteli\u011finde bir \u00fcr\u00fcn<\/strong> tasarlam\u0131\u015ft\u0131r.<br \/>\nTamponlar\u0131m\u0131z, do\u011fan\u0131n en k\u00f6t\u00fc hava ko\u015fullar\u0131na dayanacak \u015fekilde \u00fcretilmi\u015ftir.<\/p>\n<div class='avia-iframe-wrap'><iframe title=\"Tessilmare 70th Anniversary\" width=\"1500\" height=\"844\" data-src=\"https:\/\/www.youtube.com\/embed\/GNwBYZAfp2M?feature=oembed\" frameborder=\"0\" allow=\"accelerometer; autoplay; clipboard-write; encrypted-media; gyroscope; picture-in-picture; web-share\" referrerpolicy=\"strict-origin-when-cross-origin\" allowfullscreen src=\"data:image\/gif;base64,R0lGODlhAQABAAAAACH5BAEKAAEALAAAAAABAAEAAAICTAEAOw==\" class=\"lazyload\" data-load-mode=\"1\"><\/iframe><\/div>\n<p>Bir\u00e7ok \u00f6nemli m\u00fchendislik ve tasar\u0131m alan\u0131na odakland\u0131k:<\/p>\n<ul>\n<li><strong>Tessilmare tamponlar\u0131n\u0131n<\/strong> montaj, kurulum ve de\u011fi\u015ftirme s\u00fcresini %50&#8217;ye kadar azaltarak zaman, para ve enerji tasarrufu sa\u011flamak.<\/li>\n<li>Tessilmare tamponlar\u0131n\u0131n keskin \u015fekil ve a\u00e7\u0131larda b\u00fck\u00fclme ve \u015fekillendirilme zorlu\u011funu azaltarak, \u015fekli ne olursa olsun her t\u00fcrl\u00fc gemi veya yat i\u00e7in m\u00fckemmel hale getirmek.<\/li>\n<li>Paslanmaz \u00e7eli\u011fi do\u011frudan gemiye b\u00fckebilmeniz, yedek par\u00e7a nakliye maliyetlerini \u00f6nemli \u00f6l\u00e7\u00fcde azalt\u0131r.<\/li>\n<li>Tamponlar\u0131m\u0131z\u0131n toplam a\u011f\u0131rl\u0131\u011f\u0131n\u0131 azaltt\u0131k. Bu, gemide daha az a\u011f\u0131rl\u0131k ve daha iyi yak\u0131t ekonomisi anlam\u0131na gelir.<br \/>\nTamponlardaki a\u011f\u0131rl\u0131k azalt\u0131m\u0131 nedeniyle, <strong>Tessilmare \u00fcr\u00fcnleri art\u0131k hafif elektrikli tekneler i\u00e7in m\u00fckemmel \u015fekilde uygundur<\/strong>.<\/li>\n<\/ul>\n<ul>\n<li>Tessilmare RubRail tamponlar\u0131ndaki yeni \u00f6zel patentler, m\u00fckemmel darbe emici \u00f6zelliklere sahip olmalar\u0131n\u0131 sa\u011flar.<\/li>\n<\/ul>\n<p>RubRail ve tamponlar\u0131m\u0131z hakk\u0131nda daha fazla bilgi almak isterseniz, daha fazla bilgi i\u00e7in <strong>bizimle ileti\u015fime ge\u00e7mekten<\/strong> \u00e7ekinmeyin. Uzman ekibimiz size yard\u0131mc\u0131 olmaya haz\u0131r ve memnuniyetle destek verecektir.<\/p>\n<\/div><\/section><\/p><\/div>\n\n<style type=\"text\/css\" data-created_by=\"avia_inline_auto\" id=\"style-css-av-g49kq7-d8a8c1d174a2ad75be7883adbb7ae3a5\">\n#top .hr.hr-invisible.av-g49kq7-d8a8c1d174a2ad75be7883adbb7ae3a5{\nheight:5px;\n}\n<\/style>\n<div  class='hr av-g49kq7-d8a8c1d174a2ad75be7883adbb7ae3a5 hr-invisible  avia-builder-el-5  el_after_av_one_full  el_before_av_one_full '><span class='hr-inner '><span class=\"hr-inner-style\"><\/span><\/span><\/div>\n\n<style type=\"text\/css\" data-created_by=\"avia_inline_auto\" id=\"style-css-av-e42jwv-eda2e5191ced06be6cf0cb9046d9bf16\">\n.flex_column.av-e42jwv-eda2e5191ced06be6cf0cb9046d9bf16{\nborder-radius:0px 0px 0px 0px;\npadding:0px 0px 0px 0px;\n}\n<\/style>\n<div  class='flex_column av-e42jwv-eda2e5191ced06be6cf0cb9046d9bf16 av_one_full  avia-builder-el-6  el_after_av_hr  el_before_av_hr  first flex_column_div av-zero-column-padding  '     ><div id='av-masonry-1' class='av-masonry av-bsy0fj-de532c05b1a57654230ce55952cb4f27 noHover av-fixed-size av-1px-gap av-hover-overlay-active av-masonry-animation-active av-masonry-col-5 av-caption-on-hover av-caption-style-overlay av-masonry-gallery av-medium-columns-overwrite av-medium-columns-3 av-orientation-square ' data-post_id=\"7760\"><div class=\"av-masonry-container isotope av-js-disabled\"><div class='av-masonry-entry isotope-item av-masonry-item-no-image '><\/div><a href=\"https:\/\/rubrails-tessilmare.com\/tr\/tekne-kupeste-fitili\/sphaera-tekne-kupeste-fitili\/\"  aria-label=\"image Tessilmare-sphaera-home\"  id='av-masonry-1-item-7492' data-av-masonry-item='7492' class='av-masonry-entry isotope-item post-7492 attachment type-attachment status-inherit hentry  av-masonry-item-with-image' title=\"Tessilmare-sphaera-home\" alt=\"\"  data-av-masonry-custom-link=\"https:\/\/rubrails-tessilmare.com\/tr\/tekne-kupeste-fitili\/sphaera-tekne-kupeste-fitili\/\"  itemprop=\"thumbnailUrl\" ><div class='av-inner-masonry-sizer'><\/div><figure class='av-inner-masonry main_color'><div class=\"av-masonry-outerimage-container\"><div class='av-masonry-image-container lazyload' style=\"background-image:inherit;\"  title=\"Tessilmare-sphaera-home\"  data-bg-image=\"url(https:\/\/rubrails-tessilmare.com\/wp-content\/uploads\/2017\/07\/Tessilmare-sphaera-home.jpg)\"><\/div><\/div><figcaption class='av-inner-masonry-content site-background'><div class='av-inner-masonry-content-pos'><div class='av-inner-masonry-content-pos-content'><div class='avia-arrow'><\/div><\/div><\/div><\/figcaption><\/figure><\/a><!--end av-masonry entry--><a href=\"https:\/\/rubrails-tessilmare.com\/tr\/tekne-kupeste-fitili\/binox\/\"  aria-label=\"image Tessilmare-binox-home\"  id='av-masonry-1-item-7489' data-av-masonry-item='7489' class='av-masonry-entry isotope-item post-7489 attachment type-attachment status-inherit hentry  av-masonry-item-with-image' title=\"Tessilmare-binox-home\" alt=\"\"  data-av-masonry-custom-link=\"https:\/\/rubrails-tessilmare.com\/tr\/tekne-kupeste-fitili\/binox\/\"  itemprop=\"thumbnailUrl\" ><div class='av-inner-masonry-sizer'><\/div><figure class='av-inner-masonry main_color'><div class=\"av-masonry-outerimage-container\"><div class='av-masonry-image-container lazyload' style=\"background-image:inherit;\"  title=\"Tessilmare-binox-home\"  data-bg-image=\"url(https:\/\/rubrails-tessilmare.com\/wp-content\/uploads\/2017\/07\/Tessilmare-binox-home.jpg)\"><\/div><\/div><figcaption class='av-inner-masonry-content site-background'><div class='av-inner-masonry-content-pos'><div class='av-inner-masonry-content-pos-content'><div class='avia-arrow'><\/div><\/div><\/div><\/figcaption><\/figure><\/a><!--end av-masonry entry--><a href=\"https:\/\/rubrails-tessilmare.com\/tr\/tekne-kupeste-fitili\/bino\/\"  aria-label=\"image Tessilmare-bino-home\"  id='av-masonry-1-item-7488' data-av-masonry-item='7488' class='av-masonry-entry isotope-item post-7488 attachment type-attachment status-inherit hentry  av-masonry-item-with-image' title=\"Tessilmare-bino-home\" alt=\"\"  data-av-masonry-custom-link=\"https:\/\/rubrails-tessilmare.com\/tr\/tekne-kupeste-fitili\/bino\/\"  itemprop=\"thumbnailUrl\" ><div class='av-inner-masonry-sizer'><\/div><figure class='av-inner-masonry main_color'><div class=\"av-masonry-outerimage-container\"><div class='av-masonry-image-container lazyload' style=\"background-image:inherit;\"  title=\"Tessilmare-bino-home\"  data-bg-image=\"url(https:\/\/rubrails-tessilmare.com\/wp-content\/uploads\/2017\/07\/Tessilmare-bino-home.jpg)\"><\/div><\/div><figcaption class='av-inner-masonry-content site-background'><div class='av-inner-masonry-content-pos'><div class='av-inner-masonry-content-pos-content'><div class='avia-arrow'><\/div><\/div><\/div><\/figcaption><\/figure><\/a><!--end av-masonry entry--><a href=\"https:\/\/rubrails-tessilmare.com\/tr\/tekne-kupeste-fitili\/radyal\/\"  aria-label=\"image Tessilmare-radial-home\"  id='av-masonry-1-item-7491' data-av-masonry-item='7491' class='av-masonry-entry isotope-item post-7491 attachment type-attachment status-inherit hentry  av-masonry-item-with-image' title=\"Tessilmare-radial-home\" alt=\"\"  data-av-masonry-custom-link=\"https:\/\/rubrails-tessilmare.com\/tr\/tekne-kupeste-fitili\/radyal\/\"  itemprop=\"thumbnailUrl\" ><div class='av-inner-masonry-sizer'><\/div><figure class='av-inner-masonry main_color'><div class=\"av-masonry-outerimage-container\"><div class='av-masonry-image-container lazyload' style=\"background-image:inherit;\"  title=\"Tessilmare-radial-home\"  data-bg-image=\"url(https:\/\/rubrails-tessilmare.com\/wp-content\/uploads\/2017\/07\/Tessilmare-radial-home.jpg)\"><\/div><\/div><figcaption class='av-inner-masonry-content site-background'><div class='av-inner-masonry-content-pos'><div class='av-inner-masonry-content-pos-content'><div class='avia-arrow'><\/div><\/div><\/div><\/figcaption><\/figure><\/a><!--end av-masonry entry--><a href=\"https:\/\/rubrails-tessilmare.com\/tr\/tekne-kupeste-fitili\/tampon\/\"  aria-label=\"image Tessilmare-bumper-home\"  id='av-masonry-1-item-7490' data-av-masonry-item='7490' class='av-masonry-entry isotope-item post-7490 attachment type-attachment status-inherit hentry  av-masonry-item-with-image' title=\"Tessilmare-bumper-home\" alt=\"\"  data-av-masonry-custom-link=\"https:\/\/rubrails-tessilmare.com\/tr\/tekne-kupeste-fitili\/tampon\/\"  itemprop=\"thumbnailUrl\" ><div class='av-inner-masonry-sizer'><\/div><figure class='av-inner-masonry main_color'><div class=\"av-masonry-outerimage-container\"><div class='av-masonry-image-container lazyload' style=\"background-image:inherit;\"  title=\"Tessilmare-bumper-home\"  data-bg-image=\"url(https:\/\/rubrails-tessilmare.com\/wp-content\/uploads\/2017\/07\/Tessilmare-bumper-home.jpg)\"><\/div><\/div><figcaption class='av-inner-masonry-content site-background'><div class='av-inner-masonry-content-pos'><div class='av-inner-masonry-content-pos-content'><div class='avia-arrow'><\/div><\/div><\/div><\/figcaption><\/figure><\/a><!--end av-masonry entry--><\/div><\/div><\/div>\n\n<style type=\"text\/css\" data-created_by=\"avia_inline_auto\" id=\"style-css-av-b5ygrj-4985c727694eb26cbf83c04aa79e20c4\">\n#top .hr.hr-invisible.av-b5ygrj-4985c727694eb26cbf83c04aa79e20c4{\nheight:5px;\n}\n<\/style>\n<div  class='hr av-b5ygrj-4985c727694eb26cbf83c04aa79e20c4 hr-invisible  avia-builder-el-8  el_after_av_one_full  el_before_av_one_full '><span class='hr-inner '><span class=\"hr-inner-style\"><\/span><\/span><\/div>\n\n<style type=\"text\/css\" data-created_by=\"avia_inline_auto\" id=\"style-css-av-8luhrj-81765ad0ef5b6c25430e897a11a49d84\">\n.flex_column.av-8luhrj-81765ad0ef5b6c25430e897a11a49d84{\nborder-radius:0px 0px 0px 0px;\npadding:20px 20px 20px 20px;\nbackground-color:#efeff0;\n}\n<\/style>\n<div  class='flex_column av-8luhrj-81765ad0ef5b6c25430e897a11a49d84 av_one_full  avia-builder-el-9  el_after_av_hr  el_before_av_one_full  first flex_column_div  '     ><\/div>\n\n<style type=\"text\/css\" data-created_by=\"avia_inline_auto\" id=\"style-css-av-568ov3-4e9466a5536872251932d8a0b981aaad\">\n.flex_column.av-568ov3-4e9466a5536872251932d8a0b981aaad{\nborder-radius:0px 0px 0px 0px;\n}\n<\/style>\n<div  class='flex_column av-568ov3-4e9466a5536872251932d8a0b981aaad av_one_full  avia-builder-el-11  el_after_av_one_full  avia-builder-el-last  first flex_column_div  column-top-margin'     ><p>\n<style type=\"text\/css\" data-created_by=\"avia_inline_auto\" id=\"style-css-av-3poran-54008dbae48c06631d9c7fe3f560362a\">\n#top .av-special-heading.av-3poran-54008dbae48c06631d9c7fe3f560362a{\npadding-bottom:10px;\n}\nbody .av-special-heading.av-3poran-54008dbae48c06631d9c7fe3f560362a .av-special-heading-tag .heading-char{\nfont-size:25px;\n}\n.av-special-heading.av-3poran-54008dbae48c06631d9c7fe3f560362a .av-subheading{\nfont-size:15px;\n}\n<\/style>\n<div  class='av-special-heading av-3poran-54008dbae48c06631d9c7fe3f560362a av-special-heading-h3 blockquote modern-quote  avia-builder-el-12  el_before_av_sidebar  avia-builder-el-first '><h3 class='av-special-heading-tag '  itemprop=\"headline\"  >Di\u011fer \u00f6zel i\u00e7erik<\/h3><div class=\"special-heading-border\"><div class=\"special-heading-inner-border\"><\/div><\/div><\/div><br \/>\n<div  class='avia-builder-widget-area clearfix  avia-builder-el-13  el_after_av_heading  avia-builder-el-last '><section id=\"nav_menu-6\" class=\"widget clearfix widget_nav_menu\"><div class=\"menu-menu-pagine-tag-turkish-container\"><ul id=\"menu-menu-pagine-tag-turkish\" class=\"menu\"><li id=\"menu-item-9776\" class=\"menu-item menu-item-type-post_type menu-item-object-page menu-item-9776\"><a href=\"https:\/\/rubrails-tessilmare.com\/tr\/surtme-rayi-kiti\/\">S\u00fcrtme Ray\u0131 Kiti<\/a><\/li>\n<li id=\"menu-item-9777\" class=\"menu-item menu-item-type-post_type menu-item-object-page menu-item-9777\"><a href=\"https:\/\/rubrails-tessilmare.com\/tr\/rub-rail-montaji\/\">Rub Rail Montaj\u0131<\/a><\/li>\n<li id=\"menu-item-9778\" class=\"menu-item menu-item-type-post_type menu-item-object-page menu-item-9778\"><a href=\"https:\/\/rubrails-tessilmare.com\/tr\/dikey-rihtim-tamponlari\/\">Dikey R\u0131ht\u0131m Tamponlar\u0131<\/a><\/li>\n<li id=\"menu-item-9779\" class=\"menu-item menu-item-type-post_type menu-item-object-page menu-item-9779\"><a href=\"https:\/\/rubrails-tessilmare.com\/tr\/tekne-yat-kic-koruyucu\/\">Tekne Yat K\u0131\u00e7 Koruyucu<\/a><\/li>\n<li id=\"menu-item-9780\" class=\"menu-item menu-item-type-post_type menu-item-object-page menu-item-9780\"><a href=\"https:\/\/rubrails-tessilmare.com\/tr\/tekne-tamponlari-2\/\">Tekne tamponlar\u0131<\/a><\/li>\n<li id=\"menu-item-9781\" class=\"menu-item menu-item-type-post_type menu-item-object-page menu-item-9781\"><a href=\"https:\/\/rubrails-tessilmare.com\/tr\/tekne-pruva-korkuluklari\/\">Tekne Pruva Korkuluklar\u0131<\/a><\/li>\n<li id=\"menu-item-9782\" class=\"menu-item menu-item-type-custom menu-item-object-custom menu-item-9782\"><a href=\"https:\/\/rubrails-tessilmare.com\/dock-rubber-edging\/\">Dock Rubber Edging<\/a><\/li>\n<li id=\"menu-item-9783\" class=\"menu-item menu-item-type-post_type menu-item-object-page menu-item-9783\"><a href=\"https:\/\/rubrails-tessilmare.com\/tr\/lastik-bot-iskelesi-tamponlari\/\">Lastik Bot \u0130skelesi Tamponlar\u0131<\/a><\/li>\n<li id=\"menu-item-9784\" class=\"menu-item menu-item-type-post_type menu-item-object-page menu-item-9784\"><a href=\"https:\/\/rubrails-tessilmare.com\/tr\/surtme-korkulugu\/\">S\u00fcrtme Korkulu\u011fu<\/a><\/li>\n<li id=\"menu-item-9785\" class=\"menu-item menu-item-type-post_type menu-item-object-page menu-item-9785\"><a href=\"https:\/\/rubrails-tessilmare.com\/tr\/kaucuk-iskele-tamponlari\/\">Kau\u00e7uk \u0130skele Tamponlar\u0131<\/a><\/li>\n<li id=\"menu-item-9786\" class=\"menu-item menu-item-type-post_type menu-item-object-page menu-item-9786\"><a href=\"https:\/\/rubrails-tessilmare.com\/tr\/lastik-bot-iskelesi-tamponlari\/\">Lastik Bot \u0130skelesi Tamponlar\u0131<\/a><\/li>\n<li id=\"menu-item-9787\" class=\"menu-item menu-item-type-post_type menu-item-object-page menu-item-9787\"><a href=\"https:\/\/rubrails-tessilmare.com\/tr\/tekne-tamponlari\/\">Tekne Tamponlar\u0131<\/a><\/li>\n<li id=\"menu-item-9788\" class=\"menu-item menu-item-type-post_type menu-item-object-page menu-item-9788\"><a href=\"https:\/\/rubrails-tessilmare.com\/tr\/iskele-kenari-tamponlari\/\">\u0130skele Kenar\u0131 Tamponlar\u0131<\/a><\/li>\n<li id=\"menu-item-9789\" class=\"menu-item menu-item-type-post_type menu-item-object-page menu-item-9789\"><a href=\"https:\/\/rubrails-tessilmare.com\/tr\/iskele-tampon-cozumleri\/\">\u0130skele Tampon \u00c7\u00f6z\u00fcmleri<\/a><\/li>\n<li id=\"menu-item-9790\" class=\"menu-item menu-item-type-post_type menu-item-object-page menu-item-9790\"><a href=\"https:\/\/rubrails-tessilmare.com\/tr\/tekne-tampon-korkulugu\/\">Tekne Tampon Korkulu\u011fu<\/a><\/li>\n<li id=\"menu-item-9791\" class=\"menu-item menu-item-type-post_type menu-item-object-page menu-item-9791\"><a href=\"https:\/\/rubrails-tessilmare.com\/tr\/tekne-iskelesi-kose-tamponlari\/\">Tekne \u0130skelesi K\u00f6\u015fe Tamponlar\u0131<\/a><\/li>\n<li id=\"menu-item-9792\" class=\"menu-item menu-item-type-post_type menu-item-object-page menu-item-9792\"><a href=\"https:\/\/rubrails-tessilmare.com\/tr\/deniz-tamponlari\/\">Deniz Tamponlar\u0131<\/a><\/li>\n<li id=\"menu-item-9793\" class=\"menu-item menu-item-type-post_type menu-item-object-page menu-item-9793\"><a href=\"https:\/\/rubrails-tessilmare.com\/tr\/tekne-yan-korkuluklari\/\">Tekne Yan Korkuluklar\u0131<\/a><\/li>\n<li id=\"menu-item-9797\" class=\"menu-item menu-item-type-post_type menu-item-object-page menu-item-9797\"><a href=\"https:\/\/rubrails-tessilmare.com\/tr\/iskele-kenari\/\">\u0130skele Kenar\u0131<\/a><\/li>\n<li id=\"menu-item-9798\" class=\"menu-item menu-item-type-post_type menu-item-object-page menu-item-9798\"><a href=\"https:\/\/rubrails-tessilmare.com\/tr\/bino-dock-rub-raydi\/\">Bino-Dock Rub Rayd\u0131<\/a><\/li>\n<li id=\"menu-item-9799\" class=\"menu-item menu-item-type-post_type menu-item-object-page menu-item-9799\"><a href=\"https:\/\/rubrails-tessilmare.com\/tr\/kaucuk-bot-tamponlari\/\">Kau\u00e7uk Bot Tamponlar\u0131<\/a><\/li>\n<\/ul><\/div><span class=\"seperator extralight-border\"><\/span><\/section><\/div><\/p><\/div>\n","protected":false},"excerpt":{"rendered":"","protected":false},"author":1,"featured_media":0,"parent":7556,"menu_order":0,"comment_status":"closed","ping_status":"closed","template":"","meta":{"rank_math_lock_modified_date":false,"footnotes":""},"class_list":["post-7760","page","type-page","status-publish","hentry"],"_links":{"self":[{"href":"https:\/\/rubrails-tessilmare.com\/tr\/wp-json\/wp\/v2\/pages\/7760"}],"collection":[{"href":"https:\/\/rubrails-tessilmare.com\/tr\/wp-json\/wp\/v2\/pages"}],"about":[{"href":"https:\/\/rubrails-tessilmare.com\/tr\/wp-json\/wp\/v2\/types\/page"}],"author":[{"embeddable":true,"href":"https:\/\/rubrails-tessilmare.com\/tr\/wp-json\/wp\/v2\/users\/1"}],"replies":[{"embeddable":true,"href":"https:\/\/rubrails-tessilmare.com\/tr\/wp-json\/wp\/v2\/comments?post=7760"}],"version-history":[{"count":3,"href":"https:\/\/rubrails-tessilmare.com\/tr\/wp-json\/wp\/v2\/pages\/7760\/revisions"}],"predecessor-version":[{"id":8779,"href":"https:\/\/rubrails-tessilmare.com\/tr\/wp-json\/wp\/v2\/pages\/7760\/revisions\/8779"}],"up":[{"embeddable":true,"href":"https:\/\/rubrails-tessilmare.com\/tr\/wp-json\/wp\/v2\/pages\/7556"}],"wp:attachment":[{"href":"https:\/\/rubrails-tessilmare.com\/tr\/wp-json\/wp\/v2\/media?parent=7760"}],"curies":[{"name":"wp","href":"https:\/\/api.w.org\/{rel}","templated":true}]}}