{"id":8104,"date":"2017-11-28T15:39:20","date_gmt":"2017-11-28T14:39:20","guid":{"rendered":"https:\/\/rubrails-tessilmare.com\/tekne-tamponlari\/"},"modified":"2025-05-28T12:22:05","modified_gmt":"2025-05-28T10:22:05","slug":"tekne-tamponlari","status":"publish","type":"page","link":"https:\/\/rubrails-tessilmare.com\/tr\/tekne-tamponlari\/","title":{"rendered":"Tekne Tamponlar\u0131"},"content":{"rendered":"\n<style type=\"text\/css\" data-created_by=\"avia_inline_auto\" id=\"style-css-av-q6c3dm-80fb2c90d2dfdc4a0a873fa393d8e2bd\">\n.flex_column.av-q6c3dm-80fb2c90d2dfdc4a0a873fa393d8e2bd{\nborder-radius:0px 0px 0px 0px;\npadding:0px 0px 0px 0px;\n}\n<\/style>\n<div  class='flex_column av-q6c3dm-80fb2c90d2dfdc4a0a873fa393d8e2bd av_one_full  avia-builder-el-0  el_before_av_hr  avia-builder-el-first  first flex_column_div av-zero-column-padding  '     ><p>\n<style type=\"text\/css\" data-created_by=\"avia_inline_auto\" id=\"style-css-av-nipg6y-0400ffe137fd7345236964cc889c9149\">\n#top .av-special-heading.av-nipg6y-0400ffe137fd7345236964cc889c9149{\npadding-bottom:0;\n}\nbody .av-special-heading.av-nipg6y-0400ffe137fd7345236964cc889c9149 .av-special-heading-tag .heading-char{\nfont-size:25px;\n}\n.av-special-heading.av-nipg6y-0400ffe137fd7345236964cc889c9149 .av-subheading{\nfont-size:15px;\n}\n<\/style>\n<div  class='av-special-heading av-nipg6y-0400ffe137fd7345236964cc889c9149 av-special-heading-h1 blockquote modern-quote modern-centered  avia-builder-el-1  el_before_av_heading  avia-builder-el-first '><h1 class='av-special-heading-tag '  itemprop=\"headline\"  >TEKNE D\u00dc\u015eMEZLER\u0130<\/h1><div class=\"special-heading-border\"><div class=\"special-heading-inner-border\"><\/div><\/div><\/div><br \/>\n\n<style type=\"text\/css\" data-created_by=\"avia_inline_auto\" id=\"style-css-av-m6dp0q-f63c3debe70021880c8f33e9dfbf97a1\">\n#top .av-special-heading.av-m6dp0q-f63c3debe70021880c8f33e9dfbf97a1{\npadding-bottom:0;\nfont-size:20px;\n}\nbody .av-special-heading.av-m6dp0q-f63c3debe70021880c8f33e9dfbf97a1 .av-special-heading-tag .heading-char{\nfont-size:25px;\n}\n#top #wrap_all .av-special-heading.av-m6dp0q-f63c3debe70021880c8f33e9dfbf97a1 .av-special-heading-tag{\nfont-size:20px;\n}\n.av-special-heading.av-m6dp0q-f63c3debe70021880c8f33e9dfbf97a1 .av-subheading{\nfont-size:15px;\n}\n\n@media only screen and (min-width: 480px) and (max-width: 767px){ \n#top #wrap_all .av-special-heading.av-m6dp0q-f63c3debe70021880c8f33e9dfbf97a1 .av-special-heading-tag{\nfont-size:0.8em;\n}\n}\n\n@media only screen and (max-width: 479px){ \n#top #wrap_all .av-special-heading.av-m6dp0q-f63c3debe70021880c8f33e9dfbf97a1 .av-special-heading-tag{\nfont-size:0.8em;\n}\n}\n<\/style>\n<div  class='av-special-heading av-m6dp0q-f63c3debe70021880c8f33e9dfbf97a1 av-special-heading-h2 blockquote modern-quote modern-centered  avia-builder-el-2  el_after_av_heading  el_before_av_hr  av-inherit-size'><h2 class='av-special-heading-tag '  itemprop=\"headline\"  >TEKNEN\u0130Z \u0130\u00c7\u0130N EN Y\u00dcKSEK SEV\u0130YE DARBE KORUMASI<\/h2><div class=\"special-heading-border\"><div class=\"special-heading-inner-border\"><\/div><\/div><\/div><br \/>\n\n<style type=\"text\/css\" data-created_by=\"avia_inline_auto\" id=\"style-css-av-ka5uiy-8d172dfc04b0d650cd5d218e3abcfccf\">\n#top .hr.av-ka5uiy-8d172dfc04b0d650cd5d218e3abcfccf{\nmargin-top:5px;\nmargin-bottom:10px;\n}\n.hr.av-ka5uiy-8d172dfc04b0d650cd5d218e3abcfccf .hr-inner{\nwidth:7%;\nborder-color:#15354e;\n}\n<\/style>\n<div  class='hr av-ka5uiy-8d172dfc04b0d650cd5d218e3abcfccf hr-custom  avia-builder-el-3  el_after_av_heading  el_before_av_textblock  hr-center hr-icon-no'><span class='hr-inner inner-border-av-border-fat'><span class=\"hr-inner-style\"><\/span><\/span><\/div><br \/>\n<section  class='av_textblock_section av-ipedpm-3586bf1e754739e898e158adec87ca46 '   itemscope=\"itemscope\" itemtype=\"https:\/\/schema.org\/CreativeWork\" ><div class='avia_textblock'  itemprop=\"text\" ><div id=\"attachment_400\" style=\"width: 310px\" class=\"wp-caption alignright\"><a href=\"https:\/\/rubrails-tessilmare.com\/sphaera-stainless-steel-316l-bar-65\/\" target=\"_blank\" rel=\"noopener\"><img decoding=\"async\" aria-describedby=\"caption-attachment-400\" class=\"wp-image-400 size-medium lazyload\" title=\"Boat Bumpers SPHAERA 65\" data-src=\"https:\/\/rubrails-tessilmare.com\/wp-content\/uploads\/2017\/07\/SPHAERA_65-300x300.jpg\" alt=\"Boat Bumpers SPHAERA 65\" width=\"300\" height=\"300\" data-srcset=\"https:\/\/b1654183.smushcdn.com\/1654183\/wp-content\/uploads\/2017\/07\/SPHAERA_65-300x300.jpg?lossy=0&amp;strip=1&amp;webp=1 300w, https:\/\/b1654183.smushcdn.com\/1654183\/wp-content\/uploads\/2017\/07\/SPHAERA_65-80x80.jpg?lossy=0&amp;strip=1&amp;webp=1 80w, https:\/\/b1654183.smushcdn.com\/1654183\/wp-content\/uploads\/2017\/07\/SPHAERA_65-768x768.jpg?lossy=0&amp;strip=1&amp;webp=1 768w, https:\/\/b1654183.smushcdn.com\/1654183\/wp-content\/uploads\/2017\/07\/SPHAERA_65-36x36.jpg?lossy=0&amp;strip=1&amp;webp=1 36w, https:\/\/b1654183.smushcdn.com\/1654183\/wp-content\/uploads\/2017\/07\/SPHAERA_65-180x180.jpg?lossy=0&amp;strip=1&amp;webp=1 180w, https:\/\/b1654183.smushcdn.com\/1654183\/wp-content\/uploads\/2017\/07\/SPHAERA_65-705x705.jpg?lossy=0&amp;strip=1&amp;webp=1 705w, https:\/\/b1654183.smushcdn.com\/1654183\/wp-content\/uploads\/2017\/07\/SPHAERA_65-120x120.jpg?lossy=0&amp;strip=1&amp;webp=1 120w, https:\/\/b1654183.smushcdn.com\/1654183\/wp-content\/uploads\/2017\/07\/SPHAERA_65-450x450.jpg?lossy=0&amp;strip=1&amp;webp=1 450w, https:\/\/b1654183.smushcdn.com\/1654183\/wp-content\/uploads\/2017\/07\/SPHAERA_65.jpg?lossy=0&amp;strip=1&amp;webp=1 1000w\" data-sizes=\"(max-width: 300px) 100vw, 300px\" src=\"data:image\/gif;base64,R0lGODlhAQABAAAAACH5BAEKAAEALAAAAAABAAEAAAICTAEAOw==\" style=\"--smush-placeholder-width: 300px; --smush-placeholder-aspect-ratio: 300\/300;\" \/><noscript><img decoding=\"async\" aria-describedby=\"caption-attachment-400\" class=\"wp-image-400 size-medium\" title=\"Boat Bumpers SPHAERA 65\" src=\"https:\/\/rubrails-tessilmare.com\/wp-content\/uploads\/2017\/07\/SPHAERA_65-300x300.jpg\" alt=\"Boat Bumpers SPHAERA 65\" width=\"300\" height=\"300\" srcset=\"https:\/\/b1654183.smushcdn.com\/1654183\/wp-content\/uploads\/2017\/07\/SPHAERA_65-300x300.jpg?lossy=0&amp;strip=1&amp;webp=1 300w, https:\/\/b1654183.smushcdn.com\/1654183\/wp-content\/uploads\/2017\/07\/SPHAERA_65-80x80.jpg?lossy=0&amp;strip=1&amp;webp=1 80w, https:\/\/b1654183.smushcdn.com\/1654183\/wp-content\/uploads\/2017\/07\/SPHAERA_65-768x768.jpg?lossy=0&amp;strip=1&amp;webp=1 768w, https:\/\/b1654183.smushcdn.com\/1654183\/wp-content\/uploads\/2017\/07\/SPHAERA_65-36x36.jpg?lossy=0&amp;strip=1&amp;webp=1 36w, https:\/\/b1654183.smushcdn.com\/1654183\/wp-content\/uploads\/2017\/07\/SPHAERA_65-180x180.jpg?lossy=0&amp;strip=1&amp;webp=1 180w, https:\/\/b1654183.smushcdn.com\/1654183\/wp-content\/uploads\/2017\/07\/SPHAERA_65-705x705.jpg?lossy=0&amp;strip=1&amp;webp=1 705w, https:\/\/b1654183.smushcdn.com\/1654183\/wp-content\/uploads\/2017\/07\/SPHAERA_65-120x120.jpg?lossy=0&amp;strip=1&amp;webp=1 120w, https:\/\/b1654183.smushcdn.com\/1654183\/wp-content\/uploads\/2017\/07\/SPHAERA_65-450x450.jpg?lossy=0&amp;strip=1&amp;webp=1 450w, https:\/\/b1654183.smushcdn.com\/1654183\/wp-content\/uploads\/2017\/07\/SPHAERA_65.jpg?lossy=0&amp;strip=1&amp;webp=1 1000w\" sizes=\"(max-width: 300px) 100vw, 300px\" \/><\/noscript><\/a><p id=\"caption-attachment-400\" class=\"wp-caption-text\">Boat Bumpers SPHAERA 65<\/p>\n<p style=\"text-align: center;\"><a class=\"CTAModels\" style=\"background-color: #15354e; color: white; padding: 5px; font-weight: bold;\" href=\"#av-masonry-1\">T\u00dcM TEKNE D\u0130NG\u0130LLER\u0130N\u0130 G\u00d6R\u00dcNT\u00dcLE<\/a><\/p>\n<p><\/p><\/div>\n<p>Her tekneye koruma sa\u011flamak i\u00e7in tasarlanm\u0131\u015f <strong>tekne dingilleri<\/strong>, <strong>\u00e7arpma veya demir alma durumunda en iyi \u00e7\u00f6z\u00fcmd\u00fcr<\/strong>, ancak sadece bununla kalmaz. M\u00fckemmel tekne dingili, <strong>g\u00f6vde-k\u0131\u00e7 aras\u0131n\u0131n m\u00fckemmel bir s\u0131zd\u0131rmazl\u0131\u011f\u0131<\/strong> olmal\u0131 ve ayn\u0131 zamanda <strong>fiberglas birle\u015fimini g\u00fc\u00e7lendirme<\/strong> yolu olmal\u0131d\u0131r.<\/p>\n<p><a title=\"Tessilmare\" href=\"https:\/\/www.tessilmare.com\/en\/\" target=\"_blank\" rel=\"noopener\"><strong>Tessilmare<\/strong><\/a>, <strong>tekne dingili profilleri \u00fcretiminde<\/strong> d\u00fcnya lideri, geni\u015f bir dingil \u00e7\u00f6z\u00fcmleri ve \u00fcr\u00fcn yelpazesi ile <strong>tekneniz i\u00e7in en y\u00fcksek koruma seviyesini<\/strong> sunar. Yenilik\u00e7i uluslararas\u0131 patentleri ve kolay montaj\u0131 sayesinde, eski tekne dingillerinizi birka\u00e7 kolay ve h\u0131zl\u0131 ad\u0131mda de\u011fi\u015ftirebileceksiniz.<\/p>\n<h4><\/h4>\n<h3>Farkl\u0131 ihtiya\u00e7lar i\u00e7in farkl\u0131 modeller<\/h3>\n<p>Her boyutta ve d\u00f6nemdeki tekneler i\u00e7in tasarlan\u0131p \u00fcretilen Tessilmare tekne dingilleri, bir\u00e7ok uygulamaya uyacak \u015fekilde farkl\u0131 \u015fekil ve boyutlarda gelir. Her model i\u00e7in bir tane olmak \u00fczere <strong>5 farkl\u0131 uluslararas\u0131 patentle<\/strong> korunmakta olup, Box-junction tekneler i\u00e7in uygundurlar.<\/p>\n<p><strong><a title=\"Boat Bumpers Sphaera\" href=\"https:\/\/rubrails-tessilmare.com\/tr\/boat-rub-rails\/sphaera-boat-rub-rails\/\">Sphaera<\/a><\/strong>, esnek, hafif ama ola\u011fan\u00fcst\u00fc g\u00fc\u00e7l\u00fc, y\u00fcksek teknik performans\u0131 m\u00fckemmel kalite ve tasar\u0131mla birle\u015ftiren \u00e7ok yenilik\u00e7i bir dingil profilidir. <strong><a title=\"Boat Bumpers Radial\" href=\"https:\/\/rubrails-tessilmare.com\/tr\/boat-rub-rails\/radyal\/\">Radial<\/a><\/strong>, h\u0131zl\u0131 ve kolay montaj\u0131 ile dingil profillerinin <strong>montaj\u0131nda devrim yaratm\u0131\u015ft\u0131r<\/strong>, \u00e7\u00fcnk\u00fc sadece birka\u00e7 ad\u0131mda so\u011fuk montaj yap\u0131labilir. <strong><a title=\"Bino Boat Bumpers\" href=\"https:\/\/rubrails-tessilmare.com\/tr\/boat-rub-rails\/bino\/\">Bino<\/a><\/strong> ve <strong><a title=\"Bumper boat rub rails\" href=\"https:\/\/rubrails-tessilmare.com\/tr\/boat-rub-rails\/tampon\/\">Bumper<\/a><\/strong>, \u00e7ok esnek ve par\u00e7alara ayr\u0131lm\u0131\u015f olup, \u00f6zellikle askeri ve ticari tekneler ile yolcu ta\u015f\u0131ma tekneleri i\u00e7in uygundur. Son olarak, <strong><a title=\"Binox Boat Bumpers\" href=\"https:\/\/rubrails-tessilmare.com\/tr\/boat-rub-rails\/binox\/\">Binox<\/a><\/strong>, Tessilmare\u2019nin en yeni dingil profili olup, vidalar olmadan do\u011frudan 75 mm PVC tabana bas\u0131n\u00e7la monte edilen ilk paslanmaz \u00e7elik dingil profilidir.<\/p>\n<h3>Tessilmare tekne dingillerinden neden faydalanmal\u0131s\u0131n\u0131z<\/h3>\n<p>Yarat\u0131c\u0131l\u0131k, ileri teknoloji ve yenilik, tasar\u0131m ve stile dikkat: Tessilmare, m\u00fckemmelli\u011fi ve birinci s\u0131n\u0131f \u00fcr\u00fcnleri ile \u00f6ne \u00e7\u0131kar, <strong>tamamen \u0130talya\u2019da tasarlan\u0131p \u00fcretilmi\u015ftir<\/strong>.<\/p>\n<p>Yenilik\u00e7i uluslararas\u0131 patentler ve malzeme kalitesi ile montaj s\u00fcrecindeki inan\u0131lmaz yenilik, h\u0131zl\u0131 ve kolay montaj ile \u00f6m\u00fcr boyu garanti sa\u011flar, bu da Tessilmare tekne dingillerini <strong>denizcilik d\u00fcnyas\u0131nda ger\u00e7ek bir<\/strong> <strong>devrimsel \u00fcr\u00fcn<\/strong> yapar.<\/p>\n<div style=\"width: 560px\" class=\"wp-caption aligncenter\"><a href=\"https:\/\/rubrails-tessilmare.com\/wp-content\/uploads\/2017\/07\/SPH_endcup2-1-1030x773.jpg\"><img decoding=\"async\" class=\"size-medium lazyload\" data-src=\"https:\/\/rubrails-tessilmare.com\/wp-content\/uploads\/2017\/07\/SPH_endcup2-1-1030x773.jpg\" alt=\"Boat with SPHAERA STAINLESS STEEL 316L BAR 65\" width=\"1030\" height=\"773\" src=\"data:image\/gif;base64,R0lGODlhAQABAAAAACH5BAEKAAEALAAAAAABAAEAAAICTAEAOw==\" style=\"--smush-placeholder-width: 1030px; --smush-placeholder-aspect-ratio: 1030\/773;\" \/><noscript><img decoding=\"async\" class=\"size-medium\" src=\"https:\/\/rubrails-tessilmare.com\/wp-content\/uploads\/2017\/07\/SPH_endcup2-1-1030x773.jpg\" alt=\"Boat with SPHAERA STAINLESS STEEL 316L BAR 65\" width=\"1030\" height=\"773\" \/><\/noscript><\/a><p class=\"wp-caption-text\">SPHAERA STAINLESS STEEL 316L BAR 65 ile Tekne<\/p><\/div>\n<\/div><\/section><\/p><\/div>\n\n<style type=\"text\/css\" data-created_by=\"avia_inline_auto\" id=\"style-css-av-hptqbe-366e6a71eaecd21e4849fb0c78dedb0d\">\n#top .hr.hr-invisible.av-hptqbe-366e6a71eaecd21e4849fb0c78dedb0d{\nheight:5px;\n}\n<\/style>\n<div  class='hr av-hptqbe-366e6a71eaecd21e4849fb0c78dedb0d hr-invisible  avia-builder-el-5  el_after_av_one_full  el_before_av_one_full '><span class='hr-inner '><span class=\"hr-inner-style\"><\/span><\/span><\/div>\n\n<style type=\"text\/css\" data-created_by=\"avia_inline_auto\" id=\"style-css-av-gi4asq-8bbe3e30d3f95998769d213f8d65d1fd\">\n.flex_column.av-gi4asq-8bbe3e30d3f95998769d213f8d65d1fd{\nborder-radius:0px 0px 0px 0px;\npadding:0px 0px 0px 0px;\n}\n<\/style>\n<div  class='flex_column av-gi4asq-8bbe3e30d3f95998769d213f8d65d1fd av_one_full  avia-builder-el-6  el_after_av_hr  el_before_av_hr  first flex_column_div av-zero-column-padding  '     ><div id='av-masonry-1' class='av-masonry av-duf30q-63e71359f9301835497c402b7d2eb062 noHover av-fixed-size av-1px-gap av-hover-overlay-active av-masonry-animation-active av-masonry-col-3 av-caption-on-hover av-caption-style-overlay av-masonry-gallery av-medium-columns-overwrite av-medium-columns-3 av-orientation-square ' data-post_id=\"8104\"><div class=\"av-masonry-container isotope av-js-disabled\"><div class='av-masonry-entry isotope-item av-masonry-item-no-image '><\/div><a href=\"https:\/\/rubrails-tessilmare.com\/tr\/sphaera-paslanmaz-celik-316l-cubuk-50\/\" aria-label=\"image SPHAERA_50\" id=\"av-masonry-1-item-8888\" data-av-masonry-item=\"8888\" class=\"av-masonry-entry isotope-item post-8888 attachment type-attachment status-inherit hentry  av-masonry-item-with-image\" title=\"SPHAERA_50\" alt=\"\" data-av-masonry-custom-link=\"https:\/\/rubrails-tessilmare.com\/tr\/sphaera-paslanmaz-celik-316l-cubuk-50\/\" itemprop=\"thumbnailUrl\"><div class='av-inner-masonry-sizer'><\/div><figure class='av-inner-masonry main_color'><div class=\"av-masonry-outerimage-container\"><div class='av-masonry-image-container lazyload' style=\"background-image:inherit;\"  title=\"SPHAERA_50\"  data-bg-image=\"url(https:\/\/rubrails-tessilmare.com\/wp-content\/uploads\/2017\/07\/SPHAERA_50-705x705.jpg)\"><\/div><\/div><figcaption class='av-inner-masonry-content site-background'><div class='av-inner-masonry-content-pos'><div class='av-inner-masonry-content-pos-content'><div class='avia-arrow'><\/div><div class='av-masonry-entry-content entry-content'  itemprop=\"text\" >SPHAERA STAINLESS STEEL 316L BAR 50<\/div><\/div><\/div><\/figcaption><\/figure><\/a><!--end av-masonry entry--><a href=\"https:\/\/rubrails-tessilmare.com\/tr\/sphaera-paslanmaz-celik-316l-cubuk-65\/\" aria-label=\"image Boat Bumpers SPHAERA 65\" id=\"av-masonry-1-item-7840\" data-av-masonry-item=\"7840\" class=\"av-masonry-entry isotope-item post-7840 attachment type-attachment status-inherit hentry  av-masonry-item-with-image\" title=\"Boat Bumpers SPHAERA 65\" alt=\"\" data-av-masonry-custom-link=\"https:\/\/rubrails-tessilmare.com\/tr\/sphaera-paslanmaz-celik-316l-cubuk-65\/\" itemprop=\"thumbnailUrl\"><div class='av-inner-masonry-sizer'><\/div><figure class='av-inner-masonry main_color'><div class=\"av-masonry-outerimage-container\"><div class='av-masonry-image-container lazyload' style=\"background-image:inherit;\"  title=\"Boat Bumpers SPHAERA 65\"  data-bg-image=\"url(https:\/\/rubrails-tessilmare.com\/wp-content\/uploads\/2017\/07\/SPHAERA_65-705x705.jpg)\"><\/div><\/div><figcaption class='av-inner-masonry-content site-background'><div class='av-inner-masonry-content-pos'><div class='av-inner-masonry-content-pos-content'><div class='avia-arrow'><\/div><div class='av-masonry-entry-content entry-content'  itemprop=\"text\" >SPHAERA STAINLESS STEEL 316L BAR 65<\/div><\/div><\/div><\/figcaption><\/figure><\/a><!--end av-masonry entry--><\/div><\/div><\/div>\n<div  class='hr av-1amq1m-6c9f9d5ab9a2d54144eb90e69007c7de hr-default  avia-builder-el-8  el_after_av_one_full  el_before_av_one_full '><span class='hr-inner '><span class=\"hr-inner-style\"><\/span><\/span><\/div>\n\n<style type=\"text\/css\" data-created_by=\"avia_inline_auto\" id=\"style-css-av-arztga-d0336ee24681d014c5305e1835ef085b\">\n.flex_column.av-arztga-d0336ee24681d014c5305e1835ef085b{\nborder-radius:0px 0px 0px 0px;\npadding:20px 20px 20px 20px;\nbackground-color:#efeff0;\n}\n<\/style>\n<div  class='flex_column av-arztga-d0336ee24681d014c5305e1835ef085b av_one_full  avia-builder-el-9  el_after_av_hr  el_before_av_hr  first flex_column_div  '     ><\/div><div  class='hr av-s1s96-922376f7c7b84ade17506c2d55f1098c hr-default  avia-builder-el-11  el_after_av_one_full  el_before_av_one_full '><span class='hr-inner '><span class=\"hr-inner-style\"><\/span><\/span><\/div><\/p>\n\n<style type=\"text\/css\" data-created_by=\"avia_inline_auto\" id=\"style-css-av-6jc9y2-ffeafc2a1c4e8c4c543245a24cf7b21b\">\n.flex_column.av-6jc9y2-ffeafc2a1c4e8c4c543245a24cf7b21b{\nborder-radius:0px 0px 0px 0px;\n}\n<\/style>\n<div  class='flex_column av-6jc9y2-ffeafc2a1c4e8c4c543245a24cf7b21b av_one_full  avia-builder-el-12  el_after_av_hr  avia-builder-el-last  first flex_column_div  '     ><p>\n<style type=\"text\/css\" data-created_by=\"avia_inline_auto\" id=\"style-css-av-3m1rm2-6c40e3dc903d7009226269eaea730069\">\n#top .av-special-heading.av-3m1rm2-6c40e3dc903d7009226269eaea730069{\npadding-bottom:10px;\n}\nbody .av-special-heading.av-3m1rm2-6c40e3dc903d7009226269eaea730069 .av-special-heading-tag .heading-char{\nfont-size:25px;\n}\n.av-special-heading.av-3m1rm2-6c40e3dc903d7009226269eaea730069 .av-subheading{\nfont-size:15px;\n}\n<\/style>\n<div  class='av-special-heading av-3m1rm2-6c40e3dc903d7009226269eaea730069 av-special-heading-h3 blockquote modern-quote  avia-builder-el-13  el_before_av_sidebar  avia-builder-el-first '><h3 class='av-special-heading-tag '  itemprop=\"headline\"  >Di\u011fer \u00f6zel i\u00e7erik<\/h3><div class=\"special-heading-border\"><div class=\"special-heading-inner-border\"><\/div><\/div><\/div><br \/>\n<div  class='avia-builder-widget-area clearfix  avia-builder-el-14  el_after_av_heading  avia-builder-el-last '><section id=\"nav_menu-6\" class=\"widget clearfix widget_nav_menu\"><div class=\"menu-menu-pagine-tag-turkish-container\"><ul id=\"menu-menu-pagine-tag-turkish\" class=\"menu\"><li id=\"menu-item-9776\" class=\"menu-item menu-item-type-post_type menu-item-object-page menu-item-9776\"><a href=\"https:\/\/rubrails-tessilmare.com\/tr\/surtme-rayi-kiti\/\">S\u00fcrtme Ray\u0131 Kiti<\/a><\/li>\n<li id=\"menu-item-9777\" class=\"menu-item menu-item-type-post_type menu-item-object-page menu-item-9777\"><a href=\"https:\/\/rubrails-tessilmare.com\/tr\/rub-rail-montaji\/\">Rub Rail Montaj\u0131<\/a><\/li>\n<li id=\"menu-item-9778\" class=\"menu-item menu-item-type-post_type menu-item-object-page menu-item-9778\"><a href=\"https:\/\/rubrails-tessilmare.com\/tr\/dikey-rihtim-tamponlari\/\">Dikey R\u0131ht\u0131m Tamponlar\u0131<\/a><\/li>\n<li id=\"menu-item-9779\" class=\"menu-item menu-item-type-post_type menu-item-object-page menu-item-9779\"><a href=\"https:\/\/rubrails-tessilmare.com\/tr\/tekne-yat-kic-koruyucu\/\">Tekne Yat K\u0131\u00e7 Koruyucu<\/a><\/li>\n<li id=\"menu-item-9780\" class=\"menu-item menu-item-type-post_type menu-item-object-page menu-item-9780\"><a href=\"https:\/\/rubrails-tessilmare.com\/tr\/tekne-tamponlari-2\/\">Tekne tamponlar\u0131<\/a><\/li>\n<li id=\"menu-item-9781\" class=\"menu-item menu-item-type-post_type menu-item-object-page menu-item-9781\"><a href=\"https:\/\/rubrails-tessilmare.com\/tr\/tekne-pruva-korkuluklari\/\">Tekne Pruva Korkuluklar\u0131<\/a><\/li>\n<li id=\"menu-item-9782\" class=\"menu-item menu-item-type-custom menu-item-object-custom menu-item-9782\"><a href=\"https:\/\/rubrails-tessilmare.com\/dock-rubber-edging\/\">Dock Rubber Edging<\/a><\/li>\n<li id=\"menu-item-9783\" class=\"menu-item menu-item-type-post_type menu-item-object-page menu-item-9783\"><a href=\"https:\/\/rubrails-tessilmare.com\/tr\/lastik-bot-iskelesi-tamponlari\/\">Lastik Bot \u0130skelesi Tamponlar\u0131<\/a><\/li>\n<li id=\"menu-item-9784\" class=\"menu-item menu-item-type-post_type menu-item-object-page menu-item-9784\"><a href=\"https:\/\/rubrails-tessilmare.com\/tr\/surtme-korkulugu\/\">S\u00fcrtme Korkulu\u011fu<\/a><\/li>\n<li id=\"menu-item-9785\" class=\"menu-item menu-item-type-post_type menu-item-object-page menu-item-9785\"><a href=\"https:\/\/rubrails-tessilmare.com\/tr\/kaucuk-iskele-tamponlari\/\">Kau\u00e7uk \u0130skele Tamponlar\u0131<\/a><\/li>\n<li id=\"menu-item-9786\" class=\"menu-item menu-item-type-post_type menu-item-object-page menu-item-9786\"><a href=\"https:\/\/rubrails-tessilmare.com\/tr\/lastik-bot-iskelesi-tamponlari\/\">Lastik Bot \u0130skelesi Tamponlar\u0131<\/a><\/li>\n<li id=\"menu-item-9787\" class=\"menu-item menu-item-type-post_type menu-item-object-page menu-item-9787\"><a href=\"https:\/\/rubrails-tessilmare.com\/tr\/tekne-tamponlari\/\">Tekne Tamponlar\u0131<\/a><\/li>\n<li id=\"menu-item-9788\" class=\"menu-item menu-item-type-post_type menu-item-object-page menu-item-9788\"><a href=\"https:\/\/rubrails-tessilmare.com\/tr\/iskele-kenari-tamponlari\/\">\u0130skele Kenar\u0131 Tamponlar\u0131<\/a><\/li>\n<li id=\"menu-item-9789\" class=\"menu-item menu-item-type-post_type menu-item-object-page menu-item-9789\"><a href=\"https:\/\/rubrails-tessilmare.com\/tr\/iskele-tampon-cozumleri\/\">\u0130skele Tampon \u00c7\u00f6z\u00fcmleri<\/a><\/li>\n<li id=\"menu-item-9790\" class=\"menu-item menu-item-type-post_type menu-item-object-page menu-item-9790\"><a href=\"https:\/\/rubrails-tessilmare.com\/tr\/tekne-tampon-korkulugu\/\">Tekne Tampon Korkulu\u011fu<\/a><\/li>\n<li id=\"menu-item-9791\" class=\"menu-item menu-item-type-post_type menu-item-object-page menu-item-9791\"><a href=\"https:\/\/rubrails-tessilmare.com\/tr\/tekne-iskelesi-kose-tamponlari\/\">Tekne \u0130skelesi K\u00f6\u015fe Tamponlar\u0131<\/a><\/li>\n<li id=\"menu-item-9792\" class=\"menu-item menu-item-type-post_type menu-item-object-page menu-item-9792\"><a href=\"https:\/\/rubrails-tessilmare.com\/tr\/deniz-tamponlari\/\">Deniz Tamponlar\u0131<\/a><\/li>\n<li id=\"menu-item-9793\" class=\"menu-item menu-item-type-post_type menu-item-object-page menu-item-9793\"><a href=\"https:\/\/rubrails-tessilmare.com\/tr\/tekne-yan-korkuluklari\/\">Tekne Yan Korkuluklar\u0131<\/a><\/li>\n<li id=\"menu-item-9797\" class=\"menu-item menu-item-type-post_type menu-item-object-page menu-item-9797\"><a href=\"https:\/\/rubrails-tessilmare.com\/tr\/iskele-kenari\/\">\u0130skele Kenar\u0131<\/a><\/li>\n<li id=\"menu-item-9798\" class=\"menu-item menu-item-type-post_type menu-item-object-page menu-item-9798\"><a href=\"https:\/\/rubrails-tessilmare.com\/tr\/bino-dock-rub-raydi\/\">Bino-Dock Rub Rayd\u0131<\/a><\/li>\n<li id=\"menu-item-9799\" class=\"menu-item menu-item-type-post_type menu-item-object-page menu-item-9799\"><a href=\"https:\/\/rubrails-tessilmare.com\/tr\/kaucuk-bot-tamponlari\/\">Kau\u00e7uk Bot Tamponlar\u0131<\/a><\/li>\n<\/ul><\/div><span class=\"seperator extralight-border\"><\/span><\/section><\/div><\/p><\/div>\n","protected":false},"excerpt":{"rendered":"","protected":false},"author":1,"featured_media":0,"parent":0,"menu_order":0,"comment_status":"closed","ping_status":"closed","template":"","meta":{"rank_math_lock_modified_date":false,"footnotes":""},"class_list":["post-8104","page","type-page","status-publish","hentry"],"_links":{"self":[{"href":"https:\/\/rubrails-tessilmare.com\/tr\/wp-json\/wp\/v2\/pages\/8104"}],"collection":[{"href":"https:\/\/rubrails-tessilmare.com\/tr\/wp-json\/wp\/v2\/pages"}],"about":[{"href":"https:\/\/rubrails-tessilmare.com\/tr\/wp-json\/wp\/v2\/types\/page"}],"author":[{"embeddable":true,"href":"https:\/\/rubrails-tessilmare.com\/tr\/wp-json\/wp\/v2\/users\/1"}],"replies":[{"embeddable":true,"href":"https:\/\/rubrails-tessilmare.com\/tr\/wp-json\/wp\/v2\/comments?post=8104"}],"version-history":[{"count":1,"href":"https:\/\/rubrails-tessilmare.com\/tr\/wp-json\/wp\/v2\/pages\/8104\/revisions"}],"predecessor-version":[{"id":8107,"href":"https:\/\/rubrails-tessilmare.com\/tr\/wp-json\/wp\/v2\/pages\/8104\/revisions\/8107"}],"wp:attachment":[{"href":"https:\/\/rubrails-tessilmare.com\/tr\/wp-json\/wp\/v2\/media?parent=8104"}],"curies":[{"name":"wp","href":"https:\/\/api.w.org\/{rel}","templated":true}]}}