{"id":8254,"date":"2017-12-14T15:03:19","date_gmt":"2017-12-14T14:03:19","guid":{"rendered":"https:\/\/rubrails-tessilmare.com\/yuzer-iskele-parcalari\/"},"modified":"2025-05-28T12:35:21","modified_gmt":"2025-05-28T10:35:21","slug":"yuzer-iskele-parcalari","status":"publish","type":"page","link":"https:\/\/rubrails-tessilmare.com\/tr\/yuzer-iskele-parcalari\/","title":{"rendered":"Y\u00fczer \u0130skele Par\u00e7alar\u0131"},"content":{"rendered":"\n<style type=\"text\/css\" data-created_by=\"avia_inline_auto\" id=\"style-css-av-pju4j4-16ef35fbb57538c76beed3fd710c5cdf\">\n.flex_column.av-pju4j4-16ef35fbb57538c76beed3fd710c5cdf{\nborder-radius:0px 0px 0px 0px;\npadding:0px 0px 0px 0px;\n}\n<\/style>\n<div  class='flex_column av-pju4j4-16ef35fbb57538c76beed3fd710c5cdf av_one_full  avia-builder-el-0  el_before_av_hr  avia-builder-el-first  first flex_column_div av-zero-column-padding  '     ><p>\n<style type=\"text\/css\" data-created_by=\"avia_inline_auto\" id=\"style-css-av-o7wy1s-65085513f9e4ea827619403fe25343e1\">\n#top .av-special-heading.av-o7wy1s-65085513f9e4ea827619403fe25343e1{\npadding-bottom:0;\n}\nbody .av-special-heading.av-o7wy1s-65085513f9e4ea827619403fe25343e1 .av-special-heading-tag .heading-char{\nfont-size:25px;\n}\n.av-special-heading.av-o7wy1s-65085513f9e4ea827619403fe25343e1 .av-subheading{\nfont-size:15px;\n}\n<\/style>\n<div  class='av-special-heading av-o7wy1s-65085513f9e4ea827619403fe25343e1 av-special-heading-h1 blockquote modern-quote modern-centered  avia-builder-el-1  el_before_av_heading  avia-builder-el-first '><h1 class='av-special-heading-tag '  itemprop=\"headline\"  >Y\u00dcZEN \u0130SKELE PAR\u00c7ALARI<\/h1><div class=\"special-heading-border\"><div class=\"special-heading-inner-border\"><\/div><\/div><\/div><br \/>\n\n<style type=\"text\/css\" data-created_by=\"avia_inline_auto\" id=\"style-css-av-m0ckrk-e13bf8ba6846ab92579b823146340512\">\n#top .av-special-heading.av-m0ckrk-e13bf8ba6846ab92579b823146340512{\npadding-bottom:0;\nfont-size:20px;\n}\nbody .av-special-heading.av-m0ckrk-e13bf8ba6846ab92579b823146340512 .av-special-heading-tag .heading-char{\nfont-size:25px;\n}\n#top #wrap_all .av-special-heading.av-m0ckrk-e13bf8ba6846ab92579b823146340512 .av-special-heading-tag{\nfont-size:20px;\n}\n.av-special-heading.av-m0ckrk-e13bf8ba6846ab92579b823146340512 .av-subheading{\nfont-size:15px;\n}\n\n@media only screen and (min-width: 480px) and (max-width: 767px){ \n#top #wrap_all .av-special-heading.av-m0ckrk-e13bf8ba6846ab92579b823146340512 .av-special-heading-tag{\nfont-size:0.8em;\n}\n}\n\n@media only screen and (max-width: 479px){ \n#top #wrap_all .av-special-heading.av-m0ckrk-e13bf8ba6846ab92579b823146340512 .av-special-heading-tag{\nfont-size:0.8em;\n}\n}\n<\/style>\n<div  class='av-special-heading av-m0ckrk-e13bf8ba6846ab92579b823146340512 av-special-heading-h2 blockquote modern-quote modern-centered  avia-builder-el-2  el_after_av_heading  el_before_av_hr  av-inherit-size'><h2 class='av-special-heading-tag '  itemprop=\"headline\"  >\u0130SKELE\u0130N\u0130Z\u0130 TESSILMARE \u0130LE KORUYUN<\/h2><div class=\"special-heading-border\"><div class=\"special-heading-inner-border\"><\/div><\/div><\/div><br \/>\n\n<style type=\"text\/css\" data-created_by=\"avia_inline_auto\" id=\"style-css-av-l759jk-0f5cf7debbec6494ec5104ae26fd93f3\">\n#top .hr.av-l759jk-0f5cf7debbec6494ec5104ae26fd93f3{\nmargin-top:5px;\nmargin-bottom:10px;\n}\n.hr.av-l759jk-0f5cf7debbec6494ec5104ae26fd93f3 .hr-inner{\nwidth:7%;\nborder-color:#15354e;\n}\n<\/style>\n<div  class='hr av-l759jk-0f5cf7debbec6494ec5104ae26fd93f3 hr-custom  avia-builder-el-3  el_after_av_heading  el_before_av_textblock  hr-center hr-icon-no'><span class='hr-inner inner-border-av-border-fat'><span class=\"hr-inner-style\"><\/span><\/span><\/div><br \/>\n<section  class='av_textblock_section av-ju059s-42e3fc48e2fc2980b94e127fecc6fcf4 '   itemscope=\"itemscope\" itemtype=\"https:\/\/schema.org\/CreativeWork\" ><div class='avia_textblock'  itemprop=\"text\" ><div id=\"attachment_565\" style=\"width: 310px\" class=\"wp-caption alignright\"><a href=\"https:\/\/rubrails-tessilmare.com\/bumper-160\/\"><img decoding=\"async\" aria-describedby=\"caption-attachment-565\" class=\"wp-image-565 size-medium lazyload\" title=\"BUMPER 160: floating dock parts\" data-src=\"https:\/\/rubrails-tessilmare.com\/wp-content\/uploads\/2017\/07\/BUMPER_160_W-300x300.jpg\" alt=\"BUMPER 160: floating dock parts\" width=\"300\" height=\"300\" data-srcset=\"https:\/\/b1654183.smushcdn.com\/1654183\/wp-content\/uploads\/2017\/07\/BUMPER_160_W-300x300.jpg?lossy=0&amp;strip=1&amp;webp=1 300w, https:\/\/b1654183.smushcdn.com\/1654183\/wp-content\/uploads\/2017\/07\/BUMPER_160_W-80x80.jpg?lossy=0&amp;strip=1&amp;webp=1 80w, https:\/\/b1654183.smushcdn.com\/1654183\/wp-content\/uploads\/2017\/07\/BUMPER_160_W-768x768.jpg?lossy=0&amp;strip=1&amp;webp=1 768w, https:\/\/b1654183.smushcdn.com\/1654183\/wp-content\/uploads\/2017\/07\/BUMPER_160_W-36x36.jpg?lossy=0&amp;strip=1&amp;webp=1 36w, https:\/\/b1654183.smushcdn.com\/1654183\/wp-content\/uploads\/2017\/07\/BUMPER_160_W-180x180.jpg?lossy=0&amp;strip=1&amp;webp=1 180w, https:\/\/b1654183.smushcdn.com\/1654183\/wp-content\/uploads\/2017\/07\/BUMPER_160_W-705x705.jpg?lossy=0&amp;strip=1&amp;webp=1 705w, https:\/\/b1654183.smushcdn.com\/1654183\/wp-content\/uploads\/2017\/07\/BUMPER_160_W-120x120.jpg?lossy=0&amp;strip=1&amp;webp=1 120w, https:\/\/b1654183.smushcdn.com\/1654183\/wp-content\/uploads\/2017\/07\/BUMPER_160_W-450x450.jpg?lossy=0&amp;strip=1&amp;webp=1 450w, https:\/\/b1654183.smushcdn.com\/1654183\/wp-content\/uploads\/2017\/07\/BUMPER_160_W.jpg?lossy=0&amp;strip=1&amp;webp=1 1000w\" data-sizes=\"(max-width: 300px) 100vw, 300px\" src=\"data:image\/gif;base64,R0lGODlhAQABAAAAACH5BAEKAAEALAAAAAABAAEAAAICTAEAOw==\" style=\"--smush-placeholder-width: 300px; --smush-placeholder-aspect-ratio: 300\/300;\" \/><noscript><img decoding=\"async\" aria-describedby=\"caption-attachment-565\" class=\"wp-image-565 size-medium\" title=\"BUMPER 160: floating dock parts\" src=\"https:\/\/rubrails-tessilmare.com\/wp-content\/uploads\/2017\/07\/BUMPER_160_W-300x300.jpg\" alt=\"BUMPER 160: floating dock parts\" width=\"300\" height=\"300\" srcset=\"https:\/\/b1654183.smushcdn.com\/1654183\/wp-content\/uploads\/2017\/07\/BUMPER_160_W-300x300.jpg?lossy=0&amp;strip=1&amp;webp=1 300w, https:\/\/b1654183.smushcdn.com\/1654183\/wp-content\/uploads\/2017\/07\/BUMPER_160_W-80x80.jpg?lossy=0&amp;strip=1&amp;webp=1 80w, https:\/\/b1654183.smushcdn.com\/1654183\/wp-content\/uploads\/2017\/07\/BUMPER_160_W-768x768.jpg?lossy=0&amp;strip=1&amp;webp=1 768w, https:\/\/b1654183.smushcdn.com\/1654183\/wp-content\/uploads\/2017\/07\/BUMPER_160_W-36x36.jpg?lossy=0&amp;strip=1&amp;webp=1 36w, https:\/\/b1654183.smushcdn.com\/1654183\/wp-content\/uploads\/2017\/07\/BUMPER_160_W-180x180.jpg?lossy=0&amp;strip=1&amp;webp=1 180w, https:\/\/b1654183.smushcdn.com\/1654183\/wp-content\/uploads\/2017\/07\/BUMPER_160_W-705x705.jpg?lossy=0&amp;strip=1&amp;webp=1 705w, https:\/\/b1654183.smushcdn.com\/1654183\/wp-content\/uploads\/2017\/07\/BUMPER_160_W-120x120.jpg?lossy=0&amp;strip=1&amp;webp=1 120w, https:\/\/b1654183.smushcdn.com\/1654183\/wp-content\/uploads\/2017\/07\/BUMPER_160_W-450x450.jpg?lossy=0&amp;strip=1&amp;webp=1 450w, https:\/\/b1654183.smushcdn.com\/1654183\/wp-content\/uploads\/2017\/07\/BUMPER_160_W.jpg?lossy=0&amp;strip=1&amp;webp=1 1000w\" sizes=\"(max-width: 300px) 100vw, 300px\" \/><\/noscript><\/a><p id=\"caption-attachment-565\" class=\"wp-caption-text\">BUMPER 160: floating dock parts<\/p>\n<p style=\"text-align:center;\"><a href=\"#av-masonry-1\" style=\"background-color: #15354E;color:white;padding:5px;font-weight:bold\" class=\"CTAModels\">T\u00dcM Y\u00dcZEN \u0130SKELE PAR\u00c7ALARINI G\u00d6R\u00dcNT\u00dcLE<\/a><\/p>\n<p><\/p><\/div>\n<p>\u0130skele, deniz deneyiminizin ba\u015flad\u0131\u011f\u0131 yer oldu\u011fu i\u00e7in hayati bir unsurdur. \u0130skelelerinizi korumak ve geli\u015ftirmek, gemilerinizin ve su ta\u015f\u0131tlar\u0131n\u0131z\u0131n bak\u0131m\u0131n\u0131n en \u00f6nemli y\u00f6nlerinden biridir. Bu nedenle Tessilmare her zaman <strong>iskele ve tampon profillerine<\/strong> b\u00fcy\u00fck \u00f6nem vermi\u015ftir.<\/p>\n<p><strong>Y\u00fczen iskele par\u00e7alar\u0131<\/strong> ve iskele veya r\u0131ht\u0131m\u0131n\u0131z\u0131 korumak i\u00e7in \u00e7\u00f6z\u00fcmler mi ar\u0131yorsunuz? Yakla\u015f\u0131k bir as\u0131rl\u0131k deneyimi, <strong>birinci s\u0131n\u0131f \u00fcr\u00fcnleri<\/strong> ve orijinal patentleri ile <a title=\"Tessilmare\" href=\"https:\/\/www.tessilmare.com\/en\/\" target=\"_blank\" rel=\"noopener\"><strong>Tessilmare<\/strong><\/a>, denizcilik d\u00fcnyas\u0131nda uluslararas\u0131 alanda tan\u0131nan bir liderdir. Geni\u015f \u00e7\u00f6z\u00fcm yelpazesi, <strong>y\u00fczen iskele par\u00e7alar\u0131<\/strong> i\u00e7in de idealdir.<\/p>\n<h3><strong>\u0130skelenizi korumak i\u00e7in neden Tessilmare\u2019yi se\u00e7melisiniz<\/strong><\/h3>\n<p>Tessilmare\u2019nin iskele ve tampon profilleri \u00fcretimi, d\u0131\u015f etkenlere dayanacak ve hem teknenizi hem de iskeleyi m\u00fckemmel durumda tutacak \u015fekilde tasarlanm\u0131\u015ft\u0131r. Deniz uygulamalar\u0131 i\u00e7in tamponlar\u0131, iskele korumas\u0131 ve s\u00fcrt\u00fcnme raylar\u0131 ile teknenizi veya yat\u0131n\u0131z\u0131 f\u0131rt\u0131nalar, uzun g\u00fcne\u015f, r\u00fczgar ve sert deniz ko\u015fullar\u0131na kar\u015f\u0131 koruyabilirsiniz.<\/p>\n<p>Tessilmare, <strong>\u0130talya\u2019da tasarlanm\u0131\u015f ve \u00fcretilmi\u015f m\u00fckemmel \u00fcr\u00fcn se\u00e7kisi<\/strong>, yenilik\u00e7i, ileri teknoloji malzemeler ve teknolojilerle uluslararas\u0131 alanda \u00f6ne \u00e7\u0131kar. T\u00fcm \u00fcr\u00fcnler uluslararas\u0131 <strong>\u00f6zel patentlerle<\/strong> korunmakta ve <strong>\u00f6m\u00fcr boyu garantiye<\/strong> sahiptir.<\/p>\n<h3><strong>\u0130skeleniz i\u00e7in uzun \u00f6m\u00fcr ve dayan\u0131kl\u0131l\u0131k<\/strong><\/h3>\n<p><strong><a title=\"Bino boat rub rails\" href=\"https:\/\/rubrails-tessilmare.com\/tr\/boat-rub-rails\/bino\/\">Bino<\/a><\/strong> ve <strong><a title=\"Bumper boat rub rails\" href=\"https:\/\/rubrails-tessilmare.com\/tr\/boat-rub-rails\/tampon\/\">Bumper<\/a><\/strong>, Tessilmare taraf\u0131ndan iskele korumas\u0131 i\u00e7in sunulan mod\u00fcler se\u00e7eneklerdir: \u00f6zel form\u00fcle edilmi\u015f deniz PVC malzemesinden yap\u0131lm\u0131\u015f olup, her ikisi de a\u015f\u0131nmaya kar\u015f\u0131 son derece dayan\u0131kl\u0131d\u0131r, neredeyse hi\u00e7 bak\u0131m gerektirmez ve iskele veya teknenizde iz b\u0131rakmaz. Mod\u00fcler yap\u0131s\u0131 sayesinde y\u00fcksek darbeli hasar durumunda t\u00fcm tamponu de\u011fi\u015ftirmek yerine sadece hasar g\u00f6ren mod\u00fcl\u00fc de\u011fi\u015ftirmeniz yeterlidir; b\u00f6ylece hasarl\u0131 par\u00e7alar\u0131n de\u011fi\u015ftirilme s\u00fcresi ve maliyeti azal\u0131r.<\/p>\n<p>Daha fazla aramay\u0131n: ister tekne iskelesi korumas\u0131 eklemek isteyin ister ba\u015fka <strong>y\u00fczen iskele par\u00e7alar\u0131<\/strong>, Tessilmare ihtiya\u00e7lar\u0131n\u0131z i\u00e7in do\u011fru \u00e7\u00f6z\u00fcme sahiptir.<\/p>\n<\/div><\/section><\/p><\/div>\n\n<style type=\"text\/css\" data-created_by=\"avia_inline_auto\" id=\"style-css-av-h52ck0-a5530bc5978feb93c3703f31089ebe6b\">\n#top .hr.hr-invisible.av-h52ck0-a5530bc5978feb93c3703f31089ebe6b{\nheight:5px;\n}\n<\/style>\n<div  class='hr av-h52ck0-a5530bc5978feb93c3703f31089ebe6b hr-invisible  avia-builder-el-5  el_after_av_one_full  el_before_av_one_full '><span class='hr-inner '><span class=\"hr-inner-style\"><\/span><\/span><\/div>\n\n<style type=\"text\/css\" data-created_by=\"avia_inline_auto\" id=\"style-css-av-fxnf4g-0a2ac12cc362d24744d120db1e2383ae\">\n.flex_column.av-fxnf4g-0a2ac12cc362d24744d120db1e2383ae{\nborder-radius:0px 0px 0px 0px;\npadding:0px 0px 0px 0px;\n}\n<\/style>\n<div  class='flex_column av-fxnf4g-0a2ac12cc362d24744d120db1e2383ae av_one_full  avia-builder-el-6  el_after_av_hr  el_before_av_hr  first flex_column_div av-zero-column-padding  '     ><div id='av-masonry-1' class='av-masonry av-e9ga5c-07e29258251ddc4403677c2c3309c439 noHover av-fixed-size av-1px-gap av-hover-overlay-active av-masonry-animation-active av-masonry-col-3 av-caption-on-hover av-caption-style-overlay av-masonry-gallery av-medium-columns-overwrite av-medium-columns-3 av-orientation-square ' data-post_id=\"8254\"><div class=\"av-masonry-container isotope av-js-disabled\"><div class='av-masonry-entry isotope-item av-masonry-item-no-image '><\/div><a href=\"https:\/\/rubrails-tessilmare.com\/tr\/tampon-100\/\" aria-label=\"image BUMPER_100_B\" id=\"av-masonry-1-item-7987\" data-av-masonry-item=\"7987\" class=\"av-masonry-entry isotope-item post-7987 attachment type-attachment status-inherit hentry  av-masonry-item-with-image\" title=\"BUMPER_100_B\" alt=\"\" data-av-masonry-custom-link=\"https:\/\/rubrails-tessilmare.com\/tr\/tampon-100\/\" itemprop=\"thumbnailUrl\"><div class='av-inner-masonry-sizer'><\/div><figure class='av-inner-masonry main_color'><div class=\"av-masonry-outerimage-container\"><div class='av-masonry-image-container lazyload' style=\"background-image:inherit;\"  title=\"BUMPER_100_B\"  data-bg-image=\"url(https:\/\/rubrails-tessilmare.com\/wp-content\/uploads\/2017\/07\/BUMPER_100_B-705x705.jpg)\"><\/div><\/div><figcaption class='av-inner-masonry-content site-background'><div class='av-inner-masonry-content-pos'><div class='av-inner-masonry-content-pos-content'><div class='avia-arrow'><\/div><div class='av-masonry-entry-content entry-content'  itemprop=\"text\" >BUMPER 100<\/div><\/div><\/div><\/figcaption><\/figure><\/a><!--end av-masonry entry--><a href=\"https:\/\/rubrails-tessilmare.com\/tr\/bumper-125\/\" aria-label=\"image Boat Bumper Rail BUMPER 125 B (boat dock parts)\" id=\"av-masonry-1-item-8279\" data-av-masonry-item=\"8279\" class=\"av-masonry-entry isotope-item post-8279 attachment type-attachment status-inherit hentry  av-masonry-item-with-image\" title=\"Boat Bumper Rail BUMPER 125 B (boat dock parts)\" alt=\"\" data-av-masonry-custom-link=\"https:\/\/rubrails-tessilmare.com\/tr\/bumper-125\/\" itemprop=\"thumbnailUrl\"><div class='av-inner-masonry-sizer'><\/div><figure class='av-inner-masonry main_color'><div class=\"av-masonry-outerimage-container\"><div class='av-masonry-image-container lazyload' style=\"background-image:inherit;\"  title=\"Boat Bumper Rail BUMPER 125 B (boat dock parts)\"  data-bg-image=\"url(https:\/\/rubrails-tessilmare.com\/wp-content\/uploads\/2017\/07\/BUMPER_125_B-705x705.jpg)\"><\/div><\/div><figcaption class='av-inner-masonry-content site-background'><div class='av-inner-masonry-content-pos'><div class='av-inner-masonry-content-pos-content'><div class='avia-arrow'><\/div><div class='av-masonry-entry-content entry-content'  itemprop=\"text\" >BUMPER 125<\/div><\/div><\/div><\/figcaption><\/figure><\/a><!--end av-masonry entry--><a href=\"https:\/\/rubrails-tessilmare.com\/tr\/bumper-150\/\" aria-label=\"image BUMPER_150_B\" id=\"av-masonry-1-item-7818\" data-av-masonry-item=\"7818\" class=\"av-masonry-entry isotope-item post-7818 attachment type-attachment status-inherit hentry  av-masonry-item-with-image\" title=\"BUMPER_150_B\" alt=\"\" data-av-masonry-custom-link=\"https:\/\/rubrails-tessilmare.com\/tr\/bumper-150\/\" itemprop=\"thumbnailUrl\"><div class='av-inner-masonry-sizer'><\/div><figure class='av-inner-masonry main_color'><div class=\"av-masonry-outerimage-container\"><div class='av-masonry-image-container lazyload' style=\"background-image:inherit;\"  title=\"BUMPER_150_B\"  data-bg-image=\"url(https:\/\/rubrails-tessilmare.com\/wp-content\/uploads\/2017\/07\/BUMPER_150_B-705x705.jpg)\"><\/div><\/div><figcaption class='av-inner-masonry-content site-background'><div class='av-inner-masonry-content-pos'><div class='av-inner-masonry-content-pos-content'><div class='avia-arrow'><\/div><div class='av-masonry-entry-content entry-content'  itemprop=\"text\" >BUMPER 150<\/div><\/div><\/div><\/figcaption><\/figure><\/a><!--end av-masonry entry--><a href=\"https:\/\/rubrails-tessilmare.com\/tr\/tampon-160\/\" aria-label=\"image BUMPER_160_B\" id=\"av-masonry-1-item-9385\" data-av-masonry-item=\"9385\" class=\"av-masonry-entry isotope-item post-9385 attachment type-attachment status-inherit hentry  av-masonry-item-with-image\" title=\"BUMPER_160_B\" alt=\"BOAT BOW GUARD - BOAT DOCK BUMPER SOLUTIONS \/ BUMPER 160b (BOAT DOCK PARTS)\" data-av-masonry-custom-link=\"https:\/\/rubrails-tessilmare.com\/tr\/tampon-160\/\" itemprop=\"thumbnailUrl\"><div class='av-inner-masonry-sizer'><\/div><figure class='av-inner-masonry main_color'><div class=\"av-masonry-outerimage-container\"><div class='av-masonry-image-container lazyload' style=\"background-image:inherit;\"  title=\"BUMPER_160_B\"  data-bg-image=\"url(https:\/\/rubrails-tessilmare.com\/wp-content\/uploads\/2017\/07\/BUMPER_160_B-705x705.jpg)\"><\/div><\/div><figcaption class='av-inner-masonry-content site-background'><div class='av-inner-masonry-content-pos'><div class='av-inner-masonry-content-pos-content'><div class='avia-arrow'><\/div><div class='av-masonry-entry-content entry-content'  itemprop=\"text\" >BUMPER 160<\/div><\/div><\/div><\/figcaption><\/figure><\/a><!--end av-masonry entry--><\/div><\/div><\/div>\n<div  class='hr av-cpl6gg-7fbe1c655434529ead7a72debb73a5e6 hr-default  avia-builder-el-8  el_after_av_one_full  el_before_av_one_full '><span class='hr-inner '><span class=\"hr-inner-style\"><\/span><\/span><\/div>\n\n<style type=\"text\/css\" data-created_by=\"avia_inline_auto\" id=\"style-css-av-avdrzk-877a5fd5e714c9c25595e30230bb989a\">\n.flex_column.av-avdrzk-877a5fd5e714c9c25595e30230bb989a{\nborder-radius:0px 0px 0px 0px;\npadding:20px 20px 20px 20px;\nbackground-color:#efeff0;\n}\n<\/style>\n<div  class='flex_column av-avdrzk-877a5fd5e714c9c25595e30230bb989a av_one_full  avia-builder-el-9  el_after_av_hr  el_before_av_hr  first flex_column_div  '     ><\/div>\n<div  class='hr av-71fuu8-697eb7208de7a136e04ae6a9efd5bb5f hr-default  avia-builder-el-11  el_after_av_one_full  el_before_av_one_full '><span class='hr-inner '><span class=\"hr-inner-style\"><\/span><\/span><\/div>\n\n<style type=\"text\/css\" data-created_by=\"avia_inline_auto\" id=\"style-css-av-64k33k-ee88eb3b6908ab15c7f6e59955bc38cf\">\n.flex_column.av-64k33k-ee88eb3b6908ab15c7f6e59955bc38cf{\nborder-radius:0px 0px 0px 0px;\n}\n<\/style>\n<div  class='flex_column av-64k33k-ee88eb3b6908ab15c7f6e59955bc38cf av_one_full  avia-builder-el-12  el_after_av_hr  avia-builder-el-last  first flex_column_div  '     ><p>\n<style type=\"text\/css\" data-created_by=\"avia_inline_auto\" id=\"style-css-av-hrmqo-b6106a7e9cad8c51dab52cf0fb3f5174\">\n#top .av-special-heading.av-hrmqo-b6106a7e9cad8c51dab52cf0fb3f5174{\npadding-bottom:10px;\n}\nbody .av-special-heading.av-hrmqo-b6106a7e9cad8c51dab52cf0fb3f5174 .av-special-heading-tag .heading-char{\nfont-size:25px;\n}\n.av-special-heading.av-hrmqo-b6106a7e9cad8c51dab52cf0fb3f5174 .av-subheading{\nfont-size:15px;\n}\n<\/style>\n<div  class='av-special-heading av-hrmqo-b6106a7e9cad8c51dab52cf0fb3f5174 av-special-heading-h3 blockquote modern-quote  avia-builder-el-13  el_before_av_sidebar  avia-builder-el-first '><h3 class='av-special-heading-tag '  itemprop=\"headline\"  >Di\u011fer \u00f6zel i\u00e7erik<\/h3><div class=\"special-heading-border\"><div class=\"special-heading-inner-border\"><\/div><\/div><\/div><br \/>\n<div  class='avia-builder-widget-area clearfix  avia-builder-el-14  el_after_av_heading  avia-builder-el-last '><section id=\"nav_menu-6\" class=\"widget clearfix widget_nav_menu\"><div class=\"menu-menu-pagine-tag-turkish-container\"><ul id=\"menu-menu-pagine-tag-turkish\" class=\"menu\"><li id=\"menu-item-9776\" class=\"menu-item menu-item-type-post_type menu-item-object-page menu-item-9776\"><a href=\"https:\/\/rubrails-tessilmare.com\/tr\/surtme-rayi-kiti\/\">S\u00fcrtme Ray\u0131 Kiti<\/a><\/li>\n<li id=\"menu-item-9777\" class=\"menu-item menu-item-type-post_type menu-item-object-page menu-item-9777\"><a href=\"https:\/\/rubrails-tessilmare.com\/tr\/rub-rail-montaji\/\">Rub Rail Montaj\u0131<\/a><\/li>\n<li id=\"menu-item-9778\" class=\"menu-item menu-item-type-post_type menu-item-object-page menu-item-9778\"><a href=\"https:\/\/rubrails-tessilmare.com\/tr\/dikey-rihtim-tamponlari\/\">Dikey R\u0131ht\u0131m Tamponlar\u0131<\/a><\/li>\n<li id=\"menu-item-9779\" class=\"menu-item menu-item-type-post_type menu-item-object-page menu-item-9779\"><a href=\"https:\/\/rubrails-tessilmare.com\/tr\/tekne-yat-kic-koruyucu\/\">Tekne Yat K\u0131\u00e7 Koruyucu<\/a><\/li>\n<li id=\"menu-item-9780\" class=\"menu-item menu-item-type-post_type menu-item-object-page menu-item-9780\"><a href=\"https:\/\/rubrails-tessilmare.com\/tr\/tekne-tamponlari-2\/\">Tekne tamponlar\u0131<\/a><\/li>\n<li id=\"menu-item-9781\" class=\"menu-item menu-item-type-post_type menu-item-object-page menu-item-9781\"><a href=\"https:\/\/rubrails-tessilmare.com\/tr\/tekne-pruva-korkuluklari\/\">Tekne Pruva Korkuluklar\u0131<\/a><\/li>\n<li id=\"menu-item-9782\" class=\"menu-item menu-item-type-custom menu-item-object-custom menu-item-9782\"><a href=\"https:\/\/rubrails-tessilmare.com\/dock-rubber-edging\/\">Dock Rubber Edging<\/a><\/li>\n<li id=\"menu-item-9783\" class=\"menu-item menu-item-type-post_type menu-item-object-page menu-item-9783\"><a href=\"https:\/\/rubrails-tessilmare.com\/tr\/lastik-bot-iskelesi-tamponlari\/\">Lastik Bot \u0130skelesi Tamponlar\u0131<\/a><\/li>\n<li id=\"menu-item-9784\" class=\"menu-item menu-item-type-post_type menu-item-object-page menu-item-9784\"><a href=\"https:\/\/rubrails-tessilmare.com\/tr\/surtme-korkulugu\/\">S\u00fcrtme Korkulu\u011fu<\/a><\/li>\n<li id=\"menu-item-9785\" class=\"menu-item menu-item-type-post_type menu-item-object-page menu-item-9785\"><a href=\"https:\/\/rubrails-tessilmare.com\/tr\/kaucuk-iskele-tamponlari\/\">Kau\u00e7uk \u0130skele Tamponlar\u0131<\/a><\/li>\n<li id=\"menu-item-9786\" class=\"menu-item menu-item-type-post_type menu-item-object-page menu-item-9786\"><a href=\"https:\/\/rubrails-tessilmare.com\/tr\/lastik-bot-iskelesi-tamponlari\/\">Lastik Bot \u0130skelesi Tamponlar\u0131<\/a><\/li>\n<li id=\"menu-item-9787\" class=\"menu-item menu-item-type-post_type menu-item-object-page menu-item-9787\"><a href=\"https:\/\/rubrails-tessilmare.com\/tr\/tekne-tamponlari\/\">Tekne Tamponlar\u0131<\/a><\/li>\n<li id=\"menu-item-9788\" class=\"menu-item menu-item-type-post_type menu-item-object-page menu-item-9788\"><a href=\"https:\/\/rubrails-tessilmare.com\/tr\/iskele-kenari-tamponlari\/\">\u0130skele Kenar\u0131 Tamponlar\u0131<\/a><\/li>\n<li id=\"menu-item-9789\" class=\"menu-item menu-item-type-post_type menu-item-object-page menu-item-9789\"><a href=\"https:\/\/rubrails-tessilmare.com\/tr\/iskele-tampon-cozumleri\/\">\u0130skele Tampon \u00c7\u00f6z\u00fcmleri<\/a><\/li>\n<li id=\"menu-item-9790\" class=\"menu-item menu-item-type-post_type menu-item-object-page menu-item-9790\"><a href=\"https:\/\/rubrails-tessilmare.com\/tr\/tekne-tampon-korkulugu\/\">Tekne Tampon Korkulu\u011fu<\/a><\/li>\n<li id=\"menu-item-9791\" class=\"menu-item menu-item-type-post_type menu-item-object-page menu-item-9791\"><a href=\"https:\/\/rubrails-tessilmare.com\/tr\/tekne-iskelesi-kose-tamponlari\/\">Tekne \u0130skelesi K\u00f6\u015fe Tamponlar\u0131<\/a><\/li>\n<li id=\"menu-item-9792\" class=\"menu-item menu-item-type-post_type menu-item-object-page menu-item-9792\"><a href=\"https:\/\/rubrails-tessilmare.com\/tr\/deniz-tamponlari\/\">Deniz Tamponlar\u0131<\/a><\/li>\n<li id=\"menu-item-9793\" class=\"menu-item menu-item-type-post_type menu-item-object-page menu-item-9793\"><a href=\"https:\/\/rubrails-tessilmare.com\/tr\/tekne-yan-korkuluklari\/\">Tekne Yan Korkuluklar\u0131<\/a><\/li>\n<li id=\"menu-item-9797\" class=\"menu-item menu-item-type-post_type menu-item-object-page menu-item-9797\"><a href=\"https:\/\/rubrails-tessilmare.com\/tr\/iskele-kenari\/\">\u0130skele Kenar\u0131<\/a><\/li>\n<li id=\"menu-item-9798\" class=\"menu-item menu-item-type-post_type menu-item-object-page menu-item-9798\"><a href=\"https:\/\/rubrails-tessilmare.com\/tr\/bino-dock-rub-raydi\/\">Bino-Dock Rub Rayd\u0131<\/a><\/li>\n<li id=\"menu-item-9799\" class=\"menu-item menu-item-type-post_type menu-item-object-page menu-item-9799\"><a href=\"https:\/\/rubrails-tessilmare.com\/tr\/kaucuk-bot-tamponlari\/\">Kau\u00e7uk Bot Tamponlar\u0131<\/a><\/li>\n<\/ul><\/div><span class=\"seperator extralight-border\"><\/span><\/section><\/div><\/p><\/div>\n","protected":false},"excerpt":{"rendered":"","protected":false},"author":1,"featured_media":0,"parent":0,"menu_order":0,"comment_status":"closed","ping_status":"closed","template":"","meta":{"rank_math_lock_modified_date":false,"footnotes":""},"class_list":["post-8254","page","type-page","status-publish","hentry"],"_links":{"self":[{"href":"https:\/\/rubrails-tessilmare.com\/tr\/wp-json\/wp\/v2\/pages\/8254"}],"collection":[{"href":"https:\/\/rubrails-tessilmare.com\/tr\/wp-json\/wp\/v2\/pages"}],"about":[{"href":"https:\/\/rubrails-tessilmare.com\/tr\/wp-json\/wp\/v2\/types\/page"}],"author":[{"embeddable":true,"href":"https:\/\/rubrails-tessilmare.com\/tr\/wp-json\/wp\/v2\/users\/1"}],"replies":[{"embeddable":true,"href":"https:\/\/rubrails-tessilmare.com\/tr\/wp-json\/wp\/v2\/comments?post=8254"}],"version-history":[{"count":1,"href":"https:\/\/rubrails-tessilmare.com\/tr\/wp-json\/wp\/v2\/pages\/8254\/revisions"}],"predecessor-version":[{"id":8257,"href":"https:\/\/rubrails-tessilmare.com\/tr\/wp-json\/wp\/v2\/pages\/8254\/revisions\/8257"}],"wp:attachment":[{"href":"https:\/\/rubrails-tessilmare.com\/tr\/wp-json\/wp\/v2\/media?parent=8254"}],"curies":[{"name":"wp","href":"https:\/\/api.w.org\/{rel}","templated":true}]}}