{"id":8258,"date":"2019-03-29T15:04:51","date_gmt":"2019-03-29T14:04:51","guid":{"rendered":"https:\/\/rubrails-tessilmare.com\/bino-dock-rub-raydi\/"},"modified":"2025-05-28T12:35:21","modified_gmt":"2025-05-28T10:35:21","slug":"bino-dock-rub-raydi","status":"publish","type":"page","link":"https:\/\/rubrails-tessilmare.com\/tr\/bino-dock-rub-raydi\/","title":{"rendered":"Bino-Dock Rub Rayd\u0131"},"content":{"rendered":"\n<style type=\"text\/css\" data-created_by=\"avia_inline_auto\" id=\"style-css-av-v0u9xx-b67b053e76ed4375db7d911f70a6bd82\">\n.flex_column.av-v0u9xx-b67b053e76ed4375db7d911f70a6bd82{\nborder-radius:0px 0px 0px 0px;\npadding:0px 0px 0px 0px;\n}\n<\/style>\n<div  class='flex_column av-v0u9xx-b67b053e76ed4375db7d911f70a6bd82 av_one_full  avia-builder-el-0  el_before_av_hr  avia-builder-el-first  first flex_column_div av-zero-column-padding  '     ><p>\n<style type=\"text\/css\" data-created_by=\"avia_inline_auto\" id=\"style-css-av-sl8rph-285a9b2813c4f3c81776bd00904c9a32\">\n#top .av-special-heading.av-sl8rph-285a9b2813c4f3c81776bd00904c9a32{\npadding-bottom:0;\n}\nbody .av-special-heading.av-sl8rph-285a9b2813c4f3c81776bd00904c9a32 .av-special-heading-tag .heading-char{\nfont-size:25px;\n}\n.av-special-heading.av-sl8rph-285a9b2813c4f3c81776bd00904c9a32 .av-subheading{\nfont-size:15px;\n}\n<\/style>\n<div  class='av-special-heading av-sl8rph-285a9b2813c4f3c81776bd00904c9a32 av-special-heading-h1 blockquote modern-quote modern-centered  avia-builder-el-1  el_before_av_heading  avia-builder-el-first '><h1 class='av-special-heading-tag '  itemprop=\"headline\"  >BINO-DOCK OVMA RAYI<\/h1><div class=\"special-heading-border\"><div class=\"special-heading-inner-border\"><\/div><\/div><\/div><br \/>\n\n<style type=\"text\/css\" data-created_by=\"avia_inline_auto\" id=\"style-css-av-rkfr39-cbdfaf97fc762c89e92d8368d0c79b0c\">\n#top .av-special-heading.av-rkfr39-cbdfaf97fc762c89e92d8368d0c79b0c{\npadding-bottom:0;\nfont-size:20px;\n}\nbody .av-special-heading.av-rkfr39-cbdfaf97fc762c89e92d8368d0c79b0c .av-special-heading-tag .heading-char{\nfont-size:25px;\n}\n#top #wrap_all .av-special-heading.av-rkfr39-cbdfaf97fc762c89e92d8368d0c79b0c .av-special-heading-tag{\nfont-size:20px;\n}\n.av-special-heading.av-rkfr39-cbdfaf97fc762c89e92d8368d0c79b0c .av-subheading{\nfont-size:15px;\n}\n\n@media only screen and (min-width: 480px) and (max-width: 767px){ \n#top #wrap_all .av-special-heading.av-rkfr39-cbdfaf97fc762c89e92d8368d0c79b0c .av-special-heading-tag{\nfont-size:0.8em;\n}\n}\n\n@media only screen and (max-width: 479px){ \n#top #wrap_all .av-special-heading.av-rkfr39-cbdfaf97fc762c89e92d8368d0c79b0c .av-special-heading-tag{\nfont-size:0.8em;\n}\n}\n<\/style>\n<div  class='av-special-heading av-rkfr39-cbdfaf97fc762c89e92d8368d0c79b0c av-special-heading-h2 blockquote modern-quote modern-centered  avia-builder-el-2  el_after_av_heading  el_before_av_hr  av-inherit-size'><h2 class='av-special-heading-tag '  itemprop=\"headline\"  >Geleneksel iskele ve tampon koruma sistemlerinden %100 daha g\u00fc\u00e7l\u00fc<\/h2><div class=\"special-heading-border\"><div class=\"special-heading-inner-border\"><\/div><\/div><\/div><br \/>\n\n<style type=\"text\/css\" data-created_by=\"avia_inline_auto\" id=\"style-css-av-pd58qt-10d7c2079e3d8633b0b1e2cf1be94eff\">\n#top .hr.av-pd58qt-10d7c2079e3d8633b0b1e2cf1be94eff{\nmargin-top:5px;\nmargin-bottom:10px;\n}\n.hr.av-pd58qt-10d7c2079e3d8633b0b1e2cf1be94eff .hr-inner{\nwidth:7%;\nborder-color:#15354e;\n}\n<\/style>\n<div  class='hr av-pd58qt-10d7c2079e3d8633b0b1e2cf1be94eff hr-custom  avia-builder-el-3  el_after_av_heading  el_before_av_textblock  hr-center hr-icon-no'><span class='hr-inner inner-border-av-border-fat'><span class=\"hr-inner-style\"><\/span><\/span><\/div><br \/>\n<section  class='av_textblock_section av-nk3mwl-295f3544deb460271aa2333bbab6e327 '   itemscope=\"itemscope\" itemtype=\"https:\/\/schema.org\/CreativeWork\" ><div class='avia_textblock'  itemprop=\"text\" ><p><strong>\u0130skele s\u00fcrt\u00fcnme raylar\u0131<\/strong> \u00e7ok d\u00fc\u015f\u00fck s\u00fcrt\u00fcnme katsay\u0131s\u0131na sahip pvc&#8217;den \u00fcretilmi\u015ftir. <strong>Tekneniz herhangi bir a\u015f\u0131nma<\/strong> olmadan ve herhangi bir g\u00fcr\u00fclt\u00fc \u00fcretmeden kayacakt\u0131r. Bu \u00f6zel deniz hammaddesi, belirli bir shore ve \u015fekil nedeniyle kau\u00e7uk gibi iz b\u0131rakmaz.<\/p>\n<p>Ticari ve \u00f6zel iskele montaj\u0131 sistemlerimizle \u00e7ok kolayd\u0131r, farkl\u0131 renkler ve s\u00fcrekli rulo veya belirli bir uzunlukta kesimler aras\u0131nda se\u00e7im yapabilirsiniz.<\/p>\n<\/div><\/section><\/p><\/div>\n\n<style type=\"text\/css\" data-created_by=\"avia_inline_auto\" id=\"style-css-av-m2jhbp-44c4423cbf4d577f503144ec5649fb87\">\n#top .hr.hr-invisible.av-m2jhbp-44c4423cbf4d577f503144ec5649fb87{\nheight:5px;\n}\n<\/style>\n<div  class='hr av-m2jhbp-44c4423cbf4d577f503144ec5649fb87 hr-invisible  avia-builder-el-5  el_after_av_one_full  el_before_av_one_full '><span class='hr-inner '><span class=\"hr-inner-style\"><\/span><\/span><\/div>\n\n<style type=\"text\/css\" data-created_by=\"avia_inline_auto\" id=\"style-css-av-k8f2vp-f4c5f2b77293f5559953b70b27d8e0ad\">\n.flex_column.av-k8f2vp-f4c5f2b77293f5559953b70b27d8e0ad{\nborder-radius:0px 0px 0px 0px;\npadding:0px 0px 0px 0px;\n}\n<\/style>\n<div  class='flex_column av-k8f2vp-f4c5f2b77293f5559953b70b27d8e0ad av_one_full  avia-builder-el-6  el_after_av_hr  el_before_av_hr  first flex_column_div av-zero-column-padding  '     ><div id='av-masonry-1' class='av-masonry av-ip271x-0bef945579925f9ed06fe14b818dc119 noHover av-fixed-size av-1px-gap av-hover-overlay-active av-masonry-animation-active av-masonry-col-3 av-caption-on-hover av-caption-style-overlay av-masonry-gallery av-medium-columns-overwrite av-medium-columns-3 av-orientation-square ' data-post_id=\"8258\"><div class=\"av-masonry-container isotope av-js-disabled\"><div class='av-masonry-entry isotope-item av-masonry-item-no-image '><\/div><a href=\"https:\/\/rubrails-tessilmare.com\/tr\/bino-40\/\"  aria-label=\"image BINO40_B\"  id='av-masonry-1-item-8171' data-av-masonry-item='8171' class='av-masonry-entry isotope-item post-8171 attachment type-attachment status-inherit hentry  av-masonry-item-with-image' title=\"BINO40_B\" alt=\"\"  data-av-masonry-custom-link=\"https:\/\/rubrails-tessilmare.com\/tr\/bino-40\/\"  itemprop=\"thumbnailUrl\" ><div class='av-inner-masonry-sizer'><\/div><figure class='av-inner-masonry main_color'><div class=\"av-masonry-outerimage-container\"><div class='av-masonry-image-container lazyload' style=\"background-image:inherit;\"  title=\"BINO40_B\"  data-bg-image=\"url(https:\/\/rubrails-tessilmare.com\/wp-content\/uploads\/2017\/07\/BINO40_B-705x705.jpg)\"><\/div><\/div><figcaption class='av-inner-masonry-content site-background'><div class='av-inner-masonry-content-pos'><div class='av-inner-masonry-content-pos-content'><div class='avia-arrow'><\/div><div class='av-masonry-entry-content entry-content'  itemprop=\"text\" >BINO 40<\/div><\/div><\/div><\/figcaption><\/figure><\/a><!--end av-masonry entry--><a href=\"https:\/\/rubrails-tessilmare.com\/tr\/bino-65\/\"  aria-label=\"image BINO65_B\"  id='av-masonry-1-item-7955' data-av-masonry-item='7955' class='av-masonry-entry isotope-item post-7955 attachment type-attachment status-inherit hentry  av-masonry-item-with-image' title=\"BINO65_B\" alt=\"\"  data-av-masonry-custom-link=\"https:\/\/rubrails-tessilmare.com\/tr\/bino-65\/\"  itemprop=\"thumbnailUrl\" ><div class='av-inner-masonry-sizer'><\/div><figure class='av-inner-masonry main_color'><div class=\"av-masonry-outerimage-container\"><div class='av-masonry-image-container lazyload' style=\"background-image:inherit;\"  title=\"BINO65_B\"  data-bg-image=\"url(https:\/\/rubrails-tessilmare.com\/wp-content\/uploads\/2017\/07\/BINO65_B-705x705.jpg)\"><\/div><\/div><figcaption class='av-inner-masonry-content site-background'><div class='av-inner-masonry-content-pos'><div class='av-inner-masonry-content-pos-content'><div class='avia-arrow'><\/div><div class='av-masonry-entry-content entry-content'  itemprop=\"text\" >BINO 65<\/div><\/div><\/div><\/figcaption><\/figure><\/a><!--end av-masonry entry--><a href=\"https:\/\/rubrails-tessilmare.com\/tr\/bino-90\/\"  aria-label=\"image BINO90_B\"  id='av-masonry-1-item-8377' data-av-masonry-item='8377' class='av-masonry-entry isotope-item post-8377 attachment type-attachment status-inherit hentry  av-masonry-item-with-image' title=\"BINO90_B\" alt=\"\"  data-av-masonry-custom-link=\"https:\/\/rubrails-tessilmare.com\/tr\/bino-90\/\"  itemprop=\"thumbnailUrl\" ><div class='av-inner-masonry-sizer'><\/div><figure class='av-inner-masonry main_color'><div class=\"av-masonry-outerimage-container\"><div class='av-masonry-image-container lazyload' style=\"background-image:inherit;\"  title=\"BINO90_B\"  data-bg-image=\"url(https:\/\/rubrails-tessilmare.com\/wp-content\/uploads\/2017\/07\/BINO90_B-705x705.jpg)\"><\/div><\/div><figcaption class='av-inner-masonry-content site-background'><div class='av-inner-masonry-content-pos'><div class='av-inner-masonry-content-pos-content'><div class='avia-arrow'><\/div><div class='av-masonry-entry-content entry-content'  itemprop=\"text\" >BINO 90 BLACK<\/div><\/div><\/div><\/figcaption><\/figure><\/a><!--end av-masonry entry--><\/div><\/div><\/div>\n<style type=\"text\/css\" data-created_by=\"avia_inline_auto\" id=\"style-css-av-gqqosl-45f1dd69e1e9e0f52d90e7177a45f8fe\">\n#top .hr.hr-invisible.av-gqqosl-45f1dd69e1e9e0f52d90e7177a45f8fe{\nheight:5px;\n}\n<\/style>\n<div  class='hr av-gqqosl-45f1dd69e1e9e0f52d90e7177a45f8fe hr-invisible  avia-builder-el-8  el_after_av_one_full  el_before_av_one_full '><span class='hr-inner '><span class=\"hr-inner-style\"><\/span><\/span><\/div><\/p>\n\n<style type=\"text\/css\" data-created_by=\"avia_inline_auto\" id=\"style-css-av-gjchgl-59ea0d09519d91f81aaa85da430afb7e\">\n.flex_column.av-gjchgl-59ea0d09519d91f81aaa85da430afb7e{\nborder-radius:0px 0px 0px 0px;\npadding:0px 0px 0px 0px;\n}\n<\/style>\n<div  class='flex_column av-gjchgl-59ea0d09519d91f81aaa85da430afb7e av_one_full  avia-builder-el-9  el_after_av_hr  el_before_av_hr  first flex_column_div av-zero-column-padding  '     ><section  class='av_textblock_section av-1f62tx-f0134e8271c3d1bfbbf87bf10415284e '   itemscope=\"itemscope\" itemtype=\"https:\/\/schema.org\/CreativeWork\" ><div class='avia_textblock'  itemprop=\"text\" ><p>Sistemlerimiz <strong>2 PVC profil mod\u00fcl\u00fcnden<\/strong> ve paslanmaz \u00e7elik \u00f6nceden delikli bir \u00e7ubuktan olu\u015fmaktad\u0131r. \u0130ki <strong>Dock Rub Rail<\/strong> par\u00e7as\u0131 a\u00e7\u0131lmal\u0131d\u0131r, alt mod\u00fcl paslanmaz \u00e7elik \u00e7ubuk kullan\u0131larak iskeleye delinerek monte edilecek, \u00fcst kapama mod\u00fcl\u00fc ise bir lastik \u00e7eki\u00e7le taban mod\u00fcl\u00fcne basit\u00e7e bast\u0131r\u0131lacakt\u0131r, bu kadar basit, kesinti yok.<\/p>\n<div class='avia-iframe-wrap'><iframe title=\"BINO Boat Rub Rail - Tessilmare\" width=\"1500\" height=\"844\" data-src=\"https:\/\/www.youtube.com\/embed\/ycjPvmFtKBM?feature=oembed\" frameborder=\"0\" allow=\"accelerometer; autoplay; clipboard-write; encrypted-media; gyroscope; picture-in-picture; web-share\" referrerpolicy=\"strict-origin-when-cross-origin\" allowfullscreen src=\"data:image\/gif;base64,R0lGODlhAQABAAAAACH5BAEKAAEALAAAAAABAAEAAAICTAEAOw==\" class=\"lazyload\" data-load-mode=\"1\"><\/iframe><\/div>\n<p>Y\u00fcksek kaliteli Marine PVC malzememiz uzun s\u00fcreler boyunca bozulmaz. Su hasar\u0131 veya g\u00fcne\u015ften solma konusunda endi\u015felenmenize gerek yoktur.<\/p>\n<h3>T\u00fcm Tessilmare iskele ve tampon \u00fcr\u00fcnleri mod\u00fclerdir<\/h3>\n<p>Bu, herhangi bir y\u00fcksek darbe hasar\u0131 durumunda t\u00fcm sistemi de\u011fi\u015ftirmeniz gerekmedi\u011fi anlam\u0131na gelir. Mod\u00fcl\u00fcn her par\u00e7as\u0131n\u0131 de\u011fi\u015ftirebilir veya takas edebilirsiniz, bu da herhangi bir yedek veya hasarl\u0131 par\u00e7an\u0131n maliyetini \u00f6nemli \u00f6l\u00e7\u00fcde azalt\u0131r.<\/p>\n<p><strong>denizcilik sekt\u00f6r\u00fcnde<\/strong> neredeyse bir as\u0131rd\u0131r faaliyet g\u00f6steren Tessilmare, do\u011fan\u0131n zorluklar\u0131na dayanabilen deniz uygulamalar\u0131 i\u00e7in tamponlar, iskele korumas\u0131 ve s\u00fcrt\u00fcnme raylar\u0131 \u00fcretmektedir. F\u0131rt\u0131nalar, uzun s\u00fcre g\u00fcne\u015f, r\u00fczgar ve sert denizlere maruz kalma s\u00fcresince, emin olabilirsiniz ki<\/p>\n<ul>\n<li>tekneniz,<\/li>\n<li>yat\u0131n\u0131z veya<\/li>\n<li>iskele<\/li>\n<\/ul>\n<p>sadece korunmakla kalmaz, ayn\u0131 zamanda sat\u0131n ald\u0131\u011f\u0131n\u0131z g\u00fcnk\u00fc gibi g\u00f6r\u00fcn\u00fcr.<\/p>\n<\/div><\/section><\/div>\n\n<style type=\"text\/css\" data-created_by=\"avia_inline_auto\" id=\"style-css-av-bvolsl-65aa80efe654d55c561df4283536517a\">\n#top .hr.av-bvolsl-65aa80efe654d55c561df4283536517a{\nmargin-top:5px;\nmargin-bottom:10px;\n}\n.hr.av-bvolsl-65aa80efe654d55c561df4283536517a .hr-inner{\nwidth:7%;\nborder-color:#15354e;\n}\n<\/style>\n<div  class='hr av-bvolsl-65aa80efe654d55c561df4283536517a hr-custom  avia-builder-el-11  el_after_av_one_full  el_before_av_one_full  hr-center hr-icon-no'><span class='hr-inner inner-border-av-border-fat'><span class=\"hr-inner-style\"><\/span><\/span><\/div>\n\n<style type=\"text\/css\" data-created_by=\"avia_inline_auto\" id=\"style-css-av-159ur9-65ef9fb774b0b769bea1bb98998d963a\">\n.flex_column.av-159ur9-65ef9fb774b0b769bea1bb98998d963a{\nborder-radius:0px 0px 0px 0px;\npadding:20px 20px 20px 20px;\nbackground-color:#efeff0;\n}\n<\/style>\n<div  class='flex_column av-159ur9-65ef9fb774b0b769bea1bb98998d963a av_one_full  avia-builder-el-12  el_after_av_hr  el_before_av_hr  first flex_column_div  '     ><\/div>\n\n<style type=\"text\/css\" data-created_by=\"avia_inline_auto\" id=\"style-css-av-7993cl-59d7e1ca59f7bf085ded6027f22877ac\">\n#top .hr.av-7993cl-59d7e1ca59f7bf085ded6027f22877ac{\nmargin-top:5px;\nmargin-bottom:10px;\n}\n.hr.av-7993cl-59d7e1ca59f7bf085ded6027f22877ac .hr-inner{\nwidth:7%;\nborder-color:#15354e;\n}\n<\/style>\n<div  class='hr av-7993cl-59d7e1ca59f7bf085ded6027f22877ac hr-custom  avia-builder-el-14  el_after_av_one_full  el_before_av_one_full  hr-center hr-icon-no'><span class='hr-inner inner-border-av-border-fat'><span class=\"hr-inner-style\"><\/span><\/span><\/div>\n\n<style type=\"text\/css\" data-created_by=\"avia_inline_auto\" id=\"style-css-av-5651o5-fd2ef86617abcf96214da47a97cccac6\">\n.flex_column.av-5651o5-fd2ef86617abcf96214da47a97cccac6{\nborder-radius:0px 0px 0px 0px;\n}\n<\/style>\n<div  class='flex_column av-5651o5-fd2ef86617abcf96214da47a97cccac6 av_one_full  avia-builder-el-15  el_after_av_hr  avia-builder-el-last  first flex_column_div  '     ><p>\n<style type=\"text\/css\" data-created_by=\"avia_inline_auto\" id=\"style-css-av-4lmvlh-fedcbfbc78b6499645c167ea5f224318\">\n#top .av-special-heading.av-4lmvlh-fedcbfbc78b6499645c167ea5f224318{\npadding-bottom:10px;\n}\nbody .av-special-heading.av-4lmvlh-fedcbfbc78b6499645c167ea5f224318 .av-special-heading-tag .heading-char{\nfont-size:25px;\n}\n.av-special-heading.av-4lmvlh-fedcbfbc78b6499645c167ea5f224318 .av-subheading{\nfont-size:15px;\n}\n<\/style>\n<div  class='av-special-heading av-4lmvlh-fedcbfbc78b6499645c167ea5f224318 av-special-heading-h3 blockquote modern-quote  avia-builder-el-16  el_before_av_sidebar  avia-builder-el-first '><h3 class='av-special-heading-tag '  itemprop=\"headline\"  >Di\u011fer \u00f6zel i\u00e7erik<\/h3><div class=\"special-heading-border\"><div class=\"special-heading-inner-border\"><\/div><\/div><\/div><br \/>\n<div  class='avia-builder-widget-area clearfix  avia-builder-el-17  el_after_av_heading  avia-builder-el-last '><section id=\"nav_menu-6\" class=\"widget clearfix widget_nav_menu\"><div class=\"menu-menu-pagine-tag-turkish-container\"><ul id=\"menu-menu-pagine-tag-turkish\" class=\"menu\"><li id=\"menu-item-9776\" class=\"menu-item menu-item-type-post_type menu-item-object-page menu-item-9776\"><a href=\"https:\/\/rubrails-tessilmare.com\/tr\/surtme-rayi-kiti\/\">S\u00fcrtme Ray\u0131 Kiti<\/a><\/li>\n<li id=\"menu-item-9777\" class=\"menu-item menu-item-type-post_type menu-item-object-page menu-item-9777\"><a href=\"https:\/\/rubrails-tessilmare.com\/tr\/rub-rail-montaji\/\">Rub Rail Montaj\u0131<\/a><\/li>\n<li id=\"menu-item-9778\" class=\"menu-item menu-item-type-post_type menu-item-object-page menu-item-9778\"><a href=\"https:\/\/rubrails-tessilmare.com\/tr\/dikey-rihtim-tamponlari\/\">Dikey R\u0131ht\u0131m Tamponlar\u0131<\/a><\/li>\n<li id=\"menu-item-9779\" class=\"menu-item menu-item-type-post_type menu-item-object-page menu-item-9779\"><a href=\"https:\/\/rubrails-tessilmare.com\/tr\/tekne-yat-kic-koruyucu\/\">Tekne Yat K\u0131\u00e7 Koruyucu<\/a><\/li>\n<li id=\"menu-item-9780\" class=\"menu-item menu-item-type-post_type menu-item-object-page menu-item-9780\"><a href=\"https:\/\/rubrails-tessilmare.com\/tr\/tekne-tamponlari-2\/\">Tekne tamponlar\u0131<\/a><\/li>\n<li id=\"menu-item-9781\" class=\"menu-item menu-item-type-post_type menu-item-object-page menu-item-9781\"><a href=\"https:\/\/rubrails-tessilmare.com\/tr\/tekne-pruva-korkuluklari\/\">Tekne Pruva Korkuluklar\u0131<\/a><\/li>\n<li id=\"menu-item-9782\" class=\"menu-item menu-item-type-custom menu-item-object-custom menu-item-9782\"><a href=\"https:\/\/rubrails-tessilmare.com\/dock-rubber-edging\/\">Dock Rubber Edging<\/a><\/li>\n<li id=\"menu-item-9783\" class=\"menu-item menu-item-type-post_type menu-item-object-page menu-item-9783\"><a href=\"https:\/\/rubrails-tessilmare.com\/tr\/lastik-bot-iskelesi-tamponlari\/\">Lastik Bot \u0130skelesi Tamponlar\u0131<\/a><\/li>\n<li id=\"menu-item-9784\" class=\"menu-item menu-item-type-post_type menu-item-object-page menu-item-9784\"><a href=\"https:\/\/rubrails-tessilmare.com\/tr\/surtme-korkulugu\/\">S\u00fcrtme Korkulu\u011fu<\/a><\/li>\n<li id=\"menu-item-9785\" class=\"menu-item menu-item-type-post_type menu-item-object-page menu-item-9785\"><a href=\"https:\/\/rubrails-tessilmare.com\/tr\/kaucuk-iskele-tamponlari\/\">Kau\u00e7uk \u0130skele Tamponlar\u0131<\/a><\/li>\n<li id=\"menu-item-9786\" class=\"menu-item menu-item-type-post_type menu-item-object-page menu-item-9786\"><a href=\"https:\/\/rubrails-tessilmare.com\/tr\/lastik-bot-iskelesi-tamponlari\/\">Lastik Bot \u0130skelesi Tamponlar\u0131<\/a><\/li>\n<li id=\"menu-item-9787\" class=\"menu-item menu-item-type-post_type menu-item-object-page menu-item-9787\"><a href=\"https:\/\/rubrails-tessilmare.com\/tr\/tekne-tamponlari\/\">Tekne Tamponlar\u0131<\/a><\/li>\n<li id=\"menu-item-9788\" class=\"menu-item menu-item-type-post_type menu-item-object-page menu-item-9788\"><a href=\"https:\/\/rubrails-tessilmare.com\/tr\/iskele-kenari-tamponlari\/\">\u0130skele Kenar\u0131 Tamponlar\u0131<\/a><\/li>\n<li id=\"menu-item-9789\" class=\"menu-item menu-item-type-post_type menu-item-object-page menu-item-9789\"><a href=\"https:\/\/rubrails-tessilmare.com\/tr\/iskele-tampon-cozumleri\/\">\u0130skele Tampon \u00c7\u00f6z\u00fcmleri<\/a><\/li>\n<li id=\"menu-item-9790\" class=\"menu-item menu-item-type-post_type menu-item-object-page menu-item-9790\"><a href=\"https:\/\/rubrails-tessilmare.com\/tr\/tekne-tampon-korkulugu\/\">Tekne Tampon Korkulu\u011fu<\/a><\/li>\n<li id=\"menu-item-9791\" class=\"menu-item menu-item-type-post_type menu-item-object-page menu-item-9791\"><a href=\"https:\/\/rubrails-tessilmare.com\/tr\/tekne-iskelesi-kose-tamponlari\/\">Tekne \u0130skelesi K\u00f6\u015fe Tamponlar\u0131<\/a><\/li>\n<li id=\"menu-item-9792\" class=\"menu-item menu-item-type-post_type menu-item-object-page menu-item-9792\"><a href=\"https:\/\/rubrails-tessilmare.com\/tr\/deniz-tamponlari\/\">Deniz Tamponlar\u0131<\/a><\/li>\n<li id=\"menu-item-9793\" class=\"menu-item menu-item-type-post_type menu-item-object-page menu-item-9793\"><a href=\"https:\/\/rubrails-tessilmare.com\/tr\/tekne-yan-korkuluklari\/\">Tekne Yan Korkuluklar\u0131<\/a><\/li>\n<li id=\"menu-item-9797\" class=\"menu-item menu-item-type-post_type menu-item-object-page menu-item-9797\"><a href=\"https:\/\/rubrails-tessilmare.com\/tr\/iskele-kenari\/\">\u0130skele Kenar\u0131<\/a><\/li>\n<li id=\"menu-item-9798\" class=\"menu-item menu-item-type-post_type menu-item-object-page menu-item-9798\"><a href=\"https:\/\/rubrails-tessilmare.com\/tr\/bino-dock-rub-raydi\/\">Bino-Dock Rub Rayd\u0131<\/a><\/li>\n<li id=\"menu-item-9799\" class=\"menu-item menu-item-type-post_type menu-item-object-page menu-item-9799\"><a href=\"https:\/\/rubrails-tessilmare.com\/tr\/kaucuk-bot-tamponlari\/\">Kau\u00e7uk Bot Tamponlar\u0131<\/a><\/li>\n<\/ul><\/div><span class=\"seperator extralight-border\"><\/span><\/section><\/div><\/p><\/div>\n","protected":false},"excerpt":{"rendered":"","protected":false},"author":1,"featured_media":0,"parent":0,"menu_order":0,"comment_status":"closed","ping_status":"closed","template":"","meta":{"rank_math_lock_modified_date":false,"footnotes":""},"class_list":["post-8258","page","type-page","status-publish","hentry"],"_links":{"self":[{"href":"https:\/\/rubrails-tessilmare.com\/tr\/wp-json\/wp\/v2\/pages\/8258"}],"collection":[{"href":"https:\/\/rubrails-tessilmare.com\/tr\/wp-json\/wp\/v2\/pages"}],"about":[{"href":"https:\/\/rubrails-tessilmare.com\/tr\/wp-json\/wp\/v2\/types\/page"}],"author":[{"embeddable":true,"href":"https:\/\/rubrails-tessilmare.com\/tr\/wp-json\/wp\/v2\/users\/1"}],"replies":[{"embeddable":true,"href":"https:\/\/rubrails-tessilmare.com\/tr\/wp-json\/wp\/v2\/comments?post=8258"}],"version-history":[{"count":1,"href":"https:\/\/rubrails-tessilmare.com\/tr\/wp-json\/wp\/v2\/pages\/8258\/revisions"}],"predecessor-version":[{"id":8261,"href":"https:\/\/rubrails-tessilmare.com\/tr\/wp-json\/wp\/v2\/pages\/8258\/revisions\/8261"}],"wp:attachment":[{"href":"https:\/\/rubrails-tessilmare.com\/tr\/wp-json\/wp\/v2\/media?parent=8258"}],"curies":[{"name":"wp","href":"https:\/\/api.w.org\/{rel}","templated":true}]}}