{"id":8267,"date":"2017-09-06T15:49:23","date_gmt":"2017-09-06T13:49:23","guid":{"rendered":"https:\/\/rubrails-tessilmare.com\/tesekkur-sayfasi-urunu\/"},"modified":"2025-05-28T12:35:21","modified_gmt":"2025-05-28T10:35:21","slug":"tesekkur-sayfasi-urunu","status":"publish","type":"page","link":"https:\/\/rubrails-tessilmare.com\/tr\/tesekkur-sayfasi-urunu\/","title":{"rendered":"Te\u015fekk\u00fcr Sayfas\u0131 \u00dcr\u00fcn\u00fc"},"content":{"rendered":"\n<style type=\"text\/css\" data-created_by=\"avia_inline_auto\" id=\"style-css-av-738cwb-dfa74b5461561e7f0a58546c9c7ac197\">\n#top .hr.hr-invisible.av-738cwb-dfa74b5461561e7f0a58546c9c7ac197{\nheight:15px;\n}\n<\/style>\n<div  class='hr av-738cwb-dfa74b5461561e7f0a58546c9c7ac197 hr-invisible  avia-builder-el-0  el_before_av_one_full  avia-builder-el-first '><span class='hr-inner '><span class=\"hr-inner-style\"><\/span><\/span><\/div>\n\n<style type=\"text\/css\" data-created_by=\"avia_inline_auto\" id=\"style-css-av-6k1rsb-70220dc81527c9cbdb9c3f02c0037cbc\">\n.flex_column.av-6k1rsb-70220dc81527c9cbdb9c3f02c0037cbc{\nborder-radius:0px 0px 0px 0px;\npadding:0px 0px 0px 0px;\n}\n<\/style>\n<div  class='flex_column av-6k1rsb-70220dc81527c9cbdb9c3f02c0037cbc av_one_full  avia-builder-el-1  el_after_av_hr  el_before_av_hr  first flex_column_div av-zero-column-padding  '     ><style type=\"text\/css\" data-created_by=\"avia_inline_auto\" id=\"style-css-av-4gtv7v-b0d40fd1b0ea9a3e47c7cd237b26c195\">\n#top .av-special-heading.av-4gtv7v-b0d40fd1b0ea9a3e47c7cd237b26c195{\npadding-bottom:0;\n}\nbody .av-special-heading.av-4gtv7v-b0d40fd1b0ea9a3e47c7cd237b26c195 .av-special-heading-tag .heading-char{\nfont-size:25px;\n}\n.av-special-heading.av-4gtv7v-b0d40fd1b0ea9a3e47c7cd237b26c195 .av-subheading{\nfont-size:15px;\n}\n<\/style>\n<div  class='av-special-heading av-4gtv7v-b0d40fd1b0ea9a3e47c7cd237b26c195 av-special-heading-h1 blockquote modern-quote modern-centered  avia-builder-el-2  avia-builder-el-no-sibling '><h1 class='av-special-heading-tag '  itemprop=\"headline\"  >Bize ula\u015ft\u0131\u011f\u0131n\u0131z i\u00e7in te\u015fekk\u00fcrler.<\/h1><div class='av-subheading av-subheading_below'><p>Tessilmare Personeli en k\u0131sa s\u00fcrede size geri d\u00f6necektir.<\/p>\n<\/div><div class=\"special-heading-border\"><div class=\"special-heading-inner-border\"><\/div><\/div><\/div><\/div>\n<style type=\"text\/css\" data-created_by=\"avia_inline_auto\" id=\"style-css-av-2qfn0r-627e296cfa0e4b2bed7683d87d4fe795\">\n#top .hr.hr-invisible.av-2qfn0r-627e296cfa0e4b2bed7683d87d4fe795{\nheight:15px;\n}\n<\/style>\n<div  class='hr av-2qfn0r-627e296cfa0e4b2bed7683d87d4fe795 hr-invisible  avia-builder-el-3  el_after_av_one_full  avia-builder-el-last '><span class='hr-inner '><span class=\"hr-inner-style\"><\/span><\/span><\/div><\/p>\n","protected":false},"excerpt":{"rendered":"","protected":false},"author":1,"featured_media":0,"parent":0,"menu_order":0,"comment_status":"closed","ping_status":"closed","template":"","meta":{"rank_math_lock_modified_date":false,"footnotes":""},"class_list":["post-8267","page","type-page","status-publish","hentry"],"_links":{"self":[{"href":"https:\/\/rubrails-tessilmare.com\/tr\/wp-json\/wp\/v2\/pages\/8267"}],"collection":[{"href":"https:\/\/rubrails-tessilmare.com\/tr\/wp-json\/wp\/v2\/pages"}],"about":[{"href":"https:\/\/rubrails-tessilmare.com\/tr\/wp-json\/wp\/v2\/types\/page"}],"author":[{"embeddable":true,"href":"https:\/\/rubrails-tessilmare.com\/tr\/wp-json\/wp\/v2\/users\/1"}],"replies":[{"embeddable":true,"href":"https:\/\/rubrails-tessilmare.com\/tr\/wp-json\/wp\/v2\/comments?post=8267"}],"version-history":[{"count":1,"href":"https:\/\/rubrails-tessilmare.com\/tr\/wp-json\/wp\/v2\/pages\/8267\/revisions"}],"predecessor-version":[{"id":8270,"href":"https:\/\/rubrails-tessilmare.com\/tr\/wp-json\/wp\/v2\/pages\/8267\/revisions\/8270"}],"wp:attachment":[{"href":"https:\/\/rubrails-tessilmare.com\/tr\/wp-json\/wp\/v2\/media?parent=8267"}],"curies":[{"name":"wp","href":"https:\/\/api.w.org\/{rel}","templated":true}]}}