{"id":8336,"date":"2017-07-25T16:48:25","date_gmt":"2017-07-25T14:48:25","guid":{"rendered":"https:\/\/rubrails-tessilmare.com\/tampon\/"},"modified":"2025-05-28T12:43:02","modified_gmt":"2025-05-28T10:43:02","slug":"tampon","status":"publish","type":"page","link":"https:\/\/rubrails-tessilmare.com\/tr\/rihtim-ve-tampon-profilleri\/tampon\/","title":{"rendered":"Tampon"},"content":{"rendered":"\n<style type=\"text\/css\" data-created_by=\"avia_inline_auto\" id=\"style-css-av-18vwyg-fef1714f2bb3509928ced388b152cda1\">\n.flex_column.av-18vwyg-fef1714f2bb3509928ced388b152cda1{\nborder-radius:0px 0px 0px 0px;\npadding:0px 0px 0px 0px;\n}\n<\/style>\n<div  class='flex_column av-18vwyg-fef1714f2bb3509928ced388b152cda1 av_one_full  avia-builder-el-0  el_before_av_textblock  avia-builder-el-first  first flex_column_div av-zero-column-padding  '     ><p>\n<style type=\"text\/css\" data-created_by=\"avia_inline_auto\" id=\"style-css-av-e9qps-4c64e49a89f871b5fe9511c3ae69ae80\">\n#top .av-special-heading.av-e9qps-4c64e49a89f871b5fe9511c3ae69ae80{\npadding-bottom:0;\n}\nbody .av-special-heading.av-e9qps-4c64e49a89f871b5fe9511c3ae69ae80 .av-special-heading-tag .heading-char{\nfont-size:25px;\n}\n.av-special-heading.av-e9qps-4c64e49a89f871b5fe9511c3ae69ae80 .av-subheading{\nfont-size:15px;\n}\n<\/style>\n<div  class='av-special-heading av-e9qps-4c64e49a89f871b5fe9511c3ae69ae80 av-special-heading-h1 blockquote modern-quote modern-centered  avia-builder-el-1  el_before_av_heading  avia-builder-el-first '><h1 class='av-special-heading-tag '  itemprop=\"headline\"  >\u0130SKELE VE TAMPO PROF\u0130LLER\u0130 &#8211; TAMPO<\/h1><div class=\"special-heading-border\"><div class=\"special-heading-inner-border\"><\/div><\/div><\/div><br \/>\n\n<style type=\"text\/css\" data-created_by=\"avia_inline_auto\" id=\"style-css-av-8gw74-7b2e1ed30dd63e4f72f2a63937296f3e\">\n#top .av-special-heading.av-8gw74-7b2e1ed30dd63e4f72f2a63937296f3e{\npadding-bottom:0;\nfont-size:20px;\n}\nbody .av-special-heading.av-8gw74-7b2e1ed30dd63e4f72f2a63937296f3e .av-special-heading-tag .heading-char{\nfont-size:25px;\n}\n#top #wrap_all .av-special-heading.av-8gw74-7b2e1ed30dd63e4f72f2a63937296f3e .av-special-heading-tag{\nfont-size:20px;\n}\n.av-special-heading.av-8gw74-7b2e1ed30dd63e4f72f2a63937296f3e .av-subheading{\nfont-size:15px;\n}\n\n@media only screen and (min-width: 480px) and (max-width: 767px){ \n#top #wrap_all .av-special-heading.av-8gw74-7b2e1ed30dd63e4f72f2a63937296f3e .av-special-heading-tag{\nfont-size:0.8em;\n}\n}\n\n@media only screen and (max-width: 479px){ \n#top #wrap_all .av-special-heading.av-8gw74-7b2e1ed30dd63e4f72f2a63937296f3e .av-special-heading-tag{\nfont-size:0.8em;\n}\n}\n<\/style>\n<div  class='av-special-heading av-8gw74-7b2e1ed30dd63e4f72f2a63937296f3e av-special-heading-h2 blockquote modern-quote modern-centered  avia-builder-el-2  el_after_av_heading  el_before_av_hr  av-inherit-size'><h2 class='av-special-heading-tag '  itemprop=\"headline\"  >BUMPER, hafiflik ve dayan\u0131kl\u0131l\u0131k aras\u0131nda m\u00fckemmel bir ittifak\u0131 temsil eden ilk Rub Rail\u2019dir.<\/h2><div class=\"special-heading-border\"><div class=\"special-heading-inner-border\"><\/div><\/div><\/div><br \/>\n\n<style type=\"text\/css\" data-created_by=\"avia_inline_auto\" id=\"style-css-av-topvs-18f8664c6f17e85e3bd4b875cc501c92\">\n#top .hr.av-topvs-18f8664c6f17e85e3bd4b875cc501c92{\nmargin-top:5px;\nmargin-bottom:10px;\n}\n.hr.av-topvs-18f8664c6f17e85e3bd4b875cc501c92 .hr-inner{\nwidth:7%;\nborder-color:#15354e;\n}\n<\/style>\n<div  class='hr av-topvs-18f8664c6f17e85e3bd4b875cc501c92 hr-custom  avia-builder-el-3  el_after_av_heading  avia-builder-el-last  hr-center hr-icon-no'><span class='hr-inner inner-border-av-border-fat'><span class=\"hr-inner-style\"><\/span><\/span><\/div><\/p><\/div>\n<section  class='av_textblock_section av-kkefs-f6ce7ca0747deb1608efb14863f56c82 '   itemscope=\"itemscope\" itemtype=\"https:\/\/schema.org\/CreativeWork\" ><div class='avia_textblock'  itemprop=\"text\" ><p style=\"text-align: left;\">PATENTL\u0130 \u00fc\u00e7 yap\u0131l\u0131 PVC bile\u015fimi ve geni\u015f i\u00e7 hava bo\u015fluklar\u0131 sayesinde, BUMPER daha \u00f6nce g\u00f6r\u00fclmemi\u015f bir darbe emilimi yarat\u0131r.<\/p>\n<p style=\"text-align: left;\">Y\u00fcksek darbe emilimi ve hafifli\u011fi sayesinde, <strong>r\u0131ht\u0131mlar ve iskeleler i\u00e7in en uygun \u00fcr\u00fcnd\u00fcr<\/strong> (<strong>yatlar<\/strong>, <strong>askeri tekneler<\/strong>, <strong>tenderler<\/strong> ve <strong>i\u015f tekneleri<\/strong> d\u0131\u015f\u0131nda).<\/p>\n<p style=\"text-align: left;\">Mod\u00fcler yap\u0131s\u0131 sayesinde kurulumu kolayd\u0131r. 2 profil taban\u0131, S\/S \u00e7ubu\u011fun yard\u0131m\u0131yla tekne g\u00f6vdesine sabitlenebilirken, profil \u00fcst\u00fc bas\u0131n\u00e7la sabitlenebilir.<\/p>\n<p style=\"text-align: left;\">Diki\u015fsiz montaj\u0131 sayesinde (her vida ve\/veya per\u00e7in profil \u00fcst\u00fc taraf\u0131ndan kaplan\u0131r) y\u0131llar boyunca darbeye dayanabilir, herhangi bir tekneye zarar vermez ve rengini kaybetmez.<\/p>\n<\/div><\/section>\n\n<style type=\"text\/css\" data-created_by=\"avia_inline_auto\" id=\"style-css-av-dffo0-6af81113b54522f2d0c2b6082fc4a5d8\">\n#top .av-masonry.av-dffo0-6af81113b54522f2d0c2b6082fc4a5d8{\nbackground-color:#ffffff;\n}\n<\/style>\n<div id='av-masonry-1' class='av-masonry av-dffo0-6af81113b54522f2d0c2b6082fc4a5d8 noHover av-fixed-size av-1px-gap av-hover-overlay-active av-masonry-animation-active av-masonry-col-4 av-caption-on-hover av-caption-style-overlay av-masonry-gallery av-medium-columns-overwrite av-medium-columns-2 av-orientation-square ' data-post_id=\"8336\"><div class=\"av-masonry-container isotope av-js-disabled\"><div class='av-masonry-entry isotope-item av-masonry-item-no-image '><\/div><a href=\"https:\/\/rubrails-tessilmare.com\/tr\/tampon-100\/\"  aria-label=\"image BUMPER_100_B\"  id='av-masonry-1-item-7987' data-av-masonry-item='7987' class='av-masonry-entry isotope-item post-7987 attachment type-attachment status-inherit hentry  av-masonry-item-with-image' title=\"BUMPER_100_B\" alt=\"\"  data-av-masonry-custom-link=\"https:\/\/rubrails-tessilmare.com\/tr\/tampon-100\/\"  itemprop=\"thumbnailUrl\" ><div class='av-inner-masonry-sizer'><\/div><figure class='av-inner-masonry main_color'><div class=\"av-masonry-outerimage-container\"><div class='av-masonry-image-container lazyload' style=\"background-image:inherit;\"  title=\"BUMPER_100_B\"  data-bg-image=\"url(https:\/\/rubrails-tessilmare.com\/wp-content\/uploads\/2017\/07\/BUMPER_100_B-705x705.jpg)\"><\/div><\/div><figcaption class='av-inner-masonry-content site-background'><div class='av-inner-masonry-content-pos'><div class='av-inner-masonry-content-pos-content'><div class='avia-arrow'><\/div><div class='av-masonry-entry-content entry-content'  itemprop=\"text\" >BUMPER 100<\/div><\/div><\/div><\/figcaption><\/figure><\/a><!--end av-masonry entry--><a href=\"https:\/\/rubrails-tessilmare.com\/tr\/bumper-125\/\"  aria-label=\"image Boat Bumper Rail BUMPER 125 B (boat dock parts)\"  id='av-masonry-1-item-8279' data-av-masonry-item='8279' class='av-masonry-entry isotope-item post-8279 attachment type-attachment status-inherit hentry  av-masonry-item-with-image' title=\"Boat Bumper Rail BUMPER 125 B (boat dock parts)\" alt=\"\"  data-av-masonry-custom-link=\"https:\/\/rubrails-tessilmare.com\/tr\/bumper-125\/\"  itemprop=\"thumbnailUrl\" ><div class='av-inner-masonry-sizer'><\/div><figure class='av-inner-masonry main_color'><div class=\"av-masonry-outerimage-container\"><div class='av-masonry-image-container lazyload' style=\"background-image:inherit;\"  title=\"Boat Bumper Rail BUMPER 125 B (boat dock parts)\"  data-bg-image=\"url(https:\/\/rubrails-tessilmare.com\/wp-content\/uploads\/2017\/07\/BUMPER_125_B-705x705.jpg)\"><\/div><\/div><figcaption class='av-inner-masonry-content site-background'><div class='av-inner-masonry-content-pos'><div class='av-inner-masonry-content-pos-content'><div class='avia-arrow'><\/div><div class='av-masonry-entry-content entry-content'  itemprop=\"text\" >BUMPER 125<\/div><\/div><\/div><\/figcaption><\/figure><\/a><!--end av-masonry entry--><a href=\"https:\/\/rubrails-tessilmare.com\/tr\/bumper-150\/\"  aria-label=\"image BUMPER_150_B\"  id='av-masonry-1-item-7818' data-av-masonry-item='7818' class='av-masonry-entry isotope-item post-7818 attachment type-attachment status-inherit hentry  av-masonry-item-with-image' title=\"BUMPER_150_B\" alt=\"\"  data-av-masonry-custom-link=\"https:\/\/rubrails-tessilmare.com\/tr\/bumper-150\/\"  itemprop=\"thumbnailUrl\" ><div class='av-inner-masonry-sizer'><\/div><figure class='av-inner-masonry main_color'><div class=\"av-masonry-outerimage-container\"><div class='av-masonry-image-container lazyload' style=\"background-image:inherit;\"  title=\"BUMPER_150_B\"  data-bg-image=\"url(https:\/\/rubrails-tessilmare.com\/wp-content\/uploads\/2017\/07\/BUMPER_150_B-705x705.jpg)\"><\/div><\/div><figcaption class='av-inner-masonry-content site-background'><div class='av-inner-masonry-content-pos'><div class='av-inner-masonry-content-pos-content'><div class='avia-arrow'><\/div><div class='av-masonry-entry-content entry-content'  itemprop=\"text\" >BUMPER 150<\/div><\/div><\/div><\/figcaption><\/figure><\/a><!--end av-masonry entry--><a href=\"https:\/\/rubrails-tessilmare.com\/tr\/tampon-160\/\"  aria-label=\"image BUMPER_160_B\"  id='av-masonry-1-item-9385' data-av-masonry-item='9385' class='av-masonry-entry isotope-item post-9385 attachment type-attachment status-inherit hentry  av-masonry-item-with-image' title=\"BUMPER_160_B\" alt=\"BOAT BOW GUARD - BOAT DOCK BUMPER SOLUTIONS \/ BUMPER 160b (BOAT DOCK PARTS)\"  data-av-masonry-custom-link=\"https:\/\/rubrails-tessilmare.com\/tr\/tampon-160\/\"  itemprop=\"thumbnailUrl\" ><div class='av-inner-masonry-sizer'><\/div><figure class='av-inner-masonry main_color'><div class=\"av-masonry-outerimage-container\"><div class='av-masonry-image-container lazyload' style=\"background-image:inherit;\"  title=\"BUMPER_160_B\"  data-bg-image=\"url(https:\/\/rubrails-tessilmare.com\/wp-content\/uploads\/2017\/07\/BUMPER_160_B-705x705.jpg)\"><\/div><\/div><figcaption class='av-inner-masonry-content site-background'><div class='av-inner-masonry-content-pos'><div class='av-inner-masonry-content-pos-content'><div class='avia-arrow'><\/div><div class='av-masonry-entry-content entry-content'  itemprop=\"text\" >BUMPER 160<\/div><\/div><\/div><\/figcaption><\/figure><\/a><!--end av-masonry entry--><\/div><\/div>\n\n<style type=\"text\/css\" data-created_by=\"avia_inline_auto\" id=\"style-css-av-909q8-637b4c4ddeff646517c9d9b53cb14a8b\">\n#top .hr.hr-invisible.av-909q8-637b4c4ddeff646517c9d9b53cb14a8b{\nheight:5px;\n}\n<\/style>\n<div  class='hr av-909q8-637b4c4ddeff646517c9d9b53cb14a8b hr-invisible  avia-builder-el-6  el_after_av_masonry_gallery  avia-builder-el-no-sibling '><span class='hr-inner '><span class=\"hr-inner-style\"><\/span><\/span><\/div>\n","protected":false},"excerpt":{"rendered":"","protected":false},"author":1,"featured_media":0,"parent":8631,"menu_order":0,"comment_status":"closed","ping_status":"closed","template":"","meta":{"rank_math_lock_modified_date":false,"footnotes":""},"class_list":["post-8336","page","type-page","status-publish","hentry"],"_links":{"self":[{"href":"https:\/\/rubrails-tessilmare.com\/tr\/wp-json\/wp\/v2\/pages\/8336"}],"collection":[{"href":"https:\/\/rubrails-tessilmare.com\/tr\/wp-json\/wp\/v2\/pages"}],"about":[{"href":"https:\/\/rubrails-tessilmare.com\/tr\/wp-json\/wp\/v2\/types\/page"}],"author":[{"embeddable":true,"href":"https:\/\/rubrails-tessilmare.com\/tr\/wp-json\/wp\/v2\/users\/1"}],"replies":[{"embeddable":true,"href":"https:\/\/rubrails-tessilmare.com\/tr\/wp-json\/wp\/v2\/comments?post=8336"}],"version-history":[{"count":1,"href":"https:\/\/rubrails-tessilmare.com\/tr\/wp-json\/wp\/v2\/pages\/8336\/revisions"}],"predecessor-version":[{"id":8339,"href":"https:\/\/rubrails-tessilmare.com\/tr\/wp-json\/wp\/v2\/pages\/8336\/revisions\/8339"}],"up":[{"embeddable":true,"href":"https:\/\/rubrails-tessilmare.com\/tr\/wp-json\/wp\/v2\/pages\/8631"}],"wp:attachment":[{"href":"https:\/\/rubrails-tessilmare.com\/tr\/wp-json\/wp\/v2\/media?parent=8336"}],"curies":[{"name":"wp","href":"https:\/\/api.w.org\/{rel}","templated":true}]}}