{"id":8344,"date":"2017-07-19T16:36:18","date_gmt":"2017-07-19T14:36:18","guid":{"rendered":"https:\/\/rubrails-tessilmare.com\/sertifikasyon\/"},"modified":"2025-05-28T12:35:24","modified_gmt":"2025-05-28T10:35:24","slug":"sertifikasyon","status":"publish","type":"page","link":"https:\/\/rubrails-tessilmare.com\/tr\/sertifikasyon\/","title":{"rendered":"Sertifikasyon"},"content":{"rendered":"\n<style type=\"text\/css\" data-created_by=\"avia_inline_auto\" id=\"style-css-av-1pan4h-f7c31dd3810cae0d0ea2df82a1fb0cf1\">\n.flex_column.av-1pan4h-f7c31dd3810cae0d0ea2df82a1fb0cf1{\nborder-radius:0px 0px 0px 0px;\npadding:0px 0px 0px 0px;\n}\n<\/style>\n<div  class='flex_column av-1pan4h-f7c31dd3810cae0d0ea2df82a1fb0cf1 av_one_full  avia-builder-el-0  el_before_av_section  avia-builder-el-no-sibling  first flex_column_div av-zero-column-padding  '     ><p>\n<style type=\"text\/css\" data-created_by=\"avia_inline_auto\" id=\"style-css-av-1nionl-bfe986bc1aedc47dcc8b7a87324c1ed3\">\n#top .av-special-heading.av-1nionl-bfe986bc1aedc47dcc8b7a87324c1ed3{\npadding-bottom:0;\n}\nbody .av-special-heading.av-1nionl-bfe986bc1aedc47dcc8b7a87324c1ed3 .av-special-heading-tag .heading-char{\nfont-size:25px;\n}\n.av-special-heading.av-1nionl-bfe986bc1aedc47dcc8b7a87324c1ed3 .av-subheading{\nfont-size:15px;\n}\n<\/style>\n<div  class='av-special-heading av-1nionl-bfe986bc1aedc47dcc8b7a87324c1ed3 av-special-heading-h1 blockquote modern-quote modern-centered  avia-builder-el-1  el_before_av_hr  avia-builder-el-first '><h1 class='av-special-heading-tag '  itemprop=\"headline\"  >B\u0130Z\u0130M <b>SERT\u0130F\u0130KASYONUMUZ<\/b><\/h1><div class=\"special-heading-border\"><div class=\"special-heading-inner-border\"><\/div><\/div><\/div><br \/>\n\n<style type=\"text\/css\" data-created_by=\"avia_inline_auto\" id=\"style-css-av-1gqtc1-da13b68dd5e4b2c5603d1ce04e0d72d7\">\n#top .hr.av-1gqtc1-da13b68dd5e4b2c5603d1ce04e0d72d7{\nmargin-top:5px;\nmargin-bottom:0px;\n}\n.hr.av-1gqtc1-da13b68dd5e4b2c5603d1ce04e0d72d7 .hr-inner{\nwidth:7%;\nborder-color:#15354e;\n}\n<\/style>\n<div  class='hr av-1gqtc1-da13b68dd5e4b2c5603d1ce04e0d72d7 hr-custom  avia-builder-el-2  el_after_av_heading  avia-builder-el-last  hr-center hr-icon-no'><span class='hr-inner inner-border-av-border-fat'><span class=\"hr-inner-style\"><\/span><\/span><\/div><\/p><\/div><\/div><\/div><\/div><!-- close content main div --><\/div><\/div>\n<style type=\"text\/css\" data-created_by=\"avia_inline_auto\" id=\"style-css-av-18k3rl-dd5adb88d6d05438a54f73270c043d06\">\n.avia-section.av-18k3rl-dd5adb88d6d05438a54f73270c043d06{\nbackground-color:#f2f2f2;\nbackground-image:unset;\n}\n<\/style>\n<div id='av_section_1'  class='avia-section av-18k3rl-dd5adb88d6d05438a54f73270c043d06 main_color avia-section-default avia-no-border-styling  avia-builder-el-3  el_after_av_one_full  avia-builder-el-last  avia-bg-style-scroll container_wrap sidebar_right'  ><div class='container av-section-cont-open' ><div class='template-page content  av-content-small alpha units'><div class='post-entry post-entry-type-page post-entry-8344'><div class='entry-content-wrapper clearfix'>\n<div  class='avia-logo-element-container av-10q9xl-ed53a68e9653e345b5ec6bfbc12855a1 av-border-deactivate avia-logo-grid avia-content-slider avia-smallarrow-slider avia-content-grid-active noHover avia-content-slider-odd  avia-builder-el-4  avia-builder-el-no-sibling  avia-content-slider1' ><div class='avia-smallarrow-slider-heading  no-logo-slider-heading '><div class='new-special-heading'>&nbsp;<\/div><\/div><div class=\"avia-content-slider-inner\"><div class=\"slide-entry-wrap\"><div  class='slide-entry av-wv9ax-3c0aa0bdd998de7bc89c3e2b61afc177 flex_column no_margin av_one_fifth real-thumbnail post-entry slide-entry-overview slide-loop-1 slide-parity-odd  first'><a href=\"https:\/\/rubrails-tessilmare.com\/tr\/boat-rub-rails\/sphaera-boat-rub-rails\/\" data-rel='slide-1' class='slide-image' title='' ><span class='av-partner-fake-img lazyload' style='padding-bottom:81.25%; background-image:inherit;' data-bg-image='url(https:\/\/rubrails-tessilmare.com\/wp-content\/uploads\/2017\/07\/SPH_PATENTED.png)'><\/span><\/a><\/div><div  class='slide-entry av-reckh-d64758fee72cb5a54b879b899138f01a flex_column no_margin av_one_fifth real-thumbnail post-entry slide-entry-overview slide-loop-2 slide-parity-even  '><a href=\"https:\/\/rubrails-tessilmare.com\/tr\/boat-rub-rails\/binox\/\" data-rel='slide-1' class='slide-image' title='' ><span class='av-partner-fake-img lazyload' style='padding-bottom:81.25%; background-image:inherit;' data-bg-image='url(https:\/\/rubrails-tessilmare.com\/wp-content\/uploads\/2017\/07\/BINOX_PATENTED.png)'><\/span><\/a><\/div><div  class='slide-entry av-kj3c1-7df1e0e224eff3f33b55fb86bf00ac91 flex_column no_margin av_one_fifth real-thumbnail post-entry slide-entry-overview slide-loop-3 slide-parity-odd  '><a href=\"https:\/\/rubrails-tessilmare.com\/tr\/boat-rub-rails\/bino\/\" data-rel='slide-1' class='slide-image' title='' ><span class='av-partner-fake-img lazyload' style='padding-bottom:81.25%; background-image:inherit;' data-bg-image='url(https:\/\/rubrails-tessilmare.com\/wp-content\/uploads\/2017\/07\/BINO_PATENTED.png)'><\/span><\/a><\/div><div  class='slide-entry av-cnba9-918645525c79185a306354a940216ebb flex_column no_margin av_one_fifth real-thumbnail post-entry slide-entry-overview slide-loop-4 slide-parity-even  '><a href=\"https:\/\/rubrails-tessilmare.com\/tr\/boat-rub-rails\/radyal\/\" data-rel='slide-1' class='slide-image' title='' ><span class='av-partner-fake-img lazyload' style='padding-bottom:81.25%; background-image:inherit;' data-bg-image='url(https:\/\/rubrails-tessilmare.com\/wp-content\/uploads\/2017\/07\/RADIAL_PATENTED.png)'><\/span><\/a><\/div><div  class='slide-entry av-a633d-6615dff2f4fc61e3b11c42052429ef5d flex_column no_margin av_one_fifth real-thumbnail post-entry slide-entry-overview slide-loop-5 slide-parity-odd post-entry-last '><a href=\"https:\/\/rubrails-tessilmare.com\/tr\/boat-rub-rails\/tampon\/\" data-rel='slide-1' class='slide-image' title='' ><span class='av-partner-fake-img lazyload' style='padding-bottom:81.25%; background-image:inherit;' data-bg-image='url(https:\/\/rubrails-tessilmare.com\/wp-content\/uploads\/2017\/07\/BUMPER_PATENTED.png)'><\/span><\/a><\/div><\/div><\/div><\/div>\n<\/div><\/div><\/div><!-- close content main div --><\/div><\/div><div id='after_section_1'  class='main_color av_default_container_wrap container_wrap sidebar_right'  ><div class='container av-section-cont-open' ><div class='template-page content  av-content-small alpha units'><div class='post-entry post-entry-type-page post-entry-8344'><div class='entry-content-wrapper clearfix'><\/p>\n","protected":false},"excerpt":{"rendered":"","protected":false},"author":1,"featured_media":0,"parent":0,"menu_order":0,"comment_status":"closed","ping_status":"closed","template":"","meta":{"rank_math_lock_modified_date":false,"footnotes":""},"class_list":["post-8344","page","type-page","status-publish","hentry"],"_links":{"self":[{"href":"https:\/\/rubrails-tessilmare.com\/tr\/wp-json\/wp\/v2\/pages\/8344"}],"collection":[{"href":"https:\/\/rubrails-tessilmare.com\/tr\/wp-json\/wp\/v2\/pages"}],"about":[{"href":"https:\/\/rubrails-tessilmare.com\/tr\/wp-json\/wp\/v2\/types\/page"}],"author":[{"embeddable":true,"href":"https:\/\/rubrails-tessilmare.com\/tr\/wp-json\/wp\/v2\/users\/1"}],"replies":[{"embeddable":true,"href":"https:\/\/rubrails-tessilmare.com\/tr\/wp-json\/wp\/v2\/comments?post=8344"}],"version-history":[{"count":1,"href":"https:\/\/rubrails-tessilmare.com\/tr\/wp-json\/wp\/v2\/pages\/8344\/revisions"}],"predecessor-version":[{"id":8347,"href":"https:\/\/rubrails-tessilmare.com\/tr\/wp-json\/wp\/v2\/pages\/8344\/revisions\/8347"}],"wp:attachment":[{"href":"https:\/\/rubrails-tessilmare.com\/tr\/wp-json\/wp\/v2\/media?parent=8344"}],"curies":[{"name":"wp","href":"https:\/\/api.w.org\/{rel}","templated":true}]}}