{"id":8353,"date":"2022-01-27T11:57:34","date_gmt":"2022-01-27T10:57:34","guid":{"rendered":"https:\/\/rubrails-tessilmare.com\/tesekkurler\/"},"modified":"2025-05-28T12:35:24","modified_gmt":"2025-05-28T10:35:24","slug":"tesekkurler","status":"publish","type":"page","link":"https:\/\/rubrails-tessilmare.com\/tr\/tesekkurler\/","title":{"rendered":"Te\u015fekk\u00fcrler"},"content":{"rendered":"<div  class='flex_column av-273clx-ac982ed1312b4510ed3fe62d43e4319e av_one_full  avia-builder-el-0  avia-builder-el-no-sibling  first flex_column_div  '     ><p>\n<style type=\"text\/css\" data-created_by=\"avia_inline_auto\" id=\"style-css-av-kywv76m0-7c2a2cfa14ab3029a2ddaac61470caa9\">\n#top .hr.hr-invisible.av-kywv76m0-7c2a2cfa14ab3029a2ddaac61470caa9{\nheight:50px;\n}\n<\/style>\n<div  class='hr av-kywv76m0-7c2a2cfa14ab3029a2ddaac61470caa9 hr-invisible  avia-builder-el-1  el_before_av_heading  avia-builder-el-first '><span class='hr-inner '><span class=\"hr-inner-style\"><\/span><\/span><\/div><br \/>\n\n<style type=\"text\/css\" data-created_by=\"avia_inline_auto\" id=\"style-css-av-kywv3y6m-420301a1651bc74713984bb8bda85026\">\n#top .av-special-heading.av-kywv3y6m-420301a1651bc74713984bb8bda85026{\npadding-bottom:10px;\n}\nbody .av-special-heading.av-kywv3y6m-420301a1651bc74713984bb8bda85026 .av-special-heading-tag .heading-char{\nfont-size:25px;\n}\n.av-special-heading.av-kywv3y6m-420301a1651bc74713984bb8bda85026 .av-subheading{\nfont-size:15px;\n}\n<\/style>\n<div  class='av-special-heading av-kywv3y6m-420301a1651bc74713984bb8bda85026 av-special-heading-h1 blockquote classic-quote  avia-builder-el-2  el_after_av_hr  el_before_av_hr '><h1 class='av-special-heading-tag '  itemprop=\"headline\"  >Te\u015fekk\u00fcrler!<\/h1><div class=\"special-heading-border\"><div class=\"special-heading-inner-border\"><\/div><\/div><\/div><br \/>\n\n<style type=\"text\/css\" data-created_by=\"avia_inline_auto\" id=\"style-css-av-2xwhz9-ee708ff51c90f2bb12c9fd60d04a4e9a\">\n#top .hr.hr-invisible.av-2xwhz9-ee708ff51c90f2bb12c9fd60d04a4e9a{\nheight:50px;\n}\n<\/style>\n<div  class='hr av-2xwhz9-ee708ff51c90f2bb12c9fd60d04a4e9a hr-invisible  avia-builder-el-3  el_after_av_heading  el_before_av_textblock '><span class='hr-inner '><span class=\"hr-inner-style\"><\/span><\/span><\/div><br \/>\n\n<style type=\"text\/css\" data-created_by=\"avia_inline_auto\" id=\"style-css-av-kywv3n27-4372deb85dd239ec441eacc246b6779d\">\n#top .av_textblock_section.av-kywv3n27-4372deb85dd239ec441eacc246b6779d .avia_textblock{\nfont-size:17px;\n}\n<\/style>\n<section  class='av_textblock_section av-kywv3n27-4372deb85dd239ec441eacc246b6779d '   itemscope=\"itemscope\" itemtype=\"https:\/\/schema.org\/CreativeWork\" ><div class='avia_textblock'  itemprop=\"text\" ><p style=\"text-align: center;\">\n<p style=\"text-align: center;\"><strong>B\u00fclten aboneli\u011finiz tamamland\u0131!<\/strong><\/p>\n<p style=\"text-align: center;\">\u0130leti\u015fim ve g\u00fcncellemelerimizi gelen kutunuza alacaks\u0131n\u0131z!<\/p>\n<p style=\"text-align: center;\"><strong>Adresimizi adres defterinize ekleyin<\/strong> ve tek bir g\u00fcncellemeyi bile ka\u00e7\u0131rmay\u0131n.<\/p>\n<\/div><\/section><br \/>\n\n<style type=\"text\/css\" data-created_by=\"avia_inline_auto\" id=\"style-css-av-kywv7rg0-1a3e3b82205c2082a67d4c73368705e0\">\n#top .hr.hr-invisible.av-kywv7rg0-1a3e3b82205c2082a67d4c73368705e0{\nheight:50px;\n}\n<\/style>\n<div  class='hr av-kywv7rg0-1a3e3b82205c2082a67d4c73368705e0 hr-invisible  avia-builder-el-5  el_after_av_textblock  avia-builder-el-last '><span class='hr-inner '><span class=\"hr-inner-style\"><\/span><\/span><\/div><\/p><\/div>\n","protected":false},"excerpt":{"rendered":"","protected":false},"author":1,"featured_media":0,"parent":0,"menu_order":0,"comment_status":"closed","ping_status":"closed","template":"","meta":{"rank_math_lock_modified_date":false,"footnotes":""},"class_list":["post-8353","page","type-page","status-publish","hentry"],"_links":{"self":[{"href":"https:\/\/rubrails-tessilmare.com\/tr\/wp-json\/wp\/v2\/pages\/8353"}],"collection":[{"href":"https:\/\/rubrails-tessilmare.com\/tr\/wp-json\/wp\/v2\/pages"}],"about":[{"href":"https:\/\/rubrails-tessilmare.com\/tr\/wp-json\/wp\/v2\/types\/page"}],"author":[{"embeddable":true,"href":"https:\/\/rubrails-tessilmare.com\/tr\/wp-json\/wp\/v2\/users\/1"}],"replies":[{"embeddable":true,"href":"https:\/\/rubrails-tessilmare.com\/tr\/wp-json\/wp\/v2\/comments?post=8353"}],"version-history":[{"count":1,"href":"https:\/\/rubrails-tessilmare.com\/tr\/wp-json\/wp\/v2\/pages\/8353\/revisions"}],"predecessor-version":[{"id":8356,"href":"https:\/\/rubrails-tessilmare.com\/tr\/wp-json\/wp\/v2\/pages\/8353\/revisions\/8356"}],"wp:attachment":[{"href":"https:\/\/rubrails-tessilmare.com\/tr\/wp-json\/wp\/v2\/media?parent=8353"}],"curies":[{"name":"wp","href":"https:\/\/api.w.org\/{rel}","templated":true}]}}