{"id":8441,"date":"2017-08-03T15:52:46","date_gmt":"2017-08-03T13:52:46","guid":{"rendered":"https:\/\/rubrails-tessilmare.com\/fender-profilleri-bino\/"},"modified":"2025-05-28T12:40:37","modified_gmt":"2025-05-28T10:40:37","slug":"fender-profilleri-bino","status":"publish","type":"page","link":"https:\/\/rubrails-tessilmare.com\/tr\/urun-yelpazesi\/fender-profilleri-bino\/","title":{"rendered":"FENDER PROF\u0130LLER\u0130 &#8211; Bino"},"content":{"rendered":"\n<style type=\"text\/css\" data-created_by=\"avia_inline_auto\" id=\"style-css-av-b54e9m-3632cdd037ff20dce8ca33dc6aac93df\">\n.flex_column.av-b54e9m-3632cdd037ff20dce8ca33dc6aac93df{\nborder-radius:0px 0px 0px 0px;\npadding:0px 0px 0px 0px;\n}\n<\/style>\n<div  class='flex_column av-b54e9m-3632cdd037ff20dce8ca33dc6aac93df av_one_full  avia-builder-el-0  el_before_av_masonry_gallery  avia-builder-el-no-sibling  first flex_column_div av-zero-column-padding  '     ><p>\n<style type=\"text\/css\" data-created_by=\"avia_inline_auto\" id=\"style-css-av-947ft6-f97a115bb2afef00724bd300c5e75dd8\">\n#top .av-special-heading.av-947ft6-f97a115bb2afef00724bd300c5e75dd8{\npadding-bottom:0;\n}\nbody .av-special-heading.av-947ft6-f97a115bb2afef00724bd300c5e75dd8 .av-special-heading-tag .heading-char{\nfont-size:25px;\n}\n.av-special-heading.av-947ft6-f97a115bb2afef00724bd300c5e75dd8 .av-subheading{\nfont-size:15px;\n}\n<\/style>\n<div  class='av-special-heading av-947ft6-f97a115bb2afef00724bd300c5e75dd8 av-special-heading-h1 blockquote modern-quote modern-centered  avia-builder-el-1  el_before_av_hr  avia-builder-el-first '><h1 class='av-special-heading-tag '  itemprop=\"headline\"  >FENDER PROF\u0130LLER\u0130 &#8211; BINO<\/h1><div class=\"special-heading-border\"><div class=\"special-heading-inner-border\"><\/div><\/div><\/div><br \/>\n\n<style type=\"text\/css\" data-created_by=\"avia_inline_auto\" id=\"style-css-av-73xmoq-c7f596191b100918e6cc9691aae13826\">\n#top .hr.av-73xmoq-c7f596191b100918e6cc9691aae13826{\nmargin-top:5px;\nmargin-bottom:10px;\n}\n.hr.av-73xmoq-c7f596191b100918e6cc9691aae13826 .hr-inner{\nwidth:7%;\nborder-color:#15354e;\n}\n<\/style>\n<div  class='hr av-73xmoq-c7f596191b100918e6cc9691aae13826 hr-custom  avia-builder-el-2  el_after_av_heading  el_before_av_textblock  hr-center hr-icon-no'><span class='hr-inner inner-border-av-border-fat'><span class=\"hr-inner-style\"><\/span><\/span><\/div><br \/>\n<section  class='av_textblock_section av-5l8r22-ec00c0a2ba61785f63ea89f8a606ae6f '   itemscope=\"itemscope\" itemtype=\"https:\/\/schema.org\/CreativeWork\" ><div class='avia_textblock'  itemprop=\"text\" ><p style=\"text-align: center;\">BINO, Tessilmare Rub Rail&#8217;in en yeni do\u011fanlar\u0131ndan biridir. PATENTL\u0130 iki par\u00e7al\u0131 tasar\u0131m\u0131 sayesinde kolayca b\u00fck\u00fclebilir.<\/p>\n<p style=\"text-align: center;\">\u00d6nceden delinmi\u015f S\/S \u00e7ubuk do\u011frudan tekne g\u00f6vdesine vidalanabilir ve \u00fcst k\u0131sm\u0131 basit\u00e7e bas\u0131n\u00e7la sabitlenebilir.<\/p>\n<p style=\"text-align: center;\">BINO \u00e7ok g\u00fc\u00e7l\u00fcd\u00fcr, ancak ayn\u0131 zamanda hafiftir. At\u0131\u011f\u0131 \u00f6nlemek ve ba\u011flant\u0131lar\u0131 engelleyerek kolay montaj sa\u011flamak i\u00e7in \u00f6zel olarak kesilmi\u015ftir.<\/p>\n<p style=\"text-align: center;\">BINO \u00e7a\u011fda\u015f bir stile ve kesintisiz bir g\u00f6r\u00fcn\u00fcme sahiptir.<\/p>\n<\/div><\/section><\/p><\/div>\n<style type=\"text\/css\" data-created_by=\"avia_inline_auto\" id=\"style-css-av-3moo5m-33271375e34ab3f11a5797459777b979\">\n#top .av-masonry.av-3moo5m-33271375e34ab3f11a5797459777b979{\nbackground-color:#ffffff;\n}\n<\/style>\n<div id='av-masonry-1' class='av-masonry av-3moo5m-33271375e34ab3f11a5797459777b979 noHover av-fixed-size av-1px-gap av-hover-overlay-active av-masonry-animation-active av-masonry-col-3 av-caption-on-hover av-caption-style-overlay av-masonry-gallery av-orientation-square ' data-post_id=\"8441\"><div class=\"av-masonry-container isotope av-js-disabled\"><div class='av-masonry-entry isotope-item av-masonry-item-no-image '><\/div><a href=\"https:\/\/rubrails-tessilmare.com\/tr\/bino-40\/\"  aria-label=\"image BINO40_B\"  id='av-masonry-1-item-8171' data-av-masonry-item='8171' class='av-masonry-entry isotope-item post-8171 attachment type-attachment status-inherit hentry  av-masonry-item-with-image' title=\"BINO40_B\" alt=\"\"  data-av-masonry-custom-link=\"https:\/\/rubrails-tessilmare.com\/tr\/bino-40\/\"  itemprop=\"thumbnailUrl\" ><div class='av-inner-masonry-sizer'><\/div><figure class='av-inner-masonry main_color'><div class=\"av-masonry-outerimage-container\"><div class='av-masonry-image-container lazyload' style=\"background-image:inherit;\"  title=\"BINO40_B\"  data-bg-image=\"url(https:\/\/rubrails-tessilmare.com\/wp-content\/uploads\/2017\/07\/BINO40_B-705x705.jpg)\"><\/div><\/div><figcaption class='av-inner-masonry-content site-background'><div class='av-inner-masonry-content-pos'><div class='av-inner-masonry-content-pos-content'><div class='avia-arrow'><\/div><div class='av-masonry-entry-content entry-content'  itemprop=\"text\" >BINO 40<\/div><\/div><\/div><\/figcaption><\/figure><\/a><!--end av-masonry entry--><a href=\"https:\/\/rubrails-tessilmare.com\/tr\/bino-65\/\"  aria-label=\"image BINO65_B\"  id='av-masonry-1-item-7955' data-av-masonry-item='7955' class='av-masonry-entry isotope-item post-7955 attachment type-attachment status-inherit hentry  av-masonry-item-with-image' title=\"BINO65_B\" alt=\"\"  data-av-masonry-custom-link=\"https:\/\/rubrails-tessilmare.com\/tr\/bino-65\/\"  itemprop=\"thumbnailUrl\" ><div class='av-inner-masonry-sizer'><\/div><figure class='av-inner-masonry main_color'><div class=\"av-masonry-outerimage-container\"><div class='av-masonry-image-container lazyload' style=\"background-image:inherit;\"  title=\"BINO65_B\"  data-bg-image=\"url(https:\/\/rubrails-tessilmare.com\/wp-content\/uploads\/2017\/07\/BINO65_B-705x705.jpg)\"><\/div><\/div><figcaption class='av-inner-masonry-content site-background'><div class='av-inner-masonry-content-pos'><div class='av-inner-masonry-content-pos-content'><div class='avia-arrow'><\/div><div class='av-masonry-entry-content entry-content'  itemprop=\"text\" >BINO 65<\/div><\/div><\/div><\/figcaption><\/figure><\/a><!--end av-masonry entry--><a href=\"https:\/\/rubrails-tessilmare.com\/tr\/bino-90\/\"  aria-label=\"image BINO90_B\"  id='av-masonry-1-item-8377' data-av-masonry-item='8377' class='av-masonry-entry isotope-item post-8377 attachment type-attachment status-inherit hentry  av-masonry-item-with-image' title=\"BINO90_B\" alt=\"\"  data-av-masonry-custom-link=\"https:\/\/rubrails-tessilmare.com\/tr\/bino-90\/\"  itemprop=\"thumbnailUrl\" ><div class='av-inner-masonry-sizer'><\/div><figure class='av-inner-masonry main_color'><div class=\"av-masonry-outerimage-container\"><div class='av-masonry-image-container lazyload' style=\"background-image:inherit;\"  title=\"BINO90_B\"  data-bg-image=\"url(https:\/\/rubrails-tessilmare.com\/wp-content\/uploads\/2017\/07\/BINO90_B-705x705.jpg)\"><\/div><\/div><figcaption class='av-inner-masonry-content site-background'><div class='av-inner-masonry-content-pos'><div class='av-inner-masonry-content-pos-content'><div class='avia-arrow'><\/div><div class='av-masonry-entry-content entry-content'  itemprop=\"text\" >BINO 90 BLACK<\/div><\/div><\/div><\/figcaption><\/figure><\/a><!--end av-masonry entry--><\/div><\/div><\/p>\n\n<style type=\"text\/css\" data-created_by=\"avia_inline_auto\" id=\"style-css-av-90qoq-aeb1920df94b7f3b149b7b08ee68b12b\">\n#top .hr.hr-invisible.av-90qoq-aeb1920df94b7f3b149b7b08ee68b12b{\nheight:5px;\n}\n<\/style>\n<div  class='hr av-90qoq-aeb1920df94b7f3b149b7b08ee68b12b hr-invisible  avia-builder-el-5  el_after_av_masonry_gallery  avia-builder-el-no-sibling '><span class='hr-inner '><span class=\"hr-inner-style\"><\/span><\/span><\/div>\n","protected":false},"excerpt":{"rendered":"","protected":false},"author":1,"featured_media":0,"parent":8529,"menu_order":0,"comment_status":"closed","ping_status":"closed","template":"","meta":{"rank_math_lock_modified_date":false,"footnotes":""},"class_list":["post-8441","page","type-page","status-publish","hentry"],"_links":{"self":[{"href":"https:\/\/rubrails-tessilmare.com\/tr\/wp-json\/wp\/v2\/pages\/8441"}],"collection":[{"href":"https:\/\/rubrails-tessilmare.com\/tr\/wp-json\/wp\/v2\/pages"}],"about":[{"href":"https:\/\/rubrails-tessilmare.com\/tr\/wp-json\/wp\/v2\/types\/page"}],"author":[{"embeddable":true,"href":"https:\/\/rubrails-tessilmare.com\/tr\/wp-json\/wp\/v2\/users\/1"}],"replies":[{"embeddable":true,"href":"https:\/\/rubrails-tessilmare.com\/tr\/wp-json\/wp\/v2\/comments?post=8441"}],"version-history":[{"count":1,"href":"https:\/\/rubrails-tessilmare.com\/tr\/wp-json\/wp\/v2\/pages\/8441\/revisions"}],"predecessor-version":[{"id":8444,"href":"https:\/\/rubrails-tessilmare.com\/tr\/wp-json\/wp\/v2\/pages\/8441\/revisions\/8444"}],"up":[{"embeddable":true,"href":"https:\/\/rubrails-tessilmare.com\/tr\/wp-json\/wp\/v2\/pages\/8529"}],"wp:attachment":[{"href":"https:\/\/rubrails-tessilmare.com\/tr\/wp-json\/wp\/v2\/media?parent=8441"}],"curies":[{"name":"wp","href":"https:\/\/api.w.org\/{rel}","templated":true}]}}