{"id":8538,"date":"2017-12-14T15:12:10","date_gmt":"2017-12-14T14:12:10","guid":{"rendered":"https:\/\/rubrails-tessilmare.com\/lastik-bot-iskelesi-tamponlari\/"},"modified":"2025-05-28T12:56:53","modified_gmt":"2025-05-28T10:56:53","slug":"lastik-bot-iskelesi-tamponlari","status":"publish","type":"page","link":"https:\/\/rubrails-tessilmare.com\/tr\/lastik-bot-iskelesi-tamponlari\/","title":{"rendered":"Lastik Bot \u0130skelesi Tamponlar\u0131"},"content":{"rendered":"\n<style type=\"text\/css\" data-created_by=\"avia_inline_auto\" id=\"style-css-av-oztync-6dcca5957e72f1940b47747f3714ff4e\">\n.flex_column.av-oztync-6dcca5957e72f1940b47747f3714ff4e{\nborder-radius:0px 0px 0px 0px;\npadding:0px 0px 0px 0px;\n}\n<\/style>\n<div  class='flex_column av-oztync-6dcca5957e72f1940b47747f3714ff4e av_one_full  avia-builder-el-0  el_before_av_hr  avia-builder-el-first  first flex_column_div av-zero-column-padding  '     ><p>\n<style type=\"text\/css\" data-created_by=\"avia_inline_auto\" id=\"style-css-av-noaaa0-a92b188734e842700ac33f1b727c2863\">\n#top .av-special-heading.av-noaaa0-a92b188734e842700ac33f1b727c2863{\npadding-bottom:0;\n}\nbody .av-special-heading.av-noaaa0-a92b188734e842700ac33f1b727c2863 .av-special-heading-tag .heading-char{\nfont-size:25px;\n}\n.av-special-heading.av-noaaa0-a92b188734e842700ac33f1b727c2863 .av-subheading{\nfont-size:15px;\n}\n<\/style>\n<div  class='av-special-heading av-noaaa0-a92b188734e842700ac33f1b727c2863 av-special-heading-h1 blockquote modern-quote modern-centered  avia-builder-el-1  el_before_av_heading  avia-builder-el-first '><h1 class='av-special-heading-tag '  itemprop=\"headline\"  >KAU\u00c7UK BOT \u0130SKELE TAMPOZLARI<\/h1><div class=\"special-heading-border\"><div class=\"special-heading-inner-border\"><\/div><\/div><\/div><br \/>\n\n<style type=\"text\/css\" data-created_by=\"avia_inline_auto\" id=\"style-css-av-mal8ew-0c4ef9579a0c50a4594fa4f52f8d1b3e\">\n#top .av-special-heading.av-mal8ew-0c4ef9579a0c50a4594fa4f52f8d1b3e{\npadding-bottom:0;\nfont-size:20px;\n}\nbody .av-special-heading.av-mal8ew-0c4ef9579a0c50a4594fa4f52f8d1b3e .av-special-heading-tag .heading-char{\nfont-size:25px;\n}\n#top #wrap_all .av-special-heading.av-mal8ew-0c4ef9579a0c50a4594fa4f52f8d1b3e .av-special-heading-tag{\nfont-size:20px;\n}\n.av-special-heading.av-mal8ew-0c4ef9579a0c50a4594fa4f52f8d1b3e .av-subheading{\nfont-size:15px;\n}\n\n@media only screen and (min-width: 480px) and (max-width: 767px){ \n#top #wrap_all .av-special-heading.av-mal8ew-0c4ef9579a0c50a4594fa4f52f8d1b3e .av-special-heading-tag{\nfont-size:0.8em;\n}\n}\n\n@media only screen and (max-width: 479px){ \n#top #wrap_all .av-special-heading.av-mal8ew-0c4ef9579a0c50a4594fa4f52f8d1b3e .av-special-heading-tag{\nfont-size:0.8em;\n}\n}\n<\/style>\n<div  class='av-special-heading av-mal8ew-0c4ef9579a0c50a4594fa4f52f8d1b3e av-special-heading-h2 blockquote modern-quote modern-centered  avia-builder-el-2  el_after_av_heading  el_before_av_hr  av-inherit-size'><h2 class='av-special-heading-tag '  itemprop=\"headline\"  >DEN\u0130Z PVC\u2019S\u0130NDEN YAPILMI\u015e \u0130SKELE D\u00dc\u015eMEZLER\u0130 \/\/ NEDEN DAHA \u0130Y\u0130 B\u0130R \u015eEY SE\u00c7MEL\u0130S\u0130N\u0130Z<\/h2><div class=\"special-heading-border\"><div class=\"special-heading-inner-border\"><\/div><\/div><\/div><br \/>\n\n<style type=\"text\/css\" data-created_by=\"avia_inline_auto\" id=\"style-css-av-le793s-c0e8ff0295a2a759d0170d32a540083c\">\n#top .hr.av-le793s-c0e8ff0295a2a759d0170d32a540083c{\nmargin-top:5px;\nmargin-bottom:10px;\n}\n.hr.av-le793s-c0e8ff0295a2a759d0170d32a540083c .hr-inner{\nwidth:7%;\nborder-color:#15354e;\n}\n<\/style>\n<div  class='hr av-le793s-c0e8ff0295a2a759d0170d32a540083c hr-custom  avia-builder-el-3  el_after_av_heading  el_before_av_textblock  hr-center hr-icon-no'><span class='hr-inner inner-border-av-border-fat'><span class=\"hr-inner-style\"><\/span><\/span><\/div><br \/>\n<section  class='av_textblock_section av-iip9aw-c677793abdfa13e4085ad6ebe1a0b00d '   itemscope=\"itemscope\" itemtype=\"https:\/\/schema.org\/CreativeWork\" ><div class='avia_textblock'  itemprop=\"text\" ><div id=\"attachment_631\" style=\"width: 310px\" class=\"wp-caption alignright\"><a href=\"https:\/\/rubrails-tessilmare.com\/bino-40\/\"><img decoding=\"async\" aria-describedby=\"caption-attachment-631\" class=\"wp-image-631 size-medium lazyload\" title=\"Rubber Boat Dock Bumpers BINO 40\" data-src=\"https:\/\/rubrails-tessilmare.com\/wp-content\/uploads\/2017\/07\/BINO40_B-300x300.jpg\" alt=\"Rubber Boat Dock Bumpers BINO 40\" width=\"300\" height=\"300\" data-srcset=\"https:\/\/b1654183.smushcdn.com\/1654183\/wp-content\/uploads\/2017\/07\/BINO40_B-300x300.jpg?lossy=0&amp;strip=1&amp;webp=1 300w, https:\/\/b1654183.smushcdn.com\/1654183\/wp-content\/uploads\/2017\/07\/BINO40_B-80x80.jpg?lossy=0&amp;strip=1&amp;webp=1 80w, https:\/\/b1654183.smushcdn.com\/1654183\/wp-content\/uploads\/2017\/07\/BINO40_B-768x768.jpg?lossy=0&amp;strip=1&amp;webp=1 768w, https:\/\/b1654183.smushcdn.com\/1654183\/wp-content\/uploads\/2017\/07\/BINO40_B-36x36.jpg?lossy=0&amp;strip=1&amp;webp=1 36w, https:\/\/b1654183.smushcdn.com\/1654183\/wp-content\/uploads\/2017\/07\/BINO40_B-180x180.jpg?lossy=0&amp;strip=1&amp;webp=1 180w, https:\/\/b1654183.smushcdn.com\/1654183\/wp-content\/uploads\/2017\/07\/BINO40_B-705x705.jpg?lossy=0&amp;strip=1&amp;webp=1 705w, https:\/\/b1654183.smushcdn.com\/1654183\/wp-content\/uploads\/2017\/07\/BINO40_B-120x120.jpg?lossy=0&amp;strip=1&amp;webp=1 120w, https:\/\/b1654183.smushcdn.com\/1654183\/wp-content\/uploads\/2017\/07\/BINO40_B-450x450.jpg?lossy=0&amp;strip=1&amp;webp=1 450w, https:\/\/b1654183.smushcdn.com\/1654183\/wp-content\/uploads\/2017\/07\/BINO40_B.jpg?lossy=0&amp;strip=1&amp;webp=1 1000w\" data-sizes=\"(max-width: 300px) 100vw, 300px\" src=\"data:image\/gif;base64,R0lGODlhAQABAAAAACH5BAEKAAEALAAAAAABAAEAAAICTAEAOw==\" style=\"--smush-placeholder-width: 300px; --smush-placeholder-aspect-ratio: 300\/300;\" \/><noscript><img decoding=\"async\" aria-describedby=\"caption-attachment-631\" class=\"wp-image-631 size-medium\" title=\"Rubber Boat Dock Bumpers BINO 40\" src=\"https:\/\/rubrails-tessilmare.com\/wp-content\/uploads\/2017\/07\/BINO40_B-300x300.jpg\" alt=\"Rubber Boat Dock Bumpers BINO 40\" width=\"300\" height=\"300\" srcset=\"https:\/\/b1654183.smushcdn.com\/1654183\/wp-content\/uploads\/2017\/07\/BINO40_B-300x300.jpg?lossy=0&amp;strip=1&amp;webp=1 300w, https:\/\/b1654183.smushcdn.com\/1654183\/wp-content\/uploads\/2017\/07\/BINO40_B-80x80.jpg?lossy=0&amp;strip=1&amp;webp=1 80w, https:\/\/b1654183.smushcdn.com\/1654183\/wp-content\/uploads\/2017\/07\/BINO40_B-768x768.jpg?lossy=0&amp;strip=1&amp;webp=1 768w, https:\/\/b1654183.smushcdn.com\/1654183\/wp-content\/uploads\/2017\/07\/BINO40_B-36x36.jpg?lossy=0&amp;strip=1&amp;webp=1 36w, https:\/\/b1654183.smushcdn.com\/1654183\/wp-content\/uploads\/2017\/07\/BINO40_B-180x180.jpg?lossy=0&amp;strip=1&amp;webp=1 180w, https:\/\/b1654183.smushcdn.com\/1654183\/wp-content\/uploads\/2017\/07\/BINO40_B-705x705.jpg?lossy=0&amp;strip=1&amp;webp=1 705w, https:\/\/b1654183.smushcdn.com\/1654183\/wp-content\/uploads\/2017\/07\/BINO40_B-120x120.jpg?lossy=0&amp;strip=1&amp;webp=1 120w, https:\/\/b1654183.smushcdn.com\/1654183\/wp-content\/uploads\/2017\/07\/BINO40_B-450x450.jpg?lossy=0&amp;strip=1&amp;webp=1 450w, https:\/\/b1654183.smushcdn.com\/1654183\/wp-content\/uploads\/2017\/07\/BINO40_B.jpg?lossy=0&amp;strip=1&amp;webp=1 1000w\" sizes=\"(max-width: 300px) 100vw, 300px\" \/><\/noscript><\/a><p id=\"caption-attachment-631\" class=\"wp-caption-text\">Rubber Boat Dock Bumpers BINO 40<\/p>\n<p style=\"text-align:center;\"><a href=\"#av-masonry-1\" style=\"background-color: #15354E;color:white;padding:5px;font-weight:bold\" class=\"CTAModels\">T\u00dcM KAU\u00c7UK TEKNE D\u00dcMEN TAKOZLARINI G\u00d6R\u00dcN<\/a><\/p>\n<p><\/p><\/div>\n<p><strong>Kau\u00e7uk tekne r\u0131ht\u0131m tamponlar\u0131<\/strong> m\u0131 ar\u0131yorsunuz? Her durumda y\u00fcksek diren\u00e7, darbe emilimi ve kalite sunan r\u0131ht\u0131m \u00e7\u00f6z\u00fcmlerine mi ihtiyac\u0131n\u0131z var? Teknenizi ve r\u0131ht\u0131m\u0131n\u0131z\u0131 korumak i\u00e7in en iyi \u00fcr\u00fcn\u00fc m\u00fc istiyorsunuz?<\/p>\n<p>\u0130ster bir yat kul\u00fcb\u00fc olun ister bireysel bir tekne sahibi, <a title=\"Tessilmare\" href=\"https:\/\/www.tessilmare.com\/en\/\" target=\"_blank\" rel=\"noopener\"><strong>Tessilmare<\/strong><\/a>\u2019nin tekne r\u0131ht\u0131m tamponlar\u0131 <strong>marinan\u0131z, iskele veya r\u0131ht\u0131m\u0131n\u0131z i\u00e7in nihai koruma<\/strong> sunar. Tessilmare\u2019nin r\u0131ht\u0131m tamponlar\u0131 iz b\u0131rakmaz, solmaz, UV diren\u00e7lidir, dayan\u0131kl\u0131d\u0131r ve uzun \u00f6m\u00fcrl\u00fcd\u00fcr.<\/p>\n<h3><strong>Deniz PVC\u2019sinden yap\u0131lm\u0131\u015f tekne r\u0131ht\u0131m tamponlar\u0131n\u0131 tercih etmenin nedenleri<\/strong><\/h3>\n<p>Tessilmare taraf\u0131ndan \u00fcretilen r\u0131ht\u0131m ve tampon profilleri geleneksel tamponlar gibi kau\u00e7uktan yap\u0131lmam\u0131\u015ft\u0131r: kau\u00e7uk, bir\u00e7ok fayda sa\u011flayan \u00f6zel bir deniz PVC\u2019si ile de\u011fi\u015ftirilmi\u015ftir.<\/p>\n<p>Yayg\u0131n <strong>kau\u00e7uk tekne r\u0131ht\u0131m tamponlar\u0131n\u0131n<\/strong> aksine Tessilmare\u2019nin r\u0131ht\u0131m tamponlar\u0131 <strong>deniz s\u0131n\u0131f\u0131 esnek PVC<\/strong> malzemeden \u00fcretilmi\u015ftir; bu malzeme normal kullan\u0131mda \u00e7atlama veya k\u0131r\u0131lma yapmaz. Ya\u011f, benzin veya tuzlu sudan etkilenmeyen deniz PVC\u2019sinden yap\u0131lm\u0131\u015f tamponlar <strong>m\u00fckemmel diren\u00e7 ve dayan\u0131kl\u0131l\u0131k<\/strong> garanti eder. UV inhibit\u00f6rlerinin uygulanmas\u0131 sayesinde sararmay\u0131 ve g\u00fcne\u015f \u0131\u015f\u0131\u011f\u0131 ile her t\u00fcrl\u00fc hava ko\u015fulundan kaynaklanan bozulmay\u0131 \u00f6nlerler.<\/p>\n<h3><strong>Tessilmare: m\u00fckemmellik, yenilik ve dayan\u0131kl\u0131l\u0131k<\/strong><\/h3>\n<p>Tessilmare tekne r\u0131ht\u0131m tamponlar\u0131 tamamen <strong>\u0130talya\u2019da tasarlanm\u0131\u015f ve \u00fcretilmi\u015ftir<\/strong> ve uluslararas\u0131 alanda m\u00fckemmellik, yenilik ve dayan\u0131kl\u0131l\u0131klar\u0131 ile tan\u0131n\u0131r. Askeri, ticari uygulamalar ve yard\u0131mc\u0131 tekneler i\u00e7in idealdir. Yayg\u0131n <strong>kau\u00e7uk tekne r\u0131ht\u0131m tamponlar\u0131n\u0131n<\/strong> aksine, \u00e7ok d\u00fc\u015f\u00fck s\u00fcrt\u00fcnme katsay\u0131s\u0131na sahip y\u00fcksek <strong>\u015fok emici sistemler<\/strong> sa\u011flar, a\u015f\u0131nma veya g\u00fcr\u00fclt\u00fcy\u00fc \u00f6nler.<\/p>\n<p>R\u0131ht\u0131m \u00e7\u00f6z\u00fcmleri i\u00e7in Tessilmare <strong>iki \u00f6zel tampon profil serisi<\/strong> sunar: Bumper ve Bino.<\/p>\n<ol>\n<li><strong><a title=\"Bino rubber boat dock bumpers\" href=\"https:\/\/rubrails-tessilmare.com\/tr\/boat-rub-rails\/bino\/\">BINO<\/a><\/strong>, \u00e7ok g\u00fc\u00e7l\u00fc ancak hafif olan iki par\u00e7al\u0131 patentli bir tampon profilidir; yatlarda, askeri teknelerde, i\u015f teknelerinde, r\u0131ht\u0131mlarda, iskelelerde ve daha fazlas\u0131nda kullan\u0131labilir, kolayca b\u00fck\u00fclebilir ve \u00e7irkin vidalar\u0131 ve diki\u015fleri kapatabilir.<\/li>\n<li><strong><a title=\"Bumper rubber boat dock bumpers\" href=\"https:\/\/rubrails-tessilmare.com\/tr\/boat-rub-rails\/tampon\/\">BUMPER<\/a>\u00a0<\/strong>yatlarda, askeri teknelerde, yard\u0131mc\u0131 teknelerde, r\u0131ht\u0131mlarda ve iskelelerde kullan\u0131m i\u00e7in tasarlanm\u0131\u015ft\u0131r. Patentli \u00fc\u00e7 katmanl\u0131 PVC kompozisyonu ve geni\u015f i\u00e7 hava bo\u015fluklar\u0131 ile e\u015fsiz darbe emilimi sa\u011flar. \u00d6zel kesim b\u00f6l\u00fcmler ve 100 ila 160 mm aras\u0131nda farkl\u0131 boyutlarda mevcuttur.<\/li>\n<\/ol>\n<p>Resmi web sitemizdeki tekne r\u0131ht\u0131m tamponlar\u0131 se\u00e7kimize hemen g\u00f6z at\u0131n!<\/p>\n<\/div><\/section><\/p><\/div>\n\n<style type=\"text\/css\" data-created_by=\"avia_inline_auto\" id=\"style-css-av-gxwi6w-3ff07977f24b8c2a67749e05f830faca\">\n#top .hr.hr-invisible.av-gxwi6w-3ff07977f24b8c2a67749e05f830faca{\nheight:5px;\n}\n<\/style>\n<div  class='hr av-gxwi6w-3ff07977f24b8c2a67749e05f830faca hr-invisible  avia-builder-el-5  el_after_av_one_full  el_before_av_one_full '><span class='hr-inner '><span class=\"hr-inner-style\"><\/span><\/span><\/div>\n\n<style type=\"text\/css\" data-created_by=\"avia_inline_auto\" id=\"style-css-av-fc1lmg-4d15976a8c92e1aadbbe5048e5447c65\">\n.flex_column.av-fc1lmg-4d15976a8c92e1aadbbe5048e5447c65{\nborder-radius:0px 0px 0px 0px;\npadding:0px 0px 0px 0px;\n}\n<\/style>\n<div  class='flex_column av-fc1lmg-4d15976a8c92e1aadbbe5048e5447c65 av_one_full  avia-builder-el-6  el_after_av_hr  el_before_av_hr  first flex_column_div av-zero-column-padding  '     ><div id='av-masonry-1' class='av-masonry av-dz21yw-bb5f5d6c350dffd2ab536f22aa80754c noHover av-fixed-size av-1px-gap av-hover-overlay-active av-masonry-animation-active av-masonry-col-3 av-caption-on-hover av-caption-style-overlay av-masonry-gallery av-medium-columns-overwrite av-medium-columns-3 av-orientation-square ' data-post_id=\"8538\"><div class=\"av-masonry-container isotope av-js-disabled\"><div class='av-masonry-entry isotope-item av-masonry-item-no-image '><\/div><a href=\"https:\/\/rubrails-tessilmare.com\/tr\/bino-40\/\" aria-label=\"image BINO40_B\" id=\"av-masonry-1-item-8171\" data-av-masonry-item=\"8171\" class=\"av-masonry-entry isotope-item post-8171 attachment type-attachment status-inherit hentry  av-masonry-item-with-image\" title=\"BINO40_B\" alt=\"\" data-av-masonry-custom-link=\"https:\/\/rubrails-tessilmare.com\/tr\/bino-40\/\" itemprop=\"thumbnailUrl\"><div class='av-inner-masonry-sizer'><\/div><figure class='av-inner-masonry main_color'><div class=\"av-masonry-outerimage-container\"><div class='av-masonry-image-container lazyload' style=\"background-image:inherit;\"  title=\"BINO40_B\"  data-bg-image=\"url(https:\/\/rubrails-tessilmare.com\/wp-content\/uploads\/2017\/07\/BINO40_B-705x705.jpg)\"><\/div><\/div><figcaption class='av-inner-masonry-content site-background'><div class='av-inner-masonry-content-pos'><div class='av-inner-masonry-content-pos-content'><div class='avia-arrow'><\/div><div class='av-masonry-entry-content entry-content'  itemprop=\"text\" >BINO 40<\/div><\/div><\/div><\/figcaption><\/figure><\/a><!--end av-masonry entry--><a href=\"https:\/\/rubrails-tessilmare.com\/tr\/bino-65\/\" aria-label=\"image BINO65_B\" id=\"av-masonry-1-item-7955\" data-av-masonry-item=\"7955\" class=\"av-masonry-entry isotope-item post-7955 attachment type-attachment status-inherit hentry  av-masonry-item-with-image\" title=\"BINO65_B\" alt=\"\" data-av-masonry-custom-link=\"https:\/\/rubrails-tessilmare.com\/tr\/bino-65\/\" itemprop=\"thumbnailUrl\"><div class='av-inner-masonry-sizer'><\/div><figure class='av-inner-masonry main_color'><div class=\"av-masonry-outerimage-container\"><div class='av-masonry-image-container lazyload' style=\"background-image:inherit;\"  title=\"BINO65_B\"  data-bg-image=\"url(https:\/\/rubrails-tessilmare.com\/wp-content\/uploads\/2017\/07\/BINO65_B-705x705.jpg)\"><\/div><\/div><figcaption class='av-inner-masonry-content site-background'><div class='av-inner-masonry-content-pos'><div class='av-inner-masonry-content-pos-content'><div class='avia-arrow'><\/div><div class='av-masonry-entry-content entry-content'  itemprop=\"text\" >BINO 65<\/div><\/div><\/div><\/figcaption><\/figure><\/a><!--end av-masonry entry--><a href=\"https:\/\/rubrails-tessilmare.com\/tr\/bino-90\/\" aria-label=\"image BINO90_B\" id=\"av-masonry-1-item-8377\" data-av-masonry-item=\"8377\" class=\"av-masonry-entry isotope-item post-8377 attachment type-attachment status-inherit hentry  av-masonry-item-with-image\" title=\"BINO90_B\" alt=\"\" data-av-masonry-custom-link=\"https:\/\/rubrails-tessilmare.com\/tr\/bino-90\/\" itemprop=\"thumbnailUrl\"><div class='av-inner-masonry-sizer'><\/div><figure class='av-inner-masonry main_color'><div class=\"av-masonry-outerimage-container\"><div class='av-masonry-image-container lazyload' style=\"background-image:inherit;\"  title=\"BINO90_B\"  data-bg-image=\"url(https:\/\/rubrails-tessilmare.com\/wp-content\/uploads\/2017\/07\/BINO90_B-705x705.jpg)\"><\/div><\/div><figcaption class='av-inner-masonry-content site-background'><div class='av-inner-masonry-content-pos'><div class='av-inner-masonry-content-pos-content'><div class='avia-arrow'><\/div><div class='av-masonry-entry-content entry-content'  itemprop=\"text\" >BINO 90 BLACK<\/div><\/div><\/div><\/figcaption><\/figure><\/a><!--end av-masonry entry--><\/div><\/div><\/div>\n<div  class='hr av-cwndqg-431a3393eb4504d1e4ef260387f30549 hr-default  avia-builder-el-8  el_after_av_one_full  el_before_av_one_full '><span class='hr-inner '><span class=\"hr-inner-style\"><\/span><\/span><\/div>\n\n<style type=\"text\/css\" data-created_by=\"avia_inline_auto\" id=\"style-css-av-bawjrs-c345aae20c546a598323ac1ae13a826b\">\n.flex_column.av-bawjrs-c345aae20c546a598323ac1ae13a826b{\nborder-radius:0px 0px 0px 0px;\npadding:20px 20px 20px 20px;\nbackground-color:#efeff0;\n}\n<\/style>\n<div  class='flex_column av-bawjrs-c345aae20c546a598323ac1ae13a826b av_one_full  avia-builder-el-9  el_after_av_hr  el_before_av_hr  first flex_column_div  '     ><\/div>\n<div  class='hr av-7ew1fs-2c9d8be4e0a8547f955f1c77d70ad837 hr-default  avia-builder-el-11  el_after_av_one_full  el_before_av_one_full '><span class='hr-inner '><span class=\"hr-inner-style\"><\/span><\/span><\/div>\n\n<style type=\"text\/css\" data-created_by=\"avia_inline_auto\" id=\"style-css-av-621uoo-ca8fdc76286a69ed5f3a6b4637f1f479\">\n.flex_column.av-621uoo-ca8fdc76286a69ed5f3a6b4637f1f479{\nborder-radius:0px 0px 0px 0px;\n}\n<\/style>\n<div  class='flex_column av-621uoo-ca8fdc76286a69ed5f3a6b4637f1f479 av_one_full  avia-builder-el-12  el_after_av_hr  avia-builder-el-last  first flex_column_div  '     ><p>\n<style type=\"text\/css\" data-created_by=\"avia_inline_auto\" id=\"style-css-av-46pig8-32c4a557feb08ae66243b45fc0e3ac39\">\n#top .av-special-heading.av-46pig8-32c4a557feb08ae66243b45fc0e3ac39{\npadding-bottom:10px;\n}\nbody .av-special-heading.av-46pig8-32c4a557feb08ae66243b45fc0e3ac39 .av-special-heading-tag .heading-char{\nfont-size:25px;\n}\n.av-special-heading.av-46pig8-32c4a557feb08ae66243b45fc0e3ac39 .av-subheading{\nfont-size:15px;\n}\n<\/style>\n<div  class='av-special-heading av-46pig8-32c4a557feb08ae66243b45fc0e3ac39 av-special-heading-h3 blockquote modern-quote  avia-builder-el-13  el_before_av_sidebar  avia-builder-el-first '><h3 class='av-special-heading-tag '  itemprop=\"headline\"  >Di\u011fer \u00f6zel i\u00e7erik<\/h3><div class=\"special-heading-border\"><div class=\"special-heading-inner-border\"><\/div><\/div><\/div><br \/>\n<div  class='avia-builder-widget-area clearfix  avia-builder-el-14  el_after_av_heading  avia-builder-el-last '><section id=\"nav_menu-6\" class=\"widget clearfix widget_nav_menu\"><div class=\"menu-menu-pagine-tag-turkish-container\"><ul id=\"menu-menu-pagine-tag-turkish\" class=\"menu\"><li id=\"menu-item-9776\" class=\"menu-item menu-item-type-post_type menu-item-object-page menu-item-9776\"><a href=\"https:\/\/rubrails-tessilmare.com\/tr\/surtme-rayi-kiti\/\">S\u00fcrtme Ray\u0131 Kiti<\/a><\/li>\n<li id=\"menu-item-9777\" class=\"menu-item menu-item-type-post_type menu-item-object-page menu-item-9777\"><a href=\"https:\/\/rubrails-tessilmare.com\/tr\/rub-rail-montaji\/\">Rub Rail Montaj\u0131<\/a><\/li>\n<li id=\"menu-item-9778\" class=\"menu-item menu-item-type-post_type menu-item-object-page menu-item-9778\"><a href=\"https:\/\/rubrails-tessilmare.com\/tr\/dikey-rihtim-tamponlari\/\">Dikey R\u0131ht\u0131m Tamponlar\u0131<\/a><\/li>\n<li id=\"menu-item-9779\" class=\"menu-item menu-item-type-post_type menu-item-object-page menu-item-9779\"><a href=\"https:\/\/rubrails-tessilmare.com\/tr\/tekne-yat-kic-koruyucu\/\">Tekne Yat K\u0131\u00e7 Koruyucu<\/a><\/li>\n<li id=\"menu-item-9780\" class=\"menu-item menu-item-type-post_type menu-item-object-page menu-item-9780\"><a href=\"https:\/\/rubrails-tessilmare.com\/tr\/tekne-tamponlari-2\/\">Tekne tamponlar\u0131<\/a><\/li>\n<li id=\"menu-item-9781\" class=\"menu-item menu-item-type-post_type menu-item-object-page menu-item-9781\"><a href=\"https:\/\/rubrails-tessilmare.com\/tr\/tekne-pruva-korkuluklari\/\">Tekne Pruva Korkuluklar\u0131<\/a><\/li>\n<li id=\"menu-item-9782\" class=\"menu-item menu-item-type-custom menu-item-object-custom menu-item-9782\"><a href=\"https:\/\/rubrails-tessilmare.com\/dock-rubber-edging\/\">Dock Rubber Edging<\/a><\/li>\n<li id=\"menu-item-9783\" class=\"menu-item menu-item-type-post_type menu-item-object-page menu-item-9783\"><a href=\"https:\/\/rubrails-tessilmare.com\/tr\/lastik-bot-iskelesi-tamponlari\/\">Lastik Bot \u0130skelesi Tamponlar\u0131<\/a><\/li>\n<li id=\"menu-item-9784\" class=\"menu-item menu-item-type-post_type menu-item-object-page menu-item-9784\"><a href=\"https:\/\/rubrails-tessilmare.com\/tr\/surtme-korkulugu\/\">S\u00fcrtme Korkulu\u011fu<\/a><\/li>\n<li id=\"menu-item-9785\" class=\"menu-item menu-item-type-post_type menu-item-object-page menu-item-9785\"><a href=\"https:\/\/rubrails-tessilmare.com\/tr\/kaucuk-iskele-tamponlari\/\">Kau\u00e7uk \u0130skele Tamponlar\u0131<\/a><\/li>\n<li id=\"menu-item-9786\" class=\"menu-item menu-item-type-post_type menu-item-object-page menu-item-9786\"><a href=\"https:\/\/rubrails-tessilmare.com\/tr\/lastik-bot-iskelesi-tamponlari\/\">Lastik Bot \u0130skelesi Tamponlar\u0131<\/a><\/li>\n<li id=\"menu-item-9787\" class=\"menu-item menu-item-type-post_type menu-item-object-page menu-item-9787\"><a href=\"https:\/\/rubrails-tessilmare.com\/tr\/tekne-tamponlari\/\">Tekne Tamponlar\u0131<\/a><\/li>\n<li id=\"menu-item-9788\" class=\"menu-item menu-item-type-post_type menu-item-object-page menu-item-9788\"><a href=\"https:\/\/rubrails-tessilmare.com\/tr\/iskele-kenari-tamponlari\/\">\u0130skele Kenar\u0131 Tamponlar\u0131<\/a><\/li>\n<li id=\"menu-item-9789\" class=\"menu-item menu-item-type-post_type menu-item-object-page menu-item-9789\"><a href=\"https:\/\/rubrails-tessilmare.com\/tr\/iskele-tampon-cozumleri\/\">\u0130skele Tampon \u00c7\u00f6z\u00fcmleri<\/a><\/li>\n<li id=\"menu-item-9790\" class=\"menu-item menu-item-type-post_type menu-item-object-page menu-item-9790\"><a href=\"https:\/\/rubrails-tessilmare.com\/tr\/tekne-tampon-korkulugu\/\">Tekne Tampon Korkulu\u011fu<\/a><\/li>\n<li id=\"menu-item-9791\" class=\"menu-item menu-item-type-post_type menu-item-object-page menu-item-9791\"><a href=\"https:\/\/rubrails-tessilmare.com\/tr\/tekne-iskelesi-kose-tamponlari\/\">Tekne \u0130skelesi K\u00f6\u015fe Tamponlar\u0131<\/a><\/li>\n<li id=\"menu-item-9792\" class=\"menu-item menu-item-type-post_type menu-item-object-page menu-item-9792\"><a href=\"https:\/\/rubrails-tessilmare.com\/tr\/deniz-tamponlari\/\">Deniz Tamponlar\u0131<\/a><\/li>\n<li id=\"menu-item-9793\" class=\"menu-item menu-item-type-post_type menu-item-object-page menu-item-9793\"><a href=\"https:\/\/rubrails-tessilmare.com\/tr\/tekne-yan-korkuluklari\/\">Tekne Yan Korkuluklar\u0131<\/a><\/li>\n<li id=\"menu-item-9797\" class=\"menu-item menu-item-type-post_type menu-item-object-page menu-item-9797\"><a href=\"https:\/\/rubrails-tessilmare.com\/tr\/iskele-kenari\/\">\u0130skele Kenar\u0131<\/a><\/li>\n<li id=\"menu-item-9798\" class=\"menu-item menu-item-type-post_type menu-item-object-page menu-item-9798\"><a href=\"https:\/\/rubrails-tessilmare.com\/tr\/bino-dock-rub-raydi\/\">Bino-Dock Rub Rayd\u0131<\/a><\/li>\n<li id=\"menu-item-9799\" class=\"menu-item menu-item-type-post_type menu-item-object-page menu-item-9799\"><a href=\"https:\/\/rubrails-tessilmare.com\/tr\/kaucuk-bot-tamponlari\/\">Kau\u00e7uk Bot Tamponlar\u0131<\/a><\/li>\n<\/ul><\/div><span class=\"seperator extralight-border\"><\/span><\/section><\/div><\/p><\/div>\n","protected":false},"excerpt":{"rendered":"","protected":false},"author":1,"featured_media":0,"parent":0,"menu_order":0,"comment_status":"closed","ping_status":"closed","template":"","meta":{"rank_math_lock_modified_date":false,"footnotes":""},"class_list":["post-8538","page","type-page","status-publish","hentry"],"_links":{"self":[{"href":"https:\/\/rubrails-tessilmare.com\/tr\/wp-json\/wp\/v2\/pages\/8538"}],"collection":[{"href":"https:\/\/rubrails-tessilmare.com\/tr\/wp-json\/wp\/v2\/pages"}],"about":[{"href":"https:\/\/rubrails-tessilmare.com\/tr\/wp-json\/wp\/v2\/types\/page"}],"author":[{"embeddable":true,"href":"https:\/\/rubrails-tessilmare.com\/tr\/wp-json\/wp\/v2\/users\/1"}],"replies":[{"embeddable":true,"href":"https:\/\/rubrails-tessilmare.com\/tr\/wp-json\/wp\/v2\/comments?post=8538"}],"version-history":[{"count":3,"href":"https:\/\/rubrails-tessilmare.com\/tr\/wp-json\/wp\/v2\/pages\/8538\/revisions"}],"predecessor-version":[{"id":8684,"href":"https:\/\/rubrails-tessilmare.com\/tr\/wp-json\/wp\/v2\/pages\/8538\/revisions\/8684"}],"wp:attachment":[{"href":"https:\/\/rubrails-tessilmare.com\/tr\/wp-json\/wp\/v2\/media?parent=8538"}],"curies":[{"name":"wp","href":"https:\/\/api.w.org\/{rel}","templated":true}]}}