{"id":8554,"date":"2017-12-14T15:10:09","date_gmt":"2017-12-14T14:10:09","guid":{"rendered":"https:\/\/rubrails-tessilmare.com\/kaucuk-iskele-tamponlari\/"},"modified":"2025-05-28T12:56:54","modified_gmt":"2025-05-28T10:56:54","slug":"kaucuk-iskele-tamponlari","status":"publish","type":"page","link":"https:\/\/rubrails-tessilmare.com\/tr\/kaucuk-iskele-tamponlari\/","title":{"rendered":"Kau\u00e7uk \u0130skele Tamponlar\u0131"},"content":{"rendered":"\n<style type=\"text\/css\" data-created_by=\"avia_inline_auto\" id=\"style-css-av-qegnui-b9437a051e86e2cc956bd02a063bdffb\">\n.flex_column.av-qegnui-b9437a051e86e2cc956bd02a063bdffb{\nborder-radius:0px 0px 0px 0px;\npadding:0px 0px 0px 0px;\n}\n<\/style>\n<div  class='flex_column av-qegnui-b9437a051e86e2cc956bd02a063bdffb av_one_full  avia-builder-el-0  el_before_av_textblock  avia-builder-el-first  first flex_column_div av-zero-column-padding  '     ><p>\n<style type=\"text\/css\" data-created_by=\"avia_inline_auto\" id=\"style-css-av-nptd7u-d43eaa71969b2f5f4cf74f5885420789\">\n#top .av-special-heading.av-nptd7u-d43eaa71969b2f5f4cf74f5885420789{\npadding-bottom:0;\n}\nbody .av-special-heading.av-nptd7u-d43eaa71969b2f5f4cf74f5885420789 .av-special-heading-tag .heading-char{\nfont-size:25px;\n}\n.av-special-heading.av-nptd7u-d43eaa71969b2f5f4cf74f5885420789 .av-subheading{\nfont-size:15px;\n}\n<\/style>\n<div  class='av-special-heading av-nptd7u-d43eaa71969b2f5f4cf74f5885420789 av-special-heading-h1 blockquote modern-quote modern-centered  avia-builder-el-1  el_before_av_heading  avia-builder-el-first '><h1 class='av-special-heading-tag '  itemprop=\"headline\"  >KAU\u00c7UK RAMPASI TAMPONLARI<\/h1><div class=\"special-heading-border\"><div class=\"special-heading-inner-border\"><\/div><\/div><\/div><br \/>\n\n<style type=\"text\/css\" data-created_by=\"avia_inline_auto\" id=\"style-css-av-lpf222-2c2370e15ea4f24f791b2408d484798b\">\n#top .av-special-heading.av-lpf222-2c2370e15ea4f24f791b2408d484798b{\npadding-bottom:0;\nfont-size:20px;\n}\nbody .av-special-heading.av-lpf222-2c2370e15ea4f24f791b2408d484798b .av-special-heading-tag .heading-char{\nfont-size:25px;\n}\n#top #wrap_all .av-special-heading.av-lpf222-2c2370e15ea4f24f791b2408d484798b .av-special-heading-tag{\nfont-size:20px;\n}\n.av-special-heading.av-lpf222-2c2370e15ea4f24f791b2408d484798b .av-subheading{\nfont-size:15px;\n}\n\n@media only screen and (min-width: 480px) and (max-width: 767px){ \n#top #wrap_all .av-special-heading.av-lpf222-2c2370e15ea4f24f791b2408d484798b .av-special-heading-tag{\nfont-size:0.8em;\n}\n}\n\n@media only screen and (max-width: 479px){ \n#top #wrap_all .av-special-heading.av-lpf222-2c2370e15ea4f24f791b2408d484798b .av-special-heading-tag{\nfont-size:0.8em;\n}\n}\n<\/style>\n<div  class='av-special-heading av-lpf222-2c2370e15ea4f24f791b2408d484798b av-special-heading-h2 blockquote modern-quote modern-centered  avia-builder-el-2  el_after_av_heading  el_before_av_hr  av-inherit-size'><h2 class='av-special-heading-tag '  itemprop=\"headline\"  >\u0130SKELELER\u0130N\u0130Z\u0130 EN \u0130Y\u0130 \u015eEK\u0130LDE NASIL KORURSUNUZ<\/h2><div class=\"special-heading-border\"><div class=\"special-heading-inner-border\"><\/div><\/div><\/div><br \/>\n\n<style type=\"text\/css\" data-created_by=\"avia_inline_auto\" id=\"style-css-av-kwp3u2-9638cfee2caa257cb49f42ee5c13bc84\">\n#top .hr.av-kwp3u2-9638cfee2caa257cb49f42ee5c13bc84{\nmargin-top:5px;\nmargin-bottom:10px;\n}\n.hr.av-kwp3u2-9638cfee2caa257cb49f42ee5c13bc84 .hr-inner{\nwidth:7%;\nborder-color:#15354e;\n}\n<\/style>\n<div  class='hr av-kwp3u2-9638cfee2caa257cb49f42ee5c13bc84 hr-custom  avia-builder-el-3  el_after_av_heading  el_before_av_textblock  hr-center hr-icon-no'><span class='hr-inner inner-border-av-border-fat'><span class=\"hr-inner-style\"><\/span><\/span><\/div><br \/>\n<section  class='av_textblock_section av-ijuu4q-b72155fb1bba67299fc59ebe40d02c02 '   itemscope=\"itemscope\" itemtype=\"https:\/\/schema.org\/CreativeWork\" ><div class='avia_textblock'  itemprop=\"text\" ><div id=\"attachment_597\" style=\"width: 310px\" class=\"wp-caption alignright\"><a href=\"https:\/\/rubrails-tessilmare.com\/tr\/tampon-100\/\"><img decoding=\"async\" aria-describedby=\"caption-attachment-597\" class=\"wp-image-597 size-medium lazyload\" title=\"Rubber dock bumpers BUMPER 100\" data-src=\"https:\/\/rubrails-tessilmare.com\/wp-content\/uploads\/2017\/07\/BUMPER_100_G-300x300.jpg\" alt=\"Rubber dock bumpers BUMPER 100\" width=\"300\" height=\"300\" data-srcset=\"https:\/\/b1654183.smushcdn.com\/1654183\/wp-content\/uploads\/2017\/07\/BUMPER_100_G-300x300.jpg?lossy=0&amp;strip=1&amp;webp=1 300w, https:\/\/b1654183.smushcdn.com\/1654183\/wp-content\/uploads\/2017\/07\/BUMPER_100_G-80x80.jpg?lossy=0&amp;strip=1&amp;webp=1 80w, https:\/\/b1654183.smushcdn.com\/1654183\/wp-content\/uploads\/2017\/07\/BUMPER_100_G-768x768.jpg?lossy=0&amp;strip=1&amp;webp=1 768w, https:\/\/b1654183.smushcdn.com\/1654183\/wp-content\/uploads\/2017\/07\/BUMPER_100_G-36x36.jpg?lossy=0&amp;strip=1&amp;webp=1 36w, https:\/\/b1654183.smushcdn.com\/1654183\/wp-content\/uploads\/2017\/07\/BUMPER_100_G-180x180.jpg?lossy=0&amp;strip=1&amp;webp=1 180w, https:\/\/b1654183.smushcdn.com\/1654183\/wp-content\/uploads\/2017\/07\/BUMPER_100_G-705x705.jpg?lossy=0&amp;strip=1&amp;webp=1 705w, https:\/\/b1654183.smushcdn.com\/1654183\/wp-content\/uploads\/2017\/07\/BUMPER_100_G-120x120.jpg?lossy=0&amp;strip=1&amp;webp=1 120w, https:\/\/b1654183.smushcdn.com\/1654183\/wp-content\/uploads\/2017\/07\/BUMPER_100_G-450x450.jpg?lossy=0&amp;strip=1&amp;webp=1 450w, https:\/\/b1654183.smushcdn.com\/1654183\/wp-content\/uploads\/2017\/07\/BUMPER_100_G.jpg?lossy=0&amp;strip=1&amp;webp=1 1000w\" data-sizes=\"(max-width: 300px) 100vw, 300px\" src=\"data:image\/gif;base64,R0lGODlhAQABAAAAACH5BAEKAAEALAAAAAABAAEAAAICTAEAOw==\" style=\"--smush-placeholder-width: 300px; --smush-placeholder-aspect-ratio: 300\/300;\" \/><noscript><img decoding=\"async\" aria-describedby=\"caption-attachment-597\" class=\"wp-image-597 size-medium\" title=\"Rubber dock bumpers BUMPER 100\" src=\"https:\/\/rubrails-tessilmare.com\/wp-content\/uploads\/2017\/07\/BUMPER_100_G-300x300.jpg\" alt=\"Rubber dock bumpers BUMPER 100\" width=\"300\" height=\"300\" srcset=\"https:\/\/b1654183.smushcdn.com\/1654183\/wp-content\/uploads\/2017\/07\/BUMPER_100_G-300x300.jpg?lossy=0&amp;strip=1&amp;webp=1 300w, https:\/\/b1654183.smushcdn.com\/1654183\/wp-content\/uploads\/2017\/07\/BUMPER_100_G-80x80.jpg?lossy=0&amp;strip=1&amp;webp=1 80w, https:\/\/b1654183.smushcdn.com\/1654183\/wp-content\/uploads\/2017\/07\/BUMPER_100_G-768x768.jpg?lossy=0&amp;strip=1&amp;webp=1 768w, https:\/\/b1654183.smushcdn.com\/1654183\/wp-content\/uploads\/2017\/07\/BUMPER_100_G-36x36.jpg?lossy=0&amp;strip=1&amp;webp=1 36w, https:\/\/b1654183.smushcdn.com\/1654183\/wp-content\/uploads\/2017\/07\/BUMPER_100_G-180x180.jpg?lossy=0&amp;strip=1&amp;webp=1 180w, https:\/\/b1654183.smushcdn.com\/1654183\/wp-content\/uploads\/2017\/07\/BUMPER_100_G-705x705.jpg?lossy=0&amp;strip=1&amp;webp=1 705w, https:\/\/b1654183.smushcdn.com\/1654183\/wp-content\/uploads\/2017\/07\/BUMPER_100_G-120x120.jpg?lossy=0&amp;strip=1&amp;webp=1 120w, https:\/\/b1654183.smushcdn.com\/1654183\/wp-content\/uploads\/2017\/07\/BUMPER_100_G-450x450.jpg?lossy=0&amp;strip=1&amp;webp=1 450w, https:\/\/b1654183.smushcdn.com\/1654183\/wp-content\/uploads\/2017\/07\/BUMPER_100_G.jpg?lossy=0&amp;strip=1&amp;webp=1 1000w\" sizes=\"(max-width: 300px) 100vw, 300px\" \/><\/noscript><\/a><p id=\"caption-attachment-597\" class=\"wp-caption-text\">Rubber dock bumpers BUMPER 100<\/p>\n<p style=\"text-align:center;\"><a href=\"#av-masonry-1\" style=\"background-color: #15354E;color:white;padding:5px;font-weight:bold\" class=\"CTAModels\">T\u00dcM TEKNE D\u00dcBELER\u0130N\u0130 G\u00d6R\u00dcNT\u00dcLE<\/a><\/p>\n<p><\/p><\/div>\n<p>Do\u011fru <strong>rubber dock bumpers<\/strong> m\u0131 ar\u0131yorsunuz? \u0130skele, r\u0131ht\u0131m veya mendire\u011finizi korurken ayn\u0131 zamanda tekneleri en iyi \u015fekilde koruyacak bir \u00e7\u00f6z\u00fcm m\u00fc ar\u0131yorsunuz? Dock bumpers, herhangi bir denizcilik tesisi i\u00e7in m\u00fckemmeldir ve kazalara ve normal a\u015f\u0131nma ve y\u0131pranmaya kar\u015f\u0131 ekstra koruma sa\u011flar.<\/p>\n<p>\u0130skelelerinizi koruman\u0131z gerekti\u011finde, Tessilmare&#8217;den dock bumpers \u00e7ok yard\u0131mc\u0131 olabilir. Kau\u00e7uktan yap\u0131lan yayg\u0131n dock bumpers&#8217;\u0131n aksine, <a title=\"Tessilmare\" href=\"https:\/\/www.tessilmare.com\/en\/\" target=\"_blank\" rel=\"noopener\"><strong>Tessilmare<\/strong><\/a>, uzun s\u00fcreler boyunca bozulmayan \u00f6zel form\u00fcle edilmi\u015f deniz PVC malzemesi olan <strong>y\u00fcksek kaliteli PVC iskele ve tampon profilleri<\/strong> sunar.<\/p>\n<h3><strong>PVC&#8217;nin kau\u00e7uktan daha iyi olmas\u0131n\u0131n nedenleri<\/strong><\/h3>\n<p>Zamanla bozulmayan veya solmayan deniz kullan\u0131m\u0131 i\u00e7in PVC&#8217;den yap\u0131lm\u0131\u015f bir dock bumper se\u00e7mek, <strong>uzun \u00f6m\u00fcr ve dayan\u0131kl\u0131l\u0131k, diren\u00e7 ve m\u00fckemmel performans<\/strong> garantisidir ve bu, <strong>rubber dock bumpers<\/strong>&#8216;dan olduk\u00e7a y\u00fcksektir. Tekne s\u00fcrt\u00fcnme olmadan ve herhangi bir g\u00fcr\u00fclt\u00fc \u00e7\u0131karmadan kayar.<\/p>\n<p>PVC malzemeden yap\u0131lan dock bumpers&#8217;\u0131n sundu\u011fu bir\u00e7ok fayda vard\u0131r. Bunlar:<\/p>\n<ul>\n<li><strong>UV \u0131\u015f\u0131nlar\u0131na dayan\u0131kl\u0131d\u0131r<\/strong>, bu nedenle a\u015f\u0131r\u0131 s\u0131cakl\u0131klara kar\u015f\u0131 solmadan dayanabilir;<\/li>\n<li>tekne \u00fczerinde <strong>iz veya \u00e7izik b\u0131rakmazlar<\/strong>;<\/li>\n<li><strong>daha y\u00fcksek stabilite<\/strong> ve zamanla <strong>s\u0131f\u0131r a\u015f\u0131nma<\/strong> sunarlar;<\/li>\n<li>y\u00fcksek darbeleri <strong>absorbe edebilirler<\/strong>;<\/li>\n<li><strong>dayan\u0131kl\u0131d\u0131rlar<\/strong> ve y\u00fcksek ziyaret\u00e7i yo\u011funlu\u011funa sahip ticari iskele veya r\u0131ht\u0131m i\u00e7in de uygundurlar;<\/li>\n<li><strong>\u00e7ok d\u00fc\u015f\u00fck s\u00fcrt\u00fcnme katsay\u0131s\u0131na<\/strong> sahiptirler.<\/li>\n<\/ul>\n<h3><strong>Bino ve Bumper dock bumpers<\/strong><\/h3>\n<p>Dock ve tampon profilleri \u00fcretiminde d\u00fcnya lideri olan Tessilmare, iki farkl\u0131 \u00fcr\u00fcnle gelir: <strong>patentli <a title=\"Bino rubber dock bumpers\" href=\"https:\/\/rubrails-tessilmare.com\/tr\/boat-rub-rails\/bino\/\">Bino<\/a><\/strong> ve <strong><a title=\"Bumper rubber dock bumpers\" href=\"https:\/\/rubrails-tessilmare.com\/tr\/boat-rub-rails\/tampon\/\">Bumper<\/a><\/strong>. <strong>Rubber dock bumpers<\/strong>&#8216;\u0131n aksine, mod\u00fcler olan ve kolayca de\u011fi\u015ftirilebilen \u00e7ok sa\u011flam profillerdir.<\/p>\n<\/div><\/section><\/p><\/div>\n<section  class='av_textblock_section av-l5jqdlk1-3a6535d17ef9373d2c52ec70ab9ab3db '   itemscope=\"itemscope\" itemtype=\"https:\/\/schema.org\/CreativeWork\" ><div class='avia_textblock'  itemprop=\"text\" ><p>A\u011f\u0131r hizmet tipi tekne iskele tamponlar\u0131 ar\u0131yorsan\u0131z, \u00fcr\u00fcnlerimize g\u00f6z at\u0131n ve daha fazla bilgi i\u00e7in bizimle ileti\u015fime ge\u00e7in.<\/p>\n<\/div><\/section>\n\n<style type=\"text\/css\" data-created_by=\"avia_inline_auto\" id=\"style-css-av-h1o6d6-5517af92b832806d059e03afdbbe81b7\">\n#top .hr.hr-invisible.av-h1o6d6-5517af92b832806d059e03afdbbe81b7{\nheight:5px;\n}\n<\/style>\n<div  class='hr av-h1o6d6-5517af92b832806d059e03afdbbe81b7 hr-invisible  avia-builder-el-6  el_after_av_textblock  el_before_av_one_full '><span class='hr-inner '><span class=\"hr-inner-style\"><\/span><\/span><\/div>\n\n<style type=\"text\/css\" data-created_by=\"avia_inline_auto\" id=\"style-css-av-f5c1ju-ec3cd856631a1d4c8b480b00448985d2\">\n.flex_column.av-f5c1ju-ec3cd856631a1d4c8b480b00448985d2{\nborder-radius:0px 0px 0px 0px;\npadding:0px 0px 0px 0px;\n}\n<\/style>\n<div  class='flex_column av-f5c1ju-ec3cd856631a1d4c8b480b00448985d2 av_one_full  avia-builder-el-7  el_after_av_hr  el_before_av_hr  first flex_column_div av-zero-column-padding  '     ><div id='av-masonry-1' class='av-masonry av-e85cai-04bf080e44ce316858fcf85f0de73ec7 noHover av-fixed-size av-1px-gap av-hover-overlay-active av-masonry-animation-active av-masonry-col-3 av-caption-on-hover av-caption-style-overlay av-masonry-gallery av-medium-columns-overwrite av-medium-columns-3 av-orientation-square ' data-post_id=\"8554\"><div class=\"av-masonry-container isotope av-js-disabled\"><div class='av-masonry-entry isotope-item av-masonry-item-no-image '><\/div><a href=\"https:\/\/rubrails-tessilmare.com\/tr\/tampon-100\/\" aria-label=\"image BUMPER_100_B\" id=\"av-masonry-1-item-7987\" data-av-masonry-item=\"7987\" class=\"av-masonry-entry isotope-item post-7987 attachment type-attachment status-inherit hentry  av-masonry-item-with-image\" title=\"BUMPER_100_B\" alt=\"\" data-av-masonry-custom-link=\"https:\/\/rubrails-tessilmare.com\/tr\/tampon-100\/\" itemprop=\"thumbnailUrl\"><div class='av-inner-masonry-sizer'><\/div><figure class='av-inner-masonry main_color'><div class=\"av-masonry-outerimage-container\"><div class='av-masonry-image-container lazyload' style=\"background-image:inherit;\"  title=\"BUMPER_100_B\"  data-bg-image=\"url(https:\/\/rubrails-tessilmare.com\/wp-content\/uploads\/2017\/07\/BUMPER_100_B-705x705.jpg)\"><\/div><\/div><figcaption class='av-inner-masonry-content site-background'><div class='av-inner-masonry-content-pos'><div class='av-inner-masonry-content-pos-content'><div class='avia-arrow'><\/div><div class='av-masonry-entry-content entry-content'  itemprop=\"text\" >BUMPER 100<\/div><\/div><\/div><\/figcaption><\/figure><\/a><!--end av-masonry entry--><a href=\"https:\/\/rubrails-tessilmare.com\/tr\/bumper-125\/\" aria-label=\"image Boat Bumper Rail BUMPER 125 B (boat dock parts)\" id=\"av-masonry-1-item-8279\" data-av-masonry-item=\"8279\" class=\"av-masonry-entry isotope-item post-8279 attachment type-attachment status-inherit hentry  av-masonry-item-with-image\" title=\"Boat Bumper Rail BUMPER 125 B (boat dock parts)\" alt=\"\" data-av-masonry-custom-link=\"https:\/\/rubrails-tessilmare.com\/tr\/bumper-125\/\" itemprop=\"thumbnailUrl\"><div class='av-inner-masonry-sizer'><\/div><figure class='av-inner-masonry main_color'><div class=\"av-masonry-outerimage-container\"><div class='av-masonry-image-container lazyload' style=\"background-image:inherit;\"  title=\"Boat Bumper Rail BUMPER 125 B (boat dock parts)\"  data-bg-image=\"url(https:\/\/rubrails-tessilmare.com\/wp-content\/uploads\/2017\/07\/BUMPER_125_B-705x705.jpg)\"><\/div><\/div><figcaption class='av-inner-masonry-content site-background'><div class='av-inner-masonry-content-pos'><div class='av-inner-masonry-content-pos-content'><div class='avia-arrow'><\/div><div class='av-masonry-entry-content entry-content'  itemprop=\"text\" >BUMPER 125<\/div><\/div><\/div><\/figcaption><\/figure><\/a><!--end av-masonry entry--><a href=\"https:\/\/rubrails-tessilmare.com\/tr\/bumper-150\/\" aria-label=\"image BUMPER_150_B\" id=\"av-masonry-1-item-7818\" data-av-masonry-item=\"7818\" class=\"av-masonry-entry isotope-item post-7818 attachment type-attachment status-inherit hentry  av-masonry-item-with-image\" title=\"BUMPER_150_B\" alt=\"\" data-av-masonry-custom-link=\"https:\/\/rubrails-tessilmare.com\/tr\/bumper-150\/\" itemprop=\"thumbnailUrl\"><div class='av-inner-masonry-sizer'><\/div><figure class='av-inner-masonry main_color'><div class=\"av-masonry-outerimage-container\"><div class='av-masonry-image-container lazyload' style=\"background-image:inherit;\"  title=\"BUMPER_150_B\"  data-bg-image=\"url(https:\/\/rubrails-tessilmare.com\/wp-content\/uploads\/2017\/07\/BUMPER_150_B-705x705.jpg)\"><\/div><\/div><figcaption class='av-inner-masonry-content site-background'><div class='av-inner-masonry-content-pos'><div class='av-inner-masonry-content-pos-content'><div class='avia-arrow'><\/div><div class='av-masonry-entry-content entry-content'  itemprop=\"text\" >BUMPER 150<\/div><\/div><\/div><\/figcaption><\/figure><\/a><!--end av-masonry entry--><a href=\"https:\/\/rubrails-tessilmare.com\/tr\/tampon-160\/\" aria-label=\"image BUMPER_160_B\" id=\"av-masonry-1-item-9385\" data-av-masonry-item=\"9385\" class=\"av-masonry-entry isotope-item post-9385 attachment type-attachment status-inherit hentry  av-masonry-item-with-image\" title=\"BUMPER_160_B\" alt=\"BOAT BOW GUARD - BOAT DOCK BUMPER SOLUTIONS \/ BUMPER 160b (BOAT DOCK PARTS)\" data-av-masonry-custom-link=\"https:\/\/rubrails-tessilmare.com\/tr\/tampon-160\/\" itemprop=\"thumbnailUrl\"><div class='av-inner-masonry-sizer'><\/div><figure class='av-inner-masonry main_color'><div class=\"av-masonry-outerimage-container\"><div class='av-masonry-image-container lazyload' style=\"background-image:inherit;\"  title=\"BUMPER_160_B\"  data-bg-image=\"url(https:\/\/rubrails-tessilmare.com\/wp-content\/uploads\/2017\/07\/BUMPER_160_B-705x705.jpg)\"><\/div><\/div><figcaption class='av-inner-masonry-content site-background'><div class='av-inner-masonry-content-pos'><div class='av-inner-masonry-content-pos-content'><div class='avia-arrow'><\/div><div class='av-masonry-entry-content entry-content'  itemprop=\"text\" >BUMPER 160<\/div><\/div><\/div><\/figcaption><\/figure><\/a><!--end av-masonry entry--><\/div><\/div><\/div>\n<div  class='hr av-cj5hd6-366c8b169e6e5cb241377bd30d6621f1 hr-default  avia-builder-el-9  el_after_av_one_full  el_before_av_one_full '><span class='hr-inner '><span class=\"hr-inner-style\"><\/span><\/span><\/div>\n\n<style type=\"text\/css\" data-created_by=\"avia_inline_auto\" id=\"style-css-av-b3j77u-88882106511d6eb887035b9a4d0ab48f\">\n.flex_column.av-b3j77u-88882106511d6eb887035b9a4d0ab48f{\nborder-radius:0px 0px 0px 0px;\npadding:20px 20px 20px 20px;\nbackground-color:#efeff0;\n}\n<\/style>\n<div  class='flex_column av-b3j77u-88882106511d6eb887035b9a4d0ab48f av_one_full  avia-builder-el-10  el_after_av_hr  el_before_av_hr  first flex_column_div  '     ><\/div>\n<div  class='hr av-7xhu0a-32507cfa635c50cf16fe576d42123b8c hr-default  avia-builder-el-12  el_after_av_one_full  el_before_av_one_full '><span class='hr-inner '><span class=\"hr-inner-style\"><\/span><\/span><\/div>\n\n<style type=\"text\/css\" data-created_by=\"avia_inline_auto\" id=\"style-css-av-l6fzu-ab4821dedcb9ae6b108fbcb89a370bfc\">\n.flex_column.av-l6fzu-ab4821dedcb9ae6b108fbcb89a370bfc{\nborder-radius:0px 0px 0px 0px;\n}\n<\/style>\n<div  class='flex_column av-l6fzu-ab4821dedcb9ae6b108fbcb89a370bfc av_one_full  avia-builder-el-13  el_after_av_hr  avia-builder-el-last  first flex_column_div  '     ><p>\n<style type=\"text\/css\" data-created_by=\"avia_inline_auto\" id=\"style-css-av-4q4gei-d4c8e6541c436760d21fd50b4a5b054b\">\n#top .av-special-heading.av-4q4gei-d4c8e6541c436760d21fd50b4a5b054b{\npadding-bottom:10px;\n}\nbody .av-special-heading.av-4q4gei-d4c8e6541c436760d21fd50b4a5b054b .av-special-heading-tag .heading-char{\nfont-size:25px;\n}\n.av-special-heading.av-4q4gei-d4c8e6541c436760d21fd50b4a5b054b .av-subheading{\nfont-size:15px;\n}\n<\/style>\n<div  class='av-special-heading av-4q4gei-d4c8e6541c436760d21fd50b4a5b054b av-special-heading-h3 blockquote modern-quote  avia-builder-el-14  el_before_av_sidebar  avia-builder-el-first '><h3 class='av-special-heading-tag '  itemprop=\"headline\"  >Di\u011fer \u00f6zel i\u00e7erik<\/h3><div class=\"special-heading-border\"><div class=\"special-heading-inner-border\"><\/div><\/div><\/div><br \/>\n<div  class='avia-builder-widget-area clearfix  avia-builder-el-15  el_after_av_heading  avia-builder-el-last '><section id=\"nav_menu-6\" class=\"widget clearfix widget_nav_menu\"><div class=\"menu-menu-pagine-tag-turkish-container\"><ul id=\"menu-menu-pagine-tag-turkish\" class=\"menu\"><li id=\"menu-item-9776\" class=\"menu-item menu-item-type-post_type menu-item-object-page menu-item-9776\"><a href=\"https:\/\/rubrails-tessilmare.com\/tr\/surtme-rayi-kiti\/\">S\u00fcrtme Ray\u0131 Kiti<\/a><\/li>\n<li id=\"menu-item-9777\" class=\"menu-item menu-item-type-post_type menu-item-object-page menu-item-9777\"><a href=\"https:\/\/rubrails-tessilmare.com\/tr\/rub-rail-montaji\/\">Rub Rail Montaj\u0131<\/a><\/li>\n<li id=\"menu-item-9778\" class=\"menu-item menu-item-type-post_type menu-item-object-page menu-item-9778\"><a href=\"https:\/\/rubrails-tessilmare.com\/tr\/dikey-rihtim-tamponlari\/\">Dikey R\u0131ht\u0131m Tamponlar\u0131<\/a><\/li>\n<li id=\"menu-item-9779\" class=\"menu-item menu-item-type-post_type menu-item-object-page menu-item-9779\"><a href=\"https:\/\/rubrails-tessilmare.com\/tr\/tekne-yat-kic-koruyucu\/\">Tekne Yat K\u0131\u00e7 Koruyucu<\/a><\/li>\n<li id=\"menu-item-9780\" class=\"menu-item menu-item-type-post_type menu-item-object-page menu-item-9780\"><a href=\"https:\/\/rubrails-tessilmare.com\/tr\/tekne-tamponlari-2\/\">Tekne tamponlar\u0131<\/a><\/li>\n<li id=\"menu-item-9781\" class=\"menu-item menu-item-type-post_type menu-item-object-page menu-item-9781\"><a href=\"https:\/\/rubrails-tessilmare.com\/tr\/tekne-pruva-korkuluklari\/\">Tekne Pruva Korkuluklar\u0131<\/a><\/li>\n<li id=\"menu-item-9782\" class=\"menu-item menu-item-type-custom menu-item-object-custom menu-item-9782\"><a href=\"https:\/\/rubrails-tessilmare.com\/dock-rubber-edging\/\">Dock Rubber Edging<\/a><\/li>\n<li id=\"menu-item-9783\" class=\"menu-item menu-item-type-post_type menu-item-object-page menu-item-9783\"><a href=\"https:\/\/rubrails-tessilmare.com\/tr\/lastik-bot-iskelesi-tamponlari\/\">Lastik Bot \u0130skelesi Tamponlar\u0131<\/a><\/li>\n<li id=\"menu-item-9784\" class=\"menu-item menu-item-type-post_type menu-item-object-page menu-item-9784\"><a href=\"https:\/\/rubrails-tessilmare.com\/tr\/surtme-korkulugu\/\">S\u00fcrtme Korkulu\u011fu<\/a><\/li>\n<li id=\"menu-item-9785\" class=\"menu-item menu-item-type-post_type menu-item-object-page menu-item-9785\"><a href=\"https:\/\/rubrails-tessilmare.com\/tr\/kaucuk-iskele-tamponlari\/\">Kau\u00e7uk \u0130skele Tamponlar\u0131<\/a><\/li>\n<li id=\"menu-item-9786\" class=\"menu-item menu-item-type-post_type menu-item-object-page menu-item-9786\"><a href=\"https:\/\/rubrails-tessilmare.com\/tr\/lastik-bot-iskelesi-tamponlari\/\">Lastik Bot \u0130skelesi Tamponlar\u0131<\/a><\/li>\n<li id=\"menu-item-9787\" class=\"menu-item menu-item-type-post_type menu-item-object-page menu-item-9787\"><a href=\"https:\/\/rubrails-tessilmare.com\/tr\/tekne-tamponlari\/\">Tekne Tamponlar\u0131<\/a><\/li>\n<li id=\"menu-item-9788\" class=\"menu-item menu-item-type-post_type menu-item-object-page menu-item-9788\"><a href=\"https:\/\/rubrails-tessilmare.com\/tr\/iskele-kenari-tamponlari\/\">\u0130skele Kenar\u0131 Tamponlar\u0131<\/a><\/li>\n<li id=\"menu-item-9789\" class=\"menu-item menu-item-type-post_type menu-item-object-page menu-item-9789\"><a href=\"https:\/\/rubrails-tessilmare.com\/tr\/iskele-tampon-cozumleri\/\">\u0130skele Tampon \u00c7\u00f6z\u00fcmleri<\/a><\/li>\n<li id=\"menu-item-9790\" class=\"menu-item menu-item-type-post_type menu-item-object-page menu-item-9790\"><a href=\"https:\/\/rubrails-tessilmare.com\/tr\/tekne-tampon-korkulugu\/\">Tekne Tampon Korkulu\u011fu<\/a><\/li>\n<li id=\"menu-item-9791\" class=\"menu-item menu-item-type-post_type menu-item-object-page menu-item-9791\"><a href=\"https:\/\/rubrails-tessilmare.com\/tr\/tekne-iskelesi-kose-tamponlari\/\">Tekne \u0130skelesi K\u00f6\u015fe Tamponlar\u0131<\/a><\/li>\n<li id=\"menu-item-9792\" class=\"menu-item menu-item-type-post_type menu-item-object-page menu-item-9792\"><a href=\"https:\/\/rubrails-tessilmare.com\/tr\/deniz-tamponlari\/\">Deniz Tamponlar\u0131<\/a><\/li>\n<li id=\"menu-item-9793\" class=\"menu-item menu-item-type-post_type menu-item-object-page menu-item-9793\"><a href=\"https:\/\/rubrails-tessilmare.com\/tr\/tekne-yan-korkuluklari\/\">Tekne Yan Korkuluklar\u0131<\/a><\/li>\n<li id=\"menu-item-9797\" class=\"menu-item menu-item-type-post_type menu-item-object-page menu-item-9797\"><a href=\"https:\/\/rubrails-tessilmare.com\/tr\/iskele-kenari\/\">\u0130skele Kenar\u0131<\/a><\/li>\n<li id=\"menu-item-9798\" class=\"menu-item menu-item-type-post_type menu-item-object-page menu-item-9798\"><a href=\"https:\/\/rubrails-tessilmare.com\/tr\/bino-dock-rub-raydi\/\">Bino-Dock Rub Rayd\u0131<\/a><\/li>\n<li id=\"menu-item-9799\" class=\"menu-item menu-item-type-post_type menu-item-object-page menu-item-9799\"><a href=\"https:\/\/rubrails-tessilmare.com\/tr\/kaucuk-bot-tamponlari\/\">Kau\u00e7uk Bot Tamponlar\u0131<\/a><\/li>\n<\/ul><\/div><span class=\"seperator extralight-border\"><\/span><\/section><\/div><\/p><\/div>\n","protected":false},"excerpt":{"rendered":"","protected":false},"author":1,"featured_media":0,"parent":0,"menu_order":0,"comment_status":"closed","ping_status":"closed","template":"","meta":{"rank_math_lock_modified_date":false,"footnotes":""},"class_list":["post-8554","page","type-page","status-publish","hentry"],"_links":{"self":[{"href":"https:\/\/rubrails-tessilmare.com\/tr\/wp-json\/wp\/v2\/pages\/8554"}],"collection":[{"href":"https:\/\/rubrails-tessilmare.com\/tr\/wp-json\/wp\/v2\/pages"}],"about":[{"href":"https:\/\/rubrails-tessilmare.com\/tr\/wp-json\/wp\/v2\/types\/page"}],"author":[{"embeddable":true,"href":"https:\/\/rubrails-tessilmare.com\/tr\/wp-json\/wp\/v2\/users\/1"}],"replies":[{"embeddable":true,"href":"https:\/\/rubrails-tessilmare.com\/tr\/wp-json\/wp\/v2\/comments?post=8554"}],"version-history":[{"count":3,"href":"https:\/\/rubrails-tessilmare.com\/tr\/wp-json\/wp\/v2\/pages\/8554\/revisions"}],"predecessor-version":[{"id":8700,"href":"https:\/\/rubrails-tessilmare.com\/tr\/wp-json\/wp\/v2\/pages\/8554\/revisions\/8700"}],"wp:attachment":[{"href":"https:\/\/rubrails-tessilmare.com\/tr\/wp-json\/wp\/v2\/media?parent=8554"}],"curies":[{"name":"wp","href":"https:\/\/api.w.org\/{rel}","templated":true}]}}