{"id":8960,"date":"2017-07-19T16:36:29","date_gmt":"2017-07-19T14:36:29","guid":{"rendered":"https:\/\/rubrails-tessilmare.com\/garanti\/"},"modified":"2025-05-28T12:58:07","modified_gmt":"2025-05-28T10:58:07","slug":"garanti","status":"publish","type":"page","link":"https:\/\/rubrails-tessilmare.com\/tr\/garanti\/","title":{"rendered":"Garanti"},"content":{"rendered":"\n<style type=\"text\/css\" data-created_by=\"avia_inline_auto\" id=\"style-css-av-rvsnn-cc1203427f2caca2fe9ba2b3cf14f45f\">\n.flex_column.av-rvsnn-cc1203427f2caca2fe9ba2b3cf14f45f{\nborder-radius:0px 0px 0px 0px;\npadding:0px 0px 0px 0px;\n}\n<\/style>\n<div  class='flex_column av-rvsnn-cc1203427f2caca2fe9ba2b3cf14f45f av_one_full  avia-builder-el-0  avia-builder-el-no-sibling  first flex_column_div av-zero-column-padding  '     ><p>\n<style type=\"text\/css\" data-created_by=\"avia_inline_auto\" id=\"style-css-av-2c0rv-2dfeab9476905198f2b04473e8ec83b1\">\n#top .av-special-heading.av-2c0rv-2dfeab9476905198f2b04473e8ec83b1{\npadding-bottom:0;\n}\nbody .av-special-heading.av-2c0rv-2dfeab9476905198f2b04473e8ec83b1 .av-special-heading-tag .heading-char{\nfont-size:25px;\n}\n.av-special-heading.av-2c0rv-2dfeab9476905198f2b04473e8ec83b1 .av-subheading{\nfont-size:15px;\n}\n<\/style>\n<div  class='av-special-heading av-2c0rv-2dfeab9476905198f2b04473e8ec83b1 av-special-heading-h1 blockquote modern-quote modern-centered  avia-builder-el-1  el_before_av_hr  avia-builder-el-first '><h1 class='av-special-heading-tag '  itemprop=\"headline\"  ><b>GARANT\u0130<\/b><\/h1><div class=\"special-heading-border\"><div class=\"special-heading-inner-border\"><\/div><\/div><\/div><br \/>\n\n<style type=\"text\/css\" data-created_by=\"avia_inline_auto\" id=\"style-css-av-etzuj-03053ed94ce66e526dbf8ab27630c4d6\">\n#top .hr.av-etzuj-03053ed94ce66e526dbf8ab27630c4d6{\nmargin-top:5px;\nmargin-bottom:10px;\n}\n.hr.av-etzuj-03053ed94ce66e526dbf8ab27630c4d6 .hr-inner{\nwidth:7%;\nborder-color:#15354e;\n}\n<\/style>\n<div  class='hr av-etzuj-03053ed94ce66e526dbf8ab27630c4d6 hr-custom  avia-builder-el-2  el_after_av_heading  el_before_av_textblock  hr-center hr-icon-no'><span class='hr-inner inner-border-av-border-fat'><span class=\"hr-inner-style\"><\/span><\/span><\/div><br \/>\n<section  class='av_textblock_section av-7a2hv-5d24de1ce87867b3165b085d32e3218e '   itemscope=\"itemscope\" itemtype=\"https:\/\/schema.org\/CreativeWork\" ><div class='avia_textblock'  itemprop=\"text\" ><p style=\"text-align: left;\">Tessilmare, m\u00fc\u015fteriye sat\u0131n al\u0131nan \u00fcr\u00fcn\u00fcn <strong>imalat ve malzeme hatalar\u0131na kar\u015f\u0131 \u00d6M\u00dcR BOYU GARANT\u0130<\/strong> kapsam\u0131nda oldu\u011funu garanti eder.<\/p>\n<p style=\"text-align: left;\">\u00d6m\u00fcr boyu garanti, m\u00fclkiyet s\u00fcresi boyunca ge\u00e7erlidir. \u00dcr\u00fcn art\u0131k \u00fcretimde de\u011filse Tessilmare, ar\u0131zal\u0131 \u00fcr\u00fcn\u00fc veya par\u00e7as\u0131n\u0131 tamir edecek ve\/veya e\u015fde\u011fer bir bile\u015fenle de\u011fi\u015ftirecektir.<\/p>\n<p style=\"text-align: left;\">Garanti hizmeti izni almak i\u00e7in m\u00fc\u015fteri, m\u00fc\u015fteri hizmetlerimizle ileti\u015fime ge\u00e7melidir. Tessilmare bir RMA numaras\u0131 verecektir.<\/p>\n<p style=\"text-align: left;\">\u00dcr\u00fcn uygun \u015fekilde paketlenmeli ve g\u00f6nderilmelidir. M\u00fc\u015fteri, ta\u015f\u0131ma s\u0131ras\u0131nda ve Tessilmare&#8217;nin teslim almas\u0131na kadar olu\u015fabilecek herhangi bir kay\u0131p veya hasardan tek sorumludur.<\/p>\n<\/div><\/section><\/p><\/div>\n","protected":false},"excerpt":{"rendered":"","protected":false},"author":1,"featured_media":0,"parent":0,"menu_order":0,"comment_status":"closed","ping_status":"closed","template":"","meta":{"rank_math_lock_modified_date":false,"footnotes":""},"class_list":["post-8960","page","type-page","status-publish","hentry"],"_links":{"self":[{"href":"https:\/\/rubrails-tessilmare.com\/tr\/wp-json\/wp\/v2\/pages\/8960"}],"collection":[{"href":"https:\/\/rubrails-tessilmare.com\/tr\/wp-json\/wp\/v2\/pages"}],"about":[{"href":"https:\/\/rubrails-tessilmare.com\/tr\/wp-json\/wp\/v2\/types\/page"}],"author":[{"embeddable":true,"href":"https:\/\/rubrails-tessilmare.com\/tr\/wp-json\/wp\/v2\/users\/1"}],"replies":[{"embeddable":true,"href":"https:\/\/rubrails-tessilmare.com\/tr\/wp-json\/wp\/v2\/comments?post=8960"}],"version-history":[{"count":1,"href":"https:\/\/rubrails-tessilmare.com\/tr\/wp-json\/wp\/v2\/pages\/8960\/revisions"}],"predecessor-version":[{"id":8963,"href":"https:\/\/rubrails-tessilmare.com\/tr\/wp-json\/wp\/v2\/pages\/8960\/revisions\/8963"}],"wp:attachment":[{"href":"https:\/\/rubrails-tessilmare.com\/tr\/wp-json\/wp\/v2\/media?parent=8960"}],"curies":[{"name":"wp","href":"https:\/\/api.w.org\/{rel}","templated":true}]}}