{"id":8973,"date":"2017-08-03T15:53:52","date_gmt":"2017-08-03T13:53:52","guid":{"rendered":"https:\/\/rubrails-tessilmare.com\/urun-yelpazesi\/camurluk-profilleri-bumper\/"},"modified":"2025-05-28T12:58:13","modified_gmt":"2025-05-28T10:58:13","slug":"camurluk-profilleri-bumper","status":"publish","type":"page","link":"https:\/\/rubrails-tessilmare.com\/tr\/urun-yelpazesi\/camurluk-profilleri-bumper\/","title":{"rendered":"\u00c7AMURLUK PROF\u0130LLER\u0130 &#8211; Bumper"},"content":{"rendered":"\n<style type=\"text\/css\" data-created_by=\"avia_inline_auto\" id=\"style-css-av-acdl6m-7b9d77c4adad0379be4b9fa4dc1334f4\">\n.flex_column.av-acdl6m-7b9d77c4adad0379be4b9fa4dc1334f4{\nborder-radius:0px 0px 0px 0px;\npadding:0px 0px 0px 0px;\n}\n<\/style>\n<div  class='flex_column av-acdl6m-7b9d77c4adad0379be4b9fa4dc1334f4 av_one_full  avia-builder-el-0  el_before_av_masonry_gallery  avia-builder-el-no-sibling  first flex_column_div av-zero-column-padding  '     ><p>\n<style type=\"text\/css\" data-created_by=\"avia_inline_auto\" id=\"style-css-av-8rpc3y-9ff81de3a6fceb40ccdc12d2dbbacb2b\">\n#top .av-special-heading.av-8rpc3y-9ff81de3a6fceb40ccdc12d2dbbacb2b{\npadding-bottom:0;\n}\nbody .av-special-heading.av-8rpc3y-9ff81de3a6fceb40ccdc12d2dbbacb2b .av-special-heading-tag .heading-char{\nfont-size:25px;\n}\n.av-special-heading.av-8rpc3y-9ff81de3a6fceb40ccdc12d2dbbacb2b .av-subheading{\nfont-size:15px;\n}\n<\/style>\n<div  class='av-special-heading av-8rpc3y-9ff81de3a6fceb40ccdc12d2dbbacb2b av-special-heading-h1 blockquote modern-quote modern-centered  avia-builder-el-1  el_before_av_hr  avia-builder-el-first '><h1 class='av-special-heading-tag '  itemprop=\"headline\"  >\u00c7AMURLUK PROF\u0130LLER\u0130 &#8211; TAMPON<\/h1><div class=\"special-heading-border\"><div class=\"special-heading-inner-border\"><\/div><\/div><\/div><br \/>\n\n<style type=\"text\/css\" data-created_by=\"avia_inline_auto\" id=\"style-css-av-7ztlum-8d77d47085490040836c99694594bb81\">\n#top .hr.av-7ztlum-8d77d47085490040836c99694594bb81{\nmargin-top:5px;\nmargin-bottom:10px;\n}\n.hr.av-7ztlum-8d77d47085490040836c99694594bb81 .hr-inner{\nwidth:7%;\nborder-color:#15354e;\n}\n<\/style>\n<div  class='hr av-7ztlum-8d77d47085490040836c99694594bb81 hr-custom  avia-builder-el-2  el_after_av_heading  el_before_av_textblock  hr-center hr-icon-no'><span class='hr-inner inner-border-av-border-fat'><span class=\"hr-inner-style\"><\/span><\/span><\/div><br \/>\n<section  class='av_textblock_section av-6eoun2-bdbe7551c99928924571113c9a7edd7a '   itemscope=\"itemscope\" itemtype=\"https:\/\/schema.org\/CreativeWork\" ><div class='avia_textblock'  itemprop=\"text\" ><p style=\"text-align: center;\">BUMPER\u2019\u0131n \u00f6zelli\u011fi, ayn\u0131 anda hem dayan\u0131kl\u0131 hem de hafif olmas\u0131d\u0131r.<\/p>\n<p style=\"text-align: center;\">BUMPER\u2019\u0131n mod\u00fcler yap\u0131s\u0131, kurulumu kolayla\u015ft\u0131r\u0131r.<\/p>\n<p style=\"text-align: center;\">3 par\u00e7adan olu\u015fur: Tekne g\u00f6vdesine S\/S \u00e7ubuk ile sablanabilen 2 taban ve araya s\u0131k\u0131\u015ft\u0131r\u0131labilen bir \u00fcst par\u00e7a.<br \/>\nPATENTL\u0130 tasar\u0131m, BUMPER\u2019\u0131 \u00e7e\u015fitli uygulamalarda kullan\u0131labilen \u00f6nc\u00fc ve benzersiz bir \u00fcr\u00fcn yapar.<\/p>\n<\/div><\/section><\/p><\/div>\n<style type=\"text\/css\" data-created_by=\"avia_inline_auto\" id=\"style-css-av-4f3ov2-fda98b1646e5e641a6cfee0f38504ec8\">\n#top .av-masonry.av-4f3ov2-fda98b1646e5e641a6cfee0f38504ec8{\nbackground-color:#ffffff;\n}\n<\/style>\n<div id='av-masonry-1' class='av-masonry av-4f3ov2-fda98b1646e5e641a6cfee0f38504ec8 noHover av-fixed-size av-1px-gap av-hover-overlay-active av-masonry-animation-active av-masonry-col-4 av-caption-on-hover av-caption-style-overlay av-masonry-gallery av-medium-columns-overwrite av-medium-columns-2 av-orientation-square ' data-post_id=\"8973\"><div class=\"av-masonry-container isotope av-js-disabled\"><div class='av-masonry-entry isotope-item av-masonry-item-no-image '><\/div><a href=\"https:\/\/rubrails-tessilmare.com\/tr\/tampon-100\/\"  aria-label=\"image BUMPER_100_B\"  id='av-masonry-1-item-7987' data-av-masonry-item='7987' class='av-masonry-entry isotope-item post-7987 attachment type-attachment status-inherit hentry  av-masonry-item-with-image' title=\"BUMPER_100_B\" alt=\"\"  data-av-masonry-custom-link=\"https:\/\/rubrails-tessilmare.com\/tr\/tampon-100\/\"  itemprop=\"thumbnailUrl\" ><div class='av-inner-masonry-sizer'><\/div><figure class='av-inner-masonry main_color'><div class=\"av-masonry-outerimage-container\"><div class='av-masonry-image-container lazyload' style=\"background-image:inherit;\"  title=\"BUMPER_100_B\"  data-bg-image=\"url(https:\/\/rubrails-tessilmare.com\/wp-content\/uploads\/2017\/07\/BUMPER_100_B-705x705.jpg)\"><\/div><\/div><figcaption class='av-inner-masonry-content site-background'><div class='av-inner-masonry-content-pos'><div class='av-inner-masonry-content-pos-content'><div class='avia-arrow'><\/div><div class='av-masonry-entry-content entry-content'  itemprop=\"text\" >BUMPER 100<\/div><\/div><\/div><\/figcaption><\/figure><\/a><!--end av-masonry entry--><a href=\"https:\/\/rubrails-tessilmare.com\/tr\/bumper-125\/\"  aria-label=\"image Boat Bumper Rail BUMPER 125 B (boat dock parts)\"  id='av-masonry-1-item-8279' data-av-masonry-item='8279' class='av-masonry-entry isotope-item post-8279 attachment type-attachment status-inherit hentry  av-masonry-item-with-image' title=\"Boat Bumper Rail BUMPER 125 B (boat dock parts)\" alt=\"\"  data-av-masonry-custom-link=\"https:\/\/rubrails-tessilmare.com\/tr\/bumper-125\/\"  itemprop=\"thumbnailUrl\" ><div class='av-inner-masonry-sizer'><\/div><figure class='av-inner-masonry main_color'><div class=\"av-masonry-outerimage-container\"><div class='av-masonry-image-container lazyload' style=\"background-image:inherit;\"  title=\"Boat Bumper Rail BUMPER 125 B (boat dock parts)\"  data-bg-image=\"url(https:\/\/rubrails-tessilmare.com\/wp-content\/uploads\/2017\/07\/BUMPER_125_B-705x705.jpg)\"><\/div><\/div><figcaption class='av-inner-masonry-content site-background'><div class='av-inner-masonry-content-pos'><div class='av-inner-masonry-content-pos-content'><div class='avia-arrow'><\/div><div class='av-masonry-entry-content entry-content'  itemprop=\"text\" >BUMPER 125<\/div><\/div><\/div><\/figcaption><\/figure><\/a><!--end av-masonry entry--><a href=\"https:\/\/rubrails-tessilmare.com\/tr\/bumper-150\/\"  aria-label=\"image BUMPER_150_B\"  id='av-masonry-1-item-7818' data-av-masonry-item='7818' class='av-masonry-entry isotope-item post-7818 attachment type-attachment status-inherit hentry  av-masonry-item-with-image' title=\"BUMPER_150_B\" alt=\"\"  data-av-masonry-custom-link=\"https:\/\/rubrails-tessilmare.com\/tr\/bumper-150\/\"  itemprop=\"thumbnailUrl\" ><div class='av-inner-masonry-sizer'><\/div><figure class='av-inner-masonry main_color'><div class=\"av-masonry-outerimage-container\"><div class='av-masonry-image-container lazyload' style=\"background-image:inherit;\"  title=\"BUMPER_150_B\"  data-bg-image=\"url(https:\/\/rubrails-tessilmare.com\/wp-content\/uploads\/2017\/07\/BUMPER_150_B-705x705.jpg)\"><\/div><\/div><figcaption class='av-inner-masonry-content site-background'><div class='av-inner-masonry-content-pos'><div class='av-inner-masonry-content-pos-content'><div class='avia-arrow'><\/div><div class='av-masonry-entry-content entry-content'  itemprop=\"text\" >BUMPER 150<\/div><\/div><\/div><\/figcaption><\/figure><\/a><!--end av-masonry entry--><a href=\"https:\/\/rubrails-tessilmare.com\/tr\/tampon-160\/\"  aria-label=\"image BUMPER_160_B\"  id='av-masonry-1-item-9385' data-av-masonry-item='9385' class='av-masonry-entry isotope-item post-9385 attachment type-attachment status-inherit hentry  av-masonry-item-with-image' title=\"BUMPER_160_B\" alt=\"BOAT BOW GUARD - BOAT DOCK BUMPER SOLUTIONS \/ BUMPER 160b (BOAT DOCK PARTS)\"  data-av-masonry-custom-link=\"https:\/\/rubrails-tessilmare.com\/tr\/tampon-160\/\"  itemprop=\"thumbnailUrl\" ><div class='av-inner-masonry-sizer'><\/div><figure class='av-inner-masonry main_color'><div class=\"av-masonry-outerimage-container\"><div class='av-masonry-image-container lazyload' style=\"background-image:inherit;\"  title=\"BUMPER_160_B\"  data-bg-image=\"url(https:\/\/rubrails-tessilmare.com\/wp-content\/uploads\/2017\/07\/BUMPER_160_B-705x705.jpg)\"><\/div><\/div><figcaption class='av-inner-masonry-content site-background'><div class='av-inner-masonry-content-pos'><div class='av-inner-masonry-content-pos-content'><div class='avia-arrow'><\/div><div class='av-masonry-entry-content entry-content'  itemprop=\"text\" >BUMPER 160<\/div><\/div><\/div><\/figcaption><\/figure><\/a><!--end av-masonry entry--><\/div><\/div><\/p>\n\n<style type=\"text\/css\" data-created_by=\"avia_inline_auto\" id=\"style-css-av-314s26-48aa0c5631a462d10c102c507fca1f4a\">\n#top .hr.hr-invisible.av-314s26-48aa0c5631a462d10c102c507fca1f4a{\nheight:5px;\n}\n<\/style>\n<div  class='hr av-314s26-48aa0c5631a462d10c102c507fca1f4a hr-invisible  avia-builder-el-5  el_after_av_masonry_gallery  avia-builder-el-no-sibling '><span class='hr-inner '><span class=\"hr-inner-style\"><\/span><\/span><\/div>\n","protected":false},"excerpt":{"rendered":"","protected":false},"author":1,"featured_media":0,"parent":8529,"menu_order":0,"comment_status":"closed","ping_status":"closed","template":"","meta":{"rank_math_lock_modified_date":false,"footnotes":""},"class_list":["post-8973","page","type-page","status-publish","hentry"],"_links":{"self":[{"href":"https:\/\/rubrails-tessilmare.com\/tr\/wp-json\/wp\/v2\/pages\/8973"}],"collection":[{"href":"https:\/\/rubrails-tessilmare.com\/tr\/wp-json\/wp\/v2\/pages"}],"about":[{"href":"https:\/\/rubrails-tessilmare.com\/tr\/wp-json\/wp\/v2\/types\/page"}],"author":[{"embeddable":true,"href":"https:\/\/rubrails-tessilmare.com\/tr\/wp-json\/wp\/v2\/users\/1"}],"replies":[{"embeddable":true,"href":"https:\/\/rubrails-tessilmare.com\/tr\/wp-json\/wp\/v2\/comments?post=8973"}],"version-history":[{"count":1,"href":"https:\/\/rubrails-tessilmare.com\/tr\/wp-json\/wp\/v2\/pages\/8973\/revisions"}],"predecessor-version":[{"id":8976,"href":"https:\/\/rubrails-tessilmare.com\/tr\/wp-json\/wp\/v2\/pages\/8973\/revisions\/8976"}],"up":[{"embeddable":true,"href":"https:\/\/rubrails-tessilmare.com\/tr\/wp-json\/wp\/v2\/pages\/8529"}],"wp:attachment":[{"href":"https:\/\/rubrails-tessilmare.com\/tr\/wp-json\/wp\/v2\/media?parent=8973"}],"curies":[{"name":"wp","href":"https:\/\/api.w.org\/{rel}","templated":true}]}}